{"id":7180,"date":"2023-02-23T16:06:31","date_gmt":"2023-02-23T22:06:31","guid":{"rendered":"https:\/\/tecsecmty.com\/index.php\/producto\/bosch-v_kbduxf-teclado-usb-universal-de-cctv\/"},"modified":"2023-03-22T23:21:47","modified_gmt":"2023-03-23T05:21:47","slug":"bosch-v_kbduxf-teclado-usb-universal-de-cctv","status":"publish","type":"product","link":"https:\/\/tecsecmty.com\/index.php\/producto\/bosch-v_kbduxf-teclado-usb-universal-de-cctv\/","title":{"rendered":"BOSCH V_KBDUXF &#8211; Teclado USB universal de CCTV"},"content":{"rendered":"<h5 class=\"card-title text-center\">Teclado KBD-Universal XF<\/h5>\n<p class=\"ql-align-justify\"><strong>Con el nuevo teclado KBD-Universal XF Bosch presenta una forma adicional de manejar un sistema Bosch Video Management System (Bosch VMS)<\/strong>,\u00a0<strong>Building Integration System (BIS) con Video Engine, DIVAR IP 3000 y DIVAR IP 7000.<\/strong>\u00a0Los usuarios que ya conocen el control de DVR habitual pueden usar ahora este teclado para ejecutar las funciones de DVR t\u00edpicas en un moderno sistema de administraci\u00f3n de \u00abv\u00eddeo sobre IP\u00bb.<\/p>\n<p class=\"ql-align-justify\"><strong>El teclado dispone de un bot\u00f3n giratorio,un joystick, 38 teclas retroiluminadas, un zumbador de alarma y permite administrar los dispositivos de v\u00eddeo sobre IP que se usan en un sistema Bosch VMS o DIVAR IP.<\/strong>\u00a0Gracias a su dise\u00f1o similar a un joystick HID de 4 ejes, se consigue un perfecto funcionamiento de los sistemas PTZ. El dispositivo tambi\u00e9n se puede usar con los dispositivos perif\u00e9ricos inform\u00e1ticos habituales, como teclados, ratones, joysticks u otros accesorios.<\/p>\n<p class=\"ql-align-justify\"><strong>El teclado KBD-Universal XF recibe alimentaci\u00f3n mediante USB, por lo que solo necesita un cable.<\/strong>\u00a0Se puede girar completamente, de modo que tanto los usuarios diestros como zurdos puedan usar todas las funciones con facilidad.<\/p>\n<p class=\"ql-align-justify\"><strong>Este teclado sencillo, intuitivo y que se puede implementar en cualquier sistema permite administrar las aplicaciones CCTV desde el PC de manera c\u00f3moda e intuitiva.<\/strong>\u00a0Adem\u00e1s, est\u00e1 optimizado para su uso con el sistema Bosch Video Management System. Para las situaciones en las que se use con BIS &#8211; &#8211; Video Engine, se incluye un dise\u00f1o de teclado imprimible especial junto con BIS.<\/p>\n<p class=\"ql-align-justify\"><strong>Certificados y homologaciones<\/strong><\/p>\n<p class=\"ql-align-justify\"><strong>Certificaciones y N\u00famero:<\/strong><\/p>\n<ul>\n<li class=\"ql-align-justify\">EN55022 clase B.<\/li>\n<li class=\"ql-align-justify\">EN50130-4.<\/li>\n<li class=\"ql-align-justify\">EN61000-6-3.<\/li>\n<li class=\"ql-align-justify\">EN60950-1 FCC apartado 15, clase B.<\/li>\n<\/ul>\n<p class=\"ql-align-justify\"><strong>Piezas incluidas<\/strong><\/p>\n<ul>\n<li class=\"ql-align-justify\">1 KBD-Universal XF.<\/li>\n<li class=\"ql-align-justify\">1 Controlador de instalaci\u00f3n.<\/li>\n<li class=\"ql-align-justify\">1 Gu\u00eda de instalaci\u00f3n r\u00e1pida.<\/li>\n<li class=\"ql-align-justify\">1 Manual de instalaci\u00f3n.<\/li>\n<\/ul>\n<p class=\"ql-align-justify\"><strong>Especificaciones<\/strong><\/p>\n<ul>\n<li class=\"ql-align-justify\">General 38 teclas de goma retroiluminadas.<\/li>\n<li class=\"ql-align-justify\">Zumbador de alarma.<\/li>\n<\/ul>\n<p class=\"ql-align-justify\"><strong>Mec\u00e1nicas<\/strong><\/p>\n<ul>\n<li class=\"ql-align-justify\">Dimensiones (Al. x An. x Pr.): 89 x 379 x 224 mm (3,5 x 15 x 8,8 pulg.).<\/li>\n<li class=\"ql-align-justify\">Peso 1,4 kg (3 libras).<\/li>\n<li class=\"ql-align-justify\">Longitud del cable suministrado Aprox. 1 m (39 pulg.).<\/li>\n<\/ul>\n<p class=\"ql-align-justify\"><strong>El\u00e9ctricas<\/strong><\/p>\n<ul>\n<li class=\"ql-align-justify\">Alimentaci\u00f3n A trav\u00e9s del puerto USB Consumo 350 mA m\u00e1x.<\/li>\n<li class=\"ql-align-justify\">Comunicaciones USB 2.0.<\/li>\n<li class=\"ql-align-justify\">Protocolos Protocolo de puerto COM virtual dedicado.<\/li>\n<li class=\"ql-align-justify\">Simulaci\u00f3n a un joystick HID de 4 ejes.<\/li>\n<\/ul>\n<p class=\"ql-align-justify\"><strong>Sistema operativo<\/strong><\/p>\n<p class=\"ql-align-justify\">Windows 2000, Windows XP, Windows Server, Windows Vista, Windows 7, Windows 8<\/p>\n<p class=\"ql-align-justify\"><strong>Nota: Controladores disponibles en www.boschsecurity.com.<\/strong><\/p>\n<p class=\"ql-align-justify\">Selecci\u00f3n su regi\u00f3n y pa\u00eds. Seleccione el cat\u00e1logo de productos. Inicie una b\u00fasqueda de su producto. Seleccione el producto en los resultados de la b\u00fasqueda para mostrar el producto existente. Haga clic en la pesta\u00f1a Descargas.<\/p>\n<p><img decoding=\"async\" class=\"overview-center-img-\" src=\"https:\/\/tvc.mx\/media\/15383\/Logoopaginas-oficial.png\" alt=\"\" \/><\/p>\n","protected":false},"excerpt":{"rendered":"<p>Teclado KBD-Universal XF Con el nuevo teclado KBD-Universal XF Bosch presenta una forma adicional de manejar un sistema Bosch Video Management System (Bosch VMS),\u00a0Building Integration System (BIS) con Video Engine, DIVAR IP 3000 y DIVAR IP 7000.\u00a0Los usuarios que ya conocen el control de DVR&hellip;<\/p>\n","protected":false},"featured_media":7179,"comment_status":"open","ping_status":"closed","template":"","meta":{"om_disable_all_campaigns":false,"_monsterinsights_skip_tracking":false,"_monsterinsights_sitenote_active":false,"_monsterinsights_sitenote_note":"","_monsterinsights_sitenote_category":0},"product_brand":[],"product_cat":[640],"product_tag":[613,611,612,616,615,610,614,617],"class_list":{"0":"post-7180","1":"product","2":"type-product","3":"status-publish","4":"has-post-thumbnail","6":"product_cat-teclados-y-joystick-accesorios-bosch-video-vigilancia","7":"product_tag-bosch","8":"product_tag-manhattan","9":"product_tag-saxxon","10":"product_tag-surveon","11":"product_tag-utepo","12":"product_tag-videovigilancia","13":"product_tag-vivotek","14":"product_tag-zteco","16":"first","17":"instock","18":"sale","19":"taxable","20":"shipping-taxable","21":"purchasable","22":"product-type-simple"},"aioseo_notices":[],"_links":{"self":[{"href":"https:\/\/tecsecmty.com\/index.php\/wp-json\/wp\/v2\/product\/7180","targetHints":{"allow":["GET"]}}],"collection":[{"href":"https:\/\/tecsecmty.com\/index.php\/wp-json\/wp\/v2\/product"}],"about":[{"href":"https:\/\/tecsecmty.com\/index.php\/wp-json\/wp\/v2\/types\/product"}],"replies":[{"embeddable":true,"href":"https:\/\/tecsecmty.com\/index.php\/wp-json\/wp\/v2\/comments?post=7180"}],"version-history":[{"count":0,"href":"https:\/\/tecsecmty.com\/index.php\/wp-json\/wp\/v2\/product\/7180\/revisions"}],"wp:featuredmedia":[{"embeddable":true,"href":"https:\/\/tecsecmty.com\/index.php\/wp-json\/wp\/v2\/media\/7179"}],"wp:attachment":[{"href":"https:\/\/tecsecmty.com\/index.php\/wp-json\/wp\/v2\/media?parent=7180"}],"wp:term":[{"taxonomy":"product_brand","embeddable":true,"href":"https:\/\/tecsecmty.com\/index.php\/wp-json\/wp\/v2\/product_brand?post=7180"},{"taxonomy":"product_cat","embeddable":true,"href":"https:\/\/tecsecmty.com\/index.php\/wp-json\/wp\/v2\/product_cat?post=7180"},{"taxonomy":"product_tag","embeddable":true,"href":"https:\/\/tecsecmty.com\/index.php\/wp-json\/wp\/v2\/product_tag?post=7180"}],"curies":[{"name":"wp","href":"https:\/\/api.w.org\/{rel}","templated":true}]}}