{"id":7182,"date":"2023-02-23T16:06:34","date_gmt":"2023-02-23T22:06:34","guid":{"rendered":"https:\/\/tecsecmty.com\/index.php\/producto\/vivotek-aj-002-joystick-para-camaras-ip-ptz-vivotek-inte-rface-usb-28-botones-flexibles-compatible-con-software-vast-adaptador-de-alimentacion-120vca-a\/"},"modified":"2023-03-22T23:24:41","modified_gmt":"2023-03-23T05:24:41","slug":"vivotek-aj-002-joystick-para-camaras-ip-ptz-vivotek-inte-rface-usb-28-botones-flexibles-compatible-con-software-vast-adaptador-de-alimentacion-120vca-a","status":"publish","type":"product","link":"https:\/\/tecsecmty.com\/index.php\/producto\/vivotek-aj-002-joystick-para-camaras-ip-ptz-vivotek-inte-rface-usb-28-botones-flexibles-compatible-con-software-vast-adaptador-de-alimentacion-120vca-a\/","title":{"rendered":"VIVOTEK AJ-002 &#8211; JOYSTICK Para camaras IP PTZ VIVOTEK \/ INTE RFACE USB \/ 28 Botones flexibles \/ Compatible con software VAST \/ Adaptador de alimentacion 120VCA a"},"content":{"rendered":"<div class=\"row aling-items-center padding-bottom-2x\">\n<div class=\"col-lg-12\">\n<h5 class=\"card-title text-center\">Informaci\u00f3n General<\/h5>\n<p>El Joystick AJ-002, de VIVOTEK, permite realizar el control PTZ de c\u00e1maras de la marca VIVOTEK ya sea directamente desde la interfaz web de la c\u00e1mara o a trav\u00e9s de PC NVR, para un mejor posicionamiento, el equipo cuenta Tecla de 3 ejes +1 X \/ Y \/ Z para control de posicionamiento, Recorrido del joystick: ejes X \/ Y +\/- 20, eje Z +\/- 30 Sensores \u00f3pticos de alta precisi\u00f3n.<\/p>\n<p><img decoding=\"async\" class=\"overview-center-img-web\" src=\"https:\/\/tvc.mx\/media\/65076\/aj002.png\" alt=\"\" \/><\/div>\n<\/div>\n<div class=\"row aling-items-center padding-bottom-2x\">\n<div class=\"col-lg-12\">\n<h5 class=\"card-title text-center\">Caracter\u00edsticas Principales<\/h5>\n<ul>\n<li>Modelo: AJ-002<\/li>\n<li>Palanca de mando: Tecla +1 de 3 ejes<\/li>\n<li>X \/ Y \/ Z para control de posicionamiento.<\/li>\n<li>Recorrido del joystick: ejes X \/ Y +\/- 20., Eje Z +\/- 30<\/li>\n<li>Sensores \u00f3pticos de alta precisi\u00f3n<\/li>\n<li>Botones: 28 botones ALPS importados, retroiluminaci\u00f3n de dos colores, brillo ajustable<\/li>\n<li>Monitor: LCD, 2 l\u00edneas, 20 caracteres, luz de fondo azul<\/li>\n<li>Carcasa Aleaci\u00f3n de aluminio, pl\u00e1stico ABS lateral<\/li>\n<li>Joystick: aluminio + ABS<\/li>\n<li>Adaptador de corriente: AC100-240V-12VDC \/ 1000mA<\/li>\n<li>Consumo de energ\u00eda: 2.7W<\/li>\n<li>Interfaz: Puerto USB<\/li>\n<li>Conectores: USB2.0 (USB tipo A macho)<\/li>\n<li>SO soportado: Windows 7\/8\/10 con plug n play<\/li>\n<li>Plataforma soportada: VIVOTEK CMS \/ VMS: VAST<\/li>\n<li>Temperatura de funcionamiento: -10 \u00b0 C ~ 70 \u00b0 C (14 \u00b0 F ~ 158 \u00b0 F)<\/li>\n<li>Peso: 1,47 kg<\/li>\n<li>Dimensiones: 355 (L) \u00d7 150 (W) \u00d7 155 (H) mm<\/li>\n<\/ul>\n<p><img decoding=\"async\" class=\"overview-center-img-web\" src=\"https:\/\/tvc.mx\/media\/84788\/palaca-vivotek-AJ002---copia.png\" alt=\"\" \/><\/div>\n<\/div>\n<div class=\"row aling-items-center padding-bottom-2x\">\n<div class=\"col-lg-12\">\n<h5 class=\"card-title text-center\">Vigilancia a la palma de la mano<\/h5>\n<p>Con el Joystick AJ-00, ahora las c\u00e1mara Speed Dome o PTZ ser\u00e1 mas f\u00e1cil de manejar, y configurar, ya que trae botones de acceso directo a la configuraci\u00f3n de la c\u00e1mara, por ejemplo como preset.<\/p>\n<p>As\u00ed sin tener que entrar a las configuraciones, lo podr\u00e1s realizar de una manera m\u00e1s r\u00e1pida y eficaz.<\/p>\n<p><img decoding=\"async\" class=\"overview-center-img-web\" src=\"https:\/\/tvc.mx\/media\/65088\/aj002aplicativo.png\" alt=\"\" \/><\/div>\n<\/div>\n","protected":false},"excerpt":{"rendered":"<p>Informaci\u00f3n General El Joystick AJ-002, de VIVOTEK, permite realizar el control PTZ de c\u00e1maras de la marca VIVOTEK ya sea directamente desde la interfaz web de la c\u00e1mara o a trav\u00e9s de PC NVR, para un mejor posicionamiento, el equipo cuenta Tecla de 3 ejes&hellip;<\/p>\n","protected":false},"featured_media":7181,"comment_status":"open","ping_status":"closed","template":"","meta":{"om_disable_all_campaigns":false,"_monsterinsights_skip_tracking":false,"_monsterinsights_sitenote_active":false,"_monsterinsights_sitenote_note":"","_monsterinsights_sitenote_category":0},"product_brand":[],"product_cat":[641],"product_tag":[613,611,612,616,615,610,614,617],"class_list":{"0":"post-7182","1":"product","2":"type-product","3":"status-publish","4":"has-post-thumbnail","6":"product_cat-teclados-y-joystick-accesorios-vivotek-video-vigilancia","7":"product_tag-bosch","8":"product_tag-manhattan","9":"product_tag-saxxon","10":"product_tag-surveon","11":"product_tag-utepo","12":"product_tag-videovigilancia","13":"product_tag-vivotek","14":"product_tag-zteco","16":"first","17":"instock","18":"sale","19":"taxable","20":"shipping-taxable","21":"purchasable","22":"product-type-simple"},"aioseo_notices":[],"_links":{"self":[{"href":"https:\/\/tecsecmty.com\/index.php\/wp-json\/wp\/v2\/product\/7182","targetHints":{"allow":["GET"]}}],"collection":[{"href":"https:\/\/tecsecmty.com\/index.php\/wp-json\/wp\/v2\/product"}],"about":[{"href":"https:\/\/tecsecmty.com\/index.php\/wp-json\/wp\/v2\/types\/product"}],"replies":[{"embeddable":true,"href":"https:\/\/tecsecmty.com\/index.php\/wp-json\/wp\/v2\/comments?post=7182"}],"version-history":[{"count":0,"href":"https:\/\/tecsecmty.com\/index.php\/wp-json\/wp\/v2\/product\/7182\/revisions"}],"wp:featuredmedia":[{"embeddable":true,"href":"https:\/\/tecsecmty.com\/index.php\/wp-json\/wp\/v2\/media\/7181"}],"wp:attachment":[{"href":"https:\/\/tecsecmty.com\/index.php\/wp-json\/wp\/v2\/media?parent=7182"}],"wp:term":[{"taxonomy":"product_brand","embeddable":true,"href":"https:\/\/tecsecmty.com\/index.php\/wp-json\/wp\/v2\/product_brand?post=7182"},{"taxonomy":"product_cat","embeddable":true,"href":"https:\/\/tecsecmty.com\/index.php\/wp-json\/wp\/v2\/product_cat?post=7182"},{"taxonomy":"product_tag","embeddable":true,"href":"https:\/\/tecsecmty.com\/index.php\/wp-json\/wp\/v2\/product_tag?post=7182"}],"curies":[{"name":"wp","href":"https:\/\/api.w.org\/{rel}","templated":true}]}}