{"id":7188,"date":"2023-02-23T16:06:40","date_gmt":"2023-02-23T22:06:40","guid":{"rendered":"https:\/\/tecsecmty.com\/index.php\/producto\/saxxon-utp101pvhd5rm-transmisor-de-video-y-receptor-de-energia-hdcvi-tvi-ahd-cvbs-corriente-0-8-a-distancia-maxima-500-m-trabaja-con-tvt444007\/"},"modified":"2023-03-15T12:38:13","modified_gmt":"2023-03-15T18:38:13","slug":"saxxon-utp101pvhd5rm-transmisor-de-video-y-receptor-de-energia-hdcvi-tvi-ahd-cvbs-corriente-0-8-a-distancia-maxima-500-m-trabaja-con-tvt444007","status":"publish","type":"product","link":"https:\/\/tecsecmty.com\/index.php\/producto\/saxxon-utp101pvhd5rm-transmisor-de-video-y-receptor-de-energia-hdcvi-tvi-ahd-cvbs-corriente-0-8-a-distancia-maxima-500-m-trabaja-con-tvt444007\/","title":{"rendered":"SAXXON UTP101PVHD5RM &#8211; Transmisor de video y receptor de energia \/ HDCVI \/ TVI \/ AHD \/ CVBS \/ Corriente 0.8 a \/ Distancia maxima 500 m\/ trabaja con TVT444007"},"content":{"rendered":"<h2 class=\"ql-align-justify\">El modelo\u00a0<strong>UTP101PV-HD5<\/strong>\u00a0transfiere se\u00f1al de video anal\u00f3gico en tiempo real, suministra corriente CC estable de 12V \/ 0.8A para las c\u00e1maras remotas a trav\u00e9s del cable Cat5 \/ 5e \/ 6, y transmite se\u00f1al de video de hasta 500m.\u00a0Es compatible con se\u00f1ales de v\u00eddeo anal\u00f3gicas de CVBS, HDCVI, HDTVI y AHD.\u00a0El transceptor consiste en la\u00a0<strong><em>Unidad SV<\/em><\/strong><em>\u00a0<\/em>que conecta con DVRs y la\u00a0<strong><em>Unidad RM<\/em><\/strong>\u00a0con las c\u00e1maras.\u00a0Cuenta con protecci\u00f3n de cortocircuito y sobrecorriente y sobretemperatura, LED de sobrecorriente y protecci\u00f3n de energ\u00eda independiente.\u00a0El transceptor de peque\u00f1o volumen y dise\u00f1o acoplable cabe f\u00e1cilmente en muchos lugares.\u00a0(por ejemplo, villa, supermercado, oficina, hotel).<\/h2>\n<h2 class=\"ql-align-justify\"><\/h2>\n<h2 class=\"ql-align-justify\"><strong>Caracter\u00edsticas:<\/strong><\/h2>\n<h2 class=\"ql-align-justify\">Transferencia de video y se\u00f1al de potencia en tiempo real v\u00eda cable \u00fanico, soluci\u00f3n de transmisi\u00f3n de v\u00eddeo activa, m\u00e1x.\u00a0Distancia de transmisi\u00f3n de 500m;<\/h2>\n<h2 class=\"ql-align-justify\">HDCVI, HDTVI, AHD, CVBS se\u00f1ales 4in1 dise\u00f1o completamente compatible;<\/h2>\n<h2 class=\"ql-align-justify\">Voltaje de estabilizaci\u00f3n de salida 12V \/ 0.8A en el lado RM;<\/h2>\n<h2 class=\"ql-align-justify\">Cortocircuito, sobreintensidad, sobretemperatura de protecci\u00f3n y sobreintensidad de corriente Indicaci\u00f3n LED;<\/h2>\n<h2 class=\"ql-align-justify\">\u00a0Superior inmunidad a las oleadas, protecci\u00f3n ESD;<\/h2>\n<h2 class=\"ql-align-justify\">\u00a0Conexi\u00f3n combinada disponible, rack MIT opcional, que satisface la aplicaci\u00f3n centralizada de m\u00faltiples canales.<\/h2>\n<h2 class=\"ql-align-justify\"><\/h2>\n<h2 class=\"ql-align-justify\">Esta unidad trabaja en conjunto con el\u00a0<a href=\"https:\/\/www.tvc.mx\/shop\/catalog\/product_info.php?cPath=23_123&amp;products_id=11293\" target=\"_blank\" rel=\"noopener\">Modelo SV<\/a><\/h2>\n","protected":false},"excerpt":{"rendered":"<p>El modelo\u00a0UTP101PV-HD5\u00a0transfiere se\u00f1al de video anal\u00f3gico en tiempo real, suministra corriente CC estable de 12V \/ 0.8A para las c\u00e1maras remotas a trav\u00e9s del cable Cat5 \/ 5e \/ 6, y transmite se\u00f1al de video de hasta 500m.\u00a0Es compatible con se\u00f1ales de v\u00eddeo anal\u00f3gicas de&hellip;<\/p>\n","protected":false},"featured_media":7187,"comment_status":"open","ping_status":"closed","template":"","meta":{"om_disable_all_campaigns":false,"_monsterinsights_skip_tracking":false,"_monsterinsights_sitenote_active":false,"_monsterinsights_sitenote_note":"","_monsterinsights_sitenote_category":0},"product_brand":[],"product_cat":[642],"product_tag":[613,611,612,616,615,610,614,617],"class_list":{"0":"post-7188","1":"product","2":"type-product","3":"status-publish","4":"has-post-thumbnail","6":"product_cat-transceptores-accesorios-saxxon-video-vigilancia","7":"product_tag-bosch","8":"product_tag-manhattan","9":"product_tag-saxxon","10":"product_tag-surveon","11":"product_tag-utepo","12":"product_tag-videovigilancia","13":"product_tag-vivotek","14":"product_tag-zteco","16":"first","17":"instock","18":"sale","19":"taxable","20":"shipping-taxable","21":"purchasable","22":"product-type-simple"},"aioseo_notices":[],"_links":{"self":[{"href":"https:\/\/tecsecmty.com\/index.php\/wp-json\/wp\/v2\/product\/7188","targetHints":{"allow":["GET"]}}],"collection":[{"href":"https:\/\/tecsecmty.com\/index.php\/wp-json\/wp\/v2\/product"}],"about":[{"href":"https:\/\/tecsecmty.com\/index.php\/wp-json\/wp\/v2\/types\/product"}],"replies":[{"embeddable":true,"href":"https:\/\/tecsecmty.com\/index.php\/wp-json\/wp\/v2\/comments?post=7188"}],"version-history":[{"count":0,"href":"https:\/\/tecsecmty.com\/index.php\/wp-json\/wp\/v2\/product\/7188\/revisions"}],"wp:featuredmedia":[{"embeddable":true,"href":"https:\/\/tecsecmty.com\/index.php\/wp-json\/wp\/v2\/media\/7187"}],"wp:attachment":[{"href":"https:\/\/tecsecmty.com\/index.php\/wp-json\/wp\/v2\/media?parent=7188"}],"wp:term":[{"taxonomy":"product_brand","embeddable":true,"href":"https:\/\/tecsecmty.com\/index.php\/wp-json\/wp\/v2\/product_brand?post=7188"},{"taxonomy":"product_cat","embeddable":true,"href":"https:\/\/tecsecmty.com\/index.php\/wp-json\/wp\/v2\/product_cat?post=7188"},{"taxonomy":"product_tag","embeddable":true,"href":"https:\/\/tecsecmty.com\/index.php\/wp-json\/wp\/v2\/product_tag?post=7188"}],"curies":[{"name":"wp","href":"https:\/\/api.w.org\/{rel}","templated":true}]}}