{"id":7190,"date":"2023-02-23T16:06:42","date_gmt":"2023-02-23T22:06:42","guid":{"rendered":"https:\/\/tecsecmty.com\/index.php\/producto\/saxxon-uutp7201epocsv-unidad-sv-extensor-de-red-por-medio-de-cable-coaxial-rg6-hasta-2km-de-distancia-y-de-su-puerto-e-ofertasaaa\/"},"modified":"2023-03-22T23:24:10","modified_gmt":"2023-03-23T05:24:10","slug":"saxxon-uutp7201epocsv-unidad-sv-extensor-de-red-por-medio-de-cable-coaxial-rg6-hasta-2km-de-distancia-y-de-su-puerto-e-ofertasaaa","status":"publish","type":"product","link":"https:\/\/tecsecmty.com\/index.php\/producto\/saxxon-uutp7201epocsv-unidad-sv-extensor-de-red-por-medio-de-cable-coaxial-rg6-hasta-2km-de-distancia-y-de-su-puerto-e-ofertasaaa\/","title":{"rendered":"SAXXON UUTP7201EPOCSV &#8211; Unidad SV \/ Extensor de red por medio de cable coaxial RG6 hasta 2KM de distancia y de su puerto e #OfertasAAA"},"content":{"rendered":"<h5 class=\"card-title text-center\">Informaci\u00f3n general<\/h5>\n<p>El extensor de ethernet consiste en una Unidad Receptora (SV) la cual puede usarse en par con la Unidad Transmisora (<em>unidad\u00a0IPC<\/em>\u00a0UUTP7201EPOCSV\u00a0).\u00a0Utiliza cable coaxial u otro tipo de cable para transferir la se\u00f1al de Ethernet y de energ\u00eda, tanto para c\u00e1maras como para otros dispositivos.<\/p>\n<p class=\"ql-align-justify\">Este producto es muy adecuado para la transmisi\u00f3n de la se\u00f1al de Ethernet y energ\u00eda en largas distancias.\u00a0Ideal para vigilancia de seguridad por internet.<\/p>\n<p><strong>Caracter\u00edsticas Principales de la\u00a0Unidad SV:<\/strong><\/p>\n<p>Usa cable coaxial para recibir la se\u00f1al de Ethernet y energ\u00eda, hasta una distancia maxima de 2 KM.<\/p>\n<p>Retraso de red de menos de 1ms.<\/p>\n<p>Medio de transmisi\u00f3n opcional, cable coaxial, cable utp o cable telef\u00f3nico.<\/p>\n<p>Modo de circuito de bucle, si hay un corto circuito el sistema puede seguir trabajando normalmente.<\/p>\n<p>Cumple con los est\u00e1ndares IEEE802.3 10BASET , IEEE802.3u 100 BASE-TX.<\/p>\n<p>Estructura y apariencia s\u00f3lida.<\/p>\n<p class=\"ql-align-justify\">Incluye \u00fanicamente unidad SV<\/p>\n<p><img decoding=\"async\" class=\"overview-center-img-web\" src=\"https:\/\/tvc.mx\/media\/149002\/SAXXON-UUTP7201EPOCSV-Unidad-SV-Extensor-de-red-por-medio-de-cable-coaxial-RG6-img2.jpg\" alt=\"\" \/><\/p>\n","protected":false},"excerpt":{"rendered":"<p>Informaci\u00f3n general El extensor de ethernet consiste en una Unidad Receptora (SV) la cual puede usarse en par con la Unidad Transmisora (unidad\u00a0IPC\u00a0UUTP7201EPOCSV\u00a0).\u00a0Utiliza cable coaxial u otro tipo de cable para transferir la se\u00f1al de Ethernet y de energ\u00eda, tanto para c\u00e1maras como para otros&hellip;<\/p>\n","protected":false},"featured_media":7189,"comment_status":"open","ping_status":"closed","template":"","meta":{"om_disable_all_campaigns":false,"_monsterinsights_skip_tracking":false,"_monsterinsights_sitenote_active":false,"_monsterinsights_sitenote_note":"","_monsterinsights_sitenote_category":0},"product_brand":[],"product_cat":[645],"product_tag":[613,611,612,616,615,610,614,617],"class_list":{"0":"post-7190","1":"product","2":"type-product","3":"status-publish","4":"has-post-thumbnail","6":"product_cat-transceptores-accesorios-utepo-video-vigilancia","7":"product_tag-bosch","8":"product_tag-manhattan","9":"product_tag-saxxon","10":"product_tag-surveon","11":"product_tag-utepo","12":"product_tag-videovigilancia","13":"product_tag-vivotek","14":"product_tag-zteco","16":"first","17":"instock","18":"sale","19":"taxable","20":"shipping-taxable","21":"purchasable","22":"product-type-simple"},"aioseo_notices":[],"_links":{"self":[{"href":"https:\/\/tecsecmty.com\/index.php\/wp-json\/wp\/v2\/product\/7190","targetHints":{"allow":["GET"]}}],"collection":[{"href":"https:\/\/tecsecmty.com\/index.php\/wp-json\/wp\/v2\/product"}],"about":[{"href":"https:\/\/tecsecmty.com\/index.php\/wp-json\/wp\/v2\/types\/product"}],"replies":[{"embeddable":true,"href":"https:\/\/tecsecmty.com\/index.php\/wp-json\/wp\/v2\/comments?post=7190"}],"version-history":[{"count":0,"href":"https:\/\/tecsecmty.com\/index.php\/wp-json\/wp\/v2\/product\/7190\/revisions"}],"wp:featuredmedia":[{"embeddable":true,"href":"https:\/\/tecsecmty.com\/index.php\/wp-json\/wp\/v2\/media\/7189"}],"wp:attachment":[{"href":"https:\/\/tecsecmty.com\/index.php\/wp-json\/wp\/v2\/media?parent=7190"}],"wp:term":[{"taxonomy":"product_brand","embeddable":true,"href":"https:\/\/tecsecmty.com\/index.php\/wp-json\/wp\/v2\/product_brand?post=7190"},{"taxonomy":"product_cat","embeddable":true,"href":"https:\/\/tecsecmty.com\/index.php\/wp-json\/wp\/v2\/product_cat?post=7190"},{"taxonomy":"product_tag","embeddable":true,"href":"https:\/\/tecsecmty.com\/index.php\/wp-json\/wp\/v2\/product_tag?post=7190"}],"curies":[{"name":"wp","href":"https:\/\/api.w.org\/{rel}","templated":true}]}}