{"id":7192,"date":"2023-02-23T16:06:43","date_gmt":"2023-02-23T22:06:43","guid":{"rendered":"https:\/\/tecsecmty.com\/index.php\/producto\/utepo-utp101phd-par-de-transceptores-pasivos-4k-video-baluns-4k-hasta-160-metros-en-cvi-4-megapixeles-hasta-200-metros-1080p-hasta-250-metros-2-terminales-push-para-facil-conexion\/"},"modified":"2023-03-22T23:24:36","modified_gmt":"2023-03-23T05:24:36","slug":"utepo-utp101phd-par-de-transceptores-pasivos-4k-video-baluns-4k-hasta-160-metros-en-cvi-4-megapixeles-hasta-200-metros-1080p-hasta-250-metros-2-terminales-push-para-facil-conexion","status":"publish","type":"product","link":"https:\/\/tecsecmty.com\/index.php\/producto\/utepo-utp101phd-par-de-transceptores-pasivos-4k-video-baluns-4k-hasta-160-metros-en-cvi-4-megapixeles-hasta-200-metros-1080p-hasta-250-metros-2-terminales-push-para-facil-conexion\/","title":{"rendered":"UTEPO UTP101PHD &#8211; Par de Transceptores Pasivos 4k (Video Baluns)\/ 4k Hasta 160 Metros en CVI\/ 4 Megapixeles Hasta 200 Metros\/ 1080p Hasta 250 Metros\/ 2 Terminales Push para F\u00e1cil Conexi\u00f3n\/"},"content":{"rendered":"<div class=\"row align-items-center padding-bottom-2x\">\n<div class=\"col-md-5 order-md-2\"><img decoding=\"async\" class=\"d-block m-auto img-thumbnail\" src=\"https:\/\/tvc.mx\/media\/95421\/Tranceptor-4k-CVI-4-1-banner.png\" alt=\" \" \/><\/div>\n<div class=\"col-md-7 order-md-1 text-md-left text-center\">\n<h2>Informaci\u00f3n general.<\/h2>\n<p class=\"text-muted\">\n<p>El modelo UTEPO\u00a0<strong>UTP101PHD<\/strong>\u00a0es un transceptor pasivo que se adapta a las nuevas tecnolog\u00edas en equipo CCTV, por lo cual dicho equipo es compatible con c\u00e1maras de seguridad con resoluci\u00f3n de 1080p y hasta 4K en tecnolog\u00eda HDCVI.<\/p>\n<p>El Medio de transmisi\u00f3n puede ser por cable utp cat5e o utp cat6.<\/p>\n<p>Gracias a su dise\u00f1o de conexi\u00f3n push simplifica la instalaci\u00f3n, ya que no se requiere herramienta adicional.<\/p>\n<p>&nbsp;<\/p>\n<\/div>\n<\/div>\n<hr class=\"padding-bottom-2x\" \/>\n<div class=\"row align-items-center padding-bottom-2x\">\n<div class=\"col-md-5\"><img decoding=\"async\" class=\"d-block m-auto img-thumbnail\" src=\"https:\/\/tvc.mx\/media\/95425\/Tranceptor-2MP-CVI-4-1-OVL1\" alt=\" \" \/><\/div>\n<div class=\"col-md-7 text-md-left text-center\">\n<h2>Caracter\u00edsticas<\/h2>\n<p class=\"text-muted\">\n<ul>\n<li>Pasivo, no requiere potencia<\/li>\n<li>Plug-and-play<\/li>\n<li>\u00a0Resultado de transmisi\u00f3n HDCVI \/ HDTVI \/ AHD \/ anal\u00f3gico en tiempo real y estable<\/li>\n<li>Excelente anti interferencia, protecci\u00f3n contra sobretensiones, ESD y capacidad de protecci\u00f3n de iluminaci\u00f3n<\/li>\n<li>Carcasa de ABS (acrilonitrilo-butadieno-estireno);\u00a0cable coaxial extendido incorporado, conveniente para proyectos de ingenier\u00eda intensivos<\/li>\n<li>Conector de tuerca de bayoneta (BNC)<\/li>\n<li>Terminal UTP a presi\u00f3n<\/li>\n<\/ul>\n<p>&nbsp;<\/p>\n<\/div>\n<\/div>\n<hr class=\"padding-bottom-2x\" \/>\n<div class=\"row align-items-center padding-bottom-2x\">\n<div class=\"col-md-5 order-md-2\"><img decoding=\"async\" class=\"d-block m-auto img-thumbnail\" src=\"https:\/\/tvc.mx\/media\/95429\/Tranceptor-4k-CVI-4-1-banner-conexion.png\" alt=\" \" \/><\/div>\n<div class=\"col-md-7 order-md-1 text-md-left text-center\">\n<h2>Conexi\u00f3n push<\/h2>\n<\/div>\n<\/div>\n","protected":false},"excerpt":{"rendered":"<p>Informaci\u00f3n general. El modelo UTEPO\u00a0UTP101PHD\u00a0es un transceptor pasivo que se adapta a las nuevas tecnolog\u00edas en equipo CCTV, por lo cual dicho equipo es compatible con c\u00e1maras de seguridad con resoluci\u00f3n de 1080p y hasta 4K en tecnolog\u00eda HDCVI. El Medio de transmisi\u00f3n puede ser&hellip;<\/p>\n","protected":false},"featured_media":7191,"comment_status":"open","ping_status":"closed","template":"","meta":{"om_disable_all_campaigns":false,"_monsterinsights_skip_tracking":false,"_monsterinsights_sitenote_active":false,"_monsterinsights_sitenote_note":"","_monsterinsights_sitenote_category":0},"product_brand":[],"product_cat":[645],"product_tag":[613,611,612,616,615,610,614,617],"class_list":{"0":"post-7192","1":"product","2":"type-product","3":"status-publish","4":"has-post-thumbnail","6":"product_cat-transceptores-accesorios-utepo-video-vigilancia","7":"product_tag-bosch","8":"product_tag-manhattan","9":"product_tag-saxxon","10":"product_tag-surveon","11":"product_tag-utepo","12":"product_tag-videovigilancia","13":"product_tag-vivotek","14":"product_tag-zteco","16":"first","17":"instock","18":"sale","19":"taxable","20":"shipping-taxable","21":"purchasable","22":"product-type-simple"},"aioseo_notices":[],"_links":{"self":[{"href":"https:\/\/tecsecmty.com\/index.php\/wp-json\/wp\/v2\/product\/7192","targetHints":{"allow":["GET"]}}],"collection":[{"href":"https:\/\/tecsecmty.com\/index.php\/wp-json\/wp\/v2\/product"}],"about":[{"href":"https:\/\/tecsecmty.com\/index.php\/wp-json\/wp\/v2\/types\/product"}],"replies":[{"embeddable":true,"href":"https:\/\/tecsecmty.com\/index.php\/wp-json\/wp\/v2\/comments?post=7192"}],"version-history":[{"count":0,"href":"https:\/\/tecsecmty.com\/index.php\/wp-json\/wp\/v2\/product\/7192\/revisions"}],"wp:featuredmedia":[{"embeddable":true,"href":"https:\/\/tecsecmty.com\/index.php\/wp-json\/wp\/v2\/media\/7191"}],"wp:attachment":[{"href":"https:\/\/tecsecmty.com\/index.php\/wp-json\/wp\/v2\/media?parent=7192"}],"wp:term":[{"taxonomy":"product_brand","embeddable":true,"href":"https:\/\/tecsecmty.com\/index.php\/wp-json\/wp\/v2\/product_brand?post=7192"},{"taxonomy":"product_cat","embeddable":true,"href":"https:\/\/tecsecmty.com\/index.php\/wp-json\/wp\/v2\/product_cat?post=7192"},{"taxonomy":"product_tag","embeddable":true,"href":"https:\/\/tecsecmty.com\/index.php\/wp-json\/wp\/v2\/product_tag?post=7192"}],"curies":[{"name":"wp","href":"https:\/\/api.w.org\/{rel}","templated":true}]}}