{"id":7194,"date":"2023-02-23T16:06:45","date_gmt":"2023-02-23T22:06:45","guid":{"rendered":"https:\/\/tecsecmty.com\/index.php\/producto\/utepo-utp101phd404-paquete-de-4-pares-de-transceptores-pasivo-push-hdcvi-720p-250m-1080p-200m-tvi-720p-250m-1080p-200m-ahd-720p-300m-1080-300m-facil-conexion\/"},"modified":"2023-03-22T23:24:36","modified_gmt":"2023-03-23T05:24:36","slug":"utepo-utp101phd404-paquete-de-4-pares-de-transceptores-pasivo-push-hdcvi-720p-250m-1080p-200m-tvi-720p-250m-1080p-200m-ahd-720p-300m-1080-300m-facil-conexion","status":"publish","type":"product","link":"https:\/\/tecsecmty.com\/index.php\/producto\/utepo-utp101phd404-paquete-de-4-pares-de-transceptores-pasivo-push-hdcvi-720p-250m-1080p-200m-tvi-720p-250m-1080p-200m-ahd-720p-300m-1080-300m-facil-conexion\/","title":{"rendered":"UTEPO UTP101PHD404 &#8211; Paquete de 4 pares de transceptores pasivo\/ Push \/ HDCVI 720P 250M, 1080P 200M \/ TVI 720P 250M, 1080P 200M \/ AHD 720P 300M, 1080 300M\/ F\u00e1cil conexion\/"},"content":{"rendered":"<div class=\"row aling-items-center padding-bottom-2x\">\n<div class=\"col-lg-12\">\n<h5 class=\"card-title text-center\">Informaci\u00f3n general.<\/h5>\n<p class=\"ql-align-justify\">El UTP101PHD4\u00a0es un transceptor pasivo que se adapta a las nuevas tecnolog\u00edas en equipo CCTV, por\u00a0lo cual dicho equipo es compatible con c\u00e1maras de seguridad con resoluci\u00f3n de 960H, 720p, 1080p y 4Mpx.<\/p>\n<p class=\"ql-align-justify\">El Medio de transmisi\u00f3n puede ser por cable utp cat5e o utp cat6.<\/p>\n<p><img decoding=\"async\" class=\"overview-center-img-web\" src=\"https:\/\/tvc.mx\/media\/102605\/Tranceptor-4k-CVI-4-1-banner.png\" alt=\"\" \/><\/div>\n<\/div>\n<div class=\"row align-items-center padding-bottom-2x\">\n<div class=\"col-md-5\"><img decoding=\"async\" class=\"d-block m-auto img-thumbnail\" src=\"https:\/\/tvc.mx\/media\/102609\/Tranceptor-4k-CVI-4-1OVL1.png\" alt=\" \" \/><\/div>\n<div class=\"col-md-7 text-md-left text-center\">\n<h2>Caracter\u00edsticas.<\/h2>\n<p class=\"text-muted\">\n<ul>\n<li class=\"ql-align-justify\">No requiere fuente de alimentaci\u00f3n.<\/li>\n<li class=\"ql-align-justify\">Transmisi\u00f3n de video en tiempo real en resoluci\u00f3n 720p y 1080p.<\/li>\n<li class=\"ql-align-justify\">Distancia de transmisi\u00f3n HDCVI: 0 ~ 250m en 720p; 0 ~ 200m en 1080p.<\/li>\n<li class=\"ql-align-justify\">Distancia de transmisi\u00f3n HDTVI:\u00a00 ~ 250m en 720p; 0 ~ 200m en 1080p.<\/li>\n<li class=\"ql-align-justify\">Distancia de transmisi\u00f3n AHD: 0 ~ 300m en 720p\/ 960p; 0 ~ 200m en 1080p.<\/li>\n<li class=\"ql-align-justify\">Distancia de transmisi\u00f3n An\u00e1loga: 500m<\/li>\n<li class=\"ql-align-justify\">Funci\u00f3n: Transferencia de se\u00f1al de video de 1 canal HD anal\u00f3gico sobre cable cat6 o Cat5e.<\/li>\n<\/ul>\n<p class=\"ql-align-justify\">\n<p class=\"ql-align-justify\"><strong>Distancias recomendadas con 4 Megapixeles*<\/strong><\/p>\n<p class=\"ql-align-justify\">*Se recomienda cable Cat6 100% cobre<\/p>\n<p>&nbsp;<\/p>\n<\/div>\n<\/div>\n<hr class=\"padding-bottom-2x\" \/>\n<div class=\"row aling-items-center padding-bottom-2x\">\n<div class=\"col-lg-12\">\n<h5 class=\"card-title text-center\">Conexi\u00f3n PUSH.<\/h5>\n<p>&nbsp;<\/p>\n<p><img decoding=\"async\" class=\"overview-center-img-web\" src=\"https:\/\/tvc.mx\/media\/102613\/Tranceptor-4k-CVI-4-1-banner-conexion.png\" alt=\"\" \/><\/div>\n<\/div>\n","protected":false},"excerpt":{"rendered":"<p>Informaci\u00f3n general. El UTP101PHD4\u00a0es un transceptor pasivo que se adapta a las nuevas tecnolog\u00edas en equipo CCTV, por\u00a0lo cual dicho equipo es compatible con c\u00e1maras de seguridad con resoluci\u00f3n de 960H, 720p, 1080p y 4Mpx. El Medio de transmisi\u00f3n puede ser por cable utp cat5e&hellip;<\/p>\n","protected":false},"featured_media":7193,"comment_status":"open","ping_status":"closed","template":"","meta":{"om_disable_all_campaigns":false,"_monsterinsights_skip_tracking":false,"_monsterinsights_sitenote_active":false,"_monsterinsights_sitenote_note":"","_monsterinsights_sitenote_category":0},"product_brand":[],"product_cat":[645],"product_tag":[613,611,612,616,615,610,614,617],"class_list":{"0":"post-7194","1":"product","2":"type-product","3":"status-publish","4":"has-post-thumbnail","6":"product_cat-transceptores-accesorios-utepo-video-vigilancia","7":"product_tag-bosch","8":"product_tag-manhattan","9":"product_tag-saxxon","10":"product_tag-surveon","11":"product_tag-utepo","12":"product_tag-videovigilancia","13":"product_tag-vivotek","14":"product_tag-zteco","16":"first","17":"instock","18":"sale","19":"taxable","20":"shipping-taxable","21":"purchasable","22":"product-type-simple"},"aioseo_notices":[],"_links":{"self":[{"href":"https:\/\/tecsecmty.com\/index.php\/wp-json\/wp\/v2\/product\/7194","targetHints":{"allow":["GET"]}}],"collection":[{"href":"https:\/\/tecsecmty.com\/index.php\/wp-json\/wp\/v2\/product"}],"about":[{"href":"https:\/\/tecsecmty.com\/index.php\/wp-json\/wp\/v2\/types\/product"}],"replies":[{"embeddable":true,"href":"https:\/\/tecsecmty.com\/index.php\/wp-json\/wp\/v2\/comments?post=7194"}],"version-history":[{"count":0,"href":"https:\/\/tecsecmty.com\/index.php\/wp-json\/wp\/v2\/product\/7194\/revisions"}],"wp:featuredmedia":[{"embeddable":true,"href":"https:\/\/tecsecmty.com\/index.php\/wp-json\/wp\/v2\/media\/7193"}],"wp:attachment":[{"href":"https:\/\/tecsecmty.com\/index.php\/wp-json\/wp\/v2\/media?parent=7194"}],"wp:term":[{"taxonomy":"product_brand","embeddable":true,"href":"https:\/\/tecsecmty.com\/index.php\/wp-json\/wp\/v2\/product_brand?post=7194"},{"taxonomy":"product_cat","embeddable":true,"href":"https:\/\/tecsecmty.com\/index.php\/wp-json\/wp\/v2\/product_cat?post=7194"},{"taxonomy":"product_tag","embeddable":true,"href":"https:\/\/tecsecmty.com\/index.php\/wp-json\/wp\/v2\/product_tag?post=7194"}],"curies":[{"name":"wp","href":"https:\/\/api.w.org\/{rel}","templated":true}]}}