{"id":7198,"date":"2023-02-23T16:06:51","date_gmt":"2023-02-23T22:06:51","guid":{"rendered":"https:\/\/tecsecmty.com\/index.php\/producto\/utepo-utp101phd416-paquete-de-16-pares-de-transceptores-push-hdcvi-hdtvi-a-hd-cvbs-250-m-a-720p-200-m-a-1080p-150-m-a-4m\/"},"modified":"2023-03-22T23:24:36","modified_gmt":"2023-03-23T05:24:36","slug":"utepo-utp101phd416-paquete-de-16-pares-de-transceptores-push-hdcvi-hdtvi-a-hd-cvbs-250-m-a-720p-200-m-a-1080p-150-m-a-4m","status":"publish","type":"product","link":"https:\/\/tecsecmty.com\/index.php\/producto\/utepo-utp101phd416-paquete-de-16-pares-de-transceptores-push-hdcvi-hdtvi-a-hd-cvbs-250-m-a-720p-200-m-a-1080p-150-m-a-4m\/","title":{"rendered":"UTEPO UTP101PHD416 &#8211; Paquete de 16 pares de transceptores \/ Push \/ HDCVI \/ HDTVI \/ A HD \/ CVBS \/ 250 M a 720p \/ 200 M a 1080p \/ 150 M a 4M"},"content":{"rendered":"<table class=\"cdd\" border=\"0\" align=\"center\">\n<tbody>\n<tr>\n<td bgcolor=\"#0B0B61\" width=\"700pxi\" height=\"22\"><strong>Informaci\u00f3n General\u00a0<\/strong><\/td>\n<\/tr>\n<\/tbody>\n<\/table>\n<p>El UTP101PHD4\u00a0es un transceptor pasivo que se adopta a las nuevas tecnolog\u00edas en equipo CCTV, por\u00a0 lo cual dicho equipo es compatible con c\u00e1maras de seguridad con resoluci\u00f3n de 960H, 720p y 1080p.<\/p>\n<p>El Medio de transmisi\u00f3n puede ser por cable utp cat5e o utp cat6.<\/p>\n<p>&nbsp;<\/p>\n<p>&nbsp;<\/p>\n<table class=\"cdd\" border=\"0\" align=\"center\">\n<tbody>\n<tr>\n<td bgcolor=\"#0B0B61\" width=\"700pxi\" height=\"22\"><strong>Aplicaciones<\/strong><\/td>\n<\/tr>\n<\/tbody>\n<\/table>\n<p>&nbsp;<\/p>\n<p><img fetchpriority=\"high\" decoding=\"async\" src=\"https:\/\/soporte.tvc.mx\/Ingenieria\/SAXXON\/Comunes\/TVT052052\/diagrama_aplicacion.jpg\" alt=\"\" width=\"587\" height=\"190\" \/><\/p>\n<p><img decoding=\"async\" src=\"https:\/\/www.tvc.mx\/images\/sombra.png\" alt=\"\" width=\"935\" height=\"20\" \/><\/p>\n<table class=\"cdd\" border=\"0\" align=\"center\">\n<tbody>\n<tr>\n<td bgcolor=\"#0B0B61\" width=\"700pxi\" height=\"22\"><strong>Productos Relacionados<\/strong><\/td>\n<\/tr>\n<\/tbody>\n<\/table>\n<p><img decoding=\"async\" src=\"https:\/\/www.tvc.mx\/images\/sombra.png\" alt=\"\" width=\"935\" height=\"20\" \/><\/p>\n<p><img decoding=\"async\" src=\"https:\/\/soporte.tvc.mx\/Ingenieria\/SAXXON\/tabla_comparativa_TVT052067.jpg\" alt=\"\" width=\"2885\" height=\"1605\" \/><\/p>\n<p><img decoding=\"async\" src=\"https:\/\/www.tvc.mx\/images\/sombra.png\" alt=\"\" width=\"935\" height=\"20\" \/><\/p>\n<h1><\/h1>\n<p>&nbsp;<\/p>\n<h1><\/h1>\n<table class=\"cdd\" border=\"0\" align=\"center\">\n<tbody>\n<tr>\n<td bgcolor=\"#0B0B61\" width=\"700pxi\" height=\"22\"><strong>Caracter\u00edsticas Principales<br \/>\n<\/strong><\/td>\n<\/tr>\n<\/tbody>\n<\/table>\n<ul>\n<li>No requiere fuente de alimentaci\u00f3n.<\/li>\n<li>Transmisi\u00f3n de video en tiempo real en resoluci\u00f3n 720p y 1080p.<\/li>\n<li>Distancia de transmisi\u00f3n HDCVI: 0 ~ 250m en 720p; 0 ~ 200m en 1080p.<\/li>\n<li>Distancia de transmisi\u00f3n HDTVI:\u00a00 ~ 250m en 720p; 0 ~ 200m en 1080p.<\/li>\n<li>Distancia de transmisi\u00f3n AHD: 0 ~ 300m en 720p\/ 960p; 0 ~ 200m en 1080p.<\/li>\n<li>Distancia de transmisi\u00f3n An\u00e1loga: 500m<\/li>\n<li>Funci\u00f3n: Transferencia de se\u00f1al de video de 1 canal HD anal\u00f3gico sobre cable cat6 o Cat5e.<\/li>\n<\/ul>\n<p>&nbsp;<\/p>\n","protected":false},"excerpt":{"rendered":"<p>Informaci\u00f3n General\u00a0 El UTP101PHD4\u00a0es un transceptor pasivo que se adopta a las nuevas tecnolog\u00edas en equipo CCTV, por\u00a0 lo cual dicho equipo es compatible con c\u00e1maras de seguridad con resoluci\u00f3n de 960H, 720p y 1080p. El Medio de transmisi\u00f3n puede ser por cable utp cat5e&hellip;<\/p>\n","protected":false},"featured_media":7197,"comment_status":"open","ping_status":"closed","template":"","meta":{"om_disable_all_campaigns":false,"_monsterinsights_skip_tracking":false,"_monsterinsights_sitenote_active":false,"_monsterinsights_sitenote_note":"","_monsterinsights_sitenote_category":0},"product_brand":[],"product_cat":[645],"product_tag":[613,611,612,616,615,610,614,617],"class_list":{"0":"post-7198","1":"product","2":"type-product","3":"status-publish","4":"has-post-thumbnail","6":"product_cat-transceptores-accesorios-utepo-video-vigilancia","7":"product_tag-bosch","8":"product_tag-manhattan","9":"product_tag-saxxon","10":"product_tag-surveon","11":"product_tag-utepo","12":"product_tag-videovigilancia","13":"product_tag-vivotek","14":"product_tag-zteco","16":"first","17":"instock","18":"sale","19":"taxable","20":"shipping-taxable","21":"purchasable","22":"product-type-simple"},"aioseo_notices":[],"_links":{"self":[{"href":"https:\/\/tecsecmty.com\/index.php\/wp-json\/wp\/v2\/product\/7198","targetHints":{"allow":["GET"]}}],"collection":[{"href":"https:\/\/tecsecmty.com\/index.php\/wp-json\/wp\/v2\/product"}],"about":[{"href":"https:\/\/tecsecmty.com\/index.php\/wp-json\/wp\/v2\/types\/product"}],"replies":[{"embeddable":true,"href":"https:\/\/tecsecmty.com\/index.php\/wp-json\/wp\/v2\/comments?post=7198"}],"version-history":[{"count":0,"href":"https:\/\/tecsecmty.com\/index.php\/wp-json\/wp\/v2\/product\/7198\/revisions"}],"wp:featuredmedia":[{"embeddable":true,"href":"https:\/\/tecsecmty.com\/index.php\/wp-json\/wp\/v2\/media\/7197"}],"wp:attachment":[{"href":"https:\/\/tecsecmty.com\/index.php\/wp-json\/wp\/v2\/media?parent=7198"}],"wp:term":[{"taxonomy":"product_brand","embeddable":true,"href":"https:\/\/tecsecmty.com\/index.php\/wp-json\/wp\/v2\/product_brand?post=7198"},{"taxonomy":"product_cat","embeddable":true,"href":"https:\/\/tecsecmty.com\/index.php\/wp-json\/wp\/v2\/product_cat?post=7198"},{"taxonomy":"product_tag","embeddable":true,"href":"https:\/\/tecsecmty.com\/index.php\/wp-json\/wp\/v2\/product_tag?post=7198"}],"curies":[{"name":"wp","href":"https:\/\/api.w.org\/{rel}","templated":true}]}}