{"id":7202,"date":"2023-02-23T16:06:58","date_gmt":"2023-02-23T22:06:58","guid":{"rendered":"https:\/\/tecsecmty.com\/index.php\/producto\/utepo-utp101phd4b-par-de-transceptores-pasivos-video-baluns-4-megapixeles-a-200-metros-1080p-hasta-250-metros-en-cvi-720p-hasta-300-metros-en-cvi-soporta-hdcvi-tvi-ahd-y-cbvs-2-terminales-p\/"},"modified":"2023-03-22T23:24:37","modified_gmt":"2023-03-23T05:24:37","slug":"utepo-utp101phd4b-par-de-transceptores-pasivos-video-baluns-4-megapixeles-a-200-metros-1080p-hasta-250-metros-en-cvi-720p-hasta-300-metros-en-cvi-soporta-hdcvi-tvi-ahd-y-cbvs-2-terminales-p","status":"publish","type":"product","link":"https:\/\/tecsecmty.com\/index.php\/producto\/utepo-utp101phd4b-par-de-transceptores-pasivos-video-baluns-4-megapixeles-a-200-metros-1080p-hasta-250-metros-en-cvi-720p-hasta-300-metros-en-cvi-soporta-hdcvi-tvi-ahd-y-cbvs-2-terminales-p\/","title":{"rendered":"UTEPO UTP101PHD4B &#8211; Par de Transceptores Pasivos (Video Baluns)\/ 4 Megapixeles a 200 Metros\/ 1080p Hasta 250 Metros en CVI\/ 720p Hasta 300 Metros en CVI\/ Soporta HDCVI, TVI, AHD y CBVS\/ 2 Terminales Push para F\u00e1cil Conexi\u00f3n\/"},"content":{"rendered":"<div class=\"row align-items-center padding-bottom-2x\">\n<div class=\"col-md-5 order-md-2\"><img decoding=\"async\" class=\"d-block m-auto img-thumbnail\" src=\"https:\/\/tvc.mx\/media\/109061\/Tranceptor-2MP-CVI-4-1-Banner.png\" alt=\" \" \/><\/div>\n<div class=\"col-md-7 order-md-1 text-md-left text-center\">\n<h2>Tranceptores<\/h2>\n<p class=\"text-muted\">\n<p>El modelo UTEPO\u00a0<strong>UTP101PHD4B<\/strong>\u00a0es un transceptor pasivo que se adapta a las nuevas tecnolog\u00edas en equipo CCTV, por lo cual dicho equipo es compatible con c\u00e1maras de seguridad con resoluci\u00f3n 720p, 1080p y 4Mp.<\/p>\n<p>El Medio de transmisi\u00f3n puede ser por cable utp cat5e o utp cat6.<\/p>\n<p>Gracias a su dise\u00f1o de conexi\u00f3n, push simplifica la instalaci\u00f3n, ya que no se requiere herramienta adicional.<\/p>\n<p>&nbsp;<\/p>\n<\/div>\n<\/div>\n<hr class=\"padding-bottom-2x\" \/>\n<div class=\"row align-items-center padding-bottom-2x\">\n<div class=\"col-md-5\"><img decoding=\"async\" class=\"d-block m-auto img-thumbnail\" src=\"https:\/\/tvc.mx\/media\/84288\/utepo1.jpg\" alt=\" \" \/><\/div>\n<div class=\"col-md-7 text-md-left text-center\">\n<h2>Caracter\u00edsticas principales<\/h2>\n<p class=\"text-muted\">\n<p>Transmisi\u00f3n de video en tiempo real en resoluci\u00f3n 720p, 1080p<\/p>\n<ul>\n<li>Distancia de transmisi\u00f3n HDCVI: 0 ~ 250m en 720p; 0 ~ 250m en 1080p; 0 ~ 200m en 4MP.<\/li>\n<li>Distancia de transmisi\u00f3n HDTVI: 0 ~ 250m en 720p; 0 ~ 200m en 1080p.<\/li>\n<li>Distancia de transmisi\u00f3n AHD: 0 ~ 300m en 720p\/ 960p; 0 ~ 200m en 1080p.<\/li>\n<li>Distancia de transmisi\u00f3n An\u00e1loga: 500m<\/li>\n<\/ul>\n<p>Funci\u00f3n: Transferencia de se\u00f1al de video de 1 canal HD anal\u00f3gico sobre cable cat6 o Cat5e.<\/p>\n<p>No requiere fuente de alimentaci\u00f3n.<\/p>\n<p>Se recomienda usar cable 100% Cobre<\/p>\n<p>&nbsp;<\/p>\n<\/div>\n<\/div>\n<hr class=\"padding-bottom-2x\" \/>\n<div class=\"row align-items-center padding-bottom-2x\">\n<div class=\"col-md-5 order-md-2\"><img decoding=\"async\" class=\"d-block m-auto img-thumbnail\" src=\"https:\/\/tvc.mx\/media\/109065\/Tranceptor-2MP-CVI-4-1-Banner2.png\" alt=\" \" \/><\/div>\n<div class=\"col-md-7 order-md-1 text-md-left text-center\">\n<h2>Conexi\u00f3n push<\/h2>\n<p class=\"text-muted\">\n<p>.<\/p>\n<\/div>\n<\/div>\n","protected":false},"excerpt":{"rendered":"<p>Tranceptores El modelo UTEPO\u00a0UTP101PHD4B\u00a0es un transceptor pasivo que se adapta a las nuevas tecnolog\u00edas en equipo CCTV, por lo cual dicho equipo es compatible con c\u00e1maras de seguridad con resoluci\u00f3n 720p, 1080p y 4Mp. El Medio de transmisi\u00f3n puede ser por cable utp cat5e o&hellip;<\/p>\n","protected":false},"featured_media":7201,"comment_status":"open","ping_status":"closed","template":"","meta":{"om_disable_all_campaigns":false,"_monsterinsights_skip_tracking":false,"_monsterinsights_sitenote_active":false,"_monsterinsights_sitenote_note":"","_monsterinsights_sitenote_category":0},"product_brand":[],"product_cat":[645],"product_tag":[613,611,612,616,615,610,614,617],"class_list":{"0":"post-7202","1":"product","2":"type-product","3":"status-publish","4":"has-post-thumbnail","6":"product_cat-transceptores-accesorios-utepo-video-vigilancia","7":"product_tag-bosch","8":"product_tag-manhattan","9":"product_tag-saxxon","10":"product_tag-surveon","11":"product_tag-utepo","12":"product_tag-videovigilancia","13":"product_tag-vivotek","14":"product_tag-zteco","16":"first","17":"instock","18":"sale","19":"taxable","20":"shipping-taxable","21":"purchasable","22":"product-type-simple"},"aioseo_notices":[],"_links":{"self":[{"href":"https:\/\/tecsecmty.com\/index.php\/wp-json\/wp\/v2\/product\/7202","targetHints":{"allow":["GET"]}}],"collection":[{"href":"https:\/\/tecsecmty.com\/index.php\/wp-json\/wp\/v2\/product"}],"about":[{"href":"https:\/\/tecsecmty.com\/index.php\/wp-json\/wp\/v2\/types\/product"}],"replies":[{"embeddable":true,"href":"https:\/\/tecsecmty.com\/index.php\/wp-json\/wp\/v2\/comments?post=7202"}],"version-history":[{"count":0,"href":"https:\/\/tecsecmty.com\/index.php\/wp-json\/wp\/v2\/product\/7202\/revisions"}],"wp:featuredmedia":[{"embeddable":true,"href":"https:\/\/tecsecmty.com\/index.php\/wp-json\/wp\/v2\/media\/7201"}],"wp:attachment":[{"href":"https:\/\/tecsecmty.com\/index.php\/wp-json\/wp\/v2\/media?parent=7202"}],"wp:term":[{"taxonomy":"product_brand","embeddable":true,"href":"https:\/\/tecsecmty.com\/index.php\/wp-json\/wp\/v2\/product_brand?post=7202"},{"taxonomy":"product_cat","embeddable":true,"href":"https:\/\/tecsecmty.com\/index.php\/wp-json\/wp\/v2\/product_cat?post=7202"},{"taxonomy":"product_tag","embeddable":true,"href":"https:\/\/tecsecmty.com\/index.php\/wp-json\/wp\/v2\/product_tag?post=7202"}],"curies":[{"name":"wp","href":"https:\/\/api.w.org\/{rel}","templated":true}]}}