{"id":7206,"date":"2023-02-23T16:07:02","date_gmt":"2023-02-23T22:07:02","guid":{"rendered":"https:\/\/tecsecmty.com\/index.php\/producto\/utepo-utp101phd6-par-de-transceptores-pasivos-4k-video-baluns-boton-push-superior-para-facil-instalacion-diseno-de-empalmes-ordenados-4k-hasta-150-metros-en-cvi-4-megapixeles-a-200-metros-108\/"},"modified":"2023-03-22T23:24:37","modified_gmt":"2023-03-23T05:24:37","slug":"utepo-utp101phd6-par-de-transceptores-pasivos-4k-video-baluns-boton-push-superior-para-facil-instalacion-diseno-de-empalmes-ordenados-4k-hasta-150-metros-en-cvi-4-megapixeles-a-200-metros-108","status":"publish","type":"product","link":"https:\/\/tecsecmty.com\/index.php\/producto\/utepo-utp101phd6-par-de-transceptores-pasivos-4k-video-baluns-boton-push-superior-para-facil-instalacion-diseno-de-empalmes-ordenados-4k-hasta-150-metros-en-cvi-4-megapixeles-a-200-metros-108\/","title":{"rendered":"UTEPO UTP101PHD6 &#8211; Par de Transceptores Pasivos 4k (Video Baluns)\/ Boton Push Superior para Facil Instalaci\u00f3n\/ Dise\u00f1o de Empalmes Ordenados\/ 4k Hasta 150 Metros en CVI\/ 4 Megap\u00edxeles a 200 Metros\/ 1080p Hasta 250 Metros\/ Soporta HDCVI\/HDTVI\/AHD y CVBS\/"},"content":{"rendered":"<div class=\"row align-items-center padding-bottom-2x\">\n<div class=\"col-md-5\"><img decoding=\"async\" class=\"d-block m-auto img-thumbnail\" src=\"https:\/\/tvc.mx\/media\/10965\/OVERVIEW2.png\" alt=\" \" \/><\/div>\n<div class=\"col-md-7 text-md-left text-center\">\n<h2>Informaci\u00f3n general<\/h2>\n<p class=\"text-muted\">\n<p>El modelo UTEPO\u00a0UTP101PHD\u00a0es un transceptor pasivo que se adapta a las nuevas tecnolog\u00edas en equipo CCTV, por lo cual dicho equipo es compatible con c\u00e1maras de seguridad con resoluci\u00f3n de 1080p y hasta 4K en tecnolog\u00eda HDCVI.<\/p>\n<h2><\/h2>\n<p>&nbsp;<\/p>\n<\/div>\n<\/div>\n<hr class=\"padding-bottom-2x\" \/>\n<div class=\"row align-items-center padding-bottom-2x\">\n<div class=\"col-md-5 order-md-2\"><img decoding=\"async\" class=\"d-block m-auto img-thumbnail\" src=\"https:\/\/tvc.mx\/media\/10966\/OVERVIEW3.png\" alt=\" \" \/><\/div>\n<div class=\"col-md-7 order-md-1 text-md-left text-center\">\n<h2>Excelente capacidad anti-interferente<\/h2>\n<p class=\"text-muted\">\n<h2><\/h2>\n<p>&nbsp;<\/p>\n<\/div>\n<\/div>\n<hr class=\"padding-bottom-2x\" \/>\n<div class=\"row align-items-center padding-bottom-2x\">\n<div class=\"col-md-5\"><img decoding=\"async\" class=\"d-block m-auto img-thumbnail\" src=\"https:\/\/tvc.mx\/media\/10967\/OVERVIEW4.png\" alt=\" \" \/><\/div>\n<div class=\"col-md-7 text-md-left text-center\">\n<h2>Resolucion y Distancias<\/h2>\n<\/div>\n<\/div>\n","protected":false},"excerpt":{"rendered":"<p>Informaci\u00f3n general El modelo UTEPO\u00a0UTP101PHD\u00a0es un transceptor pasivo que se adapta a las nuevas tecnolog\u00edas en equipo CCTV, por lo cual dicho equipo es compatible con c\u00e1maras de seguridad con resoluci\u00f3n de 1080p y hasta 4K en tecnolog\u00eda HDCVI. &nbsp; Excelente capacidad anti-interferente &nbsp; Resolucion&hellip;<\/p>\n","protected":false},"featured_media":7205,"comment_status":"open","ping_status":"closed","template":"","meta":{"om_disable_all_campaigns":false,"_monsterinsights_skip_tracking":false,"_monsterinsights_sitenote_active":false,"_monsterinsights_sitenote_note":"","_monsterinsights_sitenote_category":0},"product_brand":[],"product_cat":[645],"product_tag":[613,611,612,616,615,610,614,617],"class_list":{"0":"post-7206","1":"product","2":"type-product","3":"status-publish","4":"has-post-thumbnail","6":"product_cat-transceptores-accesorios-utepo-video-vigilancia","7":"product_tag-bosch","8":"product_tag-manhattan","9":"product_tag-saxxon","10":"product_tag-surveon","11":"product_tag-utepo","12":"product_tag-videovigilancia","13":"product_tag-vivotek","14":"product_tag-zteco","16":"first","17":"instock","18":"sale","19":"taxable","20":"shipping-taxable","21":"purchasable","22":"product-type-simple"},"aioseo_notices":[],"_links":{"self":[{"href":"https:\/\/tecsecmty.com\/index.php\/wp-json\/wp\/v2\/product\/7206","targetHints":{"allow":["GET"]}}],"collection":[{"href":"https:\/\/tecsecmty.com\/index.php\/wp-json\/wp\/v2\/product"}],"about":[{"href":"https:\/\/tecsecmty.com\/index.php\/wp-json\/wp\/v2\/types\/product"}],"replies":[{"embeddable":true,"href":"https:\/\/tecsecmty.com\/index.php\/wp-json\/wp\/v2\/comments?post=7206"}],"version-history":[{"count":0,"href":"https:\/\/tecsecmty.com\/index.php\/wp-json\/wp\/v2\/product\/7206\/revisions"}],"wp:featuredmedia":[{"embeddable":true,"href":"https:\/\/tecsecmty.com\/index.php\/wp-json\/wp\/v2\/media\/7205"}],"wp:attachment":[{"href":"https:\/\/tecsecmty.com\/index.php\/wp-json\/wp\/v2\/media?parent=7206"}],"wp:term":[{"taxonomy":"product_brand","embeddable":true,"href":"https:\/\/tecsecmty.com\/index.php\/wp-json\/wp\/v2\/product_brand?post=7206"},{"taxonomy":"product_cat","embeddable":true,"href":"https:\/\/tecsecmty.com\/index.php\/wp-json\/wp\/v2\/product_cat?post=7206"},{"taxonomy":"product_tag","embeddable":true,"href":"https:\/\/tecsecmty.com\/index.php\/wp-json\/wp\/v2\/product_tag?post=7206"}],"curies":[{"name":"wp","href":"https:\/\/api.w.org\/{rel}","templated":true}]}}