{"id":7218,"date":"2023-02-23T16:07:13","date_gmt":"2023-02-23T22:07:13","guid":{"rendered":"https:\/\/tecsecmty.com\/index.php\/producto\/utepo-utp104phd-transceptor-pasivo-de-4-canales-de-video-hdcvi-tvi-a-hd-cvbs-350m-a-720p-250m-a-1080p-200m-a-4-mp-150m-a-4k\/"},"modified":"2023-03-15T13:02:18","modified_gmt":"2023-03-15T19:02:18","slug":"utepo-utp104phd-transceptor-pasivo-de-4-canales-de-video-hdcvi-tvi-a-hd-cvbs-350m-a-720p-250m-a-1080p-200m-a-4-mp-150m-a-4k","status":"publish","type":"product","link":"https:\/\/tecsecmty.com\/index.php\/producto\/utepo-utp104phd-transceptor-pasivo-de-4-canales-de-video-hdcvi-tvi-a-hd-cvbs-350m-a-720p-250m-a-1080p-200m-a-4-mp-150m-a-4k\/","title":{"rendered":"UTEPO UTP104PHD &#8211; Transceptor pasivo de 4 canales de video HDCVI \/ TVI \/ A HD \/ CVBS \/ 350M A 720p \/ 250M A 1080p \/ 200M A 4 MP \/ 150M A 4K"},"content":{"rendered":"<div class=\"row aling-items-center padding-bottom-2x\">\n<div class=\"col-lg-12\">\n<h5 class=\"card-title text-center\">Informaci\u00f3n general<\/h5>\n<p>El transceptor pasivo modelo Utepo UTP104PHD cuenta con\u00a04 canales de video que transmite video por medio de\u00a0cable utp cat5e o cat6, es ideal para c\u00e1maras y dvrs de formatos HDCVI o TVI; soporta resoluci\u00f3n de\u00a0720p, 1080p, 4 MP y hasta 4K.\u00a0El equipo es compatible con otros transceptores activos o pasivos que soporten\u00a0formatos HDCVI o TVI.<\/p>\n<p><img decoding=\"async\" class=\"overview-center-img-web\" src=\"https:\/\/tvc.mx\/media\/95997\/Tranceptor-4CH-Pasivo-CVI-4MP-Saxxon-Banner.png\" alt=\"\" \/><\/div>\n<\/div>\n<div class=\"row align-items-center padding-bottom-2x\">\n<div class=\"col-md-5\"><img decoding=\"async\" class=\"d-block m-auto img-thumbnail\" src=\"https:\/\/tvc.mx\/media\/95993\/Tranceptor-4CH-Pasivo-CVI-4MP-Saxxon-OVL1.png\" alt=\" \" \/><\/div>\n<div class=\"col-md-7 text-md-left text-center\">\n<h2>Caracter\u00edsticas<\/h2>\n<p class=\"text-muted\">\n<ul>\n<li class=\"ql-align-justify\">Transmisi\u00f3n en tiempo real de se\u00f1al de video. HDCVI, HDTVI, AHD, CVBS.<\/li>\n<li class=\"ql-align-justify\">Pasivos as\u00ed que no requieren de una fuente de alimentaci\u00f3n.<\/li>\n<li>Distancia de transmisi\u00f3n HDCVI: 350M A 720p \/ 250 m A 1080p \/ 200 m A 4 MP \/ 4K a 150\u202fm<\/li>\n<li>Distancia de transmisi\u00f3n HDTVI: 0 ~ 200 metros (720P \/ 1080P).<\/li>\n<li>AHD-L\/M 720p\/960P: 330 m; AHD-H 1080P: 330 m.<\/li>\n<li>Video An\u00e1logo 500 m<\/li>\n<li>4 Canales de video.<\/li>\n<li>Medio de\u00a0transmisi\u00f3n cable\u00a0UTP cat5e o cat6.<\/li>\n<\/ul>\n<p>&nbsp;<\/p>\n<\/div>\n<\/div>\n<hr class=\"padding-bottom-2x\" \/>\n<div class=\"row align-items-center padding-bottom-2x\">\n<div class=\"col-md-5 order-md-2\"><img decoding=\"async\" class=\"d-block m-auto img-thumbnail\" src=\"https:\/\/tvc.mx\/media\/96005\/Tranceptor-4CH-Pasivo-CVI-4MP-Saxxon-OVL2.png\" alt=\" \" \/><\/div>\n<div class=\"col-md-7 order-md-1 text-md-left text-center\">\n<h2>Informaci\u00f3n general<\/h2>\n<p class=\"text-muted\">\n<p><strong>Canal de transmisi\u00f3n: 4 canales<\/strong><\/p>\n<p><strong>Conector de video: 4 canales<\/strong><\/p>\n<ul>\n<li>Distancia de transmisi\u00f3n HDCVI: 350M A 720p \/ 250 m A 1080p \/ 200 m A 4 MP \/ 4K a 150\u202fm<\/li>\n<li>Distancia de transmisi\u00f3n HDTVI: 0 ~ 200 metros (720P \/ 1080P).<\/li>\n<li>AHD-L\/M 720 p\/960P: 330 m<\/li>\n<li>AHD-H 1080P: 330 m.<\/li>\n<li>Video An\u00e1logo 500 m<\/li>\n<\/ul>\n<p>Conector de video coaxial: Conector, hembra BNC<\/p>\n<p>Conector de video por cable UTP: Conector RJ45 hembra<\/p>\n<p>Terminal de inserci\u00f3n de tornillo de 8 canales<\/p>\n<p>Formato de video compatible: HDCVI HDTVI AHD CVBS<\/p>\n<p>Dimensi\u00f3n (L * W * H): 85 mm \u00d7 82 mm \u00d7 25 mm\u00a0(incluye la longitud del conector)<\/p>\n<p>Material: Aluminio<\/p>\n<p>Color: De color negro<\/p>\n<p>Peso: 154 g<\/p>\n<\/div>\n<\/div>\n","protected":false},"excerpt":{"rendered":"<p>Informaci\u00f3n general El transceptor pasivo modelo Utepo UTP104PHD cuenta con\u00a04 canales de video que transmite video por medio de\u00a0cable utp cat5e o cat6, es ideal para c\u00e1maras y dvrs de formatos HDCVI o TVI; soporta resoluci\u00f3n de\u00a0720p, 1080p, 4 MP y hasta 4K.\u00a0El equipo es&hellip;<\/p>\n","protected":false},"featured_media":7217,"comment_status":"open","ping_status":"closed","template":"","meta":{"om_disable_all_campaigns":false,"_monsterinsights_skip_tracking":false,"_monsterinsights_sitenote_active":false,"_monsterinsights_sitenote_note":"","_monsterinsights_sitenote_category":0},"product_brand":[],"product_cat":[645],"product_tag":[613,611,612,616,615,610,614,617],"class_list":{"0":"post-7218","1":"product","2":"type-product","3":"status-publish","4":"has-post-thumbnail","6":"product_cat-transceptores-accesorios-utepo-video-vigilancia","7":"product_tag-bosch","8":"product_tag-manhattan","9":"product_tag-saxxon","10":"product_tag-surveon","11":"product_tag-utepo","12":"product_tag-videovigilancia","13":"product_tag-vivotek","14":"product_tag-zteco","16":"first","17":"instock","18":"sale","19":"taxable","20":"shipping-taxable","21":"purchasable","22":"product-type-simple"},"aioseo_notices":[],"_links":{"self":[{"href":"https:\/\/tecsecmty.com\/index.php\/wp-json\/wp\/v2\/product\/7218","targetHints":{"allow":["GET"]}}],"collection":[{"href":"https:\/\/tecsecmty.com\/index.php\/wp-json\/wp\/v2\/product"}],"about":[{"href":"https:\/\/tecsecmty.com\/index.php\/wp-json\/wp\/v2\/types\/product"}],"replies":[{"embeddable":true,"href":"https:\/\/tecsecmty.com\/index.php\/wp-json\/wp\/v2\/comments?post=7218"}],"version-history":[{"count":0,"href":"https:\/\/tecsecmty.com\/index.php\/wp-json\/wp\/v2\/product\/7218\/revisions"}],"wp:featuredmedia":[{"embeddable":true,"href":"https:\/\/tecsecmty.com\/index.php\/wp-json\/wp\/v2\/media\/7217"}],"wp:attachment":[{"href":"https:\/\/tecsecmty.com\/index.php\/wp-json\/wp\/v2\/media?parent=7218"}],"wp:term":[{"taxonomy":"product_brand","embeddable":true,"href":"https:\/\/tecsecmty.com\/index.php\/wp-json\/wp\/v2\/product_brand?post=7218"},{"taxonomy":"product_cat","embeddable":true,"href":"https:\/\/tecsecmty.com\/index.php\/wp-json\/wp\/v2\/product_cat?post=7218"},{"taxonomy":"product_tag","embeddable":true,"href":"https:\/\/tecsecmty.com\/index.php\/wp-json\/wp\/v2\/product_tag?post=7218"}],"curies":[{"name":"wp","href":"https:\/\/api.w.org\/{rel}","templated":true}]}}