{"id":7220,"date":"2023-02-23T16:07:18","date_gmt":"2023-02-23T22:07:18","guid":{"rendered":"https:\/\/tecsecmty.com\/index.php\/producto\/utepo-utp108pvhd2-kit-de-transceptores-de-video-y-energia-para-8-canales-receptor-de-8-canales-1080p-hasta-200-metros-incluye-8-transceptores-para-camaras-de-hasta-1080p-envia-video-y-energia-en\/"},"modified":"2023-03-22T23:24:38","modified_gmt":"2023-03-23T05:24:38","slug":"utepo-utp108pvhd2-kit-de-transceptores-de-video-y-energia-para-8-canales-receptor-de-8-canales-1080p-hasta-200-metros-incluye-8-transceptores-para-camaras-de-hasta-1080p-envia-video-y-energia-en","status":"publish","type":"product","link":"https:\/\/tecsecmty.com\/index.php\/producto\/utepo-utp108pvhd2-kit-de-transceptores-de-video-y-energia-para-8-canales-receptor-de-8-canales-1080p-hasta-200-metros-incluye-8-transceptores-para-camaras-de-hasta-1080p-envia-video-y-energia-en\/","title":{"rendered":"UTEPO UTP108PVHD2 &#8211; Kit de Transceptores de Video y Energ\u00eda para 8 Canales\/ Receptor de 8 Canales 1080p Hasta 200 Metros\/ Incluye 8 Transceptores para C\u00e1maras de Hasta 1080p\/ Env\u00eda Video y Energ\u00eda en un Solo Cable UTP\/"},"content":{"rendered":"<div class=\"row aling-items-center padding-bottom-2x\">\n<div class=\"col-lg-12\">\n<h5 class=\"card-title text-center\">TRANSMISOR Y RECEPTOR DE 8 CANALES DE VIDEO Y ENERGIA<\/h5>\n<p>El modelo SAXXON UTP108PVHD2 puede transferir video de alta definici\u00f3n y energ\u00eda en tiempo real de hasta 300 metros* a trav\u00e9s de cable categor\u00eda 5e\/6; proporciona energ\u00eda para la c\u00e1mara a distancia, mientras tanto, retorna la se\u00f1al de de v\u00eddeo. Es compatible con HDCVI, HDTVI, AHD y video an\u00e1logo. Cuenta con alta calidad y alta capacidad en la fuente de alimentaci\u00f3n AC-DC; cada canal tiene protecci\u00f3n de energ\u00eda sobre corriente, cortocircuito, protecci\u00f3n de sobrecalentamiento y sobrecargas de corriente con LED de indicaci\u00f3n de funcionamiento anormal; adopta composici\u00f3n VGA-BNC con dise\u00f1o extensor que es f\u00e1cil para la instalaci\u00f3n de ingenier\u00eda;aspecto peque\u00f1o y delicado conveniente para el hogar, oficina, supermercado, hotel, etc. *La distancia m\u00e1xima var\u00eda de acuerdo a las tablas mostradas abajo.<\/p>\n<p><img decoding=\"async\" class=\"overview-center-img-\" src=\"https:\/\/tvc.mx\/media\/31\/TVT444008pr1.jpg\" alt=\"\" \/><\/div>\n<\/div>\n<div class=\"row aling-items-center padding-bottom-2x\">\n<div class=\"col-lg-12\">\n<h5 class=\"card-title text-center\">TRANSMISI\u00d3N 4 EN 1<\/h5>\n<p>&nbsp;<\/p>\n<p><img decoding=\"async\" class=\"overview-center-img-\" src=\"https:\/\/tvc.mx\/media\/93\/pr2.jpg\" alt=\"\" \/><\/div>\n<\/div>\n","protected":false},"excerpt":{"rendered":"<p>TRANSMISOR Y RECEPTOR DE 8 CANALES DE VIDEO Y ENERGIA El modelo SAXXON UTP108PVHD2 puede transferir video de alta definici\u00f3n y energ\u00eda en tiempo real de hasta 300 metros* a trav\u00e9s de cable categor\u00eda 5e\/6; proporciona energ\u00eda para la c\u00e1mara a distancia, mientras tanto, retorna&hellip;<\/p>\n","protected":false},"featured_media":7219,"comment_status":"open","ping_status":"closed","template":"","meta":{"om_disable_all_campaigns":false,"_monsterinsights_skip_tracking":false,"_monsterinsights_sitenote_active":false,"_monsterinsights_sitenote_note":"","_monsterinsights_sitenote_category":0},"product_brand":[],"product_cat":[645],"product_tag":[613,611,612,616,615,610,614,617],"class_list":{"0":"post-7220","1":"product","2":"type-product","3":"status-publish","4":"has-post-thumbnail","6":"product_cat-transceptores-accesorios-utepo-video-vigilancia","7":"product_tag-bosch","8":"product_tag-manhattan","9":"product_tag-saxxon","10":"product_tag-surveon","11":"product_tag-utepo","12":"product_tag-videovigilancia","13":"product_tag-vivotek","14":"product_tag-zteco","16":"first","17":"instock","18":"sale","19":"taxable","20":"shipping-taxable","21":"purchasable","22":"product-type-simple"},"aioseo_notices":[],"_links":{"self":[{"href":"https:\/\/tecsecmty.com\/index.php\/wp-json\/wp\/v2\/product\/7220","targetHints":{"allow":["GET"]}}],"collection":[{"href":"https:\/\/tecsecmty.com\/index.php\/wp-json\/wp\/v2\/product"}],"about":[{"href":"https:\/\/tecsecmty.com\/index.php\/wp-json\/wp\/v2\/types\/product"}],"replies":[{"embeddable":true,"href":"https:\/\/tecsecmty.com\/index.php\/wp-json\/wp\/v2\/comments?post=7220"}],"version-history":[{"count":0,"href":"https:\/\/tecsecmty.com\/index.php\/wp-json\/wp\/v2\/product\/7220\/revisions"}],"wp:featuredmedia":[{"embeddable":true,"href":"https:\/\/tecsecmty.com\/index.php\/wp-json\/wp\/v2\/media\/7219"}],"wp:attachment":[{"href":"https:\/\/tecsecmty.com\/index.php\/wp-json\/wp\/v2\/media?parent=7220"}],"wp:term":[{"taxonomy":"product_brand","embeddable":true,"href":"https:\/\/tecsecmty.com\/index.php\/wp-json\/wp\/v2\/product_brand?post=7220"},{"taxonomy":"product_cat","embeddable":true,"href":"https:\/\/tecsecmty.com\/index.php\/wp-json\/wp\/v2\/product_cat?post=7220"},{"taxonomy":"product_tag","embeddable":true,"href":"https:\/\/tecsecmty.com\/index.php\/wp-json\/wp\/v2\/product_tag?post=7220"}],"curies":[{"name":"wp","href":"https:\/\/api.w.org\/{rel}","templated":true}]}}