{"id":7224,"date":"2023-02-23T16:07:22","date_gmt":"2023-02-23T22:07:22","guid":{"rendered":"https:\/\/tecsecmty.com\/index.php\/producto\/utepo-utp116pvhd2-transmisor-y-receptor-de-16-canales-de-video-y-energia-hdcvi-tvi-a-hd-cvbs-distancia-400m-a-720p-200m-a-1080p\/"},"modified":"2023-03-22T23:24:38","modified_gmt":"2023-03-23T05:24:38","slug":"utepo-utp116pvhd2-transmisor-y-receptor-de-16-canales-de-video-y-energia-hdcvi-tvi-a-hd-cvbs-distancia-400m-a-720p-200m-a-1080p","status":"publish","type":"product","link":"https:\/\/tecsecmty.com\/index.php\/producto\/utepo-utp116pvhd2-transmisor-y-receptor-de-16-canales-de-video-y-energia-hdcvi-tvi-a-hd-cvbs-distancia-400m-a-720p-200m-a-1080p\/","title":{"rendered":"UTEPO UTP116PVHD2 &#8211; Transmisor y receptor de 16 canales de video y energia \/ HDCVI \/ TVI \/ A HD \/ CVBS \/ Distancia 400M a 720p \/ 200M A 1080p"},"content":{"rendered":"<div class=\"row align-items-center padding-bottom-2x\">\n<div class=\"col-md-5 order-md-2\"><img decoding=\"async\" class=\"d-block m-auto img-thumbnail\" src=\"https:\/\/tvc.mx\/media\/17330\/UTP116PV-HD2.png\" alt=\" \" \/><\/div>\n<div class=\"col-md-7 order-md-1 text-md-left text-center\">\n<h2>Informacion General<\/h2>\n<p class=\"text-muted\">\n<p>El transceptor UTP de 16 puertos de potencia y video HD puede transferir video de alta definici\u00f3n y potencia en hasta 300m a trav\u00e9s del cable Cat5 \/ 5e \/ 6 100% cobre; proporciona alimentaci\u00f3n DC24V de la salida RJ45 del Transceptor de 16 puertos para que con su transceptor individual que ya viene\u00a0<strong><u>incluido<\/u><\/strong>se regule el voltaje a 12V para la c\u00e1mara remota, mientras que la se\u00f1al de video de retorno. Es compatible con HDCVI, HDTVI, AHD y video anal\u00f3gico; cada canal de alimentaci\u00f3n tiene sobrecorriente, cortocircuito, protecci\u00f3n de sobrecalentamiento e indicaci\u00f3n LED anormal de sobrecorriente; El aspecto peque\u00f1o y delicado es adecuado para el hogar, la oficina, el supermercado, el hotel, etc.<\/p>\n<p>&nbsp;<\/p>\n<\/div>\n<\/div>\n<hr class=\"padding-bottom-2x\" \/>\n<div class=\"row align-items-center padding-bottom-2x\">\n<div class=\"col-md-5\"><img decoding=\"async\" class=\"d-block m-auto img-thumbnail\" src=\"https:\/\/tvc.mx\/media\/17333\/Video-y-energia.png\" alt=\" \" \/><\/div>\n<div class=\"col-md-7 text-md-left text-center\">\n<h2>Video y energia<\/h2>\n<p class=\"text-muted\">\n<p>&nbsp;<\/p>\n<p>&nbsp;<\/p>\n<\/div>\n<\/div>\n<hr class=\"padding-bottom-2x\" \/>\n<div class=\"row align-items-center padding-bottom-2x\">\n<div class=\"col-md-5 order-md-2\"><img decoding=\"async\" class=\"d-block m-auto img-thumbnail\" src=\"https:\/\/tvc.mx\/media\/17334\/4-in-1.png\" alt=\" \" \/><\/div>\n<div class=\"col-md-7 order-md-1 text-md-left text-center\">\n<h2>Transmision 4 en 1<\/h2>\n<p class=\"text-muted\">\n<p>&nbsp;<\/p>\n<p>&nbsp;<\/p>\n<\/div>\n<\/div>\n<hr class=\"padding-bottom-2x\" \/>\n<div class=\"row align-items-center padding-bottom-2x\">\n<div class=\"col-md-5\"><img decoding=\"async\" class=\"d-block m-auto img-thumbnail\" src=\"https:\/\/tvc.mx\/media\/17335\/12V-DC.png\" alt=\" \" \/><\/div>\n<div class=\"col-md-7 text-md-left text-center\">\n<h2>Energia constante<\/h2>\n<p class=\"text-muted\">\n<p>&nbsp;<\/p>\n<p>&nbsp;<\/p>\n<\/div>\n<\/div>\n<hr class=\"padding-bottom-2x\" \/>\n<div class=\"row align-items-center padding-bottom-2x\">\n<div class=\"col-md-5 order-md-2\"><img decoding=\"async\" class=\"d-block m-auto img-thumbnail\" src=\"https:\/\/tvc.mx\/media\/17336\/Distancia.png\" alt=\" \" \/><\/div>\n<div class=\"col-md-7 order-md-1 text-md-left text-center\">\n<h2>Largo alcance<\/h2>\n<p class=\"text-muted\">\n<p>&nbsp;<\/p>\n<p>&nbsp;<\/p>\n<\/div>\n<\/div>\n<hr class=\"padding-bottom-2x\" \/>\n<div class=\"row align-items-center padding-bottom-2x\">\n<div class=\"col-md-5\"><img decoding=\"async\" class=\"d-block m-auto img-thumbnail\" src=\"https:\/\/tvc.mx\/media\/17337\/Saturacion-de-color.png\" alt=\" \" \/><\/div>\n<div class=\"col-md-7 text-md-left text-center\">\n<h2>Mayor saturacion de color<\/h2>\n<\/div>\n<\/div>\n","protected":false},"excerpt":{"rendered":"<p>Informacion General El transceptor UTP de 16 puertos de potencia y video HD puede transferir video de alta definici\u00f3n y potencia en hasta 300m a trav\u00e9s del cable Cat5 \/ 5e \/ 6 100% cobre; proporciona alimentaci\u00f3n DC24V de la salida RJ45 del Transceptor de&hellip;<\/p>\n","protected":false},"featured_media":7223,"comment_status":"open","ping_status":"closed","template":"","meta":{"om_disable_all_campaigns":false,"_monsterinsights_skip_tracking":false,"_monsterinsights_sitenote_active":false,"_monsterinsights_sitenote_note":"","_monsterinsights_sitenote_category":0},"product_brand":[],"product_cat":[645],"product_tag":[613,611,612,616,615,610,614,617],"class_list":{"0":"post-7224","1":"product","2":"type-product","3":"status-publish","4":"has-post-thumbnail","6":"product_cat-transceptores-accesorios-utepo-video-vigilancia","7":"product_tag-bosch","8":"product_tag-manhattan","9":"product_tag-saxxon","10":"product_tag-surveon","11":"product_tag-utepo","12":"product_tag-videovigilancia","13":"product_tag-vivotek","14":"product_tag-zteco","16":"first","17":"instock","18":"sale","19":"taxable","20":"shipping-taxable","21":"purchasable","22":"product-type-simple"},"aioseo_notices":[],"_links":{"self":[{"href":"https:\/\/tecsecmty.com\/index.php\/wp-json\/wp\/v2\/product\/7224","targetHints":{"allow":["GET"]}}],"collection":[{"href":"https:\/\/tecsecmty.com\/index.php\/wp-json\/wp\/v2\/product"}],"about":[{"href":"https:\/\/tecsecmty.com\/index.php\/wp-json\/wp\/v2\/types\/product"}],"replies":[{"embeddable":true,"href":"https:\/\/tecsecmty.com\/index.php\/wp-json\/wp\/v2\/comments?post=7224"}],"version-history":[{"count":0,"href":"https:\/\/tecsecmty.com\/index.php\/wp-json\/wp\/v2\/product\/7224\/revisions"}],"wp:featuredmedia":[{"embeddable":true,"href":"https:\/\/tecsecmty.com\/index.php\/wp-json\/wp\/v2\/media\/7223"}],"wp:attachment":[{"href":"https:\/\/tecsecmty.com\/index.php\/wp-json\/wp\/v2\/media?parent=7224"}],"wp:term":[{"taxonomy":"product_brand","embeddable":true,"href":"https:\/\/tecsecmty.com\/index.php\/wp-json\/wp\/v2\/product_brand?post=7224"},{"taxonomy":"product_cat","embeddable":true,"href":"https:\/\/tecsecmty.com\/index.php\/wp-json\/wp\/v2\/product_cat?post=7224"},{"taxonomy":"product_tag","embeddable":true,"href":"https:\/\/tecsecmty.com\/index.php\/wp-json\/wp\/v2\/product_tag?post=7224"}],"curies":[{"name":"wp","href":"https:\/\/api.w.org\/{rel}","templated":true}]}}