{"id":7226,"date":"2023-02-23T16:07:23","date_gmt":"2023-02-23T22:07:23","guid":{"rendered":"https:\/\/tecsecmty.com\/index.php\/producto\/utepo-utp1201xphd-aislador-pasivo-de-tierra-por-bnc-en-hd-elimina-ruido-e-interferencia-en-el-video-ocasionado-por-lazos-de-tierra-soporta-senales-de-video-hdcvi-tvi-ahd\/"},"modified":"2023-03-22T23:24:38","modified_gmt":"2023-03-23T05:24:38","slug":"utepo-utp1201xphd-aislador-pasivo-de-tierra-por-bnc-en-hd-elimina-ruido-e-interferencia-en-el-video-ocasionado-por-lazos-de-tierra-soporta-senales-de-video-hdcvi-tvi-ahd","status":"publish","type":"product","link":"https:\/\/tecsecmty.com\/index.php\/producto\/utepo-utp1201xphd-aislador-pasivo-de-tierra-por-bnc-en-hd-elimina-ruido-e-interferencia-en-el-video-ocasionado-por-lazos-de-tierra-soporta-senales-de-video-hdcvi-tvi-ahd\/","title":{"rendered":"UTEPO UTP1201XPHD &#8211; Aislador pasivo de tierra por BNC en HD \/ Elimina ruido e interferencia en el video ocasionado por lazos de tierra\/ soporta se\u00f1ales de video HDCVI\/ TVI\/ AHD"},"content":{"rendered":"<div class=\"row align-items-center padding-bottom-2x\">\n<div class=\"col-md-5 order-md-2\"><img decoding=\"async\" class=\"d-block m-auto img-thumbnail\" src=\"https:\/\/tvc.mx\/media\/95153\/Aisaldor-pasivo-BNC-UTEPO---Banner.png\" alt=\" \" \/><\/div>\n<div class=\"col-md-7 order-md-1 text-md-left text-center\">\n<h2>Informaci\u00f3n general.<\/h2>\n<p class=\"text-muted\">\n<p>Dispositivo HD-V\u00eddeo Anti-Interference es un aislador pasivo de circuito de tierra de alta eficiencia y alta confiabilidad para se\u00f1al de v\u00eddeo HDCVI \/ HDTVI \/ AHD \/ An\u00e1logo sobre cable coaxial.\u00a0Su adopci\u00f3n de la tecnolog\u00eda de aislamiento magn\u00e9tico puede resolver de manera efectiva los problemas de interferencia causados \u200b\u200bpor diferentes potenciales de tierra durante la transmisi\u00f3n, lo que mejora la capacidad antiinterferencia de v\u00eddeo y elimina efectivamente las im\u00e1genes divididas y desplazables.\u00a0El dispositivo integrado en el sistema de protecci\u00f3n contra rayos mejora la estabilidad.\u00a0Es ampliamente utilizado en varios proyectos complicados de vigilancia de seguridad.<\/p>\n<p>&nbsp;<\/p>\n<\/div>\n<\/div>\n<hr class=\"padding-bottom-2x\" \/>\n<div class=\"row align-items-center padding-bottom-2x\">\n<div class=\"col-md-5\"><img decoding=\"async\" class=\"d-block m-auto img-thumbnail\" src=\"https:\/\/tvc.mx\/media\/95161\/Aisaldor-pasivo-BNC-UTEPO---OVL1.png\" alt=\" \" \/><\/div>\n<div class=\"col-md-7 text-md-left text-center\">\n<h2>Caracter\u00edsticas.<\/h2>\n<p class=\"text-muted\">\n<ul>\n<li>Pasivo, no requiere potencia<\/li>\n<li>Eliminar la distorsi\u00f3n de v\u00eddeo causada por el circuito de tierra<\/li>\n<li>Elimine problemas como desgarro de imagen, conversaci\u00f3n cruzada, rodamiento, etc.<\/li>\n<li>Totalmente compatible con se\u00f1ales de v\u00eddeo anal\u00f3gico HDCVI, HDTVI, AHD<\/li>\n<li>Tensi\u00f3n aislada de 800v incorporada<\/li>\n<li>Excelente capacidad anti-interferencia, protecci\u00f3n superior de iluminaci\u00f3n,\u00a0capacidad\u00a0ESD y EFT<\/li>\n<li>Soporte unibody, con peque\u00f1o volumen<\/li>\n<\/ul>\n<p>&nbsp;<\/p>\n<\/div>\n<\/div>\n<hr class=\"padding-bottom-2x\" \/>\n<div class=\"row align-items-center padding-bottom-2x\">\n<div class=\"col-md-5 order-md-2\"><img decoding=\"async\" class=\"d-block m-auto img-thumbnail\" src=\"https:\/\/tvc.mx\/media\/95165\/Aisaldor-pasivo-BNC-UTEPO---OVL2.png\" alt=\" \" \/><\/div>\n<div class=\"col-md-7 order-md-1 text-md-left text-center\">\n<h2>Especificaciones.<\/h2>\n<p class=\"text-muted\">\n<ul>\n<li>P\u00e9rdida de inserci\u00f3n: 0.5dB<\/li>\n<li>Respuesta frecuente: 5Hz-70MHz<\/li>\n<li>Impedancia de entrada: 75\u03a9<\/li>\n<li>Impedancia de salida: 75\u03a9<\/li>\n<li>Tensi\u00f3n de aislamiento: 800V (m\u00ednimo\u00a0\uff09<\/li>\n<li>Resistencia de aislamiento: 100 millones de ohmios<\/li>\n<li>Oleada: Nivel 3 seg\u00fan IEC61000-4-5<\/li>\n<li>ESD: Descarga de contacto: 6KV Descarga de aire: 8KV seg\u00fan IEC61000-4-2<\/li>\n<li>temperatura de operaci\u00f3n: -10 \u2103 ~ 55 \u2103<\/li>\n<li>Temperatura de almacenamiento: -40 \u2103 ~ 85 \u2103<\/li>\n<li>Humedad (sin condensaci\u00f3n): 0 ~ 95%<\/li>\n<li>Dimensiones\u00a0\uff08L \u00d7 W \u00d7 H\u00a0): 41mmX24.5mmX21.6mm<\/li>\n<li>Material: Pl\u00e1sticos ABS<\/li>\n<li>Color: Negro<\/li>\n<li>Peso: 51g<\/li>\n<\/ul>\n<\/div>\n<\/div>\n","protected":false},"excerpt":{"rendered":"<p>Informaci\u00f3n general. Dispositivo HD-V\u00eddeo Anti-Interference es un aislador pasivo de circuito de tierra de alta eficiencia y alta confiabilidad para se\u00f1al de v\u00eddeo HDCVI \/ HDTVI \/ AHD \/ An\u00e1logo sobre cable coaxial.\u00a0Su adopci\u00f3n de la tecnolog\u00eda de aislamiento magn\u00e9tico puede resolver de manera efectiva&hellip;<\/p>\n","protected":false},"featured_media":7225,"comment_status":"open","ping_status":"closed","template":"","meta":{"om_disable_all_campaigns":false,"_monsterinsights_skip_tracking":false,"_monsterinsights_sitenote_active":false,"_monsterinsights_sitenote_note":"","_monsterinsights_sitenote_category":0},"product_brand":[],"product_cat":[645],"product_tag":[613,611,612,616,615,610,614,617],"class_list":{"0":"post-7226","1":"product","2":"type-product","3":"status-publish","4":"has-post-thumbnail","6":"product_cat-transceptores-accesorios-utepo-video-vigilancia","7":"product_tag-bosch","8":"product_tag-manhattan","9":"product_tag-saxxon","10":"product_tag-surveon","11":"product_tag-utepo","12":"product_tag-videovigilancia","13":"product_tag-vivotek","14":"product_tag-zteco","16":"first","17":"instock","18":"sale","19":"taxable","20":"shipping-taxable","21":"purchasable","22":"product-type-simple"},"aioseo_notices":[],"_links":{"self":[{"href":"https:\/\/tecsecmty.com\/index.php\/wp-json\/wp\/v2\/product\/7226","targetHints":{"allow":["GET"]}}],"collection":[{"href":"https:\/\/tecsecmty.com\/index.php\/wp-json\/wp\/v2\/product"}],"about":[{"href":"https:\/\/tecsecmty.com\/index.php\/wp-json\/wp\/v2\/types\/product"}],"replies":[{"embeddable":true,"href":"https:\/\/tecsecmty.com\/index.php\/wp-json\/wp\/v2\/comments?post=7226"}],"version-history":[{"count":0,"href":"https:\/\/tecsecmty.com\/index.php\/wp-json\/wp\/v2\/product\/7226\/revisions"}],"wp:featuredmedia":[{"embeddable":true,"href":"https:\/\/tecsecmty.com\/index.php\/wp-json\/wp\/v2\/media\/7225"}],"wp:attachment":[{"href":"https:\/\/tecsecmty.com\/index.php\/wp-json\/wp\/v2\/media?parent=7226"}],"wp:term":[{"taxonomy":"product_brand","embeddable":true,"href":"https:\/\/tecsecmty.com\/index.php\/wp-json\/wp\/v2\/product_brand?post=7226"},{"taxonomy":"product_cat","embeddable":true,"href":"https:\/\/tecsecmty.com\/index.php\/wp-json\/wp\/v2\/product_cat?post=7226"},{"taxonomy":"product_tag","embeddable":true,"href":"https:\/\/tecsecmty.com\/index.php\/wp-json\/wp\/v2\/product_tag?post=7226"}],"curies":[{"name":"wp","href":"https:\/\/api.w.org\/{rel}","templated":true}]}}