{"id":7228,"date":"2023-02-23T16:07:25","date_gmt":"2023-02-23T22:07:25","guid":{"rendered":"https:\/\/tecsecmty.com\/index.php\/producto\/utepo-utp7301epoc-kit-extensor-poe-sobre-cable-coaxial-y-utp-hasta-500mts-por-cable-coaxial-hasta-400-mts-por-cable-utp-30w-poe-poe-100mbps-incluye-transmisor-y-receptor\/"},"modified":"2023-03-22T23:24:39","modified_gmt":"2023-03-23T05:24:39","slug":"utepo-utp7301epoc-kit-extensor-poe-sobre-cable-coaxial-y-utp-hasta-500mts-por-cable-coaxial-hasta-400-mts-por-cable-utp-30w-poe-poe-100mbps-incluye-transmisor-y-receptor","status":"publish","type":"product","link":"https:\/\/tecsecmty.com\/index.php\/producto\/utepo-utp7301epoc-kit-extensor-poe-sobre-cable-coaxial-y-utp-hasta-500mts-por-cable-coaxial-hasta-400-mts-por-cable-utp-30w-poe-poe-100mbps-incluye-transmisor-y-receptor\/","title":{"rendered":"UTEPO UTP7301EPOC &#8211; Kit Extensor POE sobre Cable Coaxial y UTP, Hasta 500mts por cable coaxial, Hasta 400 mts por cable UTP, 30W PoE\/ PoE+, 100Mbps, Incluye transmisor y receptor"},"content":{"rendered":"<p>El\u00a0 modelo UTP7301EPOC puede\u00a0 transferir\u00a0 la se\u00f1al\u00a0 Ethernet \u00a0por cable\u00a0 coaxial.<\/p>\n<p>Es\u00a0 ampliamente utilizado en\u00a0 instalaciones de cctv que\u00a0 ya\u00a0 cuentan con la instalaci\u00f3n de\u00a0 cable\u00a0 coaxial y\u00a0 desean\u00a0 emigrar\u00a0 a\u00a0 c\u00e1maras\u00a0 de\u00a0 seguridad IP sin\u00a0 tener\u00a0 que volver a\u00a0 realizar \u00a0la instalaci\u00f3n.<\/p>\n<p>Distancia de\u00a0 transmisi\u00f3n hasta 400 metros.<\/p>\n<p>&nbsp;<\/p>\n<p>&nbsp;<\/p>\n<p>&nbsp;<\/p>\n<p>Ficha Tecnica:<\/p>\n<table border=\"1\" cellspacing=\"0\" cellpadding=\"0\" align=\"center\">\n<tbody>\n<tr>\n<td colspan=\"2\">\n<p align=\"center\"><strong>Art\u00edculo<\/strong><\/p>\n<\/td>\n<td width=\"256\">\n<p align=\"center\"><strong>Descripci\u00f3n<\/strong><\/p>\n<\/td>\n<\/tr>\n<tr>\n<td rowspan=\"3\" width=\"118\">\n<p align=\"center\">Energ\u00eda<\/p>\n<\/td>\n<td width=\"175\">\n<p align=\"center\">Fuente De Alimentaci\u00f3n<\/p>\n<\/td>\n<td width=\"256\">\n<p align=\"center\">PoE Fuente de alimentaci\u00f3n o el adaptador de alimentaci\u00f3n<\/p>\n<\/td>\n<\/tr>\n<tr>\n<td width=\"175\">\n<p align=\"center\">Rango de voltaje<\/p>\n<\/td>\n<td width=\"256\">\n<p align=\"center\">DC48V ~ 57V<\/p>\n<\/td>\n<\/tr>\n<tr>\n<td>\n<p align=\"center\">Consumo de energ\u00eda<\/p>\n<\/td>\n<td width=\"256\">\n<p align=\"center\">&lt;2W<\/p>\n<\/td>\n<\/tr>\n<tr>\n<td rowspan=\"5\" width=\"118\">\n<p align=\"center\">Par\u00e1metros de Puerto Ethernet<\/p>\n<\/td>\n<td width=\"175\">\n<p align=\"center\">Puerto Ethernet<\/p>\n<\/td>\n<td width=\"256\">\n<p align=\"center\">EPOC: 0&#8211;100Mbps Ethernet: 10 \/ 100Mbps<br \/>\nde ancho de banda de transmisi\u00f3n con cambios Distancia de transmisi\u00f3n, por favor consulte la Tabla 1<\/p>\n<\/td>\n<\/tr>\n<tr>\n<td width=\"175\">\n<p align=\"center\">Distancia de transmisi\u00f3n<\/p>\n<\/td>\n<td width=\"256\">\n<p align=\"center\">EPOC Cable Coaxial: 0-500m<br \/>\nCable de red EPOC: 0-400m<\/p>\n<\/td>\n<\/tr>\n<tr>\n<td>\n<p align=\"center\">Medio de transmisi\u00f3n<\/p>\n<\/td>\n<td>\n<p align=\"center\">Por encima de 75-5 de cable coaxial y Cat5e \/ 6<\/p>\n<\/td>\n<\/tr>\n<tr>\n<td>\n<p align=\"center\">Acuerdo PoE<\/p>\n<\/td>\n<td>\n<p align=\"center\">Soporte IEEE802.3af, IEEE802.3at<\/p>\n<\/td>\n<\/tr>\n<tr>\n<td>\n<p align=\"center\">Fuente de alimentaci\u00f3n PoE<\/p>\n<\/td>\n<td>\n<p align=\"center\">Soporte End-palmo y medio de envergadura<\/p>\n<\/td>\n<\/tr>\n<tr>\n<td rowspan=\"2\" width=\"118\">\n<p align=\"center\">Ethernet<\/p>\n<\/td>\n<td width=\"175\">\n<p align=\"center\">Ethernet est\u00e1ndar<\/p>\n<\/td>\n<td width=\"256\">\n<p align=\"center\">IEEE802.3 10BASE-T, 100BASE-TX IEEE802.3u \/ FX<\/p>\n<\/td>\n<\/tr>\n<tr>\n<td>\n<p align=\"center\">Retardo<\/p>\n<\/td>\n<td width=\"256\"><\/td>\n<\/tr>\n<tr>\n<td width=\"118\">\n<p align=\"center\">Estado<\/p>\n<\/td>\n<td width=\"175\">\n<p align=\"center\">Indicador LED<\/p>\n<\/td>\n<td width=\"256\">\n<p align=\"center\">Puerto PoE IN \/ OUT:<br \/>\nUno indica la fuente de alimentaci\u00f3n PoE o el estado de alimentaci\u00f3n de CC (RJ45 amarillo), uno indica la transmisi\u00f3n de se\u00f1ales de Ethernet (RJ45 verde);<br \/>\nEPOC Puerto: indica transmisi\u00f3n de se\u00f1al (RJ45 amarillo \/ verde)<\/p>\n<\/td>\n<\/tr>\n<tr>\n<td rowspan=\"2\" width=\"118\">\n<p align=\"center\">Protecci\u00f3n<\/p>\n<\/td>\n<td width=\"175\">\n<p align=\"center\">ESD<\/p>\n<\/td>\n<td width=\"256\">\n<p align=\"center\">1a Descarga en Contacto nivel 3<br \/>\n1b nivel de descarga de aire 3<br \/>\nPer: IEC61000-4-2<\/p>\n<\/td>\n<\/tr>\n<tr>\n<td>\n<p align=\"center\">Protecci\u00f3n anti descarga<\/p>\n<\/td>\n<td width=\"256\">\n<p align=\"center\">Per: IEC61000-4-5 nivel 3<\/p>\n<\/td>\n<\/tr>\n<tr>\n<td rowspan=\"3\" width=\"118\">\n<p align=\"center\">Ambiental<\/p>\n<\/td>\n<td width=\"175\">\n<p align=\"center\">Temperatura de trabajo<\/p>\n<\/td>\n<td width=\"256\">\n<p align=\"center\">0 \u2103 ~ 55 \u2103<\/p>\n<\/td>\n<\/tr>\n<tr>\n<td width=\"175\">\n<p align=\"center\">Temperatura de almacenamiento<\/p>\n<\/td>\n<td width=\"256\">\n<p align=\"center\">-40\u00a0\u2103\u00a0-85\u00a0\u2103<\/p>\n<\/td>\n<\/tr>\n<tr>\n<td width=\"175\">\n<p align=\"center\">Humedad (sin condensaci\u00f3n)<\/p>\n<\/td>\n<td width=\"256\">\n<p align=\"center\">0-95%<\/p>\n<\/td>\n<\/tr>\n<tr>\n<td rowspan=\"4\" width=\"118\">\n<p align=\"center\">Mec\u00e1nico<\/p>\n<\/td>\n<td width=\"175\">\n<p align=\"center\">Dimensi\u00f3n (L x W x H)<\/p>\n<\/td>\n<td width=\"256\">\n<p align=\"center\">63.2mm \u00d7 82mm \u00d7 25mm<\/p>\n<\/td>\n<\/tr>\n<tr>\n<td width=\"175\">\n<p align=\"center\">Material<\/p>\n<\/td>\n<td width=\"256\">\n<p align=\"center\">Aluminio<\/p>\n<\/td>\n<\/tr>\n<tr>\n<td width=\"175\">\n<p align=\"center\">Color<\/p>\n<\/td>\n<td width=\"256\">\n<p align=\"center\">Negro<\/p>\n<\/td>\n<\/tr>\n<tr>\n<td width=\"175\">\n<p align=\"center\">Peso<\/p>\n<\/td>\n<td width=\"256\">\n<p align=\"center\">IPC: 153g;\u00a0SV: 154g<\/p>\n<\/td>\n<\/tr>\n<tr>\n<td width=\"118\">\n<p align=\"center\">Estabilidad<\/p>\n<\/td>\n<td width=\"175\">\n<p align=\"center\">MTBF<\/p>\n<\/td>\n<td width=\"256\">\n<p align=\"center\">&gt; 30000h<\/p>\n<\/td>\n<\/tr>\n<\/tbody>\n<\/table>\n<p>&nbsp;<\/p>\n<p>&nbsp;<\/p>\n<p>&nbsp;<\/p>\n<p>&nbsp;<\/p>\n<p>Principales Caracteristicas:<\/p>\n<ul>\n<li>El equipo consta de dos partes: SV-Unidad y el IPC-Unit.<\/li>\n<li>SV-Unidad tiene puerto DC 48-57V, un puerto de entrada PoE y dos puertos de salida: BNC y RJ45.<\/li>\n<li>IPC-Unidad cuenta con dos puertos de entrada: BNC y RJ45, un puerto de salida PoE.<\/li>\n<li>Soporta los est\u00e1ndares: IEEE802.3 10BASE-T, 100BASE-TX IEEE802.3u, IEEE802.3af \/ a.<\/li>\n<li>Protecci\u00f3n: protecci\u00f3n a descargas el\u00e9ctricas.<\/li>\n<li>Temperatura de trabajo: 0 \u2103 ~ 55 \u2103;<\/li>\n<li>Instalaci\u00f3n: Plug-and-play, no requiere ajustes.<\/li>\n<\/ul>\n<p>&nbsp;<\/p>\n","protected":false},"excerpt":{"rendered":"<p>El\u00a0 modelo UTP7301EPOC puede\u00a0 transferir\u00a0 la se\u00f1al\u00a0 Ethernet \u00a0por cable\u00a0 coaxial. Es\u00a0 ampliamente utilizado en\u00a0 instalaciones de cctv que\u00a0 ya\u00a0 cuentan con la instalaci\u00f3n de\u00a0 cable\u00a0 coaxial y\u00a0 desean\u00a0 emigrar\u00a0 a\u00a0 c\u00e1maras\u00a0 de\u00a0 seguridad IP sin\u00a0 tener\u00a0 que volver a\u00a0 realizar \u00a0la instalaci\u00f3n. Distancia de\u00a0&hellip;<\/p>\n","protected":false},"featured_media":7227,"comment_status":"open","ping_status":"closed","template":"","meta":{"om_disable_all_campaigns":false,"_monsterinsights_skip_tracking":false,"_monsterinsights_sitenote_active":false,"_monsterinsights_sitenote_note":"","_monsterinsights_sitenote_category":0},"product_brand":[],"product_cat":[645],"product_tag":[613,611,612,616,615,610,614,617],"class_list":{"0":"post-7228","1":"product","2":"type-product","3":"status-publish","4":"has-post-thumbnail","6":"product_cat-transceptores-accesorios-utepo-video-vigilancia","7":"product_tag-bosch","8":"product_tag-manhattan","9":"product_tag-saxxon","10":"product_tag-surveon","11":"product_tag-utepo","12":"product_tag-videovigilancia","13":"product_tag-vivotek","14":"product_tag-zteco","16":"first","17":"instock","18":"sale","19":"taxable","20":"shipping-taxable","21":"purchasable","22":"product-type-simple"},"aioseo_notices":[],"_links":{"self":[{"href":"https:\/\/tecsecmty.com\/index.php\/wp-json\/wp\/v2\/product\/7228","targetHints":{"allow":["GET"]}}],"collection":[{"href":"https:\/\/tecsecmty.com\/index.php\/wp-json\/wp\/v2\/product"}],"about":[{"href":"https:\/\/tecsecmty.com\/index.php\/wp-json\/wp\/v2\/types\/product"}],"replies":[{"embeddable":true,"href":"https:\/\/tecsecmty.com\/index.php\/wp-json\/wp\/v2\/comments?post=7228"}],"version-history":[{"count":0,"href":"https:\/\/tecsecmty.com\/index.php\/wp-json\/wp\/v2\/product\/7228\/revisions"}],"wp:featuredmedia":[{"embeddable":true,"href":"https:\/\/tecsecmty.com\/index.php\/wp-json\/wp\/v2\/media\/7227"}],"wp:attachment":[{"href":"https:\/\/tecsecmty.com\/index.php\/wp-json\/wp\/v2\/media?parent=7228"}],"wp:term":[{"taxonomy":"product_brand","embeddable":true,"href":"https:\/\/tecsecmty.com\/index.php\/wp-json\/wp\/v2\/product_brand?post=7228"},{"taxonomy":"product_cat","embeddable":true,"href":"https:\/\/tecsecmty.com\/index.php\/wp-json\/wp\/v2\/product_cat?post=7228"},{"taxonomy":"product_tag","embeddable":true,"href":"https:\/\/tecsecmty.com\/index.php\/wp-json\/wp\/v2\/product_tag?post=7228"}],"curies":[{"name":"wp","href":"https:\/\/api.w.org\/{rel}","templated":true}]}}