{"id":7234,"date":"2023-02-23T16:07:31","date_gmt":"2023-02-23T22:07:31","guid":{"rendered":"https:\/\/tecsecmty.com\/index.php\/producto\/bosch-vnbe3503alp-bullet-5-mp-hdr-32-10-mm-ip66-ik10-ir\/"},"modified":"2023-03-22T23:22:10","modified_gmt":"2023-03-23T05:22:10","slug":"bosch-vnbe3503alp-bullet-5-mp-hdr-32-10-mm-ip66-ik10-ir","status":"publish","type":"product","link":"https:\/\/tecsecmty.com\/index.php\/producto\/bosch-vnbe3503alp-bullet-5-mp-hdr-32-10-mm-ip66-ik10-ir\/","title":{"rendered":"BOSCH VNBE3503ALP- Bullet 5 MP HDR 3,2-10 mm IP66 IK10 IR"},"content":{"rendered":"<div class=\"row aling-items-center padding-bottom-2x\">\n<div class=\"col-lg-12\">\n<h5 class=\"card-title text-center\">Descripci\u00f3n inicial<\/h5>\n<p>Transmisi\u00f3n totalmente configurable de m\u00faltiples flujos H.265<\/p>\n<p>Resoluciones de 1080p y 5 MP<\/p>\n<p><strong>Essential Video Analytics<\/strong>\u00a0integrado para activar las alertas relevantes y recuperar los datos de forma r\u00e1pida<\/p>\n<p>F\u00e1cil instalaci\u00f3n con lente de zoom\/enfoque<\/p>\n<p>Iluminador por infrarrojos integrado con 30\u00a0m (98\u00a0pies) de distancia de visualizaci\u00f3n<\/p>\n<p><img decoding=\"async\" class=\"overview-center-img-web\" src=\"https:\/\/tvc.mx\/media\/403087\/BANNER-CCTV.png\" alt=\"\" \/><\/div>\n<\/div>\n<div class=\"row align-items-center padding-bottom-2x\">\n<div class=\"col-md-5 order-md-2\"><img decoding=\"async\" class=\"d-block m-auto img-thumbnail\" src=\"https:\/\/tvc.mx\/media\/403095\/Sin-t%C3%ADtulo-1.png\" alt=\" \" \/><\/div>\n<div class=\"col-md-7 order-md-1 text-md-left text-center\">\n<h2>Funciones b\u00e1sicas<\/h2>\n<p class=\"text-muted\">\n<p class=\"ql-align-justify\"><strong>Essential Video Analytics<\/strong><\/p>\n<p class=\"ql-align-justify\">El an\u00e1lisis de v\u00eddeo integrado refuerza el concepto de \u00abinteligencia en origen\u00bb y proporciona ahora funciones a\u00fan m\u00e1s potentes. Essential Video Analytics resulta ideal para su uso en entornos controlados con intervalos de detecci\u00f3n limitada. El sistema detecta objetos, realiza su seguimiento y los analiza de forma fiable y, a continuaci\u00f3n, notifica la activaci\u00f3n de las alarmas predefinidas. Mediante un conjunto inteligente de reglas de alarma, facilita las tareas complejas y reduce al m\u00ednimo las falsas alarmas. Se a\u00f1aden metadatos al v\u00eddeo para dar sentido y estructura. Esto permite recuperar r\u00e1pidamente las im\u00e1genes pertinentes de horas de grabaci\u00f3n de v\u00eddeo almacenadas. Los metadatos tambi\u00e9n se pueden usar para proporcionar pruebas periciales irrefutables o para optimizar los procesos empresariales en funci\u00f3n de los datos de recuento de personas o de densidad de multitudes.<\/p>\n<p class=\"ql-align-justify\"><strong>Alto rango din\u00e1mico<\/strong><\/p>\n<p class=\"ql-align-justify\">El modo de alto rango din\u00e1mico se basa en un proceso de exposici\u00f3n m\u00faltiple que captura m\u00e1s detalles en las zonas iluminadas y en las sombras, incluso en la misma escena. Como resultado, puede distinguir f\u00e1cilmente los objetos y los detalles, por ejemplo, rostros con un contraluz intenso. El rango din\u00e1mico real de la c\u00e1mara se mide mediante el an\u00e1lisis de la funci\u00f3n de conversi\u00f3n optoelectr\u00f3nica (OECF) conforme al apartado\u00a05 de IEC\u00a062676.<\/p>\n<p class=\"ql-align-justify\">Flujo inteligente Es posible adaptar cada uno de estos flujos por separado para ofrecer un v\u00eddeo de alta calidad, perfectamente adaptado a cada finalidad, a la vez que se reduce la tasa de bits hasta un 90\u00a0% en comparaci\u00f3n con una c\u00e1mara est\u00e1ndar. Las capacidades de codificaci\u00f3n inteligentes, junto con la tecnolog\u00eda Intelligent Dynamic Noise Reduction y el an\u00e1lisis, reducen el consumo de ancho de banda a niveles extremadamente bajos. Solo es necesario codificar la informaci\u00f3n relevante de la escena, como el movimiento o los objetos encontrados con el an\u00e1lisis. La c\u00e1mara es capaz de realizar transmisiones tripes de flujo, lo que permite generar flujos configurables independientes para visualizaciones en directo, grabaciones o monitorizaci\u00f3n remota a trav\u00e9s de anchos de banda restringidos.<\/p>\n<p>&nbsp;<\/p>\n<\/div>\n<\/div>\n<hr class=\"padding-bottom-2x\" \/>\n<div class=\"row align-items-center padding-bottom-2x\">\n<div class=\"col-md-5 order-md-2\"><img decoding=\"async\" class=\"d-block m-auto img-thumbnail\" src=\"https:\/\/tvc.mx\/media\/403099\/flujoInt.png\" alt=\" \" \/><\/div>\n<div class=\"col-md-7 order-md-1 text-md-left text-center\">\n<h2>Flujo inteligente<\/h2>\n<p class=\"text-muted\">\n<p class=\"ql-align-justify\">Es posible adaptar cada uno de estos flujos por separado para ofrecer un v\u00eddeo de alta calidad, perfectamente adaptado a cada finalidad, a la vez que se reduce la tasa de bits hasta un 90\u00a0% en comparaci\u00f3n con una c\u00e1mara est\u00e1ndar. Las capacidades de codificaci\u00f3n inteligentes, junto con la tecnolog\u00eda Intelligent Dynamic Noise Reduction y el an\u00e1lisis, reducen el consumo de ancho de banda a niveles extremadamente bajos. Solo es necesario codificar la informaci\u00f3n relevante de la escena, como el movimiento o los objetos encontrados con el an\u00e1lisis. La c\u00e1mara es capaz de realizar transmisiones tripes de flujo, lo que permite generar flujos configurables independientes para visualizaciones en directo, grabaciones o monitorizaci\u00f3n remota a trav\u00e9s de anchos de banda restringidos.<\/p>\n<p class=\"ql-align-justify\"><strong>Codificaci\u00f3n de v\u00eddeo de alta eficiencia H.265<\/strong><\/p>\n<p class=\"ql-align-justify\">La c\u00e1mara se ha dise\u00f1ado en la plataforma de codificaci\u00f3n m\u00e1s eficaz y potente H.264 y H.265\/ HEVC. La c\u00e1mara tiene capacidad para ofrecer v\u00eddeo de alta calidad y alta resoluci\u00f3n con una carga de la red muy baja. Con el doble de eficiencia de codificaci\u00f3n, H.265 es el est\u00e1ndar de compresi\u00f3n preferido para sistemas de videovigilancia IP.<\/p>\n<p>&nbsp;<\/p>\n<\/div>\n<\/div>\n<hr class=\"padding-bottom-2x\" \/>\n<div class=\"row align-items-center padding-bottom-2x\">\n<div class=\"col-md-5 order-md-2\"><img decoding=\"async\" class=\"d-block m-auto img-thumbnail\" src=\"https:\/\/tvc.mx\/media\/403131\/cloud1.png\" alt=\" \" \/><\/div>\n<div class=\"col-md-7 order-md-1 text-md-left text-center\">\n<h2>Grabaci\u00f3n y gesti\u00f3n de almacenamiento<\/h2>\n<p class=\"text-muted\">\n<p class=\"ql-align-justify\">La gesti\u00f3n de grabaciones se puede controlar con la aplicaci\u00f3n Bosch\u00a0Video\u00a0Recording\u00a0Manager, o bien la c\u00e1mara puede utilizar el almacenamiento local y destinos iSCSI directamente, sin software de grabaci\u00f3n. Es posible utilizar el almacenamiento local para grabar \u00aben origen\u00bb o para mejorar la fiabilidad global de la grabaci\u00f3n mediante la tecnolog\u00eda Automatic Network Replenishment (ANR). La grabaci\u00f3n previa a la alarma en la RAM reduce el consumo de ancho de banda en la red y ampl\u00eda la vida efectiva de la tarjeta de memoria. Grabaci\u00f3n de forma local Inserte una tarjeta de memoria en la ranura para tarjeta para almacenar una grabaci\u00f3n con alarma local de hasta 2\u00a0TB. La grabaci\u00f3n previa a la alarma en la RAM reduce el ancho de banda de grabaci\u00f3n en la red y ampl\u00eda la vida efectiva de la tarjeta de red. Su grabaci\u00f3n avanzada en origen proporciona una soluci\u00f3n de almacenamiento fiable mediante la combinaci\u00f3n de estas funciones:<\/p>\n<p class=\"ql-align-justify\">\u2022 La compatibilidad con tarjetas SD de uso industrial permite disfrutar de una vida \u00fatil extrema<\/p>\n<p class=\"ql-align-justify\">\u2022 La monitorizaci\u00f3n del estado de las tarjetas SD de uso industrial proporciona indicaciones anticipadas de servicio.<\/p>\n<p>&nbsp;<\/p>\n<\/div>\n<\/div>\n<hr class=\"padding-bottom-2x\" \/>\n<div class=\"row align-items-center padding-bottom-2x\">\n<div class=\"col-md-5 order-md-2\"><img decoding=\"async\" class=\"d-block m-auto img-thumbnail\" src=\"https:\/\/tvc.mx\/media\/403135\/dori_400x300.png\" alt=\" \" \/><\/div>\n<div class=\"col-md-7 order-md-1 text-md-left text-center\">\n<h2>Cobertura DORI DORI (Detectar, Observar, Reconocer, Identificar)<\/h2>\n<p class=\"text-muted\">\n<p>es un sistema est\u00e1ndar (EN-62676-4) para definir la capacidad que tiene una persona al mirar el v\u00eddeo para distinguir personas u objetos dentro de un \u00e1rea de cobertura<\/p>\n<p>&nbsp;<\/p>\n<\/div>\n<\/div>\n<hr class=\"padding-bottom-2x\" \/>\n<div class=\"row aling-items-center padding-bottom-2x\">\n<div class=\"col-lg-12\">\n<h5 class=\"card-title text-center\">INCLUYE:<\/h5>\n<ul>\n<li>C\u00e1mara DINION IP 3000i IR<\/li>\n<li>Gu\u00eda de instalaci\u00f3n r\u00e1pida<\/li>\n<li>Documento de informaci\u00f3n de seguridad<\/li>\n<\/ul>\n<p><img decoding=\"async\" class=\"overview-center-img-web\" src=\"https:\/\/tvc.mx\/media\/403139\/BANNER-PIE-DEPAGINA.png\" alt=\"\" \/><\/div>\n<\/div>\n","protected":false},"excerpt":{"rendered":"<p>Descripci\u00f3n inicial Transmisi\u00f3n totalmente configurable de m\u00faltiples flujos H.265 Resoluciones de 1080p y 5 MP Essential Video Analytics\u00a0integrado para activar las alertas relevantes y recuperar los datos de forma r\u00e1pida F\u00e1cil instalaci\u00f3n con lente de zoom\/enfoque Iluminador por infrarrojos integrado con 30\u00a0m (98\u00a0pies) de distancia&hellip;<\/p>\n","protected":false},"featured_media":7233,"comment_status":"open","ping_status":"closed","template":"","meta":{"om_disable_all_campaigns":false,"_monsterinsights_skip_tracking":false,"_monsterinsights_sitenote_active":false,"_monsterinsights_sitenote_note":"","_monsterinsights_sitenote_category":0},"product_brand":[],"product_cat":[650],"product_tag":[613,611,612,616,615,610,614,617],"class_list":{"0":"post-7234","1":"product","2":"type-product","3":"status-publish","4":"has-post-thumbnail","6":"product_cat-bullet-camaras-ip-bosch-video-vigilancia","7":"product_tag-bosch","8":"product_tag-manhattan","9":"product_tag-saxxon","10":"product_tag-surveon","11":"product_tag-utepo","12":"product_tag-videovigilancia","13":"product_tag-vivotek","14":"product_tag-zteco","16":"first","17":"instock","18":"sale","19":"taxable","20":"shipping-taxable","21":"purchasable","22":"product-type-simple"},"aioseo_notices":[],"_links":{"self":[{"href":"https:\/\/tecsecmty.com\/index.php\/wp-json\/wp\/v2\/product\/7234","targetHints":{"allow":["GET"]}}],"collection":[{"href":"https:\/\/tecsecmty.com\/index.php\/wp-json\/wp\/v2\/product"}],"about":[{"href":"https:\/\/tecsecmty.com\/index.php\/wp-json\/wp\/v2\/types\/product"}],"replies":[{"embeddable":true,"href":"https:\/\/tecsecmty.com\/index.php\/wp-json\/wp\/v2\/comments?post=7234"}],"version-history":[{"count":0,"href":"https:\/\/tecsecmty.com\/index.php\/wp-json\/wp\/v2\/product\/7234\/revisions"}],"wp:featuredmedia":[{"embeddable":true,"href":"https:\/\/tecsecmty.com\/index.php\/wp-json\/wp\/v2\/media\/7233"}],"wp:attachment":[{"href":"https:\/\/tecsecmty.com\/index.php\/wp-json\/wp\/v2\/media?parent=7234"}],"wp:term":[{"taxonomy":"product_brand","embeddable":true,"href":"https:\/\/tecsecmty.com\/index.php\/wp-json\/wp\/v2\/product_brand?post=7234"},{"taxonomy":"product_cat","embeddable":true,"href":"https:\/\/tecsecmty.com\/index.php\/wp-json\/wp\/v2\/product_cat?post=7234"},{"taxonomy":"product_tag","embeddable":true,"href":"https:\/\/tecsecmty.com\/index.php\/wp-json\/wp\/v2\/product_tag?post=7234"}],"curies":[{"name":"wp","href":"https:\/\/api.w.org\/{rel}","templated":true}]}}