{"id":7236,"date":"2023-02-23T16:07:33","date_gmt":"2023-02-23T22:07:33","guid":{"rendered":"https:\/\/tecsecmty.com\/index.php\/producto\/bosch-v_-nbe3502al-bullet-2mp-lente-3-a-10mm-ip66-ir\/"},"modified":"2023-03-22T23:21:36","modified_gmt":"2023-03-23T05:21:36","slug":"bosch-v_-nbe3502al-bullet-2mp-lente-3-a-10mm-ip66-ir","status":"publish","type":"product","link":"https:\/\/tecsecmty.com\/index.php\/producto\/bosch-v_-nbe3502al-bullet-2mp-lente-3-a-10mm-ip66-ir\/","title":{"rendered":"BOSCH V_ NBE3502AL-BULLET 2MP\/ LENTE 3 A 10MM\/ IP66\/ IR"},"content":{"rendered":"<div class=\"row aling-items-center padding-bottom-2x\">\n<div class=\"col-lg-12\">\n<h5 class=\"card-title text-center\">Informacion Inicial<\/h5>\n<ul>\n<li class=\"ql-align-justify\">Transmisi\u00f3n totalmente configurable de m\u00faltiples flujos H.265<\/li>\n<li class=\"ql-align-justify\">Resoluciones de 1080p y 5 MP<\/li>\n<li class=\"ql-align-justify\">Essential Video Analytics integrado para activar las alertas relevantes y recuperar los datos de forma r\u00e1pidaF\u00e1cil instalaci\u00f3n con lente de zoom\/enfoque u Iluminador por infrarrojos integrado con 30\u00a0m (98\u00a0pies) de distancia de visualizaci\u00f3n<\/li>\n<\/ul>\n<p class=\"ql-align-justify\">El modelo DINION IP 3000i IR se ha dise\u00f1ado para ofrecer una gran calidad, rendimiento ininterrumpido 24\/7, con una amplia gama de funciones de vigilancia fiables, como Essential\u00a0Video\u00a0Analytics, y est\u00e1 dise\u00f1ado para facilitar la instalaci\u00f3n. El dise\u00f1o compacto y minimalista ofrece una gran flexibilidad de instalaci\u00f3n y distintas opciones de montaje.<\/p>\n<p><img decoding=\"async\" class=\"overview-center-img-web\" src=\"https:\/\/tvc.mx\/media\/381039\/BANNER-CCTV.png\" alt=\"\" \/><\/div>\n<\/div>\n<div class=\"row align-items-center padding-bottom-2x\">\n<div class=\"col-md-5 order-md-2\"><img decoding=\"async\" class=\"d-block m-auto img-thumbnail\" src=\"https:\/\/tvc.mx\/media\/383027\/EVA.png\" alt=\" \" \/><\/div>\n<div class=\"col-md-7 order-md-1 text-md-left text-center\">\n<h2>Essential Video Analytics<\/h2>\n<p class=\"text-muted\">\n<p class=\"ql-align-justify\">El an\u00e1lisis de v\u00eddeo integrado refuerza el concepto de \u00abinteligencia en origen\u00bb y proporciona ahora funciones a\u00fan m\u00e1s potentes. Essential Video Analytics resulta ideal para su uso en entornos controlados con intervalos de detecci\u00f3n limitada. El sistema detecta objetos, realiza su seguimiento y los analiza de forma fiable y, a continuaci\u00f3n, notifica la activaci\u00f3n de las alarmas predefinidas. Mediante un conjunto inteligente de reglas de alarma, facilita las tareas complejas y reduce al m\u00ednimo las falsas alarmas. Se a\u00f1aden metadatos al v\u00eddeo para dar sentido y estructura. Esto permite recuperar r\u00e1pidamente las im\u00e1genes pertinentes de horas de grabaci\u00f3n de v\u00eddeo almacenadas. Los metadatos tambi\u00e9n se pueden usar para proporcionar pruebas periciales irrefutables o para optimizar los procesos empresariales en funci\u00f3n de los datos de recuento de personas o de densidad de multitudes.<\/p>\n<p>&nbsp;<\/p>\n<\/div>\n<\/div>\n<hr class=\"padding-bottom-2x\" \/>\n<div class=\"row align-items-center padding-bottom-2x\">\n<div class=\"col-md-5 order-md-2\"><img decoding=\"async\" class=\"d-block m-auto img-thumbnail\" src=\"https:\/\/tvc.mx\/media\/383031\/dinion8000-300x400.png\" alt=\" \" \/><\/div>\n<div class=\"col-md-7 order-md-1 text-md-left text-center\">\n<h2>Codificaci\u00f3n de v\u00eddeo de alta eficiencia H.265<\/h2>\n<p class=\"text-muted\">\n<p class=\"ql-align-justify\">La c\u00e1mara se ha dise\u00f1ado en la plataforma de codificaci\u00f3n m\u00e1s eficaz y potente H.264 y H.265\/ HEVC. La c\u00e1mara tiene capacidad para ofrecer v\u00eddeo de alta calidad y alta resoluci\u00f3n con una carga de la red muy baja. Con el doble de eficiencia de codificaci\u00f3n, H.265 es el est\u00e1ndar de compresi\u00f3n preferido para sistemas de videovigilancia IP. Grabaci\u00f3n y gesti\u00f3n de almacenamiento La gesti\u00f3n de grabaciones se puede controlar con la aplicaci\u00f3n Bosch\u00a0Video\u00a0Recording\u00a0Manager, o bien la c\u00e1mara puede utilizar el almacenamiento local y destinos iSCSI directamente, sin software de grabaci\u00f3n. Es posible utilizar el almacenamiento local para grabar \u00aben origen\u00bb o para mejorar la fiabilidad global de la grabaci\u00f3n mediante la tecnolog\u00eda Automatic Network Replenishment (ANR). La grabaci\u00f3n previa a la alarma en la RAM reduce el consumo de ancho de banda en la red y ampl\u00eda la vida efectiva de la tarjeta de memoria.<\/p>\n<p>&nbsp;<\/p>\n<\/div>\n<\/div>\n<hr class=\"padding-bottom-2x\" \/>\n<div class=\"row align-items-center padding-bottom-2x\">\n<div class=\"col-md-5 order-md-2\"><img decoding=\"async\" class=\"d-block m-auto img-thumbnail\" src=\"https:\/\/tvc.mx\/media\/383035\/dori_400x300.png\" alt=\" \" \/><\/div>\n<div class=\"col-md-7 order-md-1 text-md-left text-center\">\n<h2>Cobertura DORI<\/h2>\n<p class=\"text-muted\">\n<p>DORI (Detectar, Observar, Reconocer, Identificar) es un sistema est\u00e1ndar (EN-62676-4) para definir la capacidad que tiene una persona al mirar el v\u00eddeo para distinguir personas u objetos dentro de un \u00e1rea de cobertura.<\/p>\n<p>&nbsp;<\/p>\n<\/div>\n<\/div>\n<hr class=\"padding-bottom-2x\" \/>\n<div class=\"row align-items-center padding-bottom-2x\">\n<div class=\"col-md-5 order-md-2\"><img decoding=\"async\" class=\"d-block m-auto img-thumbnail\" src=\"https:\/\/tvc.mx\/media\/383043\/AES.png\" alt=\" \" \/><\/div>\n<div class=\"col-md-7 order-md-1 text-md-left text-center\">\n<h2>Seguridad de los datos<\/h2>\n<p class=\"text-muted\">\n<p class=\"ql-align-justify\">Se han emprendido medidas especiales para garantizar un m\u00e1ximo nivel de seguridad para el acceso a los dispositivos y para el transporte de datos. La protecci\u00f3n con contrase\u00f1a de tres niveles con las recomendaciones de seguridad permite a los usuarios personalizar el acceso a los dispositivos. Adem\u00e1s, el acceso al navegador Web puede protegerse mediante HTTPS y las actualizaciones del firmware tambi\u00e9n se pueden proteger con cargas seguras autenticadas. El m\u00f3dulo de plataforma segura (TPM) integrado y la compatibilidad con la infraestructura de claves p\u00fablicas (PKI) garantizan una excelente protecci\u00f3n frente a ataques malintencionados. La autenticaci\u00f3n en la red 802.1x con EAP\/TLS es compatible con TLS 1.2 con conjuntos de codificaci\u00f3n actualizados, incluida la codificaci\u00f3n AES\u00a0256. La manipulaci\u00f3n avanzada de certificados ofrece lo siguiente:<\/p>\n<p class=\"ql-align-justify\">\u2022 Posibilidad de crear autom\u00e1ticamente certificados exclusivos y autofirmados siempre que sea necesario<\/p>\n<p class=\"ql-align-justify\">\u2022 Certificados de cliente y de servidor para tareas de autenticaci\u00f3n<\/p>\n<p class=\"ql-align-justify\">\u2022 Certificados de cliente para comprobar la autenticidad<\/p>\n<p class=\"ql-align-justify\">\u2022 Certificados con claves privadas codificadas<\/p>\n<p>&nbsp;<\/p>\n<\/div>\n<\/div>\n<hr class=\"padding-bottom-2x\" \/>\n<div class=\"row aling-items-center padding-bottom-2x\">\n<div class=\"col-lg-12\">\n<h5 class=\"card-title text-center\">INCLUYE:<\/h5>\n<ul>\n<li>C\u00e1mara DINION IP 3000i IR NBE-3502-AL indoor\/outdoor<\/li>\n<li>No incluye accesorios<\/li>\n<\/ul>\n<p><img decoding=\"async\" class=\"overview-center-img-web\" src=\"https:\/\/tvc.mx\/media\/383039\/BANNER-PIE-DEPAGINA.png\" alt=\"\" \/><\/div>\n<\/div>\n","protected":false},"excerpt":{"rendered":"<p>Informacion Inicial Transmisi\u00f3n totalmente configurable de m\u00faltiples flujos H.265 Resoluciones de 1080p y 5 MP Essential Video Analytics integrado para activar las alertas relevantes y recuperar los datos de forma r\u00e1pidaF\u00e1cil instalaci\u00f3n con lente de zoom\/enfoque u Iluminador por infrarrojos integrado con 30\u00a0m (98\u00a0pies) de&hellip;<\/p>\n","protected":false},"featured_media":7235,"comment_status":"open","ping_status":"closed","template":"","meta":{"om_disable_all_campaigns":false,"_monsterinsights_skip_tracking":false,"_monsterinsights_sitenote_active":false,"_monsterinsights_sitenote_note":"","_monsterinsights_sitenote_category":0},"product_brand":[],"product_cat":[650],"product_tag":[613,611,612,616,615,610,614,617],"class_list":{"0":"post-7236","1":"product","2":"type-product","3":"status-publish","4":"has-post-thumbnail","6":"product_cat-bullet-camaras-ip-bosch-video-vigilancia","7":"product_tag-bosch","8":"product_tag-manhattan","9":"product_tag-saxxon","10":"product_tag-surveon","11":"product_tag-utepo","12":"product_tag-videovigilancia","13":"product_tag-vivotek","14":"product_tag-zteco","16":"first","17":"instock","18":"sale","19":"taxable","20":"shipping-taxable","21":"purchasable","22":"product-type-simple"},"aioseo_notices":[],"_links":{"self":[{"href":"https:\/\/tecsecmty.com\/index.php\/wp-json\/wp\/v2\/product\/7236","targetHints":{"allow":["GET"]}}],"collection":[{"href":"https:\/\/tecsecmty.com\/index.php\/wp-json\/wp\/v2\/product"}],"about":[{"href":"https:\/\/tecsecmty.com\/index.php\/wp-json\/wp\/v2\/types\/product"}],"replies":[{"embeddable":true,"href":"https:\/\/tecsecmty.com\/index.php\/wp-json\/wp\/v2\/comments?post=7236"}],"version-history":[{"count":0,"href":"https:\/\/tecsecmty.com\/index.php\/wp-json\/wp\/v2\/product\/7236\/revisions"}],"wp:featuredmedia":[{"embeddable":true,"href":"https:\/\/tecsecmty.com\/index.php\/wp-json\/wp\/v2\/media\/7235"}],"wp:attachment":[{"href":"https:\/\/tecsecmty.com\/index.php\/wp-json\/wp\/v2\/media?parent=7236"}],"wp:term":[{"taxonomy":"product_brand","embeddable":true,"href":"https:\/\/tecsecmty.com\/index.php\/wp-json\/wp\/v2\/product_brand?post=7236"},{"taxonomy":"product_cat","embeddable":true,"href":"https:\/\/tecsecmty.com\/index.php\/wp-json\/wp\/v2\/product_cat?post=7236"},{"taxonomy":"product_tag","embeddable":true,"href":"https:\/\/tecsecmty.com\/index.php\/wp-json\/wp\/v2\/product_tag?post=7236"}],"curies":[{"name":"wp","href":"https:\/\/api.w.org\/{rel}","templated":true}]}}