{"id":7240,"date":"2023-02-23T16:07:39","date_gmt":"2023-02-23T22:07:39","guid":{"rendered":"https:\/\/tecsecmty.com\/index.php\/producto\/bosch-v_nbe3503al-bullet-5mp-hdr-32-10mm-ip66-ik10-ir-ofertasaaa\/"},"modified":"2023-03-22T23:21:56","modified_gmt":"2023-03-23T05:21:56","slug":"bosch-v_nbe3503al-bullet-5mp-hdr-32-10mm-ip66-ik10-ir-ofertasaaa","status":"publish","type":"product","link":"https:\/\/tecsecmty.com\/index.php\/producto\/bosch-v_nbe3503al-bullet-5mp-hdr-32-10mm-ip66-ik10-ir-ofertasaaa\/","title":{"rendered":"BOSCH V_NBE3503AL-Bullet 5MP HDR 3,2-10mm IP66 IK10 IR #OfertasAAA"},"content":{"rendered":"<div class=\"row aling-items-center padding-bottom-2x\">\n<div class=\"col-lg-12\">\n<h5 class=\"card-title text-center\">DINION IP 3000i IR<\/h5>\n<p>&nbsp;<\/p>\n<p><img decoding=\"async\" class=\"overview-center-img-web\" src=\"https:\/\/tvc.mx\/media\/403527\/BANNER-CCTV.png\" alt=\"\" \/><\/div>\n<\/div>\n<div class=\"row align-items-center padding-bottom-2x\">\n<div class=\"col-md-5\"><img decoding=\"async\" class=\"d-block m-auto img-thumbnail\" src=\"https:\/\/tvc.mx\/media\/117741\/NBE-3503-ALconfig5.png\" alt=\" \" \/><\/div>\n<div class=\"col-md-7 text-md-left text-center\">\n<h2>Resumen del sistema<\/h2>\n<p class=\"text-muted\">\n<p>El modelo DINION IP 3000i IR se ha dise\u00f1ado para ofrecer una gran calidad, rendimiento ininterrumpido 24\/7, con una amplia gama de funciones de vigilancia fiables, como Essential Video Analytics, y est\u00e1 dise\u00f1ado para facilitar la instalaci\u00f3n. El dise\u00f1o compacto y minimalista ofrece una gran flexibilidad de instalaci\u00f3n y distintas opciones de montaje<\/p>\n<p>&nbsp;<\/p>\n<\/div>\n<\/div>\n<hr class=\"padding-bottom-2x\" \/>\n<div class=\"row align-items-center padding-bottom-2x\">\n<div class=\"col-md-5 order-md-2\"><img decoding=\"async\" class=\"d-block m-auto img-thumbnail\" src=\"https:\/\/tvc.mx\/media\/117745\/NBE-3503-ALconfig8.png\" alt=\" \" \/><\/div>\n<div class=\"col-md-7 order-md-1 text-md-left text-center\">\n<h2>Funciones b\u00e1sicas<\/h2>\n<p class=\"text-muted\">\n<p class=\"ql-align-justify\"><strong>Essential Video Analytics<\/strong><\/p>\n<p class=\"ql-align-justify\">El an\u00e1lisis de v\u00eddeo integrado refuerza el concepto de \u00abinteligencia en origen\u00bb y proporciona ahora funciones a\u00fan m\u00e1s potentes. Essential Video Analytics resulta ideal para su uso en entornos controlados con intervalos de detecci\u00f3n limitada. El sistema detecta objetos, realiza su seguimiento y los analiza de forma fiable y, a continuaci\u00f3n, notifica la activaci\u00f3n de las alarmas predefinidas. Mediante un conjunto inteligente de reglas de alarma, facilita las tareas complejas y reduce al m\u00ednimo las falsas alarmas.<\/p>\n<p class=\"ql-align-justify\"><strong>Alto rango din\u00e1mico<\/strong><\/p>\n<p class=\"ql-align-justify\">El modo de alto rango din\u00e1mico se basa en un proceso de exposici\u00f3n m\u00faltiple que captura m\u00e1s detalles en las zonas iluminadas y en las sombras, incluso en la misma escena. Como resultado, puede distinguir f\u00e1cilmente los objetos y los detalles, por ejemplo, rostros con un contraluz intenso. El rango din\u00e1mico real de la c\u00e1mara se mide mediante el an\u00e1lisis de la funci\u00f3n de conversi\u00f3n optoelectr\u00f3nica (OECF) conforme al apartado 5 de IEC 62676.<\/p>\n<p class=\"ql-align-justify\"><strong>Flujo inteligente<\/strong><\/p>\n<p class=\"ql-align-justify\">Es posible adaptar cada uno de estos flujos por separado para ofrecer un v\u00eddeo de alta calidad, perfectamente adaptado a cada finalidad, a la vez que se reduce la tasa de bits hasta un 90 % en comparaci\u00f3n con una c\u00e1mara est\u00e1ndar. Las capacidades de codificaci\u00f3n inteligentes, junto con la tecnolog\u00eda Intelligent Dynamic Noise Reduction y el an\u00e1lisis, reducen el consumo de ancho de banda a niveles extremadamente bajos.<\/p>\n<p class=\"ql-align-justify\"><strong>Codificaci\u00f3n de v\u00eddeo de alta eficiencia H.265<\/strong><\/p>\n<p class=\"ql-align-justify\">La c\u00e1mara se ha dise\u00f1ado en la plataforma de codificaci\u00f3n m\u00e1s eficaz y potente H.264 y H.265\/HEVC. La c\u00e1mara tiene capacidad para ofrecer v\u00eddeo de alta calidad y alta resoluci\u00f3n con una carga de la red muy baja. Con el doble de eficiencia de codificaci\u00f3n, H.265 es el nuevo est\u00e1ndar de compresi\u00f3n preferido para sistemas de vigilancia con v\u00eddeo IP.<\/p>\n<p class=\"ql-align-justify\"><strong>Grabaci\u00f3n de forma local<\/strong><\/p>\n<p class=\"ql-align-justify\">Inserte una tarjeta de memoria en la ranura para tarjeta para almacenar una grabaci\u00f3n con alarma local de hasta 2 TB. La grabaci\u00f3n previa a la alarma en la RAM reduce el ancho de banda de grabaci\u00f3n en la red y ampl\u00eda la vida efectiva de la tarjeta de red. Su grabaci\u00f3n avanzada en origen proporciona una soluci\u00f3n de almacenamiento fiable mediante la combinaci\u00f3n de estas funciones:<\/p>\n<ul>\n<li class=\"ql-align-justify\">La compatibilidad con tarjetas SD de uso industrial permite disfrutar de una vida \u00fatil extrema<\/li>\n<li class=\"ql-align-justify\">La monitorizaci\u00f3n del estado de las tarjetas SD de uso industrial proporciona indicaciones anticipadas de servicio.<\/li>\n<\/ul>\n<p class=\"ql-align-justify\"><strong>Instalaci\u00f3n sencilla<\/strong><\/p>\n<p class=\"ql-align-justify\">La c\u00e1mara puede recibir suministro de energ\u00eda mediante una conexi\u00f3n de cable de red compatible con alimentaci\u00f3n por Ethernet (PoE). Con esta configuraci\u00f3n, solo se necesita una \u00fanica conexi\u00f3n del cable para ver, alimentar y controlar la c\u00e1mara. El uso de alimentaci\u00f3n por Ethernet o PoE facilita la instalaci\u00f3n y la hace m\u00e1s rentable, ya que las c\u00e1maras no necesitan una fuente de alimentaci\u00f3n local. La c\u00e1mara tambi\u00e9n puede recibir suministro de energ\u00eda mediante fuentes de alimentaci\u00f3n de +12 V CC.<\/p>\n<p>&nbsp;<\/p>\n<\/div>\n<\/div>\n<hr class=\"padding-bottom-2x\" \/>\n<div class=\"row align-items-center padding-bottom-2x\">\n<div class=\"col-md-5\"><img decoding=\"async\" class=\"d-block m-auto img-thumbnail\" src=\"https:\/\/tvc.mx\/media\/117749\/NBE-3503-ALconfig6.png\" alt=\" \" \/><\/div>\n<div class=\"col-md-7 text-md-left text-center\">\n<h2>Caracter\u00edsticas y Especificaciones<\/h2>\n<p class=\"text-muted\">\n<p class=\"ql-align-justify\"><strong>Nota: NBE-3503-AL Bullet 5MP HDR 3,2-10mm IP66 IK10 IR C\u00e1mara bullet fija; 5 MP HDR; Essential Video Analytics; lente de 3,2-10 mm; clasificaci\u00f3n IP66 y IK10; iluminador de IR integrado.<\/strong><\/p>\n<p class=\"ql-align-justify\"><strong>N\u00famero de pedido: NBE-3503-AL<\/strong><\/p>\n<p class=\"ql-align-justify\"><strong>Principales Caracter\u00edsticas<\/strong><\/p>\n<ul>\n<li class=\"ql-align-justify\">Transmisi\u00f3n totalmente configurable de m\u00faltiples flujos H.265<\/li>\n<li class=\"ql-align-justify\">Resoluciones de 1080p y 5 MP<\/li>\n<li class=\"ql-align-justify\">Essential Video Analytics integrado para activar las alertas relevantes y recuperar los datos de forma r\u00e1pida<\/li>\n<li class=\"ql-align-justify\">F\u00e1cil instalaci\u00f3n con lente de zoom\/enfoque<\/li>\n<li class=\"ql-align-justify\">Iluminador por infrarrojos integrado con 30 m (98 pies) de distancia de visualizaci\u00f3n<\/li>\n<\/ul>\n<p class=\"ql-align-justify\"><strong>Especificaciones<\/strong><\/p>\n<p class=\"ql-align-justify\"><strong>Alimentaci\u00f3n<\/strong><\/p>\n<ul>\n<li class=\"ql-align-justify\">Tensi\u00f3n de entrada POE IEEE 802.3af \/ 802.3 tipo 1, clase 3 12 VDC \u00b130 %<\/li>\n<li class=\"ql-align-justify\">Consumo de energ\u00eda (t\u00edpico\/ m\u00e1ximo) PoE: 3,5 W\/10,5 W 12 VDC: 3,1 W\/9,5 W<\/li>\n<\/ul>\n<p class=\"ql-align-justify\"><strong>Sensor\u00a0<\/strong><\/p>\n<ul>\n<li class=\"ql-align-justify\">5,3 MP Tipo de sensor CMOS de 1\/2,9&#8243;<\/li>\n<li class=\"ql-align-justify\">P\u00edxeles efectivos 3072 (H) x 1728 (V)<\/li>\n<\/ul>\n<p class=\"ql-align-justify\"><strong>\u00d3ptica<\/strong><\/p>\n<ul>\n<li class=\"ql-align-justify\">Tipo de lente De 3,2 a 10 mm, F1.6 &#8211; 360<\/li>\n<li class=\"ql-align-justify\">Ajuste Zoom\/enfoque motorizados<\/li>\n<li class=\"ql-align-justify\">Control del iris Control del DC-iris<\/li>\n<li class=\"ql-align-justify\">D\u00eda\/Noche Filtro IR conmutable de corte<\/li>\n<li class=\"ql-align-justify\">Campo de visi\u00f3n 5,3 MP : Gran angular: 89\u00b0 x 47\u00b0 (H x V) y Tele: 30\u00b0 x 17\u00b0 (H x V)<\/li>\n<\/ul>\n<p class=\"ql-align-justify\"><strong>Visi\u00f3n nocturna<\/strong><\/p>\n<ul>\n<li class=\"ql-align-justify\">Distancia 30 m (98 pies)<\/li>\n<li class=\"ql-align-justify\">LED: 2 LED, 850 nm Intensidad IR Ajustable<\/li>\n<\/ul>\n<p class=\"ql-align-justify\"><strong>Flujo de v\u00eddeo<\/strong><\/p>\n<ul>\n<li class=\"ql-align-justify\">Compresi\u00f3n de v\u00eddeo H.265; H.264; M- JPEG<\/li>\n<li class=\"ql-align-justify\">5,3 MP 20 ips, HDR, 3072 x 1728 (5,3 MP) 25 ips, HDR, 2720 x 1530 (4,1 MP)<\/li>\n<li class=\"ql-align-justify\">Flujos M\u00faltiples flujos configurables en H. 264 o H.265 y M-JPEG con velocidad de im\u00e1genes y ancho de banda personalizables en regiones de inter\u00e9s (ROI)<\/li>\n<li class=\"ql-align-justify\">Estructura: GOP IP<\/li>\n<\/ul>\n<p class=\"ql-align-justify\"><strong>Almacenamiento local<\/strong><\/p>\n<ul>\n<li class=\"ql-align-justify\">RAM interna Grabaci\u00f3n previa a la alarma de hasta 5 s<\/li>\n<li class=\"ql-align-justify\">Ranura para tarjeta de memoria<\/li>\n<li class=\"ql-align-justify\">Ranura para tarjeta SD microSDHC\/ microSDXC<\/li>\n<li class=\"ql-align-justify\">Tarjetas SD de uso industrial Vida \u00fatil extremadamente larga y soporte para la monitorizaci\u00f3n de estado que proporciona una indicaci\u00f3n temprana de necesidad de servicio<\/li>\n<\/ul>\n<p class=\"ql-align-justify\"><strong>Red<\/strong><\/p>\n<ul>\n<li class=\"ql-align-justify\">Protocolos IPv4, IPv6, UDP, TCP, HTTP, HTTPS, RTP\/RTCP, IGMP V2\/V3, ICMP, ICMPv6, RTSP, FTP, ARP, DHCP, APIPA (Auto-IP, link local address), NTP (SNTP), SNMP (V1, V3, MIB-II), 802.1x, DNS, DNSv6, DDNS (DynDNS.org, selfHOST.de, noip.com), SMTP, iSCSI, UPnP (SSDP), DiffServ (QoS), LLDP, SOAP, Dropbox\u2122, CHAP, digest authentication<\/li>\n<li class=\"ql-align-justify\">Encriptaci\u00f3n TLS1.0\/1.2, AES128, AES256<\/li>\n<li class=\"ql-align-justify\">Ethernet 10\/100 Base-T, detecci\u00f3n autom\u00e1tica, d\u00faplex completo\/ semid\u00faplex<\/li>\n<li class=\"ql-align-justify\">Conectividad Auto-MDIX<\/li>\n<li class=\"ql-align-justify\">Interoperabilida d ONVIF Perfil S; ONVIF Perfil G; ONVIF Perfil T: GB\/T 28181<\/li>\n<\/ul>\n<p class=\"ql-align-justify\"><strong>Mec\u00e1nicas<\/strong><\/p>\n<ul>\n<li class=\"ql-align-justify\">Dimensiones (\u00d8 x H) 101,5 x 307 mm (4 x 12,1 pulg.)<\/li>\n<li class=\"ql-align-justify\">Peso (aprox.) 1630 g (3,59 libras)<\/li>\n<li class=\"ql-align-justify\">Montaje Montaje en superficie<\/li>\n<li class=\"ql-align-justify\">Color Blanco (RAL 9003)<\/li>\n<\/ul>\n<p class=\"ql-align-justify\"><strong>Ambientales<\/strong><\/p>\n<ul>\n<li class=\"ql-align-justify\">Temperatura de funcionamiento (continua): De -30 \u00b0C a +50 \u00b0C (de -22 \u00b0F a +122 \u00b0F)<\/li>\n<li class=\"ql-align-justify\">Temperatura de almacenamiento: De -30 \u00b0C a +70 \u00b0C (de -22 \u00b0F a +158 \u00b0F)<\/li>\n<li class=\"ql-align-justify\">Humedad Del 5 % al 100 % de humedad relativa (con condensaci\u00f3n) De 5 % a 93 % de humedad relativa (sin condensaci\u00f3n)<\/li>\n<li class=\"ql-align-justify\">Humedad en almacenamiento Hasta un 98 % de humedad relativa<\/li>\n<li class=\"ql-align-justify\">Resistencia a impactos IK10<\/li>\n<li class=\"ql-align-justify\">Protecci\u00f3n contra agua y polvo IP66<\/li>\n<\/ul>\n<p>&nbsp;<\/p>\n<\/div>\n<\/div>\n<hr class=\"padding-bottom-2x\" \/>\n<div class=\"row aling-items-center padding-bottom-2x\">\n<div class=\"col-lg-12\">\n<h5 class=\"card-title text-center\">INCLUYE:<\/h5>\n<ul>\n<li>C\u00e1mara DINION IP 3000i IR<\/li>\n<li>Gu\u00eda de instalaci\u00f3n r\u00e1pida<\/li>\n<li>Documento de informaci\u00f3n de seguridad<\/li>\n<\/ul>\n<p><img decoding=\"async\" class=\"overview-center-img-web\" src=\"https:\/\/tvc.mx\/media\/403535\/BANNER-CCTV.png\" alt=\"\" \/><\/div>\n<\/div>\n","protected":false},"excerpt":{"rendered":"<p>DINION IP 3000i IR &nbsp; Resumen del sistema El modelo DINION IP 3000i IR se ha dise\u00f1ado para ofrecer una gran calidad, rendimiento ininterrumpido 24\/7, con una amplia gama de funciones de vigilancia fiables, como Essential Video Analytics, y est\u00e1 dise\u00f1ado para facilitar la instalaci\u00f3n.&hellip;<\/p>\n","protected":false},"featured_media":7239,"comment_status":"open","ping_status":"closed","template":"","meta":{"om_disable_all_campaigns":false,"_monsterinsights_skip_tracking":false,"_monsterinsights_sitenote_active":false,"_monsterinsights_sitenote_note":"","_monsterinsights_sitenote_category":0},"product_brand":[],"product_cat":[650],"product_tag":[613,611,612,616,615,610,614,617],"class_list":{"0":"post-7240","1":"product","2":"type-product","3":"status-publish","4":"has-post-thumbnail","6":"product_cat-bullet-camaras-ip-bosch-video-vigilancia","7":"product_tag-bosch","8":"product_tag-manhattan","9":"product_tag-saxxon","10":"product_tag-surveon","11":"product_tag-utepo","12":"product_tag-videovigilancia","13":"product_tag-vivotek","14":"product_tag-zteco","16":"first","17":"instock","18":"sale","19":"taxable","20":"shipping-taxable","21":"purchasable","22":"product-type-simple"},"aioseo_notices":[],"_links":{"self":[{"href":"https:\/\/tecsecmty.com\/index.php\/wp-json\/wp\/v2\/product\/7240","targetHints":{"allow":["GET"]}}],"collection":[{"href":"https:\/\/tecsecmty.com\/index.php\/wp-json\/wp\/v2\/product"}],"about":[{"href":"https:\/\/tecsecmty.com\/index.php\/wp-json\/wp\/v2\/types\/product"}],"replies":[{"embeddable":true,"href":"https:\/\/tecsecmty.com\/index.php\/wp-json\/wp\/v2\/comments?post=7240"}],"version-history":[{"count":0,"href":"https:\/\/tecsecmty.com\/index.php\/wp-json\/wp\/v2\/product\/7240\/revisions"}],"wp:featuredmedia":[{"embeddable":true,"href":"https:\/\/tecsecmty.com\/index.php\/wp-json\/wp\/v2\/media\/7239"}],"wp:attachment":[{"href":"https:\/\/tecsecmty.com\/index.php\/wp-json\/wp\/v2\/media?parent=7240"}],"wp:term":[{"taxonomy":"product_brand","embeddable":true,"href":"https:\/\/tecsecmty.com\/index.php\/wp-json\/wp\/v2\/product_brand?post=7240"},{"taxonomy":"product_cat","embeddable":true,"href":"https:\/\/tecsecmty.com\/index.php\/wp-json\/wp\/v2\/product_cat?post=7240"},{"taxonomy":"product_tag","embeddable":true,"href":"https:\/\/tecsecmty.com\/index.php\/wp-json\/wp\/v2\/product_tag?post=7240"}],"curies":[{"name":"wp","href":"https:\/\/api.w.org\/{rel}","templated":true}]}}