{"id":7242,"date":"2023-02-23T16:07:42","date_gmt":"2023-02-23T22:07:42","guid":{"rendered":"https:\/\/tecsecmty.com\/index.php\/producto\/bosch-v_nbe4502al-camara-bullet-1080p-ip67-compresion-h265\/"},"modified":"2023-03-22T23:21:56","modified_gmt":"2023-03-23T05:21:56","slug":"bosch-v_nbe4502al-camara-bullet-1080p-ip67-compresion-h265","status":"publish","type":"product","link":"https:\/\/tecsecmty.com\/index.php\/producto\/bosch-v_nbe4502al-camara-bullet-1080p-ip67-compresion-h265\/","title":{"rendered":"BOSCH V_NBE4502AL &#8211; Camara bullet \/ 1080p \/ IP67 \/ Compresion H265"},"content":{"rendered":"<div class=\"row aling-items-center padding-bottom-2x\">\n<div class=\"col-lg-12\">\n<h5 class=\"card-title text-center\">NBE-4502-AL Bullet 2MP 2,8-12mm auto IP67 IK10<\/h5>\n<p class=\"ql-align-justify\"><strong>La c\u00e1mara bullet de infrarrojos de 1080p de Bosch<\/strong>\u00a0es una c\u00e1mara de vigilancia profesional que ofrece im\u00e1genes HD de alta calidad para las necesidades de redes de vigilancia y seguridad m\u00e1s exigentes. Esta resistente c\u00e1mara bullet es una c\u00e1mara d\u00eda\/noche real y\u00a0<strong>ofrece un rendimiento excelente tanto de d\u00eda como de noche<\/strong>.\u00a0<strong>Los LED infrarrojos incorporados permiten una vigilancia nocturna de calidad a una distancia de visualizaci\u00f3n de 60 m (196 pies) en la oscuridad.<\/strong><\/p>\n<p class=\"ql-align-justify\"><strong>Descripci\u00f3n del sistema<\/strong><\/p>\n<p class=\"ql-align-justify\"><strong>C\u00e1mara bullet para exteriores con lente varifocal autom\u00e1tica<\/strong><\/p>\n<p class=\"ql-align-justify\">La resistente carcasa de aluminio ofrece una instalaci\u00f3n muy flexible. La c\u00e1mara es resistente a la entrada de agua y polvo en entornos dif\u00edciles seg\u00fan el est\u00e1ndar\u00a0<strong>IP67<\/strong>. La lente<strong>\u00a0varifocal autom\u00e1tica (AVF) de 2,8 a 12 mm\u00a0<\/strong>permite elegir el \u00e1rea de cobertura de forma remota.<\/p>\n<p class=\"ql-align-justify\">El asistente para lentes con zoom\/enfoque autom\u00e1ticos permite al instalador ajustar el zoom y enfocar la c\u00e1mara de forma precisa y sencilla para el funcionamiento de d\u00eda y de noche. El asistente se activa desde el PC o desde el pulsador integrado en la c\u00e1mara, lo que facilita la elecci\u00f3n del procedimiento de trabajo m\u00e1s adecuado.<\/p>\n<p class=\"ql-align-justify\"><strong>La funci\u00f3n AVF (varifocal autom\u00e1tica)<\/strong>\u00a0permite cambiar el zoom sin necesidad de abrir la c\u00e1mara.\u00a0<strong>El ajuste autom\u00e1tico del enfoque\/zoom motorizados con asignaci\u00f3n de p\u00edxeles de 1:1<\/strong>\u00a0garantiza que la c\u00e1mara siempre se enfoque de forma precisa.<\/p>\n<p class=\"ql-align-justify\"><strong>Funciones basicas<\/strong><\/p>\n<p class=\"ql-align-justify\"><strong>Video Analytics<\/strong><\/p>\n<p class=\"ql-align-justify\"><strong>El an\u00e1lisis de v\u00eddeo integrado refuerza el concepto de \u00abinteligencia en origen\u00bb<\/strong>\u00a0y proporciona ahora funciones a\u00fan m\u00e1s potentes.\u00a0<strong>Essential Video Analytics<\/strong>\u00a0resulta ideal para su uso en entornos controlados con intervalos de detecci\u00f3n limitada. El sistema detecta objetos, realiza su seguimiento y los analiza de forma fiable y, a continuaci\u00f3n, notifica la activaci\u00f3n de las alarmas predefinidas. Mediante un conjunto inteligente de reglas de alarma, facilita las tareas complejas y reduce al m\u00ednimo las falsas alarmas.<\/p>\n<p class=\"ql-align-justify\"><strong>Zonas de inter\u00e9s y E-PTZ<\/strong><\/p>\n<p class=\"ql-align-justify\">El usuario puede definir las zonas de inter\u00e9s. Los controles remotos E-PTZ de giro, inclinaci\u00f3n y zoom electr\u00f3nicos permiten seleccionar zonas espec\u00edficas de la imagen principal. Estas zonas producen flujos diferentes para una visualizaci\u00f3n y grabaci\u00f3n remotas. Estos flujos, junto con el flujo principal, permiten al operario controlar individualmente la parte m\u00e1s importante de una escena manteniendo la atenci\u00f3n sobre la escena general.<\/p>\n<p class=\"ql-align-justify\"><strong>Audio bidireccional y alarma de audio<\/strong><\/p>\n<p class=\"ql-align-justify\"><strong>El audio bidireccional permite al operador comunicarse con los visitantes o intrusos a trav\u00e9s de una entrada y salida de l\u00ednea de audio externo.<\/strong>\u00a0Se puede utilizar la detecci\u00f3n de audio para generar una alarma, en caso de necesidad.<\/p>\n<p class=\"ql-align-justify\"><strong>Detecci\u00f3n de movimiento y sabotaje<\/strong><\/p>\n<p class=\"ql-align-justify\"><strong>La c\u00e1mara dispone de una amplia gama de opciones de configuraci\u00f3n de alarmas<\/strong>\u00a0para alertar de los intentos de sabotaje. Tambi\u00e9n se puede utilizar un algoritmo integrado para detectar cualquier movimiento en el v\u00eddeo y emitir una se\u00f1al de alarma.<\/p>\n<p class=\"ql-align-justify\"><strong>Grabaci\u00f3n de forma local<\/strong><\/p>\n<p class=\"ql-align-justify\"><strong>La ranura admite tarjetas de memoria microSD con capacidad de almacenamiento de hasta 2 TB.<\/strong>\u00a0Para las grabaciones con alarmas locales se puede usar una\u00a0<strong>tarjeta microSD<\/strong>. La grabaci\u00f3n previa a la alarma en la\u00a0<strong>RAM\u00a0<\/strong>reduce el ancho de banda de grabaci\u00f3n en la red o, si se utiliza la grabaci\u00f3n en\u00a0<strong>tarjeta microSD<\/strong>, ampl\u00eda la vida efectiva del medio de almacenamiento.<\/p>\n<p><img decoding=\"async\" class=\"overview-center-img-\" src=\"https:\/\/tvc.mx\/media\/6640\/Logoopaginas-oficial.png\" alt=\"\" \/><\/div>\n<\/div>\n<div class=\"row aling-items-center padding-bottom-2x\">\n<div class=\"col-lg-12\">\n<p class=\"ql-align-justify\"><strong>Principales Caracteristicas:<\/strong><\/p>\n<ul>\n<li class=\"ql-align-justify\">F\u00e1cil instalaci\u00f3n con lente con zoom\/enfoque autom\u00e1ticos, asistente y modos preconfigurados.<\/li>\n<li class=\"ql-align-justify\">Iluminador por infrarrojos integrado con 60 m (196 pies) de distancia de visualizaci\u00f3n.<\/li>\n<li class=\"ql-align-justify\">1080p30 para obtener im\u00e1genes muy detalladas.<\/li>\n<li class=\"ql-align-justify\">Essential Video Analytics integrado para activar las alertas relevantes y recuperar los datos de forma r\u00e1pida.<\/li>\n<li class=\"ql-align-justify\">Transmisi\u00f3n totalmente configurable de m\u00faltiples flujos H.265.<\/li>\n<\/ul>\n<p class=\"ql-align-justify\">\n<p class=\"ql-align-justify\"><strong>Especificaciones:<\/strong><\/p>\n<p class=\"ql-align-justify\"><strong>Alimentaci\u00f3n<\/strong><\/p>\n<ul>\n<li class=\"ql-align-justify\">Tensi\u00f3n de entrada: Alimentaci\u00f3n por Ethernet (48 VCC nominales) o 24 VCA \u00b110 % \/ +12 VCC \u00b110 %.<\/li>\n<li class=\"ql-align-justify\">Norma IEEE PoE:<\/li>\n<li class=\"ql-align-justify\">IEEE 802.3af (802.3at tipo 1).<\/li>\n<li class=\"ql-align-justify\">Nivel de alimentaci\u00f3n: clase 3<\/li>\n<li class=\"ql-align-justify\">Consumo de energ\u00eda:<\/li>\n<li class=\"ql-align-justify\">950 mA (12 VCC).<\/li>\n<li class=\"ql-align-justify\">750 mA (24 VCA).<\/li>\n<li class=\"ql-align-justify\">260 mA (PoE).<\/li>\n<\/ul>\n<p class=\"ql-align-justify\"><strong>Sensor<\/strong><\/p>\n<ul>\n<li class=\"ql-align-justify\">Tipo de sensor: CMOS de 1\/2,8 pulg.<\/li>\n<li class=\"ql-align-justify\">P\u00edxeles activos: 1937 (H) x 1097 (V); aproximadamente 2,12 MP.<\/li>\n<li class=\"ql-align-justify\">Rendimiento de v\u00eddeo: sensibilidad<\/li>\n<li class=\"ql-align-justify\">Sensibilidad (3200 K, 89% de reflectividad, F1.4, 30 IRE)<\/li>\n<li class=\"ql-align-justify\">Color: 0,052 lux.<\/li>\n<li class=\"ql-align-justify\">Monocromo: 0,008 lux.<\/li>\n<li class=\"ql-align-justify\">Con infrarrojos: 0,0 lx.<\/li>\n<li class=\"ql-align-justify\">Rango din\u00e1mico medido seg\u00fan norma CEI 62676 parte 5: Amplio rango din\u00e1mico (WDR) de 85 dB.<\/li>\n<li class=\"ql-align-justify\">Flujo de v\u00eddeo<\/li>\n<li class=\"ql-align-justify\">Compresi\u00f3n de v\u00eddeo: H.265; H.264; M- JPEG.<\/li>\n<li class=\"ql-align-justify\">Flujos: M\u00faltiples flujos configurables en H.264 o H. 265 y M-JPEG con velocidad de im\u00e1genes y ancho de banda personalizables. Regiones de inter\u00e9s (ROI)<\/li>\n<li class=\"ql-align-justify\">Latencia de procesamiento de la c\u00e1mara:<\/li>\n<li class=\"ql-align-justify\">&lt; 55 ms (promedio m\u00e1x. a 1080p30).<\/li>\n<li class=\"ql-align-justify\">&lt; 65 ms (promedio m\u00e1x. a 5MP30).<\/li>\n<li class=\"ql-align-justify\">Estructura GOP: IP, IBP, IBBP.<\/li>\n<\/ul>\n<p class=\"ql-align-justify\"><strong>Mec\u00e1nicas<\/strong><\/p>\n<ul>\n<li class=\"ql-align-justify\">Ajuste de 3 ejes (giro\/inclinaci\u00f3n\/rotaci\u00f3n): 360\u00ba \/ 90\u00ba \/ 360\u00ba.<\/li>\n<li class=\"ql-align-justify\">Dimensiones (Al. x An. x Pr.): 271 mm x 90 mm x 90 mm (10,7 x 3,5 x 3,5 pulg.) sin SMB<\/li>\n<li class=\"ql-align-justify\">Peso de la c\u00e1mara sin SMB : 1,3 kg (2,9 libras).<\/li>\n<li class=\"ql-align-justify\">Peso de la SMB: 0,67 kg (1,48 libras).<\/li>\n<li class=\"ql-align-justify\">Color: RAL 9006.<\/li>\n<\/ul>\n<p class=\"ql-align-justify\"><strong>Ambientales<\/strong><\/p>\n<ul>\n<li class=\"ql-align-justify\">Temperatura de funcionamiento: -40 \u00baC a +60 \u00baC (-40 \u00baF a +140 \u00baF) para un funcionamiento continuo; -34 \u00baC a +74 \u00baC (-30 \u00baF a +165 \u00baF) conforme a NEMA TS 2-2003 (R2008).<\/li>\n<li class=\"ql-align-justify\">Temperatura de almacenamiento: De \u201340 \u00b0C a +70 \u00b0C (de -40 \u00b0F a +158 \u00b0F).<\/li>\n<li class=\"ql-align-justify\">Humedad en funcionamiento: Del 20 % al 90 % de humedad relativa (sin condensaci\u00f3n).<\/li>\n<li class=\"ql-align-justify\">Humedad en almacenamiento: Del 0 % al 93 % de humedad relativa (sin condensaci\u00f3n).<\/li>\n<\/ul>\n<\/div>\n<\/div>\n","protected":false},"excerpt":{"rendered":"<p>NBE-4502-AL Bullet 2MP 2,8-12mm auto IP67 IK10 La c\u00e1mara bullet de infrarrojos de 1080p de Bosch\u00a0es una c\u00e1mara de vigilancia profesional que ofrece im\u00e1genes HD de alta calidad para las necesidades de redes de vigilancia y seguridad m\u00e1s exigentes. Esta resistente c\u00e1mara bullet es una&hellip;<\/p>\n","protected":false},"featured_media":7241,"comment_status":"open","ping_status":"closed","template":"","meta":{"om_disable_all_campaigns":false,"_monsterinsights_skip_tracking":false,"_monsterinsights_sitenote_active":false,"_monsterinsights_sitenote_note":"","_monsterinsights_sitenote_category":0},"product_brand":[],"product_cat":[650],"product_tag":[613,611,612,616,615,610,614,617],"class_list":{"0":"post-7242","1":"product","2":"type-product","3":"status-publish","4":"has-post-thumbnail","6":"product_cat-bullet-camaras-ip-bosch-video-vigilancia","7":"product_tag-bosch","8":"product_tag-manhattan","9":"product_tag-saxxon","10":"product_tag-surveon","11":"product_tag-utepo","12":"product_tag-videovigilancia","13":"product_tag-vivotek","14":"product_tag-zteco","16":"first","17":"instock","18":"sale","19":"taxable","20":"shipping-taxable","21":"purchasable","22":"product-type-simple"},"aioseo_notices":[],"_links":{"self":[{"href":"https:\/\/tecsecmty.com\/index.php\/wp-json\/wp\/v2\/product\/7242","targetHints":{"allow":["GET"]}}],"collection":[{"href":"https:\/\/tecsecmty.com\/index.php\/wp-json\/wp\/v2\/product"}],"about":[{"href":"https:\/\/tecsecmty.com\/index.php\/wp-json\/wp\/v2\/types\/product"}],"replies":[{"embeddable":true,"href":"https:\/\/tecsecmty.com\/index.php\/wp-json\/wp\/v2\/comments?post=7242"}],"version-history":[{"count":0,"href":"https:\/\/tecsecmty.com\/index.php\/wp-json\/wp\/v2\/product\/7242\/revisions"}],"wp:featuredmedia":[{"embeddable":true,"href":"https:\/\/tecsecmty.com\/index.php\/wp-json\/wp\/v2\/media\/7241"}],"wp:attachment":[{"href":"https:\/\/tecsecmty.com\/index.php\/wp-json\/wp\/v2\/media?parent=7242"}],"wp:term":[{"taxonomy":"product_brand","embeddable":true,"href":"https:\/\/tecsecmty.com\/index.php\/wp-json\/wp\/v2\/product_brand?post=7242"},{"taxonomy":"product_cat","embeddable":true,"href":"https:\/\/tecsecmty.com\/index.php\/wp-json\/wp\/v2\/product_cat?post=7242"},{"taxonomy":"product_tag","embeddable":true,"href":"https:\/\/tecsecmty.com\/index.php\/wp-json\/wp\/v2\/product_tag?post=7242"}],"curies":[{"name":"wp","href":"https:\/\/api.w.org\/{rel}","templated":true}]}}