{"id":7244,"date":"2023-02-23T16:07:44","date_gmt":"2023-02-23T22:07:44","guid":{"rendered":"https:\/\/tecsecmty.com\/index.php\/producto\/vivotek-ib9368-ht-camara-ip-bullet-exterior-2-megapixeles-lente-varifocal-remoto-2-8-12mm-h265-smart-ir-30mts-wdr-pro-vision-snv-ciberseguridad-trend-micro-smart-stream-iii-proteccion-ip66\/"},"modified":"2023-03-22T23:24:45","modified_gmt":"2023-03-23T05:24:45","slug":"vivotek-ib9368-ht-camara-ip-bullet-exterior-2-megapixeles-lente-varifocal-remoto-2-8-12mm-h265-smart-ir-30mts-wdr-pro-vision-snv-ciberseguridad-trend-micro-smart-stream-iii-proteccion-ip66","status":"publish","type":"product","link":"https:\/\/tecsecmty.com\/index.php\/producto\/vivotek-ib9368-ht-camara-ip-bullet-exterior-2-megapixeles-lente-varifocal-remoto-2-8-12mm-h265-smart-ir-30mts-wdr-pro-vision-snv-ciberseguridad-trend-micro-smart-stream-iii-proteccion-ip66\/","title":{"rendered":"VIVOTEK IB9368-HT &#8211; C\u00e1mara IP bullet exterior 2 Megapixeles\/ Lente Varifocal Remoto 2.8- 12mm \/H265\/Smart IR 30mts\/ WDR Pro\/ Visi\u00f3n SNV\/ Ciberseguridad Trend Micro\/ Smart Stream III\/ Protecci\u00f3n IP66, IK10\/ NDAA\/ ONVIF #ARMATUKIT"},"content":{"rendered":"<div class=\"row aling-items-center padding-bottom-2x\">\n<div class=\"col-lg-12\">\n<h5 class=\"card-title text-center\">Informaci\u00f3n General<\/h5>\n<p class=\"ql-align-justify\">El modelo IB9368-HT es una c\u00e1mara de red IP de tipo bala para exteriores que ofrece una resoluci\u00f3n de 1920 x 1080 a 30 fps con la funci\u00f3n WDR Pro habilitada, Cuenta con la tecnolog\u00eda VIVOTEK WDR Pro m\u00e1s actualizada gracias a eso la esta serie de c\u00e1maras es capaz de capturar im\u00e1genes de la m\u00e1s alta calidad en entornos con poca luz y alto contraste.<\/p>\n<p class=\"ql-align-justify\">Con una lente de enfoque remoto, la c\u00e1mara se puede usar para cubrir \u00e1reas de su inter\u00e9s en un rango de distancia flexible. Esto tambi\u00e9n permite una instalaci\u00f3n m\u00e1s facil.<\/p>\n<p class=\"ql-align-justify\">Las c\u00e1maras admiten la funci\u00f3n WDR Pro con una efectividad de hasta 120dB. Estos modelos admiten almacenamiento de video local en las tarjetas MicroSD si se interrumpe el servicio de red. Las c\u00e1maras tambi\u00e9n soportan la detecci\u00f3n de movimiento inteligente configurable y detecci\u00f3n de manipulaci\u00f3n con hasta 5 \u00e1reas de m\u00e1scara de privacidad.<\/p>\n<p class=\"ql-align-justify\"><strong>Principales caracter\u00edsticas:<\/strong><\/p>\n<ul>\n<li>Alta resoluci\u00f3n de video de 1920 x 1080\u00a0<strong>a 30 fps<\/strong>\u00a0con (WDR Pro activado), 1920&#215;1080 a 30 fps con (WDR Pro apagado)<\/li>\n<li>Tecnolog\u00eda de compresi\u00f3n\u00a0<strong>H.265<\/strong>\u00a0y\u00a0<strong>Smart Stream III<\/strong>\u00a0que permiten ahorrar hasta el 80 % de almacenamiento y ancho de banda.<\/li>\n<li>Iluminadores\u00a0<strong>infrarrojos\u00a0<\/strong>incorporados, efectivos hasta\u00a0<strong>30 metros<\/strong><\/li>\n<li>Tecnolog\u00eda\u00a0<strong>Smart IR<\/strong>\u00a0para\u00a0evitar\u00a0la\u00a0sobreexposici\u00f3n de la luz infrarroja en la noche<\/li>\n<li><strong>WDR Pro<\/strong>\u00a0para mejorar la visibilidad en entornos extremadamente brillantes y oscuros<\/li>\n<li>Tecnolog\u00eda\u00a0<strong>SNV\u00a0<\/strong>(Visibilidad nocturna suprema) im\u00e1genes a color y alta calidad en baja iluminaci\u00f3n<\/li>\n<li>Carcasa a prueba de intemperie\u00a0<strong>I66<\/strong><\/li>\n<li class=\"ql-align-justify\">Sistema anti-intrusi\u00f3n\u00a0<strong>Trend<\/strong>\u00a0<strong>Micro IoT Security<\/strong><\/li>\n<\/ul>\n<p><img decoding=\"async\" class=\"overview-center-img-web\" src=\"https:\/\/tvc.mx\/media\/56610\/ib9368ht.png\" alt=\"\" \/><\/div>\n<\/div>\n<div class=\"row aling-items-center padding-bottom-2x\">\n<div class=\"col-lg-12\">\n<h5 class=\"card-title text-center\">La tecnolog\u00eda smart stream le proporciona mejor calidad de video con menor consumo de ancho de banda<\/h5>\n<p class=\"ql-align-justify\">Smart stream de VIVOTEK es una mejora del codificador de video de \u00faltima generaci\u00f3n que es totalmente compatible con los est\u00e1ndares H.264 y H.265.\u00a0A trav\u00e9s de una colecci\u00f3n de algoritmos que analizan la transmisi\u00f3n de video en tiempo real, los detalles de las regiones de inter\u00e9s y los movimientos espec\u00edficos se priorizan y preservan con configuraciones de video ajustadas.\u00a0Smart stream de VIVOTEK permite optimizar la videovigilancia, reduciendo significativamente los requisitos de ancho de banda y almacenamiento sin sacrificar la calidad visual.\u00a0En algunos casos, puede reducir el uso del almacenamiento hasta en un 80 %.\u00a0Como l\u00edder mundial en compresi\u00f3n de video, VIVOTEK constantemente innova nuevas tecnolog\u00edas para hacer que la codificaci\u00f3n sea m\u00e1s eficiente y brindar un smart stream cada vez m\u00e1s inteligente.<\/p>\n<p><img decoding=\"async\" class=\"overview-center-img-web\" src=\"https:\/\/tvc.mx\/media\/369403\/vivotek-tecnolog%C3%ADa-smart-stream-para-ahorro-de-datos-y-ancho-de-banda.png\" alt=\"\" \/><\/div>\n<\/div>\n<div class=\"row aling-items-center padding-bottom-2x\">\n<div class=\"col-lg-12\">\n<h5 class=\"card-title text-center\">Optimice el consumo y ancho de banda con un periodo de cuadros internos para imagen din\u00e1mico de imagenes<\/h5>\n<p class=\"ql-align-justify\">En el proceso de video los fotogramas I consumen la mayor tasa de bits dentro del flujo de video codificado.\u00a0Por lo tanto, cuanto mayor sea el intervalo de fotogramas I, menor ser\u00e1 el ancho de banda general del video.\u00a0Sin embargo, un intervalo de fotogramas I m\u00e1s largo tambi\u00e9n introducir\u00e1 m\u00e1s errores de propagaci\u00f3n de codificaci\u00f3n y efectos secundarios para la aplicaci\u00f3n de grabaci\u00f3n.\u00a0Al analizar la escena, el periodo din\u00e1mico de intraframe optimiza y reduce la tasa de bits sin comprometer la calidad del video.\u00a0Al hacerlo, Dynamic Intra Frame Period permite una reducci\u00f3n m\u00e1xima del ancho de banda, al tiempo que conserva la m\u00e1s alta calidad de video para los objetos de inter\u00e9s.<\/p>\n<p><img decoding=\"async\" class=\"overview-center-img-web\" src=\"https:\/\/tvc.mx\/media\/369487\/vivotek-periodo-de-intra-cuadro-dinamico-para-el-ahorro-de-ancho-de-banda.png\" alt=\"\" \/><\/div>\n<\/div>\n<div class=\"row aling-items-center padding-bottom-2x\">\n<div class=\"col-lg-12\">\n<h5 class=\"card-title text-center\">Smart Q mantiene la calidad visual y reduce el consumo de datos mediante un analisis y optimizaci\u00f3n de la imagen por bloques<\/h5>\n<p class=\"ql-align-justify\">Smart Q reduce la tasa de bits mediante el uso de informaci\u00f3n de escena en tiempo real.\u00a0La complejidad de la escena se analiza y se puede separar din\u00e1micamente en varios bloques.\u00a0Cada bloque est\u00e1 codificado con un par\u00e1metro de compresi\u00f3n optimizado para mantener la calidad visual y reducir la tasa de bits.<\/p>\n<p><img decoding=\"async\" class=\"overview-center-img-web\" src=\"https:\/\/tvc.mx\/media\/369463\/vivotek-tecnolog%C3%ADa-smart-stream-para-ahorro-de-datos-y-ancho-de-banda-smart-q.png\" alt=\"\" \/><\/div>\n<\/div>\n<div class=\"row aling-items-center padding-bottom-2x\">\n<div class=\"col-lg-12\">\n<h5 class=\"card-title text-center\">La combinaci\u00f3n de la tecnolog\u00eda de compresi\u00f3n H.265 y Smart Stream ofrecen calidad de imagen superior con menos ancho de banda<\/h5>\n<p class=\"ql-align-justify\">La siguiente tabla de comparaci\u00f3n de ancho de banda muestra las reducciones de ancho de banda de la red cuando se aplica la tecnolog\u00eda smart stream en la misma transmisi\u00f3n de video original con el c\u00f3dec de compresi\u00f3n H.265.<\/p>\n<p><img decoding=\"async\" class=\"overview-center-img-web\" src=\"https:\/\/tvc.mx\/media\/369491\/vivotek-comparacion-h265-h264-st.png\" alt=\"\" \/><\/div>\n<\/div>\n<div class=\"row aling-items-center padding-bottom-2x\">\n<div class=\"col-lg-12\">\n<h5 class=\"card-title text-center\">Obtenga im\u00e1genes claras al interior y exterior en cualquier ambiente dificil de luz<\/h5>\n<p class=\"ql-align-justify\">WDR Pro es una tecnolog\u00eda extremadamente valiosa para cualquier entorno de vigilancia, en particular, garantiza que, independientemente de las condiciones de iluminaci\u00f3n presentes en una ubicaci\u00f3n monitoreada, o de c\u00f3mo un objeto o persona de inter\u00e9s est\u00e9 situado en relaci\u00f3n con la c\u00e1mara y las fuentes de luz, se puede capturar y visualizar claramente un alto nivel de detalle para obtener una imagen positiva. Identificaci\u00f3n, seguimiento preciso y otras aplicaciones exigentes.<\/p>\n<p class=\"ql-align-justify\">Cuando una c\u00e1mara se usa donde la iluminaci\u00f3n ambiental es alta y causa un alto contraste de iluminaci\u00f3n, resplandor o reflejos como una entrada del edificio, cajeros autom\u00e1ticos, ventanas, o personas puede aparecer oscuras o irreconocible. La tecnolog\u00eda\u00a0WDR\u00a0(Wide Dynamic Range) compensa el desequilibrio de iluminaci\u00f3n, restaurando los detalles en todo el campo de la visi\u00f3n con el fin de hacer frente a todas las condiciones de luz dif\u00edciles.<\/p>\n<p><img decoding=\"async\" class=\"overview-center-img-web\" src=\"https:\/\/tvc.mx\/media\/369415\/vivotek-imagenes-claras-y-nitidas-aun-en-condiciones-de-contraluz-con-wdr-pro.png\" alt=\"\" \/><\/div>\n<\/div>\n<div class=\"row aling-items-center padding-bottom-2x\">\n<div class=\"col-lg-12\">\n<h5 class=\"card-title text-center\">Obtenga im\u00e1genes a color y de alta calidad en ambientes con poca iluminaci\u00f3n<\/h5>\n<p class=\"ql-align-justify\">La tecnolog\u00eda SNV (Supreme Night Visibility) de VIVOTEK proporciona una soluci\u00f3n innovadora para permitir videos de vigilancia con poca luz y de calidad suficiente para satisfacer los requisitos de aplicaciones exigentes, por ejemplo, vigilancia a nivel de calle por la noche o el monitoreo de espacios interiores con poca iluminaci\u00f3n, como almacenes.\u00a0VIVOTEK ha podido lograr este avance al incorporar tecnolog\u00edas avanzadas de captura de video con poca luz.\u00a0Sus c\u00e1maras equipadas con SNV cuentan con sensores \u00f3pticos ultrasensibles que capturan video en color de alta calidad, incluso en entornos extremadamente oscuros, complementados con un procesamiento de se\u00f1al avanzado que garantiza un contraste suficiente y una reproducci\u00f3n precisa del color, as\u00ed como reducci\u00f3n de ruido 3D para revelar detalles y mejorar en general. claridad.<\/p>\n<p><img decoding=\"async\" class=\"overview-center-img-web\" src=\"https:\/\/tvc.mx\/media\/370759\/vivotek-tecnologia-de-imagen-ofrece-imagenes-claras-y-nitidas-en-condiciones-de-baja-iluminaci%C3%B3n.png\" alt=\"\" \/><\/div>\n<\/div>\n<div class=\"row aling-items-center padding-bottom-2x\">\n<div class=\"col-lg-12\">\n<h5 class=\"card-title text-center\">Con smart IR los rostros de las personas los podr\u00e1 apreciar perfectamente en la noche<\/h5>\n<p class=\"ql-align-justify\">VIVOTEK ha trabajado para superar la deficiencia que afecta a las c\u00e1maras con IR convencionales recurriendo a la tecnolog\u00eda Smart IR, esta tecnolog\u00eda elimina los problemas graves de sobreexposici\u00f3n al ajustar din\u00e1micamente la intensidad de la luz infrarroja emitida por la fuente de luz IR por los LED de la c\u00e1mara, a medida que un objeto de inter\u00e9s se acerca o aleja en el campo de visi\u00f3n.\u00a0Esto asegura que el objeto sea capturado por la c\u00e1mara a un nivel de exposici\u00f3n apropiado, preservando los detalles que de otro modo se perder\u00edan con una c\u00e1mara con IRs convencionales cuando el objeto est\u00e9 cerca.\u00a0El resultado es una mayor efectividad para aplicaciones exigentes, como la identificaci\u00f3n de personas o los n\u00fameros de matr\u00edcula de veh\u00edculos en condiciones de poca luz visible.<\/p>\n<p><img decoding=\"async\" class=\"overview-center-img-web\" src=\"https:\/\/tvc.mx\/media\/369407\/vivotek-imagenes-claras-y-nitidas-con.smart-ir.png\" alt=\"\" \/><\/div>\n<\/div>\n<div class=\"row aling-items-center padding-bottom-2x\">\n<div class=\"col-lg-12\">\n<h5 class=\"card-title text-center\">Lib\u00e9rese de los ataques cibern\u00e9ticos gracias al sistema anti-intrusi\u00f3n de Trend Micro dentro de las c\u00e1maras<\/h5>\n<p class=\"ql-align-justify\">VIVOTEK es el primer fabricante de soluciones de vigilancia en red del mundo que coopera con la empresa de ciberseguridad de renombre mundial, Trend Micro.\u00a0A trav\u00e9s de c\u00e1maras de red armadas con el software anti-intrusi\u00f3n de Trend Micro, VIVOTEK ofrece alta seguridad y vigilancia de red robusta para proteger vidas y proteger datos.<\/p>\n<p><img decoding=\"async\" class=\"overview-center-img-web\" src=\"https:\/\/tvc.mx\/media\/369879\/vivotek-trendmicro-seguridad-antiintrusion.png\" alt=\"\" \/><\/div>\n<\/div>\n<div class=\"row aling-items-center padding-bottom-2x\">\n<div class=\"col-lg-12\">\n<h5 class=\"card-title text-center\">Visualice el video en vivo desde sus dispositivos m\u00f3viles con iViewer gratuitamente<\/h5>\n<p class=\"ql-align-justify\">iViewer est\u00e1 dise\u00f1ado para permitir a los usuarios monitorear el video de c\u00e1maras y servidores como NVR y VMS de forma remota proporcion\u00e1ndoles acceso a videos de las c\u00e1maras de vigilancia directamente desde el dispositivo port\u00e1tiles iOS o Android, la interfaz redise\u00f1ada y f\u00e1cil de usar permite al usuario monitorear video en vivo de cientos de c\u00e1maras desde sus dispositivos port\u00e1tiles. El usuario puede acceder a c\u00e1maras administradas por VAST 1 o VAST 2 (software de administraci\u00f3n de video y central), NVRs de VIVOTEK, o puede hacer conexiones directas a c\u00e1maras individuales en su red LAN o WAN*. iViewer tambi\u00e9n permite el acceso al audio bidireccional para cada c\u00e1mara, control de pantalla PTZ y PiP, correcci\u00f3n de distorsi\u00f3n esf\u00e9rica de lente ojo de pez, fotos instant\u00e1neas y reproducci\u00f3n de video grabado por VAST y NVRs de VIVOTEK.<\/p>\n<p><img decoding=\"async\" class=\"overview-center-img-web\" src=\"https:\/\/tvc.mx\/media\/370763\/vivotek-aplicaci%C3%B3n-movil-iviewer.png\" alt=\"\" \/><\/div>\n<\/div>\n<div class=\"row aling-items-center padding-bottom-2x\">\n<div class=\"col-lg-12\">\n<h5 class=\"card-title text-center\">Potente software VAST 2 de gesti\u00f3n avanzada con hasta 32 canales gratuitos<\/h5>\n<p class=\"ql-align-justify\">\u00a0El software VAST de\u00a0VIVOTEK es una nueva generaci\u00f3n de software de gesti\u00f3n de v\u00eddeo vigilancia, con prestaciones muy fiables en la grabaci\u00f3n y un sistema muy sencillo de gesti\u00f3n para diversas aplicaciones de vigilancia IP. El software VAST consta de tres componentes principales, que son: Servidor de grabaci\u00f3n VAST, cliente en vivo VAST, para ver en vivo las im\u00e1genes y gestionar el sistema, y reproductor VAST para la b\u00fasqueda en la base de datos y recuperar las grabaciones.<\/p>\n<p><img decoding=\"async\" class=\"overview-center-img-web\" src=\"https:\/\/tvc.mx\/media\/370767\/vivotek-vast-2-software-de-gestion-para-grabar-monitorear-reproducir-video-hasta-32-canales-gratuitos.png\" alt=\"\" \/><\/div>\n<\/div>\n<div class=\"row align-items-center padding-bottom-2x\">\n<div class=\"col-md-5 order-md-2\"><img decoding=\"async\" class=\"d-block m-auto img-thumbnail\" src=\"https:\/\/tvc.mx\/media\/375035\/vivotek-camara-de-red-ip-bullet-para-exterior-5-megapixeles-ir-wdr-pro-enfoque-remoto-contenido-ib9368-ht.png\" alt=\" \" \/><\/div>\n<div class=\"col-md-7 order-md-1 text-md-left text-center\">\n<h2>Incluye<\/h2>\n<p class=\"text-muted\">\n<p>Gu\u00eda de instalaci\u00f3n r\u00e1pida<\/p>\n<p>Etiqueta de alineaci\u00f3n<\/p>\n<p>Paquete de tornillos<\/p>\n<p>Conector gl\u00e1ndula impermeable<\/p>\n<p>&nbsp;<\/p>\n<\/div>\n<\/div>\n<hr class=\"padding-bottom-2x\" \/>\n<div class=\"row align-items-center padding-bottom-2x\">\n<div class=\"col-md-5 order-md-2\"><img decoding=\"async\" class=\"d-block m-auto img-thumbnail\" src=\"https:\/\/tvc.mx\/media\/375047\/vivotek-camara-de-red-ip-bullet-para-exterior-5-megapixeles-ir-wdr-pro-enfoque-remoto-dimensiones-ib9368-ht.png\" alt=\" \" \/><\/div>\n<div class=\"col-md-7 order-md-1 text-md-left text-center\">\n<h2>Especificaciones tecnicas<\/h2>\n<p class=\"text-muted\">\n<ul>\n<li>Sensor de imagen\u00a0CMOS progresivo 1\/2,9&#8243;<\/li>\n<li>Lente fijo f= 2.8 ~ 12 mm<\/li>\n<li>Apertura\u00a0F1.4 ~ F2.8<\/li>\n<li>Iris fijo<\/li>\n<li>Campo de visi\u00f3n:\u00a032\u00b0 ~ 93\u00b0 (Horizontal),\u00a018\u00b0 ~ 50\u00b0 (Vertical),\u00a037\u00b0 ~ 110\u00b0 (Diagonal)<\/li>\n<li>Tiempo de obturaci\u00f3n\u00a01\/5 seg. a 1\/32,000 seg.<\/li>\n<li>Filtro de corte IR<\/li>\n<li>Iluminaci\u00f3n m\u00ednima:\u00a00.055 lux @ F1.4 (Color). &lt;0.005 lux @ F1.4 (B\/N), 0 lux con iluminaci\u00f3n IR enc.<\/li>\n<\/ul>\n<\/div>\n<\/div>\n","protected":false},"excerpt":{"rendered":"<p>Informaci\u00f3n General El modelo IB9368-HT es una c\u00e1mara de red IP de tipo bala para exteriores que ofrece una resoluci\u00f3n de 1920 x 1080 a 30 fps con la funci\u00f3n WDR Pro habilitada, Cuenta con la tecnolog\u00eda VIVOTEK WDR Pro m\u00e1s actualizada gracias a eso&hellip;<\/p>\n","protected":false},"featured_media":7243,"comment_status":"open","ping_status":"closed","template":"","meta":{"om_disable_all_campaigns":false,"_monsterinsights_skip_tracking":false,"_monsterinsights_sitenote_active":false,"_monsterinsights_sitenote_note":"","_monsterinsights_sitenote_category":0},"product_brand":[],"product_cat":[652],"product_tag":[613,611,612,616,615,610,614,617],"class_list":{"0":"post-7244","1":"product","2":"type-product","3":"status-publish","4":"has-post-thumbnail","6":"product_cat-bullet-camaras-ip-vivotek-video-vigilancia","7":"product_tag-bosch","8":"product_tag-manhattan","9":"product_tag-saxxon","10":"product_tag-surveon","11":"product_tag-utepo","12":"product_tag-videovigilancia","13":"product_tag-vivotek","14":"product_tag-zteco","16":"first","17":"instock","18":"sale","19":"taxable","20":"shipping-taxable","21":"purchasable","22":"product-type-simple"},"aioseo_notices":[],"_links":{"self":[{"href":"https:\/\/tecsecmty.com\/index.php\/wp-json\/wp\/v2\/product\/7244","targetHints":{"allow":["GET"]}}],"collection":[{"href":"https:\/\/tecsecmty.com\/index.php\/wp-json\/wp\/v2\/product"}],"about":[{"href":"https:\/\/tecsecmty.com\/index.php\/wp-json\/wp\/v2\/types\/product"}],"replies":[{"embeddable":true,"href":"https:\/\/tecsecmty.com\/index.php\/wp-json\/wp\/v2\/comments?post=7244"}],"version-history":[{"count":0,"href":"https:\/\/tecsecmty.com\/index.php\/wp-json\/wp\/v2\/product\/7244\/revisions"}],"wp:featuredmedia":[{"embeddable":true,"href":"https:\/\/tecsecmty.com\/index.php\/wp-json\/wp\/v2\/media\/7243"}],"wp:attachment":[{"href":"https:\/\/tecsecmty.com\/index.php\/wp-json\/wp\/v2\/media?parent=7244"}],"wp:term":[{"taxonomy":"product_brand","embeddable":true,"href":"https:\/\/tecsecmty.com\/index.php\/wp-json\/wp\/v2\/product_brand?post=7244"},{"taxonomy":"product_cat","embeddable":true,"href":"https:\/\/tecsecmty.com\/index.php\/wp-json\/wp\/v2\/product_cat?post=7244"},{"taxonomy":"product_tag","embeddable":true,"href":"https:\/\/tecsecmty.com\/index.php\/wp-json\/wp\/v2\/product_tag?post=7244"}],"curies":[{"name":"wp","href":"https:\/\/api.w.org\/{rel}","templated":true}]}}