{"id":725,"date":"2023-02-15T21:33:19","date_gmt":"2023-02-15T21:33:19","guid":{"rendered":"https:\/\/tecsecmty.com\/index.php\/producto\/bala-turbohd-4k-imagen-a-color-24-7-lente-3-6-mm-metal-luz-blanca-40-mts-exterior-ip67-wdr-130-db\/"},"modified":"2023-03-22T23:20:37","modified_gmt":"2023-03-23T05:20:37","slug":"bala-turbohd-4k-imagen-a-color-24-7-lente-3-6-mm-metal-luz-blanca-40-mts-exterior-ip67-wdr-130-db","status":"publish","type":"product","link":"https:\/\/tecsecmty.com\/index.php\/producto\/bala-turbohd-4k-imagen-a-color-24-7-lente-3-6-mm-metal-luz-blanca-40-mts-exterior-ip67-wdr-130-db\/","title":{"rendered":"Bala TURBOHD 4K\/ Imagen a color 24\/7 \/ Lente 3.6 mm \/ METAL \/ Luz Blanca 40 mts \/ Exterior IP67 \/  WDR 130 dB"},"content":{"rendered":"<div class=\"container\">\n<div class=\"row\">\n<div class=\"col-md-12\">\n<div class=\"row\">\n<div class=\"row\">\n<div class=\"col-md-12\">\n<h4 class=\"text-primary center info-text\" style=\"text-align: center;\">Informaci\u00f3n de Producto<\/h4>\n<\/div>\n<\/div>\n<div class=\"row\" style=\"text-align: center;\">\n<div class=\"col-md-12\">\n<h3>Bala TURBOHD 4K\/ Imagen a color 24\/7 \/ Lente 3.6 mm \/ METAL \/ Luz Blanca 40 mts \/ Exterior IP67 \/ WDR 130 dB<\/h3>\n<\/div>\n<\/div>\n<div id=\"producto_container\" class=\"row\" style=\"text-align: center;\">\n<div class=\"col-md-4\">\n<p><img decoding=\"async\" class=\"img-responsive center-block\" src=\"https:\/\/ftp3.syscom.mx\/usuarios\/fotos\/BancoFotografiasSyscom\/HIKVISION\/DS2CE12UF3TE\/DS2CE12UF3TE-p.PNG\" alt=\"DS-2CE12UF3T-E\" \/><\/p>\n<div class=\"row\">\n<div id=\"galerias\" class=\"col-sm-12\"><\/div>\n<\/div>\n<\/div>\n<div class=\"col-md-4\">\n<div><img decoding=\"async\" class=\"img-responsive img-thumbnail\" src=\"https:\/\/ftp3.syscom.mx\/usuarios\/fotos\/logotipos\/hikvision.png\" \/><\/div>\n<div><img decoding=\"async\" class=\"icono_info_product\" src=\"https:\/\/ftp3.syscom.mx\/usuarios\/fotos\/colorvu1.png?v=1619143772?v=1619450981?v=1620775934?v=1620838950?v=1620839073?v=1620845302\" \/><img decoding=\"async\" class=\"icono_info_product\" src=\"https:\/\/ftp3.syscom.mx\/usuarios\/ftp\/downloads\/METALICAS.jpg\" \/><img decoding=\"async\" class=\"icono_info_product\" src=\"https:\/\/ftp3.syscom.mx\/usuarios\/fotos\/4k1.png?v=1534268246?v=1620845415\" \/><\/div>\n<div>\n<p>Modelo:\u00a0<span class=\"modelo-marca\">DS-2CE12UF3T-E<\/span><\/p>\n<p>Marca:\u00a0<span class=\"modelo-marca\">HIKVISION<\/span><\/p>\n<\/div>\n<\/div>\n<\/div>\n<\/div>\n<div class=\"row \" style=\"text-align: center;\">\n<div class=\"col-md-12\">\n<div class=\"row\">\n<h3><\/h3>\n<h3 class=\"text-primary\">Especificaciones:<\/h3>\n<\/div>\n<div class=\"row well\">\n<p><img decoding=\"async\" class=\"fr-fic fr-dii\" src=\"https:\/\/ftp3.syscom.mx\/usuarios\/xguereque\/Imagenes\/hikvision\/colorvu-2.jpg\" \/><\/p>\n<div class=\"row\">\n<div class=\"col-sm-6 col-md-4\">\n<div class=\"embed-responsive embed-responsive-16by9\">\n<p><a href=\"https:\/\/ftp3.syscom.mx\/usuarios\/jsosa\/HIKVISION\/imagenes\/colorvu\/1.png\"><img decoding=\"async\" class=\"fr-fic fr-dii\" src=\"https:\/\/ftp3.syscom.mx\/usuarios\/jsosa\/HIKVISION\/imagenes\/colorvu\/1.png\" height=\"236\" \/><\/a><\/p>\n<\/div>\n<\/div>\n<div class=\"col-sm-6 col-md-4\">\n<div class=\"embed-responsive embed-responsive-16by9\">\n<p><a href=\"https:\/\/ftp3.syscom.mx\/usuarios\/jsosa\/HIKVISION\/imagenes\/colorvu\/4.png\"><img decoding=\"async\" class=\"fr-fic fr-dii\" src=\"https:\/\/ftp3.syscom.mx\/usuarios\/jsosa\/HIKVISION\/imagenes\/colorvu\/4.png\" height=\"236\" \/><\/a><\/p>\n<\/div>\n<\/div>\n<div class=\"col-sm-6 col-md-4\">\n<div class=\"embed-responsive embed-responsive-16by9\">\n<p><a href=\"https:\/\/ftp3.syscom.mx\/usuarios\/jsosa\/HIKVISION\/imagenes\/colorvu\/3.png\"><img decoding=\"async\" class=\"fr-fic fr-dii\" src=\"https:\/\/ftp3.syscom.mx\/usuarios\/jsosa\/HIKVISION\/imagenes\/colorvu\/3.png\" height=\"236\" \/><\/a><\/p>\n<\/div>\n<\/div>\n<\/div>\n<div class=\"row\">\n<div class=\"col-sm-6 col-md-4\">\n<div class=\"embed-responsive embed-responsive-16by9\">\n<p><a href=\"https:\/\/ftp3.syscom.mx\/usuarios\/jsosa\/HIKVISION\/imagenes\/colorvu\/2.png\"><img decoding=\"async\" class=\"fr-fic fr-dii\" src=\"https:\/\/ftp3.syscom.mx\/usuarios\/jsosa\/HIKVISION\/imagenes\/colorvu\/2.png\" height=\"236\" \/><\/a><\/p>\n<\/div>\n<\/div>\n<div class=\"col-sm-6 col-md-4\">\n<div class=\"embed-responsive embed-responsive-16by9\">\n<p><a href=\"https:\/\/ftp3.syscom.mx\/usuarios\/jsosa\/HIKVISION\/imagenes\/colorvu\/5.png\"><img decoding=\"async\" class=\"fr-fic fr-dii\" src=\"https:\/\/ftp3.syscom.mx\/usuarios\/jsosa\/HIKVISION\/imagenes\/colorvu\/5.png\" height=\"236\" \/><\/a><\/p>\n<\/div>\n<\/div>\n<div class=\"col-sm-6 col-md-4\">\n<div class=\"embed-responsive embed-responsive-16by9\">\n<p><a href=\"https:\/\/ftp3.syscom.mx\/usuarios\/jsosa\/HIKVISION\/imagenes\/colorvu\/6.png\"><img decoding=\"async\" class=\"fr-fic fr-dii\" src=\"https:\/\/ftp3.syscom.mx\/usuarios\/jsosa\/HIKVISION\/imagenes\/colorvu\/6.png\" height=\"236\" \/><\/a><\/p>\n<\/div>\n<\/div>\n<\/div>\n<p>&nbsp;<\/p>\n<div class=\"row\">\n<div class=\"col-sm-4\">\n<div>\n<p><strong>Caracter\u00edsticas principales:<\/strong><\/p>\n<ul>\n<li>Resoluci\u00f3n M\u00e1xima 4K\u00a0 (8Megapixel 3840 x 2160)<\/li>\n<li>Iluminaci\u00f3n minima: 0.0005 Lux @ (F1.0, AGC ON)<\/li>\n<li>Lente fijo: 3.6mm (Angulo de apertura 93\u00b0)<\/li>\n<li>40 Metros de luz blanca (Ayuda a iluminar el sitio para mantener la imagen siempre a color)<\/li>\n<li>WDR de 130dB<\/li>\n<\/ul>\n<p><strong>Accesorios:<\/strong><\/p>\n<ul>\n<li><strong>Caja de conexiones, modelo:\u00a0<\/strong><a href=\"https:\/\/www.syscom.mx\/producto\/DS-1280ZJ-XS-HIKVISION-84491.html\" target=\"_blank\" rel=\"noopener\">DS-1280ZJ-XS<\/a><\/li>\n<\/ul>\n<\/div>\n<\/div>\n<div class=\"col-sm-4\">\n<div>\n<p><strong>Caracter\u00edsticas F\u00edsicas y El\u00e9ctricas:<\/strong><\/p>\n<ul>\n<li>Temperatura de Operaci\u00f3n: &#8211; 40\u00b0C a 60\u00b0C.<\/li>\n<li>Alimentaci\u00f3n: 12Vcc \/ 5.1 Watts.<\/li>\n<li>Protecci\u00f3n: Interior \/ Exterior IP67.<\/li>\n<li>Fabricado en material de metal.<\/li>\n<li>Dimensi\u00f3nes: 194.2 x 78 x 74.5 mm.<\/li>\n<li>Peso: 566 gramos.<\/li>\n<li>Garant\u00eda de 2 a\u00f1os.<\/li>\n<\/ul>\n<\/div>\n<\/div>\n<div class=\"col-sm-4\">\n<div>\n<p><strong>Caracter\u00edsticas Destacadas:<\/strong>Las c\u00e1maras ColorVu cuentan con F stop ajustando a 1.0, lo que le permite una mayor captaci\u00f3n y aprovechamiento de la luz, su luz blanca permite iluminar los ambientes muy oscuros para brindar una imagen a color 24\/7, es por ello que ColorVu se encuentra entre las\u00a0<strong>m\u00e1s selecci\u00f3nadas por los clientes en ambientes como bares, tiendas, hogar, oficina, hospitales, perimetrales.<\/strong><\/p>\n<\/div>\n<\/div>\n<\/div>\n<p>&nbsp;<\/p>\n<h1><strong>Recursos<\/strong><\/h1>\n<p>&nbsp;<\/p>\n<div class=\"row default_margin_bottom\">\n<div class=\"col-sm-4\"><a href=\"https:\/\/www.hikvision.com\/es-la\/support\/download\/software\/ivms4200-series\/?q=serie%20ivms4200&amp;position=1\" target=\"_blank\" rel=\"noopener\"><img decoding=\"async\" class=\"img-responsive\" src=\"https:\/\/ftp3.syscom.mx\/usuarios\/gmagos\/HIK\/IP\/IPC\/Imagenes%20pagina\/Descargas%20IVMS4200.jpg\" \/><\/a><\/div>\n<div class=\"col-sm-4\"><a href=\"https:\/\/appstore.hikvision.com\/\" target=\"_blank\" rel=\"noopener\"><img decoding=\"async\" class=\"img-responsive\" src=\"https:\/\/ftp3.syscom.mx\/usuarios\/gmagos\/HIK\/IP\/IPC\/Imagenes%20pagina\/Descargas%20de%20app.jpg\" \/><\/a><\/div>\n<div class=\"col-sm-4\"><a href=\"https:\/\/ftp3.syscom.mx\/usuarios\/ftp\/2021\/05\/10\/40098\/Especificaci%C3%B3nes%20T%C3%A9cnicas%20-%20DS-2CE12UF3T-E_V1.0_20201202.pdf\" target=\"_blank\" rel=\"noopener\"><img decoding=\"async\" class=\"img-responsive\" src=\"https:\/\/ftp3.syscom.mx\/usuarios\/gmagos\/HIK\/IP\/IPC\/Imagenes%20pagina\/Descarga%20de%20PDF.jpg\" \/><\/a><\/div>\n<\/div>\n<p>&nbsp;<\/p>\n<p><img decoding=\"async\" src=\"https:\/\/ftp3.syscom.mx\/usuarios\/jsosa\/HIKVISION\/imagenes\/banners\/solution%20complete.png\" alt=\"\" width=\"100%\" \/><\/p>\n<\/div>\n<\/div>\n<\/div>\n<\/div>\n<\/div>\n<\/div>\n<p><img decoding=\"async\" class=\"aligncenter\" src=\"https:\/\/tracker.metricool.com\/c3po.jpg?hash=95c94f37730bb8f54dd4308f1f878f9\" \/><\/p>\n","protected":false},"excerpt":{"rendered":"<p>Informaci\u00f3n de Producto Bala TURBOHD 4K\/ Imagen a color 24\/7 \/ Lente 3.6 mm \/ METAL \/ Luz Blanca 40 mts \/ Exterior IP67 \/ WDR 130 dB Modelo:\u00a0DS-2CE12UF3T-E Marca:\u00a0HIKVISION Especificaciones: &nbsp; Caracter\u00edsticas principales: Resoluci\u00f3n M\u00e1xima 4K\u00a0 (8Megapixel 3840 x 2160) Iluminaci\u00f3n minima: 0.0005 Lux&hellip;<\/p>\n","protected":false},"featured_media":838,"comment_status":"open","ping_status":"closed","template":"","meta":{"om_disable_all_campaigns":false,"_monsterinsights_skip_tracking":false,"_monsterinsights_sitenote_active":false,"_monsterinsights_sitenote_note":"","_monsterinsights_sitenote_category":0},"product_brand":[],"product_cat":[41,40,35],"product_tag":[42,43,38,37],"class_list":{"0":"post-725","1":"product","2":"type-product","3":"status-publish","4":"has-post-thumbnail","6":"product_cat-bala","7":"product_cat-camaras","8":"product_cat-hik-vision","9":"product_tag-camaras","10":"product_tag-camaras-bala","11":"product_tag-camaras-de-seguridad","12":"product_tag-hikvision","14":"first","15":"instock","16":"taxable","17":"shipping-taxable","18":"product-type-simple"},"aioseo_notices":[],"_links":{"self":[{"href":"https:\/\/tecsecmty.com\/index.php\/wp-json\/wp\/v2\/product\/725","targetHints":{"allow":["GET"]}}],"collection":[{"href":"https:\/\/tecsecmty.com\/index.php\/wp-json\/wp\/v2\/product"}],"about":[{"href":"https:\/\/tecsecmty.com\/index.php\/wp-json\/wp\/v2\/types\/product"}],"replies":[{"embeddable":true,"href":"https:\/\/tecsecmty.com\/index.php\/wp-json\/wp\/v2\/comments?post=725"}],"version-history":[{"count":0,"href":"https:\/\/tecsecmty.com\/index.php\/wp-json\/wp\/v2\/product\/725\/revisions"}],"wp:featuredmedia":[{"embeddable":true,"href":"https:\/\/tecsecmty.com\/index.php\/wp-json\/wp\/v2\/media\/838"}],"wp:attachment":[{"href":"https:\/\/tecsecmty.com\/index.php\/wp-json\/wp\/v2\/media?parent=725"}],"wp:term":[{"taxonomy":"product_brand","embeddable":true,"href":"https:\/\/tecsecmty.com\/index.php\/wp-json\/wp\/v2\/product_brand?post=725"},{"taxonomy":"product_cat","embeddable":true,"href":"https:\/\/tecsecmty.com\/index.php\/wp-json\/wp\/v2\/product_cat?post=725"},{"taxonomy":"product_tag","embeddable":true,"href":"https:\/\/tecsecmty.com\/index.php\/wp-json\/wp\/v2\/product_tag?post=725"}],"curies":[{"name":"wp","href":"https:\/\/api.w.org\/{rel}","templated":true}]}}