{"id":7252,"date":"2023-02-23T16:07:51","date_gmt":"2023-02-23T22:07:51","guid":{"rendered":"https:\/\/tecsecmty.com\/index.php\/producto\/vivotek-ib9388-ht-camara-ip-bullet-exterior-5-megapixeles-lente-varifocal-remoto-2-8-12mm-h265-smart-ir-30mts-wdr-pro-vision-snv-ciberseguridad-trend-micro-smart-stream-iii-proteccion-ip66-ik\/"},"modified":"2023-03-22T23:24:45","modified_gmt":"2023-03-23T05:24:45","slug":"vivotek-ib9388-ht-camara-ip-bullet-exterior-5-megapixeles-lente-varifocal-remoto-2-8-12mm-h265-smart-ir-30mts-wdr-pro-vision-snv-ciberseguridad-trend-micro-smart-stream-iii-proteccion-ip66-ik","status":"publish","type":"product","link":"https:\/\/tecsecmty.com\/index.php\/producto\/vivotek-ib9388-ht-camara-ip-bullet-exterior-5-megapixeles-lente-varifocal-remoto-2-8-12mm-h265-smart-ir-30mts-wdr-pro-vision-snv-ciberseguridad-trend-micro-smart-stream-iii-proteccion-ip66-ik\/","title":{"rendered":"VIVOTEK IB9388-HT &#8211; C\u00e1mara IP bullet exterior 5 Megapixeles\/ Lente Varifocal Remoto 2.8-12mm\/H265\/Smart IR 30mts\/ WDR PRO\/ Visi\u00f3n SNV\/ Ciberseguridad Trend Micro\/ Smart Stream III\/ Protecci\u00f3n IP66, IK10\/ NDAA\/ ONVIF"},"content":{"rendered":"<div class=\"row aling-items-center padding-bottom-2x\">\n<div class=\"col-lg-12\">\n<h5 class=\"card-title text-center\">Informaci\u00f3n General<\/h5>\n<p class=\"ql-align-justify\">El modelo IB9388-HT de VIVOTEK es una c\u00e1mara de red IP tipo bala para exteriores, soporta el nuevo c\u00f3dec de compresi\u00f3n H.265, integra un sensor de 5 megap\u00edxeles, que permite una resoluci\u00f3n de 2560&#215;1920 a 20 fps. Con la tecnolog\u00eda SNV y WDR Pro de VIVOTEK, la c\u00e1mara es capaz de capturar im\u00e1genes de alta calidad en entornos de alto contraste y poca luz, tiene una lente para una funci\u00f3n de enfoque remoto para diferentes escenarios de usuario. Los iluminadores IR est\u00e1n equipados con un alcance efectivo de 30 metros para una mejor visibilidad nocturna. Adem\u00e1s, para proporcionar una cobertura confiable en entornos exteriores hostiles, su carcasa garantiza la protecci\u00f3n IP66 e IK10 resistente al funcionamiento totalmente a la intemperie.<\/p>\n<p><strong>Caracter\u00edsticas principales:<\/strong><\/p>\n<ul>\n<li>Tecnolog\u00eda de compresi\u00f3n H.265 y Smart Stream III que permiten ahorrar hasta el 80 % de almacenamiento y ancho de banda<\/li>\n<li>Alta resoluci\u00f3n de video de hasta 20 fps @ 2560&#215;1920<\/li>\n<li>WDR Pro para mejorar la visibilidad en entornos extremadamente brillantes y oscuros<\/li>\n<li>Lente 2.8 ~ 12 mm con enfoque remoto para hacer m\u00e1s f\u00e1cil la configuraci\u00f3n de zoom y enfoque<\/li>\n<li>Tecnolog\u00eda SNV (visibilidad nocturna suprema) para condiciones de poca luz<\/li>\n<li>Trend Micro IoT Security<\/li>\n<li>Iluminaci\u00f3n IR incorporados efectivos hasta 30 metros<\/li>\n<li>Carcasa Resistente a la intemperie IP66 y a prueba de vandalismo IK10<\/li>\n<li class=\"ql-align-justify\">Ranura compatible con tarjetas MicroSD \/ SDHC \/ SDXC para almacenamiento local<\/li>\n<\/ul>\n<p><img decoding=\"async\" class=\"overview-center-img-web\" src=\"https:\/\/tvc.mx\/media\/678047\/banner.png\" alt=\"\" \/><\/div>\n<\/div>\n<div class=\"row aling-items-center padding-bottom-2x\">\n<div class=\"col-lg-12\">\n<h5 class=\"card-title text-center\">La tecnolog\u00eda smart stream le proporciona mejor calidad de video con menor consumo de ancho de banda<\/h5>\n<p class=\"ql-align-justify\">Smart stream de VIVOTEK es una mejora del codificador de video de \u00faltima generaci\u00f3n que es totalmente compatible con los est\u00e1ndares H.264 y H.265.\u00a0A trav\u00e9s de una colecci\u00f3n de algoritmos que analizan la transmisi\u00f3n de video en tiempo real, los detalles de las regiones de inter\u00e9s y los movimientos espec\u00edficos se priorizan y preservan con configuraciones de video ajustadas.\u00a0Smart stream de VIVOTEK permite optimizar la videovigilancia, reduciendo significativamente los requisitos de ancho de banda y almacenamiento sin sacrificar la calidad visual.\u00a0En algunos casos, puede reducir el uso del almacenamiento hasta en un 80 %.\u00a0Como l\u00edder mundial en compresi\u00f3n de video, VIVOTEK constantemente innova nuevas tecnolog\u00edas para hacer que la codificaci\u00f3n sea m\u00e1s eficiente y brindar un smart stream cada vez m\u00e1s inteligente.<\/p>\n<p><img decoding=\"async\" class=\"overview-center-img-web\" src=\"https:\/\/tvc.mx\/media\/370291\/vivotek-tecnolog%C3%ADa-smart-stream-para-ahorro-de-datos-y-ancho-de-banda.png\" alt=\"\" \/><\/div>\n<\/div>\n<div class=\"row aling-items-center padding-bottom-2x\">\n<div class=\"col-lg-12\">\n<h5 class=\"card-title text-center\">Smart Q mantiene la calidad visual y reduce el consumo de datos mediante un an\u00e1lisis y optimizaci\u00f3n de la imagen por bloques<\/h5>\n<p>Smart Q reduce la tasa de bits mediante el uso de informaci\u00f3n de escena en tiempo real.\u00a0La complejidad de la escena se analiza y se puede separar din\u00e1micamente en varios bloques.\u00a0Cada bloque est\u00e1 codificado con un par\u00e1metro de compresi\u00f3n optimizado para mantener la calidad visual y reducir la tasa de bits.<\/p>\n<p><img decoding=\"async\" class=\"overview-center-img-web\" src=\"https:\/\/tvc.mx\/media\/370819\/vivotek-tecnolog%C3%ADa-smart-stream-para-ahorro-de-datos-y-ancho-de-banda-smart-q.png\" alt=\"\" \/><\/div>\n<\/div>\n<div class=\"row aling-items-center padding-bottom-2x\">\n<div class=\"col-lg-12\">\n<h5 class=\"card-title text-center\">Optimice el consumo y ancho de banda con un periodo de cuadros internos para imagen din\u00e1mico de im\u00e1genes<\/h5>\n<p class=\"ql-align-justify\">En el proceso de video los fotogramas I consumen la mayor tasa de bits dentro del flujo de video codificado.\u00a0Por lo tanto, cuanto mayor sea el intervalo de fotogramas I, menor ser\u00e1 el ancho de banda general del video.\u00a0Sin embargo, un intervalo de fotogramas I m\u00e1s largo tambi\u00e9n introducir\u00e1 m\u00e1s errores de propagaci\u00f3n de codificaci\u00f3n y efectos secundarios para la aplicaci\u00f3n de grabaci\u00f3n.\u00a0Al analizar la escena, el periodo din\u00e1mico de intraframe optimiza y reduce la tasa de bits sin comprometer la calidad del video.\u00a0Al hacerlo, Dynamic Intra Frame Period permite una reducci\u00f3n m\u00e1xima del ancho de banda, al tiempo que conserva la m\u00e1s alta calidad de video para los objetos de inter\u00e9s.<\/p>\n<p><img decoding=\"async\" class=\"overview-center-img-web\" src=\"https:\/\/tvc.mx\/media\/370823\/vivotek-periodo-de-intra-cuadro-dinamico-para-el-ahorro-de-ancho-de-banda.png\" alt=\"\" \/><\/div>\n<\/div>\n<div class=\"row aling-items-center padding-bottom-2x\">\n<div class=\"col-lg-12\">\n<h5 class=\"card-title text-center\">La combinaci\u00f3n de la tecnolog\u00eda de compresi\u00f3n H.265 y Smart Stream ofrecen calidad de imagen superior con menos ancho de banda<\/h5>\n<p>La siguiente tabla de comparaci\u00f3n de ancho de banda muestra las reducciones de ancho de banda de la red cuando se aplica la tecnolog\u00eda smart stream en la misma transmisi\u00f3n de video original con el c\u00f3dec de compresi\u00f3n H.265.<\/p>\n<p><img decoding=\"async\" class=\"overview-center-img-web\" src=\"https:\/\/tvc.mx\/media\/370827\/vivotek-comparacion-h265-h264-st.png\" alt=\"\" \/><\/div>\n<\/div>\n<div class=\"row aling-items-center padding-bottom-2x\">\n<div class=\"col-lg-12\">\n<h5 class=\"card-title text-center\">Obtenga im\u00e1genes claras al interior y exterior en cualquier ambiente dificil de luz<\/h5>\n<p class=\"ql-align-justify\">WDR Pro es una tecnolog\u00eda extremadamente valiosa para cualquier entorno de vigilancia, en particular, garantiza que, independientemente de las condiciones de iluminaci\u00f3n presentes en una ubicaci\u00f3n monitoreada, o de c\u00f3mo un objeto o persona de inter\u00e9s est\u00e9 situado en relaci\u00f3n con la c\u00e1mara y las fuentes de luz, se puede capturar y visualizar claramente un alto nivel de detalle para obtener una imagen positiva. Identificaci\u00f3n, seguimiento preciso y otras aplicaciones exigentes.<\/p>\n<p class=\"ql-align-justify\">Cuando una c\u00e1mara se usa donde la iluminaci\u00f3n ambiental es alta y causa un alto contraste de iluminaci\u00f3n, resplandor o reflejos como una entrada del edificio, cajeros autom\u00e1ticos, ventanas, o personas puede aparecer oscuras o irreconocible. La tecnolog\u00eda\u00a0WDR\u00a0(Wide Dynamic Range) compensa el desequilibrio de iluminaci\u00f3n, restaurando los detalles en todo el campo de la visi\u00f3n con el fin de hacer frente a todas las condiciones de luz dif\u00edciles.<\/p>\n<p><img decoding=\"async\" class=\"overview-center-img-web\" src=\"https:\/\/tvc.mx\/media\/370839\/vivotek-funcion-wdr-pro-imagenes-claras-nitidas-a-contra-luz-de-fondo.png\" alt=\"\" \/><\/div>\n<\/div>\n<div class=\"row aling-items-center padding-bottom-2x\">\n<div class=\"col-lg-12\">\n<h5 class=\"card-title text-center\">Obtenga im\u00e1genes a color y de alta calidad en ambientes con poca iluminaci\u00f3n<\/h5>\n<p>La tecnolog\u00eda SNV (Supreme Night Visibility) de VIVOTEK proporciona una soluci\u00f3n innovadora para permitir videos de vigilancia con poca luz y de calidad suficiente para satisfacer los requisitos de aplicaciones exigentes, por ejemplo, vigilancia a nivel de calle por la noche o el monitoreo de espacios interiores con poca iluminaci\u00f3n, como almacenes.\u00a0VIVOTEK ha podido lograr este avance al incorporar tecnolog\u00edas avanzadas de captura de video con poca luz.\u00a0Sus c\u00e1maras equipadas con SNV cuentan con sensores \u00f3pticos ultrasensibles que capturan video en color de alta calidad, incluso en entornos extremadamente oscuros, complementados con un procesamiento de se\u00f1al avanzado que garantiza un contraste suficiente y una reproducci\u00f3n precisa del color, as\u00ed como reducci\u00f3n de ruido 3D para revelar detalles y mejorar en general. claridad.<\/p>\n<p><img decoding=\"async\" class=\"overview-center-img-web\" src=\"https:\/\/tvc.mx\/media\/370843\/vivotek-tecnologia-de-imagen-ofrece-imagenes-claras-y-nitidas-en-condiciones-de-baja-iluminaci%C3%B3n.png\" alt=\"\" \/><\/div>\n<\/div>\n<div class=\"row aling-items-center padding-bottom-2x\">\n<div class=\"col-lg-12\">\n<h5 class=\"card-title text-center\">Con smart IR los rostros de las personas los podr\u00e1 apreciar perfectamente en la noche<\/h5>\n<p class=\"ql-align-justify\">VIVOTEK ha trabajado para superar la deficiencia que afecta a las c\u00e1maras con IR convencionales recurriendo a la tecnolog\u00eda Smart IR, esta tecnolog\u00eda elimina los problemas graves de sobreexposici\u00f3n al ajustar din\u00e1micamente la intensidad de la luz infrarroja emitida por la fuente de luz IR por los LED de la c\u00e1mara, a medida que un objeto de inter\u00e9s se acerca o aleja en el campo de visi\u00f3n.\u00a0Esto asegura que el objeto sea capturado por la c\u00e1mara a un nivel de exposici\u00f3n apropiado, preservando los detalles que de otro modo se perder\u00edan con una c\u00e1mara con IRs convencionales cuando el objeto est\u00e9 cerca.\u00a0El resultado es una mayor efectividad para aplicaciones exigentes, como la identificaci\u00f3n de personas o los n\u00fameros de matr\u00edcula de veh\u00edculos en condiciones de poca luz visible.<\/p>\n<p><img decoding=\"async\" class=\"overview-center-img-web\" src=\"https:\/\/tvc.mx\/media\/370847\/vivotek-imagenes-claras-y-nitidas-con.smart-ir.png\" alt=\"\" \/><\/div>\n<\/div>\n<div class=\"row aling-items-center padding-bottom-2x\">\n<div class=\"col-lg-12\">\n<h5 class=\"card-title text-center\">Lib\u00e9rese de los ataques cibern\u00e9ticos gracias al sistema anti-intrusi\u00f3n de Trend Micro dentro de las c\u00e1maras<\/h5>\n<p class=\"ql-align-justify\">VIVOTEK es el primer fabricante de soluciones de vigilancia en red del mundo que coopera con la empresa de ciberseguridad de renombre mundial, Trend Micro.\u00a0A trav\u00e9s de c\u00e1maras de red armadas con el software anti-intrusi\u00f3n de Trend Micro, VIVOTEK ofrece alta seguridad y vigilancia de red robusta para proteger vidas y proteger datos.<\/p>\n<p><img decoding=\"async\" class=\"overview-center-img-web\" src=\"https:\/\/tvc.mx\/media\/370859\/vivotek-trendmicro-seguridad-antiintrusion.png\" alt=\"\" \/><\/div>\n<\/div>\n<div class=\"row aling-items-center padding-bottom-2x\">\n<div class=\"col-lg-12\">\n<h5 class=\"card-title text-center\">Visualice el video en vivo desde sus dispositivos m\u00f3viles con iViewer gratuitamente<\/h5>\n<p class=\"ql-align-justify\">iViewer est\u00e1 dise\u00f1ado para permitir a los usuarios monitorear el video de c\u00e1maras y servidores como NVR y VMS de forma remota proporcion\u00e1ndoles acceso a videos de las c\u00e1maras de vigilancia directamente desde el dispositivo port\u00e1tiles iOS o Android, la interfaz redise\u00f1ada y f\u00e1cil de usar permite al usuario monitorear video en vivo de cientos de c\u00e1maras desde sus dispositivos port\u00e1tiles. El usuario puede acceder a c\u00e1maras administradas por VAST 1 o VAST 2 (software de administraci\u00f3n de video y central), NVRs de VIVOTEK, o puede hacer conexiones directas a c\u00e1maras individuales en su red LAN o WAN*. iViewer tambi\u00e9n permite el acceso al audio bidireccional para cada c\u00e1mara, control de pantalla PTZ y PiP, correcci\u00f3n de distorsi\u00f3n esf\u00e9rica de lente ojo de pez, fotos instant\u00e1neas y reproducci\u00f3n de video grabado por VAST y NVRs de VIVOTEK.<\/p>\n<p><img decoding=\"async\" class=\"overview-center-img-web\" src=\"https:\/\/tvc.mx\/media\/370851\/vivotek-aplicaci%C3%B3n-movil-iviewer.png\" alt=\"\" \/><\/div>\n<\/div>\n<div class=\"row aling-items-center padding-bottom-2x\">\n<div class=\"col-lg-12\">\n<h5 class=\"card-title text-center\">Potente software VAST 2 de gesti\u00f3n avanzada con hasta 32 canales gratuitos<\/h5>\n<p class=\"ql-align-justify\">\u00a0El software VAST de\u00a0VIVOTEK es una nueva generaci\u00f3n de software de gesti\u00f3n de v\u00eddeo vigilancia, con prestaciones muy fiables en la grabaci\u00f3n y un sistema muy sencillo de gesti\u00f3n para diversas aplicaciones de vigilancia IP. El software VAST consta de tres componentes principales, que son: Servidor de grabaci\u00f3n VAST, cliente en vivo VAST, para ver en vivo las im\u00e1genes y gestionar el sistema, y reproductor VAST para la b\u00fasqueda en la base de datos y recuperar las grabaciones.<\/p>\n<p><img decoding=\"async\" class=\"overview-center-img-web\" src=\"https:\/\/tvc.mx\/media\/370855\/vivotek-vast-2-software-de-gestion-para-grabar-monitorear-reproducir-video-hasta-32-canales-gratuitos.png\" alt=\"\" \/><\/div>\n<\/div>\n<div class=\"row align-items-center padding-bottom-2x\">\n<div class=\"col-md-5 order-md-2\"><img decoding=\"async\" class=\"d-block m-auto img-thumbnail\" src=\"https:\/\/tvc.mx\/media\/375491\/camara-de-red-ip-bullet-para-exterior-ir-wdr-enfoque-remoto-5-megapixeles-ib9388-incluye-ht.png\" alt=\" \" \/><\/div>\n<div class=\"col-md-7 order-md-1 text-md-left text-center\">\n<h2>Incluye<\/h2>\n<p class=\"text-muted\">\n<p>Gu\u00eda de instalaci\u00f3n r\u00e1pida<\/p>\n<p>Etiqueta de alineaci\u00f3n<\/p>\n<p>Paquete de tornillos<\/p>\n<p>Conector glandula<\/p>\n<p>P\u00f3liza de garant\u00eda<\/p>\n<p>&nbsp;<\/p>\n<\/div>\n<\/div>\n<hr class=\"padding-bottom-2x\" \/>\n<div class=\"row align-items-center padding-bottom-2x\">\n<div class=\"col-md-5 order-md-2\"><img decoding=\"async\" class=\"d-block m-auto img-thumbnail\" src=\"https:\/\/tvc.mx\/media\/375459\/camara-de-red-ip-bullet-para-exterior-ir-wdr-enfoque-remoto-5-megapixeles-ib9388-dimensiones-ht.png\" alt=\" \" \/><\/div>\n<div class=\"col-md-7 order-md-1 text-md-left text-center\">\n<h2>Especificaciones t\u00e9cnicas<\/h2>\n<p class=\"text-muted\">\n<p><strong>Sensor de imagen:<\/strong>\u00a0CMOS progresivo 1\/3,1&#8243;<\/p>\n<p><strong>M\u00e1x. Resoluci\u00f3n:<\/strong>\u00a01920&#215;1080 (2MP)<\/p>\n<p><strong>Tipo de lente:<\/strong>\u00a0Fija focal<\/p>\n<p><strong>Longitud focal:<\/strong>\u00a0f = 2.8 mm<\/p>\n<p><strong>Apertura:<\/strong>\u00a0F2.0<\/p>\n<p><strong>Tipo de iris:<\/strong>\u00a0Iris fijo<\/p>\n<p><strong>Campo de visi\u00f3n:<\/strong>\u00a0116\u00b0 (Horizontal) 65\u00b0 (Vertical) 140\u00b0 (Diagonal)<\/p>\n<p><strong>Tiempo de obturaci\u00f3n:<\/strong>\u00a01\/5 seg. a 1\/32,000 seg.<\/p>\n<p><strong>Tecnolog\u00eda WDR:<\/strong>\u00a0WDR Mejorado<\/p>\n<p><strong>D\u00eda\/Noche:<\/strong>\u00a0S\u00ed<\/p>\n<p><strong>Filtro de corte IR extra\u00edble:<\/strong>\u00a0S\u00ed<\/p>\n<p><strong>Iluminadores IR incorporados:<\/strong>\u00a0efectivos hasta 30 metros con Smart IR, 1 LEDs IR<\/p>\n<p class=\"ql-align-justify\"><strong>Iluminaci\u00f3n m\u00ednima:<\/strong>\u00a00.08 lux @ F2.0 (Color) &lt;0.005 lux @ F2.0 (B\/N) 0 lux con iluminaci\u00f3n IR enc.<\/p>\n<\/div>\n<\/div>\n","protected":false},"excerpt":{"rendered":"<p>Informaci\u00f3n General El modelo IB9388-HT de VIVOTEK es una c\u00e1mara de red IP tipo bala para exteriores, soporta el nuevo c\u00f3dec de compresi\u00f3n H.265, integra un sensor de 5 megap\u00edxeles, que permite una resoluci\u00f3n de 2560&#215;1920 a 20 fps. Con la tecnolog\u00eda SNV y WDR&hellip;<\/p>\n","protected":false},"featured_media":7251,"comment_status":"open","ping_status":"closed","template":"","meta":{"om_disable_all_campaigns":false,"_monsterinsights_skip_tracking":false,"_monsterinsights_sitenote_active":false,"_monsterinsights_sitenote_note":"","_monsterinsights_sitenote_category":0},"product_brand":[],"product_cat":[652],"product_tag":[613,611,612,616,615,610,614,617],"class_list":{"0":"post-7252","1":"product","2":"type-product","3":"status-publish","4":"has-post-thumbnail","6":"product_cat-bullet-camaras-ip-vivotek-video-vigilancia","7":"product_tag-bosch","8":"product_tag-manhattan","9":"product_tag-saxxon","10":"product_tag-surveon","11":"product_tag-utepo","12":"product_tag-videovigilancia","13":"product_tag-vivotek","14":"product_tag-zteco","16":"first","17":"instock","18":"sale","19":"taxable","20":"shipping-taxable","21":"purchasable","22":"product-type-simple"},"aioseo_notices":[],"_links":{"self":[{"href":"https:\/\/tecsecmty.com\/index.php\/wp-json\/wp\/v2\/product\/7252","targetHints":{"allow":["GET"]}}],"collection":[{"href":"https:\/\/tecsecmty.com\/index.php\/wp-json\/wp\/v2\/product"}],"about":[{"href":"https:\/\/tecsecmty.com\/index.php\/wp-json\/wp\/v2\/types\/product"}],"replies":[{"embeddable":true,"href":"https:\/\/tecsecmty.com\/index.php\/wp-json\/wp\/v2\/comments?post=7252"}],"version-history":[{"count":0,"href":"https:\/\/tecsecmty.com\/index.php\/wp-json\/wp\/v2\/product\/7252\/revisions"}],"wp:featuredmedia":[{"embeddable":true,"href":"https:\/\/tecsecmty.com\/index.php\/wp-json\/wp\/v2\/media\/7251"}],"wp:attachment":[{"href":"https:\/\/tecsecmty.com\/index.php\/wp-json\/wp\/v2\/media?parent=7252"}],"wp:term":[{"taxonomy":"product_brand","embeddable":true,"href":"https:\/\/tecsecmty.com\/index.php\/wp-json\/wp\/v2\/product_brand?post=7252"},{"taxonomy":"product_cat","embeddable":true,"href":"https:\/\/tecsecmty.com\/index.php\/wp-json\/wp\/v2\/product_cat?post=7252"},{"taxonomy":"product_tag","embeddable":true,"href":"https:\/\/tecsecmty.com\/index.php\/wp-json\/wp\/v2\/product_tag?post=7252"}],"curies":[{"name":"wp","href":"https:\/\/api.w.org\/{rel}","templated":true}]}}