{"id":7256,"date":"2023-02-23T16:07:55","date_gmt":"2023-02-23T22:07:55","guid":{"rendered":"https:\/\/tecsecmty.com\/index.php\/producto\/vivotek-ib9389-eht-v2-camara-ip-bullet-exterior-5-megapixeles-lente-varifocal-2-8-10mm-wdr-pro-smart-ir-30mts-smart-stream-iii-vision-snv-ciberseguridad-trend-micro-smart-motion-h265-prote\/"},"modified":"2023-03-22T23:24:45","modified_gmt":"2023-03-23T05:24:45","slug":"vivotek-ib9389-eht-v2-camara-ip-bullet-exterior-5-megapixeles-lente-varifocal-2-8-10mm-wdr-pro-smart-ir-30mts-smart-stream-iii-vision-snv-ciberseguridad-trend-micro-smart-motion-h265-prote","status":"publish","type":"product","link":"https:\/\/tecsecmty.com\/index.php\/producto\/vivotek-ib9389-eht-v2-camara-ip-bullet-exterior-5-megapixeles-lente-varifocal-2-8-10mm-wdr-pro-smart-ir-30mts-smart-stream-iii-vision-snv-ciberseguridad-trend-micro-smart-motion-h265-prote\/","title":{"rendered":"VIVOTEK IB9389-EHT-v2 &#8211; Camara IP bullet exterior 5 Megapixeles\/ Lente varifocal 2.8-10mm \/ WDR Pro \/Smart IR 30mts \/ Smart stream III\/Visi\u00f3n SNV\/ Ciberseguridad Trend Micro\/ Smart Motion\/ H265\/ Protecci\u00f3n IP66, IK10\/ NDAA\/ONVIF"},"content":{"rendered":"<div class=\"row aling-items-center padding-bottom-2x\">\n<div class=\"col-lg-12\">\n<h5 class=\"card-title text-center\">Informaci\u00f3n general<\/h5>\n<p class=\"ql-align-justify\">El nuevo modelo IB9389 es una c\u00e1mara de red tipo bala para exteriores con una resoluci\u00f3n de 2560 x 1920 a 30 fps. Cuenta con la tecnolog\u00eda VIVOTEK WDR Pro, la serie de c\u00e1maras es capaz de capturar im\u00e1genes de la m\u00e1s alta calidad en entornos con poca luz y alto contraste. Con la luz IR integrada, la c\u00e1mara podr\u00e1 proporcionar iluminaci\u00f3n en la oscuridad total y con la funci\u00f3n Smart IR, el firmware ajustar\u00e1 autom\u00e1ticamente la intensidad IR de los objetos que se acercaron demasiado para evitar la sobreexposici\u00f3n.<\/p>\n<p class=\"ql-align-justify\">La c\u00e1mara admite la funci\u00f3n WDR con una efectividad de hasta 120 dB. Este modelo admite almacenamiento de video local en las tarjetas MicroSD si se interrumpe el servicio de red. La c\u00e1mara tambi\u00e9n viene con detecci\u00f3n de movimiento configurable y detecci\u00f3n de manipulaci\u00f3n con hasta 5 \u00e1reas de m\u00e1scara de privacidad.<\/p>\n<p class=\"ql-align-justify\"><strong>Principales caracter\u00edsticas:<\/strong><\/p>\n<ul>\n<li>30 fps @ 2560&#215;1920, 60 fps @ 1920&#215;1080 (WDR Pro enc.)<\/li>\n<li>WDR Pro (120dB) para una visibilidad sin precedentes en entornos extremadamente oscuros y brillantes<\/li>\n<li>Iluminaci\u00f3n IR incorporada hasta 30 metros<\/li>\n<li>Tecnolog\u00eda Smart IR para evitar la sobreexposici\u00f3n<\/li>\n<li>Trend Micro IoT Security<\/li>\n<li>Cubierta met\u00e1lica a prueba de vandalismo clasificaci\u00f3n IK10 y resistente a la intemperie clasificaci\u00f3n IP66<\/li>\n<li>2.8 ~ 10mm Motorizado de lente<\/li>\n<\/ul>\n<p><img decoding=\"async\" class=\"overview-center-img-web\" src=\"https:\/\/tvc.mx\/media\/615639\/vivotek-camara-de-red-ip-bullet-exterior-h265-5mp-60fps-28-10mm-30m-ir-wdr-pro-snv-vision-nocturna-deteccion-de-movimiento-ndaa-ib9389-eht-v2-banner.png\" alt=\"\" \/><\/div>\n<\/div>\n<div class=\"row aling-items-center padding-bottom-2x\">\n<div class=\"col-lg-12\">\n<h5 class=\"card-title text-center\">La detecci\u00f3n de movimiento inteligente permite el reconocimiento instant\u00e1neo del movimiento de las personas<\/h5>\n<p class=\"ql-align-justify\">La detecci\u00f3n de movimiento inteligente de VIVOTEK permite el reconocimiento instant\u00e1neo del movimiento de las personas, reduce las falsas alarmas en hasta un 90% y evita el tiempo perdido para que el personal de seguridad verifique los eventos de falsas alarmas. En la configuraci\u00f3n inicial, la detecci\u00f3n de movimiento inteligente reduce la cantidad de tiempo requerido para la instalaci\u00f3n y la posibilidad de cometer errores de configuraci\u00f3n, al tiempo que minimiza el n\u00famero de falsas alarmas. La detecci\u00f3n de movimiento inteligente se aplica f\u00e1cilmente a la mayor\u00eda de las escenas de vigilancia sin la necesidad de tareas de configuraci\u00f3n tediosas y esfuerzos de ajuste en el sitio.<\/p>\n<p><img decoding=\"async\" class=\"overview-center-img-web\" src=\"https:\/\/tvc.mx\/media\/615643\/vivotek-deteccion-de-movimiento-sin-falsas-alarmas-y-detecci%C3%B3n-precisa-de-humanos.png\" alt=\"\" \/><\/div>\n<\/div>\n<div class=\"row aling-items-center padding-bottom-2x\">\n<div class=\"col-lg-12\">\n<h5 class=\"card-title text-center\">Reduzca hasta un 90% de tiempo en falsas alarmas detectando solamente el movimiento humano<\/h5>\n<p class=\"ql-align-justify\">Este par de im\u00e1genes revela la precisi\u00f3n mejorada de la detecci\u00f3n de movimiento inteligente. Las etiquetas rojas indican alarmas, en la imagen de la izquierda podemos ver las numerosas falsas alarmas creadas con la detecci\u00f3n de movimiento tradicional. A la derecha, se muestra la misma escena con Detecci\u00f3n de Movimiento Inteligente: D\u00f3nde solo las siluetas de personas activan la alarma.<\/p>\n<p><img decoding=\"async\" class=\"overview-center-img-web\" src=\"https:\/\/tvc.mx\/media\/615651\/vivote-detecci%C3%B3n-de-movimiento-inteligente-deferecnia-entre-deteccion-precisa.png\" alt=\"\" \/><\/div>\n<\/div>\n<div class=\"row aling-items-center padding-bottom-2x\">\n<div class=\"col-lg-12\">\n<h5 class=\"card-title text-center\">No solo durante el d\u00eda ser\u00e1 precisa la detecci\u00f3n de movimiento sino tambi\u00e9n en la noche sin importar los cambios de iluminaci\u00f3n<\/h5>\n<p class=\"ql-align-justify\">Creado a partir de una base de datos de miles de escenarios de d\u00eda y noche, con diversas condiciones de iluminaci\u00f3n, el algoritmo de aprendizaje profundo de movimiento inteligente viene con modelos de iluminaci\u00f3n que pueden adaptarse r\u00e1pidamente a la instalaci\u00f3n del usuario. Los modelos de iluminaci\u00f3n en la detecti\u00f3n de movimiento inteligente pueden lidiar con escenas de alto contraste iluminadas por el sol, ambientes interiores iluminados o no iluminados, falsas alarmas causadas por la luz de los faros de veh\u00edculos u otras posibles distracciones. Adem\u00e1s, los modelos de iluminaci\u00f3n incorporados significan que los usuarios no necesitan ajustar la sensibilidad al movimiento para diferentes escenarios de aplicaci\u00f3n o en diferentes momentos del d\u00eda.<\/p>\n<p><img decoding=\"async\" class=\"overview-center-img-web\" src=\"https:\/\/tvc.mx\/media\/615655\/vivote-detecci%C3%B3n-de-movimiento-inteligente-deferecnia-entre-deteccion-precisa-nocturna-%282%29.png\" alt=\"\" \/><\/div>\n<\/div>\n<div class=\"row aling-items-center padding-bottom-2x\">\n<div class=\"col-lg-12\">\n<h5 class=\"card-title text-center\">Realice una configuraci\u00f3n completamente f\u00e1cil e intuitiva<\/h5>\n<p class=\"ql-align-justify\">La tecnolog\u00eda de detecci\u00f3n de movimiento inteligente de VIVOTEK mejora las t\u00e9cnicas convencionales de configuraci\u00f3n que dependen del tama\u00f1o de los objetos en la escena, ofreciendo a su vez una interfaz intuitiva que muestra c\u00f3mo la actividad de movimiento cambia a lo largo de la l\u00ednea en tiempo real. Esto permite a los usuarios comprender claramente si la configuraci\u00f3n actual puede detectar con precisi\u00f3n el movimiento en la escena.<\/p>\n<p><img decoding=\"async\" class=\"overview-center-img-web\" src=\"https:\/\/tvc.mx\/media\/615663\/vivote-detecci%C3%B3n-de-movimiento-inteligente-intervalo-de-combinaci%C3%B3n-de-actvidades.png\" alt=\"\" \/><\/div>\n<\/div>\n<div class=\"row aling-items-center padding-bottom-2x\">\n<div class=\"col-lg-12\">\n<h5 class=\"card-title text-center\">La tecnolog\u00eda smart stream le proporciona mejor calidad de video con menor consumo de ancho de banda<\/h5>\n<p class=\"ql-align-justify\">Smart stream de VIVOTEK es una mejora del codificador de video de \u00faltima generaci\u00f3n que es totalmente compatible con los est\u00e1ndares H.264 y H.265.\u00a0A trav\u00e9s de una colecci\u00f3n de algoritmos que analizan la transmisi\u00f3n de video en tiempo real, los detalles de las regiones de inter\u00e9s y los movimientos espec\u00edficos se priorizan y preservan con configuraciones de video ajustadas.\u00a0Smart stream de VIVOTEK permite optimizar la videovigilancia, reduciendo significativamente los requisitos de ancho de banda y almacenamiento sin sacrificar la calidad visual.\u00a0En algunos casos, puede reducir el uso del almacenamiento hasta en un 80 %.\u00a0Como l\u00edder mundial en compresi\u00f3n de video, VIVOTEK constantemente innova nuevas tecnolog\u00edas para hacer que la codificaci\u00f3n sea m\u00e1s eficiente y brindar un smart stream cada vez m\u00e1s inteligente.<\/p>\n<p><img decoding=\"async\" class=\"overview-center-img-web\" src=\"https:\/\/tvc.mx\/media\/615667\/vivotek-tecnolog%C3%ADa-smart-stream-para-ahorro-de-datos-y-ancho-de-banda.png\" alt=\"\" \/><\/div>\n<\/div>\n<div class=\"row aling-items-center padding-bottom-2x\">\n<div class=\"col-lg-12\">\n<h5 class=\"card-title text-center\">Smart Q mantiene la calidad visual y reduce el consumo de datos mediante un an\u00e1lisis y optimizaci\u00f3n de la imagen por bloques<\/h5>\n<p class=\"ql-align-justify\">Smart Q reduce la tasa de bits mediante el uso de informaci\u00f3n de escena en tiempo real.\u00a0La complejidad de la escena se analiza y se puede separar din\u00e1micamente en varios bloques.\u00a0Cada bloque est\u00e1 codificado con un par\u00e1metro de compresi\u00f3n optimizado para mantener la calidad visual y reducir la tasa de bits.<\/p>\n<p><img decoding=\"async\" class=\"overview-center-img-web\" src=\"https:\/\/tvc.mx\/media\/615679\/vivotek-tecnolog%C3%ADa-smart-stream-para-ahorro-de-datos-y-ancho-de-banda-smart-q.png\" alt=\"\" \/><\/div>\n<\/div>\n<div class=\"row aling-items-center padding-bottom-2x\">\n<div class=\"col-lg-12\">\n<h5 class=\"card-title text-center\">Optimice el consumo y ancho de banda con un periodo de cuadros internos para imagen din\u00e1mico de im\u00e1genes<\/h5>\n<p class=\"ql-align-justify\">En el proceso de video, los fotogramas I consumen la mayor tasa de bits dentro del flujo de video codificado.\u00a0Por lo tanto, cuanto mayor sea el intervalo de fotogramas I, menor ser\u00e1 el ancho de banda general del video.\u00a0Sin embargo, un intervalo de fotogramas I m\u00e1s largo tambi\u00e9n introducir\u00e1 m\u00e1s errores de propagaci\u00f3n de codificaci\u00f3n y efectos secundarios para la aplicaci\u00f3n de grabaci\u00f3n.\u00a0Al analizar la escena, el periodo din\u00e1mico de intra-frame optimiza y reduce la tasa de bits sin comprometer la calidad del video.\u00a0Al hacerlo, Dynamic Intra Frame Period permite una reducci\u00f3n m\u00e1xima del ancho de banda, al tiempo que conserva la m\u00e1s alta calidad de video para los objetos de inter\u00e9s.<\/p>\n<p><img decoding=\"async\" class=\"overview-center-img-web\" src=\"https:\/\/tvc.mx\/media\/615683\/vivotek-periodo-de-intra-cuadro-dinamico-para-el-ahorro-de-ancho-de-banda.png\" alt=\"\" \/><\/div>\n<\/div>\n<div class=\"row aling-items-center padding-bottom-2x\">\n<div class=\"col-lg-12\">\n<h5 class=\"card-title text-center\">La combinaci\u00f3n de la tecnolog\u00eda de compresi\u00f3n H.265 y Smart Stream ofrecen calidad de imagen superior con menos ancho de banda<\/h5>\n<p>La siguiente tabla de comparaci\u00f3n de ancho de banda muestra las reducciones de ancho de banda de la red cuando se aplica la tecnolog\u00eda smart stream en la misma transmisi\u00f3n de video original con el c\u00f3dec de compresi\u00f3n H.265.<\/p>\n<p><img decoding=\"async\" class=\"overview-center-img-web\" src=\"https:\/\/tvc.mx\/media\/615687\/vivotek-comparacion-h265-h264-st.png\" alt=\"\" \/><\/div>\n<\/div>\n<div class=\"row aling-items-center padding-bottom-2x\">\n<div class=\"col-lg-12\">\n<h5 class=\"card-title text-center\">Obtenga im\u00e1genes claras al interior y exterior en cualquier ambiente dif\u00edcil de luz<\/h5>\n<p class=\"ql-align-justify\">WDR Pro es una tecnolog\u00eda extremadamente valiosa para cualquier entorno de vigilancia, en particular, garantiza que, independientemente de las condiciones de iluminaci\u00f3n presentes en una ubicaci\u00f3n monitoreada, o de c\u00f3mo un objeto o persona de inter\u00e9s est\u00e9 situado en relaci\u00f3n con la c\u00e1mara y las fuentes de luz, se puede capturar y visualizar claramente un alto nivel de detalle para obtener una imagen positiva. Identificaci\u00f3n, seguimiento preciso y otras aplicaciones exigentes.<\/p>\n<p class=\"ql-align-justify\">Cuando una c\u00e1mara se usa donde la iluminaci\u00f3n ambiental es alta y causa un alto contraste de iluminaci\u00f3n, resplandor o reflejos como una entrada del edificio, cajeros autom\u00e1ticos, ventanas, o personas, puede aparecer oscuras o irreconocible. La tecnolog\u00eda\u00a0WDR\u00a0(Wide Dynamic Range) compensa el desequilibrio de iluminaci\u00f3n, restaurando los detalles en todo el campo de la visi\u00f3n con el fin de hacer frente a todas las condiciones de luz dif\u00edciles.<\/p>\n<p><img decoding=\"async\" class=\"overview-center-img-web\" src=\"https:\/\/tvc.mx\/media\/615691\/vivotek-funcion-wdr-pro-imagenes-claras-nitidas-a-contra-luz-de-fondo.png\" alt=\"\" \/><\/div>\n<\/div>\n<div class=\"row aling-items-center padding-bottom-2x\">\n<div class=\"col-lg-12\">\n<h5 class=\"card-title text-center\">Obtenga im\u00e1genes a color y de alta calidad en ambientes con poca iluminaci\u00f3n<\/h5>\n<p>La tecnolog\u00eda SNV (Supreme Night Visibility) de VIVOTEK obsequia una soluci\u00f3n innovadora para permitir videos de vigilancia con poca luz y de calidad suficiente para satisfacer los requisitos de aplicaciones exigentes, por ejemplo, vigilancia a nivel de calle por la noche o el monitoreo de espacios interiores con poca iluminaci\u00f3n, como almacenes.\u00a0VIVOTEK ha podido lograr este avance al incorporar tecnolog\u00edas avanzadas de captura de video con poca luz.\u00a0Sus c\u00e1maras equipadas con SNV cuentan con sensores \u00f3pticos ultrasensibles que capturan video en color de alta calidad, incluso en entornos extremadamente oscuros, complementados con un procesamiento de se\u00f1al avanzado que garantiza un contraste suficiente y una reproducci\u00f3n precisa del color, as\u00ed como reducci\u00f3n de ruido 3D para revelar detalles y mejorar en general con claridad.<\/p>\n<p><img decoding=\"async\" class=\"overview-center-img-web\" src=\"https:\/\/tvc.mx\/media\/615699\/vivotek-tecnologia-de-imagen-ofrece-imagenes-claras-y-nitidas-en-condiciones-de-baja-iluminaci%C3%B3n.png\" alt=\"\" \/><\/div>\n<\/div>\n<div class=\"row aling-items-center padding-bottom-2x\">\n<div class=\"col-lg-12\">\n<h5 class=\"card-title text-center\">Con smart IR los rostros de las personas los podr\u00e1 apreciar perfectamente en la noche<\/h5>\n<p class=\"ql-align-justify\">VIVOTEK ha trabajado para superar la deficiencia que afecta a las c\u00e1maras con IR convencionales, recurriendo a la tecnolog\u00eda Smart IR. Esta tecnolog\u00eda elimina los problemas graves de sobreexposici\u00f3n al ajustar din\u00e1micamente la intensidad de la luz infrarroja emitida por la fuente de luz IR por los LED de la c\u00e1mara. A medida que un objeto de inter\u00e9s se acerca o aleja en el campo de visi\u00f3n.\u00a0Esto asegura que el objeto sea capturado por la c\u00e1mara a un nivel de exposici\u00f3n apropiado, preservando los detalles que de otro modo se perder\u00edan con una c\u00e1mara con IRs convencionales cuando el objeto est\u00e9 cerca.\u00a0El resultado es una mayor efectividad para aplicaciones exigentes, como la identificaci\u00f3n de personas o los n\u00fameros de matr\u00edcula de veh\u00edculos en condiciones de poca luz visible.<\/p>\n<p><img decoding=\"async\" class=\"overview-center-img-web\" src=\"https:\/\/tvc.mx\/media\/615707\/vivotek-imagenes-claras-y-nitidas-con.smart-ir.png\" alt=\"\" \/><\/div>\n<\/div>\n<div class=\"row aling-items-center padding-bottom-2x\">\n<div class=\"col-lg-12\">\n<h5 class=\"card-title text-center\">Visualice el video en vivo desde sus dispositivos m\u00f3viles con iViewer o VIVOCloud gratuitamente<\/h5>\n<p class=\"ql-align-justify\">iViewer est\u00e1 dise\u00f1ado para permitir a los usuarios monitorear el video de c\u00e1maras y servidores como NVR y VMS de forma remota proporcion\u00e1ndoles acceso a videos de las c\u00e1maras de vigilancia directamente desde el dispositivo port\u00e1tiles iOS o Android, la interfaz redise\u00f1ada y f\u00e1cil de usar permite al usuario monitorear video en vivo de cientos de c\u00e1maras desde sus dispositivos port\u00e1tiles. El usuario puede acceder a c\u00e1maras administradas por VAST 1 o VAST 2 (software de administraci\u00f3n de video y central), NVRs de VIVOTEK, o puede hacer conexiones directas a c\u00e1maras individuales en su red LAN o WAN*. iViewer tambi\u00e9n permite el acceso al audio bidireccional para cada c\u00e1mara, control de pantalla PTZ y PiP, correcci\u00f3n de distorsi\u00f3n esf\u00e9rica de lente ojo de pez, fotos instant\u00e1neas y reproducci\u00f3n de video grabado por VAST y NVRs de VIVOTEK.<\/p>\n<p><img decoding=\"async\" class=\"overview-center-img-web\" src=\"https:\/\/tvc.mx\/media\/615715\/vivotek-aplicacion-para-monitore.png\" alt=\"\" \/><\/div>\n<\/div>\n<div class=\"row aling-items-center padding-bottom-2x\">\n<div class=\"col-lg-12\">\n<h5 class=\"card-title text-center\">Potente software VAST 2 de gesti\u00f3n avanzada con hasta 32 canales gratuitos<\/h5>\n<p class=\"ql-align-justify\">\u00a0El software VAST de\u00a0VIVOTEK es una nueva generaci\u00f3n de software de gesti\u00f3n de v\u00eddeo vigilancia, con prestaciones muy fiables en la grabaci\u00f3n y un sistema muy sencillo de gesti\u00f3n para diversas aplicaciones de vigilancia IP. El software VAST consta de tres componentes principales, que son: Servidor de grabaci\u00f3n VAST, cliente en vivo VAST, para ver en vivo las im\u00e1genes y gestionar el sistema, y reproductor VAST para la b\u00fasqueda en la base de datos y recuperar las grabaciones.<\/p>\n<p><img decoding=\"async\" class=\"overview-center-img-web\" src=\"https:\/\/tvc.mx\/media\/615719\/vivotek-vast-2-software-de-gestion-para-grabar-monitorear-reproducir-video-hasta-32-canales-gratuitos.png\" alt=\"\" \/><\/div>\n<\/div>\n<div class=\"row aling-items-center padding-bottom-2x\">\n<div class=\"col-lg-12\">\n<h5 class=\"card-title text-center\">Lib\u00e9rese de los ataques cibern\u00e9ticos gracias al sistema anti-intrusi\u00f3n de Trend Micro dentro de las c\u00e1maras<\/h5>\n<p class=\"ql-align-justify\">VIVOTEK es el primer fabricante de soluciones de vigilancia en red del mundo que coopera con la empresa de ciberseguridad de renombre mundial, Trend Micro.\u00a0A trav\u00e9s de c\u00e1maras de red armadas con el software anti-intrusi\u00f3n de Trend Micro, VIVOTEK ofrece alta seguridad y vigilancia de red robusta para proteger vidas y proteger datos.<\/p>\n<p><img decoding=\"async\" class=\"overview-center-img-web\" src=\"https:\/\/tvc.mx\/media\/615723\/vivotek-trendmicro-seguridad-antiintrusion.png\" alt=\"\" \/><\/div>\n<\/div>\n","protected":false},"excerpt":{"rendered":"<p>Informaci\u00f3n general El nuevo modelo IB9389 es una c\u00e1mara de red tipo bala para exteriores con una resoluci\u00f3n de 2560 x 1920 a 30 fps. Cuenta con la tecnolog\u00eda VIVOTEK WDR Pro, la serie de c\u00e1maras es capaz de capturar im\u00e1genes de la m\u00e1s alta&hellip;<\/p>\n","protected":false},"featured_media":7255,"comment_status":"open","ping_status":"closed","template":"","meta":{"om_disable_all_campaigns":false,"_monsterinsights_skip_tracking":false,"_monsterinsights_sitenote_active":false,"_monsterinsights_sitenote_note":"","_monsterinsights_sitenote_category":0},"product_brand":[],"product_cat":[652],"product_tag":[613,611,612,616,615,610,614,617],"class_list":{"0":"post-7256","1":"product","2":"type-product","3":"status-publish","4":"has-post-thumbnail","6":"product_cat-bullet-camaras-ip-vivotek-video-vigilancia","7":"product_tag-bosch","8":"product_tag-manhattan","9":"product_tag-saxxon","10":"product_tag-surveon","11":"product_tag-utepo","12":"product_tag-videovigilancia","13":"product_tag-vivotek","14":"product_tag-zteco","16":"first","17":"instock","18":"sale","19":"taxable","20":"shipping-taxable","21":"purchasable","22":"product-type-simple"},"aioseo_notices":[],"_links":{"self":[{"href":"https:\/\/tecsecmty.com\/index.php\/wp-json\/wp\/v2\/product\/7256","targetHints":{"allow":["GET"]}}],"collection":[{"href":"https:\/\/tecsecmty.com\/index.php\/wp-json\/wp\/v2\/product"}],"about":[{"href":"https:\/\/tecsecmty.com\/index.php\/wp-json\/wp\/v2\/types\/product"}],"replies":[{"embeddable":true,"href":"https:\/\/tecsecmty.com\/index.php\/wp-json\/wp\/v2\/comments?post=7256"}],"version-history":[{"count":0,"href":"https:\/\/tecsecmty.com\/index.php\/wp-json\/wp\/v2\/product\/7256\/revisions"}],"wp:featuredmedia":[{"embeddable":true,"href":"https:\/\/tecsecmty.com\/index.php\/wp-json\/wp\/v2\/media\/7255"}],"wp:attachment":[{"href":"https:\/\/tecsecmty.com\/index.php\/wp-json\/wp\/v2\/media?parent=7256"}],"wp:term":[{"taxonomy":"product_brand","embeddable":true,"href":"https:\/\/tecsecmty.com\/index.php\/wp-json\/wp\/v2\/product_brand?post=7256"},{"taxonomy":"product_cat","embeddable":true,"href":"https:\/\/tecsecmty.com\/index.php\/wp-json\/wp\/v2\/product_cat?post=7256"},{"taxonomy":"product_tag","embeddable":true,"href":"https:\/\/tecsecmty.com\/index.php\/wp-json\/wp\/v2\/product_tag?post=7256"}],"curies":[{"name":"wp","href":"https:\/\/api.w.org\/{rel}","templated":true}]}}