{"id":7258,"date":"2023-02-23T16:07:57","date_gmt":"2023-02-23T22:07:57","guid":{"rendered":"https:\/\/tecsecmty.com\/index.php\/producto\/vivotek-ib9391-eht-camara-ip-bullet-exterior-8-megapixeles-4k-lente-varifocal-3-9-10mm-smart-ir-ii-50mts-wdr-pro-smart-vca-incluido-smart-stream-iii-vision-snv-ciberseguridad-trend-micro-smart\/"},"modified":"2023-03-22T23:24:45","modified_gmt":"2023-03-23T05:24:45","slug":"vivotek-ib9391-eht-camara-ip-bullet-exterior-8-megapixeles-4k-lente-varifocal-3-9-10mm-smart-ir-ii-50mts-wdr-pro-smart-vca-incluido-smart-stream-iii-vision-snv-ciberseguridad-trend-micro-smart","status":"publish","type":"product","link":"https:\/\/tecsecmty.com\/index.php\/producto\/vivotek-ib9391-eht-camara-ip-bullet-exterior-8-megapixeles-4k-lente-varifocal-3-9-10mm-smart-ir-ii-50mts-wdr-pro-smart-vca-incluido-smart-stream-iii-vision-snv-ciberseguridad-trend-micro-smart\/","title":{"rendered":"VIVOTEK IB9391-EHT &#8211; C\u00e1mara IP Bullet Exterior 8 Megapixeles\/4K\/ Lente Varifocal 3.9-10mm\/ Smart IR II 50mts\/ WDR Pro\/Smart VCA Incluido\/Smart Stream III\/ Visi\u00f3n SNV\/ Ciberseguridad Trend Micro\/Smart Motion\/Protecci\u00f3n IP67, IK10, Nema4X\/ ONVIF"},"content":{"rendered":"<div class=\"row aling-items-center padding-bottom-2x\">\n<div class=\"col-lg-12\">\n<h5 class=\"card-title text-center\">Informaci\u00f3n general<\/h5>\n<p class=\"ql-align-justify\">El modelo IB9391EHT de VIVOTEK es una nueva c\u00e1mara de red bullet para exteriores, equipada con un sensor 4K ultra HD con una resoluci\u00f3n de 3840&#215;2160 a 30 fps.\u00a0Con lo \u00faltimo en tecnolog\u00eda VIVOTEK WDR Pro, el modelo IB9391HTV es capaz de capturar im\u00e1genes de la m\u00e1s alta calidad en entornos de alto contraste.<\/p>\n<p class=\"ql-align-justify\">El modelo IB9391EHT tambi\u00e9n admite una resoluci\u00f3n est\u00e1ndar de 1920&#215;1080 Full HD a 120 cuadros por segundo, capaz de capturar objetos en movimiento.\u00a0Adem\u00e1s, el modelo IB9391EHT emplea la tecnolog\u00eda Smart Stream III de VIVOTEK y el c\u00f3dec de compresi\u00f3n H.265, lo que reduce el ancho de banda en m\u00e1s del 90% * y mantiene una excelente calidad de imagen.\u00a0Todas estas caracter\u00edsticas protegidas con la carcasa con certificaci\u00f3n IP67, IK10 y NEMA 4X del IB9391EHT, capaz de funcionar a temperaturas de -50 \u00b0 C a 60 \u00b0 C.<\/p>\n<p><img decoding=\"async\" class=\"overview-center-img-web\" src=\"https:\/\/tvc.mx\/media\/31539\/banner.jpg\" alt=\"\" \/><\/div>\n<\/div>\n<div class=\"row aling-items-center padding-bottom-2x\">\n<div class=\"col-lg-12\">\n<h5 class=\"card-title text-center\">Principales caracter\u00edsticas<\/h5>\n<ul>\n<li>30 fps a 3840&#215;2160 (WDR Pro activado), 120 fps @ 1920&#215;1080 (WDR Pro apagado)<\/li>\n<li>Smart Stream III para optimizar la eficiencia del ancho de banda<\/li>\n<li>Iluminadores infrarrojos incorporados, efectivos hasta 50 metros<\/li>\n<li>Tecnolog\u00eda Smart IR II para evitar la sobreexposici\u00f3n<\/li>\n<li>WDR Pro para una visibilidad inigualable en entornos extremadamente brillantes y oscuros<\/li>\n<li>SNV (Visibilidad nocturna suprema) para condiciones de poca luz<\/li>\n<li>Detecci\u00f3n inteligente de movimiento para reducir las falsas alarmas<\/li>\n<li>Carcasa a prueba de intemperie IP66 \/ IP67, IK10 a prueba de vandalismo y NEMA 4X<\/li>\n<li>-50 \u00b0 C ~ 60 \u00b0 C Amplio rango de temperatura para condiciones clim\u00e1ticas extremas (IR apagado)<\/li>\n<li>Trend Micro IoT Security<\/li>\n<\/ul>\n<p><img decoding=\"async\" class=\"overview-center-img-web\" src=\"https:\/\/tvc.mx\/media\/72258\/ib9391-eht---copia.png\" alt=\"\" \/><\/div>\n<\/div>\n<div class=\"row aling-items-center padding-bottom-2x\">\n<div class=\"col-lg-12\">\n<h5 class=\"card-title text-center\">Im\u00e1genes de alta resoluci\u00f3n en hasta 4K<\/h5>\n<p>El modelo IB9391EHT es una c\u00e1mara ultra-HD que proporciona resoluciones de 3840 x 2160 a 30 cuadros por segundo y 1920 x 1080 de resolucion a 120 frames por segundo. En comparaci\u00f3n con otros dispositivos con resoluci\u00f3n de 1080p est\u00e1ndar, la calidad de v\u00eddeo en estas c\u00e1maras ha visto un avance significativo, la entrega de im\u00e1genes de cuatro veces la resoluci\u00f3n en el monitoreo permite captar mayores detalles de la escena.<\/p>\n<p><img decoding=\"async\" class=\"overview-center-img-web\" src=\"https:\/\/tvc.mx\/media\/35091\/comparision_2k_and_4k.jpg\" alt=\"\" \/><\/div>\n<\/div>\n<div class=\"row aling-items-center padding-bottom-2x\">\n<div class=\"col-lg-12\">\n<h5 class=\"card-title text-center\">beneficiese de la tecnolog\u00eda WDR en algunos de los siguientes casos<\/h5>\n<p>La tecnolog\u00eda de amplio rango din\u00e1mico (WDR) mejora la calidad de imagen de una c\u00e1mara en condiciones de iluminaci\u00f3n de alto contraste donde tanto las \u00e1reas con poca luz como las brillantes est\u00e1n presentes en el campo de visi\u00f3n.\u00a0Le permite a la c\u00e1mara capturar detalles claramente en las \u00e1reas poco iluminadas y fuertemente iluminadas del video.<\/p>\n<p><img decoding=\"async\" class=\"overview-center-img-web\" src=\"https:\/\/tvc.mx\/media\/31558\/wdr-pro.jpg\" alt=\"\" \/><\/div>\n<\/div>\n<div class=\"row aling-items-center padding-bottom-2x\">\n<div class=\"col-lg-12\">\n<h5 class=\"card-title text-center\">Colores verdaderos de alta calidad en la noche<\/h5>\n<p>SNV de VIVOTEK proporciona una soluci\u00f3n innovadora para obtener la imagen de su sistema de videovigilancia con poca luz y calidad suficiente para satisfacer los requisitos de aplicaciones exigentes, por ejemplo, vigilancia a nivel de la calle por la noche o el monitoreo de espacios interiores mal iluminados como almacenes.\u00a0VIVOTEK ha sido capaz de lograr este avance al incorporar tecnolog\u00edas avanzadas de captura de video con poca luz.\u00a0Sus c\u00e1maras equipadas con SNV cuentan con sensores \u00f3pticos ultrasensibles que capturan videos en color de alta calidad incluso en entornos de oscuridad extrema, complementados con un procesamiento de se\u00f1al avanzado que garantiza suficiente contraste y reproducci\u00f3n precisa del color, as\u00ed como reducci\u00f3n de ruido 3D para revelar detalles y mejorar en general claridad.<\/p>\n<p><img decoding=\"async\" class=\"overview-center-img-web\" src=\"https:\/\/tvc.mx\/media\/31557\/SNV.jpg\" alt=\"\" \/><\/div>\n<\/div>\n<div class=\"row aling-items-center padding-bottom-2x\">\n<div class=\"col-lg-12\">\n<h5 class=\"card-title text-center\">Mejor calidad de video con menor ancho de banda<\/h5>\n<p>Smart Stream III de VIVOTEK es una mejora de codificador de video de \u00faltima generaci\u00f3n que es totalmente compatible con los est\u00e1ndares H.264 y H.265.\u00a0A trav\u00e9s de una colecci\u00f3n de algoritmos que analizan la transmisi\u00f3n de video en tiempo real, los detalles de las regiones de inter\u00e9s y los movimientos espec\u00edficos se priorizan y preservan con ajustes de video.\u00a0Optimizando la videovigilancia, VIVOTEK Smart Stream puede reducir significativamente los requisitos de ancho de banda y almacenamiento sin sacrificar la calidad visual.\u00a0En algunos casos, puede reducir el uso del almacenamiento hasta en un 80%.\u00a0Como l\u00edder mundial en compresi\u00f3n de video, VIVOTEK innova constantemente nuevas tecnolog\u00edas para hacer que la codificaci\u00f3n sea m\u00e1s eficiente y proporcione un Smart Stream cada vez m\u00e1s inteligente.<\/p>\n<p><img decoding=\"async\" class=\"overview-center-img-web\" src=\"https:\/\/tvc.mx\/media\/31582\/smart_streamIII.jpg\" alt=\"\" \/><\/div>\n<\/div>\n","protected":false},"excerpt":{"rendered":"<p>Informaci\u00f3n general El modelo IB9391EHT de VIVOTEK es una nueva c\u00e1mara de red bullet para exteriores, equipada con un sensor 4K ultra HD con una resoluci\u00f3n de 3840&#215;2160 a 30 fps.\u00a0Con lo \u00faltimo en tecnolog\u00eda VIVOTEK WDR Pro, el modelo IB9391HTV es capaz de capturar&hellip;<\/p>\n","protected":false},"featured_media":7257,"comment_status":"open","ping_status":"closed","template":"","meta":{"om_disable_all_campaigns":false,"_monsterinsights_skip_tracking":false,"_monsterinsights_sitenote_active":false,"_monsterinsights_sitenote_note":"","_monsterinsights_sitenote_category":0},"product_brand":[],"product_cat":[652],"product_tag":[613,611,612,616,615,610,614,617],"class_list":{"0":"post-7258","1":"product","2":"type-product","3":"status-publish","4":"has-post-thumbnail","6":"product_cat-bullet-camaras-ip-vivotek-video-vigilancia","7":"product_tag-bosch","8":"product_tag-manhattan","9":"product_tag-saxxon","10":"product_tag-surveon","11":"product_tag-utepo","12":"product_tag-videovigilancia","13":"product_tag-vivotek","14":"product_tag-zteco","16":"first","17":"instock","18":"sale","19":"taxable","20":"shipping-taxable","21":"purchasable","22":"product-type-simple"},"aioseo_notices":[],"_links":{"self":[{"href":"https:\/\/tecsecmty.com\/index.php\/wp-json\/wp\/v2\/product\/7258","targetHints":{"allow":["GET"]}}],"collection":[{"href":"https:\/\/tecsecmty.com\/index.php\/wp-json\/wp\/v2\/product"}],"about":[{"href":"https:\/\/tecsecmty.com\/index.php\/wp-json\/wp\/v2\/types\/product"}],"replies":[{"embeddable":true,"href":"https:\/\/tecsecmty.com\/index.php\/wp-json\/wp\/v2\/comments?post=7258"}],"version-history":[{"count":0,"href":"https:\/\/tecsecmty.com\/index.php\/wp-json\/wp\/v2\/product\/7258\/revisions"}],"wp:featuredmedia":[{"embeddable":true,"href":"https:\/\/tecsecmty.com\/index.php\/wp-json\/wp\/v2\/media\/7257"}],"wp:attachment":[{"href":"https:\/\/tecsecmty.com\/index.php\/wp-json\/wp\/v2\/media?parent=7258"}],"wp:term":[{"taxonomy":"product_brand","embeddable":true,"href":"https:\/\/tecsecmty.com\/index.php\/wp-json\/wp\/v2\/product_brand?post=7258"},{"taxonomy":"product_cat","embeddable":true,"href":"https:\/\/tecsecmty.com\/index.php\/wp-json\/wp\/v2\/product_cat?post=7258"},{"taxonomy":"product_tag","embeddable":true,"href":"https:\/\/tecsecmty.com\/index.php\/wp-json\/wp\/v2\/product_tag?post=7258"}],"curies":[{"name":"wp","href":"https:\/\/api.w.org\/{rel}","templated":true}]}}