{"id":7260,"date":"2023-02-23T16:08:00","date_gmt":"2023-02-23T22:08:00","guid":{"rendered":"https:\/\/tecsecmty.com\/index.php\/producto\/zkteco-bs855p12cs7cmi-camara-ip-bullet-5mp-full-color-24-7-deteccion-de-rostros-lente-de-3-6-mm-compresion-h-265-poe-microfono-integrado-ir-20-mts-carcasa-metalica-ip67\/"},"modified":"2023-03-22T23:25:14","modified_gmt":"2023-03-23T05:25:14","slug":"zkteco-bs855p12cs7cmi-camara-ip-bullet-5mp-full-color-24-7-deteccion-de-rostros-lente-de-3-6-mm-compresion-h-265-poe-microfono-integrado-ir-20-mts-carcasa-metalica-ip67","status":"publish","type":"product","link":"https:\/\/tecsecmty.com\/index.php\/producto\/zkteco-bs855p12cs7cmi-camara-ip-bullet-5mp-full-color-24-7-deteccion-de-rostros-lente-de-3-6-mm-compresion-h-265-poe-microfono-integrado-ir-20-mts-carcasa-metalica-ip67\/","title":{"rendered":"ZKTECO BS855P12CS7CMI &#8211; C\u00e1mara IP Bullet 5MP Full Color 24\/7 \/ Detecci\u00f3n de Rostros \/ Lente de 3.6 mm \/ Compresi\u00f3n H.265 \/ PoE \/ Micr\u00f3fono Integrado \/ IR 20 mts \/ Carcasa met\u00e1lica \/ IP67"},"content":{"rendered":"<div class=\"row aling-items-center padding-bottom-2x\">\n<div class=\"col-lg-12\">\n<h5 class=\"card-title text-center\">Descripci\u00f3n<\/h5>\n<p class=\"ql-align-justify\">La\u00a0<strong>C\u00e1mara IP<\/strong>\u00a0modelo\u00a0<strong>BS-855P12C-S7-C-MI\u00a0<\/strong>Tipo Bala de\u00a0<strong>5MP total color 24\/7<\/strong>\u00a0con\u00a0<strong>Detecci\u00f3n de Rostros,<\/strong>\u00a0lente de gran apertura F1.0 de vanguardia e\u00a0<strong>iluminadores LED<\/strong>\u00a0de color blanco c\u00e1lido, la c\u00e1mara de la serie\u00a0<strong>Total Color 24\/7<\/strong>\u00a0de ZKTeco presenta una imagen en color de\u00a0<strong>alta calidad<\/strong>\u00a0incluso en condiciones de oscuridad total. Promete entregar una\u00a0<strong>identificaci\u00f3n aut\u00e9ntica<\/strong>\u00a0las 24 horas del d\u00eda, los 7 d\u00edas de la semana.<\/p>\n<p><img decoding=\"async\" class=\"overview-center-img-web\" src=\"https:\/\/tvc.mx\/media\/426195\/ZKT0030007---ZKTECO-BS855P12CS7CMI-Banner-ZK-AsistenciaAcceso.png\" alt=\"\" \/><\/div>\n<\/div>\n<div class=\"row align-items-center padding-bottom-2x\">\n<div class=\"col-md-5 order-md-2\"><img decoding=\"async\" class=\"d-block m-auto img-thumbnail\" src=\"https:\/\/tvc.mx\/media\/426199\/Overview-IZQ-o-DER.png\" alt=\" \" \/><\/div>\n<div class=\"col-md-7 order-md-1 text-md-left text-center\">\n<h2>Especificaciones T\u00e9cnicas<\/h2>\n<p class=\"text-muted\">\n<ul>\n<li class=\"ql-align-justify\">Sensor CMOS de 1\/2,8\u201d.<\/li>\n<li class=\"ql-align-justify\">Codificaci\u00f3n de flujo doble H.265.<\/li>\n<li class=\"ql-align-justify\">Lente \u00f3ptico de alta calidad de 3.6 mm.<\/li>\n<li class=\"ql-align-justify\">Algoritmo de detecci\u00f3n de rostros incorporado.<\/li>\n<li class=\"ql-align-justify\">M\u00faltiples navegadores web compatibles.<\/li>\n<li class=\"ql-align-justify\">Visualizaci\u00f3n remota en la nube por aplicaci\u00f3n m\u00f3vil\/VMS.<\/li>\n<li class=\"ql-align-justify\">Protecci\u00f3n contra rayos hasta 6\u202fkV.<\/li>\n<li class=\"ql-align-justify\">Carcasa met\u00e1lica IP67.<\/li>\n<\/ul>\n<p>&nbsp;<\/p>\n<\/div>\n<\/div>\n<hr class=\"padding-bottom-2x\" \/>\n<div class=\"row align-items-center padding-bottom-2x\">\n<div class=\"col-md-5\"><img decoding=\"async\" class=\"d-block m-auto img-thumbnail\" src=\"https:\/\/tvc.mx\/media\/426207\/Overview-IZQ-o-DER-2.png\" alt=\" \" \/><\/div>\n<div class=\"col-md-7 text-md-left text-center\">\n<h2>Caracter\u00edsticas.<\/h2>\n<p class=\"text-muted\">\n<p class=\"ql-align-justify\"><strong>Total Color y Starlight<\/strong><\/p>\n<ul>\n<li class=\"ql-align-justify\">Integrada con un lente de gran apertura F1.0 y un sensor de alto rendimiento de 1\/2.8\u201d.<\/li>\n<li class=\"ql-align-justify\">Con 2 iluminadores LED de color\u00a0blanco c\u00e1lido, puede proporcionar una imagen colorida y v\u00edvida incluso en la oscuridad total.<\/li>\n<\/ul>\n<p class=\"ql-align-justify\"><strong>H.265<\/strong><\/p>\n<ul>\n<li class=\"ql-align-justify\">La tecnolog\u00eda H.265 es una optimizaci\u00f3n evolutiva del tradicional H.264.<\/li>\n<\/ul>\n<p class=\"ql-align-justify\"><strong>Protecci\u00f3n<\/strong><\/p>\n<ul>\n<li class=\"ql-align-justify\">Con su dise\u00f1o de carcasa de metal robusta y mec\u00e1nica, las c\u00e1maras IP de la serie Total Color 24\/7 con clasificaci\u00f3n IP67 podr\u00edan resistir el agua y el polvo durante mucho tiempo.<\/li>\n<\/ul>\n<p>&nbsp;<\/p>\n<\/div>\n<\/div>\n<hr class=\"padding-bottom-2x\" \/>\n<div class=\"row align-items-center padding-bottom-2x\">\n<div class=\"col-md-5 order-md-2\"><img decoding=\"async\" class=\"d-block m-auto img-thumbnail\" src=\"https:\/\/tvc.mx\/media\/589839\/ZKTECO-ZKT0030007-CAMARA-IP-BULLET-5MP-INCLUYE0.png\" alt=\" \" \/><\/div>\n<div class=\"col-md-7 order-md-1 text-md-left text-center\">\n<h2>Incluye<\/h2>\n<p class=\"text-muted\">\n<ul>\n<li class=\"ql-align-justify\">C\u00e1mara IP bullet de 5mp.<\/li>\n<li class=\"ql-align-justify\">Accesorios.<\/li>\n<li class=\"ql-align-justify\">Plantilla de instalaci\u00f3n.<\/li>\n<li class=\"ql-align-justify\">Poliza de garantia.<\/li>\n<\/ul>\n<\/div>\n<\/div>\n","protected":false},"excerpt":{"rendered":"<p>Descripci\u00f3n La\u00a0C\u00e1mara IP\u00a0modelo\u00a0BS-855P12C-S7-C-MI\u00a0Tipo Bala de\u00a05MP total color 24\/7\u00a0con\u00a0Detecci\u00f3n de Rostros,\u00a0lente de gran apertura F1.0 de vanguardia e\u00a0iluminadores LED\u00a0de color blanco c\u00e1lido, la c\u00e1mara de la serie\u00a0Total Color 24\/7\u00a0de ZKTeco presenta una imagen en color de\u00a0alta calidad\u00a0incluso en condiciones de oscuridad total. Promete entregar una\u00a0identificaci\u00f3n aut\u00e9ntica\u00a0las&hellip;<\/p>\n","protected":false},"featured_media":7259,"comment_status":"open","ping_status":"closed","template":"","meta":{"om_disable_all_campaigns":false,"_monsterinsights_skip_tracking":false,"_monsterinsights_sitenote_active":false,"_monsterinsights_sitenote_note":"","_monsterinsights_sitenote_category":0},"product_brand":[],"product_cat":[655],"product_tag":[613,611,612,616,615,610,614,617],"class_list":{"0":"post-7260","1":"product","2":"type-product","3":"status-publish","4":"has-post-thumbnail","6":"product_cat-bullet-camaras-ip-zkteco-video-vigilancia","7":"product_tag-bosch","8":"product_tag-manhattan","9":"product_tag-saxxon","10":"product_tag-surveon","11":"product_tag-utepo","12":"product_tag-videovigilancia","13":"product_tag-vivotek","14":"product_tag-zteco","16":"first","17":"instock","18":"sale","19":"taxable","20":"shipping-taxable","21":"purchasable","22":"product-type-simple"},"aioseo_notices":[],"_links":{"self":[{"href":"https:\/\/tecsecmty.com\/index.php\/wp-json\/wp\/v2\/product\/7260","targetHints":{"allow":["GET"]}}],"collection":[{"href":"https:\/\/tecsecmty.com\/index.php\/wp-json\/wp\/v2\/product"}],"about":[{"href":"https:\/\/tecsecmty.com\/index.php\/wp-json\/wp\/v2\/types\/product"}],"replies":[{"embeddable":true,"href":"https:\/\/tecsecmty.com\/index.php\/wp-json\/wp\/v2\/comments?post=7260"}],"version-history":[{"count":0,"href":"https:\/\/tecsecmty.com\/index.php\/wp-json\/wp\/v2\/product\/7260\/revisions"}],"wp:featuredmedia":[{"embeddable":true,"href":"https:\/\/tecsecmty.com\/index.php\/wp-json\/wp\/v2\/media\/7259"}],"wp:attachment":[{"href":"https:\/\/tecsecmty.com\/index.php\/wp-json\/wp\/v2\/media?parent=7260"}],"wp:term":[{"taxonomy":"product_brand","embeddable":true,"href":"https:\/\/tecsecmty.com\/index.php\/wp-json\/wp\/v2\/product_brand?post=7260"},{"taxonomy":"product_cat","embeddable":true,"href":"https:\/\/tecsecmty.com\/index.php\/wp-json\/wp\/v2\/product_cat?post=7260"},{"taxonomy":"product_tag","embeddable":true,"href":"https:\/\/tecsecmty.com\/index.php\/wp-json\/wp\/v2\/product_tag?post=7260"}],"curies":[{"name":"wp","href":"https:\/\/api.w.org\/{rel}","templated":true}]}}