{"id":7262,"date":"2023-02-23T16:08:02","date_gmt":"2023-02-23T22:08:02","guid":{"rendered":"https:\/\/tecsecmty.com\/index.php\/producto\/zkteco-bs855p22cs7mi-camara-ip-bullet-5-megapixeles-lente-de-36-mm-compresion-h-265-poe-microfono-integrado-ir-30-mts-carcasa-metalica-ip67\/"},"modified":"2023-03-22T23:25:14","modified_gmt":"2023-03-23T05:25:14","slug":"zkteco-bs855p22cs7mi-camara-ip-bullet-5-megapixeles-lente-de-36-mm-compresion-h-265-poe-microfono-integrado-ir-30-mts-carcasa-metalica-ip67","status":"publish","type":"product","link":"https:\/\/tecsecmty.com\/index.php\/producto\/zkteco-bs855p22cs7mi-camara-ip-bullet-5-megapixeles-lente-de-36-mm-compresion-h-265-poe-microfono-integrado-ir-30-mts-carcasa-metalica-ip67\/","title":{"rendered":"ZKTECO BS855P22CS7MI &#8211; C\u00e1mara IP Bullet 5 Megap\u00edxeles \/ Lente de 3,6 mm \/ Compresi\u00f3n H.265 \/ PoE \/ Micr\u00f3fono Integrado \/ IR 30 mts \/ Carcasa met\u00e1lica \/ IP67"},"content":{"rendered":"<div class=\"row aling-items-center padding-bottom-2x\">\n<div class=\"col-lg-12\">\n<h5 class=\"card-title text-center\">Descripci\u00f3n<\/h5>\n<p class=\"ql-align-justify\">La c\u00e1mara IP Bullet de 5 Megap\u00edxeles\u00a0<strong>BS855P22CS7MI\u00a0<\/strong>de la<strong>\u00a0<\/strong>SeriePro, es una soluci\u00f3n s\u00faper rentable que funciona con tecnolog\u00eda de punta para un monitoreo de video n\u00edtido, La funci\u00f3n de nube P2P est\u00e1 integrada lo que permite una visualizaci\u00f3n y monitoreo remoto en tiempo real m\u00e1s conveniente y flexible.<\/p>\n<p><img decoding=\"async\" class=\"overview-center-img-web\" src=\"https:\/\/tvc.mx\/media\/426139\/ZKT0030008---ZKTECO-BS855P22CS7MI--Banner-ZK-AsistenciaAcceso.png\" alt=\"\" \/><\/p>\n<\/div>\n<\/div>\n<div class=\"row align-items-center padding-bottom-2x\">\n<div class=\"col-md-5 order-md-2\"><img decoding=\"async\" class=\"d-block m-auto img-thumbnail\" src=\"https:\/\/tvc.mx\/media\/426143\/ZKT0030008---ZKTECO-BS855P22CS7MI--Overview-IZQ-o-DER2.png\" alt=\" \" \/><\/div>\n<div class=\"col-md-7 order-md-1 text-md-left text-center\">\n<h2>Especificaciones T\u00e9cnicas<\/h2>\n<ul>\n<li>Sensor CMOS de 1\/2,8\u201d.<\/li>\n<li>Codificaci\u00f3n de flujo triple H.265.<\/li>\n<li>Lente \u00f3ptica de alta calidad de 3,6 mm.<\/li>\n<li>Alcance efectivo de infrarrojos de 30 mts.<\/li>\n<li>PoE y micr\u00f3fono integrados.<\/li>\n<li>M\u00faltiples navegadores web compatibles.<\/li>\n<li>Visualizaci\u00f3n remota en la nube P2P mediante aplicaci\u00f3n m\u00f3vil\/VMS.<\/li>\n<li>Protecci\u00f3n contra rayos hasta 6kV.<\/li>\n<li>Carcasa met\u00e1lica IP67.<\/li>\n<\/ul>\n<p>&nbsp;<\/p>\n<\/div>\n<\/div>\n<hr class=\"padding-bottom-2x\" \/>\n<div class=\"row align-items-center padding-bottom-2x\">\n<div class=\"col-md-5\"><img decoding=\"async\" class=\"d-block m-auto img-thumbnail\" src=\"https:\/\/tvc.mx\/media\/426167\/ZKT0030008---ZKTECO-BS855P22CS7MI--Overview-IZQ-o-DER.png\" alt=\" \" \/><\/div>\n<div class=\"col-md-7 text-md-left text-center\">\n<h2>Caracter\u00edsticas.<\/h2>\n<p class=\"ql-align-justify\"><strong>H.265<\/strong><\/p>\n<p class=\"ql-align-justify\">La tecnolog\u00eda H.265 es una optimizaci\u00f3n evolutiva del tradicional H.264. Incluye una serie de estrategias de codificaci\u00f3n como ROI din\u00e1mico, reducci\u00f3n inteligente de ruido 2D y 3D para entregar videos de alta calidad y ahorrar hasta un 70 % de ancho de banda y almacenamiento.<\/p>\n<p class=\"ql-align-justify\"><strong>Protecci\u00f3n<\/strong><\/p>\n<ul>\n<li class=\"ql-align-justify\">Con el dise\u00f1o de carcasa de metal robusto y mec\u00e1nico preciso, las c\u00e1maras IP de la serie Pro con clasificaci\u00f3n IP67 pueden resistir el agua y el polvo durante mucho tiempo.<\/li>\n<li class=\"ql-align-justify\">Con un 10 % de tolerancia de voltaje de entrada, las c\u00e1maras podr\u00edan funcionar de manera segura en condiciones de energ\u00eda extremas o inestables.<\/li>\n<li class=\"ql-align-justify\">Con un rango de temperatura de trabajo de -30 \u00b0C ~ 60 \u00b0C, las c\u00e1maras pueden adaptarse a una variedad de entornos exteriores hostiles.<\/li>\n<\/ul>\n<p>&nbsp;<\/p>\n<\/div>\n<\/div>\n<hr class=\"padding-bottom-2x\" \/>\n<div class=\"row align-items-center padding-bottom-2x\">\n<div class=\"col-md-5 order-md-2\"><img decoding=\"async\" class=\"d-block m-auto img-thumbnail\" src=\"https:\/\/tvc.mx\/media\/589919\/ZKTECO-ZKT0030008-CAMARA-IP-BULLET-5MP-INCLUYE8.png\" alt=\" \" \/><\/div>\n<div class=\"col-md-7 order-md-1 text-md-left text-center\">\n<h2>Incluye<\/h2>\n<ul>\n<li class=\"ql-align-justify\">C\u00e1mara IP bullet 5mp.<\/li>\n<li class=\"ql-align-justify\">Accesorios.<\/li>\n<li class=\"ql-align-justify\">Plantilla de instalaci\u00f3n.<\/li>\n<li class=\"ql-align-justify\">Poliza de garantia.<\/li>\n<\/ul>\n<\/div>\n<\/div>\n","protected":false},"excerpt":{"rendered":"<p>Descripci\u00f3n La c\u00e1mara IP Bullet de 5 Megap\u00edxeles\u00a0BS855P22CS7MI\u00a0de la\u00a0SeriePro, es una soluci\u00f3n s\u00faper rentable que funciona con tecnolog\u00eda de punta para un monitoreo de video n\u00edtido, La funci\u00f3n de nube P2P est\u00e1 integrada lo que permite una visualizaci\u00f3n y monitoreo remoto en tiempo real m\u00e1s&hellip;<\/p>\n","protected":false},"featured_media":7261,"comment_status":"open","ping_status":"closed","template":"","meta":{"om_disable_all_campaigns":false,"_monsterinsights_skip_tracking":false,"_monsterinsights_sitenote_active":false,"_monsterinsights_sitenote_note":"","_monsterinsights_sitenote_category":0},"product_brand":[],"product_cat":[655],"product_tag":[613,611,612,616,615,610,614,617],"class_list":{"0":"post-7262","1":"product","2":"type-product","3":"status-publish","4":"has-post-thumbnail","6":"product_cat-bullet-camaras-ip-zkteco-video-vigilancia","7":"product_tag-bosch","8":"product_tag-manhattan","9":"product_tag-saxxon","10":"product_tag-surveon","11":"product_tag-utepo","12":"product_tag-videovigilancia","13":"product_tag-vivotek","14":"product_tag-zteco","16":"first","17":"instock","18":"sale","19":"taxable","20":"shipping-taxable","21":"purchasable","22":"product-type-simple"},"aioseo_notices":[],"_links":{"self":[{"href":"https:\/\/tecsecmty.com\/index.php\/wp-json\/wp\/v2\/product\/7262","targetHints":{"allow":["GET"]}}],"collection":[{"href":"https:\/\/tecsecmty.com\/index.php\/wp-json\/wp\/v2\/product"}],"about":[{"href":"https:\/\/tecsecmty.com\/index.php\/wp-json\/wp\/v2\/types\/product"}],"replies":[{"embeddable":true,"href":"https:\/\/tecsecmty.com\/index.php\/wp-json\/wp\/v2\/comments?post=7262"}],"version-history":[{"count":0,"href":"https:\/\/tecsecmty.com\/index.php\/wp-json\/wp\/v2\/product\/7262\/revisions"}],"wp:featuredmedia":[{"embeddable":true,"href":"https:\/\/tecsecmty.com\/index.php\/wp-json\/wp\/v2\/media\/7261"}],"wp:attachment":[{"href":"https:\/\/tecsecmty.com\/index.php\/wp-json\/wp\/v2\/media?parent=7262"}],"wp:term":[{"taxonomy":"product_brand","embeddable":true,"href":"https:\/\/tecsecmty.com\/index.php\/wp-json\/wp\/v2\/product_brand?post=7262"},{"taxonomy":"product_cat","embeddable":true,"href":"https:\/\/tecsecmty.com\/index.php\/wp-json\/wp\/v2\/product_cat?post=7262"},{"taxonomy":"product_tag","embeddable":true,"href":"https:\/\/tecsecmty.com\/index.php\/wp-json\/wp\/v2\/product_tag?post=7262"}],"curies":[{"name":"wp","href":"https:\/\/api.w.org\/{rel}","templated":true}]}}