{"id":7268,"date":"2023-02-23T16:08:09","date_gmt":"2023-02-23T22:08:09","guid":{"rendered":"https:\/\/tecsecmty.com\/index.php\/producto\/bosch-f_ndv3503f03-micro-dome-fijo-5mp-100-gardos-lente-2-8mm-analiticos-de-video\/"},"modified":"2023-03-22T23:21:16","modified_gmt":"2023-03-23T05:21:16","slug":"bosch-f_ndv3503f03-micro-dome-fijo-5mp-100-gardos-lente-2-8mm-analiticos-de-video","status":"publish","type":"product","link":"https:\/\/tecsecmty.com\/index.php\/producto\/bosch-f_ndv3503f03-micro-dome-fijo-5mp-100-gardos-lente-2-8mm-analiticos-de-video\/","title":{"rendered":"BOSCH F_NDV3503F03- MICRO DOME FIJO\/ 5MP\/100 GARDOS\/ LENTE 2.8MM.\/ ANALITICOS DE VIDEO"},"content":{"rendered":"<div class=\"row aling-items-center padding-bottom-2x\">\n<div class=\"col-lg-12\">\n<h5 class=\"card-title text-center\">NDV-3503-F03 Domo fijo, micro, 5MP HDR 100\u00b0 IK08<\/h5>\n<p>&nbsp;<\/p>\n<p><img decoding=\"async\" class=\"overview-center-img-web\" src=\"https:\/\/tvc.mx\/media\/120146\/Logoopaginas-oficial-1920x400.png\" alt=\"\" \/><\/div>\n<\/div>\n<div class=\"row align-items-center padding-bottom-2x\">\n<div class=\"col-md-5\"><img decoding=\"async\" class=\"d-block m-auto img-thumbnail\" src=\"https:\/\/tvc.mx\/media\/120150\/NDV-3503-F03config5.png\" alt=\" \" \/><\/div>\n<div class=\"col-md-7 text-md-left text-center\">\n<h2>Resumen del sistema<\/h2>\n<p class=\"text-muted\">\n<p class=\"ql-align-justify\">El modelo FLEXIDOME IP micro 3000i se ha dise\u00f1ado para ofrecer una gran calidad, rendimiento ininterrumpido 24\/7, con una amplia gama de funciones de vigilancia fiables, como Essential Video Analytics y est\u00e1 dise\u00f1ado para facilitar la instalaci\u00f3n. El dise\u00f1o compacto y minimalista ofrece una gran flexibilidad de instalaci\u00f3n y distintas opciones de montaje.<\/p>\n<p>&nbsp;<\/p>\n<\/div>\n<\/div>\n<hr class=\"padding-bottom-2x\" \/>\n<div class=\"row align-items-center padding-bottom-2x\">\n<div class=\"col-md-5 order-md-2\"><img decoding=\"async\" class=\"d-block m-auto img-thumbnail\" src=\"https:\/\/tvc.mx\/media\/120154\/NDV-3503-F03config6.png\" alt=\" \" \/><\/div>\n<div class=\"col-md-7 order-md-1 text-md-left text-center\">\n<h2>Funciones b\u00e1sicas<\/h2>\n<p class=\"text-muted\">\n<p class=\"ql-align-justify\"><strong>Essential Video Analytics<\/strong><\/p>\n<p class=\"ql-align-justify\">El an\u00e1lisis de v\u00eddeo integrado refuerza el concepto de \u00abinteligencia en origen\u00bb y proporciona ahora funciones a\u00fan m\u00e1s potentes. Essential Video Analytics resulta ideal para su uso en entornos controlados con intervalos de detecci\u00f3n limitada. El sistema detecta objetos, realiza su seguimiento y los analiza de forma fiable y, a continuaci\u00f3n, notifica la activaci\u00f3n de las alarmas predefinidas. Mediante un conjunto inteligente de reglas de alarma, facilita las tareas complejas y reduce al m\u00ednimo las falsas alarmas. Se a\u00f1aden metadatos al v\u00eddeo para dar sentido y estructura. Esto permite recuperar r\u00e1pidamente las im\u00e1genes pertinentes de horas de grabaci\u00f3n de v\u00eddeo almacenadas.<\/p>\n<p class=\"ql-align-justify\"><strong>Alto rango din\u00e1mico<\/strong><\/p>\n<p class=\"ql-align-justify\">El modo de alto rango din\u00e1mico se basa en un proceso de exposici\u00f3n m\u00faltiple que captura m\u00e1s detalles en las zonas iluminadas y en las sombras, incluso en la misma escena. Como resultado, puede distinguir f\u00e1cilmente los objetos y los detalles, por ejemplo, rostros con un contraluz intenso.<\/p>\n<p class=\"ql-align-justify\"><strong>Flujo inteligente<\/strong><\/p>\n<p class=\"ql-align-justify\">Las capacidades de codificaci\u00f3n inteligentes, junto con la tecnolog\u00eda Intelligent Dynamic Noise Reduction y el an\u00e1lisis, reducen el consumo de ancho de banda a niveles extremadamente bajos. Solo es necesario codificar la informaci\u00f3n relevante de la escena, como el movimiento o los objetos encontrados con el an\u00e1lisis.<\/p>\n<p class=\"ql-align-justify\"><strong>Codificaci\u00f3n de v\u00eddeo de alta eficiencia H.265<\/strong><\/p>\n<p class=\"ql-align-justify\">La c\u00e1mara se ha dise\u00f1ado en la plataforma de codificaci\u00f3n m\u00e1s eficaz y potente H.264 y H.265\/HEVC. La c\u00e1mara tiene capacidad para ofrecer v\u00eddeo de alta calidad y alta resoluci\u00f3n con una carga de la red muy baja. Con el doble de eficiencia de codificaci\u00f3n, H.265 es el nuevo est\u00e1ndar de compresi\u00f3n preferido para sistemas de vigilancia con v\u00eddeo IP.<\/p>\n<p class=\"ql-align-justify\"><strong>Detecci\u00f3n de movimiento y sabotaje<\/strong><\/p>\n<p class=\"ql-align-justify\">La c\u00e1mara dispone de una amplia gama de opciones de configuraci\u00f3n de alarmas para alertar de los intentos de sabotaje. Tambi\u00e9n se puede utilizar un algoritmo integrado para detectar cualquier movimiento en el v\u00eddeo y emitir una se\u00f1al de alarma.<\/p>\n<p class=\"ql-align-justify\"><strong>Micr\u00f3fono incorporado y alarma ac\u00fastica<\/strong><\/p>\n<p class=\"ql-align-justify\">La c\u00e1mara dispone de un micr\u00f3fono integrado para que los operadores puedan escuchar el \u00e1rea supervisada. Se puede utilizar la detecci\u00f3n de audio para generar una alarma, en caso de necesidad.<\/p>\n<p class=\"ql-align-justify\"><strong>Grabaci\u00f3n y gesti\u00f3n de almacenamiento<\/strong><\/p>\n<p class=\"ql-align-justify\">La gesti\u00f3n de grabaciones se puede controlar con la aplicaci\u00f3n Bosch Video Recording Manager, o bien la c\u00e1mara puede utilizar el almacenamiento local y destinos iSCSI directamente, sin software de grabaci\u00f3n.<\/p>\n<p class=\"ql-align-justify\"><strong>Grabaci\u00f3n de forma local<\/strong><\/p>\n<p class=\"ql-align-justify\">Inserte una tarjeta de memoria en la ranura para tarjeta para almacenar una grabaci\u00f3n con alarma local de hasta 2 TB. La grabaci\u00f3n previa a la alarma en la RAM reduce el ancho de banda de grabaci\u00f3n en la red y ampl\u00eda la vida efectiva de la tarjeta de red.<\/p>\n<p class=\"ql-align-justify\"><strong>Cobertura DORI<\/strong><\/p>\n<p class=\"ql-align-justify\">DORI (Detectar, Observar, Reconocer, Identificar) es un sistema est\u00e1ndar (EN-62676-4) para definir la capacidad que tiene una c\u00e1mara para distinguir personas u objetos dentro de un \u00e1rea de cobertura.<\/p>\n<p class=\"ql-align-justify\"><strong>Integraci\u00f3n del sistema y conformidad con ONVIF<\/strong><\/p>\n<p class=\"ql-align-justify\">La c\u00e1mara cumple con las especificaciones de ONVIF Profile S, ONVIF Profile G y ONVIF Profile T. Para la configuraci\u00f3n de H.265, la c\u00e1mara es compatible con Media Service 2, que forma parte de ONVIF Profile T.<\/p>\n<p class=\"ql-align-justify\"><strong>Instalaci\u00f3n sencilla<\/strong><\/p>\n<p class=\"ql-align-justify\">La c\u00e1mara puede recibir suministro de energ\u00eda mediante una conexi\u00f3n de cable de red compatible con alimentaci\u00f3n por Ethernet (PoE). Con esta configuraci\u00f3n, solo se necesita una \u00fanica conexi\u00f3n del cable para ver, alimentar y controlar la c\u00e1mara. El uso de alimentaci\u00f3n por Ethernet o PoE facilita la instalaci\u00f3n y la hace m\u00e1s rentable, ya que las c\u00e1maras no necesitan una fuente de alimentaci\u00f3n local. La c\u00e1mara tambi\u00e9n puede recibir suministro de energ\u00eda mediante fuentes de alimentaci\u00f3n de +12 V CC.<\/p>\n<p>&nbsp;<\/p>\n<\/div>\n<\/div>\n<hr class=\"padding-bottom-2x\" \/>\n<div class=\"row align-items-center padding-bottom-2x\">\n<div class=\"col-md-5 order-md-2\"><img decoding=\"async\" class=\"d-block m-auto img-thumbnail\" src=\"https:\/\/tvc.mx\/media\/120158\/NDV-3503-F03config7.png\" alt=\" \" \/><\/div>\n<div class=\"col-md-7 order-md-1 text-md-left text-center\">\n<h2>Caracter\u00edsticas y Especificaciones<\/h2>\n<p class=\"text-muted\">\n<p class=\"ql-align-justify\"><strong>Nota: NDV-3503-F02 Domo fijo, micro, 5MP HDR 120\u00b0 IK08 C\u00e1mara domo IP fija con detecci\u00f3n de sabotajes y movimiento; 5 MP de resoluci\u00f3n; lente de 120\u00b0; para interiores; EVA.<\/strong><\/p>\n<p class=\"ql-align-justify\"><strong>N\u00famero de pedido: NDV-3503-F02<\/strong><\/p>\n<p class=\"ql-align-justify\"><strong>Principales Caracter\u00edsticas<\/strong><\/p>\n<ul>\n<li class=\"ql-align-justify\">Resoluciones de 1080p y 5 MP<\/li>\n<li class=\"ql-align-justify\">Essential Video Analytics integrado para activar las alertas relevantes y recuperar los datos de forma r\u00e1pida<\/li>\n<li class=\"ql-align-justify\">Transmisi\u00f3n totalmente configurable de m\u00faltiples flujos H.265<\/li>\n<li class=\"ql-align-justify\">Alto rango din\u00e1mico (120 dB) para escenas complejas luminosas y oscuras<\/li>\n<li class=\"ql-align-justify\">Micr\u00f3fono incorporado para grabaci\u00f3n de audio<\/li>\n<\/ul>\n<p class=\"ql-align-justify\"><strong>Especificaciones<\/strong><\/p>\n<p class=\"ql-align-justify\"><strong>Alimentaci\u00f3n<\/strong><\/p>\n<ul>\n<li class=\"ql-align-justify\">Tensi\u00f3n de entrada POE IEEE 802.3af\/802.3 tipo 1, clase 0 12 VCC \u00b130 %<\/li>\n<li class=\"ql-align-justify\">Consumo de energ\u00eda (t\u00edpico\/m\u00e1ximo) PoE: 3,5 W\/10,5 W 12 VCC: 3,1 W\/9,5 W<\/li>\n<\/ul>\n<p class=\"ql-align-justify\"><strong>Sensor<\/strong><\/p>\n<p class=\"ql-align-justify\"><strong>5,3 MP<\/strong><\/p>\n<ul>\n<li class=\"ql-align-justify\">Tipo de sensor CMOS de 1\/2,9&#8243;<\/li>\n<li class=\"ql-align-justify\">P\u00edxeles efectivos 3072 (H) x 1728 (V)<\/li>\n<\/ul>\n<p class=\"ql-align-justify\"><strong>Rendimiento de v\u00eddeo: sensibilidad<\/strong><\/p>\n<p class=\"ql-align-justify\"><strong>5.3MP<\/strong><\/p>\n<p class=\"ql-align-justify\">Medida seg\u00fan IEC 62676 parte 5 (1\/30, f1,6 o f2,2)<\/p>\n<p class=\"ql-align-justify\">Color\u00a0:<\/p>\n<ul>\n<li class=\"ql-align-justify\">2.3 mm: 0.57 lx<\/li>\n<li class=\"ql-align-justify\">2.8 mm: 0.53 lx<\/li>\n<\/ul>\n<p class=\"ql-align-justify\">Monocromo:<\/p>\n<ul>\n<li class=\"ql-align-justify\">2.3 mm: 0.24 lx<\/li>\n<li class=\"ql-align-justify\">2.8 mm: 0.19 lx<\/li>\n<\/ul>\n<p class=\"ql-align-justify\"><strong>\u00d3ptica<\/strong><\/p>\n<p class=\"ql-align-justify\">Tipo de lente<\/p>\n<ul>\n<li class=\"ql-align-justify\">2,3 mm fija, f2,2<\/li>\n<li class=\"ql-align-justify\">2,8 mm fija, f1,6<\/li>\n<\/ul>\n<p class=\"ql-align-justify\"><strong>5,3 MP\u00a0<\/strong><\/p>\n<ul>\n<li class=\"ql-align-justify\">2,3 mm: 118\u00b0 x 69\u00b0 (H x V)<\/li>\n<li class=\"ql-align-justify\">2,8 mm: 94\u00b0 x 69\u00b0 (H x V)<\/li>\n<\/ul>\n<p class=\"ql-align-justify\"><strong>Flujo de v\u00eddeo<\/strong><\/p>\n<ul>\n<li class=\"ql-align-justify\">Compresi\u00f3n de v\u00eddeo H.265; H.264; M- JPEG<\/li>\n<\/ul>\n<p class=\"ql-align-justify\"><strong>5,3 MP\u00a0<\/strong><\/p>\n<ul>\n<li class=\"ql-align-justify\">20 ips, HDR, 3072 x 1728 (5,3 MP)<\/li>\n<li class=\"ql-align-justify\">25 ips, HDR, 2720 x 1530 (4,1 MP)<\/li>\n<\/ul>\n<p class=\"ql-align-justify\"><strong>Flujos<\/strong><\/p>\n<ul>\n<li class=\"ql-align-justify\">M\u00faltiples flujos configurables en H.264 o H. 265 y M-JPEG con velocidad de im\u00e1genes y ancho de banda personalizables. Regiones de inter\u00e9s (ROI)<\/li>\n<li class=\"ql-align-justify\">Estructura GOP: IP<\/li>\n<\/ul>\n<p class=\"ql-align-justify\"><strong>Instalaci\u00f3n de la c\u00e1mara<\/strong><\/p>\n<p class=\"ql-align-justify\">Imagen espejo Activado\/desactivado<\/p>\n<ul>\n<li class=\"ql-align-justify\">Giro 0\u00b0\/90\u00b0 en vertical\/180\u00b0\/270\u00b0 en vertical<\/li>\n<li class=\"ql-align-justify\">LED de c\u00e1mara Activar\/desactivar<\/li>\n<\/ul>\n<p class=\"ql-align-justify\"><strong>An\u00e1lisis de contenido de v\u00eddeo<\/strong><\/p>\n<ul>\n<li class=\"ql-align-justify\">Tipo de an\u00e1lisis Essential Video Analytics<\/li>\n<li class=\"ql-align-justify\">Caracter\u00edsticas: Alarmas y seguimiento basados en reglas, cruce de l\u00edneas, entrada\/salida en campo, seguir ruta, merodeo, objeto inactivo\/ retirado, recuento de personas, estimaci\u00f3n de la densidad de aglomeraci\u00f3n, seguimiento 3D.<\/li>\n<\/ul>\n<p class=\"ql-align-justify\">Red<\/p>\n<ul>\n<li class=\"ql-align-justify\">Protocolos IPv4, IPv6, UDP, TCP, HTTP, HTTPS, RTP\/ RTCP, IGMP V2\/V3, ICMP, ICMPv6, RTSP, FTP, ARP, DHCP, APIPA (Auto-IP, link local address), NTP (SNTP), SNMP (V1, V3, MIB-II), 802.1x, DNS, DNSv6, DDNS (DynDNS.org, selfHOST.de, no-ip.com), SMTP, iSCSI, UPnP (SSDP), DiffServ (QoS), LLDP, SOAP, Dropbox\u2122, CHAP, digest authentication<\/li>\n<li class=\"ql-align-justify\">Encriptaci\u00f3n TLS1.0\/1.2, AES128, AES256<\/li>\n<li class=\"ql-align-justify\">Ethernet 10\/100 Base-T, detecci\u00f3n autom\u00e1tica, d\u00faplex completo\/semid\u00faplex<\/li>\n<li class=\"ql-align-justify\">Conectividad Auto-MDIX<\/li>\n<li class=\"ql-align-justify\">Interoperabilidad ONVIF Perfil S; ONVIF Perfil G; ONVIF Perfil T: GB\/T 28181<\/li>\n<\/ul>\n<p class=\"ql-align-justify\"><strong>Mec\u00e1nicas<\/strong><\/p>\n<ul>\n<li class=\"ql-align-justify\">Dimensiones (\u00d8 x H) 110 x 66 mm (4,33 x 2,6 pulg.)<\/li>\n<li class=\"ql-align-justify\">Peso (aprox.) 290 g (0,64 libra)<\/li>\n<li class=\"ql-align-justify\">Montaje Montaje en superficie<\/li>\n<li class=\"ql-align-justify\">Color Blanco (RAL 9003)<\/li>\n<li class=\"ql-align-justify\">Ajuste de 3 ejes (giro\/inclinaci\u00f3n\/ rotaci\u00f3n)<\/li>\n<li class=\"ql-align-justify\">Giro: de 0\u00b0 a 355\u00b0 Inclinaci\u00f3n: de 0\u00b0 a 75\u00b0<\/li>\n<li class=\"ql-align-justify\">Ca\u00edda: de 0\u00b0 a 360\u00b0<\/li>\n<li class=\"ql-align-justify\">Burbuja Policarbonato transparente, con cubierta resistente a ara\u00f1azos<\/li>\n<\/ul>\n<\/div>\n<\/div>\n","protected":false},"excerpt":{"rendered":"<p>NDV-3503-F03 Domo fijo, micro, 5MP HDR 100\u00b0 IK08 &nbsp; Resumen del sistema El modelo FLEXIDOME IP micro 3000i se ha dise\u00f1ado para ofrecer una gran calidad, rendimiento ininterrumpido 24\/7, con una amplia gama de funciones de vigilancia fiables, como Essential Video Analytics y est\u00e1 dise\u00f1ado&hellip;<\/p>\n","protected":false},"featured_media":7267,"comment_status":"open","ping_status":"closed","template":"","meta":{"om_disable_all_campaigns":false,"_monsterinsights_skip_tracking":false,"_monsterinsights_sitenote_active":false,"_monsterinsights_sitenote_note":"","_monsterinsights_sitenote_category":0},"product_brand":[],"product_cat":[657],"product_tag":[613,611,612,616,615,610,614,617],"class_list":{"0":"post-7268","1":"product","2":"type-product","3":"status-publish","4":"has-post-thumbnail","6":"product_cat-domo-camaras-ip-bosch-video-vigilancia","7":"product_tag-bosch","8":"product_tag-manhattan","9":"product_tag-saxxon","10":"product_tag-surveon","11":"product_tag-utepo","12":"product_tag-videovigilancia","13":"product_tag-vivotek","14":"product_tag-zteco","16":"first","17":"instock","18":"sale","19":"taxable","20":"shipping-taxable","21":"purchasable","22":"product-type-simple"},"aioseo_notices":[],"_links":{"self":[{"href":"https:\/\/tecsecmty.com\/index.php\/wp-json\/wp\/v2\/product\/7268","targetHints":{"allow":["GET"]}}],"collection":[{"href":"https:\/\/tecsecmty.com\/index.php\/wp-json\/wp\/v2\/product"}],"about":[{"href":"https:\/\/tecsecmty.com\/index.php\/wp-json\/wp\/v2\/types\/product"}],"replies":[{"embeddable":true,"href":"https:\/\/tecsecmty.com\/index.php\/wp-json\/wp\/v2\/comments?post=7268"}],"version-history":[{"count":0,"href":"https:\/\/tecsecmty.com\/index.php\/wp-json\/wp\/v2\/product\/7268\/revisions"}],"wp:featuredmedia":[{"embeddable":true,"href":"https:\/\/tecsecmty.com\/index.php\/wp-json\/wp\/v2\/media\/7267"}],"wp:attachment":[{"href":"https:\/\/tecsecmty.com\/index.php\/wp-json\/wp\/v2\/media?parent=7268"}],"wp:term":[{"taxonomy":"product_brand","embeddable":true,"href":"https:\/\/tecsecmty.com\/index.php\/wp-json\/wp\/v2\/product_brand?post=7268"},{"taxonomy":"product_cat","embeddable":true,"href":"https:\/\/tecsecmty.com\/index.php\/wp-json\/wp\/v2\/product_cat?post=7268"},{"taxonomy":"product_tag","embeddable":true,"href":"https:\/\/tecsecmty.com\/index.php\/wp-json\/wp\/v2\/product_tag?post=7268"}],"curies":[{"name":"wp","href":"https:\/\/api.w.org\/{rel}","templated":true}]}}