{"id":7270,"date":"2023-02-23T16:08:12","date_gmt":"2023-02-23T22:08:12","guid":{"rendered":"https:\/\/tecsecmty.com\/index.php\/producto\/bosch-v_-nin63023a3-flex-idome-starlight-6000vr-1080p-antivandalica\/"},"modified":"2023-03-22T23:21:36","modified_gmt":"2023-03-23T05:21:36","slug":"bosch-v_-nin63023a3-flex-idome-starlight-6000vr-1080p-antivandalica","status":"publish","type":"product","link":"https:\/\/tecsecmty.com\/index.php\/producto\/bosch-v_-nin63023a3-flex-idome-starlight-6000vr-1080p-antivandalica\/","title":{"rendered":"BOSCH V_ NIN63023A3 &#8211; FLEX IDOME STARLIGHT 6000VR \/ 1080p \/ Antivandalica"},"content":{"rendered":"<h5 class=\"card-title text-center\">FLEXIDOME IP starlight 6000 VR<\/h5>\n<p class=\"ql-align-justify\"><strong>Esta c\u00e1mara ofrece una imagen n\u00edtida las 24 horas del d\u00eda, incluso en condiciones de poca iluminaci\u00f3n o durante la noche.<\/strong>\u00a0La excepcional sensibilidad starlight permite usar esta c\u00e1mara con una cantidad de luz ambiental m\u00ednima. El modo din\u00e1mico ampliado proporciona unas im\u00e1genes detalladas en escenas con unas condiciones de iluminaci\u00f3n m\u00e1s complejas.\u00a0<strong>La c\u00e1mara est\u00e1 disponible con una resoluci\u00f3n de 720p o de 1080p<\/strong>\u00a0<strong>y proporciona hasta 60 im\u00e1genes por segundo.\u00a0<\/strong>El elegante dise\u00f1o y la protecci\u00f3n antivand\u00e1lica de la carcasa hacen que la c\u00e1mara sea apropiada para instalaciones tanto en interiores como en exteriores.<\/p>\n<p class=\"ql-align-justify\"><strong>Funciones b\u00e1sicas<\/strong><\/p>\n<p class=\"ql-align-justify\"><strong>Excepcional rendimiento en condiciones de baja iluminaci\u00f3n<\/strong><\/p>\n<p class=\"ql-align-justify\">Al combinar la tecnolog\u00eda de sensores m\u00e1s reciente con una sofisticada eliminaci\u00f3n de ruido, el resultado es una sensibilidad excepcional en color. El rendimiento en condiciones de baja iluminaci\u00f3n es tan bueno que la c\u00e1mara sigue ofreciendo un rendimiento excelente en color incluso con una cantidad m\u00ednima de luz ambiental.<\/p>\n<p class=\"ql-align-justify\"><strong>R\u00e1pido rendimiento<\/strong><\/p>\n<p class=\"ql-align-justify\">El modo de 60 im\u00e1genes por segundo ofrece un rendimiento \u00f3ptimo en escenas de acci\u00f3n r\u00e1pida y es particularmente apropiado para casinos y bancos.<\/p>\n<p class=\"ql-align-justify\"><strong>Modo de rango din\u00e1mico ampliado<\/strong><\/p>\n<p class=\"ql-align-justify\">El modo de rango din\u00e1mico ampliado se basa en un proceso de exposici\u00f3n m\u00faltiple que captura m\u00e1s detalles en las zonas iluminadas y en las sombras, incluso en la misma escena. Como resultado, puede distinguir f\u00e1cilmente los objetos y los detalles, por ejemplo, rostros con un contraluz intenso. El rango din\u00e1mico real de la c\u00e1mara se mide mediante el an\u00e1lisis de la funci\u00f3n de conversi\u00f3n optoelectr\u00f3nica\u00a0<strong>(OECF)<\/strong>\u00a0seg\u00fan la norma IEC 62676, apartado 5. Este m\u00e9todo se utiliza para ofrecer un resultado est\u00e1ndar que se puede utilizar para comparar diferentes c\u00e1maras.<\/p>\n<p class=\"ql-align-justify\"><strong>Essential Video Analytics<\/strong><\/p>\n<p class=\"ql-align-justify\">El an\u00e1lisis de v\u00eddeo integrado refuerza el concepto de \u00abinteligencia en origen\u00bb y proporciona ahora funciones a\u00fan m\u00e1s potentes.\u00a0<strong>Essential Video Analytics<\/strong>\u00a0resulta ideal para su uso en entornos controlados con intervalos de detecci\u00f3n limitada. El sistema detecta objetos, realiza su seguimiento y los analiza de forma fiable y, a continuaci\u00f3n, notifica la activaci\u00f3n de las alarmas predefinidas. Mediante un conjunto inteligente de reglas de alarma, facilita las tareas complejas y reduce al m\u00ednimo las falsas alarmas. Se a\u00f1aden metadatos al v\u00eddeo para dar sentido y estructura.<\/p>\n<p class=\"ql-align-justify\">Esto permite recuperar r\u00e1pidamente las im\u00e1genes pertinentes de horas de grabaci\u00f3n de v\u00eddeo almacenadas. Los metadatos tambi\u00e9n se pueden usar para proporcionar pruebas periciales irrefutables o para optimizar los procesos empresariales en funci\u00f3n de los datos de recuento de personas o de densidad de multitudes.<\/p>\n<p class=\"ql-align-justify\"><strong>Nota: FLEXIDOME IP starlight 6000 VR Conjunto de c\u00e1mara domo IP de alto rendimiento para vigilancia HD inteligente en condiciones de escasa iluminaci\u00f3n con funcionamiento h\u00edbrido IP\/anal\u00f3gico. 1080p. N\u00famero de pedido: NIN-63023-A3.<\/strong><\/p>\n<p class=\"ql-align-justify\"><strong>Principales Caracter\u00edsticas:<\/strong><\/p>\n<ul>\n<li class=\"ql-align-justify\">Excelente rendimiento en condiciones de baja iluminaci\u00f3n.<\/li>\n<li class=\"ql-align-justify\">Essential Video Analytics integrado para activar las alertas relevantes y recuperar los datos de forma r\u00e1pida.<\/li>\n<li class=\"ql-align-justify\">Intelligent Dynamic Noise Reduction disminuye los requisitos de ancho de banda y almacenamiento hasta en un 50 %.<\/li>\n<li class=\"ql-align-justify\">Modo de rango din\u00e1mico ampliado para ver los detalles de las zonas oscuras o iluminadas de las escenas simult\u00e1neamente.<\/li>\n<li class=\"ql-align-justify\">F\u00e1cil instalaci\u00f3n con modos preconfigurados, asistente y lente SR con zoom\/enfoque autom\u00e1ticos.<\/li>\n<\/ul>\n<p class=\"ql-align-justify\"><strong>Especificaciones:<\/strong><\/p>\n<p class=\"ql-align-justify\"><strong>Alimentaci\u00f3n<\/strong><\/p>\n<ul>\n<li class=\"ql-align-justify\">Tensi\u00f3n de entrada Power-over-Ethernet (48 VCC nominal) o 12 VCC \u00b110% (auxiliar)<\/li>\n<li class=\"ql-align-justify\">Norma IEEE PoE:<\/li>\n<li class=\"ql-align-justify\">802.3af (802.3at tipo 1).<\/li>\n<li class=\"ql-align-justify\">Nivel de alimentaci\u00f3n: clase 3<\/li>\n<li class=\"ql-align-justify\">Consumo de energ\u00eda: 7,2 W m\u00e1x.<\/li>\n<li class=\"ql-align-justify\">Intensidad de corriente (PoE): 200 mA m\u00e1x.<\/li>\n<li class=\"ql-align-justify\">Consumo de corriente (12 VCC): 600 mA m\u00e1x.<\/li>\n<li class=\"ql-align-justify\">Resoluci\u00f3n de v\u00eddeo (H x V):<\/li>\n<li class=\"ql-align-justify\">1080p HD: 1920 x 1080 (solo en la versi\u00f3n de 1080p).<\/li>\n<li class=\"ql-align-justify\">Modo vertical: 1080p 1080 x 1920 (solo en la versi\u00f3n de 1080p).<\/li>\n<li class=\"ql-align-justify\">1,3 MP (4:3): 1280 x 960 (solo en la versi\u00f3n de 1080p).<\/li>\n<li class=\"ql-align-justify\">Modo vertical 1,3 MP: 960 x 1280 (solo en la versi\u00f3n de 1080p).<\/li>\n<li class=\"ql-align-justify\">720p HD: 1280 x 720.<\/li>\n<\/ul>\n<p class=\"ql-align-justify\"><strong>Mec\u00e1nicas<\/strong><\/p>\n<ul>\n<li class=\"ql-align-justify\">Burbuja: Policarbonato transparente, con cubierta resistente a ara\u00f1azos y protecci\u00f3n ultravioleta.<\/li>\n<li class=\"ql-align-justify\">Anillo embellecedor: Aluminio.<\/li>\n<\/ul>\n<p class=\"ql-align-justify\"><strong>Ambientales<\/strong><\/p>\n<ul>\n<li class=\"ql-align-justify\">Temperatura de funcionamiento: -30 \u00baC a +55 \u00baC (-22 \u00baF a +131 \u00baF) para un funcionamiento continuo; -34 \u00baC a +74 \u00baC (-30 \u00baF a +165 \u00baF) conforme a NEMA TS 2-2003 (R2008),<\/li>\n<li class=\"ql-align-justify\">Temperatura de inicio en fr\u00edo: -20 \u00b0C (-4 \u00b0F).<\/li>\n<li class=\"ql-align-justify\">Temperatura de almacenamiento: De \u201350 \u00b0C a +70 \u00b0C (de -58 \u00b0F a +158 \u00b0F).<\/li>\n<li class=\"ql-align-justify\">Humedad en funcionamiento: Del 5% al 93% de humedad relativa.<\/li>\n<li class=\"ql-align-justify\">Humedad en almacenamiento: Hasta un 98% de humedad relativa<\/li>\n<li class=\"ql-align-justify\">Protecci\u00f3n contra impactos: IK10.<\/li>\n<li class=\"ql-align-justify\">Protecci\u00f3n contra agua y polvo: IP 66 y NEMA tipo 4X (con los est\u00e1ndares de instalaci\u00f3n adecuados).<\/li>\n<\/ul>\n<p><img decoding=\"async\" class=\"overview-center-img-\" src=\"https:\/\/tvc.mx\/media\/7004\/Logoopaginas-oficial.png\" alt=\"\" \/><\/p>\n","protected":false},"excerpt":{"rendered":"<p>FLEXIDOME IP starlight 6000 VR Esta c\u00e1mara ofrece una imagen n\u00edtida las 24 horas del d\u00eda, incluso en condiciones de poca iluminaci\u00f3n o durante la noche.\u00a0La excepcional sensibilidad starlight permite usar esta c\u00e1mara con una cantidad de luz ambiental m\u00ednima. El modo din\u00e1mico ampliado proporciona&hellip;<\/p>\n","protected":false},"featured_media":7269,"comment_status":"open","ping_status":"closed","template":"","meta":{"om_disable_all_campaigns":false,"_monsterinsights_skip_tracking":false,"_monsterinsights_sitenote_active":false,"_monsterinsights_sitenote_note":"","_monsterinsights_sitenote_category":0},"product_brand":[],"product_cat":[657],"product_tag":[613,611,612,616,615,610,614,617],"class_list":{"0":"post-7270","1":"product","2":"type-product","3":"status-publish","4":"has-post-thumbnail","6":"product_cat-domo-camaras-ip-bosch-video-vigilancia","7":"product_tag-bosch","8":"product_tag-manhattan","9":"product_tag-saxxon","10":"product_tag-surveon","11":"product_tag-utepo","12":"product_tag-videovigilancia","13":"product_tag-vivotek","14":"product_tag-zteco","16":"first","17":"instock","18":"sale","19":"taxable","20":"shipping-taxable","21":"purchasable","22":"product-type-simple"},"aioseo_notices":[],"_links":{"self":[{"href":"https:\/\/tecsecmty.com\/index.php\/wp-json\/wp\/v2\/product\/7270","targetHints":{"allow":["GET"]}}],"collection":[{"href":"https:\/\/tecsecmty.com\/index.php\/wp-json\/wp\/v2\/product"}],"about":[{"href":"https:\/\/tecsecmty.com\/index.php\/wp-json\/wp\/v2\/types\/product"}],"replies":[{"embeddable":true,"href":"https:\/\/tecsecmty.com\/index.php\/wp-json\/wp\/v2\/comments?post=7270"}],"version-history":[{"count":0,"href":"https:\/\/tecsecmty.com\/index.php\/wp-json\/wp\/v2\/product\/7270\/revisions"}],"wp:featuredmedia":[{"embeddable":true,"href":"https:\/\/tecsecmty.com\/index.php\/wp-json\/wp\/v2\/media\/7269"}],"wp:attachment":[{"href":"https:\/\/tecsecmty.com\/index.php\/wp-json\/wp\/v2\/media?parent=7270"}],"wp:term":[{"taxonomy":"product_brand","embeddable":true,"href":"https:\/\/tecsecmty.com\/index.php\/wp-json\/wp\/v2\/product_brand?post=7270"},{"taxonomy":"product_cat","embeddable":true,"href":"https:\/\/tecsecmty.com\/index.php\/wp-json\/wp\/v2\/product_cat?post=7270"},{"taxonomy":"product_tag","embeddable":true,"href":"https:\/\/tecsecmty.com\/index.php\/wp-json\/wp\/v2\/product_tag?post=7270"}],"curies":[{"name":"wp","href":"https:\/\/api.w.org\/{rel}","templated":true}]}}