{"id":7276,"date":"2023-02-23T16:08:19","date_gmt":"2023-02-23T22:08:19","guid":{"rendered":"https:\/\/tecsecmty.com\/index.php\/producto\/bosch-v_ncn90022f1-flexidome-ip-corner-9000-mp-soporte-en-esquina-ir-ip65-poe-idnr\/"},"modified":"2023-03-22T23:21:57","modified_gmt":"2023-03-23T05:21:57","slug":"bosch-v_ncn90022f1-flexidome-ip-corner-9000-mp-soporte-en-esquina-ir-ip65-poe-idnr","status":"publish","type":"product","link":"https:\/\/tecsecmty.com\/index.php\/producto\/bosch-v_ncn90022f1-flexidome-ip-corner-9000-mp-soporte-en-esquina-ir-ip65-poe-idnr\/","title":{"rendered":"BOSCH V_NCN90022F1- FLEXIDOME IP CORNER 9000 MP\/ SOPORTE EN ESQUINA\/ IR\/ IP65\/ POE\/ IDNR"},"content":{"rendered":"<h5 class=\"card-title text-center\">FLEXIDOME IP corner 9000 MP<\/h5>\n<p class=\"ql-align-justify\"><strong>La FLEXIDOME corner 9000 MP es una c\u00e1mara antivand\u00e1lica, de montaje en esquina con un dise\u00f1o No-Grip sin sujeci\u00f3n.<\/strong>\u00a0Las im\u00e1genes de alta resoluci\u00f3n de 1440 x 1080p y la iluminaci\u00f3n de infrarrojos integrada se combinan para permitir una vigilancia profesional efectiva en red las 24 horas del d\u00eda y todos los d\u00edas de la semana en aplicaciones de alto riesgo o propensas al vandalismo, independientemente de las condiciones de iluminaci\u00f3n, incluso en habitaciones completamente a oscuras.<\/p>\n<p class=\"ql-align-justify\">Los objetivos ultra gran angular permiten visualizar por completo una habitaci\u00f3n peque\u00f1a, incluido el suelo que se encuentra bajo la c\u00e1mara. Es imposible tirar de la c\u00e1mara o colgarse de ella, lo que supone el m\u00e1ximo nivel de seguridad en lugares tales como salas de detenci\u00f3n, ascensores o salas de cuidados psiqui\u00e1tricos.<\/p>\n<p class=\"ql-align-justify\"><strong>Resumen del sistema<\/strong><\/p>\n<p class=\"ql-align-justify\">Dise\u00f1o de montaje en esquina antivand\u00e1lico Su innovador dise\u00f1o permite un montaje empotrado perfecto en la esquina de una sala que la protege ante los intentos m\u00e1s brutales de destrucci\u00f3n, desmontaje o desactivaci\u00f3n de la c\u00e1mara. El reducido \u00e1ngulo de 45\u00b0 oculta todo el cableado y ofrece una cobertura de una sala de 4,5 x 4,5 m (15 x 15 pies), incluida la zona bajo la c\u00e1mara. La c\u00e1mara no tiene puntos de anclaje para proporcionar una seguridad m\u00e1xima en entornos de alto riesgo.<\/p>\n<p class=\"ql-align-justify\"><strong>Iluminaci\u00f3n de infrarrojos<\/strong><\/p>\n<p class=\"ql-align-justify\">La c\u00e1mara aprovecha la potencia de la iluminaci\u00f3n de infrarrojos para proporcionar unas im\u00e1genes incre\u00edbles tanto de d\u00eda como de noche. Los LED emisores de infrarrojos proporcionan una eficaz visi\u00f3n nocturna encubierta para obtener el nivel m\u00e1s avanzado de visi\u00f3n nocturna disponible actualmente. Con los LED de infrarrojos de intensidad ajustable se eliminan los primeros planos con puntos de luz y los fondos con poca iluminaci\u00f3n.<\/p>\n<p class=\"ql-align-justify\"><strong>Conmutaci\u00f3n de d\u00eda\/noche aut\u00e9ntica<\/strong><\/p>\n<p class=\"ql-align-justify\">La c\u00e1mara incorpora la tecnolog\u00eda de filtro mec\u00e1nico para obtener un color intenso durante el d\u00eda y una imagen excepcional durante la noche con el uso de la iluminaci\u00f3n con infrarrojos, al mismo tiempo que se mantiene un enfoque n\u00edtido con cualquier tipo de iluminaci\u00f3n. La c\u00e1mara tambi\u00e9n proporciona una excelente respuesta espectral de infrarrojos y consigue una visi\u00f3n nocturna con infrarrojos activos extraordinaria.<\/p>\n<p class=\"ql-align-justify\"><strong>La iDNR reduce el ancho de banda y las necesidades de almacenamiento<\/strong><\/p>\n<p class=\"ql-align-justify\">La c\u00e1mara utiliza la reducci\u00f3n inteligente de ruido din\u00e1mico (iDNR) que analiza activamente el contenido de una escena y reduce el ruido en consecuencia. La imagen con bajo nivel de ruido y la eficaz tecnolog\u00eda del m\u00e9todo de compresi\u00f3n H. 264 ofrecen im\u00e1genes n\u00edtidas, al mismo tiempo que reduce el ancho de banda y el almacenamiento en hasta un 30% en comparaci\u00f3n con otras c\u00e1maras. Esto supone flujos con ancho de banda reducido que a\u00fan mantienen una alta calidad de imagen y un movimiento suave. La c\u00e1mara ofrece la imagen m\u00e1s \u00fatil posible optimizando de forma inteligente la relaci\u00f3n detalle\/ancho de banda. La codificaci\u00f3n basada en zonas es otra funci\u00f3n que reduce el ancho de banda. Se pueden ajustar par\u00e1metros de compresi\u00f3n para un m\u00e1ximo de ocho zonas configurables por el usuario. Esto permite realizar una alta compresi\u00f3n de las zonas de poco inter\u00e9s, dejando a m\u00e1s ancho de banda para las partes importantes de la escena.<\/p>\n<p class=\"ql-align-justify\"><strong>Resoluci\u00f3n de 1440 x 1080p con varios flujos<\/strong><\/p>\n<p class=\"ql-align-justify\">La c\u00e1mara tiene una resoluci\u00f3n de 1440 x 1080p a 30 im\u00e1genes por segundo (ips). Esta innovadora funci\u00f3n ofrece varios flujos H.264 junto con un flujo M-JPEG. Estos flujos facilitan una visualizaci\u00f3n y grabaci\u00f3n eficientes con poco uso del ancho de banda, as\u00ed como la integraci\u00f3n con sistemas de gesti\u00f3n de v\u00eddeo de otros fabricantes.<\/p>\n<p class=\"ql-align-justify\"><strong>Zonas de inter\u00e9s y e-PTZ<\/strong><\/p>\n<p class=\"ql-align-justify\">El usuario puede definir dos zonas de inter\u00e9s (ROI). Los controles remotos electr\u00f3nicos de giro, inclinaci\u00f3n y zoom (e-PTZ) le permiten seleccionar zonas espec\u00edficas de la imagen principal. Estas zonas producen flujos diferentes para una visualizaci\u00f3n y grabaci\u00f3n remotas. Estos flujos, junto con el flujo principal, permiten al operario controlar individualmente la parte m\u00e1s importante de una escena manteniendo la atenci\u00f3n sobre la escena general.<\/p>\n<p class=\"ql-align-justify\"><strong>F\u00e1cil instalaci\u00f3n<\/strong><\/p>\n<p class=\"ql-align-justify\">No se necesitan ajustes de enfoque ni de giro\/ inclinaci\u00f3n, ya que la c\u00e1mara, con su objetivo de gran angular, ofrece una cobertura completa de una sala de 4,5 x 4,5 m (15 x 15 pies). Se puede suministrar alimentaci\u00f3n a la c\u00e1mara mediante una conexi\u00f3n de cable de red compatible con alimentaci\u00f3n por Ethernet (IEEE 802.3af). Con esta configuraci\u00f3n, s\u00f3lo se necesita una \u00fanica conexi\u00f3n de cable para ver, alimentar y controlar la c\u00e1mara. El uso de alimentaci\u00f3n por Ethernet facilita la instalaci\u00f3n y la hace m\u00e1s rentable, ya que las c\u00e1maras no necesitan una fuente de alimentaci\u00f3n local. La alimentaci\u00f3n de la c\u00e1mara se puede suministrar mediante fuentes de alimentaci\u00f3n de +12 VCC o de 24 VCA. Para incrementar la fiabilidad del sistema, la c\u00e1mara puede conectarse simult\u00e1neamente a ambas fuentes de alimentaci\u00f3n (PoE y +12 VCC\/24 VCA). Adem\u00e1s, pueden utilizarse sistemas de alimentaci\u00f3n ininterrumpida (SAI) para conseguir un funcionamiento continuo, incluso en caso de producirse un corte de alimentaci\u00f3n. Las c\u00e1maras son compatibles con Auto-MDIX con el fin de evitar problemas con el cableado de red.<\/p>\n<p class=\"ql-align-justify\"><strong>Audio bidireccional y alarma de sonido<\/strong><\/p>\n<p class=\"ql-align-justify\">El audio bidireccional permite al operador comunicarse a trav\u00e9s de una entrada y salida de l\u00ednea de audio externo. Se puede utilizar la detecci\u00f3n de audio para generar una alarma, en caso de necesidad.<\/p>\n<p class=\"ql-align-justify\"><strong>Detecci\u00f3n de movimiento y sabotaje<\/strong><\/p>\n<p class=\"ql-align-justify\">La c\u00e1mara dispone de una amplia gama de opciones de configuraci\u00f3n de alarmas para alertar de los intentos de sabotaje. Tambi\u00e9n se puede utilizar un algoritmo integrado para detectar cualquier movimiento en el v\u00eddeo y emitir una se\u00f1al de alarma.<\/p>\n<p class=\"ql-align-justify\"><strong>Grabar de forma local<\/strong><\/p>\n<p class=\"ql-align-justify\">La ranura interna admite tarjetas de memoria MicroSD con capacidad de almacenamiento de hasta 2 TB (SDXC). Para las grabaciones con alarma locales se puede usar una tarjeta microSD. La grabaci\u00f3n previa a la alarma en la RAM reduce el ancho de banda de grabaci\u00f3n en la red o, si se utiliza la grabaci\u00f3n en tarjeta microSD, ampl\u00eda la vida efectiva del medio de almacenamiento.<\/p>\n<p class=\"ql-align-justify\"><strong>Instalaciones basadas en la nube<\/strong><\/p>\n<p class=\"ql-align-justify\">La c\u00e1mara es compatible con los env\u00edos de JPEG basados en el tiempo o en las alarmas a cuatro cuentas diferentes. Estas cuentas pueden ser de servidores FTP o instalaciones de almacenamiento basadas en la nube (por ejemplo, Dropbox). Las secuencias de v\u00eddeo o im\u00e1genes JPEG tambi\u00e9n se pueden exportar a estas cuentas. Las alarmas se pueden configurar para que se active una notificaci\u00f3n por correo electr\u00f3nico o SMS para tenga siempre conciencia de los eventos an\u00f3malos.<\/p>\n<p class=\"ql-align-justify\"><strong>Seguridad de acceso<\/strong><\/p>\n<p class=\"ql-align-justify\">Es compatible con una protecci\u00f3n mediante contrase\u00f1a con tres niveles y autenticaci\u00f3n 802.1x. Para acceder de forma segura con el explorador web, se emplea HTTPS con un certificado SSL almacenado en la c\u00e1mara. Los canales de comunicaci\u00f3n de v\u00eddeo y audio pueden codificarse de forma independiente con AES mediante claves de 128 bits a trav\u00e9s de la instalaci\u00f3n de la licencia del sitio de codificaci\u00f3n opcional.<\/p>\n<p class=\"ql-align-justify\"><strong>Software de visualizaci\u00f3n completa<\/strong><\/p>\n<p class=\"ql-align-justify\">Hay muchas posibilidades de acceder a las funciones de v\u00eddeo de la c\u00e1mara: a trav\u00e9s de un explorador web, mediante el programa Bosch Video Client proporcionado o con la aplicaci\u00f3n para iPad. El software de vigilancia para PC Bosch Video Client ofrece una interfaz intuitiva que permite instalar y configurar el dispositivo de un modo muy sencillo y se proporciona de forma totalmente gratuita. Proporciona una f\u00e1cil visualizaci\u00f3n en directo de varias c\u00e1maras, reproducci\u00f3n, b\u00fasqueda forense y exportaci\u00f3n.<\/p>\n<p class=\"ql-align-justify\"><strong>Aplicaci\u00f3n Video Security<\/strong><\/p>\n<p class=\"ql-align-justify\">La aplicaci\u00f3n Video Security para iPad de Bosch se ha desarrollado para utilizar todas nuestras funciones de transcodificaci\u00f3n din\u00e1mica y permitir el acceso desde cualquier lugar a im\u00e1genes de vigilancia HD, incluso con conexiones de ancho de banda reducido. La aplicaci\u00f3n, junto con el transcodificador disponible por separado de Bosch, se configura para proporcionar un control total de la c\u00e1mara.<\/p>\n<p class=\"ql-align-justify\"><strong>Integraci\u00f3n en el sistema<\/strong><\/p>\n<p class=\"ql-align-justify\">Las c\u00e1maras IP de definici\u00f3n est\u00e1ndar y de alta definici\u00f3n de Bosch, los codificadores y los an\u00e1lisis funcionan sin problemas con una gran variedad de software de seguridad y soluciones de grabaci\u00f3n de Bosch y otros fabricantes de la industria. Mediante el cumplimiento con ONVIF, la disponibilidad de kits de desarrollo de software de v\u00eddeo de Bosch y la existencia de un equipo dedicado a proyectos de asistencia e integraci\u00f3n especiales, es f\u00e1cil gestionar productos de v\u00eddeo de Bosch dentro del dise\u00f1o de su sistema (para obtener los detalles sobre el programa Integration Partner Program de Bosch visite ipp.boschsecurity.com).<\/p>\n<p class=\"ql-align-justify\"><strong>Aplicaciones<\/strong><\/p>\n<ul>\n<li class=\"ql-align-justify\">Salas de detenci\u00f3n.<\/li>\n<li class=\"ql-align-justify\">Salas de recuperaci\u00f3n en hospitales.<\/li>\n<li class=\"ql-align-justify\">Salas de cuidados psiqui\u00e1tricos.<\/li>\n<li class=\"ql-align-justify\">Zonas propensas a acciones vand\u00e1licas.<\/li>\n<\/ul>\n<p class=\"ql-align-justify\"><strong>Certificados y homologaciones<\/strong><\/p>\n<p class=\"ql-align-justify\"><strong>Est\u00e1ndares<\/strong><\/p>\n<ul>\n<li class=\"ql-align-justify\">IEC 62471<\/li>\n<li class=\"ql-align-justify\">EN 60950-1<\/li>\n<li class=\"ql-align-justify\">UL 60950-1<\/li>\n<\/ul>\n<p class=\"ql-align-justify\"><strong>Nota: FLEXIDOME IP corner 9000 MP<\/strong><\/p>\n<p class=\"ql-align-justify\"><strong>C\u00e1mara No-grip de montaje en esquina 1440 x 1080p con infrarrojos integrados.<\/strong><\/p>\n<p class=\"ql-align-justify\"><strong>N\u00famero de pedido: NCN-90022-F1.<\/strong><\/p>\n<p class=\"ql-align-justify\"><strong>Principales caracter\u00edsticas<\/strong><\/p>\n<ul>\n<li class=\"ql-align-justify\">Dise\u00f1o No-Grip de montaje en esquina para la m\u00e1xima seguridad.<\/li>\n<li class=\"ql-align-justify\">Resoluci\u00f3n de 1,5 MP para obtener im\u00e1genes n\u00edtidas.<\/li>\n<li class=\"ql-align-justify\">Controla una sala peque\u00f1a entera, incluida la zona que hay justo debajo de la c\u00e1mara .<\/li>\n<li class=\"ql-align-justify\">Iluminador de 940 nm para una visi\u00f3n nocturna encubierta a una distancia de 9 m (30 pies).<\/li>\n<li class=\"ql-align-justify\">Resistencia al agua IP65.<\/li>\n<\/ul>\n<p class=\"ql-align-justify\"><strong>Especificaciones<\/strong><\/p>\n<ul>\n<li class=\"ql-align-justify\">Tensi\u00f3n de entrada +12 V CC\/24 V CA o Alimentaci\u00f3n por Ethernet (nominal de 48 V CC).<\/li>\n<li class=\"ql-align-justify\">Consumo de energ\u00eda 8,4 W m\u00e1x. (12 V CC, PoE) 10,8 VA m\u00e1x. (+24 V CA).<\/li>\n<li class=\"ql-align-justify\">PoE IEEE 802.3af (802.3at tipo 1) Nivel de potencia: clase 3.<\/li>\n<\/ul>\n<p class=\"ql-align-justify\"><strong>V\u00eddeo<\/strong><\/p>\n<ul>\n<li class=\"ql-align-justify\">Tipo de sensor CMOS de 1\/2,7 pulg.<\/li>\n<li class=\"ql-align-justify\">Resoluci\u00f3n 1440 x 1080.<\/li>\n<li class=\"ql-align-justify\">Sensibilidad (3200 K, 89% de reflectividad, 30 IRE, F2.0) 0,61 lx (color) 0,0 lx (IR).<\/li>\n<li class=\"ql-align-justify\">Rango din\u00e1mico 69 dB.<\/li>\n<li class=\"ql-align-justify\">D\u00eda\/noche aut\u00e9ntico Autom\u00e1tico, color, monocromo Velocidad del obturador Obturador electr\u00f3nico autom\u00e1tico (AES) Fijo 1\/30 (1\/25) a 1\/15000.<\/li>\n<li class=\"ql-align-justify\">Resoluci\u00f3n de v\u00eddeo SD VGA, QVGA.<\/li>\n<li class=\"ql-align-justify\">Compresi\u00f3n de v\u00eddeo H.264 MP (perfil principal); M-JPEG.<\/li>\n<li class=\"ql-align-justify\">Velocidad de im\u00e1genes m\u00e1xima 30 ips (La velocidad de im\u00e1genes M-JPEG puede variar seg\u00fan la carga del sistema).<\/li>\n<li class=\"ql-align-justify\">Ajustes de v\u00eddeo: Marcas de agua del v\u00eddeo, Modo de alarma, Reflejar imagen, Invertir imagen, Contraste, Saturaci\u00f3n, Brillo, Equilibrio de blancos, Nivel de nitidez, Mejora de contraste, Compensaci\u00f3n de contraluz, M\u00e1scara de privacidad, Detecci\u00f3n de movimiento, Alarma de sabotaje, Modo vertical, Contador de p\u00edxeles.<\/li>\n<\/ul>\n<p class=\"ql-align-justify\"><strong>Visi\u00f3n nocturna<\/strong><\/p>\n<ul>\n<li class=\"ql-align-justify\">LED de IR 3 LED de gran eficacia, 940 nm.<\/li>\n<li class=\"ql-align-justify\">Cobertura de infrarrojos 9 m (30 pies).<\/li>\n<li class=\"ql-align-justify\">Lente Tipo de lente Fija de 2,0 mm, F2.0.<\/li>\n<li class=\"ql-align-justify\">Montaje de lente Montaje sobre placa.<\/li>\n<li class=\"ql-align-justify\">Campo de visi\u00f3n horizontal 121\u00b0.<\/li>\n<li class=\"ql-align-justify\">Campo de visi\u00f3n vertical 91\u00b0.<\/li>\n<\/ul>\n<p class=\"ql-align-justify\"><strong>Conexi\u00f3n<\/strong><\/p>\n<ul>\n<li class=\"ql-align-justify\">Salida de v\u00eddeo anal\u00f3gica (solo para instalaci\u00f3n).<\/li>\n<li class=\"ql-align-justify\">Conector de clavija de 2,5 mm (CVBS de 1 Vpp, NTSC).<\/li>\n<li class=\"ql-align-justify\">Entrada de alarma De 0 a 3,3 V CC, activa baja.<\/li>\n<li class=\"ql-align-justify\">Salida de alarma 60 V CC o 60 V CA (m\u00e1x.), carga de corriente: 1 A (m\u00e1x.).<\/li>\n<\/ul>\n<p class=\"ql-align-justify\"><strong>Audio<\/strong><\/p>\n<ul>\n<li class=\"ql-align-justify\">Entrada de audio: Conector mono con entrada de l\u00ednea de 3,5 mm 0,707 Vrms, impedancia de 20 kilohmios (normal).<\/li>\n<li class=\"ql-align-justify\">Salida de audio: Conector mono con salida de l\u00ednea de 3,5 mm 0,707 Vrms, impedancia de 10 kilohmios (normal).<\/li>\n<li class=\"ql-align-justify\">Comunicaciones de audio Bidireccional, d\u00faplex completo.<\/li>\n<li class=\"ql-align-justify\">Compresi\u00f3n de audio AAC, G.711, L16 (en directo y grabaci\u00f3n).<\/li>\n<\/ul>\n<p class=\"ql-align-justify\"><strong>Almacenamiento local<\/strong><\/p>\n<ul>\n<li class=\"ql-align-justify\">RAM interna Grabaci\u00f3n previa a la alarma de 10 s.<\/li>\n<li class=\"ql-align-justify\">Ranura para tarjeta de memoria Admite tarjetas microSDHC de hasta 32 GB\/microSDXC de hasta 2 TB. (Se recomienda una tarjeta SD de clase 6 o superior para la grabaci\u00f3n HD).<\/li>\n<li class=\"ql-align-justify\">Grabaci\u00f3n: Grabaci\u00f3n continua, grabaci\u00f3n circular.<\/li>\n<li class=\"ql-align-justify\">Grabaci\u00f3n de alarma, eventos y planificaci\u00f3n.<\/li>\n<\/ul>\n<p class=\"ql-align-justify\"><strong>Control del software<\/strong><\/p>\n<ul>\n<li class=\"ql-align-justify\">Configuraci\u00f3n de la unidad A trav\u00e9s de un explorador web o del software de vigilancia para PC.<\/li>\n<\/ul>\n<p class=\"ql-align-justify\"><strong>Red<\/strong><\/p>\n<ul>\n<li class=\"ql-align-justify\">Protocolos: IPv4, IPv6, UDP, TCP, HTTP, HTTPS, RTP\/RTCP, IGMP V2\/V3, ICMP, ICMPv6, RTSP, FTP, Telnet, ARP, DHCP, SNTP, SNMP (V1, MIB\u2011II), 802.1x, DNS, DNSv6, DDNS, SMTP, iSCSI, UPnP (SSDP), DiffServ (QoS), LLDP, SOAP, Dropbox, CHAP, Digest Authentication.<\/li>\n<li class=\"ql-align-justify\">Codificaci\u00f3n TLS 1.0, SSL, DES, 3DES, AES (opcional).<\/li>\n<li class=\"ql-align-justify\">Ethernet 10\/100 Base-T, detecci\u00f3n autom\u00e1tica, d\u00faplex completo\/semi-d\u00faplex.<\/li>\n<li class=\"ql-align-justify\">Conector Ethernet RJ45.<\/li>\n<li class=\"ql-align-justify\">Conectividad Perfil S de ONVIF, Auto-MDIX.<\/li>\n<\/ul>\n<p class=\"ql-align-justify\"><strong>Mec\u00e1nicas<\/strong><\/p>\n<ul>\n<li class=\"ql-align-justify\">Dimensiones (An. x Al. x Pr.) 240 x 146 x 169 mm (9,45 x 5,75 x 6,65 pulg.)<\/li>\n<li class=\"ql-align-justify\">Peso 1840 g (4,06 lb) aprox.<\/li>\n<\/ul>\n<p class=\"ql-align-justify\"><strong>Medioambientales<\/strong><\/p>\n<ul>\n<li class=\"ql-align-justify\">Temperatura de funcionamiento: De \u201310 \u00b0C a +50 \u00b0C (de +14 \u00b0F a +122 \u00b0F).<\/li>\n<li class=\"ql-align-justify\">Temperatura de almacenamiento: De \u201330 \u00b0C a +60 \u00b0C (de \u201322 \u00b0F a +140 \u00b0F).<\/li>\n<li class=\"ql-align-justify\">Humedad: De 20% a 90% de humedad relativa (sin condensaci\u00f3n).<\/li>\n<\/ul>\n<p><img decoding=\"async\" class=\"overview-center-img-web\" src=\"https:\/\/tvc.mx\/media\/32551\/Logoopaginas-oficial-1920x400.png\" alt=\"\" \/><\/p>\n","protected":false},"excerpt":{"rendered":"<p>FLEXIDOME IP corner 9000 MP La FLEXIDOME corner 9000 MP es una c\u00e1mara antivand\u00e1lica, de montaje en esquina con un dise\u00f1o No-Grip sin sujeci\u00f3n.\u00a0Las im\u00e1genes de alta resoluci\u00f3n de 1440 x 1080p y la iluminaci\u00f3n de infrarrojos integrada se combinan para permitir una vigilancia profesional&hellip;<\/p>\n","protected":false},"featured_media":7275,"comment_status":"open","ping_status":"closed","template":"","meta":{"om_disable_all_campaigns":false,"_monsterinsights_skip_tracking":false,"_monsterinsights_sitenote_active":false,"_monsterinsights_sitenote_note":"","_monsterinsights_sitenote_category":0},"product_brand":[],"product_cat":[657],"product_tag":[613,611,612,616,615,610,614,617],"class_list":{"0":"post-7276","1":"product","2":"type-product","3":"status-publish","4":"has-post-thumbnail","6":"product_cat-domo-camaras-ip-bosch-video-vigilancia","7":"product_tag-bosch","8":"product_tag-manhattan","9":"product_tag-saxxon","10":"product_tag-surveon","11":"product_tag-utepo","12":"product_tag-videovigilancia","13":"product_tag-vivotek","14":"product_tag-zteco","16":"first","17":"instock","18":"sale","19":"taxable","20":"shipping-taxable","21":"purchasable","22":"product-type-simple"},"aioseo_notices":[],"_links":{"self":[{"href":"https:\/\/tecsecmty.com\/index.php\/wp-json\/wp\/v2\/product\/7276","targetHints":{"allow":["GET"]}}],"collection":[{"href":"https:\/\/tecsecmty.com\/index.php\/wp-json\/wp\/v2\/product"}],"about":[{"href":"https:\/\/tecsecmty.com\/index.php\/wp-json\/wp\/v2\/types\/product"}],"replies":[{"embeddable":true,"href":"https:\/\/tecsecmty.com\/index.php\/wp-json\/wp\/v2\/comments?post=7276"}],"version-history":[{"count":0,"href":"https:\/\/tecsecmty.com\/index.php\/wp-json\/wp\/v2\/product\/7276\/revisions"}],"wp:featuredmedia":[{"embeddable":true,"href":"https:\/\/tecsecmty.com\/index.php\/wp-json\/wp\/v2\/media\/7275"}],"wp:attachment":[{"href":"https:\/\/tecsecmty.com\/index.php\/wp-json\/wp\/v2\/media?parent=7276"}],"wp:term":[{"taxonomy":"product_brand","embeddable":true,"href":"https:\/\/tecsecmty.com\/index.php\/wp-json\/wp\/v2\/product_brand?post=7276"},{"taxonomy":"product_cat","embeddable":true,"href":"https:\/\/tecsecmty.com\/index.php\/wp-json\/wp\/v2\/product_cat?post=7276"},{"taxonomy":"product_tag","embeddable":true,"href":"https:\/\/tecsecmty.com\/index.php\/wp-json\/wp\/v2\/product_tag?post=7276"}],"curies":[{"name":"wp","href":"https:\/\/api.w.org\/{rel}","templated":true}]}}