{"id":7278,"date":"2023-02-23T16:08:23","date_gmt":"2023-02-23T22:08:23","guid":{"rendered":"https:\/\/tecsecmty.com\/index.php\/producto\/bosch-v_nde3502al-flexidome-3000i-2mp-analitica-esencial-lente-3-2-a-10mm-ip66\/"},"modified":"2023-03-22T23:22:00","modified_gmt":"2023-03-23T05:22:00","slug":"bosch-v_nde3502al-flexidome-3000i-2mp-analitica-esencial-lente-3-2-a-10mm-ip66","status":"publish","type":"product","link":"https:\/\/tecsecmty.com\/index.php\/producto\/bosch-v_nde3502al-flexidome-3000i-2mp-analitica-esencial-lente-3-2-a-10mm-ip66\/","title":{"rendered":"BOSCH V_NDE3502AL- FLEXIDOME 3000I\/ 2MP\/ ANALITICA ESENCIAL\/ LENTE 3.2 A 10MM\/IP66"},"content":{"rendered":"<h5 class=\"card-title text-center\">NDE-3502-AL Domo fijo 2MP HDR 3.2-10mm IP66 IK10 IR<\/h5>\n<p class=\"ql-align-justify\"><strong>El FLEXIDOME IP 3000i IR est\u00e1 construido para alta calidad, Rendimiento 24\/7, con una gama de vigilancia confiable caracter\u00edsticas, incluido Essential Video Analytics, y es dise\u00f1ado para una f\u00e1cil instalaci\u00f3n.<\/strong>\u00a0El dise\u00f1o compacto y minimalista proporciona alta flexibilidad de instalaci\u00f3n y ofrece varios montajes opciones.<\/p>\n<p class=\"ql-align-justify\"><strong>Funciones b\u00e1sicas<\/strong><\/p>\n<p class=\"ql-align-justify\"><strong>An\u00e1lisis de video esencial<\/strong><\/p>\n<p class=\"ql-align-justify\">El an\u00e1lisis de video incorporado refuerza el concepto Intelligenceat-the-Edge y ahora ofrece a\u00fan m\u00e1s caracter\u00edsticas potentes Essential Video Analytics es ideal para uso en entornos controlados con detecci\u00f3n limitada rangos.<\/p>\n<p class=\"ql-align-justify\">El sistema detecta, rastrea y analiza de manera confiable objetos y le avisa cuando hay alarmas predefinidas disparado Un conjunto inteligente de reglas de alarma hace complejo tareas f\u00e1ciles y reduce las falsas alarmas al m\u00ednimo. Los metadatos se adjuntan a su video para agregar sentido y estructura. Esto le permite recuperar r\u00e1pidamente el im\u00e1genes relevantes de horas de video almacenado. Metadatos tambi\u00e9n se puede usar para entregar pruebas forenses irrefutables evidencia u optimizar procesos de negocio basados \u200b\u200ben recuento de personas o informaci\u00f3n de densidad de multitudes.<\/p>\n<p class=\"ql-align-justify\"><strong>Alto rango din\u00e1mico<\/strong><\/p>\n<p class=\"ql-align-justify\">El modo de alto rango din\u00e1mico se basa en un proceso de exposici\u00f3n m\u00faltiple que captura m\u00e1s detalles en resalta y en las sombras incluso en la misma escena. El resultado es que puede distinguir f\u00e1cilmente los objetos y caracter\u00edsticas, por ejemplo, caras con luz de fondo brillante.<\/p>\n<p class=\"ql-align-justify\">Se mide el rango din\u00e1mico real de la c\u00e1mara. utilizando la funci\u00f3n de conversi\u00f3n optoelectr\u00f3nica (OECF) An\u00e1lisis seg\u00fan IEC 62676 Parte 5.<\/p>\n<p class=\"ql-align-justify\"><strong>Streaming inteligente<\/strong><\/p>\n<p class=\"ql-align-justify\">Capacidades de codificaci\u00f3n inteligente, junto con Inteligente Tecnolog\u00eda y an\u00e1lisis de reducci\u00f3n din\u00e1mica de ruido, reducir el consumo de ancho de banda a extremadamente bajo niveles. Solo informaci\u00f3n relevante en la escena, como el movimiento, u objetos encontrados con el an\u00e1lisis, deben ser codificado.<\/p>\n<p class=\"ql-align-justify\">La c\u00e1mara es capaz de transmisi\u00f3n triple que permite la c\u00e1mara para entregar independiente, configurable transmisiones para visualizaci\u00f3n en vivo, grabaci\u00f3n o control remoto monitoreo a trav\u00e9s de anchos de banda restringidos. Cada una de estas corrientes se puede adaptar independientemente para entregar video de alta calidad, perfectamente adaptado a prop\u00f3sito, mientras reduce la tasa de bits hasta en un 90% en comparaci\u00f3n con una c\u00e1mara est\u00e1ndar.<\/p>\n<p class=\"ql-align-justify\"><strong>Codificaci\u00f3n de video de alta eficiencia H.265<\/strong><\/p>\n<p class=\"ql-align-justify\">La c\u00e1mara est\u00e1 dise\u00f1ada en la m\u00e1s eficiente y Potente plataforma de codificaci\u00f3n H.264 y H.265 \/ HEVC. La c\u00e1mara es capaz de ofrecer alta calidad y Video de alta resoluci\u00f3n con muy baja carga de red. Con duplicando la eficiencia de codificaci\u00f3n, H.265 es el nuevo est\u00e1ndar de compresi\u00f3n elegido para video IP sistemas de vigilancia.<\/p>\n<p class=\"ql-align-justify\"><strong>Gesti\u00f3n de grabaci\u00f3n y almacenamiento<\/strong><\/p>\n<p class=\"ql-align-justify\">La gesti\u00f3n de la grabaci\u00f3n puede ser controlada por Aplicaci\u00f3n Bosch Video Recording Manager, o el la c\u00e1mara puede usar almacenamiento local y objetivos iSCSI directamente sin ning\u00fan software de grabaci\u00f3n.<\/p>\n<p class=\"ql-align-justify\">El almacenamiento local se puede utilizar para grabar \u00aben el borde\u00bb o para reposici\u00f3n autom\u00e1tica de red (ANR) tecnolog\u00eda para mejorar la fiabilidad general de grabaci\u00f3n. La grabaci\u00f3n previa a la alarma en RAM reduce el ancho de banda consumo en la red y extiende el efectivo vida de la tarjeta de memoria.<\/p>\n<p class=\"ql-align-justify\"><strong>Grabaci\u00f3n de borde<\/strong><\/p>\n<p class=\"ql-align-justify\">Inserte una tarjeta de memoria en la ranura para tarjetas para almacenar hasta 2 TB de grabaci\u00f3n de alarma local. Grabaci\u00f3n previa a la alarma en RAM reduce el ancho de banda de grabaci\u00f3n en la red, y extiende la vida efectiva de la tarjeta de memoria.<\/p>\n<p class=\"ql-align-justify\">Cuenta con grabaci\u00f3n avanzada de borde que proporciona un confiable posible soluci\u00f3n de almacenamiento debido a la combinaci\u00f3n de estas funciones:<\/p>\n<ul>\n<li class=\"ql-align-justify\">El soporte de tarjeta SD industrial permite una vida \u00fatil extrema<\/li>\n<li class=\"ql-align-justify\">Monitoreo del estado de las tarjetas SD industriales.<\/li>\n<\/ul>\n<p class=\"ql-align-justify\"><strong>Indicaciones de servicio.<\/strong><\/p>\n<p class=\"ql-align-justify\"><strong>Cobertura DORI<\/strong><\/p>\n<p class=\"ql-align-justify\">DORI (Detectar, observar, reconocer, identificar) es un sistema est\u00e1ndar (EN-62676-4) para definir la habilidad de una c\u00e1mara para distinguir personas u objetos dentro de un \u00e1rea cubierta.<\/p>\n<p class=\"ql-align-justify\">La alimentaci\u00f3n de la c\u00e1mara se puede suministrar a trav\u00e9s de una conexi\u00f3n de cable de red compatible con Powerover-Ethernet.<\/p>\n<p class=\"ql-align-justify\">Con esta configuraci\u00f3n, solo una conexi\u00f3n de cable es necesario para ver, encender y controlar la c\u00e1mara. El uso de PoE hace que la instalaci\u00f3n sea m\u00e1s f\u00e1cil y rentable, ya que las c\u00e1maras no requieren una fuente alimentaci\u00f3n local. La c\u00e1mara tambi\u00e9n puede recibir alimentaci\u00f3n de fuentes de alimentaci\u00f3n de +12 V CC. Para un cableado de red sin problemas, la c\u00e1mara admite Auto-MDIX que permite el uso de cables rectos o cruzados.<\/p>\n<p class=\"ql-align-justify\"><strong>Verdadero cambio d\u00eda \/ noche<\/strong><\/p>\n<p class=\"ql-align-justify\">La c\u00e1mara incorpora tecnolog\u00eda de filtro mec\u00e1nico. para colores vivos durante el d\u00eda y noches excepcionales im\u00e1genes mientras se mantiene el enfoque n\u00edtido bajo todo condiciones de iluminaci\u00f3n.<\/p>\n<p class=\"ql-align-justify\"><strong>Tamper y detecci\u00f3n de movimiento<\/strong><\/p>\n<p class=\"ql-align-justify\">Una amplia gama de opciones de configuraci\u00f3n est\u00e1 disponible para alarmas que se\u00f1alan la manipulaci\u00f3n de la c\u00e1mara. Un algoritmo incorporado para detectar movimiento en el video tambi\u00e9n se puede usar para se\u00f1alizaci\u00f3n de alarma.<\/p>\n<p class=\"ql-align-justify\"><strong>Audio bidireccional y alarma de audio<\/strong><\/p>\n<p class=\"ql-align-justify\">El audio bidireccional le permite al operador comunicarse con visitantes o intrusos a trav\u00e9s de una l\u00ednea de audio externa entrada y salida. La detecci\u00f3n de audio se puede usar para generar una alarma si es necesario.<\/p>\n<p class=\"ql-align-justify\"><strong>Seguridad de datos<\/strong><\/p>\n<p class=\"ql-align-justify\">Se han implementado medidas especiales para garantizar el m\u00e1s alto nivel de seguridad para el acceso al dispositivo y los datos transporte. La protecci\u00f3n de contrase\u00f1a de tres niveles con las recomendaciones de seguridad permiten a los usuarios personalizar dispositivo de acceso. El acceso al navegador web puede protegerse usando HTTPS y actualizaciones de firmware tambi\u00e9n pueden ser protegido con cargas seguras autenticadas.<\/p>\n<p class=\"ql-align-justify\">El M\u00f3dulo de plataforma confiable (TPM) integrado y Soporte de infraestructura de clave p\u00fablica (PKI), garant\u00eda Protecci\u00f3n superior contra ataques maliciosos. El 802.1x autenticaci\u00f3n de red con EAP \/ TLS, admite TLS 1.2 con conjuntos de cifrado actualizados que incluyen AES 256 cifrado.<\/p>\n<p class=\"ql-align-justify\"><strong>El manejo avanzado de certificados ofrece:<\/strong><\/p>\n<ul>\n<li class=\"ql-align-justify\">Certificados \u00fanicos autofirmados creados autom\u00e1ticamente cuando sea necesario.<\/li>\n<li class=\"ql-align-justify\">Certificados de cliente y servidor para autenticaci\u00f3n.<\/li>\n<li class=\"ql-align-justify\">Certificados de cliente como prueba de autenticidad.<\/li>\n<li class=\"ql-align-justify\">Certificados con claves privadas encriptadas.<\/li>\n<\/ul>\n<p class=\"ql-align-justify\"><strong>Integraci\u00f3n de sistemas y conformidad con ONVIF<\/strong><\/p>\n<p class=\"ql-align-justify\"><strong>La c\u00e1mara se ajusta al ONVIF Profile S, ONVIF<\/strong><\/p>\n<p class=\"ql-align-justify\">Especificaciones de perfil G y perfil T de ONVIF. Para H.265 configuraci\u00f3n, la c\u00e1mara es compatible con Media Service 2, que forma parte de ONVIF Profile T. Cumplimiento con estas normas garantizan la interoperabilidad entre productos de video en red independientemente del fabricante. Los integradores de terceros pueden acceder f\u00e1cilmente a la red interna conjunto de funciones de la c\u00e1mara para la integraci\u00f3n en grandes proyectos Visite el programa Bosch Integration Partner (IPP) sitio web (ipp.boschsecurity.com) para m\u00e1s informaci\u00f3n.<\/p>\n<p class=\"ql-align-justify\"><strong>Accesorios universales<\/strong><\/p>\n<p class=\"ql-align-justify\">Se encuentra disponible una l\u00ednea completa de accesorios universales que permitir un dise\u00f1o consistente en diferentes plataformas y una amplia gama de posibilidades de instalaci\u00f3n.<\/p>\n<p class=\"ql-align-justify\">Varios accesorios dedicados est\u00e1n disponibles que ajusta perfectamente a la c\u00e1mara y expande los diferentes opciones de instalaci\u00f3n sobre generaciones anteriores.<\/p>\n<p class=\"ql-align-justify\"><strong>Certificaciones y aprobaciones<\/strong><\/p>\n<p class=\"ql-align-justify\"><strong>Tipo est\u00e1ndar<\/strong><\/p>\n<p class=\"ql-align-justify\"><strong>Emisi\u00f3n<\/strong><\/p>\n<ul>\n<li class=\"ql-align-justify\">EN 55032<\/li>\n<li class=\"ql-align-justify\">CFR 47 FCC parte 15, clase B<\/li>\n<li class=\"ql-align-justify\">AS \/ NZS CISPR 32<\/li>\n<\/ul>\n<p class=\"ql-align-justify\"><strong>Inmunidad<\/strong><\/p>\n<ul>\n<li class=\"ql-align-justify\">EN 50130-4<\/li>\n<li class=\"ql-align-justify\">EN 50121-4<\/li>\n<\/ul>\n<p class=\"ql-align-justify\"><strong>Ambiental<\/strong><\/p>\n<ul>\n<li class=\"ql-align-justify\">EN 50130\u20115 (Clase IV); EN 60068\u20112\u20111,<\/li>\n<li class=\"ql-align-justify\">EN 60068\u20112\u20112, EN 60068\u20112\u20116,<\/li>\n<li class=\"ql-align-justify\">EN 60068\u20112\u201118, EN 60068\u20112\u201127,<\/li>\n<li class=\"ql-align-justify\">EN 60068\u20112\u201130, EN 60068\u20112\u201152,<\/li>\n<li class=\"ql-align-justify\">EN 60068\u20112\u201175, EN 60068\u20112\u201178,<\/li>\n<li class=\"ql-align-justify\">EN 60068\u20112\u20115<\/li>\n<\/ul>\n<p class=\"ql-align-justify\"><strong>Seguridad<\/strong><\/p>\n<ul>\n<li class=\"ql-align-justify\">EN 60950-1<\/li>\n<li class=\"ql-align-justify\">EN 60950-22<\/li>\n<li class=\"ql-align-justify\">UL 60950-1<\/li>\n<li class=\"ql-align-justify\">UL 60950-22<\/li>\n<li class=\"ql-align-justify\">IEC 62471<\/li>\n<li class=\"ql-align-justify\">CAN \/ CSA-C22.2 No. 60950-1<\/li>\n<li class=\"ql-align-justify\">CAN \/ CSA-C22.2 No. 60950-22-07<\/li>\n<\/ul>\n<p class=\"ql-align-justify\"><strong>Rendimiento de imagen<\/strong><\/p>\n<ul>\n<li class=\"ql-align-justify\">IEC 62676-5<\/li>\n<\/ul>\n<p class=\"ql-align-justify\"><strong>HD<\/strong><\/p>\n<ul>\n<li class=\"ql-align-justify\">SMPTE 296M-2001 (Resoluci\u00f3n: 1280&#215;720)<\/li>\n<li class=\"ql-align-justify\">SMPTE 274M-2008 (Resoluci\u00f3n: 1920&#215;1080)<\/li>\n<\/ul>\n<p class=\"ql-align-justify\"><strong>Representaci\u00f3n de color<\/strong><\/p>\n<ul>\n<li class=\"ql-align-justify\">ITU-R BT.709-6<\/li>\n<\/ul>\n<p class=\"ql-align-justify\"><strong>Conformidad ONVIF<\/strong><\/p>\n<ul>\n<li class=\"ql-align-justify\">EN 50132-5-2<\/li>\n<li class=\"ql-align-justify\">EN 62676-2<\/li>\n<\/ul>\n<p><strong>Nota:\u00a0<\/strong><strong>NDE-3502-AL Domo fijo 2MP HDR 3.2-10mm IP66 IK10 IR<\/strong><\/p>\n<p><strong>C\u00e1mara domo fija con resoluci\u00f3n de 2MP; Video esencial Anal\u00edtico; Lente de 3.2-10 mm, resistente al vandalismo en exteriores y iluminador IR integrado.<\/strong><\/p>\n<p class=\"ql-align-justify\"><strong>N\u00famero de pedido: NDE-3502-AL<\/strong><\/p>\n<p class=\"ql-align-justify\"><strong>Principales caracter\u00edsticas<\/strong><\/p>\n<ul>\n<li class=\"ql-align-justify\">Resoluciones de 1080p y 5MP<\/li>\n<li class=\"ql-align-justify\">An\u00e1lisis de video esencial incorporado para activar relevante alertas y recuperar datos r\u00e1pidamente<\/li>\n<li class=\"ql-align-justify\">Transmisi\u00f3n m\u00faltiple H.265 totalmente configurable<\/li>\n<li class=\"ql-align-justify\">F\u00e1cil de instalar con lente de zoom \/ enfoque<\/li>\n<li class=\"ql-align-justify\">Iluminador IR incorporado con visualizaci\u00f3n de 30 m (98 pies) distancia<\/li>\n<\/ul>\n<p class=\"ql-align-justify\"><strong>Especificaciones<\/strong><\/p>\n<p class=\"ql-align-justify\"><strong>Poder<\/strong><\/p>\n<ul>\n<li class=\"ql-align-justify\">Voltaje de entrada: POE IEEE 802.3af \/ 802.3 en Tipo 1, Clase 0 12 VDC \u00b1 30%<\/li>\n<li class=\"ql-align-justify\">El consumo de energ\u00eda (t\u00edpico \/ m\u00e1ximo)<\/li>\n<li class=\"ql-align-justify\">PoE: 3.5 W \/ 10.5 W.<\/li>\n<li class=\"ql-align-justify\">12 VDC: 3.1 W \/ 9.5 W.<\/li>\n<\/ul>\n<p class=\"ql-align-justify\"><strong>Sensor<\/strong><\/p>\n<p class=\"ql-align-justify\"><strong>2 MP<\/strong><\/p>\n<ul>\n<li class=\"ql-align-justify\">Tipo de sensor:1\/2.8 pulgadas CMOS.<\/li>\n<li class=\"ql-align-justify\">P\u00edxeles efectivos: 1920 (H) x 1080 (V).<\/li>\n<\/ul>\n<p class=\"ql-align-justify\"><strong>5.3 MP<\/strong><\/p>\n<ul>\n<li class=\"ql-align-justify\">Tipo de sensor: 1\/2.9 pulgadas CMOS.<\/li>\n<li class=\"ql-align-justify\">P\u00edxeles efectivos: 3072 (H) x 1728 (V).<\/li>\n<\/ul>\n<p class=\"ql-align-justify\"><strong>Rendimiento de video: sensibilidad<\/strong><\/p>\n<p class=\"ql-align-justify\"><strong>2 MP<\/strong><\/p>\n<p class=\"ql-align-justify\"><strong>Medido seg\u00fan IEC 62676 Parte 5 (1\/30, F1.6)<\/strong><\/p>\n<ul>\n<li class=\"ql-align-justify\">Color 0.06 lx.<\/li>\n<li class=\"ql-align-justify\">Mono 0.02 lx.<\/li>\n<li class=\"ql-align-justify\">Con IR 0.0 lx.<\/li>\n<\/ul>\n<p class=\"ql-align-justify\"><strong>5.3 MP<\/strong><\/p>\n<p class=\"ql-align-justify\"><strong>Medido seg\u00fan IEC 62676 Parte 5 (1\/30, F1.6)<\/strong><\/p>\n<ul>\n<li class=\"ql-align-justify\">Color 0.379 lx.<\/li>\n<li class=\"ql-align-justify\">Mono 0.042 lx.<\/li>\n<li class=\"ql-align-justify\">Con IR 0.0 lx.<\/li>\n<\/ul>\n<p class=\"ql-align-justify\"><strong>Rendimiento de video: rango din\u00e1mico<\/strong><\/p>\n<ul>\n<li class=\"ql-align-justify\">Alto rango din\u00e1mico: 120 dB WDR.<\/li>\n<\/ul>\n<p class=\"ql-align-justify\"><strong>Medido seg\u00fan IEC 62676 Parte 5<\/strong><\/p>\n<ul>\n<li class=\"ql-align-justify\">2 MP: 103 dB.<\/li>\n<li class=\"ql-align-justify\">5.3 MP: 101 dB.<\/li>\n<\/ul>\n<p class=\"ql-align-justify\"><strong>\u00d3ptico<\/strong><\/p>\n<ul>\n<li class=\"ql-align-justify\">Tipo de lente: 3.2 a 10 mm, F1.6.<\/li>\n<li class=\"ql-align-justify\">Ajuste: Zoom\/enfoque motorizado.<\/li>\n<li class=\"ql-align-justify\">Control de iris: Control de iris DC.<\/li>\n<li class=\"ql-align-justify\">D\u00eda\/noche: Filtro de corte IR conmutable.<\/li>\n<\/ul>\n<p class=\"ql-align-justify\"><strong>Campo de visi\u00f3n<\/strong><\/p>\n<ul>\n<li class=\"ql-align-justify\">2 MP de ancho: 104 \u00b0 x 54 \u00b0 (H x V).<\/li>\n<li class=\"ql-align-justify\">Teleobjetivo: 33 \u00b0 x 19 \u00b0 (H x V).<\/li>\n<li class=\"ql-align-justify\">5.3 MP de ancho: 89 \u00b0 x 47 \u00b0 (H x V).<\/li>\n<li class=\"ql-align-justify\">Teleobjetivo: 30 \u00b0 x 17 \u00b0 (H x V).<\/li>\n<\/ul>\n<p class=\"ql-align-justify\"><strong>Visi\u00f3n nocturna<\/strong><\/p>\n<ul>\n<li class=\"ql-align-justify\">Distancia: De 30 m (98 pies).<\/li>\n<li class=\"ql-align-justify\">LED: 3 LED, 850 nm.<\/li>\n<li class=\"ql-align-justify\">Intensidad IR: ajustable.<\/li>\n<\/ul>\n<p class=\"ql-align-justify\"><strong>V\u00eddeo transmitido en vivo<\/strong><\/p>\n<p class=\"ql-align-justify\"><strong>Compresi\u00f3n de video: H.265; H.264; M- JPEG<\/strong><\/p>\n<p class=\"ql-align-justify\"><strong>Modos de sensor<\/strong><\/p>\n<p class=\"ql-align-justify\"><strong>2 MP:\u00a0<\/strong><\/p>\n<ul>\n<li class=\"ql-align-justify\">30 fps, HDR, 1920 x 1080.<\/li>\n<li class=\"ql-align-justify\">25 fps, HDR, 1920 x 1080.<\/li>\n<li class=\"ql-align-justify\">5.3 MP:<\/li>\n<li class=\"ql-align-justify\">20 fps, HDR, 3072 x 1728 (5.3 MP).<\/li>\n<li class=\"ql-align-justify\">25 fps, HDR, 2720 x 1530 (4,1 MP).<\/li>\n<li class=\"ql-align-justify\">Streaming: M\u00faltiples flujos configurables en H.264 o H.<\/li>\n<li class=\"ql-align-justify\">265 y M-JPEG, velocidad de cuadro configurable y<\/li>\n<li class=\"ql-align-justify\">banda ancha. Regiones de inter\u00e9s (ROI)<\/li>\n<li class=\"ql-align-justify\">Estructura de GOP: IP<\/li>\n<\/ul>\n<p class=\"ql-align-justify\"><strong>V\u00eddeo transmitido en vivo<\/strong><\/p>\n<ul>\n<li class=\"ql-align-justify\">2 MP de 1 a 30 fps<\/li>\n<li class=\"ql-align-justify\">5.3 MP<\/li>\n<li class=\"ql-align-justify\">1 a 20 fps (5.3 MP)<\/li>\n<li class=\"ql-align-justify\">1 a 25 fps (4.1 MP)<\/li>\n<li class=\"ql-align-justify\">Relaci\u00f3n se\u00f1al\/ruido: (SNR)&gt; 55 dB.<\/li>\n<\/ul>\n<p class=\"ql-align-justify\"><strong>Video resolution<\/strong><\/p>\n<p class=\"ql-align-justify\"><strong>2 MP<\/strong><\/p>\n<ul>\n<li class=\"ql-align-justify\">1080p HD 1920 x 1080<\/li>\n<li class=\"ql-align-justify\">720p HD 1280 x 720<\/li>\n<li class=\"ql-align-justify\">SD 768 x 432<\/li>\n<li class=\"ql-align-justify\">D1 720 x 480<\/li>\n<li class=\"ql-align-justify\">VGA 640 x 480<\/li>\n<li class=\"ql-align-justify\">5.3 MP<\/li>\n<li class=\"ql-align-justify\">5.3 MP 3072 x 1728<\/li>\n<li class=\"ql-align-justify\">4.1 MP 2720 x 1530<\/li>\n<li class=\"ql-align-justify\">3 MP 2304 x 1296<\/li>\n<li class=\"ql-align-justify\">1080p 1920 x 1080<\/li>\n<li class=\"ql-align-justify\">720p 1280 x 720<\/li>\n<li class=\"ql-align-justify\">SD 768 x 432<\/li>\n<li class=\"ql-align-justify\">D1 720 x 480<\/li>\n<li class=\"ql-align-justify\">VGA 640 x 480<\/li>\n<\/ul>\n<p class=\"ql-align-justify\"><strong>An\u00e1lisis de contenido de video<\/strong><\/p>\n<ul>\n<li class=\"ql-align-justify\">Tipo de an\u00e1lisis: Essential Video Analytics.<\/li>\n<li class=\"ql-align-justify\">Caracter\u00edsticas Alarmas y seguimiento basados \u200b\u200ben reglas, cruce de l\u00ednea, Entrar \/ salir del campo, Seguir ruta, Merodear, Objeto inactivo \/ eliminado, recuento de personas, multitud estimaci\u00f3n de densidad, seguimiento 3D.<\/li>\n<\/ul>\n<p class=\"ql-align-justify\"><strong>Entrada y Salida<\/strong><\/p>\n<ul>\n<li class=\"ql-align-justify\">L\u00ednea de audio en 10 kOhm t\u00edpica; entrada m\u00e1xima 1 Vrms.<\/li>\n<li class=\"ql-align-justify\">Salida de l\u00ednea de audio de 16 ohmios t\u00edpica; salida 0.875 Vrms.<\/li>\n<li class=\"ql-align-justify\">Entrada de alarma Corto o DC 5 V activaci\u00f3n.<\/li>\n<li class=\"ql-align-justify\">Salida de alarma Carga m\u00e1xima: 12 V CC \/ 50 mA.<\/li>\n<li class=\"ql-align-justify\">Conector Ethernet RJ45.<\/li>\n<\/ul>\n<p class=\"ql-align-justify\"><strong>Red<\/strong><\/p>\n<p class=\"ql-align-justify\">Protocolos IPv4, IPv6, UDP, TCP, HTTP, HTTPS, RTP \/ RTCP, IGMP V2 \/ V3, ICMP, ICMPv6, RTSP, FTP, ARP, DHCP, APIPA (Auto-IP, enlace local direcci\u00f3n), NTP (SNTP), SNMP (V1, V3, MIB-II), 802.1x, DNS, DNSv6, DDNS (DynDNS.org, selfHOST.de, no-ip.com), SMTP, iSCSI,<\/p>\n<p class=\"ql-align-justify\">UPnP (SSDP), DiffServ (QoS), LLDP, SOAP, Dropbox \u2122, CHAP, autenticaci\u00f3n de resumen<\/p>\n<p class=\"ql-align-justify\">Cifrado TLS1.0 \/ 1.2, AES128, AES256 Ethernet 10\/100 Base-T, detecci\u00f3n autom\u00e1tica, semid\u00faplex medio \/ completo Conectividad Auto-MDIX Interoperabilidad ONVIF Perfil S; ONVIF Perfil G; ONVIF Perfil T: GB \/ T 28181<\/p>\n<p class=\"ql-align-justify\"><strong>Mec\u00e1nico<\/strong><\/p>\n<ul>\n<li class=\"ql-align-justify\">Dimensiones (\u00d8 x H) 137 x 122.5 mm (5.4 x 4.8 in.)<\/li>\n<li class=\"ql-align-justify\">Peso (aprox.) 760 g (1.68 lbs).<\/li>\n<li class=\"ql-align-justify\">Montaje en superficie: Color blanco (RAL9003).<\/li>\n<\/ul>\n<p class=\"ql-align-justify\"><strong>Ajuste de 3 ejes (panor\u00e1mica \/ inclinaci\u00f3n \/ rotaci\u00f3n):<\/strong><\/p>\n<ul>\n<li class=\"ql-align-justify\">Pan: 0 \u00b0 a 355 \u00b0<\/li>\n<li class=\"ql-align-justify\">Inclinaci\u00f3n: 0 \u00b0 a 85 \u00b0<\/li>\n<li class=\"ql-align-justify\">Rollo: 0 \u00b0 a 355 \u00b0<\/li>\n<li class=\"ql-align-justify\">Burbuja de domo Policarbonato, transparente con revestimiento antiara\u00f1azos<\/li>\n<\/ul>\n<p class=\"ql-align-justify\"><strong>Ambiental<\/strong><\/p>\n<ul>\n<li class=\"ql-align-justify\">Operando temperatura (continuo): De -30 \u00b0 C a +50 \u00b0 C (-22 \u00b0 F a +122 \u00b0 F).<\/li>\n<li class=\"ql-align-justify\">Temperatura de almacenamiento: De -30 \u00b0 C a +70 \u00b0 C (-22 \u00b0 F a +158 \u00b0 F).<\/li>\n<\/ul>\n<p class=\"ql-align-justify\"><strong>Humedad:<\/strong><\/p>\n<ul>\n<li class=\"ql-align-justify\">De 5% a 100% de humedad relativa (condensaci\u00f3n)<\/li>\n<li class=\"ql-align-justify\">De 5% a 93% de humedad relativa (sin condensaci\u00f3n).<\/li>\n<li class=\"ql-align-justify\">Humedad de almacenamiento: Hasta 98% de humedad relativa.<\/li>\n<li class=\"ql-align-justify\">Resistencia al impacto IK10.<\/li>\n<li class=\"ql-align-justify\">Proteccion Agua\/polvo: IP66.<\/li>\n<\/ul>\n<p><img decoding=\"async\" class=\"overview-center-img-web\" src=\"https:\/\/tvc.mx\/media\/38985\/Logoopaginas-oficial-1920x400.png\" alt=\"\" \/><\/p>\n","protected":false},"excerpt":{"rendered":"<p>NDE-3502-AL Domo fijo 2MP HDR 3.2-10mm IP66 IK10 IR El FLEXIDOME IP 3000i IR est\u00e1 construido para alta calidad, Rendimiento 24\/7, con una gama de vigilancia confiable caracter\u00edsticas, incluido Essential Video Analytics, y es dise\u00f1ado para una f\u00e1cil instalaci\u00f3n.\u00a0El dise\u00f1o compacto y minimalista proporciona alta&hellip;<\/p>\n","protected":false},"featured_media":7277,"comment_status":"open","ping_status":"closed","template":"","meta":{"om_disable_all_campaigns":false,"_monsterinsights_skip_tracking":false,"_monsterinsights_sitenote_active":false,"_monsterinsights_sitenote_note":"","_monsterinsights_sitenote_category":0},"product_brand":[],"product_cat":[657],"product_tag":[613,611,612,616,615,610,614,617],"class_list":{"0":"post-7278","1":"product","2":"type-product","3":"status-publish","4":"has-post-thumbnail","6":"product_cat-domo-camaras-ip-bosch-video-vigilancia","7":"product_tag-bosch","8":"product_tag-manhattan","9":"product_tag-saxxon","10":"product_tag-surveon","11":"product_tag-utepo","12":"product_tag-videovigilancia","13":"product_tag-vivotek","14":"product_tag-zteco","16":"first","17":"instock","18":"sale","19":"taxable","20":"shipping-taxable","21":"purchasable","22":"product-type-simple"},"aioseo_notices":[],"_links":{"self":[{"href":"https:\/\/tecsecmty.com\/index.php\/wp-json\/wp\/v2\/product\/7278","targetHints":{"allow":["GET"]}}],"collection":[{"href":"https:\/\/tecsecmty.com\/index.php\/wp-json\/wp\/v2\/product"}],"about":[{"href":"https:\/\/tecsecmty.com\/index.php\/wp-json\/wp\/v2\/types\/product"}],"replies":[{"embeddable":true,"href":"https:\/\/tecsecmty.com\/index.php\/wp-json\/wp\/v2\/comments?post=7278"}],"version-history":[{"count":0,"href":"https:\/\/tecsecmty.com\/index.php\/wp-json\/wp\/v2\/product\/7278\/revisions"}],"wp:featuredmedia":[{"embeddable":true,"href":"https:\/\/tecsecmty.com\/index.php\/wp-json\/wp\/v2\/media\/7277"}],"wp:attachment":[{"href":"https:\/\/tecsecmty.com\/index.php\/wp-json\/wp\/v2\/media?parent=7278"}],"wp:term":[{"taxonomy":"product_brand","embeddable":true,"href":"https:\/\/tecsecmty.com\/index.php\/wp-json\/wp\/v2\/product_brand?post=7278"},{"taxonomy":"product_cat","embeddable":true,"href":"https:\/\/tecsecmty.com\/index.php\/wp-json\/wp\/v2\/product_cat?post=7278"},{"taxonomy":"product_tag","embeddable":true,"href":"https:\/\/tecsecmty.com\/index.php\/wp-json\/wp\/v2\/product_tag?post=7278"}],"curies":[{"name":"wp","href":"https:\/\/api.w.org\/{rel}","templated":true}]}}