{"id":728,"date":"2023-02-15T21:33:20","date_gmt":"2023-02-15T21:33:20","guid":{"rendered":"https:\/\/tecsecmty.com\/index.php\/producto\/bala-turbohd-3k-5mp-lente-3-6-mm-micrufono-integrado-imagen-a-color-24-7-luz-blanca-40-mts-exterior-ip67-dwdr-4-tecnologias\/"},"modified":"2023-03-22T23:20:38","modified_gmt":"2023-03-23T05:20:38","slug":"bala-turbohd-3k-5mp-lente-3-6-mm-microfono-integrado-imagen-a-color-24-7-luz-blanca-40-mts-exterior-ip67-dwdr-4-tecnologias","status":"publish","type":"product","link":"https:\/\/tecsecmty.com\/index.php\/producto\/bala-turbohd-3k-5mp-lente-3-6-mm-microfono-integrado-imagen-a-color-24-7-luz-blanca-40-mts-exterior-ip67-dwdr-4-tecnologias\/","title":{"rendered":"Bala TURBOHD 3K (5MP) \/ Lente 3.6 mm \/ Microfono Integrado \/ Imagen a color 24\/7 \/ Luz Blanca 40 mts \/ Exterior IP67 \/ dWDR \/ 4 Tecnologias"},"content":{"rendered":"<div class=\"container\">\n<div class=\"row\">\n<div class=\"col-md-12\">\n<div class=\"row\">\n<div class=\"row\">\n<div class=\"col-md-12\">\n<h4 class=\"text-primary center info-text\" style=\"text-align: center;\">Informaci\u00f3n de Producto<\/h4>\n<\/div>\n<\/div>\n<div class=\"row\" style=\"text-align: center;\">\n<div class=\"col-md-12\">\n<h3>Bala TURBOHD 3K (5MP) \/ Lente 3.6 mm \/ Micr\u00f3fono Integrado \/ Imagen a color 24\/7 \/ Luz Blanca 40 mts \/ Exterior IP67 \/ dWDR \/ 4 Tecnolog\u00edas<\/h3>\n<\/div>\n<\/div>\n<div id=\"producto_container\" class=\"row\" style=\"text-align: center;\">\n<div class=\"col-md-4\"><img decoding=\"async\" class=\"img-responsive center-block\" src=\"https:\/\/ftp3.syscom.mx\/usuarios\/fotos\/BancoFotografiasSyscom\/HIKVISION\/DS2CE12KF0TFS\/DS2CE12KF0TFS-p.PNG\" alt=\"DS-2CE12KF0T-FS\" \/><\/p>\n<div class=\"row\">\n<div id=\"galerias\" class=\"col-sm-12\"><\/div>\n<\/div>\n<\/div>\n<div class=\"col-md-4\">\n<div><img decoding=\"async\" class=\"img-responsive img-thumbnail\" src=\"https:\/\/ftp3.syscom.mx\/usuarios\/fotos\/logotipos\/hikvision.png\" \/><\/div>\n<div><img decoding=\"async\" class=\"icono_info_product\" src=\"https:\/\/ftp3.syscom.mx\/usuarios\/fotos\/colorvu1.png?v=1619143772?v=1619450981?v=1620775934?v=1620838950\" \/><img decoding=\"async\" class=\"icono_info_product\" src=\"https:\/\/ftp3.syscom.mx\/usuarios\/ftp\/syscom_mx\/2-16-55-5-microfotint.png?v=1620775997?v=1620838950\" \/><img decoding=\"async\" class=\"icono_info_product\" src=\"https:\/\/ftp3.syscom.mx\/usuarios\/fotos\/t_4.png?v=1543017237?v=1543542402?v=1620776036?v=1620838950\" \/><\/div>\n<div>\n<p>Modelo:\u00a0<span class=\"modelo-marca\">DS-2CE12KF0T-FS<\/span><\/p>\n<p>Marca:\u00a0<span class=\"modelo-marca\">HIKVISION<\/span><\/p>\n<\/div>\n<\/div>\n<\/div>\n<\/div>\n<div class=\"row \" style=\"text-align: center;\">\n<div class=\"col-md-12\">\n<div class=\"row\">\n<h3><\/h3>\n<h3 class=\"text-primary\">Especificaciones:<\/h3>\n<\/div>\n<div class=\"row well\">\n<p><img decoding=\"async\" class=\"fr-fic fr-dii\" src=\"https:\/\/ftp3.syscom.mx\/usuarios\/xguereque\/Imagenes\/hikvision\/colorvu-2.jpg\" \/><\/p>\n<p><strong>Audio, Video y Datos por el Mismo Cable<br \/>\n<\/strong><img decoding=\"async\" src=\"https:\/\/ftp3.syscom.mx\/usuarios\/jsosa\/HIKVISION\/imagenes\/coaxitron\/coaxitron.jpg\" width=\"100%\" \/><\/p>\n<p>&nbsp;<\/p>\n<div class=\"row default_margin_bottom\">\n<h1 class=\"text-primary\">Las c\u00e1maras<strong>\u00a03K<\/strong>\u00a0Permiten tener una mejor imagen con un aspecto (16:9)<br \/>\n<strong>VS<br \/>\n<\/strong>Una c\u00e1mara tradicional de\u00a0<strong>5 MP\u00a0<\/strong>(4:3)<\/h1>\n<div class=\"col-sm-6\"><img decoding=\"async\" class=\"img-responsive\" src=\"http:\/\/ftp3.syscom.mx\/usuarios\/nicolas.jimenez\/3K.png\" width=\"100%\" height=\"100%\" \/><\/div>\n<div class=\"col-sm-6\"><img decoding=\"async\" class=\"img-responsive\" src=\"http:\/\/ftp3.syscom.mx\/usuarios\/nicolas.jimenez\/5MP.png\" width=\"100%\" height=\"100%\" \/><\/div>\n<\/div>\n<h1 class=\"text-primary\">V\u00eddeo Comparaci\u00f3n\u00a0<strong>3K\u00a0<\/strong>(16:9)<br \/>\n<strong>VS<br \/>\n<\/strong><strong>5 MP\u00a0<\/strong>(4:3)<\/h1>\n<div class=\"row default_margin_bottom\">\n<div class=\"col-sm-6\"><\/div>\n<div class=\"col-sm-6\"><\/div>\n<\/div>\n<p>&nbsp;<\/p>\n<div class=\"row\">\n<div class=\"row\">\n<div class=\"col-sm-6 col-md-4\">\n<div class=\"embed-responsive embed-responsive-16by9\">\n<p><a href=\"https:\/\/ftp3.syscom.mx\/usuarios\/jsosa\/HIKVISION\/imagenes\/colorvu\/1.png\"><img decoding=\"async\" class=\"fr-fic fr-dii\" src=\"https:\/\/ftp3.syscom.mx\/usuarios\/jsosa\/HIKVISION\/imagenes\/colorvu\/1.png\" height=\"236\" \/><\/a><\/p>\n<\/div>\n<\/div>\n<div class=\"col-sm-6 col-md-4\">\n<div class=\"embed-responsive embed-responsive-16by9\">\n<p><a href=\"https:\/\/ftp3.syscom.mx\/usuarios\/jsosa\/HIKVISION\/imagenes\/colorvu\/4.png\"><img decoding=\"async\" class=\"fr-fic fr-dii\" src=\"https:\/\/ftp3.syscom.mx\/usuarios\/jsosa\/HIKVISION\/imagenes\/colorvu\/4.png\" height=\"236\" \/><\/a><\/p>\n<\/div>\n<\/div>\n<div class=\"col-sm-6 col-md-4\">\n<div class=\"embed-responsive embed-responsive-16by9\">\n<p><a href=\"https:\/\/ftp3.syscom.mx\/usuarios\/jsosa\/HIKVISION\/imagenes\/colorvu\/3.png\"><img decoding=\"async\" class=\"fr-fic fr-dii\" src=\"https:\/\/ftp3.syscom.mx\/usuarios\/jsosa\/HIKVISION\/imagenes\/colorvu\/3.png\" height=\"236\" \/><\/a><\/p>\n<\/div>\n<\/div>\n<\/div>\n<div class=\"row\">\n<div class=\"col-sm-6 col-md-4\">\n<div class=\"embed-responsive embed-responsive-16by9\">\n<p><a href=\"https:\/\/ftp3.syscom.mx\/usuarios\/jsosa\/HIKVISION\/imagenes\/colorvu\/2.png\"><img decoding=\"async\" class=\"fr-fic fr-dii\" src=\"https:\/\/ftp3.syscom.mx\/usuarios\/jsosa\/HIKVISION\/imagenes\/colorvu\/2.png\" height=\"236\" \/><\/a><\/p>\n<\/div>\n<\/div>\n<div class=\"col-sm-6 col-md-4\">\n<div class=\"embed-responsive embed-responsive-16by9\">\n<p><a href=\"https:\/\/ftp3.syscom.mx\/usuarios\/jsosa\/HIKVISION\/imagenes\/colorvu\/5.png\"><img decoding=\"async\" class=\"fr-fic fr-dii\" src=\"https:\/\/ftp3.syscom.mx\/usuarios\/jsosa\/HIKVISION\/imagenes\/colorvu\/5.png\" height=\"236\" \/><\/a><\/p>\n<\/div>\n<\/div>\n<div class=\"col-sm-6 col-md-4\">\n<div class=\"embed-responsive embed-responsive-16by9\">\n<p><a href=\"https:\/\/ftp3.syscom.mx\/usuarios\/jsosa\/HIKVISION\/imagenes\/colorvu\/6.png\"><img decoding=\"async\" class=\"fr-fic fr-dii\" src=\"https:\/\/ftp3.syscom.mx\/usuarios\/jsosa\/HIKVISION\/imagenes\/colorvu\/6.png\" height=\"236\" \/><\/a><\/p>\n<\/div>\n<\/div>\n<\/div>\n<p>&nbsp;<\/p>\n<div class=\"row\">\n<div class=\"col-sm-4\">\n<div><strong>Caracter\u00edsticas principales:<\/strong><\/p>\n<ul>\n<li><strong>Resoluci\u00f3n M\u00e1xima: 3K (5 Megapixel) (2960 x 1665)\u00a0<\/strong><\/li>\n<li>Iluminaci\u00f3n minima: 0.001 Lux @ (F1.0, AGC ON)<\/li>\n<li>Lente fijo: 3.6mm (Angulo de apertura 80\u00b0)<\/li>\n<li>40 Metros de luz blanca (Ayuda a iluminar el sitio para mantener la imagen siempre a color)<\/li>\n<li>Soporta 4 Tecnologias, selecci\u00f3nable en el mazo de cables (HD-TVI, HD-CVI, AHD,CVBS Analogico 1200TVL\u00b4s)<\/li>\n<li>dWDR<\/li>\n<li><strong>Microfono Integrado.<\/strong><\/li>\n<\/ul>\n<\/div>\n<\/div>\n<div class=\"col-sm-4\">\n<div><strong>Caracter\u00edsticas F\u00edsicas y El\u00e9ctricas:<\/strong><\/p>\n<ul>\n<li>Temperatura de Operaci\u00f3n: &#8211; 40\u00b0C a 60\u00b0C.<\/li>\n<li>Alimentaci\u00f3n: 12Vcc \/ 2.5 Watts.<\/li>\n<li>Protecci\u00f3n: Interior \/ Exterior IP67.<\/li>\n<li>Fabricado en material de metal.<\/li>\n<li>Dimensi\u00f3nes: 161.1 x 70 x 70 mm.<\/li>\n<li>Peso: 404 gramos.<\/li>\n<li>Garant\u00eda de 2 a\u00f1os.<\/li>\n<\/ul>\n<p><strong>Accesorios:<\/strong><\/p>\n<ul>\n<li>Caja de conexiones, modelo:\u00a0<a href=\"https:\/\/www.syscom.mx\/producto\/DS-1280ZJ-XS-HIKVISION-84491.html\" target=\"_blank\" rel=\"noopener\">DS-1280ZJ-XS<\/a><\/li>\n<\/ul>\n<\/div>\n<\/div>\n<div class=\"col-sm-4\">\n<div><strong>Caracter\u00edsticas Destacadas:<\/strong>Las c\u00e1maras ColorVu cuentan con F stop ajustado a 1.0, lo que le permite una mayor captaci\u00f3n y aprovechamiento de la luz, su luz blanca permite iluminar los ambientes muy oscuros para brindar una imagen a color 24\/7, es por ello que ColorVu se encuentra entre las\u00a0<strong>m\u00e1s selecci\u00f3nadas por los clientes en ambientes como bares, tiendas, hogar, oficina, hospitales, perimetrales, Evidencias con m\u00e1s informaci\u00f3n, son evidencias m\u00e1s utiles, el color es una de ellas.<\/strong><\/p>\n<\/div>\n<\/div>\n<\/div>\n<div class=\"row\">\n<div class=\"col-sm-4\">\n<div>\n<p><strong>Consideraci\u00f3nes:<\/strong><\/p>\n<ul>\n<li>El audio por coaxitron se env\u00eda \u00fanicamente por tecnolog\u00eda TVI.<\/li>\n<li>El cambio de tecnolog\u00eda (TVI-AHD-CVBS-CVI) se puede realizar \u00fanicamente cuando la c\u00e1mara est\u00e1 en su resoluci\u00f3n m\u00e1xima, no se puede cambiar la tecnolog\u00eda si la c\u00e1mara no esta en su resoluci\u00f3n m\u00e1xima.<\/li>\n<\/ul>\n<p><strong>Grabadores compatibles:<\/strong><\/p>\n<p><strong>Los grabadores compatibles a 3k lite\u00a0<\/strong><strong>con version de firmware 4.71.001\u00a0<\/strong><strong>son:<\/strong><\/p>\n<ul>\n<li><strong>IDS7204HQHIM1\/S(C)<\/strong><\/li>\n<li><strong>IDS7208HQHIM1\/S(C)<\/strong><\/li>\n<li><strong>IDS7216HQHIM1\/S(C)<\/strong><\/li>\n<\/ul>\n<p><strong>Los grabadores compatibles a 3k reales son:<\/strong><\/p>\n<ul>\n<li><strong>iDS-7204HUHI-M1\/S\/A(C)<\/strong><\/li>\n<li><strong>iDS-7208HUHI-M2\/S\/A<\/strong><\/li>\n<li><strong>iDS-7216HUHI-M2\/S(C)<\/strong><\/li>\n<li><strong>IDS-7216HUHI-M2\/S\/A(C)<\/strong><\/li>\n<li><strong>iDS-7204HUHI-M1\/S(C)<\/strong><\/li>\n<\/ul>\n<p><strong>Modelos epcom, unicamente compatibles aquellos que se adquirieron como nuevos despues del 25\/10\/2021<\/strong><\/p>\n<ul>\n<li><strong>EV-8008TURBO-D<\/strong><\/li>\n<li><strong>EV-8016TURBO-D<br \/>\n<\/strong><\/li>\n<\/ul>\n<\/div>\n<\/div>\n<\/div>\n<p>&nbsp;<\/p>\n<h1><strong>Recursos<\/strong><\/h1>\n<p>&nbsp;<\/p>\n<div class=\"row default_margin_bottom\">\n<div class=\"col-sm-4\"><a href=\"https:\/\/www.hikvision.com\/es-la\/support\/download\/software\/ivms4200-series\/?q=serie%20ivms4200&amp;position=1\" target=\"_blank\" rel=\"noopener\"><img decoding=\"async\" class=\"img-responsive\" src=\"https:\/\/ftp3.syscom.mx\/usuarios\/gmagos\/HIK\/IP\/IPC\/Imagenes%20pagina\/Descargas%20IVMS4200.jpg\" \/><\/a><\/div>\n<div class=\"col-sm-4\"><a href=\"https:\/\/appstore.hikvision.com\/\" target=\"_blank\" rel=\"noopener\"><img decoding=\"async\" class=\"img-responsive\" src=\"https:\/\/ftp3.syscom.mx\/usuarios\/gmagos\/HIK\/IP\/IPC\/Imagenes%20pagina\/Descargas%20de%20app.jpg\" \/><\/a><\/div>\n<div class=\"col-sm-4\"><a href=\"https:\/\/ftp3.syscom.mx\/usuarios\/ftp\/2021\/05\/10\/b6a4c\/Especificaci%C3%B3nes%20T%C3%A9cnicas%20-%20DS-2CE12KF0T-FS_20210118.pdf\" target=\"_blank\" rel=\"noopener\"><img decoding=\"async\" class=\"img-responsive\" src=\"https:\/\/ftp3.syscom.mx\/usuarios\/gmagos\/HIK\/IP\/IPC\/Imagenes%20pagina\/Descarga%20de%20PDF.jpg\" \/><\/a><\/div>\n<\/div>\n<p>&nbsp;<\/p>\n<p><img decoding=\"async\" class=\"img-responsive\" src=\"https:\/\/ftp3.syscom.mx\/usuarios\/gmagos\/HIK\/TURBO\/imagenes%20\/3k.1.png\" width=\"100%\" \/><\/p>\n<\/div>\n<\/div>\n<\/div>\n<\/div>\n<\/div>\n<\/div>\n<\/div>\n<p><img decoding=\"async\" class=\"aligncenter\" src=\"https:\/\/tracker.metricool.com\/c3po.jpg?hash=95c94f37730bb8f54dd4308f1f878f9\" \/><\/p>\n","protected":false},"excerpt":{"rendered":"<p>Informaci\u00f3n de Producto Bala TURBOHD 3K (5MP) \/ Lente 3.6 mm \/ Micr\u00f3fono Integrado \/ Imagen a color 24\/7 \/ Luz Blanca 40 mts \/ Exterior IP67 \/ dWDR \/ 4 Tecnolog\u00edas Modelo:\u00a0DS-2CE12KF0T-FS Marca:\u00a0HIKVISION Especificaciones: Audio, Video y Datos por el Mismo Cable &nbsp; Las&hellip;<\/p>\n","protected":false},"featured_media":862,"comment_status":"open","ping_status":"closed","template":"","meta":{"om_disable_all_campaigns":false,"_monsterinsights_skip_tracking":false,"_monsterinsights_sitenote_active":false,"_monsterinsights_sitenote_note":"","_monsterinsights_sitenote_category":0},"product_brand":[],"product_cat":[41],"product_tag":[42,43,38,37],"class_list":{"0":"post-728","1":"product","2":"type-product","3":"status-publish","4":"has-post-thumbnail","6":"product_cat-bala","7":"product_tag-camaras","8":"product_tag-camaras-bala","9":"product_tag-camaras-de-seguridad","10":"product_tag-hikvision","12":"first","13":"instock","14":"taxable","15":"shipping-taxable","16":"product-type-simple"},"aioseo_notices":[],"_links":{"self":[{"href":"https:\/\/tecsecmty.com\/index.php\/wp-json\/wp\/v2\/product\/728","targetHints":{"allow":["GET"]}}],"collection":[{"href":"https:\/\/tecsecmty.com\/index.php\/wp-json\/wp\/v2\/product"}],"about":[{"href":"https:\/\/tecsecmty.com\/index.php\/wp-json\/wp\/v2\/types\/product"}],"replies":[{"embeddable":true,"href":"https:\/\/tecsecmty.com\/index.php\/wp-json\/wp\/v2\/comments?post=728"}],"version-history":[{"count":0,"href":"https:\/\/tecsecmty.com\/index.php\/wp-json\/wp\/v2\/product\/728\/revisions"}],"wp:featuredmedia":[{"embeddable":true,"href":"https:\/\/tecsecmty.com\/index.php\/wp-json\/wp\/v2\/media\/862"}],"wp:attachment":[{"href":"https:\/\/tecsecmty.com\/index.php\/wp-json\/wp\/v2\/media?parent=728"}],"wp:term":[{"taxonomy":"product_brand","embeddable":true,"href":"https:\/\/tecsecmty.com\/index.php\/wp-json\/wp\/v2\/product_brand?post=728"},{"taxonomy":"product_cat","embeddable":true,"href":"https:\/\/tecsecmty.com\/index.php\/wp-json\/wp\/v2\/product_cat?post=728"},{"taxonomy":"product_tag","embeddable":true,"href":"https:\/\/tecsecmty.com\/index.php\/wp-json\/wp\/v2\/product_tag?post=728"}],"curies":[{"name":"wp","href":"https:\/\/api.w.org\/{rel}","templated":true}]}}