{"id":7282,"date":"2023-02-23T16:08:27","date_gmt":"2023-02-23T22:08:27","guid":{"rendered":"https:\/\/tecsecmty.com\/index.php\/producto\/bosch-v_nde4502al-flex-idome-outdoor-4000i-1080p-h265-ip66-ir\/"},"modified":"2023-03-22T23:22:00","modified_gmt":"2023-03-23T05:22:00","slug":"bosch-v_nde4502al-flex-idome-outdoor-4000i-1080p-h265-ip66-ir","status":"publish","type":"product","link":"https:\/\/tecsecmty.com\/index.php\/producto\/bosch-v_nde4502al-flex-idome-outdoor-4000i-1080p-h265-ip66-ir\/","title":{"rendered":"BOSCH V_NDE4502AL &#8211; FLEX IDOME OUTDOOR 4000I \/ 1080p \/ H265 \/ IP66 \/ Ir"},"content":{"rendered":"<div class=\"row aling-items-center padding-bottom-2x\">\n<div class=\"col-lg-12\">\n<h5 class=\"card-title text-center\">FLEXIDOME IP outdoor 4000i<\/h5>\n<p>Las c\u00e1maras domo para exteriores de 1080p de Bosch son c\u00e1maras de vigilancia profesional que ofrecen im\u00e1genes HD de alta calidad para satisfacer las necesidades de las redes de vigilancia y seguridad m\u00e1s exigentes.<\/p>\n<p>Estos domos resistentes son c\u00e1maras d\u00eda\/ noche aut\u00e9nticas que ofrecen un rendimiento excelente tanto de d\u00eda como de noche. Existe una versi\u00f3n con un iluminador de infrarrojos activo integrado que ofrece un alto rendimiento en entornos con muy poca luz.<\/p>\n<p><img decoding=\"async\" class=\"overview-center-img-\" src=\"https:\/\/tvc.mx\/media\/4463\/Logoopaginas-oficial.png\" alt=\"\" \/><\/div>\n<\/div>\n<div class=\"row aling-items-center padding-bottom-2x\">\n<div class=\"col-lg-12\">\n<p class=\"ql-align-justify\"><strong>Descripci\u00f3n del sistema<\/strong><\/p>\n<p class=\"ql-align-justify\"><strong>Domo para exteriores antivand\u00e1lico con lente varifocal<\/strong><\/p>\n<p class=\"ql-align-justify\">Es ideal para exteriores y su dise\u00f1o IK10 resulta adecuado para instalaciones en las que la resistencia antivand\u00e1lica es un factor fundamental. La c\u00e1mara est\u00e1 protegida contra el agua y el polvo conforme al est\u00e1ndar IP66.<\/p>\n<p class=\"ql-align-justify\">La lente varifocal le permite elegir el \u00e1rea de cobertura m\u00e1s adecuada para su aplicaci\u00f3n. Adem\u00e1s, ofrece varias posibilidades de montaje, entre las que cabe citar el montaje en una superficie, en la pared y suspendido en el techo.<\/p>\n<p class=\"ql-align-justify\">El asistente para lentes con zoom\/enfoque autom\u00e1ticos permite al instalador ajustar el zoom y enfocar la c\u00e1mara de forma precisa y sencilla para el funcionamiento de d\u00eda y de noche.<\/p>\n<p class=\"ql-align-justify\">El asistente se activa desde el PC o desde el pulsador integrado en la c\u00e1mara, lo que facilita la elecci\u00f3n del procedimiento de trabajo m\u00e1s adecuado. L<strong>a funci\u00f3n AVF (varifocal autom\u00e1tica)<\/strong>\u00a0permite cambiar el zoom sin necesidad de abrir la c\u00e1mara. El ajuste autom\u00e1tico del enfoque\/zoom motorizados con asignaci\u00f3n de p\u00edxeles de 1:1 garantiza que la c\u00e1mara siempre se enfoque de forma precisa.<\/p>\n<\/div>\n<\/div>\n<div class=\"row aling-items-center padding-bottom-2x\">\n<div class=\"col-lg-12\">\n<p class=\"ql-align-justify\"><strong>Funciones<\/strong><\/p>\n<p class=\"ql-align-justify\"><strong>Essential Video Analytics<\/strong><\/p>\n<p class=\"ql-align-justify\">El an\u00e1lisis de v\u00eddeo integrado refuerza el concepto de \u00abinteligencia en origen\u00bb y proporciona ahora funciones a\u00fan m\u00e1s potentes.<\/p>\n<p class=\"ql-align-justify\"><strong>Essential Video Analytics<\/strong>\u00a0resulta ideal para su uso en entornos controlados con intervalos de detecci\u00f3n limitada. El sistema detecta objetos, realiza su seguimiento y los analiza de forma fiable y, a continuaci\u00f3n, notifica la activaci\u00f3n de las alarmas predefinidas. Mediante un conjunto inteligente de reglas de alarma, facilita las tareas complejas y reduce al m\u00ednimo las falsas alarmas.<\/p>\n<p class=\"ql-align-justify\"><strong>Se a\u00f1aden metadatos al v\u00eddeo para dar sentido y estructura.<\/strong>\u00a0Esto permite recuperar r\u00e1pidamente las im\u00e1genes pertinentes de horas de grabaci\u00f3n de v\u00eddeo almacenadas. Los metadatos tambi\u00e9n se pueden usar para proporcionar pruebas periciales irrefutables o para optimizar los procesos empresariales en funci\u00f3n de los datos de recuento de personas o de densidad de multitudes. La calibraci\u00f3n es r\u00e1pida y sencilla: solo tiene que introducir la altura de la c\u00e1mara. El sensor de giro\/ aceler\u00f3metro interno proporciona el resto de la informaci\u00f3n para calibrar el an\u00e1lisis de v\u00eddeo de forma precisa.<\/p>\n<\/div>\n<\/div>\n<div class=\"row aling-items-center padding-bottom-2x\">\n<div class=\"col-lg-12\">\n<p class=\"ql-align-justify\"><strong>Los flujos inteligentes reducen los requisitos de ancho de banda y almacenamiento<\/strong><\/p>\n<p class=\"ql-align-justify\">El bajo nivel de ruido de la imagen y la eficaz tecnolog\u00eda de compresi\u00f3n<strong>\u00a0H.265\u00a0<\/strong>ofrecen im\u00e1genes n\u00edtidas, al mismo tiempo que reducen el ancho de banda y el almacenamiento hasta en un 80% en comparaci\u00f3n con las c\u00e1maras<strong>\u00a0H.264\u00a0<\/strong>est\u00e1ndar. Con esta nueva generaci\u00f3n de c\u00e1maras se a\u00f1ade un nivel de inteligencia adicional con flujos inteligentes.<\/p>\n<p class=\"ql-align-justify\">La c\u00e1mara ofrece la imagen m\u00e1s \u00fatil posible optimizando de forma inteligente la relaci\u00f3n detalle\/ancho de banda. El codificador inteligente analiza continuamente toda la escena, as\u00ed como regiones de la escena, y ajusta de forma din\u00e1mica la compresi\u00f3n en funci\u00f3n de la informaci\u00f3n relevante, como el movimiento. Junto con\u00a0<strong>Intelligent Dynamic Noise Reduction<\/strong>, que analiza activamente el contenido de una escena y reduce los artefactos de ruido en consecuencia, se reduce la velocidad en bits hasta un 80 %. Al reducir el ruido en el origen durante la captura de la imagen, la menor tasa de bits no afecta a la calidad del v\u00eddeo. Esto de lugar a una reducci\u00f3n notable de los costes de almacenamiento y de la carga de la red, conservando una gran calidad de imagen y un movimiento suave.<\/p>\n<\/div>\n<\/div>\n<div class=\"row aling-items-center padding-bottom-2x\">\n<div class=\"col-lg-12\">\n<p class=\"ql-align-justify\"><strong>Varios flujos<\/strong><\/p>\n<p class=\"ql-align-justify\">Esta innovadora funci\u00f3n de transmisi\u00f3n m\u00faltiple ofrece varios flujos<strong>\u00a0H.265\u00a0<\/strong>junto con un flujo\u00a0<strong>M-JPEG<\/strong>. Estos flujos facilitan una visualizaci\u00f3n y grabaci\u00f3n eficientes con poco uso del ancho de banda, as\u00ed como la integraci\u00f3n con sistemas de gesti\u00f3n de v\u00eddeo de otros fabricantes.<\/p>\n<p class=\"ql-align-justify\">La c\u00e1mara puede ejecutar varios flujos independientes, de modo que permite establecer una resoluci\u00f3n y una velocidad de im\u00e1genes distintas en el primer flujo y el segundo flujo.<\/p>\n<p class=\"ql-align-justify\">El usuario tambi\u00e9n puede optar por utilizar una copia de la primera secuencia. El tercer flujo usa los fotogramas I del primer flujo para la grabaci\u00f3n. El cuarto flujo muestra una imagen<strong>\u00a0JPEG<\/strong>\u00a0a un m\u00e1ximo de\u00a0<strong>10 MB\/s.<\/strong><\/p>\n<\/div>\n<\/div>\n<div class=\"row aling-items-center padding-bottom-2x\">\n<div class=\"col-lg-12\">\n<p class=\"ql-align-justify\"><strong>Audio bidireccional y alarma de audio<\/strong><\/p>\n<p class=\"ql-align-justify\"><strong>El audio bidireccional<\/strong>\u00a0<strong>permite\u00a0<\/strong>al operador comunicarse con los visitantes o intrusos a trav\u00e9s de una entrada y salida de l\u00ednea de audio externo. Se puede utilizar la detecci\u00f3n de audio para\u00a0<strong>generar una alarma<\/strong>, en caso de necesidad.<\/p>\n<p class=\"ql-align-justify\"><strong>Detecci\u00f3n de movimiento y sabotaje<\/strong><\/p>\n<p class=\"ql-align-justify\">La c\u00e1mara dispone de una amplia gama de opciones de configuraci\u00f3n de alarmas para alertar de los intentos de sabotaje.<\/p>\n<p class=\"ql-align-justify\">Tambi\u00e9n se puede utilizar un algoritmo integrado para detectar cualquier movimiento en el v\u00eddeo y emitir una se\u00f1al de alarma.<\/p>\n<p class=\"ql-align-justify\"><strong>Gesti\u00f3n de almacenamiento<\/strong><\/p>\n<p class=\"ql-align-justify\">La gesti\u00f3n de grabaciones se puede controlar con el<strong>\u00a0Bosch Video Recording Manager (Video Recording Manager)<\/strong>\u00a0o bien la c\u00e1mara puede utilizar destinos iSCSI directamente, sin software de grabaci\u00f3n.<\/p>\n<p class=\"ql-align-justify\"><strong>Grabaci\u00f3n de forma local<\/strong><\/p>\n<p class=\"ql-align-justify\">La ranura admite tarjetas de memoria\u00a0<strong>microSD\u00a0<\/strong>con capacidad de almacenamiento de\u00a0<strong>hasta 2 TB<\/strong>. Para las grabaciones con alarmas locales se puede usar una tarjeta\u00a0<strong>microSD<\/strong>. La grabaci\u00f3n previa a la alarma en la\u00a0<strong>RAM\u00a0<\/strong>reduce el ancho de banda de grabaci\u00f3n en la red o, si se utiliza la grabaci\u00f3n en tarjeta microSD, ampl\u00eda la vida efectiva del medio de almacenamiento.<\/p>\n<\/div>\n<\/div>\n<div class=\"row aling-items-center padding-bottom-2x\">\n<div class=\"col-lg-12\">\n<p class=\"ql-align-justify\"><strong>Servicios basados en la nube<\/strong><\/p>\n<p class=\"ql-align-justify\">La c\u00e1mara es compatible con los env\u00edos de\u00a0<strong>JPEG\u00a0<\/strong>basados en el tiempo o en las alarmas a cuatro cuentas diferentes. Estas cuentas pueden ser de servidores\u00a0<strong>FTP\u00a0<\/strong>o instalaciones de almacenamiento basadas en la nube (por ejemplo,\u00a0<strong>Dropbox<\/strong>). Las secuencias de v\u00eddeo o im\u00e1genes\u00a0<strong>JPEG\u00a0<\/strong>tambi\u00e9n se pueden exportar a estas cuentas.<\/p>\n<p class=\"ql-align-justify\">Las alarmas se pueden configurar para que se active una notificaci\u00f3n por correo electr\u00f3nico o\u00a0<strong>SMS\u00a0<\/strong>para que tenga siempre conciencia de los eventos an\u00f3malos.<\/p>\n<p class=\"ql-align-justify\"><strong>Instalaci\u00f3n sencilla<\/strong><\/p>\n<p class=\"ql-align-justify\">Se puede suministrar alimentaci\u00f3n a la c\u00e1mara mediante una conexi\u00f3n del cable de red compatible con alimentaci\u00f3n por\u00a0<strong>Ethernet<\/strong>. Con esta configuraci\u00f3n, solo se necesita una \u00fanica conexi\u00f3n de cable para ver, alimentar y controlar la c\u00e1mara.<\/p>\n<p class=\"ql-align-justify\">El uso de alimentaci\u00f3n por\u00a0<strong>Ethernet\u00a0<\/strong>facilita la instalaci\u00f3n y la hace m\u00e1s rentable, ya que las c\u00e1maras no necesitan una fuente de alimentaci\u00f3n local. La c\u00e1mara tambi\u00e9n puede alimentarse con fuentes de alimentaci\u00f3n de\u00a0<strong>+12 VCC o de 24 VCA.<\/strong>\u00a0Para incrementar la fiabilidad del sistema, la c\u00e1mara puede conectarse simult\u00e1neamente a ambas fuentes de alimentaci\u00f3n (<strong>PoE y +12 VCC\/24 VCA<\/strong>). Adem\u00e1s, pueden utilizarse sistemas de alimentaci\u00f3n ininterrumpida (<strong>SAI<\/strong>) para conseguir un funcionamiento continuo, incluso en caso de producirse un corte de alimentaci\u00f3n.<\/p>\n<p class=\"ql-align-justify\">Para evitar problemas con el cableado de red, las c\u00e1maras son compatibles con\u00a0<strong>Auto-MDIX<\/strong>, lo que permite el uso de cables directos o cruzados.<\/p>\n<p class=\"ql-align-justify\"><strong>Conmutaci\u00f3n d\u00eda\/noche aut\u00e9ntica<\/strong><\/p>\n<p class=\"ql-align-justify\">La c\u00e1mara incorpora la\u00a0<strong>tecnolog\u00eda de filtro mec\u00e1nico para obtener un color intenso durante el d\u00eda y una imagen excepcional durante la noche<\/strong>, al mismo tiempo que se mantiene un enfoque n\u00edtido con cualquier tipo de iluminaci\u00f3n.<\/p>\n<p class=\"ql-align-justify\"><strong>Software de visualizaci\u00f3n completa<\/strong><\/p>\n<p class=\"ql-align-justify\">Existen muchas maneras de acceder a las funciones de la c\u00e1mara: con un navegador web, con el\u00a0<strong>Bosch Video Management System<\/strong>, con los sistemas\u00a0<strong>Bosch Video Client o Video Security Client<\/strong>\u00a0gratuitos, con la aplicaci\u00f3n m\u00f3vil de seguridad por v\u00eddeo o a trav\u00e9s de software de otros fabricantes.<\/p>\n<\/div>\n<\/div>\n<div class=\"row aling-items-center padding-bottom-2x\">\n<div class=\"col-lg-12\">\n<p class=\"ql-align-justify\"><strong>Especificaciones<\/strong><\/p>\n<ul>\n<li class=\"ql-align-justify\">Alimentaci\u00f3n Tensi\u00f3n: de entrada +12 VCC \u00b15 %, 24 VCA \u00b110 % o Alimentaci\u00f3n por Ethernet: (nominal de 48 VCC) Consumo de energ\u00eda (CC) 5,55 W m\u00e1x.<\/li>\n<li class=\"ql-align-justify\">Consumo de energ\u00eda: (CA) 5 W m\u00e1x. Consumo de energ\u00eda (PoE) 6 W m\u00e1x.<\/li>\n<li class=\"ql-align-justify\">Norma IEEE PoE IEEE 802.3af (802.3at tipo 1) Nivel de alimentaci\u00f3n: clase 3.<\/li>\n<\/ul>\n<p class=\"ql-align-justify\"><strong>Alimentaci\u00f3n (versi\u00f3n IR)<\/strong><\/p>\n<ul>\n<li class=\"ql-align-justify\">Tensi\u00f3n de entrada: +12 VCC \u00b15 %, 24 VCA \u00b110 % o Alimentaci\u00f3n por Ethernet (nominal de 48 VCC) Consumo de energ\u00eda (CC) 9 W m\u00e1x.<\/li>\n<li class=\"ql-align-justify\">Consumo de energ\u00eda (CA): 7,4 W m\u00e1x. Consumo de energ\u00eda (PoE) 8,5 W m\u00e1x.<\/li>\n<li class=\"ql-align-justify\">Norma IEEE PoE IEEE 802.3af (802.3at tipo 1) Nivel de alimentaci\u00f3n: clase 3.<\/li>\n<\/ul>\n<p class=\"ql-align-justify\"><strong>Sensor<\/strong><\/p>\n<ul>\n<li class=\"ql-align-justify\">Tipo de sensor: CMOS de 1\/2,9 pulg.<\/li>\n<li class=\"ql-align-justify\">P\u00edxeles efectivos :1920 (H) x 1080 (V); 2 MP (aprox.).<\/li>\n<\/ul>\n<p class=\"ql-align-justify\"><strong>Flujo de v\u00eddeo<\/strong><\/p>\n<ul>\n<li class=\"ql-align-justify\">Compresi\u00f3n de v\u00eddeo: H.265; H.264; M- JPEG .<\/li>\n<li class=\"ql-align-justify\">Flujos : M\u00faltiples flujos configurables: en H.264 o H. 265 y M-JPEG con velocidad de im\u00e1genes y ancho de banda personalizables.<\/li>\n<li class=\"ql-align-justify\">Regiones de inter\u00e9s (ROI): Latencia de procesamiento de la c\u00e1mara :<\/li>\n<li class=\"ql-indent-1 ql-align-justify\">&lt; 55 ms (promedio m\u00e1x. a 1080p30).<\/li>\n<li class=\"ql-indent-1 ql-align-justify\">&lt; 65 ms (promedio m\u00e1x. a 5MP30).<\/li>\n<li class=\"ql-align-justify\">Estructura GOP IP, IBP, IBBP Intervalo de codificaci\u00f3n 1 a 25 [30] ips Regiones de codificaci\u00f3n: Hasta 8 \u00e1reas con ajustes de la calidad del codificador por cada \u00e1rea.<\/li>\n<\/ul>\n<p class=\"ql-align-justify\"><strong>Resoluci\u00f3n de v\u00eddeo (H x V)<\/strong><\/p>\n<ul>\n<li class=\"ql-align-justify\">1080p HD: 1920 x 1080 .<\/li>\n<li class=\"ql-align-justify\">Modo vertical 1080p :1080 x 1920.<\/li>\n<li class=\"ql-align-justify\">1,3 MP (5:4) (recortado) 1280 x 1024<\/li>\n<li class=\"ql-align-justify\">Modo vertical 1,3 MP (5:4) (recortado) 1024 x 1280<\/li>\n<li class=\"ql-align-justify\">720p : 1.280 x 720 .<\/li>\n<li class=\"ql-align-justify\">Modo vertical 720p: 720 x 1280.<\/li>\n<li class=\"ql-align-justify\">480p SD: 640 x 480.<\/li>\n<li class=\"ql-align-justify\">240p SD: 320 x 240.<\/li>\n<\/ul>\n<p class=\"ql-align-justify\"><strong>An\u00e1lisis de contenido de v\u00eddeo<\/strong><\/p>\n<p class=\"ql-align-justify\">Tipo de an\u00e1lisis: Essential Video Analytics<\/p>\n<p class=\"ql-align-justify\">Caracter\u00edsticas:<\/p>\n<ul>\n<li class=\"ql-align-justify\">Regla basada en alarmas y en el seguimiento.<\/li>\n<li class=\"ql-align-justify\">Cruce de l\u00ednea Entrar o salir del campo de visi\u00f3n.<\/li>\n<li class=\"ql-align-justify\">Seguir ruta Merodeo Objeto inactivo o eliminado.<\/li>\n<li class=\"ql-align-justify\">Recuento de personas Estimaci\u00f3n de densidad de multitud.<\/li>\n<li class=\"ql-align-justify\">Seguimiento en 3D.<\/li>\n<li class=\"ql-align-justify\">Detecci\u00f3n de audio.<\/li>\n<li class=\"ql-align-justify\">Detecci\u00f3n de audio para generar una alarma.<\/li>\n<\/ul>\n<p class=\"ql-align-justify\"><strong>Almacenamiento local<\/strong><\/p>\n<ul>\n<li class=\"ql-align-justify\">RAM interna: Grabaci\u00f3n previa a la alarma de 60 s.<\/li>\n<li class=\"ql-align-justify\">Ranura para tarjeta de memoria:Admite tarjetas microSDHC de hasta 32 GB\/ microSDXC de hasta 2 TB. (Se recomienda una tarjeta de memoria de clase 6 o superior para la grabaci\u00f3n HD).<\/li>\n<li class=\"ql-align-justify\">Grabaci\u00f3n: Grabaci\u00f3n continua, grabaci\u00f3n circular, grabaci\u00f3n de alarma, eventos y planificaci\u00f3n.<\/li>\n<\/ul>\n<p class=\"ql-align-justify\"><strong>Mec\u00e1nicas<\/strong><\/p>\n<ul>\n<li class=\"ql-align-justify\">Ajuste de 3 ejes (giro\/inclinaci\u00f3n\/ rotaci\u00f3n): 350\u00ba \/ 130\u00ba \/ 330\u00ba.<\/li>\n<li class=\"ql-align-justify\">Dimensiones (\u00d8 x H): 145 x 131 mm (5,71x 5,14 pulg.)<\/li>\n<li class=\"ql-align-justify\">Peso: 1102 g (2,43 libras).<\/li>\n<li class=\"ql-align-justify\">Color RAL 9003, RAL 9017.<\/li>\n<li class=\"ql-align-justify\">Material de la carcasa:Aluminio Burbuja Policarbonato transparente, con cubierta resistente a ara\u00f1azos<\/li>\n<\/ul>\n<p class=\"ql-align-justify\"><strong>Ambientales<\/strong>:<\/p>\n<ul>\n<li class=\"ql-align-justify\">Temperatura de funcionamiento: -40 \u00baC a +50 \u00baC (-40 \u00baF a +122 \u00baF) para un funcionamiento continuo; -34 \u00baC a +74 \u00baC (-30 \u00baF a +165 \u00baF) conforme a NEMA TS 2-2003 (R2008).<\/li>\n<li class=\"ql-align-justify\">Temperatura de almacenamiento: De \u201340 \u00b0C a +70 \u00b0C (de -40 \u00b0F a +158 \u00b0F).<\/li>\n<li class=\"ql-align-justify\">Humedad: Del 20 % al 90 % de humedad relativa (sin condensaci\u00f3n) \u00cdndice de protecci\u00f3n IP66 Protecci\u00f3n contra impactos IK10.<\/li>\n<\/ul>\n<\/div>\n<\/div>\n","protected":false},"excerpt":{"rendered":"<p>FLEXIDOME IP outdoor 4000i Las c\u00e1maras domo para exteriores de 1080p de Bosch son c\u00e1maras de vigilancia profesional que ofrecen im\u00e1genes HD de alta calidad para satisfacer las necesidades de las redes de vigilancia y seguridad m\u00e1s exigentes. Estos domos resistentes son c\u00e1maras d\u00eda\/ noche&hellip;<\/p>\n","protected":false},"featured_media":7281,"comment_status":"open","ping_status":"closed","template":"","meta":{"om_disable_all_campaigns":false,"_monsterinsights_skip_tracking":false,"_monsterinsights_sitenote_active":false,"_monsterinsights_sitenote_note":"","_monsterinsights_sitenote_category":0},"product_brand":[],"product_cat":[657],"product_tag":[613,611,612,616,615,610,614,617],"class_list":{"0":"post-7282","1":"product","2":"type-product","3":"status-publish","4":"has-post-thumbnail","6":"product_cat-domo-camaras-ip-bosch-video-vigilancia","7":"product_tag-bosch","8":"product_tag-manhattan","9":"product_tag-saxxon","10":"product_tag-surveon","11":"product_tag-utepo","12":"product_tag-videovigilancia","13":"product_tag-vivotek","14":"product_tag-zteco","16":"first","17":"instock","18":"sale","19":"taxable","20":"shipping-taxable","21":"purchasable","22":"product-type-simple"},"aioseo_notices":[],"_links":{"self":[{"href":"https:\/\/tecsecmty.com\/index.php\/wp-json\/wp\/v2\/product\/7282","targetHints":{"allow":["GET"]}}],"collection":[{"href":"https:\/\/tecsecmty.com\/index.php\/wp-json\/wp\/v2\/product"}],"about":[{"href":"https:\/\/tecsecmty.com\/index.php\/wp-json\/wp\/v2\/types\/product"}],"replies":[{"embeddable":true,"href":"https:\/\/tecsecmty.com\/index.php\/wp-json\/wp\/v2\/comments?post=7282"}],"version-history":[{"count":0,"href":"https:\/\/tecsecmty.com\/index.php\/wp-json\/wp\/v2\/product\/7282\/revisions"}],"wp:featuredmedia":[{"embeddable":true,"href":"https:\/\/tecsecmty.com\/index.php\/wp-json\/wp\/v2\/media\/7281"}],"wp:attachment":[{"href":"https:\/\/tecsecmty.com\/index.php\/wp-json\/wp\/v2\/media?parent=7282"}],"wp:term":[{"taxonomy":"product_brand","embeddable":true,"href":"https:\/\/tecsecmty.com\/index.php\/wp-json\/wp\/v2\/product_brand?post=7282"},{"taxonomy":"product_cat","embeddable":true,"href":"https:\/\/tecsecmty.com\/index.php\/wp-json\/wp\/v2\/product_cat?post=7282"},{"taxonomy":"product_tag","embeddable":true,"href":"https:\/\/tecsecmty.com\/index.php\/wp-json\/wp\/v2\/product_tag?post=7282"}],"curies":[{"name":"wp","href":"https:\/\/api.w.org\/{rel}","templated":true}]}}