{"id":7288,"date":"2023-02-23T16:08:34","date_gmt":"2023-02-23T22:08:34","guid":{"rendered":"https:\/\/tecsecmty.com\/index.php\/producto\/bosch-v_nde8503r-flexidome-ip-6mp-ip66-lente-3-10mm-hdr-ptrz\/"},"modified":"2023-03-22T23:22:00","modified_gmt":"2023-03-23T05:22:00","slug":"bosch-v_nde8503r-flexidome-ip-6mp-ip66-lente-3-10mm-hdr-ptrz","status":"publish","type":"product","link":"https:\/\/tecsecmty.com\/index.php\/producto\/bosch-v_nde8503r-flexidome-ip-6mp-ip66-lente-3-10mm-hdr-ptrz\/","title":{"rendered":"BOSCH V_NDE8503R- FLEXIDOME IP 6MP\/ IP66\/LENTE 3-10MM\/ HDR\/ PTRZ"},"content":{"rendered":"<h5 class=\"card-title text-center\">NDE-8503-R Domo fijo 6MP HDR 3,9-10mm PTRZ IP66<\/h5>\n<p class=\"ql-align-justify\"><strong>Las c\u00e1maras FLEXIDOME IP starlight 8000i ofrecen la tecnolog\u00eda starlight y alto rango din\u00e1mico con una resoluci\u00f3n de 6 megap\u00edxeles p para proporcionar im\u00e1genes n\u00edtidas y con gran nivel de detalle en situaciones de poca e incluso extremadamente poca luz.<\/strong>\u00a0Ofrece excelencia en seguridad de v\u00eddeo y gesti\u00f3n de datos, y cuenta con\u00a0<strong>Intelligent Video Analytics\u00a0<\/strong>avanzado integrado de serie. Su dise\u00f1o resistente y est\u00e9tico la hacen adecuada para cualquier instalaci\u00f3n en interior o exterior. La funci\u00f3n de puesta en marcha remota de la c\u00e1mara garantiza poder llevar a cabo la instalaci\u00f3n y la puesta en marcha en muy poco tiempo.<\/p>\n<p class=\"ql-align-justify\"><strong>Mediante un PC o un dispositivo m\u00f3vil con la aplicaci\u00f3n Project Assistant de Bosch<\/strong>, puede girar, inclinar, inclinaci\u00f3n, cambar el \u00e1ngulo de ca\u00edda, ajustar el zoom\u00a0<strong>(PTRZ)<\/strong>\u00a0y apuntar la c\u00e1mara hacia el campo de visi\u00f3n necesario con un solo clic, sin tener que tocar nunca la lente o la c\u00e1mara.<\/p>\n<p class=\"ql-align-justify\"><strong>Funciones b\u00e1sicas<\/strong><\/p>\n<p class=\"ql-align-justify\"><strong>Puesta en marcha completa remota Instalar una c\u00e1mara de videovigilancia IP profesional nunca ha sido tan f\u00e1cil.<\/strong>\u00a0De hecho, como instalador, nunca desear\u00e1 volver a los antiguos m\u00e9todos de instalaci\u00f3n de c\u00e1maras. Hemos simplificado las fases de instalaci\u00f3n y puesta en marcha tal forma que se pueden llevar a cabo en muy poco tiempo.<strong>\u00a0Gracias a la funci\u00f3n de puesta en marcha remota de la c\u00e1mara FLEXIDOME IP starlight 8000i,<\/strong>\u00a0no es necesario subir y bajar escaleras. Mediante un PC o un dispositivo m\u00f3vil con la aplicaci\u00f3n\u00a0<strong>Project Assistant de Bosch<\/strong>, puede girar, inclinar, inclinaci\u00f3n, cambar el \u00e1ngulo de ca\u00edda, ajustar el\u00a0<strong>zoom (PTRZ) y apuntar la c\u00e1mara hacia el campo de visi\u00f3n necesario con un solo clic,<\/strong>\u00a0sin tener que tocar nunca la lente o la c\u00e1mara.<strong>\u00a0Tambi\u00e9n es posible realizar la configuraci\u00f3n y la puesta en marcha por v\u00eda inal\u00e1mbrica o remota\u00a0<\/strong>m\u00e1s tarde, despu\u00e9s de haber instalado todas las c\u00e1maras. Basta con conectar la aplicaci\u00f3n Project Assistant de Bosch, disponible para iOS, Android o Windows por v\u00eda inal\u00e1mbrica a la c\u00e1mara. O bien conectarse a la c\u00e1mara de forma remota a trav\u00e9s de la red mediante la interfaz web de la c\u00e1mara o Bosch Configuration Manager.<\/p>\n<p class=\"ql-align-justify\"><strong>R\u00e1pido rendimiento<\/strong><\/p>\n<p class=\"ql-align-justify\"><strong>La alta resoluci\u00f3n del sensor junto con una velocidad de im\u00e1genes de 30 im\u00e1genes por segundo<\/strong>\u00a0convierte a esta c\u00e1mara en una soluci\u00f3n id\u00f3nea para obtener im\u00e1genes de objetos en movimiento r\u00e1pido a altas resoluciones. La alta resoluci\u00f3n proporciona una visi\u00f3n clara e im\u00e1genes detalladas.<\/p>\n<p class=\"ql-align-justify\"><strong>Rendimiento starlight<\/strong><\/p>\n<p class=\"ql-align-justify\"><strong>Al combinar la tecnolog\u00eda de sensores m\u00e1s reciente con capacidades sofisticadas de procesamiento de im\u00e1genes y eliminaci\u00f3n de ruido, el resultado es una sensibilidad excepcional en color.\u00a0<\/strong>El rendimiento en condiciones de baja iluminaci\u00f3n es tan bueno que la c\u00e1mara sigue ofreciendo un rendimiento excelente en color incluso con una cantidad m\u00ednima de luz ambiental.<\/p>\n<p class=\"ql-align-justify\"><strong>Alto rango din\u00e1mico<\/strong><\/p>\n<p class=\"ql-align-justify\">El modo de alto rango din\u00e1mico se basa en un proceso de exposici\u00f3n m\u00faltiple que captura m\u00e1s detalles en las zonas iluminadas y en las sombras, incluso en la misma escena.\u00a0<strong>Como resultado, puede distinguir f\u00e1cilmente los objetos y los detalles, por ejemplo, rostros con un contraluz intenso.\u00a0<\/strong>El rango din\u00e1mico real de la c\u00e1mara se mide mediante el an\u00e1lisis de la funci\u00f3n de conversi\u00f3n optoelectr\u00f3nica (OECF) conforme al apartado 5 de IEC 62676.<\/p>\n<p class=\"ql-align-justify\"><strong>Modos de escena<\/strong><\/p>\n<p class=\"ql-align-justify\"><strong>Dispone de nueve modos configurables con los mejores ajustes para una gran variedad de aplicaciones.<\/strong>\u00a0Con un solo clic, es posible seleccionar los ajustes de imagen \u00f3ptimos adecuados para las condiciones de cada caso. Es posible seleccionar modos de escena distintos para situaciones distintas, como entornos de tr\u00e1fico o tiendas.<\/p>\n<p class=\"ql-align-justify\"><strong>Flujo inteligente<\/strong><\/p>\n<p class=\"ql-align-justify\"><strong>Las capacidades de codificaci\u00f3n inteligentes, junto con la tecnolog\u00eda Intelligent Dynamic Noise Reduction y el an\u00e1lisis, hacen que el consumo de ancho de banda descienda a niveles extremadamente bajos.<\/strong>\u00a0Solo es necesario codificar la informaci\u00f3n relevante de la escena, como el movimiento o los objetos localizados con el an\u00e1lisis.\u00a0<strong>La c\u00e1mara es capaz de realizar transmisiones de cu\u00e1druple flujo, lo que le permite generar flujos configurables de forma independiente, para visualizaciones en directo, grabaciones o seguimiento remoto a trav\u00e9s de anchos de banda restringidos<\/strong>. Es posible adaptar cada uno de estos flujos por separado para ofrecer un v\u00eddeo de alta calidad, perfectamente adaptado a cada finalidad, a la vez que se reduce la tasa de bits hasta un 90 % en comparaci\u00f3n con una c\u00e1mara est\u00e1ndar.<\/p>\n<p class=\"ql-align-justify\"><strong>Codificaci\u00f3n de v\u00eddeo de alta eficiencia H.265<\/strong><\/p>\n<p class=\"ql-align-justify\"><strong>La c\u00e1mara se ha dise\u00f1ado en la plataforma de codificaci\u00f3n m\u00e1s eficaz y potente H.264 y H.265\/HEVC.<\/strong>\u00a0La c\u00e1mara tiene capacidad para ofrecer v\u00eddeo de alta calidad y alta resoluci\u00f3n con una carga de la red muy baja. Con el doble de eficiencia de codificaci\u00f3n, H.265 es el nuevo est\u00e1ndar de compresi\u00f3n preferido para sistemas de vigilancia con v\u00eddeo IP.<\/p>\n<p class=\"ql-align-justify\"><strong>Grabaci\u00f3n y gesti\u00f3n de almacenamiento<\/strong><\/p>\n<p class=\"ql-align-justify\"><strong>La gesti\u00f3n de grabaciones se puede controlar con la aplicaci\u00f3n Bosch Video Recording Manager, o bien la c\u00e1mara puede utilizar el almacenamiento local y destinos iSCSI directamente, sin software de grabaci\u00f3n.\u00a0<\/strong>Es posible utilizar el almacenamiento local para grabar \u00aben origen\u00bb o para mejorar la fiabilidad global de la grabaci\u00f3n mediante la tecnolog\u00eda<strong>\u00a0Automatic Network Replenishment (ANR).<\/strong><\/p>\n<p class=\"ql-align-justify\"><strong>Grabaci\u00f3n avanzada en origen<\/strong><\/p>\n<p class=\"ql-align-justify\">La grabaci\u00f3n avanzada en origen proporciona la soluci\u00f3n de almacenamiento m\u00e1s fiable posible gracias a la combinaci\u00f3n de las funciones siguientes:<\/p>\n<p class=\"ql-align-justify\"><strong>Tarjetas SD duales que se pueden configurar de las siguientes formas:<\/strong><\/p>\n<ul>\n<li class=\"ql-align-justify\">En espejo, para almacenamiento redundante.<\/li>\n<li class=\"ql-align-justify\">Como respaldo, para disfrutar de intervalos de mantenimiento m\u00e1s amplios.<\/li>\n<li class=\"ql-align-justify\">Ampliado, para disponer del tiempo de retenci\u00f3n m\u00e1ximo.<\/li>\n<li class=\"ql-align-justify\">La compatibilidad con tarjetas SD de uso industrial permite disfrutar de una vida \u00fatil extrema.<\/li>\n<li class=\"ql-align-justify\">La monitorizaci\u00f3n del estado de las tarjetas SD de uso industrial proporciona indicaciones anticipadas de servicio.<\/li>\n<\/ul>\n<p class=\"ql-align-justify\"><strong>Intelligent Video Analytics en origen<\/strong><\/p>\n<p class=\"ql-align-justify\"><strong>La c\u00e1mara incluye la \u00faltima versi\u00f3n de la aplicaci\u00f3n Intelligent Video Analytics de Bosch.<\/strong>\u00a0Dise\u00f1ada especialmente para los entornos m\u00e1s exigentes. P<strong>roporciona los m\u00e1ximos niveles de precisi\u00f3n para aplicaciones de naturaleza cr\u00edtica, como la protecci\u00f3n perimetral de aeropuertos, infraestructuras cr\u00edticas y edificios gubernamentales, patrulla de fronteras, seguimiento de embarcaciones y control del tr\u00e1fico (por ejemplo, detecci\u00f3n de circulaci\u00f3n en sentido contrario, recuentos de tr\u00e1fico, control de la presencia de veh\u00edculos estacionados en las cunetas).<\/strong>\u00a0<strong>Intelligent Video Analytics es extremadamente resistente frente a las falsas alarmas provocadas por entornos dif\u00edciles con nieve, viento (\u00e1rboles en\u00a0movimiento), lluvia, granizo y reflejos de agua.<\/strong>\u00a0Es ideal para detectar objetos de forma autom\u00e1tica a grandes distancias. Adem\u00e1s, la configuraci\u00f3n de Video Analytics de Bosch es incomparable, lo cual es una noticia excelente para los instaladores. Si su cliente decide utilizar Intelligent Video Analytics, la configuraci\u00f3n y la calibraci\u00f3n no pueden ser m\u00e1s sencillas. Basta con introducir la altura de la c\u00e1mara y el resto de la calibraci\u00f3n la propia funci\u00f3n Video Analytics se ocupa del resto de la calibraci\u00f3n a partir de la informaci\u00f3n que proporciona el sensor de giro integrado en la c\u00e1mara.<\/p>\n<p class=\"ql-align-justify\"><strong>Integraci\u00f3n del sistema y conformidad con ONVIF<\/strong><\/p>\n<p class=\"ql-align-justify\"><strong>La c\u00e1mara cumple con las especificaciones de ONVIF Profile S, ONVIF Profile G y ONVIF Profile T.<\/strong>\u00a0Para la configuraci\u00f3n de H.265, la c\u00e1mara es compatible con Media Service 2, que forma parte de ONVIF Profile T. El cumplimiento de estos est\u00e1ndares garantiza la interoperabilidad entre productos de v\u00eddeo en red con independencia del fabricante. Los integradores de otros fabricantes pueden acceder f\u00e1cilmente al conjunto de funciones internas de la c\u00e1mara para su integraci\u00f3n en proyectos de gran envergadura.\u00a0<strong>Visite el sitio web de Integration Partner Program (IPP) de Bosch (ipp.boschsecurity.com) para obtener m\u00e1s informaci\u00f3n.<\/strong><\/p>\n<p class=\"ql-align-justify\"><strong>Accesorios universales<\/strong><\/p>\n<p class=\"ql-align-justify\"><strong>Existe una gama completa de accesorios universales que permiten utilizar un dise\u00f1o coherente en distintas plataformas y ofrecen una amplia gama de posibilidades de instalaci\u00f3n.<\/strong>\u00a0Hay varios accesorios espec\u00edficos disponibles que encajan perfectamente con la c\u00e1mara y ampl\u00edan las distintas opciones de instalaci\u00f3n respecto a las generaciones anteriores.\u00a0<strong>Las opciones disponibles incluyen: una cubierta para pintar, un protector de la c\u00e1mara para la intemperie, una burbuja de repuesto transparente o tintada, kits de montaje en techo, una caja de vigilancia con opciones de alimentaci\u00f3n y fibra \u00f3ptica y distintas opciones de montaje.<\/strong><\/p>\n<p class=\"ql-align-justify\"><strong>Certificaciones y aprobaciones<\/strong><\/p>\n<p class=\"ql-align-justify\"><strong>Normas:<\/strong><\/p>\n<ul>\n<li class=\"ql-align-justify\">Emisi\u00f3n ETSI EN 301 489-1 EN 50121-4 47CFR15, clase B (STP) y 47CFR15, clase A (UTP) AS\/NZS CISPR 32.<\/li>\n<li class=\"ql-align-justify\">Inmunidad EN 50130-4 EN 50121-4.<\/li>\n<li class=\"ql-align-justify\">Especificaciones ambientales EN 50130-5 (clase IV); EN 60068-2-1, EN 60068-2-2, EN 60068-2-6, EN 60068-2-18, EN 60068-2-27, EN 60068-2-30, EN 60068-2-52, EN 60068-2-75, EN 60068-2-78 UL 2043 combinada con NDA-8000-PLEN NEMA TS-2, cap\u00edtulo 2.1.<\/li>\n<li class=\"ql-align-justify\">Seguridad EN 62368-1 EN 60950-22 UL 62368-1 UL 60950-22 CAN\/CSA-C22.2 No. 62368-1 CAN\/CSA-C22.2 N.\u00ba 60950-22-07.<\/li>\n<li class=\"ql-align-justify\">Rendimiento de im\u00e1genes IEC 62676-5.<\/li>\n<li class=\"ql-align-justify\">HD SMPTE 296M-2001 (resoluci\u00f3n: 1280 x 720) SMPTE 274M-2008 (resoluci\u00f3n: 1920 x 1080).<\/li>\n<li class=\"ql-align-justify\">Representaci\u00f3n de colores ITU-R BT.709-6.<\/li>\n<li class=\"ql-align-justify\">Cumplimiento de la normativa ONVIF EN 50132-5-2 EN 62676-2.<\/li>\n<li class=\"ql-align-justify\">Protecci\u00f3n contra impactos EN 62262 (IK10+).<\/li>\n<li class=\"ql-align-justify\">Protecci\u00f3n contra agua y polvo EN 60529 (IP66) UL50E (tipo 4X).<\/li>\n<li class=\"ql-align-justify\">Entorno EN 50581 (RoHS).<\/li>\n<li class=\"ql-align-justify\">Marcados CE, cULus, WEEE, RCM, EAC y China RoHS.<\/li>\n<\/ul>\n<p class=\"ql-align-justify\"><strong>Nota: NDE-8503-R Domo fijo 6MP HDR 3,9-10mm PTRZ IP66 Domo fijo 6 MP PTRZ H.265 IVA IP66.<\/strong><\/p>\n<p class=\"ql-align-justify\"><strong>N\u00famero de pedido: NDE-8503-R.<\/strong><\/p>\n<p class=\"ql-align-justify\"><strong>Principales caracter\u00edsticas<\/strong><\/p>\n<ul>\n<li class=\"ql-align-justify\">Configuraci\u00f3n y puesta en marcha por v\u00eda remota o inal\u00e1mbrica con la aplicaci\u00f3n Project Assistant. Giro, inclinaci\u00f3n, ca\u00edda y zoom (PTRZ) para ajustar la c\u00e1mara en el campo de visi\u00f3n necesario sin tener que tocar la lente o la c\u00e1mara.<\/li>\n<li class=\"ql-align-justify\">Transmisi\u00f3n inteligente, IDNR y H.265 para reducir la tasa de bits hasta en un 80 %.<\/li>\n<li class=\"ql-align-justify\">La tecnolog\u00eda starlight proporciona im\u00e1genes con mucho detalle en situaciones de muy poca luz.<\/li>\n<li class=\"ql-align-justify\">Intelligent Video Analytics integrado para activar alertas y recuperar r\u00e1pidamente datos con los m\u00e1ximos niveles de precisi\u00f3n.<\/li>\n<li class=\"ql-align-justify\">Amplio rango din\u00e1mico para ver todos los detalles en \u00e1reas claras y oscuras de la escena.<\/li>\n<\/ul>\n<p class=\"ql-align-justify\"><strong>Especificaciones<\/strong><\/p>\n<p class=\"ql-align-justify\"><strong>Alimentaci\u00f3n<\/strong><\/p>\n<ul>\n<li class=\"ql-align-justify\">Tensi\u00f3n de entrada PoE IEEE 802.3af\/802.3at tipo 1, clase 3 24 V CA \u00b110 % 12 &#8211; 26 V CC \u00b110 % Es posible conectar PoE y alimentaci\u00f3n auxiliar simult\u00e1neamente para disponer de funcionamiento redundante.<\/li>\n<li class=\"ql-align-justify\">Consumo de energ\u00eda (t\u00edpico\/m\u00e1ximo) PoE: 7 W\/13 W 24 V.<\/li>\n<li class=\"ql-align-justify\">CA: 7,1 W &#8211; 12 VA\/13 W &#8211; 25 VA 12 &#8211; 26 V CC: 7,5 W\/16 W.<\/li>\n<\/ul>\n<p class=\"ql-align-justify\"><strong>Sensor<\/strong><\/p>\n<ul>\n<li class=\"ql-align-justify\">Tipo de sensor CMOS de 1\/1,8&#8243;.<\/li>\n<li class=\"ql-align-justify\">P\u00edxeles efectivos: 3264 (H) x 1840 (V) p\u00edxeles, 6,0 MP (aprox.)<\/li>\n<\/ul>\n<p class=\"ql-align-justify\"><strong>Sensibilidad starlight (lente de 3,9 a 10 mm)<\/strong><\/p>\n<p class=\"ql-align-justify\"><strong>Medido conforme a IEC 62676 Parte 5 (1\/25, F1.5)<\/strong><\/p>\n<ul>\n<li class=\"ql-align-justify\">Color 0,040 lx.<\/li>\n<li class=\"ql-align-justify\">Monocromo 0,0059 lx.<\/li>\n<\/ul>\n<p class=\"ql-align-justify\"><strong>Sensibilidad starlight (lente de 12 a 40 mm)<\/strong><\/p>\n<p class=\"ql-align-justify\"><strong>Medido conforme a IEC 62676 Parte 5 (1\/25, F2.3)<\/strong><\/p>\n<ul>\n<li class=\"ql-align-justify\">Color 0,084 lx.<\/li>\n<li class=\"ql-align-justify\">Monocromo 0,0135 lx.<\/li>\n<\/ul>\n<p class=\"ql-align-justify\"><strong>\u00d3ptico<\/strong><\/p>\n<p class=\"ql-align-justify\"><strong>(Lente de 3,9 a 10 mm)<\/strong><\/p>\n<ul>\n<li class=\"ql-align-justify\">Lente Lente con iris P de 3,9 a 10 mm (con correcci\u00f3n para infrarrojos).<\/li>\n<li class=\"ql-align-justify\">Ajuste de diafragma 1,5 &#8211; 2,7 Ajuste Zoom\/enfoque motorizados.<\/li>\n<li class=\"ql-align-justify\">Control del iris Control de iris P.<\/li>\n<li class=\"ql-align-justify\">\u00c1ngulo de visi\u00f3n Gran angular: 117\u00ba x 62\u00ba (H x V).<\/li>\n<li class=\"ql-align-justify\">Teleobjetivo: 44\u00ba x 24\u00ba (H x V).<\/li>\n<\/ul>\n<p class=\"ql-align-justify\"><strong>(Lente de 12 a 40 mm)<\/strong><\/p>\n<ul>\n<li class=\"ql-align-justify\">Lente Lente con iris P de 12 a 40 mm (con correcci\u00f3n para infrarrojos).<\/li>\n<li class=\"ql-align-justify\">Ajuste de diafragma 2,3 &#8211; 2,3.<\/li>\n<li class=\"ql-align-justify\">Ajuste Zoom\/enfoque motorizados.<\/li>\n<li class=\"ql-align-justify\">Control del iris Control de iris P.<\/li>\n<li class=\"ql-align-justify\">\u00c1ngulo de visi\u00f3n Gran angular: 36\u00b0 x 20\u00b0 (H x V).<\/li>\n<li class=\"ql-align-justify\">Teleobjetivo: 12,6\u00b0 x 7,1\u00b0 (H x V).<\/li>\n<\/ul>\n<p class=\"ql-align-justify\"><strong>Resoluci\u00f3n de v\u00eddeo (H x V)<\/strong><\/p>\n<ul>\n<li class=\"ql-align-justify\">6,0 MP: 3264 x 1840.<\/li>\n<li class=\"ql-align-justify\">5,3 MP: 3072 x 1728.<\/li>\n<li class=\"ql-align-justify\">2,8 MP (4:3): 1920 x 1440.<\/li>\n<li class=\"ql-align-justify\">1080p HD: 1920 x 1080.<\/li>\n<li class=\"ql-align-justify\">1,3 MP (5:4): 1280 x 1024.<\/li>\n<li class=\"ql-align-justify\">720p HD: 1.280 x 720.<\/li>\n<li class=\"ql-align-justify\">480p SD: 854 \u00d7 480.<\/li>\n<li class=\"ql-align-justify\">SD 4:3 (recortado): 704 x 480.<\/li>\n<\/ul>\n<p class=\"ql-align-justify\"><strong>An\u00e1lisis de contenido de v\u00eddeo<\/strong><\/p>\n<ul>\n<li class=\"ql-align-justify\">Tipo de an\u00e1lisis Intelligent Video Analytics.<\/li>\n<li class=\"ql-align-justify\">Configuraciones VCA silencioso; perfil1\/2; programado; activado por evento.<\/li>\n<li class=\"ql-align-justify\">Reglas de alarma (combinables): Cualquier objeto, objeto en el campo, cruce de l\u00edneas, entrada\/salida en el campo, merodeo, seguimiento de ruta, objeto inactivo\/eliminado, recuento, ocupaci\u00f3n, estimaci\u00f3n de la densidad de muchedumbres, cambio de condici\u00f3n, b\u00fasqueda de similitudes, flujo\/contraflujo.<\/li>\n<li class=\"ql-align-justify\">Filtros de objeto Duraci\u00f3n, tama\u00f1o, relaci\u00f3n de aspecto, velocidad, direcci\u00f3n, color, clases de objetos (4).<\/li>\n<li class=\"ql-align-justify\">Modos de seguimiento Seguimiento est\u00e1ndar (2D), seguimiento en 3D, seguimiento de personas en 3D, seguimiento de embarcaciones, modo Museo.<\/li>\n<li class=\"ql-align-justify\">Calibraci\u00f3n\/ geolocalizaci\u00f3n Autom\u00e1tica, en funci\u00f3n del sensor de giro, la longitud focal y la altura de c\u00e1mara.<\/li>\n<li class=\"ql-align-justify\">Detecci\u00f3n antisabotaje: M\u00e1scara.<\/li>\n<\/ul>\n<p class=\"ql-align-justify\"><strong>Entrada\/salida<\/strong><\/p>\n<ul>\n<li class=\"ql-align-justify\">Salida de alimentaci\u00f3n +12 V CC, m\u00e1x. 50 mA.<\/li>\n<li class=\"ql-align-justify\">Entrada de l\u00ednea de se\u00f1al de audio 10 kOhm t\u00edpico, 1 Vrms m\u00e1x.<\/li>\n<li class=\"ql-align-justify\">Salida de l\u00ednea de se\u00f1al de audio 1 Vrms; 1,5 kOhm (t\u00edpico).<\/li>\n<li class=\"ql-align-justify\">Entrada de alarma 2 entradas, tensi\u00f3n de activaci\u00f3n: de + 3,3 V CC a + 40 V CC.<\/li>\n<li class=\"ql-align-justify\">Salida de alarma 1 salida, m\u00e1ximo: 30 V CA o +40 V CC, 0,5 A continuos, 10 VA.<\/li>\n<li class=\"ql-align-justify\">Ethernet RJ45.<\/li>\n<li class=\"ql-align-justify\">Protecci\u00f3n contra las subidas de tensi\u00f3n.<\/li>\n<li class=\"ql-align-justify\">Ethernet: 1 kV, 2 kA a tierra (impulso de 8\/20 \u00b5s).<\/li>\n<li class=\"ql-align-justify\">Fibra \u00f3ptica (se comercializa aparte): El kit convertidor de medios de fibra \u00f3ptica a\u00a0<strong>Ethernet (VG4-SFPSCKT)\u00a0<\/strong>instalado en el interior de un armario de vigilancia (NDA-UPA0, NDA-U-PA1 o NDA-U-PA2) proporciona la interfaz de fibra \u00f3ptica hacia la c\u00e1mara montada.<\/li>\n<\/ul>\n<p class=\"ql-align-justify\"><strong>Mec\u00e1nicas<\/strong><\/p>\n<ul>\n<li class=\"ql-align-justify\">Dimensiones (Pr. x Al.) 175 x 145 mm (6,9 x 5,7 pulg.) Peso 2,3 kg (5,07 libras).<\/li>\n<li class=\"ql-align-justify\">Montaje Montaje en superficie<\/li>\n<li class=\"ql-align-justify\">Color Blanco (RAL 9003).<\/li>\n<\/ul>\n<p class=\"ql-align-justify\"><strong>Rango de PTR motorizado<\/strong><\/p>\n<ul>\n<li class=\"ql-align-justify\"><strong>Giro:<\/strong>\u00a0de 0\u00b0 a + 361\u00b0.<\/li>\n<li class=\"ql-align-justify\"><strong>Inclinaci\u00f3n:<\/strong>\u00a0de -3,5\u00b0 a +89\u00b0 (NDE-8503-R), de -3,5\u00b0 a +90\u00b0 (NDE-8503-RT).<\/li>\n<li class=\"ql-align-justify\"><strong>Ca\u00edda:<\/strong>\u00a0de -95\u00b0 a + 95\u00b0.<\/li>\n<li class=\"ql-align-justify\">Burbuja Policarbonato transparente, con revestimiento de protecci\u00f3n frente a rayos ultravioleta y resistente a los ara\u00f1azos.<\/li>\n<li class=\"ql-align-justify\">Carcasa Aluminio con membranas deshumidificadoras y \u00e1rea de conexiones resistentes al agua.<\/li>\n<\/ul>\n<p class=\"ql-align-justify\"><strong>Ambientales<\/strong><\/p>\n<ul>\n<li class=\"ql-align-justify\">Temperatura de funcionamiento -50 \u00baC a +60 \u00baC (-58 \u00baF a +140 \u00baF) para un funcionamiento continuo; De -34 \u00baC a +74 \u00baC (de -30 \u00baF a +165 \u00baF) conforme a NEMA TS 2-2003 (R2008), para 2.1.5.1 utilizando al perfil de prueba de la figura. 2.1.<\/li>\n<li class=\"ql-align-justify\">Temperatura de almacenamiento: De -30 \u00b0C a +70 \u00b0C (de -22 \u00b0F a +158 \u00b0F).<\/li>\n<li class=\"ql-align-justify\">Humedad en funcionamiento: Del 5 % al 93 % de humedad relativa sin condensaci\u00f3n.<\/li>\n<li class=\"ql-align-justify\">Humedad relativa del 5 % al 100 %, con condensaci\u00f3n.<\/li>\n<li class=\"ql-align-justify\">Humedad en almacenamiento: Hasta el 98 % de humedad relativa.<\/li>\n<li class=\"ql-align-justify\">Carcasa y domo resistentes a los impactos IK10+ (50 J).<\/li>\n<li class=\"ql-align-justify\">Protecci\u00f3n contra agua y polvo IP66 y NEMA tipo 4X. <img decoding=\"async\" src=\"https:\/\/tvc.mx\/media\/16033\/Logoopaginas-oficial.png\" \/><\/li>\n<\/ul>\n","protected":false},"excerpt":{"rendered":"<p>NDE-8503-R Domo fijo 6MP HDR 3,9-10mm PTRZ IP66 Las c\u00e1maras FLEXIDOME IP starlight 8000i ofrecen la tecnolog\u00eda starlight y alto rango din\u00e1mico con una resoluci\u00f3n de 6 megap\u00edxeles p para proporcionar im\u00e1genes n\u00edtidas y con gran nivel de detalle en situaciones de poca e incluso&hellip;<\/p>\n","protected":false},"featured_media":7287,"comment_status":"open","ping_status":"closed","template":"","meta":{"om_disable_all_campaigns":false,"_monsterinsights_skip_tracking":false,"_monsterinsights_sitenote_active":false,"_monsterinsights_sitenote_note":"","_monsterinsights_sitenote_category":0},"product_brand":[],"product_cat":[657],"product_tag":[613,611,612,616,615,610,614,617],"class_list":{"0":"post-7288","1":"product","2":"type-product","3":"status-publish","4":"has-post-thumbnail","6":"product_cat-domo-camaras-ip-bosch-video-vigilancia","7":"product_tag-bosch","8":"product_tag-manhattan","9":"product_tag-saxxon","10":"product_tag-surveon","11":"product_tag-utepo","12":"product_tag-videovigilancia","13":"product_tag-vivotek","14":"product_tag-zteco","16":"first","17":"instock","18":"sale","19":"taxable","20":"shipping-taxable","21":"purchasable","22":"product-type-simple"},"aioseo_notices":[],"_links":{"self":[{"href":"https:\/\/tecsecmty.com\/index.php\/wp-json\/wp\/v2\/product\/7288","targetHints":{"allow":["GET"]}}],"collection":[{"href":"https:\/\/tecsecmty.com\/index.php\/wp-json\/wp\/v2\/product"}],"about":[{"href":"https:\/\/tecsecmty.com\/index.php\/wp-json\/wp\/v2\/types\/product"}],"replies":[{"embeddable":true,"href":"https:\/\/tecsecmty.com\/index.php\/wp-json\/wp\/v2\/comments?post=7288"}],"version-history":[{"count":0,"href":"https:\/\/tecsecmty.com\/index.php\/wp-json\/wp\/v2\/product\/7288\/revisions"}],"wp:featuredmedia":[{"embeddable":true,"href":"https:\/\/tecsecmty.com\/index.php\/wp-json\/wp\/v2\/media\/7287"}],"wp:attachment":[{"href":"https:\/\/tecsecmty.com\/index.php\/wp-json\/wp\/v2\/media?parent=7288"}],"wp:term":[{"taxonomy":"product_brand","embeddable":true,"href":"https:\/\/tecsecmty.com\/index.php\/wp-json\/wp\/v2\/product_brand?post=7288"},{"taxonomy":"product_cat","embeddable":true,"href":"https:\/\/tecsecmty.com\/index.php\/wp-json\/wp\/v2\/product_cat?post=7288"},{"taxonomy":"product_tag","embeddable":true,"href":"https:\/\/tecsecmty.com\/index.php\/wp-json\/wp\/v2\/product_tag?post=7288"}],"curies":[{"name":"wp","href":"https:\/\/api.w.org\/{rel}","templated":true}]}}