{"id":7296,"date":"2023-02-23T16:08:44","date_gmt":"2023-02-23T22:08:44","guid":{"rendered":"https:\/\/tecsecmty.com\/index.php\/producto\/bosch-v_ndi5502a-flexidome-1080p-lente-3-a-9mm-hdr\/"},"modified":"2023-03-22T23:22:01","modified_gmt":"2023-03-23T05:22:01","slug":"bosch-v_ndi5502a-flexidome-1080p-lente-3-a-9mm-hdr","status":"publish","type":"product","link":"https:\/\/tecsecmty.com\/index.php\/producto\/bosch-v_ndi5502a-flexidome-1080p-lente-3-a-9mm-hdr\/","title":{"rendered":"BOSCH V_NDI5502A- FLEXIDOME 1080P LENTE 3 A 9MM HDR"},"content":{"rendered":"<div class=\"row aling-items-center padding-bottom-2x\">\n<div class=\"col-lg-12\">\n<h5 class=\"card-title text-center\">Resumen<\/h5>\n<p>Las c\u00e1maras domo para interiores de 1080p de Bosch son c\u00e1maras de vigilancia profesional que ofrecen im\u00e1genes HD de alta calidad para satisfacer las necesidades de las redes de vigilancia y seguridad m\u00e1s exigentes. Estos domos son c\u00e1maras d\u00eda\/noche aut\u00e9nticas que ofrecen un rendimiento excelente tanto de d\u00eda como de noche.<\/p>\n<p>Existe una versi\u00f3n con un iluminador de infrarrojos activo integrado que ofrece un alto rendimiento en entornos con muy poca luz.<\/p>\n<p><img decoding=\"async\" class=\"overview-center-img-web\" src=\"https:\/\/tvc.mx\/media\/637887\/encabezado-1920x400.png\" alt=\"\" \/><\/div>\n<\/div>\n<div class=\"row align-items-center padding-bottom-2x\">\n<div class=\"col-md-5\"><img decoding=\"async\" class=\"d-block m-auto img-thumbnail\" src=\"https:\/\/tvc.mx\/media\/637897\/400x300-logo.png\" alt=\" \" \/><\/div>\n<div class=\"col-md-7 text-md-left text-center\">\n<h2>Caracter\u00edsticas<\/h2>\n<p class=\"text-muted\">\n<ul>\n<li>F\u00e1cil instalaci\u00f3n con lente con zoom\/enfoque autom\u00e1ticos, asistente y modos preconfigurados.<\/li>\n<li>Transmisi\u00f3n totalmente configurable de m\u00faltiples flujos H.265<\/li>\n<li>Essential Video Analytics integrado para activar las alertas relevantes y recuperar los datos de forma r\u00e1pida<\/li>\n<li>Amplio rango din\u00e1mico para ver todos los detalles en \u00e1reas claras y oscuras de la escena<\/li>\n<li>Tecnolog\u00eda de c\u00e1mara starlight con excelente rendimiento en condiciones de poca luz<\/li>\n<\/ul>\n<p>&nbsp;<\/p>\n<\/div>\n<\/div>\n<hr class=\"padding-bottom-2x\" \/>\n<div class=\"row aling-items-center padding-bottom-2x\">\n<div class=\"col-lg-12\">\n<h5 class=\"card-title text-center\">Descripci\u00f3n del Sistema<\/h5>\n<p><strong>Domo elegante para interiores f\u00e1cil de instalar<\/strong><\/p>\n<p>Es ideal para interiores y su dise\u00f1o elegante resulta adecuado para instalaciones en las que la est\u00e9tica y la cobertura flexible son factores fundamentales. La lente varifocal le permite elegir el \u00e1rea de cobertura m\u00e1s adecuada para su aplicaci\u00f3n. Mediante su mecanismo exclusivo de giro\/inclinaci\u00f3n\/rotaci\u00f3n, los instaladores pueden seleccionar el campo de visi\u00f3n exacto que necesitan en cada momento. Adem\u00e1s, ofrece varias posibilidades de montaje, entre las que cabe citar el montaje en una superficie, en la pared y suspendido en el techo.<\/p>\n<p>El asistente para lentes con zoom\/enfoque autom\u00e1ticos permite al instalador ajustar el zoom y enfocar la c\u00e1mara de forma precisa y sencilla para el funcionamiento de d\u00eda y de noche. El asistente se activa desde el PC o desde el pulsador integrado en la c\u00e1mara, lo que facilita la elecci\u00f3n del procedimiento de trabajo m\u00e1s adecuado.<\/p>\n<p>La funci\u00f3n AVF (varifocal autom\u00e1tica) permite cambiar el zoom sin necesidad de abrir la c\u00e1mara. El ajuste autom\u00e1tico del enfoque\/zoom motorizados con asignaci\u00f3n de p\u00edxeles de 1:1 garantiza que la c\u00e1mara siempre se enfoque de forma precisa.<\/p>\n<p><img decoding=\"async\" class=\"overview-center-img-web\" src=\"https:\/\/tvc.mx\/media\/637907\/encabezado-1920x400.png\" alt=\"\" \/><\/div>\n<\/div>\n<div class=\"row aling-items-center padding-bottom-2x\">\n<div class=\"col-lg-12\">\n<h5 class=\"card-title text-center\">Funciones<\/h5>\n<p><strong>Essential Video Analytics<\/strong><\/p>\n<p>El an\u00e1lisis de v\u00eddeo integrado refuerza el concepto de \u00abinteligencia en origen\u00bb y proporciona ahora funciones a\u00fan m\u00e1s potentes. Essential Video Analytics resulta ideal para su uso en entornos controlados con intervalos de detecci\u00f3n limitada.<\/p>\n<p>El sistema detecta objetos, realiza su seguimiento y los analiza de forma fiable y, a continuaci\u00f3n, notifica la activaci\u00f3n de las alarmas predefinidas. Mediante un conjunto inteligente de reglas de alarma, facilita las tareas complejas y reduce al m\u00ednimo las falsas alarmas.<\/p>\n<p>Se a\u00f1aden metadatos al v\u00eddeo para dar sentido y estructura. Esto permite recuperar r\u00e1pidamente las im\u00e1genes pertinentes de horas de grabaci\u00f3n de v\u00eddeo almacenadas. Los metadatos tambi\u00e9n se pueden usar para proporcionar pruebas periciales irrefutables o para optimizar los procesos empresariales en funci\u00f3n de los datos de recuento de personas o de densidad de multitudes.<\/p>\n<p>La calibraci\u00f3n es r\u00e1pida y sencilla: solo tiene que introducir la altura de la c\u00e1mara. El sensor de giro\/aceler\u00f3metro interno proporciona el resto de la informaci\u00f3n para calibrar el an\u00e1lisis de v\u00eddeo de forma precisa.<\/p>\n<p><strong>R\u00e1pido rendimiento<\/strong><\/p>\n<p>El modo de 60 im\u00e1genes por segundo proporciona un rendimiento \u00f3ptimo en escenas de acci\u00f3n r\u00e1pida, de modo que no se pierden datos cr\u00edticos.<\/p>\n<p><strong>Rendimiento starlight<\/strong><\/p>\n<p>Al combinar la tecnolog\u00eda de sensores m\u00e1s reciente con capacidades sofisticadas de procesamiento de im\u00e1genes y eliminaci\u00f3n de ruido, el resultado es una sensibilidad excepcional en color. El rendimiento en condiciones de baja iluminaci\u00f3n es tan bueno que la c\u00e1mara sigue ofreciendo un rendimiento excelente en color incluso con una cantidad m\u00ednima de luz ambiental.<\/p>\n<p><strong>Alto rango din\u00e1mico<\/strong><\/p>\n<p>La c\u00e1mara tiene un amplio rango din\u00e1mico. Se basa en un proceso de exposici\u00f3n m\u00faltiple que captura m\u00e1s detalles en las zonas iluminadas y en las sombras, incluso en la misma escena. Como resultado, puede distinguir f\u00e1cilmente los objetos y los detalles, por ejemplo, rostros con un contraluz intenso.<\/p>\n<p>El rango din\u00e1mico real de la c\u00e1mara se mide mediante el an\u00e1lisis de la funci\u00f3n de conversi\u00f3n optoelectr\u00f3nica (OECF) seg\u00fan la norma IEC 62676, apartado 5. Este m\u00e9todo se utiliza para ofrecer un resultado est\u00e1ndar que se puede utilizar para comparar diferentes c\u00e1maras.<\/p>\n<p><strong>Los flujos inteligentes reducen los requisitos de ancho de banda y almacenamiento<\/strong><\/p>\n<p>El bajo nivel de ruido de la imagen y la eficaz tecnolog\u00eda de compresi\u00f3n H.265 ofrecen im\u00e1genes n\u00edtidas, al mismo tiempo que reducen el ancho de banda y el almacenamiento hasta en un 80% en comparaci\u00f3n con las c\u00e1maras H.264 est\u00e1ndar. Con esta nueva generaci\u00f3n de c\u00e1maras se a\u00f1ade un nivel de inteligencia adicional con flujos inteligentes. La c\u00e1mara ofrece la imagen m\u00e1s \u00fatil posible optimizando de forma inteligente la relaci\u00f3n detalle\/ancho de banda. El codificador inteligente analiza continuamente toda la escena, as\u00ed como regiones de la escena, y ajusta de forma din\u00e1mica la compresi\u00f3n en funci\u00f3n de la informaci\u00f3n relevante, como el movimiento. Junto con Intelligent Dynamic Noise Reduction, que analiza activamente el contenido de una escena y reduce los artefactos de ruido en consecuencia, se reduce la velocidad en bits hasta un 80 %. Al reducir el ruido en el origen durante la captura de la imagen, la menor tasa de bits no afecta a la calidad del v\u00eddeo. Esto de lugar a una reducci\u00f3n notable de los costes de almacenamiento y de la carga de la red, conservando una gran calidad de imagen y un movimiento suave.<\/p>\n<p><strong>Varios flujos<\/strong><\/p>\n<p>Esta funci\u00f3n de transmisi\u00f3n m\u00faltiple ofrece varios flujos H.264 o H.265 junto con un flujo M-JPEG. Estos flujos facilitan una visualizaci\u00f3n y grabaci\u00f3n eficientes con poco uso del ancho de banda, as\u00ed como la integraci\u00f3n con sistemas de gesti\u00f3n de v\u00eddeo de otros fabricantes.<\/p>\n<p>La c\u00e1mara puede ejecutar varios flujos independientes, de modo que permite establecer una resoluci\u00f3n y una velocidad de im\u00e1genes distintas en el primer flujo y el segundo flujo. El usuario tambi\u00e9n puede optar por utilizar una copia de la primera secuencia.<\/p>\n<p>El tercer flujo usa los fotogramas I del primer flujo para la grabaci\u00f3n. El cuarto flujo muestra una imagen JPEG a un m\u00e1ximo de 10 MB\/s.<\/p>\n<p><strong>Audio bidireccional y alarma de audio<\/strong><\/p>\n<p>El audio bidireccional permite al operador comunicarse con los visitantes o intrusos a trav\u00e9s de una entrada y salida de l\u00ednea de audio externo. Se puede utilizar la detecci\u00f3n de audio para generar una alarma, en caso de necesidad.<\/p>\n<p>Si as\u00ed lo exige la legislaci\u00f3n local, es posible bloquear permanentemente el micr\u00f3fono mediante una clave de licencia segura.<\/p>\n<p><strong>Detecci\u00f3n de movimiento y sabotaje<\/strong><\/p>\n<p>La c\u00e1mara dispone de una amplia gama de opciones de configuraci\u00f3n de alarmas para alertar de los intentos de sabotaje. Tambi\u00e9n se puede utilizar un algoritmo integrado para detectar cualquier movimiento en el v\u00eddeo y emitir una se\u00f1al de alarma.<\/p>\n<p><strong>Gesti\u00f3n de almacenamiento<\/strong><\/p>\n<p>La gesti\u00f3n de grabaciones se puede controlar con el Bosch Video Recording Manager (Video Recording Manager) o bien la c\u00e1mara puede utilizar destinos iSCSI directamente, sin software de grabaci\u00f3n.<\/p>\n<p><strong>Grabaci\u00f3n de forma local<\/strong><\/p>\n<p>La ranura admite tarjetas de memoria microSD con capacidad de almacenamiento de hasta 2 TB. Para las grabaciones con alarmas locales se puede usar una tarjeta microSD. La grabaci\u00f3n previa a la alarma en la RAM reduce el ancho de banda de grabaci\u00f3n en la red o, si se utiliza la grabaci\u00f3n en tarjeta microSD, ampl\u00eda la vida efectiva del medio de almacenamiento.<\/p>\n<p><strong>Servicios basados en la nube<\/strong><\/p>\n<p>La c\u00e1mara es compatible con los env\u00edos de JPEG basados en el tiempo o en las alarmas a cuatro cuentas diferentes. Estas cuentas pueden ser de servidores FTP o instalaciones de almacenamiento basadas en la nube (por ejemplo, Dropbox). Las secuencias de v\u00eddeo o im\u00e1genes JPEG tambi\u00e9n se pueden exportar a estas cuentas.<\/p>\n<p>Las alarmas se pueden configurar para que se active una notificaci\u00f3n por correo electr\u00f3nico o SMS para que tenga siempre conciencia de los eventos an\u00f3malos.<\/p>\n<p><strong>Instalaci\u00f3n sencilla<\/strong><\/p>\n<p>Se puede suministrar alimentaci\u00f3n a la c\u00e1mara mediante una conexi\u00f3n del cable de red compatible con alimentaci\u00f3n por Ethernet. Con esta configuraci\u00f3n, solo se necesita una \u00fanica conexi\u00f3n de cable para ver, alimentar y controlar la c\u00e1mara. El uso de alimentaci\u00f3n por Ethernet facilita la instalaci\u00f3n y la hace m\u00e1s rentable, ya que las c\u00e1maras no necesitan una fuente de alimentaci\u00f3n local.<\/p>\n<p>La c\u00e1mara tambi\u00e9n puede alimentarse con fuentes de alimentaci\u00f3n de +12 VCC o de 24 VCA. Para incrementar la fiabilidad del sistema, la c\u00e1mara puede conectarse simult\u00e1neamente a ambas fuentes de alimentaci\u00f3n (PoE y +12 VCC\/24 VCA). Adem\u00e1s, pueden utilizarse sistemas de alimentaci\u00f3n ininterrumpida (SAI) para conseguir un funcionamiento continuo, incluso en caso de producirse un corte de alimentaci\u00f3n.<\/p>\n<p>Para evitar problemas con el cableado de red, las c\u00e1maras son compatibles con Auto-MDIX, lo que permite el uso de cables directos o cruzados.<\/p>\n<p><strong>Rotaci\u00f3n de im\u00e1genes autom\u00e1tica<\/strong><\/p>\n<p>El sensor de giro\/aceler\u00f3metro integrado corrige autom\u00e1ticamente la orientaci\u00f3n de la imagen en \u00e1ngulos de 90\u00b0 si la c\u00e1mara est\u00e1 montada en \u00e1ngulo recto o hacia abajo. La imagen del sensor tambi\u00e9n se puede girar manualmente en \u00e1ngulos de 90\u00b0.<\/p>\n<p>Para capturar detalles de forma eficiente en pasillos largos sin p\u00e9rdida alguna de la resoluci\u00f3n, monte la c\u00e1mara en \u00e1ngulos rectos. La imagen se muestra en vertical a una resoluci\u00f3n completa en el monitor.<\/p>\n<p><strong>Conmutaci\u00f3n d\u00eda\/noche aut\u00e9ntica<\/strong><\/p>\n<p>La c\u00e1mara incorpora la tecnolog\u00eda de filtro mec\u00e1nico para obtener un color intenso durante el d\u00eda y una imagen excepcional durante la noche, al mismo tiempo que se mantiene un enfoque n\u00edtido con cualquier tipo de iluminaci\u00f3n.<\/p>\n<p><strong>Modo h\u00edbrido<\/strong><\/p>\n<p>Una salida de v\u00eddeo anal\u00f3gica permite que la c\u00e1mara funcione en modo h\u00edbrido. Este modo proporciona al mismo tiempo flujos de v\u00eddeo HD de alta resoluci\u00f3n y una salida de v\u00eddeo anal\u00f3gica a trav\u00e9s de un conector SMB. La funcionalidad h\u00edbrida permite una migraci\u00f3n sencilla desde sistemas CCTV tradicionales a sistemas modernos basados en IP.<\/p>\n<p><strong>Seguridad de los datos<\/strong><\/p>\n<p>Se han emprendido medidas especiales para garantizar un m\u00e1ximo nivel de seguridad para el acceso a los dispositivos y para el transporte de datos. La protecci\u00f3n con contrase\u00f1a de tres niveles con las recomendaciones de seguridad permite a los usuarios personalizar el acceso a los dispositivos.<\/p>\n<p>Adem\u00e1s, el acceso al navegador Web puede protegerse mediante HTTPS y las actualizaciones del firmware tambi\u00e9n se pueden proteger con cargas seguras autenticadas.<\/p>\n<p>El m\u00f3dulo de plataforma segura (TPM) integrado y la compatibilidad con la infraestructura de claves p\u00fablicas (PKI) garantizan una excelente protecci\u00f3n frente a ataques malintencionados. La autenticaci\u00f3n en la red 802.1x con EAP\/TLS es compatible con TLS 1.2 con conjuntos de codificaci\u00f3n actualizados, incluida la codificaci\u00f3n AES 256.<\/p>\n<p>La manipulaci\u00f3n avanzada de certificados ofrece lo siguiente:<\/p>\n<ul>\n<li>Posibilidad de crear autom\u00e1ticamente certificados exclusivos y autofirmados siempre que sea necesario<\/li>\n<li>Certificados de cliente y de servidor para tareas de autenticaci\u00f3n<\/li>\n<li>Certificados de cliente para comprobar la autenticidad<\/li>\n<li>Certificados con claves privadas codificadas<\/li>\n<\/ul>\n<p><strong>Software de visualizaci\u00f3n completa<\/strong><\/p>\n<p>Existen muchas maneras de acceder a las funciones de la c\u00e1mara: con un navegador web, con el Bosch Video Management System, con los sistemas Bosch Video Client o Video Security Client gratuitos, con la aplicaci\u00f3n m\u00f3vil de seguridad por v\u00eddeo o a trav\u00e9s de software de otros fabricantes.<\/p>\n<p><strong>Integraci\u00f3n de sistemas<\/strong><\/p>\n<p>La c\u00e1mara cumple con las especificaciones de ONVIF Profile S, ONVIF Profile G y ONVIF Profile M. Esto garantiza la interoperabilidad entre productos de v\u00eddeo en red de cualquier fabricante.<\/p>\n<p>Los integradores de otros fabricantes pueden acceder f\u00e1cilmente al conjunto de funciones internas de la c\u00e1mara para su integraci\u00f3n en proyectos de gran envergadura. Visite el sitio web del programa de socios Bosch Integration Partner Program (IPP) (ipp.boschsecurity.com) para obtener m\u00e1s informaci\u00f3n.<\/p>\n<p><strong>Cobertura DORI<\/strong><\/p>\n<p>DORI (Detectar, Observar, Reconocer, Identificar) es un sistema est\u00e1ndar (EN-62676-4) para definir la capacidad que tiene una c\u00e1mara para distinguir personas u objetos dentro de un \u00e1rea de cobertura.\u00a0A<\/p>\n<p>continuaci\u00f3n se muestra la distancia m\u00e1xima a la que una combinaci\u00f3n de c\u00e1mara\/lente puede cumplir estos criterios:<\/p>\n<p><img decoding=\"async\" class=\"overview-center-img-web\" src=\"https:\/\/tvc.mx\/media\/637917\/1920x400-funciones.png\" alt=\"\" \/><\/div>\n<\/div>\n<div class=\"row aling-items-center padding-bottom-2x\">\n<div class=\"col-lg-12\">\n<h5 class=\"card-title text-center\">Certificaciones y aprobaciones<\/h5>\n<p><strong>Est\u00e1ndares de HD<\/strong><\/p>\n<p>Conforme al est\u00e1ndar SMPTE 274M-2008 en cuanto a:<\/p>\n<ul>\n<li>Resoluci\u00f3n: 1920 x 1080<\/li>\n<li>Escaneado: progresivo<\/li>\n<li>Representaci\u00f3n de colores: conforme al est\u00e1ndar ITU-R BT.709<\/li>\n<li>Relaci\u00f3n de aspecto: 16:9<\/li>\n<li>Velocidad de im\u00e1genes: 25 y 30 fotogramas\/seg<\/li>\n<\/ul>\n<p>Conforme al est\u00e1ndar SMPTE 296M-2001 en cuanto a:<\/p>\n<ul>\n<li>Resoluci\u00f3n: 1280 x 720<\/li>\n<li>Escaneado: progresivo<\/li>\n<li>Representaci\u00f3n de colores: conforme al est\u00e1ndar ITU-R BT.709<\/li>\n<li>Relaci\u00f3n de aspecto: 16:9<\/li>\n<li>Velocidad de im\u00e1genes: 25 y 30 fotogramas\/seg<\/li>\n<\/ul>\n<p><img decoding=\"async\" class=\"overview-center-img-web\" src=\"https:\/\/tvc.mx\/media\/638562\/1920x400-certificaciones.png\" alt=\"\" \/><\/div>\n<\/div>\n","protected":false},"excerpt":{"rendered":"<p>Resumen Las c\u00e1maras domo para interiores de 1080p de Bosch son c\u00e1maras de vigilancia profesional que ofrecen im\u00e1genes HD de alta calidad para satisfacer las necesidades de las redes de vigilancia y seguridad m\u00e1s exigentes. Estos domos son c\u00e1maras d\u00eda\/noche aut\u00e9nticas que ofrecen un rendimiento&hellip;<\/p>\n","protected":false},"featured_media":7295,"comment_status":"open","ping_status":"closed","template":"","meta":{"om_disable_all_campaigns":false,"_monsterinsights_skip_tracking":false,"_monsterinsights_sitenote_active":false,"_monsterinsights_sitenote_note":"","_monsterinsights_sitenote_category":0},"product_brand":[],"product_cat":[657],"product_tag":[613,611,612,616,615,610,614,617],"class_list":{"0":"post-7296","1":"product","2":"type-product","3":"status-publish","4":"has-post-thumbnail","6":"product_cat-domo-camaras-ip-bosch-video-vigilancia","7":"product_tag-bosch","8":"product_tag-manhattan","9":"product_tag-saxxon","10":"product_tag-surveon","11":"product_tag-utepo","12":"product_tag-videovigilancia","13":"product_tag-vivotek","14":"product_tag-zteco","16":"first","17":"instock","18":"sale","19":"taxable","20":"shipping-taxable","21":"purchasable","22":"product-type-simple"},"aioseo_notices":[],"_links":{"self":[{"href":"https:\/\/tecsecmty.com\/index.php\/wp-json\/wp\/v2\/product\/7296","targetHints":{"allow":["GET"]}}],"collection":[{"href":"https:\/\/tecsecmty.com\/index.php\/wp-json\/wp\/v2\/product"}],"about":[{"href":"https:\/\/tecsecmty.com\/index.php\/wp-json\/wp\/v2\/types\/product"}],"replies":[{"embeddable":true,"href":"https:\/\/tecsecmty.com\/index.php\/wp-json\/wp\/v2\/comments?post=7296"}],"version-history":[{"count":0,"href":"https:\/\/tecsecmty.com\/index.php\/wp-json\/wp\/v2\/product\/7296\/revisions"}],"wp:featuredmedia":[{"embeddable":true,"href":"https:\/\/tecsecmty.com\/index.php\/wp-json\/wp\/v2\/media\/7295"}],"wp:attachment":[{"href":"https:\/\/tecsecmty.com\/index.php\/wp-json\/wp\/v2\/media?parent=7296"}],"wp:term":[{"taxonomy":"product_brand","embeddable":true,"href":"https:\/\/tecsecmty.com\/index.php\/wp-json\/wp\/v2\/product_brand?post=7296"},{"taxonomy":"product_cat","embeddable":true,"href":"https:\/\/tecsecmty.com\/index.php\/wp-json\/wp\/v2\/product_cat?post=7296"},{"taxonomy":"product_tag","embeddable":true,"href":"https:\/\/tecsecmty.com\/index.php\/wp-json\/wp\/v2\/product_tag?post=7296"}],"curies":[{"name":"wp","href":"https:\/\/api.w.org\/{rel}","templated":true}]}}