{"id":7300,"date":"2023-02-23T16:08:48","date_gmt":"2023-02-23T22:08:48","guid":{"rendered":"https:\/\/tecsecmty.com\/index.php\/producto\/bosch-v_ndi5503a-flex-idome-para-interior-resolucion-5-mp-hdr-compresion-h265-lente-varifocal-3-a-10-mm\/"},"modified":"2023-03-22T23:22:01","modified_gmt":"2023-03-23T05:22:01","slug":"bosch-v_ndi5503a-flex-idome-para-interior-resolucion-5-mp-hdr-compresion-h265-lente-varifocal-3-a-10-mm","status":"publish","type":"product","link":"https:\/\/tecsecmty.com\/index.php\/producto\/bosch-v_ndi5503a-flex-idome-para-interior-resolucion-5-mp-hdr-compresion-h265-lente-varifocal-3-a-10-mm\/","title":{"rendered":"BOSCH V_NDI5503A &#8211; FLEX IDOME Para interior \/ Resolucion 5 MP \/ HDR \/ Compresion H265 \/ Lente varifocal 3 a 10 mm"},"content":{"rendered":"<h5 class=\"card-title text-center\">NDI-5503-A Domo fijo 5MP HDR 3-10mm auto<\/h5>\n<p><strong>Las c\u00e1maras domo para interiores de 5 MP de Bosch son c\u00e1maras de vigilancia profesional que ofrecen im\u00e1genes MP de alta calidad para satisfacer las necesidades de las redes de vigilancia y seguridad m\u00e1s exigentes.<\/strong>\u00a0Estos domos son c\u00e1maras d\u00eda\/noche aut\u00e9nticas que ofrecen un rendimiento excelente tanto de d\u00eda como de noche. Existe una versi\u00f3n con un iluminador de infrarrojos activo integrado que ofrece un alto rendimiento en entornos con muy poca luz.<\/p>\n<p><strong>Descripci\u00f3n del sistema<\/strong><\/p>\n<p><strong>Domo elegante para interiores f\u00e1cil de instalar<\/strong><\/p>\n<p>Es ideal para interiores y su dise\u00f1o elegante resulta adecuado para instalaciones en las que la est\u00e9tica y la cobertura flexible son factores fundamentales. La lente varifocal le permite elegir el \u00e1rea de cobertura m\u00e1s adecuada para su aplicaci\u00f3n. Mediante su mecanismo exclusivo de giro\/inclinaci\u00f3n\/rotaci\u00f3n, los instaladores pueden seleccionar el campo de visi\u00f3n exacto que necesitan en cada momento. Adem\u00e1s, ofrece varias posibilidades de montaje, entre las que cabe citar el montaje en una superficie, en la pared y suspendido en el techo.<\/p>\n<p><strong>El asistente para lentes con zoom\/enfoque autom\u00e1ticos permite al instalador ajustar el zoom y enfocar la c\u00e1mara de forma precisa y sencilla para el funcionamiento de d\u00eda y de noche.<\/strong>\u00a0El asistente se activa desde el PC o desde el pulsador integrado en la c\u00e1mara, lo que facilita la elecci\u00f3n del procedimiento de trabajo m\u00e1s adecuado. La funci\u00f3n\u00a0<strong>AVF (varifocal autom\u00e1tica)\u00a0<\/strong>permite cambiar el zoom sin necesidad de abrir la c\u00e1mara. El ajuste autom\u00e1tico del enfoque\/zoom motorizados con asignaci\u00f3n de p\u00edxeles de 1:1 garantiza que la c\u00e1mara siempre se enfoque de forma precisa.<\/p>\n<p><strong>Funciones Essential Video Analytics<\/strong><\/p>\n<p><strong>El an\u00e1lisis de v\u00eddeo integrado refuerza el concepto de \u00abinteligencia en origen\u00bb y proporciona ahora funciones a\u00fan m\u00e1s potentes. Essential Video Analytics resulta ideal para su uso en entornos controlados con intervalos de detecci\u00f3n limitada.<\/strong>\u00a0El sistema detecta objetos, realiza su seguimiento y los analiza de forma fiable y, a continuaci\u00f3n, notifica la activaci\u00f3n de las alarmas predefinidas. Mediante un conjunto inteligente de reglas de alarma, facilita las tareas complejas y reduce al m\u00ednimo las falsas alarmas. Se a\u00f1aden metadatos al v\u00eddeo para dar sentido y estructura. Esto permite recuperar r\u00e1pidamente las im\u00e1genes pertinentes de horas de grabaci\u00f3n de v\u00eddeo almacenadas. Los metadatos tambi\u00e9n se pueden usar para proporcionar pruebas periciales irrefutables o para optimizar los procesos empresariales en funci\u00f3n de los datos de recuento de personas o de densidad de multitudes. La calibraci\u00f3n es r\u00e1pida y sencilla: solo tiene que introducir la altura de la c\u00e1mara. El sensor de giro\/ aceler\u00f3metro interno proporciona el resto de la informaci\u00f3n para calibrar el an\u00e1lisis de v\u00eddeo de forma precisa.<\/p>\n<p><strong>Alto rango din\u00e1mico<\/strong><\/p>\n<p>La c\u00e1mara tiene un amplio rango din\u00e1mico. Se basa en un proceso de exposici\u00f3n m\u00faltiple que captura m\u00e1s detalles en las zonas iluminadas y en las sombras, incluso en la misma escena. Como resultado, puede distinguir f\u00e1cilmente los objetos y los detalles, por ejemplo, rostros con un contraluz intenso. El rango din\u00e1mico real de la c\u00e1mara se mide mediante el an\u00e1lisis de la funci\u00f3n de conversi\u00f3n optoelectr\u00f3nica (OECF) seg\u00fan la norma IEC 62676, apartado 5. Este m\u00e9todo se utiliza para ofrecer un resultado est\u00e1ndar que se puede utilizar para comparar diferentes c\u00e1maras.<\/p>\n<p><strong>Content Based Imaging Technology Content Based Imaging\u00a0<\/strong>Technology (CBIT) se utiliza para mejorar radicalmente la calidad de imagen en todas las condiciones de iluminaci\u00f3n y para identificar \u00e1reas para mejorar el procesamiento. La c\u00e1mara examina la escena mediante la funci\u00f3n\u00a0<strong>Essential Video Analytics<\/strong>\u00a0devuelve la informaci\u00f3n necesaria para reajustar el procesamiento de la imagen. Esto proporciona un mayor nivel de detalle en las zonas importantes y un mejor rendimiento en todos los sentidos. La tecnolog\u00eda Intelligent Auto Exposure, por ejemplo, le permite ver objetos en movimiento en \u00e1reas luminosas y oscuras de una escena.<\/p>\n<p><strong>Los flujos inteligentes reducen los requisitos de ancho de banda y almacenamiento<\/strong><\/p>\n<p>El bajo nivel de ruido de la imagen y la eficaz tecnolog\u00eda de compresi\u00f3n<strong>H.265<\/strong>\u00a0ofrecen im\u00e1genes n\u00edtidas, al mismo tiempo que reducen el ancho de banda y el almacenamiento hasta en un 80% en comparaci\u00f3n con las c\u00e1maras<strong>\u00a0H.264<\/strong>\u00a0est\u00e1ndar. Con esta nueva generaci\u00f3n de c\u00e1maras se a\u00f1ade un nivel de inteligencia adicional con flujos inteligentes. La c\u00e1mara ofrece la imagen m\u00e1s \u00fatil posible optimizando de forma inteligente la relaci\u00f3n detalle\/ancho de banda. El codificador inteligente analiza continuamente toda la escena, as\u00ed como regiones de la escena, y ajusta de forma din\u00e1mica la compresi\u00f3n en funci\u00f3n de la informaci\u00f3n relevante, como el movimiento. Junto con Intelligent Dynamic Noise.<\/p>\n<p><strong>Varios flujos<\/strong><\/p>\n<p>Esta innovadora funci\u00f3n de transmisi\u00f3n m\u00faltiple ofrece varios flujos\u00a0<strong>H.265<\/strong>\u00a0junto con un flujo\u00a0<strong>M-JPEG<\/strong>. Estos flujos facilitan una visualizaci\u00f3n y grabaci\u00f3n eficientes con poco uso del ancho de banda, as\u00ed como la integraci\u00f3n con sistemas de gesti\u00f3n de v\u00eddeo de otros fabricantes. La c\u00e1mara puede ejecutar varios flujos independientes, de modo que permite establecer una resoluci\u00f3n y una velocidad de im\u00e1genes distintas en el primer flujo y el segundo flujo. El usuario tambi\u00e9n puede optar por utilizar una copia de la primera secuencia. El tercer flujo usa los fotogramas I del primer flujo para la grabaci\u00f3n.\u00a0<strong>El cuarto flujo muestra una imagen JPEG a un m\u00e1ximo de 10 MB\/s<\/strong>.<\/p>\n<p><strong>Audio bidireccional y alarma de audio<\/strong><\/p>\n<p><strong>El audio bidireccional permite al operador comunicarse con los visitantes o intrusos a trav\u00e9s de una entrada y salida de l\u00ednea de audio externo.<\/strong>\u00a0Se puede utilizar la detecci\u00f3n de audio para generar una alarma, en caso de necesidad. Si as\u00ed lo exige la legislaci\u00f3n local, es posible bloquear permanentemente el micr\u00f3fono mediante una clave de licencia segura.<\/p>\n<p><strong>Detecci\u00f3n de movimiento y sabotaje<\/strong><\/p>\n<p>La c\u00e1mara dispone de una amplia gama de opciones de configuraci\u00f3n de alarmas para alertar de los intentos de sabotaje. Tambi\u00e9n se puede utilizar un algoritmo integrado para detectar cualquier movimiento en el v\u00eddeo y emitir una se\u00f1al de alarma.<\/p>\n<p><strong>Gesti\u00f3n de almacenamiento<\/strong><\/p>\n<p>La gesti\u00f3n de grabaciones se puede controlar con el\u00a0<strong>Bosch Video Recording Manager (Video Recording Manager)<\/strong>\u00a0o bien la c\u00e1mara puede utilizar destinos\u00a0<strong>iSCSI\u00a0<\/strong>directamente, sin software de grabaci\u00f3n.<\/p>\n<p><strong>Grabaci\u00f3n de forma local<\/strong><\/p>\n<p><strong>La ranura admite tarjetas de memoria microSD con capacidad de almacenamiento de hasta 2 TB.\u00a0<\/strong>Para las grabaciones con alarmas locales se puede usar una tarjeta\u00a0<strong>microSD<\/strong>. La grabaci\u00f3n previa a la alarma en la\u00a0<strong>RAM\u00a0<\/strong>reduce el ancho de banda de grabaci\u00f3n en la red o, si se utiliza la grabaci\u00f3n en tarjeta microSD, ampl\u00eda la vida efectiva del medio de almacenamiento.<\/p>\n<p><strong>Conmutaci\u00f3n d\u00eda\/noche aut\u00e9ntica<\/strong><\/p>\n<p>La c\u00e1mara incorpora la tecnolog\u00eda de filtro mec\u00e1nico para obtener un color intenso durante el d\u00eda y una imagen excepcional durante la noche, al mismo tiempo que se mantiene un enfoque n\u00edtido con cualquier tipo de iluminaci\u00f3n.<\/p>\n<p><strong>Modo h\u00edbrido<\/strong><\/p>\n<p><strong>Una salida de v\u00eddeo anal\u00f3gica permite que la c\u00e1mara funcione en modo h\u00edbrido.<\/strong>\u00a0Este modo proporciona al mismo tiempo flujos de v\u00eddeo HD de alta resoluci\u00f3n y una salida de v\u00eddeo anal\u00f3gica a trav\u00e9s de un conector SMB. La funcionalidad h\u00edbrida permite una migraci\u00f3n sencilla desde sistemas\u00a0<strong>CCTV\u00a0<\/strong>tradicionales a sistemas modernos basados en IP.<\/p>\n<p><strong>Software de visualizaci\u00f3n completa<\/strong><\/p>\n<p>Existen muchas maneras de acceder a las funciones de la c\u00e1mara: con un navegador web, con el\u00a0<strong>Bosch Video Management System, con los sistemas Bosch Video Client o Video Security Client gratuitos, con la aplicaci\u00f3n m\u00f3vil<\/strong>\u00a0de seguridad por v\u00eddeo o a trav\u00e9s de software de otros fabricantes.<\/p>\n<p><strong>Nota: NDI-5503-A Domo fijo 5MP HDR 3-10mm auto<\/strong><\/p>\n<p><strong>C\u00e1mara IP domo profesional para la vigilancia MP para interiores con H.265 y Essential Video Analytics. Domo fijo 5 MP AVF H.265.<\/strong><\/p>\n<p><strong>N\u00famero de pedido: NDI-5503-A.<\/strong><\/p>\n<p><strong>Principales Caracter\u00edsticas<\/strong><\/p>\n<ul>\n<li>F\u00e1cil instalaci\u00f3n con lente con zoom\/enfoque autom\u00e1ticos, asistente y modos preconfigurados.<\/li>\n<li>Resoluci\u00f3n de 5 MP con calidad de imagen hasta 30 ips para ofrecer im\u00e1genes muy detalladas.<\/li>\n<li>Transmisi\u00f3n totalmente configurable de m\u00faltiples flujos H.265.<\/li>\n<li>Essential Video Analytics integrado para activar las alertas relevantes y recuperar los datos de forma r\u00e1pida.<\/li>\n<li>Amplio rango din\u00e1mico para ver todos los detalles en \u00e1reas claras y oscuras de la escena.<\/li>\n<\/ul>\n<p><strong>Especificaciones<\/strong><\/p>\n<p><strong>Alimentaci\u00f3n<\/strong><\/p>\n<ul>\n<li>Tensi\u00f3n de entrada : +12 VCC \u00b15 %, 24 VCA \u00b110 % o,.<\/li>\n<li>Alimentaci\u00f3n por Ethernet (nominal de 48 VCC).<\/li>\n<li>Consumo de energ\u00eda (CC) 7,15 W m\u00e1x.<\/li>\n<li>Consumo de energ\u00eda (CA) 6,15 W m\u00e1x.<\/li>\n<li>Consumo de energ\u00eda (PoE) 7 W m\u00e1x.<\/li>\n<li>Norma IEEE PoE IEEE 802.3af (802.3at tipo 1) Nivel de alimentaci\u00f3n: clase 3.<\/li>\n<\/ul>\n<p><strong>Alimentaci\u00f3n (versi\u00f3n IR)<\/strong><\/p>\n<ul>\n<li>Tensi\u00f3n de entrada: +12 VCC \u00b15 %, 24 VCA \u00b110 % o.<\/li>\n<li>Alimentaci\u00f3n por Ethernet (nominal de 48 VCC).<\/li>\n<li>Consumo de energ\u00eda (CC) 10,8 W m\u00e1x.<\/li>\n<li>Consumo de energ\u00eda (CA) 8,75 W m\u00e1x.<\/li>\n<li>Consumo de energ\u00eda (PoE) 9,2 W m\u00e1x.<\/li>\n<li>Norma IEEE PoE IEEE 802.3af (802.3at tipo 1) Nivel de alimentaci\u00f3n: clase 3.<\/li>\n<\/ul>\n<p><strong>Sensor<\/strong><\/p>\n<ul>\n<li>Escriba CMOS de 1\/2,9 pulg.<\/li>\n<li>P\u00edxeles efectivos: 3072 (H) x 1944 (V).<\/li>\n<\/ul>\n<p><strong>Rendimiento de v\u00eddeo:<\/strong><\/p>\n<p><strong>Sensibilidad Sensibilidad (3100 K, 89% de reflectividad, 1\/25, F1,3, 30 IRE)<\/strong><\/p>\n<ul>\n<li>Color 0,24 lx.<\/li>\n<li>Monocromo 0,03 lx.<\/li>\n<li>Con infrarrojos 0,0 lx.<\/li>\n<\/ul>\n<p><strong>Flujo de v\u00eddeo<\/strong><\/p>\n<ul>\n<li>Compresi\u00f3n de v\u00eddeo H.265; H.264; M- JPEG.<\/li>\n<li>Flujos M\u00faltiples flujos configurables en H.264 o H. 265 y M-JPEG con velocidad de im\u00e1genes y ancho de banda personalizables.<\/li>\n<li>Regiones de inter\u00e9s (ROI).<\/li>\n<li>Latencia de procesamiento de la c\u00e1mara &lt; 120 ms (promedio m\u00e1x. a 5MP30).<\/li>\n<li>Estructura GOP IP.<\/li>\n<li>Intervalo de codificaci\u00f3n 1 a 25 [30] ips.<\/li>\n<li>Regiones de codificaci\u00f3n Hasta 8 \u00e1reas con ajustes de la calidad del codificador para cada \u00e1rea.<\/li>\n<\/ul>\n<p>Resoluci\u00f3n de v\u00eddeo<\/p>\n<ul>\n<li>5 MP (16:9) 3072 x 1728.<\/li>\n<li>Modo vertical 5 MP 1728 x 3072.<\/li>\n<li>4 MP (16:9) 2688 x 1512.<\/li>\n<li>Modo vertical 4 MP 1512 x 2688.<\/li>\n<li>3 MP (16:9) 2304 x 1296.<\/li>\n<li>Modo vertical 3 MP 1296 x 2304.<\/li>\n<li>1080p HD 1920 x 1080.<\/li>\n<li>Modo vertical 1080p 1080 x 1920.<\/li>\n<li>1,3 MP (5:4) 1280 x 1024.<\/li>\n<li>720p 1.280 x 720 480p.<\/li>\n<li>SD 640 x 480 240p.<\/li>\n<li>SD 320 x 240.<\/li>\n<\/ul>\n<p><strong>Funciones de v\u00eddeo<\/strong><\/p>\n<ul>\n<li>D\u00eda\/Noche Color, monocromo, autom\u00e1tico (puntos de conmutaci\u00f3n ajustables).<\/li>\n<li>Ajustes de imagen configurables Contraste, saturaci\u00f3n, brillo.<\/li>\n<li>Balance del blanco De 2500 a 10.000K, 4 modos autom\u00e1ticos (b\u00e1sico, est\u00e1ndar, vapor de sodio, color dominante), modo manual y modo en espera Obturador Obturador electr\u00f3nico autom\u00e1tico (AES); Fijo (1\/25 [30] a 1\/15 000) seleccionable;.<\/li>\n<li>Obturador por defecto Compensaci\u00f3n de contraluz Activado\/desactivado\/Intelligent Auto Exposure (BLC).<\/li>\n<li>Mejora de contraste Activada\/desactivada Relaci\u00f3n se\u00f1al\/ruido (S\/R) &gt;55 dB.<\/li>\n<li>Reducci\u00f3n de ruido Intelligent Dynamic Noise.<\/li>\n<li>Reduction con ajustes temporal y espacial independientes.<\/li>\n<li>Nitidez Nivel de mejora de nitidez seleccionable Intelligent Defog (antiniebla inteligente).<\/li>\n<li>Intelligent Defog ajusta autom\u00e1ticamente los par\u00e1metros para obtener la mejor imagen en escenas con niebla o borrosas (conmutable.<\/li>\n<li>M\u00e1scara de privacidad Ocho \u00e1reas independientes y completamente programables.<\/li>\n<li>An\u00e1lisis de v\u00eddeo Essential Video Analytics.<\/li>\n<\/ul>\n<p><strong>An\u00e1lisis de contenido de v\u00eddeo<\/strong><\/p>\n<p><strong>Tipo de an\u00e1lisis Essential Video Analytics.<\/strong><\/p>\n<p><strong>Caracter\u00edsticas:<\/strong><\/p>\n<ul>\n<li>Regla basada en alarmas y en el seguimiento.<\/li>\n<li>Cruce de l\u00ednea Entrar o salir del campo de visi\u00f3n.<\/li>\n<li>Seguir ruta Merodeo.<\/li>\n<li>Objeto inactivo o eliminado.<\/li>\n<li>Recuento de personas Estimaci\u00f3n de densidad de multitud.<\/li>\n<li>Seguimiento en 3D\u00a0.<\/li>\n<\/ul>\n<p><strong>Visi\u00f3n nocturna (solo en la versi\u00f3n de infrarrojos)<\/strong><\/p>\n<ul>\n<li>Distancia 30 m (98 pies).<\/li>\n<li>Iluminaci\u00f3n LED.<\/li>\n<li>Matriz de 10 LED de gran eficacia, 850 nm.<\/li>\n<li>Intensidad IR Ajustable.<\/li>\n<\/ul>\n<p><strong>Unidad \u00f3ptica<\/strong><\/p>\n<ul>\n<li>Tipo de lente Lente varifocal autom\u00e1tica (AVF) de 3 a 10 mm, con correcci\u00f3n por infrarrojos DC-iris F1.3 &#8211; 360.<\/li>\n<li>Montaje de la lente.<\/li>\n<li>Montaje sobre placa.<\/li>\n<li>Ajuste Zoom\/enfoque motorizados.<\/li>\n<li>Control del iris.<\/li>\n<li>Control autom\u00e1tico del iris D\u00eda\/Noche.<\/li>\n<li>Filtro de infrarrojos mec\u00e1nico conmutado.<\/li>\n<li>Campo de visi\u00f3n horizontal 29\u00b0 &#8211; 92\u00b0.<\/li>\n<li>Campo de visi\u00f3n vertical 18\u00b0 &#8211; 50\u00b0.<\/li>\n<\/ul>\n<p><strong>Software<\/strong><\/p>\n<ul>\n<li>Detecci\u00f3n de la unidad IP Helper.<\/li>\n<li>Configuraci\u00f3n de la unidad A trav\u00e9s de un navegador web o del Configuration Manager.<\/li>\n<li>Actualizaci\u00f3n de firmware Programable de forma remota.<\/li>\n<li>Visualizaci\u00f3n de software Navegador web; Video Security Client; Video Security App; Bosch Video Management System; Bosch Video Client; o software de otros fabricantes.<\/li>\n<li>Firmware y software m\u00e1s recientes: http:\/\/downloadstore.boschsecurity.com\/<\/li>\n<\/ul>\n<p><strong>Red<\/strong><\/p>\n<ul>\n<li>Protocolos: IPv4, IPv6, UDP, TCP, HTTP, HTTPS, RTP\/ RTCP, IGMP V2\/V3, ICMP, ICMPv6, RTSP, FTP, ARP, DHCP, APIPA (Auto-IP, link local address), NTP (SNTP), SNMP (V1, V3, MIB-II), 802.1x, DNS, DNSv6, DDNS (DynDNS.org, selfHOST.de, no-ip.com), SMTP, iSCSI, UPnP (SSDP), DiffServ (QoS), LLDP, SOAP, Dropbox&amp;trade, CHAP, digest authentication.<\/li>\n<li>Codificaci\u00f3n TLS1.0\/1.2, AES128, AES256.<\/li>\n<li>Ethernet 10\/100 Base-T, detecci\u00f3n autom\u00e1tica, d\u00faplex completo\/semid\u00faplex Conectividad Auto-MDIX Interoperabilidad.<\/li>\n<li>ONVIF Profile S; ONVIF Profile G; GB\/T 28181\u00a0.<\/li>\n<\/ul>\n<p><strong>Mec\u00e1nicas<\/strong><\/p>\n<ul>\n<li>Ajuste de 3 ejes (giro\/inclinaci\u00f3n\/ rotaci\u00f3n) 350\u00ba \/ 130\u00ba \/ 330\u00ba.<\/li>\n<li>Dimensiones (\u00d8 x H) 135 x 102 mm (5,32 x 4 pulg.)<\/li>\n<li>Peso (aprox.) 450 g (0,99 libras)<\/li>\n<li>Color RAL 9003, RAL 9017.<\/li>\n<li>Burbuja Policarbonato transparente, con cubierta resistente a ara\u00f1azos.<\/li>\n<\/ul>\n<p><strong>Ambientales<\/strong><\/p>\n<ul>\n<li>Temperatura de funcionamiento (continua): De \u201320 \u00b0C a +50 \u00b0C (de -4 \u00b0F a +122 \u00b0F).<\/li>\n<li>Temperatura de almacenamiento: De -30 \u00b0C a +70 \u00b0C (de -22 \u00b0F a +158 \u00b0F).<\/li>\n<li>Humedad: De 5 % a 93 % de humedad relativa (sin condensaci\u00f3n).<\/li>\n<\/ul>\n<p><img decoding=\"async\" class=\"overview-center-img-\" src=\"https:\/\/tvc.mx\/media\/13647\/Logoopaginas-oficial.png\" alt=\"\" \/><\/p>\n","protected":false},"excerpt":{"rendered":"<p>NDI-5503-A Domo fijo 5MP HDR 3-10mm auto Las c\u00e1maras domo para interiores de 5 MP de Bosch son c\u00e1maras de vigilancia profesional que ofrecen im\u00e1genes MP de alta calidad para satisfacer las necesidades de las redes de vigilancia y seguridad m\u00e1s exigentes.\u00a0Estos domos son c\u00e1maras&hellip;<\/p>\n","protected":false},"featured_media":7299,"comment_status":"open","ping_status":"closed","template":"","meta":{"om_disable_all_campaigns":false,"_monsterinsights_skip_tracking":false,"_monsterinsights_sitenote_active":false,"_monsterinsights_sitenote_note":"","_monsterinsights_sitenote_category":0},"product_brand":[],"product_cat":[657],"product_tag":[613,611,612,616,615,610,614,617],"class_list":{"0":"post-7300","1":"product","2":"type-product","3":"status-publish","4":"has-post-thumbnail","6":"product_cat-domo-camaras-ip-bosch-video-vigilancia","7":"product_tag-bosch","8":"product_tag-manhattan","9":"product_tag-saxxon","10":"product_tag-surveon","11":"product_tag-utepo","12":"product_tag-videovigilancia","13":"product_tag-vivotek","14":"product_tag-zteco","16":"first","17":"instock","18":"sale","19":"taxable","20":"shipping-taxable","21":"purchasable","22":"product-type-simple"},"aioseo_notices":[],"_links":{"self":[{"href":"https:\/\/tecsecmty.com\/index.php\/wp-json\/wp\/v2\/product\/7300","targetHints":{"allow":["GET"]}}],"collection":[{"href":"https:\/\/tecsecmty.com\/index.php\/wp-json\/wp\/v2\/product"}],"about":[{"href":"https:\/\/tecsecmty.com\/index.php\/wp-json\/wp\/v2\/types\/product"}],"replies":[{"embeddable":true,"href":"https:\/\/tecsecmty.com\/index.php\/wp-json\/wp\/v2\/comments?post=7300"}],"version-history":[{"count":0,"href":"https:\/\/tecsecmty.com\/index.php\/wp-json\/wp\/v2\/product\/7300\/revisions"}],"wp:featuredmedia":[{"embeddable":true,"href":"https:\/\/tecsecmty.com\/index.php\/wp-json\/wp\/v2\/media\/7299"}],"wp:attachment":[{"href":"https:\/\/tecsecmty.com\/index.php\/wp-json\/wp\/v2\/media?parent=7300"}],"wp:term":[{"taxonomy":"product_brand","embeddable":true,"href":"https:\/\/tecsecmty.com\/index.php\/wp-json\/wp\/v2\/product_brand?post=7300"},{"taxonomy":"product_cat","embeddable":true,"href":"https:\/\/tecsecmty.com\/index.php\/wp-json\/wp\/v2\/product_cat?post=7300"},{"taxonomy":"product_tag","embeddable":true,"href":"https:\/\/tecsecmty.com\/index.php\/wp-json\/wp\/v2\/product_tag?post=7300"}],"curies":[{"name":"wp","href":"https:\/\/api.w.org\/{rel}","templated":true}]}}