{"id":7302,"date":"2023-02-23T16:08:50","date_gmt":"2023-02-23T22:08:50","guid":{"rendered":"https:\/\/tecsecmty.com\/index.php\/producto\/bosch-v_ndi5503al-camara-domo-ip-resolucion-5-mp-infrarrojos-interior\/"},"modified":"2023-03-22T23:22:01","modified_gmt":"2023-03-23T05:22:01","slug":"bosch-v_ndi5503al-camara-domo-ip-resolucion-5-mp-infrarrojos-interior","status":"publish","type":"product","link":"https:\/\/tecsecmty.com\/index.php\/producto\/bosch-v_ndi5503al-camara-domo-ip-resolucion-5-mp-infrarrojos-interior\/","title":{"rendered":"BOSCH V_NDI5503AL &#8211; Camara domo IP \/ Resolucion 5 MP \/ Infrarrojos \/ Interior"},"content":{"rendered":"<div class=\"row aling-items-center padding-bottom-2x\">\n<div class=\"col-lg-12\">\n<h5 class=\"card-title text-center\">V_NDI5503AL<\/h5>\n<p>F\u00e1cil instalaci\u00f3n con lente con zoom\/enfoque autom\u00e1ticos, asistente y modos preconfigurados.<\/p>\n<p>Transmisi\u00f3n totalmente configurable de m\u00faltiples flujos H.265<\/p>\n<p>Resoluci\u00f3n de 5\u00a0MP con calidad de imagen hasta 30\u00a0ips para ofrecer im\u00e1genes muy detalladas<\/p>\n<p>Essential Video Analytics integrado para activar las alertas relevantes y recuperar los datos de forma r\u00e1pida<\/p>\n<p>Amplio rango din\u00e1mico para ver todos los detalles en \u00e1reas claras y oscuras de la escena<\/p>\n<p><img decoding=\"async\" class=\"overview-center-img-web\" src=\"https:\/\/tvc.mx\/media\/191526\/BANNER_CCTV.png\" alt=\"\" \/><\/div>\n<\/div>\n<div class=\"row align-items-center padding-bottom-2x\">\n<div class=\"col-md-5 order-md-2\"><img decoding=\"async\" class=\"d-block m-auto img-thumbnail\" src=\"https:\/\/tvc.mx\/media\/191570\/FLEXIDOME.png\" alt=\" \" \/><\/div>\n<div class=\"col-md-7 order-md-1 text-md-left text-center\">\n<h2>Descripci\u00f3n inicial<\/h2>\n<p class=\"text-muted\">\n<p class=\"ql-align-justify\">Las c\u00e1maras domo para exteriores de 5 MP de Bosch son c\u00e1maras de vigilancia profesional que ofrecen im\u00e1genes HD de alta calidad para satisfacer las necesidades de las redes de vigilancia y seguridad m\u00e1s exigentes. Estos domos resistentes son c\u00e1maras d\u00eda\/noche aut\u00e9nticas que ofrecen un rendimiento excelente tanto de d\u00eda como de noche. Existe una versi\u00f3n con un iluminador de infrarrojos activo integrado que ofrece un alto rendimiento en entornos con muy poca luz.<\/p>\n<p class=\"ql-align-justify\">Domo para exteriores antivand\u00e1lico con lente varifocal Es ideal para exteriores y su dise\u00f1o IK10 resulta adecuado para instalaciones en las que la resistencia antivand\u00e1lica es un factor fundamental. La c\u00e1mara est\u00e1 protegida contra el agua y el polvo conforme al est\u00e1ndar IP66. La lente varifocal le permite elegir el \u00e1rea de cobertura m\u00e1s adecuada para su aplicaci\u00f3n. Adem\u00e1s, ofrece varias posibilidades de montaje, entre las que cabe citar el montaje en una superficie, en la pared y suspendido en el techo. El asistente para lentes con zoom\/enfoque autom\u00e1ticos permite al instalador ajustar el zoom y enfocar la c\u00e1mara de forma precisa y sencilla para el funcionamiento de d\u00eda y de noche. El asistente se activa desde el PC o desde el pulsador integrado en la c\u00e1mara, lo que facilita la elecci\u00f3n del procedimiento de trabajo m\u00e1s adecuado. La funci\u00f3n AVF (varifocal autom\u00e1tica) permite cambiar el zoom sin necesidad de abrir la c\u00e1mara. El ajuste autom\u00e1tico del enfoque\/zoom motorizados con asignaci\u00f3n de p\u00edxeles de 1:1 garantiza que la c\u00e1mara siempre se enfoque de forma precisa.<\/p>\n<p>&nbsp;<\/p>\n<\/div>\n<\/div>\n<hr class=\"padding-bottom-2x\" \/>\n<div class=\"row align-items-center padding-bottom-2x\">\n<div class=\"col-md-5\"><img decoding=\"async\" class=\"d-block m-auto img-thumbnail\" src=\"https:\/\/tvc.mx\/media\/191614\/Sin-t%C3%ADtulo-5BBBBBB.png\" alt=\" \" \/><\/div>\n<div class=\"col-md-7 text-md-left text-center\">\n<h2>Caracter\u00edsticas y Especificaciones<\/h2>\n<p class=\"text-muted\">\n<p><strong>Essential Video Analytics<\/strong><\/p>\n<p class=\"ql-align-justify\">El an\u00e1lisis de v\u00eddeo integrado refuerza el concepto de \u00abinteligencia en origen\u00bb y proporciona ahora funciones a\u00fan m\u00e1s potentes. Essential Video Analytics resulta ideal para su uso en entornos controlados con intervalos de detecci\u00f3n limitada. El sistema detecta objetos, realiza su seguimiento y los analiza de forma fiable y, a continuaci\u00f3n, notifica la activaci\u00f3n de las alarmas predefinidas. Mediante un conjunto inteligente de reglas de alarma, facilita las tareas complejas y reduce al m\u00ednimo las falsas alarmas.<\/p>\n<p class=\"ql-align-justify\"><strong>Se a\u00f1aden metadatos al v\u00eddeo para dar sentido y estructura.<\/strong><\/p>\n<p class=\"ql-align-justify\">Esto permite recuperar r\u00e1pidamente las im\u00e1genes pertinentes de horas de grabaci\u00f3n de v\u00eddeo almacenadas. Los metadatos tambi\u00e9n se pueden usar para proporcionar pruebas periciales irrefutables o para optimizar los procesos empresariales en funci\u00f3n de los datos de recuento de personas o de densidad de multitudes. La calibraci\u00f3n es r\u00e1pida y sencilla: solo tiene que introducir la altura de la c\u00e1mara. El sensor de giro\/ aceler\u00f3metro interno proporciona el resto de la informaci\u00f3n para calibrar el an\u00e1lisis de v\u00eddeo de forma precisa.<\/p>\n<p class=\"ql-align-justify\"><strong>Alto rango din\u00e1mico<\/strong><\/p>\n<p class=\"ql-align-justify\">La c\u00e1mara tiene un amplio rango din\u00e1mico. Se basa en un proceso de exposici\u00f3n m\u00faltiple que captura m\u00e1s detalles en las zonas iluminadas y en las sombras, incluso en la misma escena. Como resultado, puede distinguir f\u00e1cilmente los objetos y los detalles, por ejemplo, rostros con un contraluz intenso. El rango din\u00e1mico real de la c\u00e1mara se mide mediante el an\u00e1lisis de la funci\u00f3n de conversi\u00f3n optoelectr\u00f3nica (OECF) seg\u00fan la norma IEC\u00a062676, apartado\u00a05. Este m\u00e9todo se utiliza para ofrecer un resultado est\u00e1ndar que se puede utilizar para comparar diferentes c\u00e1maras.<\/p>\n<p class=\"ql-align-justify\"><strong>Content Based Imaging Technology<\/strong><\/p>\n<p class=\"ql-align-justify\">Content Based Imaging Technology (CBIT) se utiliza para mejorar radicalmente la calidad de imagen en todas las condiciones de iluminaci\u00f3n y para identificar \u00e1reas para mejorar el procesamiento. La c\u00e1mara examina la escena mediante la funci\u00f3n Essential Video Analytics devuelve la informaci\u00f3n necesaria para reajustar el procesamiento de la imagen. Esto proporciona un mayor nivel de detalle en las zonas importantes y un mejor rendimiento en todos los sentidos. La tecnolog\u00eda Intelligent Auto Exposure, por ejemplo, le permite ver objetos en movimiento en \u00e1reas luminosas y oscuras de una escena. Los flujos inteligentes reducen los requisitos de ancho de banda y almacenamiento El bajo nivel de ruido de la imagen y la eficaz tecnolog\u00eda de compresi\u00f3n H.265 ofrecen im\u00e1genes n\u00edtidas, al mismo tiempo que reducen el ancho de banda y el almacenamiento hasta en un 80% en comparaci\u00f3n con las c\u00e1maras H.264 est\u00e1ndar.<\/p>\n<p class=\"ql-align-justify\"><strong>Con esta nueva generaci\u00f3n de c\u00e1maras se a\u00f1ade un nivel de inteligencia adicional con flujos inteligentes.<\/strong><\/p>\n<p class=\"ql-align-justify\">La c\u00e1mara ofrece la imagen m\u00e1s \u00fatil posible optimizando de forma inteligente la relaci\u00f3n detalle\/ancho de banda. El codificador inteligente analiza continuamente toda la escena, as\u00ed como regiones de la escena, y ajusta de forma din\u00e1mica la compresi\u00f3n en funci\u00f3n de la informaci\u00f3n relevante, como el movimiento. Junto con Intelligent Dynamic Noise Reduction, que analiza activamente el contenido de una escena y reduce los artefactos de ruido en consecuencia, se reduce la velocidad en bits hasta un 80\u00a0%. Al reducir el ruido en el origen durante la captura de la imagen, la menor tasa de bits no afecta a la calidad del v\u00eddeo. Esto de lugar a una reducci\u00f3n notable de los costes de almacenamiento y de la carga de la red, conservando una gran calidad de imagen y un movimiento suave.<\/p>\n<p class=\"ql-align-justify\">Varios flujos<\/p>\n<p class=\"ql-align-justify\">Esta innovadora funci\u00f3n de transmisi\u00f3n m\u00faltiple ofrece varios flujos H.265 junto con un flujo M-JPEG. Estos flujos facilitan una visualizaci\u00f3n y grabaci\u00f3n eficientes con poco uso del ancho de banda, as\u00ed como la integraci\u00f3n con sistemas de gesti\u00f3n de v\u00eddeo de otros fabricantes. La c\u00e1mara puede ejecutar varios flujos independientes, de modo que permite establecer una resoluci\u00f3n y una velocidad de im\u00e1genes distintas en el primer flujo y el segundo flujo. El usuario tambi\u00e9n puede optar por utilizar una copia de la primera secuencia.<\/p>\n<p class=\"ql-align-justify\"><strong>El tercer flujo usa los fotogramas I del primer flujo para la grabaci\u00f3n.<\/strong><\/p>\n<p class=\"ql-align-justify\">El cuarto flujo muestra una imagen JPEG a un m\u00e1ximo de 10\u00a0MB\/s. Audio bidireccional y alarma de audio El audio bidireccional permite al operador comunicarse con los visitantes o intrusos a trav\u00e9s de una entrada y salida de l\u00ednea de audio externo. Se puede utilizar la detecci\u00f3n de audio para generar una alarma, en caso de necesidad.<\/p>\n<p class=\"ql-align-justify\"><strong>Detecci\u00f3n de movimiento y sabotaje<\/strong><\/p>\n<p class=\"ql-align-justify\">La c\u00e1mara dispone de una amplia gama de opciones de configuraci\u00f3n de alarmas para alertar de los intentos de sabotaje. Tambi\u00e9n se puede utilizar un algoritmo integrado para detectar cualquier movimiento en el v\u00eddeo y emitir una se\u00f1al de alarma.<\/p>\n<p class=\"ql-align-justify\"><strong>Gesti\u00f3n de almacenamiento<\/strong><\/p>\n<p class=\"ql-align-justify\">La gesti\u00f3n de grabaciones se puede controlar con el Bosch\u00a0Video\u00a0Recording\u00a0Manager (Video\u00a0Recording\u00a0Manager) o bien la c\u00e1mara puede utilizar destinos iSCSI directamente, sin software de grabaci\u00f3n.<\/p>\n<\/div>\n<\/div>\n","protected":false},"excerpt":{"rendered":"<p>V_NDI5503AL F\u00e1cil instalaci\u00f3n con lente con zoom\/enfoque autom\u00e1ticos, asistente y modos preconfigurados. Transmisi\u00f3n totalmente configurable de m\u00faltiples flujos H.265 Resoluci\u00f3n de 5\u00a0MP con calidad de imagen hasta 30\u00a0ips para ofrecer im\u00e1genes muy detalladas Essential Video Analytics integrado para activar las alertas relevantes y recuperar los&hellip;<\/p>\n","protected":false},"featured_media":7301,"comment_status":"open","ping_status":"closed","template":"","meta":{"om_disable_all_campaigns":false,"_monsterinsights_skip_tracking":false,"_monsterinsights_sitenote_active":false,"_monsterinsights_sitenote_note":"","_monsterinsights_sitenote_category":0},"product_brand":[],"product_cat":[657],"product_tag":[613,611,612,616,615,610,614,617],"class_list":{"0":"post-7302","1":"product","2":"type-product","3":"status-publish","4":"has-post-thumbnail","6":"product_cat-domo-camaras-ip-bosch-video-vigilancia","7":"product_tag-bosch","8":"product_tag-manhattan","9":"product_tag-saxxon","10":"product_tag-surveon","11":"product_tag-utepo","12":"product_tag-videovigilancia","13":"product_tag-vivotek","14":"product_tag-zteco","16":"first","17":"instock","18":"sale","19":"taxable","20":"shipping-taxable","21":"purchasable","22":"product-type-simple"},"aioseo_notices":[],"_links":{"self":[{"href":"https:\/\/tecsecmty.com\/index.php\/wp-json\/wp\/v2\/product\/7302","targetHints":{"allow":["GET"]}}],"collection":[{"href":"https:\/\/tecsecmty.com\/index.php\/wp-json\/wp\/v2\/product"}],"about":[{"href":"https:\/\/tecsecmty.com\/index.php\/wp-json\/wp\/v2\/types\/product"}],"replies":[{"embeddable":true,"href":"https:\/\/tecsecmty.com\/index.php\/wp-json\/wp\/v2\/comments?post=7302"}],"version-history":[{"count":0,"href":"https:\/\/tecsecmty.com\/index.php\/wp-json\/wp\/v2\/product\/7302\/revisions"}],"wp:featuredmedia":[{"embeddable":true,"href":"https:\/\/tecsecmty.com\/index.php\/wp-json\/wp\/v2\/media\/7301"}],"wp:attachment":[{"href":"https:\/\/tecsecmty.com\/index.php\/wp-json\/wp\/v2\/media?parent=7302"}],"wp:term":[{"taxonomy":"product_brand","embeddable":true,"href":"https:\/\/tecsecmty.com\/index.php\/wp-json\/wp\/v2\/product_brand?post=7302"},{"taxonomy":"product_cat","embeddable":true,"href":"https:\/\/tecsecmty.com\/index.php\/wp-json\/wp\/v2\/product_cat?post=7302"},{"taxonomy":"product_tag","embeddable":true,"href":"https:\/\/tecsecmty.com\/index.php\/wp-json\/wp\/v2\/product_tag?post=7302"}],"curies":[{"name":"wp","href":"https:\/\/api.w.org\/{rel}","templated":true}]}}