{"id":7304,"date":"2023-02-23T16:08:54","date_gmt":"2023-02-23T22:08:54","guid":{"rendered":"https:\/\/tecsecmty.com\/index.php\/producto\/bosch-v_ndn50022a3-camara-domo-ip-1080p-exterior\/"},"modified":"2023-03-22T23:22:01","modified_gmt":"2023-03-23T05:22:01","slug":"bosch-v_ndn50022a3-camara-domo-ip-1080p-exterior","status":"publish","type":"product","link":"https:\/\/tecsecmty.com\/index.php\/producto\/bosch-v_ndn50022a3-camara-domo-ip-1080p-exterior\/","title":{"rendered":"BOSCH V_NDN50022A3 &#8211; Camara domo IP \/ 1080p \/ Exterior"},"content":{"rendered":"<div class=\"row aling-items-center padding-bottom-2x\">\n<div class=\"col-lg-12\">\n<h5 class=\"card-title text-center\">FLEXIDOME IP outdoor 5000 HD<\/h5>\n<p>1080p resolution for sharp images<\/p>\n<p>Easy to install with auto zoom\/focus lens, wizard and pre-configured modes<\/p>\n<p>Fully configurable quad streaming<\/p>\n<p>Regions of interest and E-PTZ<\/p>\n<p>IR version with 15\u00a0m (50 ft) viewing distance<\/p>\n<p><img decoding=\"async\" class=\"overview-center-img-web\" src=\"https:\/\/tvc.mx\/media\/389091\/BANNER-CCTV.png\" alt=\"\" \/><\/div>\n<\/div>\n<div class=\"row align-items-center padding-bottom-2x\">\n<div class=\"col-md-5 order-md-2\"><img decoding=\"async\" class=\"d-block m-auto img-thumbnail\" src=\"https:\/\/tvc.mx\/media\/389095\/flexidome5000_400x300_2.PNG\" alt=\" \" \/><\/div>\n<div class=\"col-md-7 order-md-1 text-md-left text-center\">\n<h2>Descripci\u00f3n inicial<\/h2>\n<p class=\"text-muted\">\n<p class=\"ql-align-justify\">Domo para exteriores antivand\u00e1lico con lente varifocal Es ideal para exteriores y su dise\u00f1o IK10 resulta adecuado para instalaciones en las que la resistencia antivand\u00e1lica es un factor fundamental. La c\u00e1mara est\u00e1 protegida contra el agua y el polvo conforme al est\u00e1ndar IP66. La lente varifocal le permite elegir el \u00e1rea de cobertura m\u00e1s adecuada para su aplicaci\u00f3n. Adem\u00e1s, ofrece varias posibilidades de montaje, entre las que cabe citar el montaje en una superficie, en la pared y suspendido en el techo. El asistente para lentes con zoom\/enfoque autom\u00e1ticos permite al instalador ajustar el zoom y enfocar la c\u00e1mara de forma precisa y sencilla para el funcionamiento de d\u00eda y de noche. El asistente se activa desde el PC o desde el pulsador integrado en la c\u00e1mara, lo que facilita la elecci\u00f3n del procedimiento de trabajo m\u00e1s adecuado. La funci\u00f3n AVF (varifocal autom\u00e1tica) permite cambiar el zoom sin necesidad de abrir la c\u00e1mara. El ajuste autom\u00e1tico del enfoque\/zoom motorizados con asignaci\u00f3n de p\u00edxeles de 1:1 garantiza que la c\u00e1mara siempre se enfoque de forma precisa.<\/p>\n<p>&nbsp;<\/p>\n<\/div>\n<\/div>\n<hr class=\"padding-bottom-2x\" \/>\n<div class=\"row align-items-center padding-bottom-2x\">\n<div class=\"col-md-5 order-md-2\"><img decoding=\"async\" class=\"d-block m-auto img-thumbnail\" src=\"https:\/\/tvc.mx\/media\/389111\/flexidome2.png\" alt=\" \" \/><\/div>\n<div class=\"col-md-7 order-md-1 text-md-left text-center\">\n<h2>Intelligent Dynamic Noise Reduction<\/h2>\n<p class=\"text-muted\">\n<p>Reduce los requisitos de ancho de banda y de almacenamiento La c\u00e1mara utiliza Intelligent Dynamic Noise Reduction, que analiza activamente el contenido de la escena y reduce los artefactos de ruido de forma acorde. El bajo nivel de ruido de la imagen y la eficaz tecnolog\u00eda de compresi\u00f3n H.264 ofrecen im\u00e1genes n\u00edtidas, al mismo tiempo que reducen el ancho de banda y el almacenamiento hasta en un 50% en comparaci\u00f3n con otras c\u00e1maras H.264. Esto da como resultado flujos con ancho de banda reducido que mantienen una alta calidad de imagen y un movimiento fluido. La c\u00e1mara ofrece la imagen m\u00e1s \u00fatil posible optimizando de forma inteligente la relaci\u00f3n detalle\/ ancho de banda.<\/p>\n<p><strong>Codificaci\u00f3n basada en zonas<\/strong><\/p>\n<p>La codificaci\u00f3n basada en zonas es otra funci\u00f3n que reduce el ancho de banda. Se pueden ajustar par\u00e1metros de compresi\u00f3n para un m\u00e1ximo de ocho zonas configurables por el usuario. Esto permite realizar una alta compresi\u00f3n de las zonas de poco inter\u00e9s, dejando m\u00e1s ancho de banda para las partes importantes de la escena.<\/p>\n<p>&nbsp;<\/p>\n<\/div>\n<\/div>\n<hr class=\"padding-bottom-2x\" \/>\n<div class=\"row align-items-center padding-bottom-2x\">\n<div class=\"col-md-5 order-md-2\"><img decoding=\"async\" class=\"d-block m-auto img-thumbnail\" src=\"https:\/\/tvc.mx\/media\/389115\/Sin-t%C3%ADtulo-10.png\" alt=\" \" \/><\/div>\n<div class=\"col-md-7 order-md-1 text-md-left text-center\">\n<h2>Zonas de inter\u00e9s y E-PTZ<\/h2>\n<p class=\"text-muted\">\n<p class=\"ql-align-justify\">Zonas de inter\u00e9s y E-PTZ El usuario puede definir las zonas de inter\u00e9s. Los controles remotos E-PTZ de giro, inclinaci\u00f3n y zoom electr\u00f3nicos permiten seleccionar zonas espec\u00edficas de la imagen principal. Estas zonas producen flujos diferentes para una visualizaci\u00f3n y grabaci\u00f3n remotas. Estos flujos, junto con el flujo principal, permiten al operario controlar individualmente la parte m\u00e1s importante de una escena manteniendo la atenci\u00f3n sobre la escena general.<\/p>\n<p class=\"ql-align-justify\"><strong>Audio bidireccional y alarma de audio<\/strong><\/p>\n<p class=\"ql-align-justify\">El audio bidireccional permite al operador comunicarse con los visitantes o intrusos a trav\u00e9s de una entrada y salida de l\u00ednea de audio externo. Se puede utilizar la detecci\u00f3n de audio para generar una alarma, en caso de necesidad.<\/p>\n<p>&nbsp;<\/p>\n<\/div>\n<\/div>\n<hr class=\"padding-bottom-2x\" \/>\n<div class=\"row aling-items-center padding-bottom-2x\">\n<div class=\"col-lg-12\">\n<h5 class=\"card-title text-center\">INCLUYE:<\/h5>\n<ul>\n<li>C\u00e1mara domo modelo : NDN-50022-A3<\/li>\n<\/ul>\n<p><img decoding=\"async\" class=\"overview-center-img-web\" src=\"https:\/\/tvc.mx\/media\/389127\/BANNER-PIE-DEPAGINA.png\" alt=\"\" \/><\/div>\n<\/div>\n","protected":false},"excerpt":{"rendered":"<p>FLEXIDOME IP outdoor 5000 HD 1080p resolution for sharp images Easy to install with auto zoom\/focus lens, wizard and pre-configured modes Fully configurable quad streaming Regions of interest and E-PTZ IR version with 15\u00a0m (50 ft) viewing distance Descripci\u00f3n inicial Domo para exteriores antivand\u00e1lico con&hellip;<\/p>\n","protected":false},"featured_media":7303,"comment_status":"open","ping_status":"closed","template":"","meta":{"om_disable_all_campaigns":false,"_monsterinsights_skip_tracking":false,"_monsterinsights_sitenote_active":false,"_monsterinsights_sitenote_note":"","_monsterinsights_sitenote_category":0},"product_brand":[],"product_cat":[657],"product_tag":[613,611,612,616,615,610,614,617],"class_list":{"0":"post-7304","1":"product","2":"type-product","3":"status-publish","4":"has-post-thumbnail","6":"product_cat-domo-camaras-ip-bosch-video-vigilancia","7":"product_tag-bosch","8":"product_tag-manhattan","9":"product_tag-saxxon","10":"product_tag-surveon","11":"product_tag-utepo","12":"product_tag-videovigilancia","13":"product_tag-vivotek","14":"product_tag-zteco","16":"first","17":"instock","18":"sale","19":"taxable","20":"shipping-taxable","21":"purchasable","22":"product-type-simple"},"aioseo_notices":[],"_links":{"self":[{"href":"https:\/\/tecsecmty.com\/index.php\/wp-json\/wp\/v2\/product\/7304","targetHints":{"allow":["GET"]}}],"collection":[{"href":"https:\/\/tecsecmty.com\/index.php\/wp-json\/wp\/v2\/product"}],"about":[{"href":"https:\/\/tecsecmty.com\/index.php\/wp-json\/wp\/v2\/types\/product"}],"replies":[{"embeddable":true,"href":"https:\/\/tecsecmty.com\/index.php\/wp-json\/wp\/v2\/comments?post=7304"}],"version-history":[{"count":0,"href":"https:\/\/tecsecmty.com\/index.php\/wp-json\/wp\/v2\/product\/7304\/revisions"}],"wp:featuredmedia":[{"embeddable":true,"href":"https:\/\/tecsecmty.com\/index.php\/wp-json\/wp\/v2\/media\/7303"}],"wp:attachment":[{"href":"https:\/\/tecsecmty.com\/index.php\/wp-json\/wp\/v2\/media?parent=7304"}],"wp:term":[{"taxonomy":"product_brand","embeddable":true,"href":"https:\/\/tecsecmty.com\/index.php\/wp-json\/wp\/v2\/product_brand?post=7304"},{"taxonomy":"product_cat","embeddable":true,"href":"https:\/\/tecsecmty.com\/index.php\/wp-json\/wp\/v2\/product_cat?post=7304"},{"taxonomy":"product_tag","embeddable":true,"href":"https:\/\/tecsecmty.com\/index.php\/wp-json\/wp\/v2\/product_tag?post=7304"}],"curies":[{"name":"wp","href":"https:\/\/api.w.org\/{rel}","templated":true}]}}