{"id":7306,"date":"2023-02-23T16:08:56","date_gmt":"2023-02-23T22:08:56","guid":{"rendered":"https:\/\/tecsecmty.com\/index.php\/producto\/bosch-v_ndv3502f03-flexidome-ip-micro-3000-lente-fijo-100-ik08\/"},"modified":"2023-03-22T23:22:03","modified_gmt":"2023-03-23T05:22:03","slug":"bosch-v_ndv3502f03-flexidome-ip-micro-3000-lente-fijo-100-ik08","status":"publish","type":"product","link":"https:\/\/tecsecmty.com\/index.php\/producto\/bosch-v_ndv3502f03-flexidome-ip-micro-3000-lente-fijo-100-ik08\/","title":{"rendered":"BOSCH V_NDV3502F03- FLEXIDOME IP MICRO 3000\/ LENTE FIJO 100\/ IK08"},"content":{"rendered":"<h5 class=\"card-title text-center\">Resumen general<\/h5>\n<p>El modelo FLEXIDOME IP micro 3000i\u00a0se ha dise\u00f1ado para ofrecer una gran calidad, rendimiento ininterrumpido 24\/7, con una amplia gama de funciones de vigilancia fiables, como Essential\u00a0Video\u00a0Analytics y est\u00e1 dise\u00f1ado para facilitar la instalaci\u00f3n. El dise\u00f1o compacto y minimalista ofrece una gran flexibilidad de instalaci\u00f3n y distintas opciones de montaje.<\/p>\n<p><strong><u>Funciones<\/u><\/strong><\/p>\n<p><strong>Essential Video Analytics<\/strong><\/p>\n<p>El an\u00e1lisis de v\u00eddeo integrado refuerza el concepto de \u00abinteligencia en origen\u00bb y proporciona ahora funciones a\u00fan m\u00e1s potentes. Essential Video Analytics resulta ideal para su uso en entornos controlados con intervalos de detecci\u00f3n limitada. El sistema detecta objetos, realiza su seguimiento y los analiza de forma fiable y, a continuaci\u00f3n, notifica la activaci\u00f3n de las alarmas predefinidas. Mediante un conjunto inteligente de reglas de alarma, facilita las tareas complejas y reduce al m\u00ednimo las falsas alarmas. Se a\u00f1aden metadatos al v\u00eddeo para dar sentido y estructura. Esto permite recuperar r\u00e1pidamente las im\u00e1genes pertinentes de horas de grabaci\u00f3n de v\u00eddeo almacenadas. Los metadatos tambi\u00e9n se pueden usar para proporcionar pruebas periciales irrefutables o para optimizar los procesos empresariales en funci\u00f3n de los datos de recuento de personas o de densidad de multitudes.<\/p>\n<p><strong>Alto rango din\u00e1mico<\/strong><\/p>\n<p>El modo de alto rango din\u00e1mico se basa en un proceso de exposici\u00f3n m\u00faltiple que captura m\u00e1s detalles en las zonas iluminadas y en las sombras, incluso en la misma escena. Como resultado, puede distinguir f\u00e1cilmente los objetos y los detalles, por ejemplo, rostros con un contraluz intenso. El rango din\u00e1mico real de la c\u00e1mara se mide mediante el an\u00e1lisis de la funci\u00f3n de conversi\u00f3n optoelectr\u00f3nica (OECF) conforme al apartado\u00a05 de IEC\u00a062676.<\/p>\n<p><strong>Flujo inteligente<\/strong><\/p>\n<p>Las capacidades de codificaci\u00f3n inteligentes, junto con la tecnolog\u00eda Intelligent Dynamic Noise Reduction y el an\u00e1lisis, reducen el consumo de ancho de banda a niveles extremadamente bajos. Solo es necesario codificar la informaci\u00f3n relevante de la escena, como el movimiento o los objetos encontrados con el an\u00e1lisis. La c\u00e1mara es capaz de realizar transmisiones tripes de flujo, lo que permite generar flujos configurables independientes para visualizaciones en directo, grabaciones o monitorizaci\u00f3n remota a trav\u00e9s de anchos de banda restringidos. Es posible adaptar cada uno de estos flujos por separado para ofrecer un v\u00eddeo de alta calidad, perfectamente adaptado a cada finalidad, a la vez que se reduce la tasa de bits hasta un 90\u00a0% en comparaci\u00f3n con una c\u00e1mara est\u00e1ndar.<\/p>\n<p><strong>Codificaci\u00f3n de v\u00eddeo de alta eficiencia H.265<\/strong><\/p>\n<p>La c\u00e1mara se ha dise\u00f1ado en la plataforma de codificaci\u00f3n m\u00e1s eficaz y potente H.264 y H.265\/ HEVC. La c\u00e1mara tiene capacidad para ofrecer v\u00eddeo de alta calidad y alta resoluci\u00f3n con una carga de la red muy baja. Con el doble de eficiencia de codificaci\u00f3n, H.265 es el est\u00e1ndar de compresi\u00f3n preferido para sistemas de videovigilancia IP.<\/p>\n<p><strong>Detecci\u00f3n de movimiento y sabotaje<\/strong><\/p>\n<p>La c\u00e1mara dispone de una amplia gama de opciones de configuraci\u00f3n de alarmas para alertar de los intentos de sabotaje. Tambi\u00e9n se puede utilizar un algoritmo integrado para detectar cualquier movimiento en el v\u00eddeo y emitir una se\u00f1al de alarma.<\/p>\n<p><strong>Micr\u00f3fono incorporado y alarma ac\u00fastica<\/strong><\/p>\n<p>La c\u00e1mara dispone de un micr\u00f3fono integrado para que los operadores puedan escuchar el \u00e1rea supervisada. Se puede utilizar la detecci\u00f3n de audio para generar una alarma, en caso de necesidad.<\/p>\n<p><strong>Grabaci\u00f3n y gesti\u00f3n de almacenamiento<\/strong><\/p>\n<p>La gesti\u00f3n de grabaciones se puede controlar con la aplicaci\u00f3n Bosch\u00a0Video\u00a0Recording\u00a0Manager, o bien la c\u00e1mara puede utilizar el almacenamiento local y destinos iSCSI directamente, sin software de grabaci\u00f3n. Es posible utilizar el almacenamiento local para grabar \u00aben origen\u00bb o para mejorar la fiabilidad global de la grabaci\u00f3n mediante la tecnolog\u00eda Automatic Network Replenishment (ANR). La grabaci\u00f3n previa a la alarma en la RAM reduce el consumo de ancho de banda en la red y ampl\u00eda la vida efectiva de la tarjeta de memoria.<\/p>\n<p><strong>Grabaci\u00f3n de forma local<\/strong><\/p>\n<p>Inserte una tarjeta de memoria en la ranura para tarjeta para almacenar una grabaci\u00f3n con alarma local de hasta 2\u00a0TB. La grabaci\u00f3n previa a la alarma en la RAM reduce el ancho de banda de grabaci\u00f3n en la red y ampl\u00eda la vida efectiva de la tarjeta de red. Su grabaci\u00f3n avanzada en origen proporciona una soluci\u00f3n de almacenamiento fiable mediante la combinaci\u00f3n de estas funciones:<\/p>\n<p>\u2022 La compatibilidad con tarjetas SD de uso industrial permite disfrutar de una vida \u00fatil extrema<\/p>\n<p>\u2022 La monitorizaci\u00f3n del estado de las tarjetas SD de uso industrial proporciona indicaciones anticipadas de servicio.<\/p>\n<p><strong>Instalaci\u00f3n sencilla<\/strong><\/p>\n<p>La c\u00e1mara puede recibir suministro de energ\u00eda mediante una conexi\u00f3n de cable de red compatible con alimentaci\u00f3n por Ethernet (PoE). Con esta configuraci\u00f3n, solo se necesita una \u00fanica conexi\u00f3n del cable para ver, alimentar y controlar la c\u00e1mara. El uso de alimentaci\u00f3n por Ethernet o PoE facilita la instalaci\u00f3n y la hace m\u00e1s rentable, ya que las c\u00e1maras no necesitan una fuente de alimentaci\u00f3n local. La c\u00e1mara tambi\u00e9n puede recibir suministro de energ\u00eda mediante fuentes de alimentaci\u00f3n de +12\u00a0V\u00a0CC. Para evitar problemas con el cableado de red, las c\u00e1maras son compatibles con Auto-MDIX, lo que permite el uso de cables directos o cruzados.<\/p>\n<p><strong>Seguridad de los datos<\/strong><\/p>\n<p>Se han emprendido medidas especiales para garantizar un m\u00e1ximo nivel de seguridad para el acceso a los dispositivos y para el transporte de datos. La protecci\u00f3n con contrase\u00f1a de tres niveles con las recomendaciones de seguridad permite a los usuarios personalizar el acceso a los dispositivos. Adem\u00e1s, el acceso al navegador Web puede protegerse mediante HTTPS y las actualizaciones del firmware tambi\u00e9n se pueden proteger con cargas seguras autenticadas. El m\u00f3dulo de plataforma segura (TPM) integrado y la compatibilidad con la infraestructura de claves p\u00fablicas (PKI) garantizan una excelente protecci\u00f3n frente a ataques malintencionados. La autenticaci\u00f3n en la red 802.1x con EAP\/TLS es compatible con TLS 1.2 con conjuntos de codificaci\u00f3n actualizados, incluida la codificaci\u00f3n AES\u00a0256. La manipulaci\u00f3n avanzada de certificados ofrece lo siguiente:<\/p>\n<p>\u2022 Posibilidad de crear autom\u00e1ticamente certificados exclusivos y autofirmados siempre que sea necesario<\/p>\n<p>\u2022 Certificados de cliente y de servidor para tareas de autenticaci\u00f3n<\/p>\n<p>\u2022 Certificados de cliente para comprobar la autenticidad<\/p>\n<p>\u2022 Certificados con claves privadas codificadas<\/p>\n<p><strong>Integraci\u00f3n del sistema y conformidad con ONVIF<\/strong><\/p>\n<p>La c\u00e1mara cumple con las especificaciones de ONVIF Profile\u00a0S, ONVIF Profile G y ONVIF Profile T. Para la configuraci\u00f3n de H.265, la c\u00e1mara es compatible con Media\u00a0Service\u00a02, que forma parte de ONVIF Profile T. El cumplimiento de estos est\u00e1ndares garantiza la interoperabilidad entre productos de v\u00eddeo en red con independencia del fabricante. Los integradores de otros fabricantes pueden acceder f\u00e1cilmente al conjunto de funciones internas de la c\u00e1mara para su integraci\u00f3n en proyectos de gran envergadura. Visite el sitio web de Integration Partner Program (IPP) de Bosch (ipp.boschsecurity.com) para obtener m\u00e1s informaci\u00f3n.<\/p>\n<p><img decoding=\"async\" class=\"overview-center-img-web\" src=\"https:\/\/tvc.mx\/media\/521947\/007-a-99.png\" alt=\"\" \/><\/p>\n","protected":false},"excerpt":{"rendered":"<p>Resumen general El modelo FLEXIDOME IP micro 3000i\u00a0se ha dise\u00f1ado para ofrecer una gran calidad, rendimiento ininterrumpido 24\/7, con una amplia gama de funciones de vigilancia fiables, como Essential\u00a0Video\u00a0Analytics y est\u00e1 dise\u00f1ado para facilitar la instalaci\u00f3n. El dise\u00f1o compacto y minimalista ofrece una gran flexibilidad&hellip;<\/p>\n","protected":false},"featured_media":7305,"comment_status":"open","ping_status":"closed","template":"","meta":{"om_disable_all_campaigns":false,"_monsterinsights_skip_tracking":false,"_monsterinsights_sitenote_active":false,"_monsterinsights_sitenote_note":"","_monsterinsights_sitenote_category":0},"product_brand":[],"product_cat":[657],"product_tag":[613,611,612,616,615,610,614,617],"class_list":{"0":"post-7306","1":"product","2":"type-product","3":"status-publish","4":"has-post-thumbnail","6":"product_cat-domo-camaras-ip-bosch-video-vigilancia","7":"product_tag-bosch","8":"product_tag-manhattan","9":"product_tag-saxxon","10":"product_tag-surveon","11":"product_tag-utepo","12":"product_tag-videovigilancia","13":"product_tag-vivotek","14":"product_tag-zteco","16":"first","17":"instock","18":"sale","19":"taxable","20":"shipping-taxable","21":"purchasable","22":"product-type-simple"},"aioseo_notices":[],"_links":{"self":[{"href":"https:\/\/tecsecmty.com\/index.php\/wp-json\/wp\/v2\/product\/7306","targetHints":{"allow":["GET"]}}],"collection":[{"href":"https:\/\/tecsecmty.com\/index.php\/wp-json\/wp\/v2\/product"}],"about":[{"href":"https:\/\/tecsecmty.com\/index.php\/wp-json\/wp\/v2\/types\/product"}],"replies":[{"embeddable":true,"href":"https:\/\/tecsecmty.com\/index.php\/wp-json\/wp\/v2\/comments?post=7306"}],"version-history":[{"count":0,"href":"https:\/\/tecsecmty.com\/index.php\/wp-json\/wp\/v2\/product\/7306\/revisions"}],"wp:featuredmedia":[{"embeddable":true,"href":"https:\/\/tecsecmty.com\/index.php\/wp-json\/wp\/v2\/media\/7305"}],"wp:attachment":[{"href":"https:\/\/tecsecmty.com\/index.php\/wp-json\/wp\/v2\/media?parent=7306"}],"wp:term":[{"taxonomy":"product_brand","embeddable":true,"href":"https:\/\/tecsecmty.com\/index.php\/wp-json\/wp\/v2\/product_brand?post=7306"},{"taxonomy":"product_cat","embeddable":true,"href":"https:\/\/tecsecmty.com\/index.php\/wp-json\/wp\/v2\/product_cat?post=7306"},{"taxonomy":"product_tag","embeddable":true,"href":"https:\/\/tecsecmty.com\/index.php\/wp-json\/wp\/v2\/product_tag?post=7306"}],"curies":[{"name":"wp","href":"https:\/\/api.w.org\/{rel}","templated":true}]}}