{"id":7308,"date":"2023-02-23T16:08:59","date_gmt":"2023-02-23T22:08:59","guid":{"rendered":"https:\/\/tecsecmty.com\/index.php\/producto\/bosch-v_nii51022v3-camara-domo-interior-infrarrojo-1080p-lente-varifocal\/"},"modified":"2023-03-22T23:22:03","modified_gmt":"2023-03-23T05:22:03","slug":"bosch-v_nii51022v3-camara-domo-interior-infrarrojo-1080p-lente-varifocal","status":"publish","type":"product","link":"https:\/\/tecsecmty.com\/index.php\/producto\/bosch-v_nii51022v3-camara-domo-interior-infrarrojo-1080p-lente-varifocal\/","title":{"rendered":"BOSCH V_NII51022V3 &#8211; Camara domo \/ Interior \/ Infrarrojo \/ 1080p \/ Lente varifocal"},"content":{"rendered":"<h5 class=\"card-title text-center\">FLEXIDOME IP indoor 5000 IR<\/h5>\n<p class=\"ql-align-justify\"><strong>Las c\u00e1maras domo HD para interiores de Bosch<\/strong>\u00a0son c\u00e1maras de vigilancia profesional que ofrecen im\u00e1genes HD de alta calidad para satisfacer las necesidades de las redes de vigilancia y seguridad m\u00e1s exigentes.\u00a0<strong>Estos domos son c\u00e1maras d\u00eda\/noche<\/strong>\u00a0aut\u00e9nticas que ofrecen un rendimiento excelente tanto de d\u00eda como de noche. Existe una versi\u00f3n con un iluminador de infrarrojos activo integrado que ofrece un alto rendimiento en entornos con muy poca luz.<\/p>\n<p class=\"ql-align-justify\"><strong>Resumen del sistema<\/strong><\/p>\n<p class=\"ql-align-justify\"><strong>Domo elegante para interiores f\u00e1cil de instalar<\/strong><\/p>\n<p class=\"ql-align-justify\">Es ideal para interiores y su dise\u00f1o elegante resulta adecuado para instalaciones en las que la est\u00e9tica y la cobertura flexible son factores fundamentales.<strong>\u00a0La lente varifocal le permite elegir el \u00e1rea de cobertura m\u00e1s adecuada para su aplicaci\u00f3n.<\/strong>\u00a0Mediante su mecanismo exclusivo de giro\/inclinaci\u00f3n\/rotaci\u00f3n, los instaladores pueden seleccionar el campo de visi\u00f3n exacto que necesitan en cada momento. Adem\u00e1s, ofrece varias posibilidades de montaje, entre las que cabe citar el montaje en una superficie, en la pared y suspendido en el techo.<\/p>\n<p class=\"ql-align-justify\"><strong>El asistente para lentes con zoom\/enfoque autom\u00e1ticos<\/strong>\u00a0permite al instalador ajustar el\u00a0<strong>zoom\u00a0<\/strong>y enfocar la c\u00e1mara de forma precisa y sencilla para el funcionamiento de d\u00eda y de noche. El asistente se activa desde el\u00a0<strong>PC\u00a0<\/strong>o desde el pulsador integrado en la c\u00e1mara, lo que facilita la elecci\u00f3n del procedimiento de trabajo m\u00e1s adecuado.\u00a0<strong>La funci\u00f3n AVF (varifocal autom\u00e1tica) permite cambiar el zoom sin necesidad de abrir la c\u00e1mara.<\/strong>\u00a0El ajuste autom\u00e1tico del enfoque\/zoom motorizados con asignaci\u00f3n de<strong>\u00a0p\u00edxeles de 1:1<\/strong>garantiza que la c\u00e1mara siempre se enfoque de forma precisa.<\/p>\n<p class=\"ql-align-justify\"><strong>Funciones b\u00e1sicas<\/strong><\/p>\n<p class=\"ql-align-justify\"><strong>La Intelligent Dynamic Noise Reduction reduce los requisitos de ancho de banda y de almacenamiento<\/strong><\/p>\n<p class=\"ql-align-justify\"><strong>La c\u00e1mara utiliza Intelligent Dynamic Noise Reduction<\/strong>, que analiza activamente el contenido de la escena y reduce los artefactos de ruido de forma acorde. El bajo nivel de ruido de la imagen y la eficaz tecnolog\u00eda de compresi\u00f3n\u00a0<strong>H.264\u00a0<\/strong>ofrecen im\u00e1genes n\u00edtidas, al mismo tiempo que reducen el ancho de banda y el almacenamiento hasta en un\u00a0<strong>50%<\/strong>\u00a0en comparaci\u00f3n con otras c\u00e1maras H.264. Esto da como resultado flujos con ancho de banda reducido que mantienen una alta calidad de imagen y un movimiento fluido. La c\u00e1mara ofrece la imagen m\u00e1s \u00fatil posible optimizando de forma inteligente la relaci\u00f3n detalle\/ ancho de banda.<\/p>\n<p class=\"ql-align-justify\"><strong>Codificaci\u00f3n basada en zonas<\/strong><\/p>\n<p class=\"ql-align-justify\">La codificaci\u00f3n basada en zonas es otra funci\u00f3n que reduce el ancho de banda. Se pueden ajustar par\u00e1metros de compresi\u00f3n para un m\u00e1ximo de ocho zonas configurables por el usuario. Esto permite realizar una alta compresi\u00f3n de las zonas de poco inter\u00e9s, dejando m\u00e1s ancho de banda para las partes importantes de la escena.<\/p>\n<p class=\"ql-align-justify\"><strong>Varios flujos<\/strong><\/p>\n<p class=\"ql-align-justify\"><strong>Esta innovadora funci\u00f3n ofrece varios flujos H.264 junto con un flujo M-JPEG.<\/strong><\/p>\n<p class=\"ql-align-justify\">Estos flujos facilitan una visualizaci\u00f3n y grabaci\u00f3n eficientes con poco uso del ancho de banda, as\u00ed como la integraci\u00f3n con sistemas de gesti\u00f3n de v\u00eddeo de otros fabricantes. En funci\u00f3n de la resoluci\u00f3n y de la velocidad de im\u00e1genes seleccionadas para el primer flujo, el segundo flujo ofrece una copia del primero o un flujo a una resoluci\u00f3n m\u00e1s baja. El tercer flujo usa los fotogramas I del primer flujo para la grabaci\u00f3n. El cuarto flujo muestra una imagen\u00a0<strong>JPEG\u00a0<\/strong>a un\u00a0<strong>m\u00e1ximo de 10 MB\/s.<\/strong><\/p>\n<p class=\"ql-align-justify\"><strong>Micr\u00f3fono incorporado, audio bidireccional y alarma ac\u00fastica<\/strong><\/p>\n<p class=\"ql-align-justify\"><strong>La c\u00e1mara dispone de un micr\u00f3fono integrado<\/strong>\u00a0para que los operadores puedan escuchar el \u00e1rea supervisada.\u00a0<strong>El audio bidireccional permite al operador comunicarse con los visitantes o intrusos a trav\u00e9s de una entrada y salida de l\u00ednea de audio externo.\u00a0<\/strong>Se puede utilizar la detecci\u00f3n de audio para generar una alarma, en caso de necesidad.<\/p>\n<p class=\"ql-align-justify\"><strong>Detecci\u00f3n de movimiento y sabotaje<\/strong><\/p>\n<p class=\"ql-align-justify\">La c\u00e1mara dispone de una amplia gama de opciones de configuraci\u00f3n de alarmas para alertar de los intentos de sabotaje. Tambi\u00e9n se puede utilizar un algoritmo integrado para detectar cualquier movimiento en el v\u00eddeo y emitir una se\u00f1al de alarma.\u00a0<strong>Gesti\u00f3n de almacenamiento<\/strong><\/p>\n<p class=\"ql-align-justify\"><strong>La gesti\u00f3n de grabaciones se puede controlar con<\/strong>\u00a0e<strong>l Bosch Video Recording Manager (VRM)<\/strong>\u00a0o bien la c\u00e1mara puede utilizar destinos iSCSI directamente, sin software de grabaci\u00f3n.<\/p>\n<p class=\"ql-align-justify\"><strong>Grabaci\u00f3n de forma local<\/strong><\/p>\n<p class=\"ql-align-justify\"><strong>La ranura admite tarjetas de memoria microSD<\/strong>\u00a0con capacidad de almacenamiento de hasta\u00a0<strong>2 TB<\/strong>. Para las grabaciones con alarmas locales se puede usar una tarjeta microSD. La grabaci\u00f3n previa a la alarma en la\u00a0<strong>RAM\u00a0<\/strong>reduce el ancho de banda de grabaci\u00f3n en la red o, si se utiliza la grabaci\u00f3n en tarjeta microSD, ampl\u00eda la vida efectiva del medio de almacenamiento.<\/p>\n<p class=\"ql-align-justify\"><strong>Nota: FLEXIDOME IP indoor 5000 IR C<\/strong><\/p>\n<p class=\"ql-align-justify\"><strong>\u00e1mara domo IP profesional para vigilancia HD en interiores. Lente varifocal de 3 a 10 mm f1.3; IDNR; d\u00eda\/noche; transmisi\u00f3n de cu\u00e1druple flujo H.264; servicios basados en la nube; detecci\u00f3n de movimiento, sabotaje y sonido; micr\u00f3fono; 1080p; infrarrojos.<\/strong><\/p>\n<p class=\"ql-align-justify\"><strong>N\u00famero de pedido: NII-51022-V3.<\/strong><\/p>\n<p class=\"ql-align-justify\"><strong>Principales\u00a0<\/strong><strong>Caracter\u00edsticas<\/strong><\/p>\n<ul>\n<li class=\"ql-align-justify\">Resoluci\u00f3n de 1080p para la obtenci\u00f3n de im\u00e1genes n\u00edtidas.<\/li>\n<li class=\"ql-align-justify\">F\u00e1cil instalaci\u00f3n con lente con zoom\/enfoque autom\u00e1ticos, asistente y modos preconfigurados.<\/li>\n<li class=\"ql-align-justify\">Cu\u00e1druple flujo completamente configurable.<\/li>\n<li class=\"ql-align-justify\">Versi\u00f3n con infrarrojos con distancia de visualizaci\u00f3n de 15 metros (50 pies) u Zonas de inter\u00e9s y E-PTZ.<\/li>\n<\/ul>\n<p class=\"ql-align-justify\"><strong>Especificaciones<\/strong><\/p>\n<p class=\"ql-align-justify\"><strong>Alimentaci\u00f3n<\/strong><\/p>\n<ul>\n<li class=\"ql-align-justify\">Tensi\u00f3n de entrada: +12 V CC o Alimentaci\u00f3n por Ethernet (nominal de 48 V CC).<\/li>\n<li class=\"ql-align-justify\">Consumo de energ\u00eda 3,8 W m\u00e1x. 6,3 W m\u00e1x. (versi\u00f3n de infrarrojos)<\/li>\n<li class=\"ql-align-justify\">PoE: IEEE 802.3af (802.3at tipo 1) Nivel de alimentaci\u00f3n: clase 2.<\/li>\n<\/ul>\n<p class=\"ql-align-justify\"><strong>Sensor<\/strong><\/p>\n<ul>\n<li class=\"ql-align-justify\">Tipo de sensor: CMOS de 1\/2,7 pulg<\/li>\n<li class=\"ql-align-justify\">N\u00famero total de p\u00edxeles del sensor: 1952 x 1092 (2 MP).<\/li>\n<\/ul>\n<p class=\"ql-align-justify\"><strong>Flujo de v\u00eddeo<\/strong><\/p>\n<ul>\n<li class=\"ql-align-justify\">Compresi\u00f3n de v\u00eddeo H.264 (MP); M-JPEG<\/li>\n<li class=\"ql-align-justify\">Transmisi\u00f3n M\u00faltiples flujos configurables en H.264 y M- -JPEG con velocidad de im\u00e1genes y ancho de banda personalizables. Zonas de inter\u00e9s (ROI)<\/li>\n<li class=\"ql-align-justify\">Retardo de IP absoluto M\u00edn. 120 ms; m\u00e1x. 340 ms<\/li>\n<li class=\"ql-align-justify\">Estructura GOP IP, IBP, IBBP Intervalo de codificaci\u00f3n 1 a 30 [25] ips Regiones de codificador.<\/li>\n<li class=\"ql-align-justify\">Hasta 8 \u00e1reas con ajustes de calidad de codificador por \u00e1rea.<\/li>\n<\/ul>\n<p class=\"ql-align-justify\"><strong>Resoluci\u00f3n de v\u00eddeo (H x V)<\/strong><\/p>\n<ul>\n<li class=\"ql-align-justify\">1080p HD 1920 X 1080.<\/li>\n<li class=\"ql-align-justify\">720p HD 1280 x 720.<\/li>\n<li class=\"ql-align-justify\">D1 4:3 (recortado) 704 x 480.<\/li>\n<li class=\"ql-align-justify\">SD vertical (recortado) 400 x 720.<\/li>\n<li class=\"ql-align-justify\">480p SD Codificaci\u00f3n: 704 x 480; Visualizaci\u00f3n: 854 x 480.<\/li>\n<li class=\"ql-align-justify\">432p SD 768 x 432.<\/li>\n<li class=\"ql-align-justify\">288p SD 512 x 288.<\/li>\n<li class=\"ql-align-justify\">240p SD Codificaci\u00f3n: 352 x 240; Visualizaci\u00f3n: 432 x 240.<\/li>\n<li class=\"ql-align-justify\">144p SD 256 x 144.<\/li>\n<\/ul>\n<p class=\"ql-align-justify\"><strong>Funciones de v\u00eddeo<\/strong><\/p>\n<ul>\n<li class=\"ql-align-justify\">D\u00eda\/noche Color, monocromo, autom\u00e1tico.<\/li>\n<li class=\"ql-align-justify\">Ajustes de imagen configurables<\/li>\n<li class=\"ql-align-justify\">Contraste, saturaci\u00f3n, brillo.<\/li>\n<li class=\"ql-align-justify\">Balance de blancos 4 modos autom\u00e1ticos, modo manual y medici\u00f3n.<\/li>\n<li class=\"ql-align-justify\">Obturador Obturador electr\u00f3nico autom\u00e1tico (AES); Obturador fijo (de 1\/25[30] a 1\/15.000) seleccionable; Obturador predeterminado.<\/li>\n<li class=\"ql-align-justify\">Compensaci\u00f3n de contraluz Activada\/desactivada Reducci\u00f3n de ruido Intelligent Dynamic Noise.<\/li>\n<li class=\"ql-align-justify\">Reduction con ajustes temporal y espacial independientes.<\/li>\n<li class=\"ql-align-justify\">Mejora de contraste Activada\/desactivada.<\/li>\n<li class=\"ql-align-justify\">Nitidez Nivel de mejora de nitidez seleccionable.<\/li>\n<\/ul>\n<p class=\"ql-align-justify\"><strong>Mec\u00e1nicas<\/strong><\/p>\n<ul>\n<li class=\"ql-align-justify\">Ajuste de 3 ejes (giro\/inclinaci\u00f3n\/ rotaci\u00f3n) 350\u00ba \/ 130\u00ba \/ 330\u00ba.<\/li>\n<li class=\"ql-align-justify\">Dimensiones Di\u00e1metro: 135 mm (5,32 pulg) Altura: 102 mm (4 pulg).<\/li>\n<li class=\"ql-align-justify\">Peso 450 g (0,99 libras) aprox.<\/li>\n<li class=\"ql-align-justify\">Color RAL 9004, RAL 9010.<\/li>\n<\/ul>\n<p class=\"ql-align-justify\"><strong>Medioambientales<\/strong><\/p>\n<ul>\n<li class=\"ql-align-justify\">Temperatura de funcionamiento: De \u201320 \u00b0C a +50 \u00b0C (de -4 \u00b0F a +122 \u00b0F).<\/li>\n<li class=\"ql-align-justify\">Temperatura de almacenamiento:De -30 \u00b0C a +70 \u00b0C (de -22 \u00b0F a +158 \u00b0F).<\/li>\n<li class=\"ql-align-justify\">Humedad Del 20 % al 90 % de humedad relativa (sin condensaci\u00f3n).<\/li>\n<\/ul>\n<p><img decoding=\"async\" class=\"overview-center-img-\" src=\"https:\/\/tvc.mx\/media\/13535\/Logoopaginas-oficial.png\" alt=\"\" \/><\/p>\n","protected":false},"excerpt":{"rendered":"<p>FLEXIDOME IP indoor 5000 IR Las c\u00e1maras domo HD para interiores de Bosch\u00a0son c\u00e1maras de vigilancia profesional que ofrecen im\u00e1genes HD de alta calidad para satisfacer las necesidades de las redes de vigilancia y seguridad m\u00e1s exigentes.\u00a0Estos domos son c\u00e1maras d\u00eda\/noche\u00a0aut\u00e9nticas que ofrecen un rendimiento&hellip;<\/p>\n","protected":false},"featured_media":7307,"comment_status":"open","ping_status":"closed","template":"","meta":{"om_disable_all_campaigns":false,"_monsterinsights_skip_tracking":false,"_monsterinsights_sitenote_active":false,"_monsterinsights_sitenote_note":"","_monsterinsights_sitenote_category":0},"product_brand":[],"product_cat":[657],"product_tag":[613,611,612,616,615,610,614,617],"class_list":{"0":"post-7308","1":"product","2":"type-product","3":"status-publish","4":"has-post-thumbnail","6":"product_cat-domo-camaras-ip-bosch-video-vigilancia","7":"product_tag-bosch","8":"product_tag-manhattan","9":"product_tag-saxxon","10":"product_tag-surveon","11":"product_tag-utepo","12":"product_tag-videovigilancia","13":"product_tag-vivotek","14":"product_tag-zteco","16":"first","17":"instock","18":"sale","19":"taxable","20":"shipping-taxable","21":"purchasable","22":"product-type-simple"},"aioseo_notices":[],"_links":{"self":[{"href":"https:\/\/tecsecmty.com\/index.php\/wp-json\/wp\/v2\/product\/7308","targetHints":{"allow":["GET"]}}],"collection":[{"href":"https:\/\/tecsecmty.com\/index.php\/wp-json\/wp\/v2\/product"}],"about":[{"href":"https:\/\/tecsecmty.com\/index.php\/wp-json\/wp\/v2\/types\/product"}],"replies":[{"embeddable":true,"href":"https:\/\/tecsecmty.com\/index.php\/wp-json\/wp\/v2\/comments?post=7308"}],"version-history":[{"count":0,"href":"https:\/\/tecsecmty.com\/index.php\/wp-json\/wp\/v2\/product\/7308\/revisions"}],"wp:featuredmedia":[{"embeddable":true,"href":"https:\/\/tecsecmty.com\/index.php\/wp-json\/wp\/v2\/media\/7307"}],"wp:attachment":[{"href":"https:\/\/tecsecmty.com\/index.php\/wp-json\/wp\/v2\/media?parent=7308"}],"wp:term":[{"taxonomy":"product_brand","embeddable":true,"href":"https:\/\/tecsecmty.com\/index.php\/wp-json\/wp\/v2\/product_brand?post=7308"},{"taxonomy":"product_cat","embeddable":true,"href":"https:\/\/tecsecmty.com\/index.php\/wp-json\/wp\/v2\/product_cat?post=7308"},{"taxonomy":"product_tag","embeddable":true,"href":"https:\/\/tecsecmty.com\/index.php\/wp-json\/wp\/v2\/product_tag?post=7308"}],"curies":[{"name":"wp","href":"https:\/\/api.w.org\/{rel}","templated":true}]}}