{"id":7312,"date":"2023-02-23T16:09:04","date_gmt":"2023-02-23T22:09:04","guid":{"rendered":"https:\/\/tecsecmty.com\/index.php\/producto\/bosch-v_nin63013a3s-flex-idome-ip-starlight-6000vr-lente-3-a-9-mm-resolucion-720p-caja-de-montaje-en-superficie\/"},"modified":"2023-03-22T23:22:04","modified_gmt":"2023-03-23T05:22:04","slug":"bosch-v_nin63013a3s-flex-idome-ip-starlight-6000vr-lente-3-a-9-mm-resolucion-720p-caja-de-montaje-en-superficie","status":"publish","type":"product","link":"https:\/\/tecsecmty.com\/index.php\/producto\/bosch-v_nin63013a3s-flex-idome-ip-starlight-6000vr-lente-3-a-9-mm-resolucion-720p-caja-de-montaje-en-superficie\/","title":{"rendered":"BOSCH V_NIN63013A3S &#8211; FLEX IDOME IP STARLIGHT 6000VR \/ Lente 3 a 9 mm \/ Resolucion 720p \/ Caja de montaje en superficie"},"content":{"rendered":"<h5 class=\"card-title text-center\">FLEXIDOME IP starlight 6000 VR<\/h5>\n<p class=\"ql-align-justify\"><strong>Esta c\u00e1mara ofrece una imagen n\u00edtida las 24 horas del d\u00eda, incluso en condiciones de poca iluminaci\u00f3n o durante la noche.<\/strong>\u00a0La excepcional sensibilidad starlight permite usar esta c\u00e1mara con una cantidad de luz ambiental m\u00ednima. El modo din\u00e1mico ampliado proporciona unas im\u00e1genes detalladas en escenas con unas condiciones de iluminaci\u00f3n m\u00e1s complejas.<strong>\u00a0La c\u00e1mara est\u00e1 disponible con una resoluci\u00f3n de 720p o de 1080p y proporciona hasta 60 im\u00e1genes por segundo.\u00a0<\/strong>El elegante dise\u00f1o y la protecci\u00f3n antivand\u00e1lica de la carcasa hacen que la c\u00e1mara sea apropiada para instalaciones tanto en interiores como en exteriores.<\/p>\n<p class=\"ql-align-justify\">Funciones b\u00e1sicas<\/p>\n<p class=\"ql-align-justify\"><strong>Excepcional rendimiento en condiciones de baja iluminaci\u00f3n<\/strong><\/p>\n<p class=\"ql-align-justify\">Al combinar la tecnolog\u00eda de sensores m\u00e1s reciente con una sofisticada eliminaci\u00f3n de ruido, el resultado es una sensibilidad excepcional en color. El rendimiento en condiciones de baja iluminaci\u00f3n es tan bueno que la c\u00e1mara sigue ofreciendo un rendimiento excelente en color incluso con una cantidad m\u00ednima de luz ambiental.<\/p>\n<p class=\"ql-align-justify\"><strong>R\u00e1pido rendimiento<\/strong><\/p>\n<p class=\"ql-align-justify\">El modo de 60 im\u00e1genes por segundo ofrece un rendimiento \u00f3ptimo en escenas de acci\u00f3n r\u00e1pida y es particularmente apropiado para casinos y bancos.<\/p>\n<p class=\"ql-align-justify\"><strong>Modo de rango din\u00e1mico ampliado<\/strong><\/p>\n<p class=\"ql-align-justify\">El modo de rango din\u00e1mico ampliado se basa en un proceso de exposici\u00f3n m\u00faltiple que captura m\u00e1s detalles en las zonas iluminadas y en las sombras, incluso en la misma escena. Como resultado, puede distinguir f\u00e1cilmente los objetos y los detalles, por ejemplo, rostros con un contraluz intenso.<strong>\u00a0El rango din\u00e1mico real de la c\u00e1mara se mide mediante el an\u00e1lisis de la funci\u00f3n de conversi\u00f3n optoelectr\u00f3nica (OECF) seg\u00fan la norma IEC 62676, apartado 5<\/strong>. Este m\u00e9todo se utiliza para ofrecer un resultado est\u00e1ndar que se puede utilizar para comparar diferentes c\u00e1maras<\/p>\n<p class=\"ql-align-justify\"><strong>Intelligent Video Analytics<\/strong><\/p>\n<p class=\"ql-align-justify\">El an\u00e1lisis de v\u00eddeo integrado es resistente e inteligente.<\/p>\n<p class=\"ql-align-justify\">El concepto de inteligencia en origen proporciona ahora funciones a\u00fan m\u00e1s eficientes:<\/p>\n<ul>\n<li class=\"ql-align-justify\">Calibraci\u00f3n sencilla.<\/li>\n<li class=\"ql-align-justify\">Reducci\u00f3n de falsas alarmas.<\/li>\n<li class=\"ql-align-justify\">Identificaci\u00f3n de intervalos ampliados.<\/li>\n<li class=\"ql-align-justify\">Gesti\u00f3n de multitudes y de colas.<\/li>\n<li class=\"ql-align-justify\">Recuento de densidad y de flujo.<\/li>\n<\/ul>\n<p class=\"ql-align-justify\">El an\u00e1lisis de v\u00eddeo para situaciones cr\u00edticas detecta objetos, realiza su seguimiento y los analiza de forma fiable y, a continuaci\u00f3n, notifica la activaci\u00f3n de las alarmas predefinidas. Un conjunto inteligente de reglas de alarma, junto con los filtros de objetos y el modo de seguimiento, facilita las tareas complejas. El sistema tambi\u00e9n es extremadamente eficiente y puede reducir el n\u00famero de falsas alarmas debido, por ejemplo, a la presencia de hojas o de objetos que se mueven, incluso en condiciones meteorol\u00f3gicas adversas.<\/p>\n<p class=\"ql-align-justify\"><strong>Nota: FLEXIDOME IP starlight 7000 VR C\u00e1mara domo IP de alto rendimiento para vigilancia HD en situaciones cr\u00edticas, optimizada para IVA, en condiciones de escasa iluminaci\u00f3n con funcionamiento h\u00edbrido IP\/anal\u00f3gico. 1080p Lente SR de 3 a 9 mm Caja de montaje en superficie. N\u00famero de pedido: NIN-73023-A3AS.<\/strong><\/p>\n<p class=\"ql-align-justify\"><strong>Codificaci\u00f3n basada en zonas<\/strong><\/p>\n<p class=\"ql-align-justify\">La codificaci\u00f3n basada en zonas es otra funci\u00f3n que reduce el ancho de banda. Se pueden ajustar par\u00e1metros de compresi\u00f3n para un m\u00e1ximo de ocho zonas configurables por el usuario. Esto permite realizar una alta compresi\u00f3n de las zonas de poco inter\u00e9s, dejando m\u00e1s ancho de banda para las partes importantes de la escena.<\/p>\n<p class=\"ql-align-justify\"><strong>Gesti\u00f3n de almacenamiento<\/strong><\/p>\n<p class=\"ql-align-justify\">La gesti\u00f3n de grabaciones se puede controlar con el Bosch Video Recording Manager (VRM) o bien la c\u00e1mara puede utilizar destinos iSCSI directamente, sin software de grabaci\u00f3n.<\/p>\n<p class=\"ql-align-justify\"><strong>Grabaci\u00f3n de forma local<\/strong><\/p>\n<p class=\"ql-align-justify\">Inserte una tarjeta de memoria en la ranura para tarjeta para almacenar una grabaci\u00f3n con alarma local de hasta\u00a0<strong>2 TB<\/strong>. La grabaci\u00f3n previa a la alarma en la\u00a0<strong>RAM\u00a0<\/strong>reduce el ancho de banda de grabaci\u00f3n en la red y ampl\u00eda la vida efectiva de la tarjeta de red.<\/p>\n<p class=\"ql-align-justify\"><strong>Instalaci\u00f3n sencilla<\/strong><\/p>\n<p class=\"ql-align-justify\"><strong>La c\u00e1mara puede recibir suministro de energ\u00eda mediante una conexi\u00f3n de cable de red compatible con alimentaci\u00f3n por Ethernet (PoE).\u00a0<\/strong>Con esta configuraci\u00f3n, solo se necesita una \u00fanica conexi\u00f3n del cable para ver, alimentar y controlar la c\u00e1mara. El uso de alimentaci\u00f3n por<strong>\u00a0Ethernet o PoE<\/strong>\u00a0facilita la instalaci\u00f3n y la hace m\u00e1s rentable, ya que las c\u00e1maras no necesitan una fuente de alimentaci\u00f3n local. La c\u00e1mara tambi\u00e9n puede recibir suministro de energ\u00eda mediante fuentes de alimentaci\u00f3n\u00a0<strong>de +12 V CC<\/strong>.<\/p>\n<p class=\"ql-align-justify\"><strong>Conmutaci\u00f3n d\u00eda\/noche real<\/strong><\/p>\n<p class=\"ql-align-justify\">La c\u00e1mara cuenta con funciones reales de c\u00e1mara d\u00eda\/ noche y con un filtro mec\u00e1nico para obtener un color intenso durante el d\u00eda y una imagen excepcional durante la noche, al mismo tiempo que se mantiene un enfoque n\u00edtido con cualquier tipo de iluminaci\u00f3n. El filtro se puede cambiar de forma remota o autom\u00e1ticamente a trav\u00e9s de un sensor de nivel de luz o una entrada de contacto.<\/p>\n<p class=\"ql-align-justify\"><strong>Nota: FLEXIDOME IP starlight 6000 VR<\/strong><\/p>\n<p class=\"ql-align-justify\"><strong>Conjunto de c\u00e1mara domo IP de alto rendimiento para vigilancia HD inteligente en condiciones de escasa iluminaci\u00f3n con funcionamiento h\u00edbrido IP\/anal\u00f3gico. 720p Caja de montaje en superficie.<\/strong><\/p>\n<p class=\"ql-align-justify\"><strong>N\u00famero de pedido: NIN-63013-A3S.<\/strong><\/p>\n<p class=\"ql-align-justify\"><strong>Principales\u00a0<\/strong><strong>Caracter\u00edsticas<\/strong><\/p>\n<ul>\n<li class=\"ql-align-justify\">Excelente rendimiento en condiciones de baja iluminaci\u00f3n.<\/li>\n<li class=\"ql-align-justify\">Intelligent Video Analytics integrado para activar las alertas relevantes y recuperar los datos de forma r\u00e1pida.<\/li>\n<li class=\"ql-align-justify\">Intelligent Dynamic Noise Reduction disminuye los requisitos de ancho de banda y almacenamiento hasta en un 50 %.<\/li>\n<li class=\"ql-align-justify\">Modo de rango din\u00e1mico ampliado para ver los detalles de las zonas oscuras o iluminadas de las escenas simult\u00e1neamente.<\/li>\n<li class=\"ql-align-justify\">F\u00e1cil instalaci\u00f3n con modos preconfigurados, asistente y lente SR con zoom\/enfoque autom\u00e1ticos.<\/li>\n<\/ul>\n<p class=\"ql-align-justify\"><strong>Especificaciones<\/strong><\/p>\n<p class=\"ql-align-justify\"><strong>Alimentaci\u00f3n<\/strong><\/p>\n<ul>\n<li class=\"ql-align-justify\">Tensi\u00f3n de entrada Power-over-Ethernet (48 VCC nominal) o +12 VCC \u00b110% (auxiliar).<\/li>\n<li class=\"ql-align-justify\">Norma IEEE PoE 802.3af (802.3at tipo 1) Nivel de alimentaci\u00f3n: clase 3.<\/li>\n<li class=\"ql-align-justify\">Consumo de energ\u00eda: 7,2 W m\u00e1x.<\/li>\n<li class=\"ql-align-justify\">Intensidad de corriente (PoE): 200 mA m\u00e1x.<\/li>\n<li class=\"ql-align-justify\">Consumo de corriente (12 VCC) 600 mA m\u00e1x.<\/li>\n<\/ul>\n<p class=\"ql-align-justify\"><strong>Sensor (versi\u00f3n de 1080p)<\/strong><\/p>\n<ul>\n<li class=\"ql-align-justify\">Tipo de sensor CMOS de 1\/2,8 pulg.<\/li>\n<li class=\"ql-align-justify\">P\u00edxeles efectivos 1920 (H) x 1080 (V); 2 MP (aprox.)<\/li>\n<\/ul>\n<p class=\"ql-align-justify\"><strong>Sensor (versi\u00f3n de 720p)<\/strong><\/p>\n<ul>\n<li class=\"ql-align-justify\">Tipo de sensor CMOS de 1\/2,8 pulg.<\/li>\n<li class=\"ql-align-justify\">P\u00edxeles efectivos 1280 (H) x 720 (V).<\/li>\n<\/ul>\n<p class=\"ql-align-justify\"><strong>Sensibilidad starlight<\/strong><\/p>\n<p class=\"ql-align-justify\">(3100K, reflectividad del 89%, 1\/25, F1.4, 30IRE)<\/p>\n<ul>\n<li class=\"ql-align-justify\">Color: 0,0075 lx.<\/li>\n<li class=\"ql-align-justify\">Monocromo: 0,0011 lx\u00a0.<\/li>\n<\/ul>\n<p class=\"ql-align-justify\"><strong>Resoluci\u00f3n de v\u00eddeo (H x V)<\/strong><\/p>\n<ul>\n<li class=\"ql-align-justify\">1080p HD 1920 x 1080 (solo en la versi\u00f3n de 1080p)<\/li>\n<li class=\"ql-align-justify\">Modo vertical 1080p 1080 x 1920 (solo en la versi\u00f3n de 1080p).<\/li>\n<li class=\"ql-align-justify\">1,3 MP (4:3) 1280 x 960 (solo en la versi\u00f3n de 1080p).<\/li>\n<li class=\"ql-align-justify\">Modo vertical 1,3 MP 960 x 1280 (solo en la versi\u00f3n de 1080p) 720p HD 1280 x 720.<\/li>\n<li class=\"ql-align-justify\">Modo vertical 720p 720 x 1280.<\/li>\n<li class=\"ql-align-justify\">D1 4:3 (recortado) 704 x 480 480p.<\/li>\n<li class=\"ql-align-justify\">SD Codificaci\u00f3n: 704 x 480.<\/li>\n<li class=\"ql-align-justify\">Visualizaci\u00f3n: 854 x 480 432p.<\/li>\n<li class=\"ql-align-justify\">SD 768 x 432 288p.<\/li>\n<li class=\"ql-align-justify\">SD 512 x 288 240p.<\/li>\n<li class=\"ql-align-justify\">SD Codificaci\u00f3n: 352 x 240.<\/li>\n<li class=\"ql-align-justify\">Visualizaci\u00f3n: 432 x 240 144p.<\/li>\n<li class=\"ql-align-justify\">SD 256 x 144.<\/li>\n<\/ul>\n<p class=\"ql-align-justify\"><strong>An\u00e1lisis de contenido v\u00eddeo<\/strong><\/p>\n<ul>\n<li class=\"ql-align-justify\">Tipo de an\u00e1lisis: Intelligent Video Analytics (IVA)<\/li>\n<li class=\"ql-align-justify\">Configuraciones: VCA silencioso \/ perfil1\/2 \/ programado \/ activado por evento Normas de alarma (combinable).<\/li>\n<li class=\"ql-align-justify\">Cualquier objeto Objeto en campo.<\/li>\n<li class=\"ql-align-justify\">Cruce de l\u00ednea.<\/li>\n<li class=\"ql-align-justify\">Entrar o salir del campo de visi\u00f3n.<\/li>\n<li class=\"ql-align-justify\">Merodeando.<\/li>\n<li class=\"ql-align-justify\">Seguir ruta.<\/li>\n<li class=\"ql-align-justify\">Objeto inactivo o eliminado.<\/li>\n<li class=\"ql-align-justify\">Recuento Ocupaci\u00f3n.<\/li>\n<li class=\"ql-align-justify\">Estimaci\u00f3n de densidad de multitud.<\/li>\n<li class=\"ql-align-justify\">Cambio de condici\u00f3n.<\/li>\n<li class=\"ql-align-justify\">B\u00fasqueda de similitud Flujo \/ contraflujo.<\/li>\n<\/ul>\n<p class=\"ql-align-justify\"><strong>Mec\u00e1nicas<\/strong><\/p>\n<ul>\n<li class=\"ql-align-justify\">Dimensiones (Pr. x Al.) 158 x 124 mm (6,22 x 4,89 pulg.).<\/li>\n<li class=\"ql-align-justify\">Peso 0,85 kg (1,87 libras) 1,28 kg (2,82 libras) con SMB.<\/li>\n<li class=\"ql-align-justify\">Montaje: Montaje empotrado o en superficie.<\/li>\n<li class=\"ql-align-justify\">Color Blanco (RAL9010), anillo embellecedor con cubierta interior negra.<\/li>\n<li class=\"ql-align-justify\">Rango de ajuste Giro de 360\u00b0, inclinaci\u00f3n de 90\u00b0, rotaci\u00f3n de \u00b190\u00b0.<\/li>\n<li class=\"ql-align-justify\">Burbuja Policarbonato transparente, con cubierta resistente a ara\u00f1azos y protecci\u00f3n ultravioleta.<\/li>\n<li class=\"ql-align-justify\">Anillo embellecedor: Aluminio.<\/li>\n<\/ul>\n<p class=\"ql-align-justify\"><strong>Ambientales<\/strong><\/p>\n<ul>\n<li class=\"ql-align-justify\">Temperatura de funcionamiento -30 \u00baC a +50 \u00baC (-22 \u00baF a +122 \u00baF) para un funcionamiento continuo; -34 \u00baC a +74 \u00baC (-30 \u00baF a +165 \u00baF) conforme a NEMA TS 2-2003 (R2008), para 2.1.5.1 utilizando al perfil de prueba de la figura. 2.1.<\/li>\n<li class=\"ql-align-justify\">Temperatura de inicio en fr\u00edo -20 \u00b0C (-4 \u00b0F).<\/li>\n<li class=\"ql-align-justify\">Temperatura de almacenamiento: De \u201350 \u00b0C a +70 \u00b0C (de -58 \u00b0F a +158 \u00b0F).<\/li>\n<li class=\"ql-align-justify\">Humedad en funcionamiento: Del 5% al 93% de humedad relativa.<\/li>\n<li class=\"ql-align-justify\">Humedad en almacenamiento: Hasta un 98% de humedad relativa.<\/li>\n<li class=\"ql-align-justify\">Protecci\u00f3n contra impactos: IK10.<\/li>\n<li class=\"ql-align-justify\">Protecci\u00f3n contra agua y polvo IP 66 y NEMA tipo 4X (con los est\u00e1ndares de instalaci\u00f3n adecuados).<\/li>\n<\/ul>\n<p><img decoding=\"async\" class=\"overview-center-img-\" src=\"https:\/\/tvc.mx\/media\/13510\/Logoopaginas-oficial.png\" alt=\"\" \/><\/p>\n","protected":false},"excerpt":{"rendered":"<p>FLEXIDOME IP starlight 6000 VR Esta c\u00e1mara ofrece una imagen n\u00edtida las 24 horas del d\u00eda, incluso en condiciones de poca iluminaci\u00f3n o durante la noche.\u00a0La excepcional sensibilidad starlight permite usar esta c\u00e1mara con una cantidad de luz ambiental m\u00ednima. El modo din\u00e1mico ampliado proporciona&hellip;<\/p>\n","protected":false},"featured_media":7311,"comment_status":"open","ping_status":"closed","template":"","meta":{"om_disable_all_campaigns":false,"_monsterinsights_skip_tracking":false,"_monsterinsights_sitenote_active":false,"_monsterinsights_sitenote_note":"","_monsterinsights_sitenote_category":0},"product_brand":[],"product_cat":[657],"product_tag":[613,611,612,616,615,610,614,617],"class_list":{"0":"post-7312","1":"product","2":"type-product","3":"status-publish","4":"has-post-thumbnail","6":"product_cat-domo-camaras-ip-bosch-video-vigilancia","7":"product_tag-bosch","8":"product_tag-manhattan","9":"product_tag-saxxon","10":"product_tag-surveon","11":"product_tag-utepo","12":"product_tag-videovigilancia","13":"product_tag-vivotek","14":"product_tag-zteco","16":"first","17":"instock","18":"sale","19":"taxable","20":"shipping-taxable","21":"purchasable","22":"product-type-simple"},"aioseo_notices":[],"_links":{"self":[{"href":"https:\/\/tecsecmty.com\/index.php\/wp-json\/wp\/v2\/product\/7312","targetHints":{"allow":["GET"]}}],"collection":[{"href":"https:\/\/tecsecmty.com\/index.php\/wp-json\/wp\/v2\/product"}],"about":[{"href":"https:\/\/tecsecmty.com\/index.php\/wp-json\/wp\/v2\/types\/product"}],"replies":[{"embeddable":true,"href":"https:\/\/tecsecmty.com\/index.php\/wp-json\/wp\/v2\/comments?post=7312"}],"version-history":[{"count":0,"href":"https:\/\/tecsecmty.com\/index.php\/wp-json\/wp\/v2\/product\/7312\/revisions"}],"wp:featuredmedia":[{"embeddable":true,"href":"https:\/\/tecsecmty.com\/index.php\/wp-json\/wp\/v2\/media\/7311"}],"wp:attachment":[{"href":"https:\/\/tecsecmty.com\/index.php\/wp-json\/wp\/v2\/media?parent=7312"}],"wp:term":[{"taxonomy":"product_brand","embeddable":true,"href":"https:\/\/tecsecmty.com\/index.php\/wp-json\/wp\/v2\/product_brand?post=7312"},{"taxonomy":"product_cat","embeddable":true,"href":"https:\/\/tecsecmty.com\/index.php\/wp-json\/wp\/v2\/product_cat?post=7312"},{"taxonomy":"product_tag","embeddable":true,"href":"https:\/\/tecsecmty.com\/index.php\/wp-json\/wp\/v2\/product_tag?post=7312"}],"curies":[{"name":"wp","href":"https:\/\/api.w.org\/{rel}","templated":true}]}}