{"id":7324,"date":"2023-02-23T16:09:23","date_gmt":"2023-02-23T22:09:23","guid":{"rendered":"https:\/\/tecsecmty.com\/index.php\/producto\/bosch-v_ntv3503f02l-camara-turret-5mphdr-120o-ik08-ir\/"},"modified":"2023-03-22T23:22:05","modified_gmt":"2023-03-23T05:22:05","slug":"bosch-v_ntv3503f02l-camara-turret-5mphdr-120o-ik08-ir","status":"publish","type":"product","link":"https:\/\/tecsecmty.com\/index.php\/producto\/bosch-v_ntv3503f02l-camara-turret-5mphdr-120o-ik08-ir\/","title":{"rendered":"BOSCH V_NTV3503F02L- CAMARA TURRET 5MPHDR 120\u00ba\/ IK08\/ IR"},"content":{"rendered":"<div class=\"row aling-items-center padding-bottom-2x\">\n<div class=\"col-lg-12\">\n<h5 class=\"card-title text-center\">CAMARA TURRET 5MPHDR 120\u00ba<\/h5>\n<p>Resoluciones de 1080p y 5MP<\/p>\n<p>Anal\u00edtica de video esencial incorporada para activar alertas y recuperar datos r\u00e1pidamente<\/p>\n<p>Transmisi\u00f3n m\u00faltiple H.265 totalmente configurable<\/p>\n<p>Alto rango din\u00e1mico (120 dB) para desafiar el brillo y escenas oscuras<\/p>\n<p>Iluminador IR incorporado con visualizaci\u00f3n de 15 m (49 pies) distancia<\/p>\n<p><img decoding=\"async\" class=\"overview-center-img-web\" src=\"https:\/\/tvc.mx\/media\/194823\/BANNER_CCTV.png\" alt=\"\" \/><\/div>\n<\/div>\n<div class=\"row align-items-center padding-bottom-2x\">\n<div class=\"col-md-5 order-md-2\"><img decoding=\"async\" class=\"d-block m-auto img-thumbnail\" src=\"https:\/\/tvc.mx\/media\/194843\/Sin-t%C3%ADtulo-8cvcv.png\" alt=\" \" \/><\/div>\n<div class=\"col-md-7 order-md-1 text-md-left text-center\">\n<h2>Descripci\u00f3n inicial<\/h2>\n<p class=\"text-muted\">\n<p>La torreta FLEXIDOME IP 3000i IR est\u00e1 dise\u00f1ada para calidad, rendimiento 24 horas al d\u00eda, 7 d\u00edas a la semana, con una gama de<\/p>\n<p>funciones de vigilancia, que incluyen:<\/p>\n<ul>\n<li>An\u00e1lisis de video esencial.<\/li>\n<li>El dise\u00f1o compacto y minimalista facilita la instalaci\u00f3n.<\/li>\n<\/ul>\n<p>&nbsp;<\/p>\n<\/div>\n<\/div>\n<hr class=\"padding-bottom-2x\" \/>\n<div class=\"row align-items-center padding-bottom-2x\">\n<div class=\"col-md-5\"><img decoding=\"async\" class=\"d-block m-auto img-thumbnail\" src=\"https:\/\/tvc.mx\/media\/194975\/Sin-t%C3%ADtulo-1010.png\" alt=\" \" \/><\/div>\n<div class=\"col-md-7 text-md-left text-center\">\n<h2>Caracter\u00edsticas y Especificaciones<\/h2>\n<p class=\"text-muted\">\n<p><strong>An\u00e1lisis de video esencial<\/strong><\/p>\n<p>El an\u00e1lisis de video incorporado refuerza el concepto Intelligenceat-the-Edge y ahora ofrece a\u00fan m\u00e1s potentes funciones. Essential Video Analytics es ideal para uso en entornos controlados con detecci\u00f3n limitada rangos.<\/p>\n<p>El sistema detecta, rastrea y analiza de manera confiable objetos y le avisa cuando se activan alarmas predefinidas.<\/p>\n<p>motivado. Un conjunto inteligente de reglas de alarma hace que sea complejo tareas f\u00e1ciles y reduce al m\u00ednimo las falsas alarmas.<\/p>\n<p>Los metadatos se adjuntan a su video para agregar sentido y estructura. Esto le permite recuperar r\u00e1pidamente el<\/p>\n<p>im\u00e1genes relevantes de horas de video almacenado. Metadatos Tambi\u00e9n se puede utilizar para entregar datos forenses irrefutables.<\/p>\n<p>evidencia o para optimizar los procesos de negocio basados \u200b\u200ben recuento de personas o informaci\u00f3n sobre la densidad de masas.<\/p>\n<p><strong>Alto rango din\u00e1mico<\/strong><\/p>\n<p>El modo de alto rango din\u00e1mico se basa en un proceso de exposici\u00f3n m\u00faltiple que captura m\u00e1s detalles en la luces y sombras incluso en la misma escena. El resultado es que puede distinguir objetos f\u00e1cilmente y caracter\u00edsticas, por ejemplo, rostros con luz de fondo brillante. Se mide el rango din\u00e1mico real de la c\u00e1mara utilizando la funci\u00f3n de conversi\u00f3n optoelectr\u00f3nica (OECF) An\u00e1lisis seg\u00fan IEC 62676 Parte 5.<\/p>\n<p><strong>Transmisi\u00f3n inteligente<\/strong><\/p>\n<p class=\"ql-align-justify\">Capacidades de codificaci\u00f3n inteligente, junto con Intelligent Tecnolog\u00eda y an\u00e1lisis de reducci\u00f3n din\u00e1mica de ruido, reducir el consumo de ancho de banda a extremadamente bajo niveles. Solo informaci\u00f3n relevante en la escena, como movimiento, u objetos encontrados con el an\u00e1lisis, deben ser codificado. La c\u00e1mara es capaz de triple transmisi\u00f3n, lo que permite la c\u00e1mara para ofrecer independiente, configurable transmisiones para visualizaci\u00f3n en vivo, grabaci\u00f3n o control remoto monitoreo a trav\u00e9s de anchos de banda restringidos. Cada una de estas corrientes se puede adaptar de forma independiente para ofrecer videos de alta calidad, perfectamente adaptados a prop\u00f3sito, mientras reduce la tasa de bits hasta en un 90% en comparaci\u00f3n con una c\u00e1mara est\u00e1ndar.<\/p>\n<\/div>\n<\/div>\n","protected":false},"excerpt":{"rendered":"<p>CAMARA TURRET 5MPHDR 120\u00ba Resoluciones de 1080p y 5MP Anal\u00edtica de video esencial incorporada para activar alertas y recuperar datos r\u00e1pidamente Transmisi\u00f3n m\u00faltiple H.265 totalmente configurable Alto rango din\u00e1mico (120 dB) para desafiar el brillo y escenas oscuras Iluminador IR incorporado con visualizaci\u00f3n de 15&hellip;<\/p>\n","protected":false},"featured_media":7323,"comment_status":"open","ping_status":"closed","template":"","meta":{"om_disable_all_campaigns":false,"_monsterinsights_skip_tracking":false,"_monsterinsights_sitenote_active":false,"_monsterinsights_sitenote_note":"","_monsterinsights_sitenote_category":0},"product_brand":[],"product_cat":[657],"product_tag":[613,611,612,616,615,610,614,617],"class_list":{"0":"post-7324","1":"product","2":"type-product","3":"status-publish","4":"has-post-thumbnail","6":"product_cat-domo-camaras-ip-bosch-video-vigilancia","7":"product_tag-bosch","8":"product_tag-manhattan","9":"product_tag-saxxon","10":"product_tag-surveon","11":"product_tag-utepo","12":"product_tag-videovigilancia","13":"product_tag-vivotek","14":"product_tag-zteco","16":"first","17":"instock","18":"sale","19":"taxable","20":"shipping-taxable","21":"purchasable","22":"product-type-simple"},"aioseo_notices":[],"_links":{"self":[{"href":"https:\/\/tecsecmty.com\/index.php\/wp-json\/wp\/v2\/product\/7324","targetHints":{"allow":["GET"]}}],"collection":[{"href":"https:\/\/tecsecmty.com\/index.php\/wp-json\/wp\/v2\/product"}],"about":[{"href":"https:\/\/tecsecmty.com\/index.php\/wp-json\/wp\/v2\/types\/product"}],"replies":[{"embeddable":true,"href":"https:\/\/tecsecmty.com\/index.php\/wp-json\/wp\/v2\/comments?post=7324"}],"version-history":[{"count":0,"href":"https:\/\/tecsecmty.com\/index.php\/wp-json\/wp\/v2\/product\/7324\/revisions"}],"wp:featuredmedia":[{"embeddable":true,"href":"https:\/\/tecsecmty.com\/index.php\/wp-json\/wp\/v2\/media\/7323"}],"wp:attachment":[{"href":"https:\/\/tecsecmty.com\/index.php\/wp-json\/wp\/v2\/media?parent=7324"}],"wp:term":[{"taxonomy":"product_brand","embeddable":true,"href":"https:\/\/tecsecmty.com\/index.php\/wp-json\/wp\/v2\/product_brand?post=7324"},{"taxonomy":"product_cat","embeddable":true,"href":"https:\/\/tecsecmty.com\/index.php\/wp-json\/wp\/v2\/product_cat?post=7324"},{"taxonomy":"product_tag","embeddable":true,"href":"https:\/\/tecsecmty.com\/index.php\/wp-json\/wp\/v2\/product_tag?post=7324"}],"curies":[{"name":"wp","href":"https:\/\/api.w.org\/{rel}","templated":true}]}}