{"id":7330,"date":"2023-02-23T16:09:34","date_gmt":"2023-02-23T22:09:34","guid":{"rendered":"https:\/\/tecsecmty.com\/index.php\/producto\/vivotek-fd9368-htv-camara-ip-domo-exterior-2-megapixeles-lente-varifocal-remoto2-8-12mm-h265-smart-ir-30mts-wdr-pro-microfono-integrado-vision-snv-ciberseguridad-trend-micro-smart-stream-iii\/"},"modified":"2023-03-22T23:24:44","modified_gmt":"2023-03-23T05:24:44","slug":"vivotek-fd9368-htv-camara-ip-domo-exterior-2-megapixeles-lente-varifocal-remoto2-8-12mm-h265-smart-ir-30mts-wdr-pro-microfono-integrado-vision-snv-ciberseguridad-trend-micro-smart-stream-iii","status":"publish","type":"product","link":"https:\/\/tecsecmty.com\/index.php\/producto\/vivotek-fd9368-htv-camara-ip-domo-exterior-2-megapixeles-lente-varifocal-remoto2-8-12mm-h265-smart-ir-30mts-wdr-pro-microfono-integrado-vision-snv-ciberseguridad-trend-micro-smart-stream-iii\/","title":{"rendered":"VIVOTEK FD9368-HTV &#8211; C\u00e1mara IP domo exterior 2 Megapixeles\/ Lente Varifocal Remoto2.8- 12mm \/H265\/Smart IR 30mts\/ WDR Pro\/ Micr\u00f3fono Integrado\/ Visi\u00f3n SNV\/ Ciberseguridad Trend Micro\/ Smart Stream III\/ Protecci\u00f3n IP66, IK10\/ NDAA\/ ONVIF #ARMATUKIT"},"content":{"rendered":"<div class=\"row aling-items-center padding-bottom-2x\">\n<div class=\"col-lg-12\">\n<h5 class=\"card-title text-center\">Informaci\u00f3n general<\/h5>\n<p class=\"ql-align-justify\">El modelo de c\u00e1mara FD9368-HTV es una c\u00e1mara de red IP de tipo domo exterior profesional de VIVOTEK, equipado con un sensor full HD de resoluci\u00f3n 1920 x 1080 a 30 fps. Con la tecnolog\u00eda m\u00e1s actual SNV y WDR Pro de VIVOTEK, el modelo FD9368-HTV es capaz de capturar las im\u00e1genes de la m\u00e1s alta calidad en ambientes de baja iluminaci\u00f3n y alto contraste.<\/p>\n<p class=\"ql-align-justify\">El modelo FD9368-HTV tambi\u00e9n ofrece una gran imagen de vigilancia en la noche. Gracias a la tecnolog\u00eda Smart IR II de las PTZs VIVOTEK, los iluminadores IR del modelo FD9368-HTV ahora se alinean con el \u00e1ngulo de enfoque del lente mediante el enfoque remoto para proporcionar la mejor calidad de imagen IR con cualquier ajuste de lente. Esta caracter\u00edstica optimiza la intensidad IR, reduce los puntos IR y aumenta el rango efectivo IR hasta 30 metros.<\/p>\n<p class=\"ql-align-justify\">Adicionalmente, el modelo FD9368-HTV emplea la tecnolog\u00eda Smart Stream III y el c\u00f3dec de compresi\u00f3n H.265 de VIVOTEK, reduciendo el ancho de banda en m\u00e1s de 90%* mientras mantiene su excelente calidad de imagen en comparaci\u00f3n con el c\u00f3dec de compresi\u00f3n H.264 tradicional sin smart stream. Adem\u00e1s, el paquet VADP de VIVOTEK (Plataforma de Desarrollo de Aplicaciones de VIVOTEK) permite a los usuarios agregar programas personalizados para diferentes aplicaciones y escenarios de usuario. El FD9368-HTV cuenta con protecci\u00f3n de cubierta IK10 e IP66.<\/p>\n<p class=\"ql-align-justify\"><strong>Caracter\u00edsticas principales:<\/strong><\/p>\n<ul>\n<li>Tecnolog\u00eda de compresi\u00f3n H.265<\/li>\n<li>30 fps @ 1920&#215;1080 (WDR Pro enc.)<\/li>\n<li>2.8~12 mm, Enfoque remoto<\/li>\n<li>SNV (Visibilidad nocturna suprema) para condiciones de baja iluminaci\u00f3n<\/li>\n<li>WDR Pro para una calidad de imagen \u00f3ptima en entornos de alto contraste<\/li>\n<li>Smart Stream III para optimizar la eficiencia de ancho de banda<\/li>\n<li>Iluminadores IR incorporados, efectivos hasta 30 metros con Smart IR<\/li>\n<li>Seguridad IoT de Trend Micro<\/li>\n<li>Cubierta met\u00e1lica a prueba de vandalismo clasificaci\u00f3n IK10 y resistente a la intemperie clasificaci\u00f3n IP66<\/li>\n<li>Ranura para tarjetas MicroSD\/SDHC\/SDXC incorporada para almacenamiento local<\/li>\n<li>Micr\u00f3fono incorporado<\/li>\n<\/ul>\n<p><img decoding=\"async\" class=\"overview-center-img-web\" src=\"https:\/\/tvc.mx\/media\/680622\/banner.png\" alt=\"\" \/><\/div>\n<\/div>\n<div class=\"row aling-items-center padding-bottom-2x\">\n<div class=\"col-lg-12\">\n<h5 class=\"card-title text-center\">La tecnolog\u00eda smart stream le proporciona mejor calidad de video con menor consumo de ancho de banda<\/h5>\n<p>Smart stream de VIVOTEK es una mejora del codificador de video de \u00faltima generaci\u00f3n que es totalmente compatible con los est\u00e1ndares H.264 y H.265.\u00a0A trav\u00e9s de una colecci\u00f3n de algoritmos que analizan la transmisi\u00f3n de video en tiempo real, los detalles de las regiones de inter\u00e9s y los movimientos espec\u00edficos se priorizan y preservan con configuraciones de video ajustadas.\u00a0Smart stream de VIVOTEK permite optimizar la videovigilancia, reduciendo significativamente los requisitos de ancho de banda y almacenamiento sin sacrificar la calidad visual.\u00a0En algunos casos, puede reducir el uso del almacenamiento hasta en un 80 %.\u00a0Como l\u00edder mundial en compresi\u00f3n de video, VIVOTEK constantemente innova nuevas tecnolog\u00edas para hacer que la codificaci\u00f3n sea m\u00e1s eficiente y brindar un smart stream cada vez m\u00e1s inteligente.<\/p>\n<p><img decoding=\"async\" class=\"overview-center-img-web\" src=\"https:\/\/tvc.mx\/media\/370059\/vivotek-tecnolog%C3%ADa-smart-stream-para-ahorro-de-datos-y-ancho-de-banda.png\" alt=\"\" \/><\/div>\n<\/div>\n<div class=\"row aling-items-center padding-bottom-2x\">\n<div class=\"col-lg-12\">\n<h5 class=\"card-title text-center\">Smart Q mantiene la calidad visual y reduce el consumo de datos mediante un an\u00e1lisis y optimizaci\u00f3n de la imagen por bloques<\/h5>\n<p class=\"ql-align-justify\">Smart Q reduce la tasa de bits mediante el uso de informaci\u00f3n de escena en tiempo real.\u00a0La complejidad de la escena se analiza y se puede separar din\u00e1micamente en varios bloques.\u00a0Cada bloque est\u00e1 codificado con un par\u00e1metro de compresi\u00f3n optimizado para mantener la calidad visual y reducir la tasa de bits.<\/p>\n<p><img decoding=\"async\" class=\"overview-center-img-web\" src=\"https:\/\/tvc.mx\/media\/370063\/vivotek-tecnolog%C3%ADa-smart-stream-para-ahorro-de-datos-y-ancho-de-banda-smart-q.png\" alt=\"\" \/><\/div>\n<\/div>\n<div class=\"row aling-items-center padding-bottom-2x\">\n<div class=\"col-lg-12\">\n<h5 class=\"card-title text-center\">Optimice el consumo y ancho de banda con un periodo de cuadros internos para imagen din\u00e1mico de im\u00e1genes<\/h5>\n<p class=\"ql-align-justify\">En el proceso de video los fotogramas I consumen la mayor tasa de bits dentro del flujo de video codificado.\u00a0Por lo tanto, cuanto mayor sea el intervalo de fotogramas I, menor ser\u00e1 el ancho de banda general del video.\u00a0Sin embargo, un intervalo de fotogramas I m\u00e1s largo tambi\u00e9n introducir\u00e1 m\u00e1s errores de propagaci\u00f3n de codificaci\u00f3n y efectos secundarios para la aplicaci\u00f3n de grabaci\u00f3n.\u00a0Al analizar la escena, el periodo din\u00e1mico de intraframe optimiza y reduce la tasa de bits sin comprometer la calidad del video.\u00a0Al hacerlo, Dynamic Intra Frame Period permite una reducci\u00f3n m\u00e1xima del ancho de banda, al tiempo que conserva la m\u00e1s alta calidad de video para los objetos de inter\u00e9s.<\/p>\n<p><img decoding=\"async\" class=\"overview-center-img-web\" src=\"https:\/\/tvc.mx\/media\/370075\/vivotek-periodo-de-intra-cuadro-dinamico-para-el-ahorro-de-ancho-de-banda.png\" alt=\"\" \/><\/div>\n<\/div>\n<div class=\"row aling-items-center padding-bottom-2x\">\n<div class=\"col-lg-12\">\n<h5 class=\"card-title text-center\">La combinaci\u00f3n de la tecnolog\u00eda de compresi\u00f3n H.265 y Smart Stream ofrecen calidad de imagen superior con menos ancho de banda<\/h5>\n<p>La siguiente tabla de comparaci\u00f3n de ancho de banda muestra las reducciones de ancho de banda de la red cuando se aplica la tecnolog\u00eda smart stream en la misma transmisi\u00f3n de video original con el c\u00f3dec de compresi\u00f3n H.265.<\/p>\n<p><img decoding=\"async\" class=\"overview-center-img-web\" src=\"https:\/\/tvc.mx\/media\/370099\/vivotek-comparacion-h265-h264-st.png\" alt=\"\" \/><\/div>\n<\/div>\n<div class=\"row aling-items-center padding-bottom-2x\">\n<div class=\"col-lg-12\">\n<h5 class=\"card-title text-center\">Obtenga im\u00e1genes claras al interior y exterior en cualquier ambiente dificil de luz<\/h5>\n<p class=\"ql-align-justify\">WDR Pro es una tecnolog\u00eda extremadamente valiosa para cualquier entorno de vigilancia, en particular, garantiza que, independientemente de las condiciones de iluminaci\u00f3n presentes en una ubicaci\u00f3n monitoreada, o de c\u00f3mo un objeto o persona de inter\u00e9s est\u00e9 situado en relaci\u00f3n con la c\u00e1mara y las fuentes de luz, se puede capturar y visualizar claramente un alto nivel de detalle para obtener una imagen positiva. Identificaci\u00f3n, seguimiento preciso y otras aplicaciones exigentes.<\/p>\n<p class=\"ql-align-justify\">Cuando una c\u00e1mara se usa donde la iluminaci\u00f3n ambiental es alta y causa un alto contraste de iluminaci\u00f3n, resplandor o reflejos como una entrada del edificio, cajeros autom\u00e1ticos, ventanas, o personas puede aparecer oscuras o irreconocible. La tecnolog\u00eda\u00a0WDR\u00a0(Wide Dynamic Range) compensa el desequilibrio de iluminaci\u00f3n, restaurando los detalles en todo el campo de la visi\u00f3n con el fin de hacer frente a todas las condiciones de luz dif\u00edciles.<\/p>\n<p><img decoding=\"async\" class=\"overview-center-img-web\" src=\"https:\/\/tvc.mx\/media\/370787\/vivotek-imagenes-claras-y-nitidas-aun-en-condiciones-de-contraluz-con-wdr-pro.png\" alt=\"\" \/><\/div>\n<\/div>\n<div class=\"row aling-items-center padding-bottom-2x\">\n<div class=\"col-lg-12\">\n<h5 class=\"card-title text-center\">Obtenga im\u00e1genes a color y de alta calidad en ambientes con poca iluminaci\u00f3n<\/h5>\n<p>La tecnolog\u00eda SNV (Supreme Night Visibility) de VIVOTEK proporciona una soluci\u00f3n innovadora para permitir videos de vigilancia con poca luz y de calidad suficiente para satisfacer los requisitos de aplicaciones exigentes, por ejemplo, vigilancia a nivel de calle por la noche o el monitoreo de espacios interiores con poca iluminaci\u00f3n, como almacenes.\u00a0VIVOTEK ha podido lograr este avance al incorporar tecnolog\u00edas avanzadas de captura de video con poca luz.\u00a0Sus c\u00e1maras equipadas con SNV cuentan con sensores \u00f3pticos ultrasensibles que capturan video en color de alta calidad, incluso en entornos extremadamente oscuros, complementados con un procesamiento de se\u00f1al avanzado que garantiza un contraste suficiente y una reproducci\u00f3n precisa del color, as\u00ed como reducci\u00f3n de ruido 3D para revelar detalles y mejorar en general. claridad.<\/p>\n<p><img decoding=\"async\" class=\"overview-center-img-web\" src=\"https:\/\/tvc.mx\/media\/370107\/vivotek-tecnologia-de-imagen-ofrece-imagenes-claras-y-nitidas-en-condiciones-de-baja-iluminaci%C3%B3n.png\" alt=\"\" \/><\/div>\n<\/div>\n<div class=\"row aling-items-center padding-bottom-2x\">\n<div class=\"col-lg-12\">\n<h5 class=\"card-title text-center\">Con smart IR los rostros de las personas los podr\u00e1 apreciar perfectamente en la noche<\/h5>\n<p>VIVOTEK ha trabajado para superar la deficiencia que afecta a las c\u00e1maras con IR convencionales recurriendo a la tecnolog\u00eda Smart IR, esta tecnolog\u00eda elimina los problemas graves de sobreexposici\u00f3n al ajustar din\u00e1micamente la intensidad de la luz infrarroja emitida por la fuente de luz IR por los LED de la c\u00e1mara, a medida que un objeto de inter\u00e9s se acerca o aleja en el campo de visi\u00f3n.\u00a0Esto asegura que el objeto sea capturado por la c\u00e1mara a un nivel de exposici\u00f3n apropiado, preservando los detalles que de otro modo se perder\u00edan con una c\u00e1mara con IRs convencionales cuando el objeto est\u00e9 cerca.\u00a0El resultado es una mayor efectividad para aplicaciones exigentes, como la identificaci\u00f3n de personas o los n\u00fameros de matr\u00edcula de veh\u00edculos en condiciones de poca luz visible.<\/p>\n<p><img decoding=\"async\" class=\"overview-center-img-web\" src=\"https:\/\/tvc.mx\/media\/370103\/vivotek-imagenes-claras-y-nitidas-con.smart-ir.png\" alt=\"\" \/><\/div>\n<\/div>\n<div class=\"row aling-items-center padding-bottom-2x\">\n<div class=\"col-lg-12\">\n<h5 class=\"card-title text-center\">Lib\u00e9rese de los ataques cibern\u00e9ticos gracias al sistema anti-intrusi\u00f3n de Trend Micro dentro de las c\u00e1maras<\/h5>\n<p class=\"ql-align-justify\">VIVOTEK es el primer fabricante de soluciones de vigilancia en red del mundo que coopera con la empresa de ciberseguridad de renombre mundial, Trend Micro.\u00a0A trav\u00e9s de c\u00e1maras de red armadas con el software anti-intrusi\u00f3n de Trend Micro, VIVOTEK ofrece alta seguridad y vigilancia de red robusta para proteger vidas y proteger datos.<\/p>\n<p><img decoding=\"async\" class=\"overview-center-img-web\" src=\"https:\/\/tvc.mx\/media\/370119\/vivotek-trendmicro-seguridad-antiintrusion.png\" alt=\"\" \/><\/div>\n<\/div>\n<div class=\"row aling-items-center padding-bottom-2x\">\n<div class=\"col-lg-12\">\n<h5 class=\"card-title text-center\">Visualice el video en vivo desde sus dispositivos m\u00f3viles con iViewer gratuitamente<\/h5>\n<p class=\"ql-align-justify\">iViewer est\u00e1 dise\u00f1ado para permitir a los usuarios monitorear el video de c\u00e1maras y servidores como NVR y VMS de forma remota proporcion\u00e1ndoles acceso a videos de las c\u00e1maras de vigilancia directamente desde el dispositivo port\u00e1tiles iOS o Android, la interfaz redise\u00f1ada y f\u00e1cil de usar permite al usuario monitorear video en vivo de cientos de c\u00e1maras desde sus dispositivos port\u00e1tiles. El usuario puede acceder a c\u00e1maras administradas por VAST 1 o VAST 2 (software de administraci\u00f3n de video y central), NVRs de VIVOTEK, o puede hacer conexiones directas a c\u00e1maras individuales en su red LAN o WAN*. iViewer tambi\u00e9n permite el acceso al audio bidireccional para cada c\u00e1mara, control de pantalla PTZ y PiP, correcci\u00f3n de distorsi\u00f3n esf\u00e9rica de lente ojo de pez, fotos instant\u00e1neas y reproducci\u00f3n de video grabado por VAST y NVRs de VIVOTEK.<\/p>\n<p><img decoding=\"async\" class=\"overview-center-img-web\" src=\"https:\/\/tvc.mx\/media\/370143\/vivotek-aplicaci%C3%B3n-movil-iviewer.png\" alt=\"\" \/><\/div>\n<\/div>\n<div class=\"row aling-items-center padding-bottom-2x\">\n<div class=\"col-lg-12\">\n<h5 class=\"card-title text-center\">Potente software VAST 2 de gesti\u00f3n avanzada con hasta 32 canales gratuitos<\/h5>\n<p class=\"ql-align-justify\">\u00a0El software VAST de\u00a0VIVOTEK es una nueva generaci\u00f3n de software de gesti\u00f3n de v\u00eddeo vigilancia, con prestaciones muy fiables en la grabaci\u00f3n y un sistema muy sencillo de gesti\u00f3n para diversas aplicaciones de vigilancia IP. El software VAST consta de tres componentes principales, que son: Servidor de grabaci\u00f3n VAST, cliente en vivo VAST, para ver en vivo las im\u00e1genes y gestionar el sistema, y reproductor VAST para la b\u00fasqueda en la base de datos y recuperar las grabaciones.<\/p>\n<p><img decoding=\"async\" class=\"overview-center-img-web\" src=\"https:\/\/tvc.mx\/media\/370811\/vivotek-vast-2-software-de-gestion-para-grabar-monitorear-reproducir-video-hasta-32-canales-gratuitos.png\" alt=\"\" \/><\/div>\n<\/div>\n<div class=\"row align-items-center padding-bottom-2x\">\n<div class=\"col-md-5 order-md-2\"><img decoding=\"async\" class=\"d-block m-auto img-thumbnail\" src=\"https:\/\/tvc.mx\/media\/375151\/vivotek-camara-de-red-ip-bullet-para-exterior-5-megapixeles-ir-wdr-pro-enfoque-remoto-antivandalica-incluye-ib9368-ht.png\" alt=\" \" \/><\/div>\n<div class=\"col-md-7 order-md-1 text-md-left text-center\">\n<h2>Incluye<\/h2>\n<p class=\"text-muted\">\n<ul>\n<li>Gu\u00eda de instalaci\u00f3n r\u00e1pida<\/li>\n<li>Paquete de tornillos<\/li>\n<li>Etiqueta de alineaci\u00f3n<\/li>\n<li>Conector gl\u00e1ndula<\/li>\n<\/ul>\n<p>&nbsp;<\/p>\n<\/div>\n<\/div>\n<hr class=\"padding-bottom-2x\" \/>\n<div class=\"row align-items-center padding-bottom-2x\">\n<div class=\"col-md-5 order-md-2\"><img decoding=\"async\" class=\"d-block m-auto img-thumbnail\" src=\"https:\/\/tvc.mx\/media\/375159\/vivotek-camara-de-red-ip-bullet-para-exterior-5-megapixeles-ir-wdr-pro-enfoque-remoto-antivandalica-dimensiones-ib9368-ht.png\" alt=\" \" \/><\/div>\n<div class=\"col-md-7 order-md-1 text-md-left text-center\">\n<h2>Especificaciones t\u00e9cnicas<\/h2>\n<p class=\"text-muted\">\n<ul>\n<li>Sensor\u00a0CMOS progresivo 1\/2,9&#8243;<\/li>\n<li>Lente fijo f = 2.8 ~ 12 mm<\/li>\n<li>Apertura\u00a0F1.4 ~ F2.8<\/li>\n<li>Iris fijo<\/li>\n<li>Campo de visi\u00f3n:\u00a093\u00b0~32\u00b0 (Horizontal),\u00a050\u00b0~18\u00b0 (Vertical),\u00a0110\u00b0~37\u00b0 (Diagonal)<\/li>\n<li>Tiempo de obturaci\u00f3n\u00a01\/5 seg. a 1\/32,000 seg.<\/li>\n<li>Filtro de corte IR<\/li>\n<li>Iluminaci\u00f3n m\u00ednima:\u00a00.055 lux @ F1.4 (Color). &lt;0.005 lux @ F1.4 (B\/N), 0 lux con iluminaci\u00f3n IR enc.<\/li>\n<\/ul>\n<\/div>\n<\/div>\n","protected":false},"excerpt":{"rendered":"<p>Informaci\u00f3n general El modelo de c\u00e1mara FD9368-HTV es una c\u00e1mara de red IP de tipo domo exterior profesional de VIVOTEK, equipado con un sensor full HD de resoluci\u00f3n 1920 x 1080 a 30 fps. Con la tecnolog\u00eda m\u00e1s actual SNV y WDR Pro de VIVOTEK,&hellip;<\/p>\n","protected":false},"featured_media":7329,"comment_status":"open","ping_status":"closed","template":"","meta":{"om_disable_all_campaigns":false,"_monsterinsights_skip_tracking":false,"_monsterinsights_sitenote_active":false,"_monsterinsights_sitenote_note":"","_monsterinsights_sitenote_category":0},"product_brand":[],"product_cat":[658],"product_tag":[613,611,612,616,615,610,614,617],"class_list":{"0":"post-7330","1":"product","2":"type-product","3":"status-publish","4":"has-post-thumbnail","6":"product_cat-domo-camaras-ip-vivotek-video-vigilancia","7":"product_tag-bosch","8":"product_tag-manhattan","9":"product_tag-saxxon","10":"product_tag-surveon","11":"product_tag-utepo","12":"product_tag-videovigilancia","13":"product_tag-vivotek","14":"product_tag-zteco","16":"first","17":"instock","18":"sale","19":"taxable","20":"shipping-taxable","21":"purchasable","22":"product-type-simple"},"aioseo_notices":[],"_links":{"self":[{"href":"https:\/\/tecsecmty.com\/index.php\/wp-json\/wp\/v2\/product\/7330","targetHints":{"allow":["GET"]}}],"collection":[{"href":"https:\/\/tecsecmty.com\/index.php\/wp-json\/wp\/v2\/product"}],"about":[{"href":"https:\/\/tecsecmty.com\/index.php\/wp-json\/wp\/v2\/types\/product"}],"replies":[{"embeddable":true,"href":"https:\/\/tecsecmty.com\/index.php\/wp-json\/wp\/v2\/comments?post=7330"}],"version-history":[{"count":0,"href":"https:\/\/tecsecmty.com\/index.php\/wp-json\/wp\/v2\/product\/7330\/revisions"}],"wp:featuredmedia":[{"embeddable":true,"href":"https:\/\/tecsecmty.com\/index.php\/wp-json\/wp\/v2\/media\/7329"}],"wp:attachment":[{"href":"https:\/\/tecsecmty.com\/index.php\/wp-json\/wp\/v2\/media?parent=7330"}],"wp:term":[{"taxonomy":"product_brand","embeddable":true,"href":"https:\/\/tecsecmty.com\/index.php\/wp-json\/wp\/v2\/product_brand?post=7330"},{"taxonomy":"product_cat","embeddable":true,"href":"https:\/\/tecsecmty.com\/index.php\/wp-json\/wp\/v2\/product_cat?post=7330"},{"taxonomy":"product_tag","embeddable":true,"href":"https:\/\/tecsecmty.com\/index.php\/wp-json\/wp\/v2\/product_tag?post=7330"}],"curies":[{"name":"wp","href":"https:\/\/api.w.org\/{rel}","templated":true}]}}