{"id":7342,"date":"2023-02-23T16:09:47","date_gmt":"2023-02-23T22:09:47","guid":{"rendered":"https:\/\/tecsecmty.com\/index.php\/producto\/vivotek-it9388-ht-camara-ip-domo-exterior-5-megapixeles-h-265-lente-varifocal-remoto-2-8-12mm-wdr-pro-proteccion-ip66ik10-vision-snv-smart-ir-30-mts-microfono-integrado-ciberseguridad-tre\/"},"modified":"2023-03-22T23:24:46","modified_gmt":"2023-03-23T05:24:46","slug":"vivotek-it9388-ht-camara-ip-domo-exterior-5-megapixeles-h-265-lente-varifocal-remoto-2-8-12mm-wdr-pro-proteccion-ip66ik10-vision-snv-smart-ir-30-mts-microfono-integrado-ciberseguridad-tre","status":"publish","type":"product","link":"https:\/\/tecsecmty.com\/index.php\/producto\/vivotek-it9388-ht-camara-ip-domo-exterior-5-megapixeles-h-265-lente-varifocal-remoto-2-8-12mm-wdr-pro-proteccion-ip66ik10-vision-snv-smart-ir-30-mts-microfono-integrado-ciberseguridad-tre\/","title":{"rendered":"VIVOTEK IT9388-HT &#8211; Camara IP domo exterior 5 Megapixeles \/ H.265\/ Lente Varifocal Remoto 2.8-12mm \/ WDR Pro\/ Protecci\u00f3n IP66,IK10\/ Visi\u00f3n SNV\/ Smart IR 30 mts \/ Micr\u00f3fono Integrado\/Ciberseguridad Trend Micro\/ Smart Stream III\/ ONVIF"},"content":{"rendered":"<div class=\"row aling-items-center padding-bottom-2x\">\n<div class=\"col-lg-12\">\n<h5 class=\"card-title text-center\">Informaci\u00f3n general<\/h5>\n<p class=\"ql-align-justify\">El modelo IT9388-HT es una c\u00e1mara de red de domo de tipo torreta para exteriores capaz de ofrecer una resoluci\u00f3n de hasta1920 x 1080 a 30 fps, o e 2560 x 1920 a 20 fps. A la resoluci\u00f3n de 5MP con la funci\u00f3n WDR habilitada, la velocidad de fotogramas se reduce ligeramente a 20 fps. El firmware viene con otro modo de resoluci\u00f3n de 4MP con una velocidad de fotogramas de 30 fps. Con la tecnolog\u00eda VIVOTEK WDR Pro m\u00e1s actualizada, la serie de c\u00e1maras es capaz de capturar im\u00e1genes de la m\u00e1s alta calidad en entornos con poca luz y alto contraste.<\/p>\n<p class=\"ql-align-justify\">El IR integrado puede proporcionar iluminaci\u00f3n en la oscuridad total. Con la funci\u00f3n Smart IR, el firmware ajusta autom\u00e1ticamente la intensidad de IR para los objetos que se acercaron demasiado para evitar la sobreexposici\u00f3n.<\/p>\n<p class=\"ql-align-justify\">El modelo IT9388-HT admiten la funci\u00f3n WDR con una eficacia de hasta 120 dB. Estos modelos admiten el env\u00edo* de video local en las tarjetas MicroSD si se debe interrumpir el servicio de red. Las c\u00e1maras tambi\u00e9n vienen con detecci\u00f3n de movimiento configurable y detecci\u00f3n de manipulaci\u00f3n con hasta 5 \u00e1reas de m\u00e1scara de privacidad.<\/p>\n<h6 class=\"ql-align-justify\">*Se suminstra sin tarjeta de almacenamiento.<\/h6>\n<p><img decoding=\"async\" class=\"overview-center-img-web\" src=\"https:\/\/tvc.mx\/media\/306091\/vivotek-camara-de-red-ip-domo-exterior-5-megapixeles-tipo-torreta-it9388-ht-banner.png\" alt=\"\" \/><\/div>\n<\/div>\n<div class=\"row aling-items-center padding-bottom-2x\">\n<div class=\"col-lg-12\">\n<h5 class=\"card-title text-center\">Obtenga im\u00e1genes claras con poca iluminaci\u00f3n<\/h5>\n<p>En las c\u00e1maras de red IP normales en general necesitan m\u00e1s luz para conseguir mayor claridad de la imagen. Las c\u00e1maras con visi\u00f3n nocturna suprema de VIVOTEK poseen mayor sensibilidad lum\u00ednica, proporcionando visualizaci\u00f3n a color en ambientes de poca luz.<\/p>\n<p><img decoding=\"async\" class=\"overview-center-img-web\" src=\"https:\/\/tvc.mx\/media\/306103\/vivotek-imagenes-claras-en-poca-iluminaci%C3%B3n-con-snv.png\" alt=\"\" \/><\/div>\n<\/div>\n<div class=\"row aling-items-center padding-bottom-2x\">\n<div class=\"col-lg-12\">\n<h5 class=\"card-title text-center\">Imagenes claras al interior y exterior sin el efecto de contra luz o luz de fondo<\/h5>\n<p class=\"ql-align-justify\">WDR Pro es una tecnolog\u00eda extremadamente valiosa para cualquier entorno de vigilancia, en particular, garantiza que, independientemente de las condiciones de iluminaci\u00f3n presentes en una ubicaci\u00f3n monitoreada, o de c\u00f3mo un objeto o persona de inter\u00e9s est\u00e9 situado en relaci\u00f3n con la c\u00e1mara y las fuentes de luz, se puede capturar y visualizar claramente un alto nivel de detalle para obtener una imagen positiva. Identificaci\u00f3n, seguimiento preciso y otras aplicaciones exigentes.<\/p>\n<p class=\"ql-align-justify\">Cuando una c\u00e1mara se usa en un alto contraste de iluminaci\u00f3n, resplandor o reflejos de luz ambiental como una entrada del edificio, cajeros autom\u00e1ticos o ventanas, un sujeto puede aparecer oscuro o irreconocible. La tecnolog\u00eda\u00a0WDR\u00a0(Wide Dynamic Range) compensa el desequilibrio de iluminaci\u00f3n, restaurando los detalles en todo el campo de la visi\u00f3n con el fin de hacer frente a todas las condiciones de luz dif\u00edciles<\/p>\n<p><img decoding=\"async\" class=\"overview-center-img-web\" src=\"https:\/\/tvc.mx\/media\/306107\/vivotek-imagenes-claras-y-nitidas-aun-en-condiciones-de-contraluz-con-wdr-pro.png\" alt=\"\" \/><\/div>\n<\/div>\n<div class=\"row aling-items-center padding-bottom-2x\">\n<div class=\"col-lg-12\">\n<h5 class=\"card-title text-center\">Combinaci\u00f3n perfecta de tecnolog\u00edas de video para el ahorro en el consumo de ancho de banda H265 y smart stream<\/h5>\n<p>VIVOTEK Smart Stream combina el c\u00f3dec inteligente, el per\u00edodo de intraframe din\u00e1mico,\u00a0tecnolog\u00edas de reconocimiento de escena y smart FPS para permitir a las c\u00e1maras optimizar la calidad de las regiones deseadas y ajustar autom\u00e1ticamente la codificaci\u00f3n , maximizando el uso del ancho de banda\u00a0eficiencia\u00a0y disminuyendo los requisitos de almacenamiento a la vez que mantienen una alta calidad de imagen.<\/p>\n<p><img decoding=\"async\" class=\"overview-center-img-web\" src=\"https:\/\/tvc.mx\/media\/306111\/vivotek-comparacion-h265-h264-st.png\" alt=\"\" \/><\/div>\n<\/div>\n<div class=\"row aling-items-center padding-bottom-2x\">\n<div class=\"col-lg-12\">\n<h5 class=\"card-title text-center\">Con smart IR los rostros de las personas los podr\u00e1 apreciar perfectamente<\/h5>\n<p class=\"ql-align-justify\">VIVOTEK ha trabajado para superar esta deficiencia que afecta a las c\u00e1maras con IR convencionales recurriendo a la tecnolog\u00eda Smart IR que elimina los problemas graves de sobreexposici\u00f3n al ajustar din\u00e1micamente la intensidad de la luz infrarroja emitida por la fuente de LED de la c\u00e1mara a medida que un objeto de inter\u00e9s se acerca o aleja en el campo de visi\u00f3n.\u00a0Esto asegura que el objeto sea capturado por la c\u00e1mara a un nivel de exposici\u00f3n apropiado, preservando los detalles que de otro modo se perder\u00edan con una c\u00e1mara con IRs convencionales cuando el objeto est\u00e9 cerca.\u00a0El resultado es una mayor efectividad para aplicaciones exigentes, como la identificaci\u00f3n de personas o los n\u00fameros de matr\u00edcula de veh\u00edculos en condiciones de poca luz visible.<\/p>\n<p><img decoding=\"async\" class=\"overview-center-img-web\" src=\"https:\/\/tvc.mx\/media\/306115\/vivotek-imagenes-claras-y-nitidas-con.smart-ir.png\" alt=\"\" \/><\/div>\n<\/div>\n<div class=\"row aling-items-center padding-bottom-2x\">\n<div class=\"col-lg-12\">\n<h5 class=\"card-title text-center\">Liberese de los ataques ciberneticos gracias al sistema anti-intrusi\u00f3n de TrendMicro dentro de las c\u00e1maras<\/h5>\n<p class=\"ql-align-justify\">VIVOTEK es el primer fabricante de soluciones de vigilancia en red del mundo que coopera con la empresa de ciberseguridad de renombre mundial, Trend Micro.\u00a0A trav\u00e9s de c\u00e1maras de red armadas con el software anti-intrusi\u00f3n de Trend Micro, VIVOTEK ofrece alta seguridad y vigilancia de red robusta para proteger vidas y proteger datos.<\/p>\n<p><img decoding=\"async\" class=\"overview-center-img-web\" src=\"https:\/\/tvc.mx\/media\/306119\/vivotek-trendmicro-seguridad-antiintrusion.png\" alt=\"\" \/><\/div>\n<\/div>\n<div class=\"row aling-items-center padding-bottom-2x\">\n<div class=\"col-lg-12\">\n<h5 class=\"card-title text-center\">Almacene la misma cantidad de video en hasta 80 % menos de espacio<\/h5>\n<p class=\"ql-align-justify\">La tecnolog\u00eda smart stream de VIVOTEK es una mejora del codificador de video de \u00faltima generaci\u00f3n que es totalmente compatible con los est\u00e1ndares H.264 y H.265.\u00a0A trav\u00e9s de una colecci\u00f3n de algoritmos que analizan el flujo de video en tiempo real, los detalles de las regiones de inter\u00e9s y los movimientos espec\u00edficos se priorizan y conservan con configuraciones de video ajustadas.\u00a0Al optimizar la videovigilancia, VIVOTEK smart stream puede reducir significativamente el ancho de banda y los requisitos de almacenamiento sin sacrificar la calidad visual.\u00a0En algunos casos, puede reducir el uso del almacenamiento hasta en un 80%.\u00a0Como l\u00edder mundial en compresi\u00f3n de video, VIVOTEK innova constantemente nuevas tecnolog\u00edas para hacer que la codificaci\u00f3n sea m\u00e1s eficiente y proporcione un smart stream a\u00fan m\u00e1s inteligente.<\/p>\n<h6>*Dependiendo de la escena<\/h6>\n<p><img decoding=\"async\" class=\"overview-center-img-web\" src=\"https:\/\/tvc.mx\/media\/306123\/vivotek-tecnolog%C3%ADacon-smart-stream-I-II-III-para-ahorro-de-ancho-de-banda.png\" alt=\"\" \/><\/div>\n<\/div>\n<div class=\"row align-items-center padding-bottom-2x\">\n<div class=\"col-md-5 order-md-2\"><img decoding=\"async\" class=\"d-block m-auto img-thumbnail\" src=\"https:\/\/tvc.mx\/media\/375127\/vivotek-camara-de-red-ip-bullet-para-exterior-5-megapixeles-ir-wdr-pro-enfoque-remoto-contenido-ib9368-ht.png\" alt=\" \" \/><\/div>\n<div class=\"col-md-7 order-md-1 text-md-left text-center\">\n<h2>Incluye<\/h2>\n<p class=\"text-muted\">\n<p>Gu\u00eda de instalaci\u00f3n r\u00e1pida<\/p>\n<p>Etiqueta de alineaci\u00f3n<\/p>\n<p>Paquete de tornillos<\/p>\n<p>Llave de instalaci\u00f3n<\/p>\n<p>Conector gl\u00e1ndula para impermear cable<\/p>\n<p>&nbsp;<\/p>\n<\/div>\n<\/div>\n<hr class=\"padding-bottom-2x\" \/>\n<div class=\"row align-items-center padding-bottom-2x\">\n<div class=\"col-md-5 order-md-2\"><img decoding=\"async\" class=\"d-block m-auto img-thumbnail\" src=\"https:\/\/tvc.mx\/media\/375131\/vivotek-camara-de-red-ip-bullet-para-exterior-5-megapixeles-ir-wdr-pro-enfoque-remoto-dimensiones-ib9368-ht.png\" alt=\" \" \/><\/div>\n<div class=\"col-md-7 order-md-1 text-md-left text-center\">\n<h2>Especificaciones t\u00e9cnicas<\/h2>\n<p class=\"text-muted\">\n<ul>\n<li>Sensor\u00a0CMOS progresivo 1\/2,7&#8243;<\/li>\n<li>Lente varifocal f = 2.8~ 12 mm<\/li>\n<li>Apertura\u00a0F1.4 ~ F2.8<\/li>\n<li>Iris fijo<\/li>\n<li>Campo de visi\u00f3n:\u00a090\u00b0 ~ 30\u00b0 (Horizontal),\u00a065\u00b0 ~ 23\u00b0 (Vertical),\u00a0115\u00b0 ~ 38\u00b0(Diagonal)<\/li>\n<li>Tiempo de obturaci\u00f3n\u00a01\/5 seg. a 1\/32,000 seg.<\/li>\n<li>Filtro de corte IR<\/li>\n<li>Iluminaci\u00f3n m\u00ednima:\u00a00.035 lux @ F1.4 (Color). &lt;0.005 lux @ F1.4 (B\/N), 0 lux con iluminaci\u00f3n IR enc.<\/li>\n<\/ul>\n<\/div>\n<\/div>\n","protected":false},"excerpt":{"rendered":"<p>Informaci\u00f3n general El modelo IT9388-HT es una c\u00e1mara de red de domo de tipo torreta para exteriores capaz de ofrecer una resoluci\u00f3n de hasta1920 x 1080 a 30 fps, o e 2560 x 1920 a 20 fps. A la resoluci\u00f3n de 5MP con la funci\u00f3n&hellip;<\/p>\n","protected":false},"featured_media":7341,"comment_status":"open","ping_status":"closed","template":"","meta":{"om_disable_all_campaigns":false,"_monsterinsights_skip_tracking":false,"_monsterinsights_sitenote_active":false,"_monsterinsights_sitenote_note":"","_monsterinsights_sitenote_category":0},"product_brand":[],"product_cat":[658],"product_tag":[613,611,612,616,615,610,614,617],"class_list":{"0":"post-7342","1":"product","2":"type-product","3":"status-publish","4":"has-post-thumbnail","6":"product_cat-domo-camaras-ip-vivotek-video-vigilancia","7":"product_tag-bosch","8":"product_tag-manhattan","9":"product_tag-saxxon","10":"product_tag-surveon","11":"product_tag-utepo","12":"product_tag-videovigilancia","13":"product_tag-vivotek","14":"product_tag-zteco","16":"first","17":"instock","18":"sale","19":"taxable","20":"shipping-taxable","21":"purchasable","22":"product-type-simple"},"aioseo_notices":[],"_links":{"self":[{"href":"https:\/\/tecsecmty.com\/index.php\/wp-json\/wp\/v2\/product\/7342","targetHints":{"allow":["GET"]}}],"collection":[{"href":"https:\/\/tecsecmty.com\/index.php\/wp-json\/wp\/v2\/product"}],"about":[{"href":"https:\/\/tecsecmty.com\/index.php\/wp-json\/wp\/v2\/types\/product"}],"replies":[{"embeddable":true,"href":"https:\/\/tecsecmty.com\/index.php\/wp-json\/wp\/v2\/comments?post=7342"}],"version-history":[{"count":0,"href":"https:\/\/tecsecmty.com\/index.php\/wp-json\/wp\/v2\/product\/7342\/revisions"}],"wp:featuredmedia":[{"embeddable":true,"href":"https:\/\/tecsecmty.com\/index.php\/wp-json\/wp\/v2\/media\/7341"}],"wp:attachment":[{"href":"https:\/\/tecsecmty.com\/index.php\/wp-json\/wp\/v2\/media?parent=7342"}],"wp:term":[{"taxonomy":"product_brand","embeddable":true,"href":"https:\/\/tecsecmty.com\/index.php\/wp-json\/wp\/v2\/product_brand?post=7342"},{"taxonomy":"product_cat","embeddable":true,"href":"https:\/\/tecsecmty.com\/index.php\/wp-json\/wp\/v2\/product_cat?post=7342"},{"taxonomy":"product_tag","embeddable":true,"href":"https:\/\/tecsecmty.com\/index.php\/wp-json\/wp\/v2\/product_tag?post=7342"}],"curies":[{"name":"wp","href":"https:\/\/api.w.org\/{rel}","templated":true}]}}