{"id":7344,"date":"2023-02-23T16:09:51","date_gmt":"2023-02-23T22:09:51","guid":{"rendered":"https:\/\/tecsecmty.com\/index.php\/producto\/vivotek-md8565n-camara-ip-domo-exterior-2-megapixeles-lente-fijo-2-4mm-microfono-integrado-proteccion-ip66-ik10-nema4x-smart-ir-invisible-10mts-smart-stream-ii-certificacion-en50155-ciberseg\/"},"modified":"2023-03-17T13:52:44","modified_gmt":"2023-03-17T19:52:44","slug":"vivotek-md8565n-camara-ip-domo-exterior-2-megapixeles-lente-fijo-2-4mm-microfono-integrado-proteccion-ip66-ik10-nema4x-smart-ir-invisible-10mts-smart-stream-ii-certificacion-en50155-ciberseg","status":"publish","type":"product","link":"https:\/\/tecsecmty.com\/index.php\/producto\/vivotek-md8565n-camara-ip-domo-exterior-2-megapixeles-lente-fijo-2-4mm-microfono-integrado-proteccion-ip66-ik10-nema4x-smart-ir-invisible-10mts-smart-stream-ii-certificacion-en50155-ciberseg\/","title":{"rendered":"VIVOTEK MD8565N &#8211; C\u00e1mara IP domo exterior 2 Megapixeles\/ Lente Fijo 2.4mm\/ Micr\u00f3fono Integrado\/Protecci\u00f3n IP66, IK10, Nema4X\/ Smart IR Invisible 10mts\/ Smart Stream II\/ Certificaci\u00f3n EN50155\/ Ciberseguridad Trend Micro\/Dual Power PoE y DC\/ONVIF"},"content":{"rendered":"<div class=\"row aling-items-center padding-bottom-2x\">\n<div class=\"col-lg-12\">\n<h5 class=\"card-title text-center\">MD8565-N<\/h5>\n<p>La MD8565-N de VIVOTEK es una c\u00e1mara de red de domo m\u00f3vil IR compacta de 2 megap\u00edxeles dise\u00f1ada para una amplia gama de aplicaciones de transporte, como autobuses, trenes y otros veh\u00edculos. Con el cumplimiento total de EN50155 T1, dise\u00f1o resistente con clasificaci\u00f3n IP66, IK10 y NEMA 4X, la c\u00e1mara puede soportar golpes, vibraciones, humedad, polvo e incluso fluctuaciones de temperatura para mantener un video estable y confiable durante el movimiento del veh\u00edculo. Armado con una iluminaci\u00f3n IR invisible incorporada de 940 nm, el MD8565-N es capaz de proporcionar una calidad de imagen superior de hasta 10 metros en la oscuridad total, sin ser molesto para el conductor. Esta combinaci\u00f3n de im\u00e1genes de alta resoluci\u00f3n y carcasa protectora dota al MD8565-N de la robusta confiabilidad requerida para maximizar la seguridad del conductor y los pasajeros y optimizar la vigilancia m\u00f3vil.<\/p>\n<p><img decoding=\"async\" class=\"overview-center-img-web\" src=\"https:\/\/tvc.mx\/media\/44319\/MD8564data.png\" alt=\"\" \/><\/div>\n<\/div>\n<div class=\"row aling-items-center padding-bottom-2x\">\n<div class=\"col-lg-12\">\n<h5 class=\"card-title text-center\">WDR Mejorado<\/h5>\n<p class=\"ql-align-justify\">WDR Pro es una tecnolog\u00eda extremadamente valiosa para cualquier entorno de vigilancia. WDR Pro II, en particular, garantiza que, independientemente de las condiciones de iluminaci\u00f3n presentes en una ubicaci\u00f3n monitoreada, o de c\u00f3mo un objeto o persona de inter\u00e9s est\u00e9 situado en relaci\u00f3n con la c\u00e1mara y las fuentes de luz, se puede capturar y visualizar claramente un alto nivel de detalle para obtener una imagen positiva. Identificaci\u00f3n, seguimiento preciso y otras aplicaciones exigentes.<\/p>\n<p class=\"ql-align-justify\">Cuando una c\u00e1mara se usa en un alto contraste de iluminaci\u00f3n, resplandor o reflejos de luz ambiental como una entrada del edificio, cajeros autom\u00e1ticos o ventanas, un sujeto puede aparecer oscuro o irreconocible. La tecnolog\u00eda\u00a0<strong>WDR<\/strong>\u00a0(Wide Dynamic Range) compensa el desequilibrio de iluminaci\u00f3n, restaurando los detalles en todo el campo de la visi\u00f3n con el fin de hacer frente a todas las condiciones de luz dif\u00edciles.<\/p>\n<p><img decoding=\"async\" class=\"overview-center-img-web\" src=\"https:\/\/tvc.mx\/media\/44322\/wdr-pro.jpg\" alt=\"\" \/><\/div>\n<\/div>\n<div class=\"row aling-items-center padding-bottom-2x\">\n<div class=\"col-lg-12\">\n<h5 class=\"card-title text-center\">C\u00f3dec H.265 + Smart Stream III<\/h5>\n<p class=\"ql-align-justify\">La tecnolog\u00eda smart stream de VIVOTEK es una mejora del codificador de video de \u00faltima generaci\u00f3n que es totalmente compatible con los est\u00e1ndares H.264 y H.265.\u00a0A trav\u00e9s de una colecci\u00f3n de algoritmos que analizan el flujo de video en tiempo real, los detalles de las regiones de inter\u00e9s y los movimientos espec\u00edficos se priorizan y conservan con configuraciones de video ajustadas.\u00a0Al optimizar la videovigilancia, VIVOTEK Smart Stream puede reducir significativamente el ancho de banda y los requisitos de almacenamiento sin sacrificar la calidad visual.\u00a0En algunos casos, puede reducir el uso del almacenamiento hasta en un 80%.\u00a0Como l\u00edder mundial en compresi\u00f3n de video, VIVOTEK innova constantemente nuevas tecnolog\u00edas para hacer que la codificaci\u00f3n sea m\u00e1s eficiente y proporcione un Smart Stream a\u00fan m\u00e1s inteligente.<\/p>\n<p><img decoding=\"async\" class=\"overview-center-img-web\" src=\"https:\/\/tvc.mx\/media\/44325\/H.265.jpg\" alt=\"\" \/><\/div>\n<\/div>\n<div class=\"row aling-items-center padding-bottom-2x\">\n<div class=\"col-lg-12\">\n<h5 class=\"card-title text-center\">SNV<\/h5>\n<p class=\"ql-align-justify\">Visibilidad nocturna suprema (SNV). Las c\u00e1maras megap\u00edxel en general necesitan m\u00e1s luz para conseguir mayor claridad de la imagen. Las c\u00e1maras con visi\u00f3n nocturna suprema poseen mayor sensibilidad lum\u00ednica, proporcionando visualizaci\u00f3n a color en ambientes de poca luz.<\/p>\n<p><img decoding=\"async\" class=\"overview-center-img-web\" src=\"https:\/\/tvc.mx\/media\/44328\/SNV.jpg\" alt=\"\" \/><\/div>\n<\/div>\n<div class=\"row aling-items-center padding-bottom-2x\">\n<div class=\"col-lg-12\">\n<h5 class=\"card-title text-center\">Colaborando con la Seguridad inteligente<\/h5>\n<p class=\"ql-align-justify\">VIVOTEK es el primer fabricante de soluciones de vigilancia en red del mundo que coopera con la empresa de ciberseguridad de renombre mundial, Trend Micro.\u00a0A trav\u00e9s de c\u00e1maras de red armadas con el software anti-intrusi\u00f3n de Trend Micro, VIVOTEK ofrece alta seguridad y vigilancia de red robusta para proteger vidas y proteger datos.<\/p>\n<p><img decoding=\"async\" class=\"overview-center-img-web\" src=\"https:\/\/tvc.mx\/media\/44331\/Security_malware.jpg\" alt=\"\" \/><\/div>\n<\/div>\n<div class=\"row aling-items-center padding-bottom-2x\">\n<div class=\"col-lg-12\">\n<h5 class=\"card-title text-center\">Caracteristicas<\/h5>\n<ul>\n<li>30 fps @ 1920&#215;1080<\/li>\n<li>Iluminadores IR invisibles incorporados de 940 nm hasta 10 metros<\/li>\n<li>Cumplimiento de EN50155 T1 para vigilancia m\u00f3vil profesional<\/li>\n<li>Smart Stream II para optimizar la eficiencia del ancho de banda<\/li>\n<li>Tecnolog\u00eda IR inteligente para evitar la sobreexposici\u00f3n<\/li>\n<li>Carcasa resistente a la intemperie IP66, a prueba de vandalismo IK10 y NEMA 4X<\/li>\n<li>AE r\u00e1pido para una r\u00e1pida adaptaci\u00f3n a los cambios de luz<\/li>\n<li>Conector M12 para PoE \/ Red<\/li>\n<li>Trend Micro IoT Security<\/li>\n<li>Aplicaci\u00f3n y portal VIVOCloud para vigilancia 24\/7 (carga manual del paquete VIVOCloud VADP)<\/li>\n<\/ul>\n<p><img decoding=\"async\" class=\"overview-center-img-web\" src=\"https:\/\/tvc.mx\/media\/44334\/caracteristicas.jpg\" alt=\"\" \/><\/div>\n<\/div>\n","protected":false},"excerpt":{"rendered":"<p>MD8565-N La MD8565-N de VIVOTEK es una c\u00e1mara de red de domo m\u00f3vil IR compacta de 2 megap\u00edxeles dise\u00f1ada para una amplia gama de aplicaciones de transporte, como autobuses, trenes y otros veh\u00edculos. Con el cumplimiento total de EN50155 T1, dise\u00f1o resistente con clasificaci\u00f3n IP66,&hellip;<\/p>\n","protected":false},"featured_media":7343,"comment_status":"open","ping_status":"closed","template":"","meta":{"om_disable_all_campaigns":false,"_monsterinsights_skip_tracking":false,"_monsterinsights_sitenote_active":false,"_monsterinsights_sitenote_note":"","_monsterinsights_sitenote_category":0},"product_brand":[],"product_cat":[658],"product_tag":[613,611,612,616,615,610,614,617],"class_list":{"0":"post-7344","1":"product","2":"type-product","3":"status-publish","4":"has-post-thumbnail","6":"product_cat-domo-camaras-ip-vivotek-video-vigilancia","7":"product_tag-bosch","8":"product_tag-manhattan","9":"product_tag-saxxon","10":"product_tag-surveon","11":"product_tag-utepo","12":"product_tag-videovigilancia","13":"product_tag-vivotek","14":"product_tag-zteco","16":"first","17":"instock","18":"sale","19":"taxable","20":"shipping-taxable","21":"purchasable","22":"product-type-simple"},"aioseo_notices":[],"_links":{"self":[{"href":"https:\/\/tecsecmty.com\/index.php\/wp-json\/wp\/v2\/product\/7344","targetHints":{"allow":["GET"]}}],"collection":[{"href":"https:\/\/tecsecmty.com\/index.php\/wp-json\/wp\/v2\/product"}],"about":[{"href":"https:\/\/tecsecmty.com\/index.php\/wp-json\/wp\/v2\/types\/product"}],"replies":[{"embeddable":true,"href":"https:\/\/tecsecmty.com\/index.php\/wp-json\/wp\/v2\/comments?post=7344"}],"version-history":[{"count":0,"href":"https:\/\/tecsecmty.com\/index.php\/wp-json\/wp\/v2\/product\/7344\/revisions"}],"wp:featuredmedia":[{"embeddable":true,"href":"https:\/\/tecsecmty.com\/index.php\/wp-json\/wp\/v2\/media\/7343"}],"wp:attachment":[{"href":"https:\/\/tecsecmty.com\/index.php\/wp-json\/wp\/v2\/media?parent=7344"}],"wp:term":[{"taxonomy":"product_brand","embeddable":true,"href":"https:\/\/tecsecmty.com\/index.php\/wp-json\/wp\/v2\/product_brand?post=7344"},{"taxonomy":"product_cat","embeddable":true,"href":"https:\/\/tecsecmty.com\/index.php\/wp-json\/wp\/v2\/product_cat?post=7344"},{"taxonomy":"product_tag","embeddable":true,"href":"https:\/\/tecsecmty.com\/index.php\/wp-json\/wp\/v2\/product_tag?post=7344"}],"curies":[{"name":"wp","href":"https:\/\/api.w.org\/{rel}","templated":true}]}}