{"id":7350,"date":"2023-02-23T16:09:59","date_gmt":"2023-02-23T22:09:59","guid":{"rendered":"https:\/\/tecsecmty.com\/index.php\/producto\/bosch-v_vjm4016-codificador-multicanal-de-alto-rendimiento-h264\/"},"modified":"2023-03-22T23:22:10","modified_gmt":"2023-03-23T05:22:10","slug":"bosch-v_vjm4016-codificador-multicanal-de-alto-rendimiento-h264","status":"publish","type":"product","link":"https:\/\/tecsecmty.com\/index.php\/producto\/bosch-v_vjm4016-codificador-multicanal-de-alto-rendimiento-h264\/","title":{"rendered":"BOSCH V_VJM4016 &#8211; Codificador multicanal de alto rendimiento H264"},"content":{"rendered":"<h5 class=\"card-title text-center\">VIDEOJET multi 4000 UE<\/h5>\n<p class=\"ql-align-justify\"><strong>VIDEOJET multi 4000 de Bosch es un codificador de v\u00eddeo de CCTV con 16 canales que proporciona el mejor rendimiento en v\u00eddeo sobre IP de los sistemas CCTV actuales.<\/strong><\/p>\n<p class=\"ql-align-justify\"><strong>El codificador H.264<\/strong>\u00a0de perfil alto\u00a0<strong>VIDEOJET multi 4000<\/strong>\u00a0permite transmitir v\u00eddeo comprimido en\u00a0<strong>H.264<\/strong>\u00a0a trav\u00e9s de las redes\u00a0<strong>IPv4<\/strong>\u00a0e\u00a0<strong>IPv6.<\/strong>\u00a0Ofrece Dual Streaming por c\u00e1mara con la m\u00e1xima velocidad de im\u00e1genes a la mejor calidad. La unidad es compatible con los sistemas\u00a0<strong>PAL y NTSC<\/strong>\u00a0y ofrece comunicaci\u00f3n de audio bidireccional en paralelo al v\u00eddeo. Visualice el v\u00eddeo en un PC mediante el completo sistema de gesti\u00f3n de v\u00eddeo de Bosch, con o sin teclado IntuiKey de Bosch. Tambi\u00e9n puede utilizar un navegador web.<\/p>\n<p class=\"ql-align-justify\">El sistema VideoSDK de Bosch permite integrar el codificador con otros sistemas de gesti\u00f3n de v\u00eddeo.<\/p>\n<p class=\"ql-align-justify\"><strong>Con 16 canales<\/strong>\u00a0en formato 1HU que se pueden montar en rack,\u00a0<strong>VIDEOJET multi 4000<\/strong>\u00a0ofrece la densidad de puertos m\u00e1s alta en esta calidad de v\u00eddeo.\u00a0<strong>Su interfaz Ethernet de 1 Gbps permite ofrecer v\u00eddeo IP r\u00e1pido y con retardo bajo.\u00a0<\/strong><\/p>\n<p class=\"ql-align-justify\"><strong>Funciones b\u00e1sicas<\/strong><\/p>\n<p class=\"ql-align-justify\"><strong>Flexibilidad<\/strong><\/p>\n<p class=\"ql-align-justify\">El codificador admite almacenamiento\u00a0<strong>iSCSI\u00a0<\/strong>externo a trav\u00e9s de una red IP. Tambi\u00e9n es compatible con\u00a0<strong>VRM (Video Recording Manager),\u00a0<\/strong>el software de gesti\u00f3n de grabaciones flexible y ampliable de Bosch. Este software permite asignar de forma flexible el espacio de grabaci\u00f3n de la c\u00e1mara, incluidos el equilibrio de carga y las funciones de redundancia adecuadas. VRM est\u00e1 disponible como sistema independiente o integrado en<strong>\u00a0Bosch Video Management System.<\/strong><\/p>\n<p class=\"ql-align-justify\"><strong>Dual Streaming<\/strong><\/p>\n<p class=\"ql-align-justify\">El codificador utiliza la funci\u00f3n\u00a0<strong>Dual Streaming<\/strong>\u00a0para generar dos secuencias de v\u00eddeo IP independientes por canal a resoluciones variables.<\/p>\n<p class=\"ql-align-justify\"><strong>Grabaci\u00f3n<\/strong><\/p>\n<p class=\"ql-align-justify\">Puede grabar cada entrada de v\u00eddeo de forma independiente en medios diferentes. De esta forma, el v\u00eddeo puede grabarse de forma centralizada en unidades\u00a0<strong>iSCSI\u00a0<\/strong>gestionadas por\u00a0<strong>VRM<\/strong>. Los codificadores incluyen un planificador de grabaci\u00f3n muy flexible, que proporciona hasta diez perfiles de grabaci\u00f3n programables y permite perfiles de c\u00e1mara asignados individualmente. Estos perfiles permiten acelerar la velocidad de im\u00e1genes y aumentar la calidad en caso de alarma, con lo que ahorrar\u00e1 espacio de grabaci\u00f3n durante los per\u00edodos de inactividad.<\/p>\n<p class=\"ql-align-justify\"><strong>Seguridad de acceso<\/strong><\/p>\n<p class=\"ql-align-justify\"><strong>Los codificadores ofrecen diferentes niveles de seguridad para acceder a la red, la unidad y los canales de datos.<\/strong>\u00a0Adem\u00e1s de la protecci\u00f3n mediante contrase\u00f1a de hasta tres niveles, son compatibles con la autenticaci\u00f3n 802.1x mediante un servidor RADIUS para la identificaci\u00f3n. Es posible proteger el acceso al navegador Web mediante\u00a0<strong>HTTPS\u00a0<\/strong>con un certificado SSL que se almacena en la unidad. Para una protecci\u00f3n de datos total, cada canal de comunicaci\u00f3n (v\u00eddeo, audio o E\/S serie) puede codificarse en\u00a0<strong>AES\u00a0<\/strong>independientemente.<\/p>\n<p class=\"ql-align-justify\"><strong>Inteligencia<\/strong><\/p>\n<p class=\"ql-align-justify\"><strong>El codificador incluye detecci\u00f3n de movimiento por v\u00eddeo MOTION+ integrada.<\/strong>\u00a0Este algoritmo de detecci\u00f3n de movimiento se basa en el cambio de p\u00edxeles e incluye funciones de filtrado de tama\u00f1o de objetos. En caso de alarma, el dispositivo puede enviar un correo electr\u00f3nico con im\u00e1genes\u00a0<strong>JPEG\u00a0<\/strong>adjuntas.<\/p>\n<p class=\"ql-align-justify\"><strong>Visualizaci\u00f3n<\/strong><\/p>\n<p class=\"ql-align-justify\"><strong>Visualice el v\u00eddeo del codificador en un equipo mediante un navegador Web, en Bosch Video Management System o int\u00e9grelo en otro sistema de gesti\u00f3n de v\u00eddeo.<\/strong>\u00a0Si dirige el v\u00eddeo IP a un VIDEOJET decoder de alto rendimiento o Monitor Wall, podr\u00e1 visualizar el v\u00eddeo con m\u00e1xima nitidez.<\/p>\n<p class=\"ql-align-justify\"><strong>F\u00e1cil actualizaci\u00f3n<\/strong><\/p>\n<p class=\"ql-align-justify\"><strong>Actualice el dispositivo de forma remota cada vez que haya un nuevo firmware disponible.<\/strong>\u00a0Esto garantiza que los productos est\u00e9n siempre actualizados y su inversi\u00f3n rentabilizada con muy poco esfuerzo.<\/p>\n<p class=\"ql-align-justify\"><strong>Cumplimiento con ONVIF\u00a0<\/strong><\/p>\n<p class=\"ql-align-justify\"><strong>El cumplimiento de ONVIF 1.02 y ONVIF Profile S\u00a0<\/strong>proporciona la interoperabilidad entre productos de v\u00eddeo en red independientemente del fabricante. Adem\u00e1s, el firmware del dispositivo es compatible con todas las funciones aplicables de la especificaci\u00f3n ONVIF 2.2. Los dispositivos que cumplen con\u00a0<strong>ONVIF\u00a0<\/strong>permiten intercambiar v\u00eddeo en directo, audio, metadatos, controlar informaci\u00f3n y, adem\u00e1s, garantizan la detecci\u00f3n y conexi\u00f3n autom\u00e1tica a aplicaciones en red, como pueden ser los sistemas de gesti\u00f3n de v\u00eddeo.<\/p>\n<p class=\"ql-align-justify\"><strong>Piezas incluidas<\/strong><\/p>\n<p class=\"ql-align-justify\"><strong>VIDEOJET multi 4000<\/strong><\/p>\n<ul>\n<li class=\"ql-align-justify\">1 VIDEOJET multi 4000 UE o VIDEOJET multi 4000 EE. UU.<\/li>\n<li class=\"ql-align-justify\">1 Bolsa de accesorios.<\/li>\n<li class=\"ql-align-justify\">1 Manual de instalaci\u00f3n .<\/li>\n<li class=\"ql-align-justify\">1 Cable de alimentaci\u00f3n con sistema de bloqueo IEC.<\/li>\n<\/ul>\n<p class=\"ql-align-justify\"><strong>Nota: VIDEOJET multi 4000 UE<\/strong><\/p>\n<p class=\"ql-align-justify\"><strong>Codificador multicanal de alto rendimiento. H.264 de perfil alto; Dual Streaming; audio; MOTION+; grabaci\u00f3n iSCSI; 16 canales; cable de alimentaci\u00f3n para la UE con bloqueo IEC.<\/strong><\/p>\n<p class=\"ql-align-justify\"><strong>N\u00famero de pedido: VJM-4016-EU.<\/strong><\/p>\n<p class=\"ql-align-justify\"><strong>Principales Caracter\u00edsticas<\/strong><\/p>\n<ul>\n<li class=\"ql-align-justify\">16 canales de entrada de v\u00eddeo con Dual Streaming.<\/li>\n<li class=\"ql-align-justify\">Desentrelazado en la entrada de v\u00eddeo y codificaci\u00f3n progresiva con H.264 de perfil alto.<\/li>\n<li class=\"ql-align-justify\">Grabaci\u00f3n mediante iSCSI conectado en red.<\/li>\n<li class=\"ql-align-justify\">Detecci\u00f3n de movimiento y m\u00e1scara de privacidad.<\/li>\n<li class=\"ql-align-justify\">Conformidad con ONVIF.<\/li>\n<\/ul>\n<p class=\"ql-align-justify\"><strong>Especificaciones<\/strong><\/p>\n<p class=\"ql-align-justify\"><strong>Entrada\/salida V\u00eddeo 16 entradas<\/strong><\/p>\n<ul>\n<li class=\"ql-align-justify\">Conector BNC.<\/li>\n<li class=\"ql-align-justify\">Impedancia terminaci\u00f3n de 75 ohmios.<\/li>\n<li class=\"ql-align-justify\">Se\u00f1al Anal\u00f3gica compuesta, de 0,7 a 1,2 Vpp, NTSC o PAL.<\/li>\n<\/ul>\n<p class=\"ql-align-justify\"><strong>Audio 2 entradas mono de micr\u00f3fono\/l\u00ednea 1 salida mono de l\u00ednea<\/strong><\/p>\n<ul>\n<li class=\"ql-align-justify\">Conector 2 tomas est\u00e9reo de 3,5 mm (1\/8 pulg.)<\/li>\n<li class=\"ql-align-justify\">Se\u00f1al de entrada de l\u00ednea 9 kilohmios (normal), 5,5 Vpp (m\u00e1x.), amplificador de micr\u00f3fono de 60 dB m\u00e1x.<\/li>\n<li class=\"ql-align-justify\">Se\u00f1al de salida de l\u00ednea 3,0 Vpp a 10 kilohmios.<\/li>\n<\/ul>\n<p class=\"ql-align-justify\"><strong>Alarma 4 entradas<\/strong><\/p>\n<ul>\n<li class=\"ql-align-justify\">Conector Abrazadera (contacto de cierre no aislado).<\/li>\n<li class=\"ql-align-justify\">Resistencia de activaci\u00f3n 10 ohmios (m\u00e1x.)<\/li>\n<\/ul>\n<p class=\"ql-align-justify\"><strong>Rel\u00e9 1 salida<\/strong><\/p>\n<ul>\n<li class=\"ql-align-justify\">Conector Abrazadera .<\/li>\n<li class=\"ql-align-justify\">Se\u00f1al 30 Vpp (SELV), 0,2 A Puerto COM Abrazadera, RS-232\/422\/485.<\/li>\n<\/ul>\n<p class=\"ql-align-justify\"><strong>V\u00eddeo<\/strong><\/p>\n<ul>\n<li class=\"ql-align-justify\">Est\u00e1ndares H.264 de perfil alto (ISO\/IEC 14496\u201110) M-JPEG.<\/li>\n<li class=\"ql-align-justify\">Velocidades de datos De 9,6 kbps a 2 Mbps por canal.<\/li>\n<li class=\"ql-align-justify\">Resoluci\u00f3n (Horizontal x vertical PAL\/NTSC) 4CIF 704 x 576\/480 p\u00edxeles.<\/li>\n<li class=\"ql-align-justify\">Estructura GOP I, IP Retardo total 260 ms normal Dual Streaming Rendimiento y velocidad de im\u00e1genes totales en las dos secuencias para cada canal de entrada de v\u00eddeo.<\/li>\n<li class=\"ql-align-justify\">Velocidad de im\u00e1genes 1 a 25\/30 fps.<\/li>\n<\/ul>\n<p class=\"ql-align-justify\"><strong>Audio AAC<\/strong><\/p>\n<ul>\n<li class=\"ql-align-justify\">Perfil AAC-LC<\/li>\n<li class=\"ql-align-justify\">Rango de frecuencia 300 Hz a 6,4 kHz.<\/li>\n<li class=\"ql-align-justify\">Velocidad de datos 48\/80 kbps a una frecuencia de muestreo de 16 kHz G.711.<\/li>\n<li class=\"ql-align-justify\">Rango de frecuencia De 300 Hz a 3,4 kHz.<\/li>\n<li class=\"ql-align-justify\">Velocidad de datos 80 kbps a una frecuencia de muestreo de 8 kHz.<\/li>\n<\/ul>\n<p class=\"ql-align-justify\"><strong>L16<\/strong><\/p>\n<ul>\n<li class=\"ql-align-justify\">Rango de frecuencia 300 Hz a 6,4 kHz .<\/li>\n<li class=\"ql-align-justify\">Velocidad de datos 640 kbps a una frecuencia de muestreo de 16 kHz Relaci\u00f3n se\u00f1al\/ruido &gt; 50 dB.<\/li>\n<\/ul>\n<p class=\"ql-align-justify\"><strong>Red<\/strong><\/p>\n<ul>\n<li class=\"ql-align-justify\">Ethernet :10\/100\/1000 Base-T, detecci\u00f3n autom\u00e1tica, d\u00faplex completo\/semid\u00faplex, RJ45.<\/li>\n<li class=\"ql-align-justify\">Protocolos: IPv4, IPv6, UDP, TCP, HTTP, HTTPS, RTP\/ RTCP, IGMP V2\/V3, ICMP, ICMPv6, RTSP, FTP, Telnet, ARP, DHCP, APIPA (Auto-IP, link local address), NTP (SNTP), SNMP (V1, MIB- -II), 802.1x, DNS, DNSv6, DDNS (DynDNS.org, selfHOST.de, no-ip.com), SMTP, iSCSI, UPnP (SSDP), DiffServ (QoS), LLDP, SOAP, Dropbox, CHAP, digest authentication.<\/li>\n<\/ul>\n<p class=\"ql-align-justify\"><strong>Control<\/strong><\/p>\n<p class=\"ql-align-justify\"><strong>Actualizaci\u00f3n del software Flash ROM, programable de forma remota<\/strong><\/p>\n<p class=\"ql-align-justify\"><strong>Configuraci\u00f3n<\/strong><\/p>\n<ul>\n<li class=\"ql-align-justify\">Configuration Manager o navegador web Control de c\u00e1mara<\/li>\n<\/ul>\n<p class=\"ql-align-justify\"><strong>Mediante interfaz de serie; dispositivos y protocolos admitidos:<\/strong><\/p>\n<ul>\n<li class=\"ql-align-justify\">Bosch AUTODOME, HSPT, MIC1\u2011300 IP, TC8x00.<\/li>\n<li class=\"ql-align-justify\">Canon VCC1, VC-C4R.<\/li>\n<li class=\"ql-align-justify\">CBC SMD 12P\/12PII\/20P.<\/li>\n<li class=\"ql-align-justify\">JVC TK-C676.<\/li>\n<li class=\"ql-align-justify\">Panasonic WV-CS850.<\/li>\n<li class=\"ql-align-justify\">Pelco Spectra D\/P.<\/li>\n<li class=\"ql-align-justify\">Sensomatic SpeedDome Ultra.<\/li>\n<li class=\"ql-align-justify\">Sony EVI D30\/31\/D100.<\/li>\n<li class=\"ql-align-justify\">Ultrak KD6.<\/li>\n<li class=\"ql-align-justify\">VT VPT4x<\/li>\n<\/ul>\n<p class=\"ql-align-justify\"><strong>Nota: S\u00f3lo funciones b\u00e1sicas, no v\u00e1lido para una funcionalidad completa. Bosch no se hace responsable bajo ninguna circunstancia si no se implementan todas las funciones o no hay una compatibilidad completa en todas las circunstancias.<\/strong><\/p>\n<p class=\"ql-align-justify\"><strong>Mec\u00e1nicas<\/strong><\/p>\n<ul>\n<li class=\"ql-align-justify\">Dimensiones (Al. x An. x Pr.) 44 x 483 x 157 mm (1,7 x 19 x 6,2 pulg.)<\/li>\n<li class=\"ql-align-justify\">Color RAL 9017 (negro tr\u00e1fico).<\/li>\n<li class=\"ql-align-justify\">Peso Aprox. 1,7 kg (3,7 libras).<\/li>\n<\/ul>\n<p class=\"ql-align-justify\"><strong>El\u00e9ctricas<\/strong><\/p>\n<ul>\n<li class=\"ql-align-justify\">Tensi\u00f3n de entrada 100 a 240 VCA, 47 a 63 Hz.<\/li>\n<li class=\"ql-align-justify\">Corriente de entrada De 0,32 a 0,15 A.<\/li>\n<li class=\"ql-align-justify\">Consumo de energ\u00eda 23 W.<\/li>\n<li class=\"ql-align-justify\">Conectores IEC 320 C14.<\/li>\n<\/ul>\n<p><img decoding=\"async\" class=\"overview-center-img-\" src=\"https:\/\/tvc.mx\/media\/13079\/Logoopaginas-oficial.png\" alt=\"\" \/><\/p>\n","protected":false},"excerpt":{"rendered":"<p>VIDEOJET multi 4000 UE VIDEOJET multi 4000 de Bosch es un codificador de v\u00eddeo de CCTV con 16 canales que proporciona el mejor rendimiento en v\u00eddeo sobre IP de los sistemas CCTV actuales. El codificador H.264\u00a0de perfil alto\u00a0VIDEOJET multi 4000\u00a0permite transmitir v\u00eddeo comprimido en\u00a0H.264\u00a0a trav\u00e9s&hellip;<\/p>\n","protected":false},"featured_media":7349,"comment_status":"open","ping_status":"closed","template":"","meta":{"om_disable_all_campaigns":false,"_monsterinsights_skip_tracking":false,"_monsterinsights_sitenote_active":false,"_monsterinsights_sitenote_note":"","_monsterinsights_sitenote_category":0},"product_brand":[],"product_cat":[660],"product_tag":[613,611,612,616,615,610,614,617],"class_list":{"0":"post-7350","1":"product","2":"type-product","3":"status-publish","4":"has-post-thumbnail","6":"product_cat-encoder","7":"product_tag-bosch","8":"product_tag-manhattan","9":"product_tag-saxxon","10":"product_tag-surveon","11":"product_tag-utepo","12":"product_tag-videovigilancia","13":"product_tag-vivotek","14":"product_tag-zteco","16":"first","17":"instock","18":"sale","19":"taxable","20":"shipping-taxable","21":"purchasable","22":"product-type-simple"},"aioseo_notices":[],"_links":{"self":[{"href":"https:\/\/tecsecmty.com\/index.php\/wp-json\/wp\/v2\/product\/7350","targetHints":{"allow":["GET"]}}],"collection":[{"href":"https:\/\/tecsecmty.com\/index.php\/wp-json\/wp\/v2\/product"}],"about":[{"href":"https:\/\/tecsecmty.com\/index.php\/wp-json\/wp\/v2\/types\/product"}],"replies":[{"embeddable":true,"href":"https:\/\/tecsecmty.com\/index.php\/wp-json\/wp\/v2\/comments?post=7350"}],"version-history":[{"count":0,"href":"https:\/\/tecsecmty.com\/index.php\/wp-json\/wp\/v2\/product\/7350\/revisions"}],"wp:featuredmedia":[{"embeddable":true,"href":"https:\/\/tecsecmty.com\/index.php\/wp-json\/wp\/v2\/media\/7349"}],"wp:attachment":[{"href":"https:\/\/tecsecmty.com\/index.php\/wp-json\/wp\/v2\/media?parent=7350"}],"wp:term":[{"taxonomy":"product_brand","embeddable":true,"href":"https:\/\/tecsecmty.com\/index.php\/wp-json\/wp\/v2\/product_brand?post=7350"},{"taxonomy":"product_cat","embeddable":true,"href":"https:\/\/tecsecmty.com\/index.php\/wp-json\/wp\/v2\/product_cat?post=7350"},{"taxonomy":"product_tag","embeddable":true,"href":"https:\/\/tecsecmty.com\/index.php\/wp-json\/wp\/v2\/product_tag?post=7350"}],"curies":[{"name":"wp","href":"https:\/\/api.w.org\/{rel}","templated":true}]}}