{"id":7352,"date":"2023-02-23T16:10:02","date_gmt":"2023-02-23T22:10:02","guid":{"rendered":"https:\/\/tecsecmty.com\/index.php\/producto\/bosch-v_nds6004f360e-flexidome-ip-panoramic-6000-domo-fijo-12mp-ip66-360-grados\/"},"modified":"2023-03-22T23:22:02","modified_gmt":"2023-03-23T05:22:02","slug":"bosch-v_nds6004f360e-flexidome-ip-panoramic-6000-domo-fijo-12mp-ip66-360-grados","status":"publish","type":"product","link":"https:\/\/tecsecmty.com\/index.php\/producto\/bosch-v_nds6004f360e-flexidome-ip-panoramic-6000-domo-fijo-12mp-ip66-360-grados\/","title":{"rendered":"BOSCH V_NDS6004F360E- FLEXIDOME IP PANORAMIC 6000\/ Domo Fijo 12MP\/ IP66\/ 360 grados"},"content":{"rendered":"<div class=\"row aling-items-center padding-bottom-2x\">\n<div class=\"col-lg-12\">\n<h5 class=\"card-title text-center\">NDS-6004-F360E Domo fijo 12MP 360\u00ba IP66<\/h5>\n<p>&nbsp;<\/p>\n<p><img decoding=\"async\" class=\"overview-center-img-web\" src=\"https:\/\/tvc.mx\/media\/117385\/Logoopaginas-oficial-1920x400.png\" alt=\"\" \/><\/div>\n<\/div>\n<div class=\"row align-items-center padding-bottom-2x\">\n<div class=\"col-md-5\"><img decoding=\"async\" class=\"d-block m-auto img-thumbnail\" src=\"https:\/\/tvc.mx\/media\/117581\/NDS-6004-F360E_config8.png\" alt=\" \" \/><\/div>\n<div class=\"col-md-7 text-md-left text-center\">\n<h2>Resumen del sistema<\/h2>\n<p class=\"text-muted\">\n<p class=\"ql-align-justify\">La FLEXIDOME IP panoramic 6000 es una c\u00e1mara destinada al uso en exteriores. El sensor de 12 MP que funciona a 30 ips proporciona una vigilancia panor\u00e1mica total con un \u00e1rea de cobertura completa, detalles precisos y altas velocidades.<\/p>\n<p class=\"ql-align-justify\">La c\u00e1mara permite mantener la atenci\u00f3n sobre la escena y proporciona vistas E-PTZ simult\u00e1neas en alta resoluci\u00f3n. Versiones La versi\u00f3n de 360\u00b0 de la c\u00e1mara, montada en un punto central en un poste o bajo un alero, ofrece una cobertura envolvente completa sin puntos muertos.<\/p>\n<p class=\"ql-align-justify\">La versi\u00f3n de 180\u00b0 tiene una resoluci\u00f3n efectiva mayor y es ideal para montarla en una pared para realizar tareas de vigilancia perimetral, donde aporta una cobertura perfecta de 180\u00b0. Correcci\u00f3n de la deformaci\u00f3n (dewarping) La lente captura una imagen circular. Con nuestro software para corregir la deformaci\u00f3n, esta imagen circular se transforma en diversas vistas rectangulares sin distorsi\u00f3n.<\/p>\n<p class=\"ql-align-justify\">Para facilitar la integraci\u00f3n del sistema, puede optar por corregir la deformaci\u00f3n de los bordes dentro de la c\u00e1mara o hacerlo en el lado cliente, sobre una plataforma externa. El Video Security Client de Bosch disponible gratuitamente ofrece funciones avanzadas de correcci\u00f3n de la deformaci\u00f3n (dewarping) en el cliente. La versi\u00f3n de 360\u00b0 de la c\u00e1mara, montada en un punto central en un poste o bajo un alero, ofrece una cobertura envolvente completa sin puntos muertos. La versi\u00f3n de 180\u00b0 tiene una resoluci\u00f3n efectiva mayor y es ideal para montarla en una pared para realizar tareas de vigilancia perimetral, donde aporta una cobertura perfecta de 180\u00b0.<\/p>\n<p>&nbsp;<\/p>\n<\/div>\n<\/div>\n<hr class=\"padding-bottom-2x\" \/>\n<div class=\"row align-items-center padding-bottom-2x\">\n<div class=\"col-md-5 order-md-2\"><img decoding=\"async\" class=\"d-block m-auto img-thumbnail\" src=\"https:\/\/tvc.mx\/media\/117585\/NDS-6004-F360E_config6.png\" alt=\" \" \/><\/div>\n<div class=\"col-md-7 order-md-1 text-md-left text-center\">\n<h2>Descripci\u00f3n del sistema<\/h2>\n<p class=\"text-muted\">\n<p class=\"ql-align-justify\"><strong>Ventajas de la vigilancia panor\u00e1mica<\/strong><\/p>\n<p class=\"ql-align-justify\">La vigilancia panor\u00e1mica ofrece una cobertura completa de 180\u00b0 o 360\u00b0 del \u00e1rea designada. Dado que nuestras c\u00e1maras panor\u00e1micas abarcan toda el \u00e1rea, permiten mantener la atenci\u00f3n sobre la escena y son ideales para seguir el movimiento durante un barrido continuo.<\/p>\n<p class=\"ql-align-justify\">Estas c\u00e1maras panor\u00e1micas aumentan notablemente la funcionalidad de los sistemas de vigilancia de gama alta, sobre todo cuando se combinan con Essential Video Analytics, por ejemplo, para el recuento de personas o para la activaci\u00f3n de alarmas basadas en reglas complejas.<\/p>\n<p>&nbsp;<\/p>\n<\/div>\n<\/div>\n<hr class=\"padding-bottom-2x\" \/>\n<div class=\"row align-items-center padding-bottom-2x\">\n<div class=\"col-md-5\"><img decoding=\"async\" class=\"d-block m-auto img-thumbnail\" src=\"https:\/\/tvc.mx\/media\/117589\/NDS-6004-F360E_config5.png\" alt=\" \" \/><\/div>\n<div class=\"col-md-7 text-md-left text-center\">\n<h2>Funciones<\/h2>\n<p class=\"text-muted\">\n<p class=\"ql-align-justify\"><strong>Sensor 12 MP a 30 ips<\/strong><\/p>\n<p class=\"ql-align-justify\">La resoluci\u00f3n de alt\u00edsima definici\u00f3n del sensor de 12 MP, junto con elevad\u00edsima velocidad de im\u00e1genes de 30 ips, hacen de esta c\u00e1mara un producto \u00fanico en el \u00e1mbito de la captura de im\u00e1genes panor\u00e1micas. El movimiento es m\u00e1s fluido y la funci\u00f3n de E\u2011PTZ permite obtener im\u00e1genes m\u00e1s detalladas. La resoluci\u00f3n efectiva es de 8 MP para la versi\u00f3n de 180\u00b0 y 7 MP para la versi\u00f3n de 360\u00b0.<\/p>\n<p class=\"ql-align-justify\"><strong>Essential Video Analytics<\/strong><\/p>\n<p class=\"ql-align-justify\">El an\u00e1lisis de v\u00eddeo integrado refuerza el concepto de \u00abinteligencia en origen\u00bb y proporciona ahora funciones a\u00fan m\u00e1s potentes. Essential Video Analytics resulta ideal para su uso en entornos controlados con intervalos de detecci\u00f3n limitada. El sistema detecta objetos, realiza su seguimiento y los analiza de forma fiable y, a continuaci\u00f3n, notifica la activaci\u00f3n de las alarmas predefinidas. Mediante un conjunto inteligente de reglas de alarma, facilita las tareas complejas y reduce al m\u00ednimo las falsas alarmas.<\/p>\n<p class=\"ql-align-justify\"><strong>MOTION+<\/strong><\/p>\n<p class=\"ql-align-justify\">El sistema de an\u00e1lisis de movimiento por v\u00eddeo MOTION+ integrado en todas las versiones de la c\u00e1mara es la soluci\u00f3n perfecta para aplicaciones en las que se requieren funciones b\u00e1sicas de an\u00e1lisis de contenido de v\u00eddeo. El sistema MOTION+ muestra los metadatos del movimiento en una pantalla superpuesta. Cuando se utilizan los datos de MOTION + como entrada, gracias a los algoritmos m\u00e1s inteligentes de creaci\u00f3n de im\u00e1genes se obtiene una imagen mejorada y tasas de bits m\u00e1s eficaces. Tambi\u00e9n ampl\u00eda las funciones de detecci\u00f3n de sabotajes.<\/p>\n<p class=\"ql-align-justify\"><strong>Cobertura DORI<\/strong><\/p>\n<p class=\"ql-align-justify\">DORI (Detectar, Observar, Reconocer, Identificar) es un sistema est\u00e1ndar (EN-62676-4) para definir la capacidad que tiene una c\u00e1mara para distinguir personas u objetos dentro de un \u00e1rea de cobertura.<\/p>\n<p>&nbsp;<\/p>\n<\/div>\n<\/div>\n<hr class=\"padding-bottom-2x\" \/>\n<div class=\"row align-items-center padding-bottom-2x\">\n<div class=\"col-md-5\"><img decoding=\"async\" class=\"d-block m-auto img-thumbnail\" src=\"https:\/\/tvc.mx\/media\/117593\/NDS-6004-F360E_config7.png\" alt=\" \" \/><\/div>\n<div class=\"col-md-7 text-md-left text-center\">\n<h2>Caracter\u00edsticas y Especificaciones<\/h2>\n<p class=\"text-muted\">\n<p class=\"ql-align-justify\"><strong>Nota: NDS-6004-F360E Domo fijo 12MP 360\u00ba IP66 C\u00e1mara con sensor de 12 MP de alto rendimiento para vigilancia panor\u00e1mica inteligente a 360\u00ba en exteriores.<\/strong><\/p>\n<p class=\"ql-align-justify\"><strong>N\u00famero de pedido: NDS-6004-F360E\u00a0<\/strong><\/p>\n<p class=\"ql-align-justify\"><strong>Principales Caracter\u00edsticas<\/strong><\/p>\n<ul>\n<li class=\"ql-align-justify\">Sensor 12 MP\/30 ips para detalles precisos con movimiento fluido.<\/li>\n<li class=\"ql-align-justify\">Correcci\u00f3n de deformaci\u00f3n de bordes o en el lado cliente para facilitar la integraci\u00f3n.<\/li>\n<li class=\"ql-align-justify\">Essential Video Analytics integrado para activar las alertas relevantes y recuperar los datos de forma r\u00e1pida.<\/li>\n<li class=\"ql-align-justify\">C\u00e1mara panor\u00e1mica IP para exteriores.<\/li>\n<li class=\"ql-align-justify\">Compatible con los accesorios universales de Bosch\u00a0.<\/li>\n<\/ul>\n<p class=\"ql-align-justify\"><strong>Especificaciones<\/strong><\/p>\n<p class=\"ql-align-justify\"><strong>Alimentaci\u00f3n<\/strong><\/p>\n<ul>\n<li class=\"ql-align-justify\">Fuente de alimentaci\u00f3n Alimentaci\u00f3n por Ethernet, 48 V CC nominales.<\/li>\n<li class=\"ql-align-justify\">Consumo de energ\u00eda 140 mA PoE IEEE 802.3af (802.3at tipo 1)<\/li>\n<\/ul>\n<p class=\"ql-align-justify\"><strong>Sensor<\/strong><\/p>\n<ul>\n<li class=\"ql-align-justify\">Escriba CMOS de 1\/2.3 pulg.<\/li>\n<li class=\"ql-align-justify\">N\u00famero total de p\u00edxeles del sensor 12 MP<\/li>\n<li class=\"ql-align-justify\">P\u00edxeles utilizados (versi\u00f3n de 180\u00b0) 3648 x 2160 (8 MP)<\/li>\n<li class=\"ql-align-justify\">P\u00edxeles utilizados (versi\u00f3n de 360\u00b0) 2640 x 2640 (7 MP)<\/li>\n<\/ul>\n<p class=\"ql-align-justify\"><strong>Funciones de v\u00eddeo<\/strong><\/p>\n<ul>\n<li class=\"ql-align-justify\">D\u00eda\/Noche Color, monocromo, autom\u00e1tico (puntos de conmutaci\u00f3n ajustables)<\/li>\n<li class=\"ql-align-justify\">Ajustes de imagen configurables Contraste, saturaci\u00f3n, brillo<\/li>\n<li class=\"ql-align-justify\">Balance del blanco De 2500 a 10 000 K, 4 modos autom\u00e1ticos (b\u00e1sico, est\u00e1ndar, vapor de sodio, color dominante), modo manual y modo en espera<\/li>\n<li class=\"ql-align-justify\">Obturador Obturador electr\u00f3nico autom\u00e1tico (AES) Fijo (1\/30 [1\/25] a 1\/15 000) seleccionable Obturador por defecto<\/li>\n<li class=\"ql-align-justify\">Nitidez Nivel de mejora de nitidez seleccionable<\/li>\n<li class=\"ql-align-justify\">Compensaci\u00f3n de contraluz Desactivado\/activado\/Intelligent Auto Exposure (BLC)<\/li>\n<li class=\"ql-align-justify\">Mejora de contraste Activada\/desactivada<\/li>\n<li class=\"ql-align-justify\">Reducci\u00f3n de ruido Intelligent Dynamic Noise Reduction<\/li>\n<li class=\"ql-align-justify\">Flujo inteligente Intelligent Defog (antiniebla inteligente)<\/li>\n<li class=\"ql-align-justify\">Intelligent Defog ajusta autom\u00e1ticamente los par\u00e1metros para obtener la mejor imagen en escenas con niebla o bruma (conmutable)<\/li>\n<li class=\"ql-align-justify\">Regi\u00f3n de exposici\u00f3n Varias regiones seleccionables<\/li>\n<li class=\"ql-align-justify\">M\u00e1scara de privacidad Ocho \u00e1reas independientes y completamente programables<\/li>\n<li class=\"ql-align-justify\">Modos de escena 9 modos predeterminados con planificador<\/li>\n<li class=\"ql-align-justify\">An\u00e1lisis de contenido de v\u00eddeo MOTION+ y Essential Video Analytics<\/li>\n<li class=\"ql-align-justify\">Posiciones prefijadas Seis sectores independientes Informaci\u00f3n en pantalla Nombres individuales e informaci\u00f3n en pantalla para todos los canales de v\u00eddeo Otras funciones Contador de p\u00edxeles, marcas de agua de v\u00eddeo, ubicaci\u00f3n.<\/li>\n<\/ul>\n<p class=\"ql-align-justify\"><strong>Almacenamiento local<\/strong><\/p>\n<ul>\n<li class=\"ql-align-justify\">RAM interna Grabaci\u00f3n previa a la alarma de 10 s.<\/li>\n<li class=\"ql-align-justify\">Ranura para tarjeta de memoria<\/li>\n<li class=\"ql-align-justify\">Ranura para tarjeta SD SDXC\/SDHC Grabaci\u00f3n Grabaci\u00f3n continua, grabaci\u00f3n circular, grabaci\u00f3n de alarma, eventos y planificaci\u00f3n<\/li>\n<li class=\"ql-align-justify\">Tarjetas SD de uso industrial Vida \u00fatil extremadamente larga y soporte para la monitorizaci\u00f3n de estado que proporciona una indicaci\u00f3n temprana de necesidad de servicio. Recomendado: Tarjetas SD Sony de uso industrial con monitorizaci\u00f3n de estado<\/li>\n<\/ul>\n<p class=\"ql-align-justify\"><strong>Software<\/strong><\/p>\n<ul>\n<li class=\"ql-align-justify\">Detecci\u00f3n de la unidad IP Helper<\/li>\n<li class=\"ql-align-justify\">Configuraci\u00f3n de la unidad A trav\u00e9s de un navegador web o del Configuration Manager<\/li>\n<li class=\"ql-align-justify\">Actualizaci\u00f3n de firmware Programable de forma remota<\/li>\n<li class=\"ql-align-justify\">Visualizaci\u00f3n de software Explorador web o software de terceros.<\/li>\n<li class=\"ql-align-justify\">Firmware y software m\u00e1s recientes http:\/\/ downloadstore.boschsecurity.com\/<\/li>\n<\/ul>\n<p class=\"ql-align-justify\"><strong>Red<\/strong><\/p>\n<ul>\n<li class=\"ql-align-justify\">Protocolos IPv4, IPv6, UDP, TCP, HTTP, HTTPS, RTP\/RTCP, IGMP V2\/V3, ICMP, ICMPv6, RTSP, FTP, ARP, DHCP, APIPA (Auto-IP, link local address), NTP (SNTP), SNMP (V1, V3, MIB-II), 802.1x, DNS, DNSv6, DDNS (DynDNS.org, selfHOST.de, noip.com), SMTP, iSCSI, UPnP (SSDP), DiffServ (QoS), LLDP, SOAP, Dropbox\u2122, CHAP, digest authentication, Stratocast\u2122 Genetec<\/li>\n<li class=\"ql-align-justify\">Encriptaci\u00f3n TLS1.0\/1.2, AES128, AES256 Ethernet 10\/100 Base-T, detecci\u00f3n autom\u00e1tica, d\u00faplex completo\/ semid\u00faplex<\/li>\n<li class=\"ql-align-justify\">Conectividad Auto-MDIX<\/li>\n<li class=\"ql-align-justify\">Interoperabilida d ONVIF Profile S; ONVIF Profile G; ONVIF Profile T GB\/T 28181<\/li>\n<\/ul>\n<p class=\"ql-align-justify\"><strong>Mec\u00e1nicas<\/strong><\/p>\n<ul>\n<li class=\"ql-align-justify\">Dimensiones (\u2205 x Al.) 174,9 x 108,4 mm (6,886 x 4,267 pulg.)<\/li>\n<li class=\"ql-align-justify\">Peso 2,06 kg (4,54 libras)<\/li>\n<li class=\"ql-align-justify\">Color Blanco (RAL 9003)<\/li>\n<\/ul>\n<p class=\"ql-align-justify\"><strong>Ambientales<\/strong><\/p>\n<ul>\n<li class=\"ql-align-justify\">Temperatura de funcionamiento: De -30 \u00baC a +45 \u00b0C (de -22 \u00baF a 113 \u00baF)<\/li>\n<li class=\"ql-align-justify\">Temperatura de almacenamiento: De -20 \u00b0C a +60 \u00b0C (de -4 \u00b0F a 140 \u00b0F)<\/li>\n<li class=\"ql-align-justify\">Humedad en funcionamiento Del 5% al 93% de humedad relativa (sin condensaci\u00f3n)<\/li>\n<li class=\"ql-align-justify\">Humedad relativa del 5 % al 100 %, con condensaci\u00f3n<\/li>\n<li class=\"ql-align-justify\">Humedad en almacenamiento<\/li>\n<li class=\"ql-align-justify\">Hasta el 98 % de humedad relativa<\/li>\n<li class=\"ql-align-justify\">Protecci\u00f3n contra impactos IK10<\/li>\n<li class=\"ql-align-justify\">Protecci\u00f3n de entrada IP66 Sostenibilidad Sin PVC<\/li>\n<\/ul>\n<\/div>\n<\/div>\n","protected":false},"excerpt":{"rendered":"<p>NDS-6004-F360E Domo fijo 12MP 360\u00ba IP66 &nbsp; Resumen del sistema La FLEXIDOME IP panoramic 6000 es una c\u00e1mara destinada al uso en exteriores. El sensor de 12 MP que funciona a 30 ips proporciona una vigilancia panor\u00e1mica total con un \u00e1rea de cobertura completa, detalles&hellip;<\/p>\n","protected":false},"featured_media":7351,"comment_status":"open","ping_status":"closed","template":"","meta":{"om_disable_all_campaigns":false,"_monsterinsights_skip_tracking":false,"_monsterinsights_sitenote_active":false,"_monsterinsights_sitenote_note":"","_monsterinsights_sitenote_category":0},"product_brand":[],"product_cat":[661],"product_tag":[613,611,612,616,615,610,614,617],"class_list":{"0":"post-7352","1":"product","2":"type-product","3":"status-publish","4":"has-post-thumbnail","6":"product_cat-fisheye-360-camaras-ip-bosch-video-vigilancia","7":"product_tag-bosch","8":"product_tag-manhattan","9":"product_tag-saxxon","10":"product_tag-surveon","11":"product_tag-utepo","12":"product_tag-videovigilancia","13":"product_tag-vivotek","14":"product_tag-zteco","16":"first","17":"instock","18":"sale","19":"taxable","20":"shipping-taxable","21":"purchasable","22":"product-type-simple"},"aioseo_notices":[],"_links":{"self":[{"href":"https:\/\/tecsecmty.com\/index.php\/wp-json\/wp\/v2\/product\/7352","targetHints":{"allow":["GET"]}}],"collection":[{"href":"https:\/\/tecsecmty.com\/index.php\/wp-json\/wp\/v2\/product"}],"about":[{"href":"https:\/\/tecsecmty.com\/index.php\/wp-json\/wp\/v2\/types\/product"}],"replies":[{"embeddable":true,"href":"https:\/\/tecsecmty.com\/index.php\/wp-json\/wp\/v2\/comments?post=7352"}],"version-history":[{"count":0,"href":"https:\/\/tecsecmty.com\/index.php\/wp-json\/wp\/v2\/product\/7352\/revisions"}],"wp:featuredmedia":[{"embeddable":true,"href":"https:\/\/tecsecmty.com\/index.php\/wp-json\/wp\/v2\/media\/7351"}],"wp:attachment":[{"href":"https:\/\/tecsecmty.com\/index.php\/wp-json\/wp\/v2\/media?parent=7352"}],"wp:term":[{"taxonomy":"product_brand","embeddable":true,"href":"https:\/\/tecsecmty.com\/index.php\/wp-json\/wp\/v2\/product_brand?post=7352"},{"taxonomy":"product_cat","embeddable":true,"href":"https:\/\/tecsecmty.com\/index.php\/wp-json\/wp\/v2\/product_cat?post=7352"},{"taxonomy":"product_tag","embeddable":true,"href":"https:\/\/tecsecmty.com\/index.php\/wp-json\/wp\/v2\/product_tag?post=7352"}],"curies":[{"name":"wp","href":"https:\/\/api.w.org\/{rel}","templated":true}]}}