{"id":7366,"date":"2023-02-23T16:10:19","date_gmt":"2023-02-23T22:10:19","guid":{"rendered":"https:\/\/tecsecmty.com\/index.php\/producto\/bosch-v_nin70122f0s-camara-panoramica-7000-mp-12-mp-poe-caja-de-montaje-en-superficie\/"},"modified":"2023-03-22T23:22:04","modified_gmt":"2023-03-23T05:22:04","slug":"bosch-v_nin70122f0s-camara-panoramica-7000-mp-12-mp-poe-caja-de-montaje-en-superficie","status":"publish","type":"product","link":"https:\/\/tecsecmty.com\/index.php\/producto\/bosch-v_nin70122f0s-camara-panoramica-7000-mp-12-mp-poe-caja-de-montaje-en-superficie\/","title":{"rendered":"BOSCH V_NIN70122F0S &#8211; Camara panoramica 7000 MP \/ 12 MP \/ PoE \/ Caja de montaje en superficie"},"content":{"rendered":"<div class=\"row aling-items-center padding-bottom-2x\">\n<div class=\"col-lg-12\">\n<h5 class=\"card-title text-center\">FLEXIDOME IP panoramic 7000 MP<\/h5>\n<p class=\"ql-align-justify\"><strong>La FLEXIDOME IP panoramic 7000 MP<\/strong>\u00a0es una c\u00e1mara de dise\u00f1o plano discreta y est\u00e9tica para uso en interiores.<strong>\u00a0El sensor de 12 MP que funciona a 30 ips<\/strong>\u00a0proporciona una vigilancia panor\u00e1mica completa con un \u00e1rea de cobertura completa, detalles precisos y altas velocidades. La c\u00e1mara permite mantener la atenci\u00f3n sobre la escena y\u00a0<strong>proporciona vistas E-PTZ bsimult\u00e1neas en alta resoluci\u00f3n.<\/strong><\/p>\n<p class=\"ql-align-justify\"><strong>Versiones<\/strong><\/p>\n<p class=\"ql-align-justify\"><strong>La versi\u00f3n en 360\u00b0<\/strong>\u00a0de la c\u00e1mara, cuando se monta de forma central en el techo, permite obtener una cobertura total de pared a pared.<strong>\u00a0La versi\u00f3n en 180\u00b0<\/strong>\u00a0tiene una resoluci\u00f3n m\u00e1s efectiva y es ideal para su montaje en pared o en los techos de pasillos.<\/p>\n<p class=\"ql-align-justify\"><strong>Correcci\u00f3n de la deformaci\u00f3n (dewarping)<\/strong><\/p>\n<p class=\"ql-align-justify\"><strong>La lente captura una imagen circular<\/strong>. Con nuestro software para corregir la deformaci\u00f3n, esta imagen circular se transforma en diversas vistas rectangulares sin distorsi\u00f3n. Para facilitar la integraci\u00f3n del sistema, puede optar por corregir la deformaci\u00f3n de los bordes dentro de la c\u00e1mara o hacerlo en el lado cliente, sobre una plataforma externa.<strong>\u00a0El Video Security Client de Bosch<\/strong>\u00a0disponible gratuitamente ofrece funciones avanzadas de correcci\u00f3n de la deformaci\u00f3n (dewarping) en el cliente.<\/p>\n<p class=\"ql-align-justify\"><strong>Resumen del sistema<\/strong><\/p>\n<p class=\"ql-align-justify\"><strong>Ventajas de la vigilancia panor\u00e1mica<\/strong><\/p>\n<p class=\"ql-align-justify\"><strong>La vigilancia panor\u00e1mica ofrece una cobertura completa de 180\u00b0 o 360\u00b0 del \u00e1rea designada<\/strong>. Dado que nuestras c\u00e1maras panor\u00e1micas abarcan toda el \u00e1rea, permiten mantener la atenci\u00f3n sobre la escena y son ideales para seguir el movimiento durante un barrido continuo.<\/p>\n<p class=\"ql-align-justify\">Estas c\u00e1maras panor\u00e1micas aumentan notablemente la funcionalidad de los sistemas de vigilancia de gama alta, sobre todo cuando se asocian a\u00a0<strong>Intelligent Video Analytics<\/strong>, por ejemplo, para el recuento de personas o para la activaci\u00f3n de alarmas basadas en reglas complejas.\u00a0<strong>Intelligent Video Analytics monitoriza continuamente el c\u00edrculo completo de imagen de modo que es posible recibir las alarmas incluso mientras se hace zoom sobre una zona particular.<\/strong><\/p>\n<p class=\"ql-align-justify\"><strong>Funciones b\u00e1sicas<\/strong><\/p>\n<p class=\"ql-align-justify\"><strong>Sensor 12 MP a 30 ips<\/strong><\/p>\n<p class=\"ql-align-justify\"><strong>La resoluci\u00f3n de alt\u00edsima definici\u00f3n del sensor de 12 MP<\/strong>, junto con elevad\u00edsima velocidad de\u00a0<strong>im\u00e1genes de 30 ips<\/strong>, hacen de esta c\u00e1mara un producto \u00fanico en el \u00e1mbito de la captura de im\u00e1genes panor\u00e1micas. El movimiento es m\u00e1s fluido y\u00a0<strong>la funci\u00f3n de E\u2011PTZ permite obtener im\u00e1genes m\u00e1s detalladas. La resoluci\u00f3n efectiva es de 8 MP para la versi\u00f3n de 180\u00b0 y 7 MP para la versi\u00f3n de 360\u00b0.<\/strong><\/p>\n<p class=\"ql-align-justify\"><strong>Essential Video Analytics<\/strong><\/p>\n<p class=\"ql-align-justify\"><strong>El an\u00e1lisis de v\u00eddeo integrado refuerza el concepto de \u00abinteligencia en origen\u00bb\u00a0<\/strong>y proporciona ahora funciones a\u00fan m\u00e1s potentes.\u00a0<strong>Essential Video Analytics resulta ideal para su uso en entornos controlados con intervalos de detecci\u00f3n limitada.<\/strong><\/p>\n<p class=\"ql-align-justify\"><strong>Visi\u00f3n panor\u00e1mica e Intelligent Video Analytics<\/strong><\/p>\n<p class=\"ql-align-justify\">La c\u00e1mara utiliza la \u00faltima generaci\u00f3n del software de anal\u00edtica inteligente de v\u00eddeo\u00a0<strong>(IVA, Intelligent Video Analytics)<\/strong>\u00a0de Bosch.\u00a0<strong>El IVA,<\/strong>\u00a0junto con la visi\u00f3n panor\u00e1mica completa,\u00a0<strong>proporciona una herramienta de vigilancia muy potente que enriquece la atenci\u00f3n sobre la escena general<\/strong>. Gracias al sistema<strong>\u00a0Intelligent Tracking, es posible seguir el movimiento de forma continua por todo el c\u00edrculo de la imagen.\u00a0<\/strong>No hay necesidad de trasladar el sistema de seguimiento de una c\u00e1mara a otra, lo que simplifica notablemente el an\u00e1lisis del movimiento. El sistema detecta objetos, realiza su seguimiento y los analiza de forma fiable y, a continuaci\u00f3n, notifica la activaci\u00f3n de las alarmas predefinidas. Mediante un conjunto inteligente de reglas de alarma, facilita las tareas complejas y reduce al m\u00ednimo las falsas alarmas.<\/p>\n<p class=\"ql-align-justify\"><strong>MOTION+<\/strong><\/p>\n<p class=\"ql-align-justify\"><strong>El sistema de an\u00e1lisis de movimiento por v\u00eddeo MOTION+<\/strong>\u00a0integrado en todas las versiones de la c\u00e1mara es la soluci\u00f3n perfecta para aplicaciones en las que se requieren funciones b\u00e1sicas de an\u00e1lisis de contenido de v\u00eddeo.\u00a0<strong>El sistema MOTION+ muestra los metadatos del movimiento en una pantalla superpuesta.<\/strong>\u00a0Cuando se utilizan los datos de<strong>\u00a0MOTION +<\/strong>\u00a0como entrada, gracias a los algoritmos m\u00e1s inteligentes de creaci\u00f3n de im\u00e1genes se obtiene una imagen mejorada y tasas de bits m\u00e1s eficaces. Tambi\u00e9n ampl\u00eda las funciones de detecci\u00f3n de sabotajes.<\/p>\n<p class=\"ql-align-justify\"><strong>Modos de vista<\/strong><\/p>\n<p class=\"ql-align-justify\"><strong>Los siguientes modos de vista se pueden seleccionar a 12,5 ips con correcci\u00f3n de la deformaci\u00f3n de bordes o a 30 ips con nuestro sistema de correcci\u00f3n de la deformaci\u00f3n en el lado cliente<\/strong>. Con la versi\u00f3n con lente de 180\u00b0, se puede seleccionar uno de los modos de visualizaci\u00f3n siguientes para el segundo canal.<\/p>\n<p><img decoding=\"async\" class=\"overview-center-img-\" src=\"https:\/\/tvc.mx\/media\/6662\/Logoopaginas-oficial.png\" alt=\"\" \/><\/div>\n<\/div>\n<div class=\"row aling-items-center padding-bottom-2x\">\n<div class=\"col-lg-12\">\n<p class=\"ql-align-justify\"><strong>Principales Caracter\u00edsticas<\/strong><\/p>\n<ul>\n<li class=\"ql-align-justify\">Sensor 12 MP\/30 ips para detalles precisos con movimiento fluido.<\/li>\n<li class=\"ql-align-justify\">Correcci\u00f3n de deformaci\u00f3n de bordes o en el lado cliente para facilitar la integraci\u00f3n.<\/li>\n<li class=\"ql-align-justify\">Descripci\u00f3n general de Intelligent Video Analytics en panor\u00e1mica completa.<\/li>\n<li class=\"ql-align-justify\">Dise\u00f1o plano, discreto y est\u00e9tico u Instalaci\u00f3n sencilla mediante giro y clic.<\/li>\n<\/ul>\n<p class=\"ql-align-justify\"><strong>Especificaciones\u00a0<\/strong><\/p>\n<p class=\"ql-align-justify\"><strong>Fuente de alimentaci\u00f3n<\/strong><\/p>\n<ul>\n<li class=\"ql-align-justify\">Alimentaci\u00f3n por Ethernet: de 48 V CC nominales.<\/li>\n<li class=\"ql-align-justify\">Consumo de energ\u00eda 140 mA 200 mA (versi\u00f3n de Intelligent Video Analytics).<\/li>\n<li class=\"ql-align-justify\">PoE: IEEE 802.3af (802.3at tipo 1).<\/li>\n<\/ul>\n<p class=\"ql-align-justify\"><strong>Sensor<\/strong><\/p>\n<ul>\n<li class=\"ql-align-justify\">Escriba CMOS de 1\/2.3 pulg.<\/li>\n<li class=\"ql-align-justify\">N\u00famero total de p\u00edxeles del sensor: 12 MP.<\/li>\n<li class=\"ql-align-justify\">P\u00edxeles utilizados: (versi\u00f3n de 180\u00b0) 3648 x 2160 (8 MP).<\/li>\n<li class=\"ql-align-justify\">P\u00edxeles utilizados: (versi\u00f3n de 360\u00b0) 2640 x 2640 (7 MP).<\/li>\n<\/ul>\n<p class=\"ql-align-justify\"><strong>Rendimiento de v\u00eddeo \u2013 Sensibilidad \u2013 lente de 360\u00b0<\/strong><\/p>\n<p class=\"ql-align-justify\"><strong>(3100 K, reflectividad 89 %, F2.8, 30IRE)<\/strong><\/p>\n<ul>\n<li class=\"ql-align-justify\">Color: 0.55 lx.<\/li>\n<li class=\"ql-align-justify\">Monocromo: 0.18 lx.<\/li>\n<\/ul>\n<p class=\"ql-align-justify\"><strong>Flujo de v\u00eddeo<\/strong><\/p>\n<ul>\n<li class=\"ql-align-justify\">Compresi\u00f3n de v\u00eddeo H.264 (MP); M-JPEG<\/li>\n<li class=\"ql-align-justify\">Flujo de v\u00eddeo:M\u00faltiples flujos configurables en H.264 y M- -JPEG con velocidad de im\u00e1genes y ancho de banda personalizables. Varios canales con correcci\u00f3n de la deformaci\u00f3n de los bordes. Regiones de inter\u00e9s (ROI).<\/li>\n<li class=\"ql-align-justify\">Retardo de IP absolut: M\u00edn. 120 ms; m\u00e1x. 340 ms<\/li>\n<li class=\"ql-align-justify\">Intervalo de codificaci\u00f3n: De 1 a 25 [30] ips<\/li>\n<li class=\"ql-align-justify\">Regiones de codificador: Ocho \u00e1reas independientes para definir la calidad del codificador y, de este modo, optimizar la tasa de bits.<\/li>\n<\/ul>\n<p class=\"ql-align-justify\"><strong>Resoluci\u00f3n de v\u00eddeo (H x V) &#8211; Versi\u00f3n de 360\u00b0<\/strong><\/p>\n<p class=\"ql-align-justify\"><strong>Canal 1 de v\u00eddeo<\/strong><\/p>\n<ul>\n<li class=\"ql-align-justify\">C\u00edrculo completo de imagen 2640 x 2640.<\/li>\n<\/ul>\n<p class=\"ql-align-justify\"><strong>Canal 2 de v\u00eddeo<\/strong><\/p>\n<ul>\n<li class=\"ql-align-justify\">Panor\u00e1mica completa 3584 x 504 E-PTZ 1536 x 864.<\/li>\n<li class=\"ql-align-justify\">Cu\u00e1druple 1536 x 864.<\/li>\n<li class=\"ql-align-justify\">Panor\u00e1mica 2688 x 800.<\/li>\n<li class=\"ql-align-justify\">Panor\u00e1mica doble 1920 x 1080.<\/li>\n<li class=\"ql-align-justify\">Pasillo 1600 x 1200 Canal 3 de v\u00eddeo.<\/li>\n<li class=\"ql-align-justify\">E-PTZ 1280 x 720.<\/li>\n<\/ul>\n<p class=\"ql-align-justify\"><strong>Audio<\/strong><\/p>\n<ul>\n<li class=\"ql-align-justify\">Entrada de audio Micr\u00f3fono integrado (se puede desactivar de forma permanente).<\/li>\n<\/ul>\n<p class=\"ql-align-justify\"><strong>Flujo de audio<\/strong><\/p>\n<ul>\n<li class=\"ql-align-justify\">Est\u00e1ndar G.711, a una frecuencia de muestreo de 8 kHz L16, a una frecuencia de muestreo de 16 kHz AAC-LC, 48 kbps a una frecuencia de muestreo de 16 kHz AAC-LC, 80 kbps a una frecuencia de muestreo de 16 kHz.<\/li>\n<li class=\"ql-align-justify\">Relaci\u00f3n se\u00f1al\/ruido: &gt;50 dB.<\/li>\n<li class=\"ql-align-justify\">Flujo de audio D\u00faplex completo\/semid\u00faplex.<\/li>\n<\/ul>\n<p class=\"ql-align-justify\"><strong>Almacenamiento local<\/strong><\/p>\n<p class=\"ql-align-justify\"><strong>RAM interna<\/strong><\/p>\n<ul>\n<li class=\"ql-align-justify\">Grabaci\u00f3n previa a la alarma de 10 s.<\/li>\n<li class=\"ql-align-justify\">Ranura para tarjeta de memoria:Admite tarjeta SDHC de hasta 32 GB \/ SDXC de 2 TB. (Se recomienda una tarjeta SD de clase 6 o posterior para la grabaci\u00f3n HD).<\/li>\n<li class=\"ql-align-justify\">Grabaci\u00f3n: Grabaci\u00f3n continua, grabaci\u00f3n circular. Grabaci\u00f3n de alarma, eventos y planificaci\u00f3n.<\/li>\n<\/ul>\n<p class=\"ql-align-justify\"><strong>Mec\u00e1nicas<\/strong><\/p>\n<ul>\n<li class=\"ql-align-justify\">Dimensiones: 158 x 33 mm (6,22 x 1,30 pulg.).<\/li>\n<li class=\"ql-align-justify\">Peso: 445 g (0,98 libras).<\/li>\n<\/ul>\n<p class=\"ql-align-justify\"><strong>Ambientales<\/strong><\/p>\n<ul>\n<li class=\"ql-align-justify\">Temperatura de funcionamiento: De -20 \u00b0C a +40 \u00b0C (de -4 \u00b0F a +104 \u00b0F).<\/li>\n<li class=\"ql-align-justify\">Temperatura de almacenamiento: De -20 \u00b0C a +60 \u00b0C (de -4 \u00b0F a +140 \u00b0F).<\/li>\n<li class=\"ql-align-justify\">Humedad en funcionamiento: Del 20% al 93% de humedad relativa Humedad en almacenamiento: Hasta el 98% de humedad relativa<\/li>\n<\/ul>\n<\/div>\n<\/div>\n","protected":false},"excerpt":{"rendered":"<p>FLEXIDOME IP panoramic 7000 MP La FLEXIDOME IP panoramic 7000 MP\u00a0es una c\u00e1mara de dise\u00f1o plano discreta y est\u00e9tica para uso en interiores.\u00a0El sensor de 12 MP que funciona a 30 ips\u00a0proporciona una vigilancia panor\u00e1mica completa con un \u00e1rea de cobertura completa, detalles precisos y&hellip;<\/p>\n","protected":false},"featured_media":7365,"comment_status":"open","ping_status":"closed","template":"","meta":{"om_disable_all_campaigns":false,"_monsterinsights_skip_tracking":false,"_monsterinsights_sitenote_active":false,"_monsterinsights_sitenote_note":"","_monsterinsights_sitenote_category":0},"product_brand":[],"product_cat":[661],"product_tag":[613,611,612,616,615,610,614,617],"class_list":{"0":"post-7366","1":"product","2":"type-product","3":"status-publish","4":"has-post-thumbnail","6":"product_cat-fisheye-360-camaras-ip-bosch-video-vigilancia","7":"product_tag-bosch","8":"product_tag-manhattan","9":"product_tag-saxxon","10":"product_tag-surveon","11":"product_tag-utepo","12":"product_tag-videovigilancia","13":"product_tag-vivotek","14":"product_tag-zteco","16":"first","17":"instock","18":"sale","19":"taxable","20":"shipping-taxable","21":"purchasable","22":"product-type-simple"},"aioseo_notices":[],"_links":{"self":[{"href":"https:\/\/tecsecmty.com\/index.php\/wp-json\/wp\/v2\/product\/7366","targetHints":{"allow":["GET"]}}],"collection":[{"href":"https:\/\/tecsecmty.com\/index.php\/wp-json\/wp\/v2\/product"}],"about":[{"href":"https:\/\/tecsecmty.com\/index.php\/wp-json\/wp\/v2\/types\/product"}],"replies":[{"embeddable":true,"href":"https:\/\/tecsecmty.com\/index.php\/wp-json\/wp\/v2\/comments?post=7366"}],"version-history":[{"count":0,"href":"https:\/\/tecsecmty.com\/index.php\/wp-json\/wp\/v2\/product\/7366\/revisions"}],"wp:featuredmedia":[{"embeddable":true,"href":"https:\/\/tecsecmty.com\/index.php\/wp-json\/wp\/v2\/media\/7365"}],"wp:attachment":[{"href":"https:\/\/tecsecmty.com\/index.php\/wp-json\/wp\/v2\/media?parent=7366"}],"wp:term":[{"taxonomy":"product_brand","embeddable":true,"href":"https:\/\/tecsecmty.com\/index.php\/wp-json\/wp\/v2\/product_brand?post=7366"},{"taxonomy":"product_cat","embeddable":true,"href":"https:\/\/tecsecmty.com\/index.php\/wp-json\/wp\/v2\/product_cat?post=7366"},{"taxonomy":"product_tag","embeddable":true,"href":"https:\/\/tecsecmty.com\/index.php\/wp-json\/wp\/v2\/product_tag?post=7366"}],"curies":[{"name":"wp","href":"https:\/\/api.w.org\/{rel}","templated":true}]}}