{"id":7368,"date":"2023-02-23T16:10:22","date_gmt":"2023-02-23T22:10:22","guid":{"rendered":"https:\/\/tecsecmty.com\/index.php\/producto\/bosch-v_nuc52051f0-camara-ip-domo-fisheye-5-megapixeles-vision-hemisferica-360-poe-ik10-interior\/"},"modified":"2023-03-22T23:22:06","modified_gmt":"2023-03-23T05:22:06","slug":"bosch-v_nuc52051f0-camara-ip-domo-fisheye-5-megapixeles-vision-hemisferica-360-poe-ik10-interior","status":"publish","type":"product","link":"https:\/\/tecsecmty.com\/index.php\/producto\/bosch-v_nuc52051f0-camara-ip-domo-fisheye-5-megapixeles-vision-hemisferica-360-poe-ik10-interior\/","title":{"rendered":"BOSCH V_NUC52051F0 &#8211; Camara IP domo FISHEYE 5 megapixeles \/ Vision hemisferica 360 \/ PoE \/ IK10 \/ Interior"},"content":{"rendered":"<h5 class=\"card-title text-center\">FLEXIDOME IP panoramic 5000 MP<\/h5>\n<p class=\"ql-align-justify\"><strong>El modelo FLEXIDOME IP panoramic 5000 MP es una c\u00e1mara panor\u00e1mica discreta, est\u00e9tica, con un dise\u00f1o compacto. El sensor de 5 MP que funciona a 15 ips proporciona una vigilancia panor\u00e1mica completa con un \u00e1rea de cobertura completa y detalles precisos.<\/strong>\u00a0La c\u00e1mara permite mantener la atenci\u00f3n sobre la escena y proporciona\u00a0<strong>vistas E-PTZ<\/strong>\u00a0simult\u00e1neas en alta resoluci\u00f3n. Cuando se monta de forma central en el techo, la lente de la\u00a0<strong>c\u00e1mara de 360\u00b0<\/strong>\u00a0permite obtener una cobertura total de pared a pared. Si se monta en una pared, la imagen de la c\u00e1mara con correcci\u00f3n de la deformaci\u00f3n proporciona una imagen de\u00a0<strong>180\u00b0<\/strong>.<\/p>\n<p class=\"ql-align-justify\"><strong>Correcci\u00f3n de la deformaci\u00f3n (dewarping)<\/strong><\/p>\n<p class=\"ql-align-justify\">La lente captura una imagen circular. Con nuestro software de dewarping en el cliente, esta imagen circular se transforma en diversas vistas rectangulares sin distorsi\u00f3n.<\/p>\n<p class=\"ql-align-justify\"><strong>Versiones<\/strong><\/p>\n<p class=\"ql-align-justify\"><strong>Hay dos versiones disponibles<\/strong>, una versi\u00f3n para interiores y una versi\u00f3n para exteriores con clasificaci\u00f3n\u00a0<strong>IK10 e IP66.<\/strong>\u00a0Resumen del sistema.<\/p>\n<p class=\"ql-align-justify\"><strong>Ventajas de la vigilancia panor\u00e1mica<\/strong><\/p>\n<p class=\"ql-align-justify\">La vigilancia panor\u00e1mica ofrece una cobertura completa de 360\u00b0 del \u00e1rea designada. Dado que nuestras c\u00e1maras panor\u00e1micas abarcan toda el \u00e1rea, permiten mantener la atenci\u00f3n sobre la escena y son ideales para seguir el movimiento durante un barrido continuo.<\/p>\n<p class=\"ql-align-justify\"><strong>Funciones b\u00e1sicas<\/strong><\/p>\n<p class=\"ql-align-justify\"><strong>Sensor de 5 MP a 15 ips<\/strong><\/p>\n<p class=\"ql-align-justify\"><strong>La alta resoluci\u00f3n del sensor de 5 MP, junto con una velocidad de im\u00e1genes de 15 ips<\/strong>\u00a0hace de esta c\u00e1mara la soluci\u00f3n ideal para muchas aplicaciones en el campo de la captura de im\u00e1genes panor\u00e1micas. La alta resoluci\u00f3n proporciona una visi\u00f3n clara e im\u00e1genes detalladas.<\/p>\n<p class=\"ql-align-justify\"><strong>Dewarping en el cliente<\/strong><\/p>\n<p class=\"ql-align-justify\">C<strong>on el software de correcci\u00f3n de la deformaci\u00f3n o dewarping en el lado cliente, la c\u00e1mara transmite una \u00fanica imagen circular sin correcci\u00f3n de deformaci\u00f3n a 15 ips.\u00a0<\/strong>La correcci\u00f3n de la deformaci\u00f3n se lleva a cabo mediante nuestro software de correcci\u00f3n de la deformaci\u00f3n, que est\u00e1 instalado en el PC donde hay disponibles varios modos de vista, o bien puede optar por utilizar una soluci\u00f3n de software de dewarping en el cliente de otros fabricantes.<\/p>\n<p class=\"ql-align-justify\"><strong>Cobertura DORI<\/strong><\/p>\n<p class=\"ql-align-justify\"><strong>DORI (Detectar, Observar, Reconocer, Identificar) es un sistema est\u00e1ndar (EN-62676-4) para definir la capacidad que tiene una c\u00e1mara para distinguir personas u objetos dentro de un \u00e1rea de cobertura.\u00a0<\/strong>A continuaci\u00f3n se muestra la distancia m\u00e1xima a la que una combinaci\u00f3n de c\u00e1mara\/lente puede cumplir estos criterios:<\/p>\n<ul>\n<li class=\"ql-align-justify\">Detectar a 22 m (72 pies).<\/li>\n<li class=\"ql-align-justify\">Observar a 9,5 m (31 pies).<\/li>\n<li class=\"ql-align-justify\">Reconocer a 5 m (16 pies).<\/li>\n<li class=\"ql-align-justify\">Identificar a 2 m (7 pies).<\/li>\n<\/ul>\n<p class=\"ql-align-justify\"><strong>Varios flujos<\/strong><\/p>\n<p class=\"ql-align-justify\"><strong>Esta innovadora funci\u00f3n de transmisi\u00f3n m\u00faltiple ofrece varios flujos H.264 junto con un flujo M-JPEG.<\/strong>\u00a0Estos flujos facilitan una visualizaci\u00f3n y grabaci\u00f3n eficientes con poco uso del ancho de banda, as\u00ed como una sencilla integraci\u00f3n con sistemas de gesti\u00f3n de v\u00eddeo de otros fabricantes.<\/p>\n<p class=\"ql-align-justify\"><strong>Micr\u00f3fono incorporado y alarma ac\u00fastica<\/strong><\/p>\n<p class=\"ql-align-justify\">La versi\u00f3n para interiores de la c\u00e1mara dispone de un micr\u00f3fono integrado para que los operadores puedan escuchar en el \u00e1rea supervisada. Se puede utilizar la detecci\u00f3n de audio para generar una alarma si es necesario. Si as\u00ed lo exige la legislaci\u00f3n local, es posible bloquear permanentemente el micr\u00f3fono mediante una clave de licencia segura.<\/p>\n<p class=\"ql-align-justify\"><strong>Instalaci\u00f3n sencilla<\/strong><\/p>\n<p class=\"ql-align-justify\"><strong>Se puede suministrar alimentaci\u00f3n a la c\u00e1mara mediante una conexi\u00f3n del cable de red compatible con alimentaci\u00f3n por Ethernet (PoE).\u00a0<\/strong>Con esta configuraci\u00f3n, solo se necesita una \u00fanica conexi\u00f3n del cable para ver, alimentar y controlar la c\u00e1mara. El uso de alimentaci\u00f3n por Ethernet o PoE facilita la instalaci\u00f3n y la hace m\u00e1s rentable, ya que las c\u00e1maras no necesitan una fuente de alimentaci\u00f3n local. La alimentaci\u00f3n de la c\u00e1mara se puede suministrar mediante fuentes de alimentaci\u00f3n de +12 V CC. Para evitar problemas con el cableado de red, las c\u00e1maras son compatibles con Auto-MDIX, lo que permite el uso de cables directos o cruzados.<\/p>\n<p class=\"ql-align-justify\"><strong>MOTION+<\/strong><\/p>\n<p class=\"ql-align-justify\"><strong>El sistema de an\u00e1lisis de movimiento por v\u00eddeo MOTION+ integrado en todas las versiones de la c\u00e1mara es la soluci\u00f3n perfecta para aplicaciones en las que se requieren funciones b\u00e1sicas de an\u00e1lisis de contenido de v\u00eddeo.<\/strong>\u00a0El sistema MOTION+ muestra los metadatos del movimiento en una pantalla superpuesta. Cuando se utilizan los datos de\u00a0<strong>MOTION +\u00a0<\/strong>como entrada, gracias a los algoritmos m\u00e1s inteligentes de creaci\u00f3n de im\u00e1genes se obtiene una imagen mejorada y tasas de bits m\u00e1s eficaces. Tambi\u00e9n ampl\u00eda las funciones de detecci\u00f3n de sabotajes.<\/p>\n<p class=\"ql-align-justify\"><strong>Apto para diversos entornos<\/strong><\/p>\n<p class=\"ql-align-justify\"><strong>La versi\u00f3n para interiores est\u00e1 dise\u00f1ada para parecerse a un detector de humo. Este dise\u00f1o compacto ofrece una colocaci\u00f3n discreta en cualquier entorno interior.<\/strong>\u00a0La versi\u00f3n para exteriores, con carcasa de aluminio fundido y burbuja transparente est\u00e1 dise\u00f1ada soportar el equivalente de una fuerza de impacto de 20 julios (IK10), que equivale a una bola de acero de 5 kg (12 libras) lanzada desde una altura de 40 cm.<\/p>\n<p class=\"ql-align-justify\"><strong>Gesti\u00f3n de almacenamiento<\/strong><\/p>\n<p class=\"ql-align-justify\"><strong>La gesti\u00f3n de grabaciones se puede controlar con el Bosch Video Recording Manager (VRM) o bien la c\u00e1mara puede utilizar destinos iSCSI directamente, sin software de grabaci\u00f3n.<\/strong><\/p>\n<p class=\"ql-align-justify\"><strong>Software de visualizaci\u00f3n completa<\/strong><\/p>\n<p class=\"ql-align-justify\">Existen muchas maneras de acceder a las funciones de la c\u00e1mara: con un navegador web, con el\u00a0<strong>Bosch Video Management System, con los sistemas Bosch Video Client o Video Security Client gratuitos, con la aplicaci\u00f3n m\u00f3vil de seguridad por v\u00eddeo o a trav\u00e9s de software de otros fabricantes.\u00a0<\/strong>El Video Security Client dispone de amplias capacidades de dewarping en el cliente, as\u00ed como de modos disponibles para la visualizaci\u00f3n.<\/p>\n<p class=\"ql-align-justify\"><strong>Integraci\u00f3n de sistemas<\/strong><\/p>\n<p class=\"ql-align-justify\"><strong>La c\u00e1mara cumple con las especificaciones de ONVIF Profile S, ONVIF Profile Q y ONVIF Profile G.\u00a0<\/strong>El cumplimiento de estos est\u00e1ndares garantiza la interoperabilidad entre productos de v\u00eddeo en red con independencia del fabricante. Los integradores de otros fabricantes pueden acceder f\u00e1cilmente al conjunto de funciones internas de la c\u00e1mara para su integraci\u00f3n en proyectos de gran envergadura.\u00a0<strong>Visite el sitio web del programa de socios Bosch Integration Partner Program (IPP) (ipp.boschsecurity.com) para obtener m\u00e1s informaci\u00f3n.<\/strong><\/p>\n<p class=\"ql-align-justify\"><strong>Piezas incluidas<\/strong><\/p>\n<p class=\"ql-align-justify\"><strong>El paquete contiene:<\/strong><\/p>\n<ul>\n<li class=\"ql-align-justify\">C\u00e1mara FLEXIDOME IP panoramic 5000 MP.<\/li>\n<li class=\"ql-align-justify\">Instrucciones de instalaci\u00f3n r\u00e1pida.<\/li>\n<li class=\"ql-align-justify\">Instrucciones de seguridad.<\/li>\n<li class=\"ql-align-justify\">Plantilla de montaje.<\/li>\n<li class=\"ql-align-justify\">Kit de tornillos de la c\u00e1mara.<\/li>\n<li class=\"ql-align-justify\">Placa adaptadora de montaje.<\/li>\n<li class=\"ql-align-justify\">Caja de montaje en superficies interiores.<\/li>\n<li class=\"ql-align-justify\">Kit de tornillos de la caja de montaje en superficies interiores.<\/li>\n<\/ul>\n<p class=\"ql-align-justify\"><strong>Nota: FLEXIDOME IP panoramic 5000 MP<\/strong><\/p>\n<p class=\"ql-align-justify\"><strong>C\u00e1mara panor\u00e1mica IP compacta de interior para vigilancia MP de todas las zonas. Sensor de 5MP; PoE\/12 VCC; IDNR; m\u00faltiples flujos en H.264; servicios basados en la nube; dewarping en el cliente, lente de 360\u00b0; incluida caja de montaje en superficies interiores.<\/strong><\/p>\n<p class=\"ql-align-justify\"><strong>N\u00famero de pedido: NUC-52051-F0.<\/strong><\/p>\n<p class=\"ql-align-justify\"><strong>Principales caracter\u00edsticas<\/strong><\/p>\n<ul>\n<li class=\"ql-align-justify\">Sensor de 5 MP\/15 ips para obtener detalles precisos con movimiento fluido.<\/li>\n<li class=\"ql-align-justify\">Dise\u00f1o discreto, est\u00e9tico y compacto.<\/li>\n<li class=\"ql-align-justify\">Visi\u00f3n panor\u00e1mica y supervisi\u00f3n de objetos detallada simult\u00e1neamente.<\/li>\n<li class=\"ql-align-justify\">Clasificaci\u00f3n IK10 para una mejor protecci\u00f3n.<\/li>\n<li class=\"ql-align-justify\">La reducci\u00f3n inteligente de ruido disminuye los requisitos de ancho de banda y almacenamiento hasta en un 50%.<\/li>\n<\/ul>\n<p class=\"ql-align-justify\"><strong>Especificaciones<\/strong><\/p>\n<p class=\"ql-align-justify\"><strong>Alimentaci\u00f3n<\/strong><\/p>\n<ul>\n<li class=\"ql-align-justify\">Fuente de alimentaci\u00f3n 12 VCC.<\/li>\n<li class=\"ql-align-justify\">Alimentaci\u00f3n por Ethernet nominal de 48 VCC.<\/li>\n<li class=\"ql-align-justify\">Consumo de corriente 300 mA (12 VCC) 75 mA (PoE 48 VCC).<\/li>\n<li class=\"ql-align-justify\">Consumo de energ\u00eda 3,6 W.<\/li>\n<li class=\"ql-align-justify\">PoE IEEE 802.3af (802.3at tipo 1) Nivel de potencia: clase 1<\/li>\n<\/ul>\n<p class=\"ql-align-justify\"><strong>Sensor<\/strong><\/p>\n<ul>\n<li class=\"ql-align-justify\">Tipo CMOS de 1\/3 pulg.<\/li>\n<li class=\"ql-align-justify\">N\u00famero total de p\u00edxeles del sensor 5 MP<\/li>\n<li class=\"ql-align-justify\">P\u00edxeles usados (c\u00edrculo \u00f3ptico) 1792 x 1792 (3,2 MP).<\/li>\n<\/ul>\n<p class=\"ql-align-justify\"><strong>Rendimiento de v\u00eddeo: sensibilidad<\/strong><\/p>\n<p class=\"ql-align-justify\"><strong>(3200 K, 89% de reflectividad, F2.0, 30IRE)<\/strong><\/p>\n<ul>\n<li class=\"ql-align-justify\">Color 0,36 lx.<\/li>\n<li class=\"ql-align-justify\">Monocromo 0,12 lx.<\/li>\n<\/ul>\n<p class=\"ql-align-justify\"><strong>Flujo de v\u00eddeo<\/strong><\/p>\n<ul>\n<li class=\"ql-align-justify\">Compresi\u00f3n de v\u00eddeo H.264 (MP); M-JPEG.<\/li>\n<li class=\"ql-align-justify\">Flujo de v\u00eddeo M\u00faltiples flujos configurables en H.264 y M- -JPEG con velocidad de im\u00e1genes y ancho de banda personalizables.<\/li>\n<li class=\"ql-align-justify\">Retardo de IP absoluto M\u00edn. 240 ms; m\u00e1x. 680 ms.<\/li>\n<li class=\"ql-align-justify\">Estructura GOP IP, IBP, IBBP Intervalo de codificaci\u00f3n 1 a 15 ips.<\/li>\n<\/ul>\n<p class=\"ql-align-justify\"><strong>Resoluci\u00f3n de v\u00eddeo (H x V)<\/strong><\/p>\n<ul>\n<li class=\"ql-align-justify\">3,2 MP 1792 x 1792, c\u00edrculo completo de imagen.<\/li>\n<li class=\"ql-align-justify\">2,4 MP 1536 x 1536.<\/li>\n<li class=\"ql-align-justify\">1 MP 1024 x 1024.<\/li>\n<li class=\"ql-align-justify\">0,64 MP 800 x 800.<\/li>\n<li class=\"ql-align-justify\">0,23 MP 480 x 480.<\/li>\n<li class=\"ql-align-justify\">0,06 MP 240 x 240.<\/li>\n<\/ul>\n<p class=\"ql-align-justify\"><strong>Funciones de v\u00eddeo<\/strong><\/p>\n<ul>\n<li class=\"ql-align-justify\">Ajustes de imagen configurables.<\/li>\n<li class=\"ql-align-justify\">Contraste, saturaci\u00f3n, brillo.<\/li>\n<li class=\"ql-align-justify\">Balance de blancos Cuatro modos autom\u00e1ticos, modo manual y medici\u00f3n.<\/li>\n<li class=\"ql-align-justify\">Obturador Obturador electr\u00f3nico autom\u00e1tico; Obturador fijo; Obturador por defecto.<\/li>\n<li class=\"ql-align-justify\">Nitidez Nivel de mejora de nitidez seleccionable.<\/li>\n<li class=\"ql-align-justify\">Compensaci\u00f3n de contraluz Activada\/desactivada Mejora de contraste Activada\/desactivada.<\/li>\n<li class=\"ql-align-justify\">Reducci\u00f3n de ruido Intelligent Dynamic Noise.<\/li>\n<li class=\"ql-align-justify\">Reduction con ajustes temporal y espacial independientes.<\/li>\n<li class=\"ql-align-justify\">Intelligent Defog Intelligent Defog ajusta autom\u00e1ticamente los par\u00e1metros para obtener la mejor imagen en escenas con niebla o borrosas (conmutable).<\/li>\n<li class=\"ql-align-justify\">M\u00e1scara de privacidad Ocho \u00e1reas independientes y completamente programables.<\/li>\n<li class=\"ql-align-justify\">An\u00e1lisis de v\u00eddeo MOTION+.<\/li>\n<li class=\"ql-align-justify\">Otras funciones Contador de p\u00edxeles, Marcas de agua del v\u00eddeo, Informaci\u00f3n en pantalla, modos de escena.<\/li>\n<\/ul>\n<p class=\"ql-align-justify\"><strong>\u00d3ptica<\/strong><\/p>\n<ul>\n<li class=\"ql-align-justify\">Lente Lente de ojo de pez de 360\u00b0 con focal fija de 1,19 mm, F2.0.<\/li>\n<li class=\"ql-align-justify\">Montaje de lente Montaje sobre placa.<\/li>\n<li class=\"ql-align-justify\">Control del iris Iris fijo.<\/li>\n<li class=\"ql-align-justify\">Campo de visi\u00f3n 180\u00b0 (H) x 180\u00b0 (V).<\/li>\n<\/ul>\n<p class=\"ql-align-justify\"><strong>Flujo de audio<\/strong><\/p>\n<ul>\n<li class=\"ql-align-justify\">Est\u00e1ndar G.711, a una frecuencia de muestreo de 8 kHz L16, a una frecuencia de muestreo de 16 kHz AAC-LC, 48 kbps a una frecuencia de muestreo de 16 kHz AAC-LC, 80 kbps a una frecuencia de muestreo de 16 kHz.<\/li>\n<li class=\"ql-align-justify\">Relaci\u00f3n se\u00f1al\/ruido &gt;50 dB.<\/li>\n<li class=\"ql-align-justify\">Flujo de audio D\u00faplex completo\/semid\u00faplex.<\/li>\n<\/ul>\n<p class=\"ql-align-justify\"><strong>Almacenamiento local<\/strong><\/p>\n<ul>\n<li class=\"ql-align-justify\">RAM interna Grabaci\u00f3n previa a la alarma de 10 s Ranura para tarjeta de memoria.<\/li>\n<li class=\"ql-align-justify\">Admite tarjetas microSDHC de hasta 32 GB\/ microSDXC de hasta 2 TB. (Se recomienda una tarjeta SD de clase 6 o posterior para la grabaci\u00f3n HD).<\/li>\n<li class=\"ql-align-justify\">Grabaci\u00f3n Grabaci\u00f3n continua, grabaci\u00f3n circular. Grabaci\u00f3n de alarma, eventos y planificaci\u00f3n.<\/li>\n<\/ul>\n<p class=\"ql-align-justify\"><strong>Software<\/strong><\/p>\n<ul>\n<li class=\"ql-align-justify\">Detecci\u00f3n de la unidad IP Helper.<\/li>\n<li class=\"ql-align-justify\">Configuraci\u00f3n de la unidad A trav\u00e9s de un navegador web o del Configuration Manager.<\/li>\n<li class=\"ql-align-justify\">Actualizaci\u00f3n de firmware Programable de forma remota.<\/li>\n<li class=\"ql-align-justify\">Visualizaci\u00f3n de software Navegador web; Video Security Client; Video Security App; Bosch Video Management System; Bosch Video Client; o software de otros fabricantes.<\/li>\n<li class=\"ql-align-justify\">Firmware y software m\u00e1s recientes http:\/\/downloadstore.boschsecurity.com\/<\/li>\n<\/ul>\n<p class=\"ql-align-justify\"><strong>Red<\/strong><\/p>\n<ul>\n<li class=\"ql-align-justify\">Protocolos: IPv4, IPv6, UDP, TCP, HTTP, HTTPS, RTP\/ RTCP, IGMP V2\/V3, ICMP, ICMPv6, RTSP, FTP, Telnet, ARP, DHCP, APIPA (Auto-IP, link local address), NTP (SNTP), SNMP (V1, MIB- -II), 802.1x, DNS, DNSv6, DDNS (DynDNS.org, selfHOST.de, no-ip.com), SMTP, iSCSI, UPnP (SSDP), DiffServ (QoS), LLDP, SOAP, Dropbox, CHAP, digest authentication Encriptaci\u00f3n TLS 1.2, SSL, DES, 3DES.<\/li>\n<li class=\"ql-align-justify\">Ethernet 10\/100 Base-T, detecci\u00f3n autom\u00e1tica, d\u00faplex completo\/semid\u00faplex.<\/li>\n<li class=\"ql-align-justify\">Conectividad Auto-MDIX Interoperabilidad.<\/li>\n<li class=\"ql-align-justify\">ONVIF Profile S; ONVIF Profile G ; ONVIF Profile Q GB\/T 28181.<\/li>\n<\/ul>\n<p class=\"ql-align-justify\"><strong>Mec\u00e1nicas (versi\u00f3n para interiores)<\/strong><\/p>\n<ul>\n<li class=\"ql-align-justify\">Dimensiones (Al. x \u00d8) 50 x 105 mm (1,96 x 4,13 pulg.).<\/li>\n<li class=\"ql-align-justify\">Dimensiones (Al. x \u00d8) con SMB 69 x 126 mm (2,72 x 4,94 pulg.).<\/li>\n<li class=\"ql-align-justify\">Peso (solo la c\u00e1mara) 310 g (10,9 oz) aprox.<\/li>\n<li class=\"ql-align-justify\">Peso (con SMB) 380 g (13,4 oz) aprox..<\/li>\n<li class=\"ql-align-justify\">Color RAL 9003.<\/li>\n<li class=\"ql-align-justify\">Material Pl\u00e1stico.<\/li>\n<li class=\"ql-align-justify\">Opciones de montaje Pared\/suelo\/techo\/personalizado (rotaci\u00f3n total de 0 a 360\u00b0).<\/li>\n<\/ul>\n<p class=\"ql-align-justify\"><strong>Medioambientales (versi\u00f3n para interiores)<\/strong><\/p>\n<ul>\n<li class=\"ql-align-justify\">Temperatura de funcionamiento: De -20 \u00b0C a +50 \u00b0C (de -4 \u00b0F a 122 \u00b0F).<\/li>\n<li class=\"ql-align-justify\">Temperatura de almacenamiento: De -30 \u00b0C a +70 \u00b0C (de -22 \u00b0F a 158 \u00b0F).<\/li>\n<li class=\"ql-align-justify\">Humedad en funcionamiento: Del 0 al 95% (sin condensaci\u00f3n) A prueba de actos vand\u00e1licos IK04.<\/li>\n<\/ul>\n<p><img decoding=\"async\" class=\"overview-center-img-\" src=\"https:\/\/tvc.mx\/media\/14918\/Logoopaginas-oficial.png\" alt=\"\" \/><\/p>\n","protected":false},"excerpt":{"rendered":"<p>FLEXIDOME IP panoramic 5000 MP El modelo FLEXIDOME IP panoramic 5000 MP es una c\u00e1mara panor\u00e1mica discreta, est\u00e9tica, con un dise\u00f1o compacto. El sensor de 5 MP que funciona a 15 ips proporciona una vigilancia panor\u00e1mica completa con un \u00e1rea de cobertura completa y detalles&hellip;<\/p>\n","protected":false},"featured_media":7367,"comment_status":"open","ping_status":"closed","template":"","meta":{"om_disable_all_campaigns":false,"_monsterinsights_skip_tracking":false,"_monsterinsights_sitenote_active":false,"_monsterinsights_sitenote_note":"","_monsterinsights_sitenote_category":0},"product_brand":[],"product_cat":[661],"product_tag":[613,611,612,616,615,610,614,617],"class_list":{"0":"post-7368","1":"product","2":"type-product","3":"status-publish","4":"has-post-thumbnail","6":"product_cat-fisheye-360-camaras-ip-bosch-video-vigilancia","7":"product_tag-bosch","8":"product_tag-manhattan","9":"product_tag-saxxon","10":"product_tag-surveon","11":"product_tag-utepo","12":"product_tag-videovigilancia","13":"product_tag-vivotek","14":"product_tag-zteco","16":"first","17":"instock","18":"sale","19":"taxable","20":"shipping-taxable","21":"purchasable","22":"product-type-simple"},"aioseo_notices":[],"_links":{"self":[{"href":"https:\/\/tecsecmty.com\/index.php\/wp-json\/wp\/v2\/product\/7368","targetHints":{"allow":["GET"]}}],"collection":[{"href":"https:\/\/tecsecmty.com\/index.php\/wp-json\/wp\/v2\/product"}],"about":[{"href":"https:\/\/tecsecmty.com\/index.php\/wp-json\/wp\/v2\/types\/product"}],"replies":[{"embeddable":true,"href":"https:\/\/tecsecmty.com\/index.php\/wp-json\/wp\/v2\/comments?post=7368"}],"version-history":[{"count":0,"href":"https:\/\/tecsecmty.com\/index.php\/wp-json\/wp\/v2\/product\/7368\/revisions"}],"wp:featuredmedia":[{"embeddable":true,"href":"https:\/\/tecsecmty.com\/index.php\/wp-json\/wp\/v2\/media\/7367"}],"wp:attachment":[{"href":"https:\/\/tecsecmty.com\/index.php\/wp-json\/wp\/v2\/media?parent=7368"}],"wp:term":[{"taxonomy":"product_brand","embeddable":true,"href":"https:\/\/tecsecmty.com\/index.php\/wp-json\/wp\/v2\/product_brand?post=7368"},{"taxonomy":"product_cat","embeddable":true,"href":"https:\/\/tecsecmty.com\/index.php\/wp-json\/wp\/v2\/product_cat?post=7368"},{"taxonomy":"product_tag","embeddable":true,"href":"https:\/\/tecsecmty.com\/index.php\/wp-json\/wp\/v2\/product_tag?post=7368"}],"curies":[{"name":"wp","href":"https:\/\/api.w.org\/{rel}","templated":true}]}}