{"id":7370,"date":"2023-02-23T16:10:24","date_gmt":"2023-02-23T22:10:24","guid":{"rendered":"https:\/\/tecsecmty.com\/index.php\/producto\/bosch-v_nuc52051f0e-camara-ip-domo-fisheye-exterior-5-mp-vision-hemisferica-360-poe-ik10-exterior\/"},"modified":"2023-03-22T23:22:06","modified_gmt":"2023-03-23T05:22:06","slug":"bosch-v_nuc52051f0e-camara-ip-domo-fisheye-exterior-5-mp-vision-hemisferica-360-poe-ik10-exterior","status":"publish","type":"product","link":"https:\/\/tecsecmty.com\/index.php\/producto\/bosch-v_nuc52051f0e-camara-ip-domo-fisheye-exterior-5-mp-vision-hemisferica-360-poe-ik10-exterior\/","title":{"rendered":"BOSCH V_NUC52051F0E &#8211; Camara IP domo FISHEYE exterior 5 MP \/ Vision hemisferica 360 \/ PoE \/ IK10 \/ Exterior"},"content":{"rendered":"<div class=\"row aling-items-center padding-bottom-2x\">\n<div class=\"col-lg-12\">\n<h5 class=\"card-title text-center\">Descripci\u00f3n inicial<\/h5>\n<p class=\"ql-align-justify\"><strong>El modelo FLEXIDOME IP panoramic 5000 MP es una c\u00e1mara panor\u00e1mica discreta, est\u00e9tica, con un dise\u00f1o compacto. El sensor de 5 MP que funciona a 15 ips proporciona una vigilancia panor\u00e1mica completa con un \u00e1rea de cobertura completa y detalles precisos.<\/strong>\u00a0La c\u00e1mara permite mantener la atenci\u00f3n sobre la escena y proporciona\u00a0<strong>vistas E-PTZ<\/strong>\u00a0simult\u00e1neas en alta resoluci\u00f3n. Cuando se monta de forma central en el techo, la lente de la\u00a0<strong>c\u00e1mara de 360\u00b0<\/strong>\u00a0permite obtener una cobertura total de pared a pared. Si se monta en una pared, la imagen de la c\u00e1mara con correcci\u00f3n de la deformaci\u00f3n proporciona una imagen de\u00a0<strong>180\u00b0<\/strong>.<\/p>\n<ul>\n<li class=\"ql-align-justify\">Sensor de 5 MP\/15 ips para obtener detalles precisos con movimiento fluido<\/li>\n<li class=\"ql-align-justify\">Dise\u00f1o discreto, est\u00e9tico y compacto<\/li>\n<li class=\"ql-align-justify\">Visi\u00f3n panor\u00e1mica y supervisi\u00f3n de objetos detallada simult\u00e1neamente<\/li>\n<li class=\"ql-align-justify\">Clasificaci\u00f3n IK10 para una mejor protecci\u00f3n<\/li>\n<li class=\"ql-align-justify\">La reducci\u00f3n inteligente de ruido disminuye los requisitos de ancho de banda y almacenamiento hasta en un 50%<\/li>\n<\/ul>\n<p><img decoding=\"async\" class=\"overview-center-img-web\" src=\"https:\/\/tvc.mx\/media\/379959\/BANNER-CCTV.png\" alt=\"\" \/><\/div>\n<\/div>\n<div class=\"row align-items-center padding-bottom-2x\">\n<div class=\"col-md-5 order-md-2\"><img decoding=\"async\" class=\"d-block m-auto img-thumbnail\" src=\"https:\/\/tvc.mx\/media\/379971\/panoramic-400x300.png\" alt=\" \" \/><\/div>\n<div class=\"col-md-7 order-md-1 text-md-left text-center\">\n<h2>Ventajas de la vigilancia panor\u00e1mica<\/h2>\n<p class=\"text-muted\">\n<p>La vigilancia panor\u00e1mica ofrece una cobertura completa de 360\u00b0 del \u00e1rea designada. Dado que nuestras c\u00e1maras panor\u00e1micas abarcan toda el \u00e1rea, permiten mantener la atenci\u00f3n sobre la escena y son ideales para seguir el movimiento durante un barrido continuo.<\/p>\n<p><strong>Dewarping en el cliente<\/strong><\/p>\n<p>Con el software de correcci\u00f3n de la deformaci\u00f3n o dewarping en el lado cliente, la c\u00e1mara transmite una \u00fanica imagen circular sin correcci\u00f3n de deformaci\u00f3n a 15 ips. La correcci\u00f3n de la deformaci\u00f3n se lleva a cabo mediante nuestro software de correcci\u00f3n de la deformaci\u00f3n, que est\u00e1 instalado en el PC donde hay disponibles varios modos de vista, o bien puede optar por utilizar una soluci\u00f3n de software de dewarping en el cliente de otros fabricantes.<\/p>\n<p>&nbsp;<\/p>\n<\/div>\n<\/div>\n<hr class=\"padding-bottom-2x\" \/>\n<div class=\"row align-items-center padding-bottom-2x\">\n<div class=\"col-md-5 order-md-2\"><img decoding=\"async\" class=\"d-block m-auto img-thumbnail\" src=\"https:\/\/tvc.mx\/media\/380011\/dori_400x300.png\" alt=\" \" \/><\/div>\n<div class=\"col-md-7 order-md-1 text-md-left text-center\">\n<h2>Cobertura DORI<\/h2>\n<p class=\"text-muted\">\n<p>DORI (Detectar, Observar, Reconocer, Identificar) es un sistema est\u00e1ndar (EN-62676-4) para definir la capacidad que tiene una c\u00e1mara para distinguir personas u objetos dentro de un \u00e1rea de cobertura. A continuaci\u00f3n se muestra la distancia m\u00e1xima a la que una combinaci\u00f3n de c\u00e1mara\/lente puede cumplir estos criterios:<\/p>\n<p>&nbsp;<\/p>\n<\/div>\n<\/div>\n<hr class=\"padding-bottom-2x\" \/>\n<div class=\"row align-items-center padding-bottom-2x\">\n<div class=\"col-md-5 order-md-2\"><img decoding=\"async\" class=\"d-block m-auto img-thumbnail\" src=\"https:\/\/tvc.mx\/media\/380015\/Sin-t%C3%ADtulo-10.png\" alt=\" \" \/><\/div>\n<div class=\"col-md-7 order-md-1 text-md-left text-center\">\n<h2>E-PTZ y regiones de inter\u00e9s<\/h2>\n<p class=\"text-muted\">\n<p class=\"ql-align-justify\">Los controles remotos de E-PTZ (giro, inclinaci\u00f3n y zoom electr\u00f3nicos) le permiten seleccionar zonas espec\u00edficas del c\u00edrculo completo de la imagen. Estas regiones de inter\u00e9s (ROI) se pueden definir f\u00e1cilmente, lo que permite supervisar por separado la parte m\u00e1s interesante de una escena. Gracias a la alta resoluci\u00f3n se evita la p\u00e9rdida de detalles incluso cuando se utiliza el zoom electr\u00f3nico. La funci\u00f3n E-PTZ de una c\u00e1mara panor\u00e1mica tiene determinadas ventajas respecto a las c\u00e1maras PTZ normales. No existe movimiento de la c\u00e1mara, de modo que no llama la atenci\u00f3n sobre s\u00ed misma ni parece intrusiva. Se mantiene la atenci\u00f3n sobre la escena general incluso cuando se aplica zoom a un 2 | FLEXIDOME IP panoramic 5000 MP determinado objeto de inter\u00e9s. La funci\u00f3n fluida de EPTZ facilita la navegaci\u00f3n y existen los mismos valores prestablecidos que en las c\u00e1maras PTZ normales.<\/p>\n<p>&nbsp;<\/p>\n<\/div>\n<\/div>\n<hr class=\"padding-bottom-2x\" \/>\n<div class=\"row align-items-center padding-bottom-2x\">\n<div class=\"col-md-5 order-md-2\"><img decoding=\"async\" class=\"d-block m-auto img-thumbnail\" src=\"https:\/\/tvc.mx\/media\/380655\/flexidome5000_400x300.PNG\" alt=\" \" \/><\/div>\n<div class=\"col-md-7 order-md-1 text-md-left text-center\">\n<h2>Instalaci\u00f3n sencilla<\/h2>\n<p class=\"text-muted\">\n<p class=\"ql-align-justify\">Se puede suministrar alimentaci\u00f3n a la c\u00e1mara mediante una conexi\u00f3n del cable de red compatible con alimentaci\u00f3n por Ethernet (PoE). Con esta configuraci\u00f3n, solo se necesita una \u00fanica conexi\u00f3n del cable para ver, alimentar y controlar la c\u00e1mara. El uso de alimentaci\u00f3n por Ethernet o PoE facilita la instalaci\u00f3n y la hace m\u00e1s rentable, ya que las c\u00e1maras no necesitan una fuente de alimentaci\u00f3n local. La alimentaci\u00f3n de la c\u00e1mara se puede suministrar mediante fuentes de alimentaci\u00f3n de +12 V CC. Para evitar problemas con el cableado de red, las c\u00e1maras son compatibles con Auto-MDIX, lo que permite el uso de cables directos o cruzados. La c\u00e1mara est\u00e1 premontada, con un soporte de montaje para superficies interiores que permite montarla directamente en el techo, en la pared o en una caja el\u00e9ctrica. Los conectores traseros est\u00e1n orientados de modo que se accede a ellos f\u00e1cilmente. Tambi\u00e9n hay disponible un conjunto completo de accesorios para montaje, como un soporte de techo o pared. No se necesitan ajustes de enfoque ni de giro\/ inclinaci\u00f3n, ya que la c\u00e1mara, con su lente de 360\u00b0, ofrece cobertura completa de una sala peque\u00f1a. La lente, de alta calidad, viene enfocada de f\u00e1brica, de modo que la instalaci\u00f3n se simplifica y se garantiza la nitidez.<\/p>\n<p>&nbsp;<\/p>\n<\/div>\n<\/div>\n<hr class=\"padding-bottom-2x\" \/>\n<div class=\"row aling-items-center padding-bottom-2x\">\n<div class=\"col-lg-12\">\n<h5 class=\"card-title text-center\">INCLUYE:<\/h5>\n<p>\u2022 C\u00e1mara FLEXIDOME IP panoramic 5000 MP<\/p>\n<p>\u2022 Instrucciones de instalaci\u00f3n r\u00e1pida<\/p>\n<p>\u2022 Instrucciones de seguridad<\/p>\n<p>\u2022 Plantilla de montaje<\/p>\n<p>\u2022 Kit de tornillos de la c\u00e1mara<\/p>\n<p>\u2022 Placa adaptadora de montaje<\/p>\n<p>\u2022 Caja de montaje en superficies interiores<\/p>\n<p>\u2022 Kit de tornillos de la caja de montaje en superficies interiores Versi\u00f3n para exterior<\/p>\n<p>\u2022 Caja de montaje en superficies exteriores<\/p>\n<p>\u2022 Kit de tornillos de la caja de montaje en superficies exteriores<\/p>\n<p>\u2022 Desecante<\/p>\n<p><img decoding=\"async\" class=\"overview-center-img-web\" src=\"https:\/\/tvc.mx\/media\/380819\/BANNER-PIE-DEPAGINA.png\" alt=\"\" \/><\/div>\n<\/div>\n","protected":false},"excerpt":{"rendered":"<p>Descripci\u00f3n inicial El modelo FLEXIDOME IP panoramic 5000 MP es una c\u00e1mara panor\u00e1mica discreta, est\u00e9tica, con un dise\u00f1o compacto. El sensor de 5 MP que funciona a 15 ips proporciona una vigilancia panor\u00e1mica completa con un \u00e1rea de cobertura completa y detalles precisos.\u00a0La c\u00e1mara permite&hellip;<\/p>\n","protected":false},"featured_media":7369,"comment_status":"open","ping_status":"closed","template":"","meta":{"om_disable_all_campaigns":false,"_monsterinsights_skip_tracking":false,"_monsterinsights_sitenote_active":false,"_monsterinsights_sitenote_note":"","_monsterinsights_sitenote_category":0},"product_brand":[],"product_cat":[661],"product_tag":[613,611,612,616,615,610,614,617],"class_list":{"0":"post-7370","1":"product","2":"type-product","3":"status-publish","4":"has-post-thumbnail","6":"product_cat-fisheye-360-camaras-ip-bosch-video-vigilancia","7":"product_tag-bosch","8":"product_tag-manhattan","9":"product_tag-saxxon","10":"product_tag-surveon","11":"product_tag-utepo","12":"product_tag-videovigilancia","13":"product_tag-vivotek","14":"product_tag-zteco","16":"first","17":"instock","18":"sale","19":"taxable","20":"shipping-taxable","21":"purchasable","22":"product-type-simple"},"aioseo_notices":[],"_links":{"self":[{"href":"https:\/\/tecsecmty.com\/index.php\/wp-json\/wp\/v2\/product\/7370","targetHints":{"allow":["GET"]}}],"collection":[{"href":"https:\/\/tecsecmty.com\/index.php\/wp-json\/wp\/v2\/product"}],"about":[{"href":"https:\/\/tecsecmty.com\/index.php\/wp-json\/wp\/v2\/types\/product"}],"replies":[{"embeddable":true,"href":"https:\/\/tecsecmty.com\/index.php\/wp-json\/wp\/v2\/comments?post=7370"}],"version-history":[{"count":0,"href":"https:\/\/tecsecmty.com\/index.php\/wp-json\/wp\/v2\/product\/7370\/revisions"}],"wp:featuredmedia":[{"embeddable":true,"href":"https:\/\/tecsecmty.com\/index.php\/wp-json\/wp\/v2\/media\/7369"}],"wp:attachment":[{"href":"https:\/\/tecsecmty.com\/index.php\/wp-json\/wp\/v2\/media?parent=7370"}],"wp:term":[{"taxonomy":"product_brand","embeddable":true,"href":"https:\/\/tecsecmty.com\/index.php\/wp-json\/wp\/v2\/product_brand?post=7370"},{"taxonomy":"product_cat","embeddable":true,"href":"https:\/\/tecsecmty.com\/index.php\/wp-json\/wp\/v2\/product_cat?post=7370"},{"taxonomy":"product_tag","embeddable":true,"href":"https:\/\/tecsecmty.com\/index.php\/wp-json\/wp\/v2\/product_tag?post=7370"}],"curies":[{"name":"wp","href":"https:\/\/api.w.org\/{rel}","templated":true}]}}