{"id":7372,"date":"2023-02-23T16:10:27","date_gmt":"2023-02-23T22:10:27","guid":{"rendered":"https:\/\/tecsecmty.com\/index.php\/producto\/vivotek-fe9180-h-camara-ip-fisheye-de-interior-5-megapixeles-vision-hemisferica-360o-smart-stream-iii-wdr-pro-3dnr-microfono-integrado-ranura-de-tarjetas-microsd-onvif\/"},"modified":"2023-03-22T23:24:45","modified_gmt":"2023-03-23T05:24:45","slug":"vivotek-fe9180-h-camara-ip-fisheye-de-interior-5-megapixeles-vision-hemisferica-360o-smart-stream-iii-wdr-pro-3dnr-microfono-integrado-ranura-de-tarjetas-microsd-onvif","status":"publish","type":"product","link":"https:\/\/tecsecmty.com\/index.php\/producto\/vivotek-fe9180-h-camara-ip-fisheye-de-interior-5-megapixeles-vision-hemisferica-360o-smart-stream-iii-wdr-pro-3dnr-microfono-integrado-ranura-de-tarjetas-microsd-onvif\/","title":{"rendered":"VIVOTEK FE9180-H &#8211; C\u00e1mara IP Fisheye de interior, 5 Megap\u00edxeles, Visi\u00f3n Hemisf\u00e9rica 360\u00ba, Smart stream III, WDR Pro, 3DNR, Micr\u00f3fono Integrado, Ranura de Tarjetas MicroSD, ONVIF"},"content":{"rendered":"<div class=\"row aling-items-center padding-bottom-2x\">\n<div class=\"col-lg-12\">\n<h5 class=\"card-title text-center\">Informaci\u00f3n General<\/h5>\n<p class=\"ql-align-justify\">Las c\u00e1maras de IP ojo de pez proporcionan vistas envolventes de 360\u00b0 en \u00e1reas abiertas.Una sola c\u00e1mara de red ojo de pez puede ofrecer cobertura de un \u00e1rea completa en vez de solo una regi\u00f3n de ese mismo lugar. Al usar una c\u00e1mara IP ojo de pez de 360\u00b0, la cantidad de c\u00e1maras necesarias para la seguridad se puede reducir enormemente.<\/p>\n<p><img decoding=\"async\" class=\"overview-center-img-web\" src=\"https:\/\/tvc.mx\/media\/680237\/vivotek-camara-de-video-en-red-fe8180-h.png\" alt=\"\" \/><\/div>\n<\/div>\n<div class=\"row aling-items-center padding-bottom-2x\">\n<div class=\"col-lg-12\">\n<h5 class=\"card-title text-center\">Caracter\u00edsticas Principales<\/h5>\n<ul>\n<li>Compresi\u00f3n de triple codec en tiempo real H.265, H.264 y MJPEG<\/li>\n<li>15 fps @ 1920&#215;1920<\/li>\n<li>Lente fisheye de 1.16 mm para vista panor\u00e1mica de 180 \u00b0 y vista envolvente de 360 \u200b\u200b\u00b0<\/li>\n<li>WDR Pro para una visibilidad sin igual en entornos de alto contraste<\/li>\n<li>Smart stream III para optimizar la eficiencia del ancho de banda<\/li>\n<li>Micr\u00f3fono incorporado<\/li>\n<li>Soporta PoE 802.3af<\/li>\n<li>Ranura para tarjeta MicroSD \/ SDHC \/ SDXC incorporada para almacenamiento a interno<\/li>\n<li>ePTZ para la eficiencia de los datos<\/li>\n<li>Dise\u00f1o compacto<\/li>\n<li>Aplicaci\u00f3n y portal VIVOCloud para vigilancia 24\/7 (cargar manualmente el paquete VADP de VIVOCloud\u00a0\u00a0)<\/li>\n<\/ul>\n<p><img decoding=\"async\" class=\"overview-center-img-web\" src=\"https:\/\/tvc.mx\/media\/60723\/Blanco.png\" alt=\"\" \/><\/div>\n<\/div>\n<div class=\"row aling-items-center padding-bottom-2x\">\n<div class=\"col-lg-12\">\n<h5 class=\"card-title text-center\">Amplia cobertura<\/h5>\n<p class=\"ql-align-justify\">Las c\u00e1maras de red ojo de pez proporcionan vistas envolventes de 360\u00b0 en \u00e1reas abiertas. Una sola c\u00e1mara de red ojo de pez puede ofrecer cobertura de un \u00e1rea completa en vez de solo una regi\u00f3n de ese mismo lugar. Al usar una c\u00e1mara de red ojo de pez de 360\u00b0, la cantidad de c\u00e1maras necesarias para la seguridad se puede reducir enormemente.<\/p>\n<p><img decoding=\"async\" class=\"overview-center-img-\" src=\"https:\/\/tvc.mx\/media\/3297\/Ahorro-de-equipos.png\" alt=\"\" \/><\/div>\n<\/div>\n<div class=\"row aling-items-center padding-bottom-2x\">\n<div class=\"col-lg-12\">\n<h5 class=\"card-title text-center\">Flexibilidad en modos de vista para el monitoreo<\/h5>\n<p>VIVOTEK est\u00e1 firmemente comprometido con el desarrollo de c\u00e1maras de red fisheye excelentes, que ofrecen una visi\u00f3n panor\u00e1mica de 180\u00b0 (montura a pared) o visi\u00f3n envolvente de 360\u00b0 (montura a techo), con una amplia gama de resoluciones de megapixel, carcasas y funciones de valor agregado para satisfacer las necesidades de una amplia gama de aplicaciones. Con el mejor algoritmo de dewarping en vigilancia IP, las c\u00e1maras fisheye VIVOTEK permiten a los usuarios hacer pan\/tilt\/zoom digitalmente el video archivado de 360, proporcionando una manera simple y \u00fanica de ver mas de la vigilancia. Esto proporciona una gran ventaja de monitoreo para los mercados verticales, como Retail, Educaci\u00f3n, Transporte y mucho m\u00e1s.<\/p>\n<p><img decoding=\"async\" class=\"overview-center-img-\" src=\"https:\/\/tvc.mx\/media\/3300\/Modos-de-vistas.jpg\" alt=\"\" \/><\/div>\n<\/div>\n<div class=\"row aling-items-center padding-bottom-2x\">\n<div class=\"col-lg-12\">\n<h5 class=\"card-title text-center\">WDR PRO<\/h5>\n<p>La tecnolog\u00eda de rango din\u00e1mico amplio (WDR) mejora la calidad de imagen de una c\u00e1mara en condiciones de iluminaci\u00f3n de alto contraste donde tanto las \u00e1reas con poca luz como las brillantes est\u00e1n presentes en el campo de visi\u00f3n. Le permite a la c\u00e1mara capturar detalles claramente en las \u00e1reas poco iluminadas y fuertemente iluminadas del video.<\/p>\n<p><img decoding=\"async\" class=\"overview-center-img-web\" src=\"https:\/\/tvc.mx\/media\/60747\/WDR.jpg\" alt=\"\" \/><\/div>\n<\/div>\n<div class=\"row aling-items-center padding-bottom-2x\">\n<div class=\"col-lg-12\">\n<h5 class=\"card-title text-center\">C\u00f3dec h.265 + Smart Stream III, alta compresi\u00f3n de video<\/h5>\n<p>El modelo SD9374-EHL cuenta con la tecnolog\u00eda Smart Stream III de VIVOTEK y el el nuevo c\u00f3dec de compresi\u00f3n H.265.\u00a0Es capaz de reducir el consumo de ancho de banda al 90% ** mientras mantiene una calidad de imagen suprema.\u00a0Adem\u00e1s, con VADP de VIVOTEK (Plataforma de desarrollo de aplicaciones VIVOTEK) que permite a los usuarios personalizar las aplicaciones para el n\u00famero cada vez mayor de escenarios de vigilancia diversificado en el mercado .<\/p>\n<p>** Dependiendo de las escenas<\/p>\n<p><img decoding=\"async\" class=\"overview-center-img-web\" src=\"https:\/\/tvc.mx\/media\/60753\/H.265.jpg\" alt=\"\" \/><\/div>\n<\/div>\n<div class=\"row aling-items-center padding-bottom-2x\">\n<div class=\"col-lg-12\">\n<h5 class=\"card-title text-center\">Compatible con VIVOCLOUD<\/h5>\n<p class=\"ql-align-justify\">La aplicaci\u00f3n gratuita VIVOCloud hace que la vigilancia sea ligera y port\u00e1til, asegurando una operaci\u00f3n eficiente.\u00a0La \u00faltima tecnolog\u00eda P2P hace que el acceso remoto sea a\u00fan m\u00e1s conveniente, simplemente escaneando el c\u00f3digo QR e instalando la aplicaci\u00f3n, los usuarios pueden ver transmisiones en vivo y reproducir clips grabados con la interfaz intuitiva en cualquier momento y en cualquier lugar.\u00a0Armados con la funci\u00f3n Push Notification, los usuarios recibir\u00e1n directamente un mensaje de alerta en su dispositivo m\u00f3vil Android \/ iOS y reproducir\u00e1n directamente el video para verificar cualquier actividad sospechosa.<\/p>\n<p><img decoding=\"async\" class=\"overview-center-img-web\" src=\"https:\/\/tvc.mx\/media\/60762\/vivocloud.png\" alt=\"\" \/><\/div>\n<\/div>\n<div class=\"row align-items-center padding-bottom-2x\">\n<div class=\"col-md-5 order-md-2\"><img decoding=\"async\" class=\"d-block m-auto img-thumbnail\" src=\"https:\/\/tvc.mx\/media\/680137\/incluye.PNG\" alt=\" \" \/><\/div>\n<div class=\"col-md-7 order-md-1 text-md-left text-center\">\n<h2>Incluye<\/h2>\n<p class=\"text-muted\">\n<p>C\u00e1mara de red IP FE9180-H<\/p>\n<p>Base de instalaci\u00f3n<\/p>\n<p>Gu\u00eda r\u00e1pida de instalaci\u00f3n<\/p>\n<p>Etiqueta de montaje<\/p>\n<p>Tornillos y taquetes<\/p>\n<p>&nbsp;<\/p>\n<\/div>\n<\/div>\n<hr class=\"padding-bottom-2x\" \/>\n<div class=\"row align-items-center padding-bottom-2x\">\n<div class=\"col-md-5 order-md-2\"><img decoding=\"async\" class=\"d-block m-auto img-thumbnail\" src=\"https:\/\/tvc.mx\/media\/680187\/especificaciones.PNG\" alt=\" \" \/><\/div>\n<div class=\"col-md-7 order-md-1 text-md-left text-center\">\n<h2>Especificaciones<\/h2>\n<p class=\"text-muted\">\n<p><strong>Sensor de imagen<\/strong>\u00a0CMOS progresivo 1\/2,7&#8243; en 2688&#215;1944<\/p>\n<p><strong>M\u00e1x. Resoluci\u00f3n<\/strong>\u00a01920&#215;1920<\/p>\n<p><strong>Tipo de lente<\/strong>\u00a0Fija focal<\/p>\n<p><strong>Longitud foca<\/strong>l f = 1.16 mm<\/p>\n<p><strong>Apertura<\/strong>\u00a0F2.25<\/p>\n<p><strong>Tipo de iris<\/strong>\u00a0Iris fijo<\/p>\n<p><strong>Campo de visi\u00f3n<\/strong>\u00a0180\u00b0 (Horizontal), 180\u00b0 (Vertical), 180\u00b0 (Diagonal)<\/p>\n<p><strong>Tiempo de obturaci\u00f3n<\/strong>\u00a01\/5 seg. a 1\/32,000 seg.<\/p>\n<p><strong>Tecnolog\u00eda WDR<\/strong>\u00a0WDR Pro<\/p>\n<p><strong>Iluminaci\u00f3n m\u00ednima<\/strong>\u00a00.25 lux @ F2.25 (Color), 50IRE, 0.13 lux @ F2.25 (Color), 30IRE<\/p>\n<\/div>\n<\/div>\n","protected":false},"excerpt":{"rendered":"<p>Informaci\u00f3n General Las c\u00e1maras de IP ojo de pez proporcionan vistas envolventes de 360\u00b0 en \u00e1reas abiertas.Una sola c\u00e1mara de red ojo de pez puede ofrecer cobertura de un \u00e1rea completa en vez de solo una regi\u00f3n de ese mismo lugar. Al usar una c\u00e1mara&hellip;<\/p>\n","protected":false},"featured_media":7371,"comment_status":"open","ping_status":"closed","template":"","meta":{"om_disable_all_campaigns":false,"_monsterinsights_skip_tracking":false,"_monsterinsights_sitenote_active":false,"_monsterinsights_sitenote_note":"","_monsterinsights_sitenote_category":0},"product_brand":[],"product_cat":[662],"product_tag":[613,611,612,616,615,610,614,617],"class_list":{"0":"post-7372","1":"product","2":"type-product","3":"status-publish","4":"has-post-thumbnail","6":"product_cat-fisheye-360-camaras-ip-vivotek-video-vigilancia","7":"product_tag-bosch","8":"product_tag-manhattan","9":"product_tag-saxxon","10":"product_tag-surveon","11":"product_tag-utepo","12":"product_tag-videovigilancia","13":"product_tag-vivotek","14":"product_tag-zteco","16":"first","17":"instock","18":"sale","19":"taxable","20":"shipping-taxable","21":"purchasable","22":"product-type-simple"},"aioseo_notices":[],"_links":{"self":[{"href":"https:\/\/tecsecmty.com\/index.php\/wp-json\/wp\/v2\/product\/7372","targetHints":{"allow":["GET"]}}],"collection":[{"href":"https:\/\/tecsecmty.com\/index.php\/wp-json\/wp\/v2\/product"}],"about":[{"href":"https:\/\/tecsecmty.com\/index.php\/wp-json\/wp\/v2\/types\/product"}],"replies":[{"embeddable":true,"href":"https:\/\/tecsecmty.com\/index.php\/wp-json\/wp\/v2\/comments?post=7372"}],"version-history":[{"count":0,"href":"https:\/\/tecsecmty.com\/index.php\/wp-json\/wp\/v2\/product\/7372\/revisions"}],"wp:featuredmedia":[{"embeddable":true,"href":"https:\/\/tecsecmty.com\/index.php\/wp-json\/wp\/v2\/media\/7371"}],"wp:attachment":[{"href":"https:\/\/tecsecmty.com\/index.php\/wp-json\/wp\/v2\/media?parent=7372"}],"wp:term":[{"taxonomy":"product_brand","embeddable":true,"href":"https:\/\/tecsecmty.com\/index.php\/wp-json\/wp\/v2\/product_brand?post=7372"},{"taxonomy":"product_cat","embeddable":true,"href":"https:\/\/tecsecmty.com\/index.php\/wp-json\/wp\/v2\/product_cat?post=7372"},{"taxonomy":"product_tag","embeddable":true,"href":"https:\/\/tecsecmty.com\/index.php\/wp-json\/wp\/v2\/product_tag?post=7372"}],"curies":[{"name":"wp","href":"https:\/\/api.w.org\/{rel}","templated":true}]}}