{"id":7382,"date":"2023-02-23T16:10:40","date_gmt":"2023-02-23T22:10:40","guid":{"rendered":"https:\/\/tecsecmty.com\/index.php\/producto\/vivotek-ib9387-lpr-camara-ip-bullet-exterior-para-lectura-de-matriculas-5-megapixeles-lente-varifocal-2-7-13-5mm-wdr-pro-snv-ir-50-mts-ip67-ik10-anpr-integrado-stopgo-hasta-30km-h-soporta\/"},"modified":"2023-03-22T23:24:45","modified_gmt":"2023-03-23T05:24:45","slug":"vivotek-ib9387-lpr-camara-ip-bullet-exterior-para-lectura-de-matriculas-5-megapixeles-lente-varifocal-2-7-13-5mm-wdr-pro-snv-ir-50-mts-ip67-ik10-anpr-integrado-stopgo-hasta-30km-h-soporta","status":"publish","type":"product","link":"https:\/\/tecsecmty.com\/index.php\/producto\/vivotek-ib9387-lpr-camara-ip-bullet-exterior-para-lectura-de-matriculas-5-megapixeles-lente-varifocal-2-7-13-5mm-wdr-pro-snv-ir-50-mts-ip67-ik10-anpr-integrado-stopgo-hasta-30km-h-soporta\/","title":{"rendered":"VIVOTEK IB9387-LPR &#8211; C\u00e1mara IP Bullet Exterior para Lectura de Matriculas\/ 5 Megapixeles \/Lente Varifocal 2.7-13.5mm\/ WDR PRO\/ SNV\/ IR 50 mts\/IP67\/ IK10\/ ANPR Integrado\/ Stop&amp;Go\/Hasta 30Km\/h\/ Soporta matriculas simult\u00e1neas de +70 Pa\u00edses"},"content":{"rendered":"<div class=\"row aling-items-center padding-bottom-2x\">\n<div class=\"col-lg-12\">\n<h5 class=\"card-title text-center\">Informaci\u00f3n general<\/h5>\n<p>El nuevo modelo de c\u00e1mara IB9387LPR de VIVOTEK es una c\u00e1mara con sistema LPR independiente, que presenta un software de reconocimiento de matr\u00edcula incorporado, as\u00ed como listas blancas y listas negras para la verificaci\u00f3n avanzada de matr\u00edculas.\u00a0Puede leer matriculas de varios pa\u00edses o estados al mismo tiempo, por ejemplo, M\u00e9xico, Singapur y Malasia;\u00a0Texas, Oklahoma y los estados vecinos.<\/p>\n<p><img decoding=\"async\" class=\"overview-center-img-web\" src=\"https:\/\/tvc.mx\/media\/27988\/banner.jpg\" alt=\"\" \/><\/div>\n<\/div>\n<div class=\"row aling-items-center padding-bottom-2x\">\n<div class=\"col-lg-12\">\n<h5 class=\"card-title text-center\">Principales caracter\u00edsticas<\/h5>\n<ul>\n<li>Aplicaci\u00f3n de control de acceso integrada basada en software LPR<\/li>\n<li>Salida Wiegand para aplicaciones de control de acceso<\/li>\n<li>Amplia lista de pa\u00edses admitidos<\/li>\n<li>Listas blancas y negras para la verificaci\u00f3n de matr\u00edculas<\/li>\n<li>Gesti\u00f3n centralizada de listas en una sola c\u00e1mara<\/li>\n<li>Diversas API disponibles para integraci\u00f3n de terceros<\/li>\n<li>Admite el reconocimiento de identificaci\u00f3n de peligro<\/li>\n<li>Trend Micro IoT Security<\/li>\n<li>Resistente a la intemperie IP66, IP67 y a prueba de vandalismo IK10 Carcasa<\/li>\n<li>Compatible con tarjetas de memoria microSD\/SDHC\/SDXC 16GB \/ 8GB \/ 32GB \/ 64GB<\/li>\n<\/ul>\n<p><img decoding=\"async\" class=\"overview-center-img-web\" src=\"https:\/\/tvc.mx\/media\/27989\/principales_caract.jpg\" alt=\"\" \/><\/div>\n<\/div>\n<div class=\"row aling-items-center padding-bottom-2x\">\n<div class=\"col-lg-12\">\n<h5 class=\"card-title text-center\">Aplicaciones reales<\/h5>\n<p>El nuevo modelo IB9387LPR convierte la lectura de placas de matr\u00edcula en se\u00f1ales Wiegand para usar con un sistema de control de accesos, y tambi\u00e9n ofrece varias API para la integraci\u00f3n con sistemas de terceros, como la gesti\u00f3n de estacionamiento, el cobro de peajes y los sistemas de puente de pesaje.\u00a0El sistema se aplica idealmente para el control de acceso para estacionamiento y los sistemas de cobro de peaje Stop &amp; Go.<\/p>\n<p><img decoding=\"async\" class=\"overview-center-img-web\" src=\"https:\/\/tvc.mx\/media\/28035\/aplicaciones.jpg\" alt=\"\" \/><\/div>\n<\/div>\n<div class=\"row aling-items-center padding-bottom-2x\">\n<div class=\"col-lg-12\">\n<h5 class=\"card-title text-center\">Compatible con escenarios simples y complejos<\/h5>\n<p>El nuevo modelo de c\u00e1mara IB9387LPR puede funcionar como una aplicaci\u00f3n de control de acceso integrada basada en el software LPR.\u00a0Puede activar un dispositivo de salida digital en esta c\u00e1mara cuando se reconoce una matr\u00edcula y coincide con los datos en la lista, como la lista blanca.\u00a0Esta c\u00e1mara IB9387LPR puede convertir placas de matr\u00edcula en se\u00f1ales Wiegand para trabajar con el sistema de control de acceso.<\/p>\n<p>* El convertidor Wiegand estar\u00e1 disponible pronto.<\/p>\n<p><img decoding=\"async\" class=\"overview-center-img-web\" src=\"https:\/\/tvc.mx\/media\/27993\/escenario.jpg\" alt=\"\" \/><\/div>\n<\/div>\n<div class=\"row aling-items-center padding-bottom-2x\">\n<div class=\"col-lg-12\">\n<h5 class=\"card-title text-center\">Gesti\u00f3n de listas para la verificaci\u00f3n de matr\u00edculas<\/h5>\n<p>Los usuarios pueden gestionar las listas de matr\u00edculas para diversos fines, como una lista blanca que activa un mensaje de bienvenida, una lista negra que activa una alarma y una lista de todas las placas para la gesti\u00f3n del control de acceso.\u00a0Se admiten varias listas, sin l\u00edmite en el n\u00famero de placas admitidas.<\/p>\n<p><img decoding=\"async\" class=\"overview-center-img-web\" src=\"https:\/\/tvc.mx\/media\/27994\/gestion-de-listas.jpg\" alt=\"\" \/><\/div>\n<\/div>\n<div class=\"row aling-items-center padding-bottom-2x\">\n<div class=\"col-lg-12\">\n<h5 class=\"card-title text-center\">Se integra f\u00e1cilmente con sistemas de terceros<\/h5>\n<p>El nuevo modelo de c\u00e1mara IB9387LPR puede exportar todos los resultados de reconocimiento de matr\u00edculas y los eventos LPR relacionados.\u00a0Se puede integrar f\u00e1cilmente con sistemas de terceros, como sistemas de gesti\u00f3n de estacionamiento, sistemas de cobro de peaje o sistemas de gesti\u00f3n de plataformas de pesaje, mediante el env\u00edo de mensajes XML o JSON.<\/p>\n<p><img decoding=\"async\" class=\"overview-center-img-web\" src=\"https:\/\/tvc.mx\/media\/27997\/integracion.jpg\" alt=\"\" \/><\/div>\n<\/div>\n<div class=\"row aling-items-center padding-bottom-2x\">\n<div class=\"col-lg-12\">\n<h5 class=\"card-title text-center\">Instalaci\u00f3n sugerida<\/h5>\n<p>El sistema se aplica idealmente para el control de acceso al estacionamiento y los sistemas de cobro de peaje Stop &amp; Go.<\/p>\n<p><img decoding=\"async\" class=\"overview-center-img-web\" src=\"https:\/\/tvc.mx\/media\/28000\/instalacion_recomendada.jpg\" alt=\"\" \/><\/div>\n<\/div>\n<div class=\"row aling-items-center padding-bottom-2x\">\n<div class=\"col-lg-12\">\n<h5 class=\"card-title text-center\">Regiones compatibles con LPR Analytics<\/h5>\n<p>Las regiones compatibles, permiten el reconocimiento de las matriculas vehicular con el sistema LPR analytics<\/p>\n<p><img decoding=\"async\" class=\"overview-center-img-web\" src=\"https:\/\/tvc.mx\/media\/28010\/regiones.jpg\" alt=\"\" \/><\/div>\n<\/div>\n<div class=\"row aling-items-center padding-bottom-2x\">\n<div class=\"col-lg-12\">\n<h5 class=\"card-title text-center\">Soportes de montaje compatibles con IB9387LPR<\/h5>\n<p>El modelo de c\u00e1mara IB9387LPR permite instalarse en esquinas, en postes y en estructuras planas (tipo pared) haciendo uso de de los soportes de montaje de la marca VIVOTEK disponibles.<\/p>\n<p><strong>Nota:<\/strong>\u00a0No incluye accesorios de montaje.<\/p>\n<p><img decoding=\"async\" class=\"overview-center-img-web\" src=\"https:\/\/tvc.mx\/media\/28015\/soportes.jpg\" alt=\"\" \/><\/div>\n<\/div>\n<div class=\"row aling-items-center padding-bottom-2x\">\n<div class=\"col-lg-12\">\n<h5 class=\"card-title text-center\">H.265 + Smart Stream III, ancho de banda ultra bajo<\/h5>\n<p class=\"ql-align-justify\">El nuevo modelo IB9387LPR cuenta con la tecnolog\u00eda Smart Stream III de VIVOTEK y el el nuevo c\u00f3dec de compresi\u00f3n H.265.\u00a0Es capaz de reducir el consumo de ancho de banda al 90% ** mientras mantiene una calidad de imagen suprema.\u00a0Adem\u00e1s, con VADP de VIVOTEK (Plataforma de desarrollo de aplicaciones VIVOTEK) que permite a los usuarios personalizar las aplicaciones para el n\u00famero cada vez mayor de escenarios de vigilancia diversificado en el mercado .<\/p>\n<p class=\"ql-align-justify\">** Dependiendo de las escenas<\/p>\n<p><img decoding=\"async\" class=\"overview-center-img-web\" src=\"https:\/\/tvc.mx\/media\/27990\/comparacion_h265_h264_smart_stream.jpg\" alt=\"\" \/><\/div>\n<\/div>\n<div class=\"row aling-items-center padding-bottom-2x\">\n<div class=\"col-lg-12\">\n<h5 class=\"card-title text-center\">Secuencias de video de Amazon Kinesis<\/h5>\n<p class=\"ql-align-justify\">Amazon Kinesis Video Streams facilita la transmisi\u00f3n segura de video desde dispositivos conectados a AWS para an\u00e1lisis, aprendizaje autom\u00e1tico (ML), reproducci\u00f3n y otros procesos.\u00a0Kinesis Video Streams aprovisiona autom\u00e1ticamente y escala de manera flexible toda la infraestructura necesaria para admitir la transmisi\u00f3n de video desde millones de dispositivos.\u00a0Tambi\u00e9n almacena, encripta e indexa de manera duradera los datos de video en sus transmisiones y le permite acceder a sus datos a trav\u00e9s de API f\u00e1ciles de usar.\u00a0Kinesis Video Streams le permite reproducir video para visualizaci\u00f3n en vivo y bajo demanda, y crear r\u00e1pidamente aplicaciones que aprovechan la visi\u00f3n por computadora y el an\u00e1lisis de video a trav\u00e9s de la integraci\u00f3n con Amazon Recognition Video y librerias para\u00a0frameworks\u00a0de ML como Apache MxNet, TensorFlow y OpenCV .<\/p>\n<p class=\"ql-align-justify\">Para comenzar, cree una transmisi\u00f3n de video de Kinesis con unos pocos clics desde la\u00a0\u00a0<a href=\"https:\/\/console.aws.amazon.com\/kinesisvideo\/home?region=us-east-1\" target=\"_blank\" rel=\"noopener\">consola de administraci\u00f3n de AWS<\/a>\u00a0.\u00a0Luego puede instalar el SDK de Kinesis Video Streams en sus dispositivos y comenzar a transmitir video a AWS para su reproducci\u00f3n, almacenamiento y an\u00e1lisis.\u00a0Con Kinesis Video Streams, solo paga por lo que usa.\u00a0No hay compromisos iniciales ni tarifas m\u00ednimas.<\/p>\n<ul>\n<li class=\"ql-align-justify\">Nota: EL servicio AWS se adquiere por serparado<\/li>\n<\/ul>\n<p><img decoding=\"async\" class=\"overview-center-img-web\" src=\"https:\/\/tvc.mx\/media\/27991\/aws.jpg\" alt=\"\" \/><\/div>\n<\/div>\n<div class=\"row aling-items-center padding-bottom-2x\">\n<div class=\"col-lg-12\">\n<h5 class=\"card-title text-center\">Trend Micro IoT Security para ciberseguridad<\/h5>\n<p class=\"ql-align-justify\">Los ciberataques son parte del ambiente actual de los dispositivos inform\u00e1ticos de red.\u00a0Debido a esta realidad, VIVOTEK avanza con las mejores pr\u00e1cticas de la industria para reducir las vulnerabilidades de seguridad en nuestros productos.<\/p>\n<p class=\"ql-align-justify\">El tiempo la licencia de ciberseguridad de VIVOTEK corresponden al tiempo de garantia de sus productos, incluidos el desarrollo, la verificaci\u00f3n, la fabricaci\u00f3n, la entrega y el servicio.\u00a0Estamos constantemente evaluando y mejorando nuestros esfuerzos de seguridad cibern\u00e9tica para proporcionar a nuestros valiosos clientes la m\u00e1s alta calidad y los productos m\u00e1s confiables.\u00a0Aunque VIVOTEK no puede proteger los protocolos y servicios de red estandarizados de los ataques cibern\u00e9ticos, estamos comprometidos a ayudar a minimizar y detener la ocurrencia de tales eventos en los productos VIVOTEK.<\/p>\n<p><img decoding=\"async\" class=\"overview-center-img-web\" src=\"https:\/\/tvc.mx\/media\/27992\/security_malware.jpg\" alt=\"\" \/><\/div>\n<\/div>\n","protected":false},"excerpt":{"rendered":"<p>Informaci\u00f3n general El nuevo modelo de c\u00e1mara IB9387LPR de VIVOTEK es una c\u00e1mara con sistema LPR independiente, que presenta un software de reconocimiento de matr\u00edcula incorporado, as\u00ed como listas blancas y listas negras para la verificaci\u00f3n avanzada de matr\u00edculas.\u00a0Puede leer matriculas de varios pa\u00edses o&hellip;<\/p>\n","protected":false},"featured_media":7381,"comment_status":"open","ping_status":"closed","template":"","meta":{"om_disable_all_campaigns":false,"_monsterinsights_skip_tracking":false,"_monsterinsights_sitenote_active":false,"_monsterinsights_sitenote_note":"","_monsterinsights_sitenote_category":0},"product_brand":[],"product_cat":[663],"product_tag":[613,611,612,616,615,610,614,617],"class_list":{"0":"post-7382","1":"product","2":"type-product","3":"status-publish","4":"has-post-thumbnail","6":"product_cat-lpr-camaras-ip-vivotek-video-vigilancia","7":"product_tag-bosch","8":"product_tag-manhattan","9":"product_tag-saxxon","10":"product_tag-surveon","11":"product_tag-utepo","12":"product_tag-videovigilancia","13":"product_tag-vivotek","14":"product_tag-zteco","16":"first","17":"instock","18":"sale","19":"taxable","20":"shipping-taxable","21":"purchasable","22":"product-type-simple"},"aioseo_notices":[],"_links":{"self":[{"href":"https:\/\/tecsecmty.com\/index.php\/wp-json\/wp\/v2\/product\/7382","targetHints":{"allow":["GET"]}}],"collection":[{"href":"https:\/\/tecsecmty.com\/index.php\/wp-json\/wp\/v2\/product"}],"about":[{"href":"https:\/\/tecsecmty.com\/index.php\/wp-json\/wp\/v2\/types\/product"}],"replies":[{"embeddable":true,"href":"https:\/\/tecsecmty.com\/index.php\/wp-json\/wp\/v2\/comments?post=7382"}],"version-history":[{"count":0,"href":"https:\/\/tecsecmty.com\/index.php\/wp-json\/wp\/v2\/product\/7382\/revisions"}],"wp:featuredmedia":[{"embeddable":true,"href":"https:\/\/tecsecmty.com\/index.php\/wp-json\/wp\/v2\/media\/7381"}],"wp:attachment":[{"href":"https:\/\/tecsecmty.com\/index.php\/wp-json\/wp\/v2\/media?parent=7382"}],"wp:term":[{"taxonomy":"product_brand","embeddable":true,"href":"https:\/\/tecsecmty.com\/index.php\/wp-json\/wp\/v2\/product_brand?post=7382"},{"taxonomy":"product_cat","embeddable":true,"href":"https:\/\/tecsecmty.com\/index.php\/wp-json\/wp\/v2\/product_cat?post=7382"},{"taxonomy":"product_tag","embeddable":true,"href":"https:\/\/tecsecmty.com\/index.php\/wp-json\/wp\/v2\/product_tag?post=7382"}],"curies":[{"name":"wp","href":"https:\/\/api.w.org\/{rel}","templated":true}]}}